{"id":20282,"date":"2024-03-06T06:29:03","date_gmt":"2024-03-06T14:29:03","guid":{"rendered":"https:\/\/plg-pllc.com\/?page_id=20282"},"modified":"2025-12-15T07:02:06","modified_gmt":"2025-12-15T15:02:06","slug":"kirkland-personal-injury-lawyer","status":"publish","type":"page","link":"https:\/\/plg-pllc.com\/es\/kirkland\/personal-injury-lawyer\/","title":{"rendered":"Abogado de lesiones personales en Kirkland"},"content":{"rendered":"<p><span style=\"font-weight: 400;\">Si sufri\u00f3 lesiones por la negligencia de otra persona, nuestros abogados de lesiones personales en Kirkland pueden ayudarle a obtener la m\u00e1xima indemnizaci\u00f3n. Ya sea que haya sufrido lesiones en un accidente automovil\u00edstico o en un incidente laboral, su abogado puede ayudarle a obtener la indemnizaci\u00f3n que necesita para una vida mejor.<\/span><\/p>\n<p><span style=\"font-weight: 400;\">Premier Law Group ofrece representaci\u00f3n legal de calidad. Nuestro equipo cuenta con m\u00e1s de... <\/span><b>55 a\u00f1os de experiencia jur\u00eddica combinada<\/b><span style=\"font-weight: 400;\"> Defendiendo a las v\u00edctimas de accidentes. Hemos recuperado m\u00e1s de 100 millones de d\u00f3lares y seguimos ganando casos importantes. Llame hoy para una revisi\u00f3n gratuita de su caso.<\/span><\/p>\n<h2>\u00bfVale la pena contratar a un abogado de lesiones personales en Kirkland?<\/h2>\n<p><span style=\"font-weight: 400;\">Trabajar con nuestros abogados puede marcar una diferencia significativa en su proceso de recuperaci\u00f3n. Queremos aliviar las cargas legales que enfrenta y ayudarle a recibir una indemnizaci\u00f3n justa.<\/span><\/p>\n<p><span style=\"font-weight: 400;\">Nuestros abogados de lesiones personales de Kirkland ofrecen:<\/span><\/p>\n<ul>\n<li style=\"font-weight: 400;\" aria-level=\"1\"><span style=\"font-weight: 400;\">Actualizaciones peri\u00f3dicas sobre el estado de su caso<\/span><\/li>\n<li style=\"font-weight: 400;\" aria-level=\"1\"><span style=\"font-weight: 400;\">Representaci\u00f3n compasiva<\/span><\/li>\n<li style=\"font-weight: 400;\" aria-level=\"1\"><span style=\"font-weight: 400;\">Recopilaci\u00f3n y an\u00e1lisis exhaustivos de pruebas para construir un caso s\u00f3lido<\/span><\/li>\n<li style=\"font-weight: 400;\" aria-level=\"1\"><span style=\"font-weight: 400;\">Entrevistas con testigos para respaldar su afirmaci\u00f3n<\/span><\/li>\n<li style=\"font-weight: 400;\" aria-level=\"1\"><span style=\"font-weight: 400;\">Gesti\u00f3n especializada de casos desde la consulta inicial hasta la resoluci\u00f3n.<\/span><\/li>\n<li style=\"font-weight: 400;\" aria-level=\"1\"><span style=\"font-weight: 400;\">Representaci\u00f3n judicial, si es necesario<\/span><\/li>\n<\/ul>\n<p><span style=\"font-weight: 400;\">Desde el principio, le explicamos sus derechos, describimos el proceso legal y le mantenemos informado sobre cualquier novedad. Respondemos a sus preguntas, atendemos sus inquietudes y le ofrecemos asesoramiento honesto para que siempre sepa qu\u00e9 esperar.<\/span><\/p>\n<p><span style=\"font-weight: 400;\">Ya sea negociando con compa\u00f1\u00edas de seguros o prepar\u00e1ndose para un juicio, nos aseguramos de que comprenda cada etapa de su caso. Nos encargamos del trabajo legal para que usted pueda concentrarse en su recuperaci\u00f3n. Al trabajar con nuestro bufete, puede estar tranquilo sabiendo que su caso est\u00e1 en manos expertas.<\/span><\/p>\n<h2>Tipos de casos de lesiones personales que manejamos<\/h2>\n<p><span style=\"font-weight: 400;\">Como abogados con amplia experiencia, sabemos que muchos tipos de accidentes pueden dar lugar a una reclamaci\u00f3n v\u00e1lida por lesiones personales. A lo largo de los a\u00f1os, hemos gestionado diversos tipos de casos y desarrollado una estrategia legal din\u00e1mica. Escuchamos atentamente su caso y creamos un enfoque personalizado para ayudarle.<\/span><\/p>\n<p><span style=\"font-weight: 400;\">Nuestro equipo de abogados de lesiones personales de Kirkland incluye:<\/span><\/p>\n<ul>\n<li style=\"font-weight: 400;\" aria-level=\"1\"><a href=\"https:\/\/plg-pllc.com\/kirkland\/car-accident-lawyer\/\"><b>Abogados de accidentes automovil\u00edsticos en Kirkland<\/b><\/a><span style=\"font-weight: 400;\">Los accidentes automovil\u00edsticos pueden causar lesiones graves, costosas facturas m\u00e9dicas y disputas con las aseguradoras. Un abogado especializado en accidentes automovil\u00edsticos en Kirkland le ayudar\u00e1 con el proceso legal tras sufrir lesiones en un accidente.<\/span><\/li>\n<li style=\"font-weight: 400;\" aria-level=\"1\"><a href=\"https:\/\/plg-pllc.com\/kirkland\/truck-accident-lawyer\/\"><b>Abogados de accidentes de camiones en Kirkland<\/b><\/a><span style=\"font-weight: 400;\">Las compa\u00f1\u00edas de camiones y sus aseguradoras cuentan con equipos de abogados que trabajan para minimizar los pagos. Para inclinar la balanza a su favor, contrate a nuestro abogado especializado en accidentes de cami\u00f3n.<\/span><\/li>\n<li style=\"font-weight: 400;\" aria-level=\"1\"><a href=\"https:\/\/plg-pllc.com\/kirkland\/motorcycle-accident-lawyer\/\"><b>Abogados de accidentes de motocicleta en Kirkland<\/b><\/a><span style=\"font-weight: 400;\">El prejuicio contra los motociclistas es un problema com\u00fan, ya que se asume que son imprudentes o irresponsables. Nuestros abogados se asegurar\u00e1n de que reciba un trato justo durante todo el proceso legal.<\/span><\/li>\n<li style=\"font-weight: 400;\" aria-level=\"1\"><a href=\"https:\/\/plg-pllc.com\/kirkland\/bicycle-accident-lawyer\/\"><b>Abogados de accidentes de bicicleta en Kirkland<\/b><\/a><span style=\"font-weight: 400;\">Entendemos los desaf\u00edos \u00fanicos que enfrentan los ciclistas, como compartir la carretera con veh\u00edculos m\u00e1s grandes y la posibilidad de sufrir lesiones graves en caso de accidentes.<\/span><\/li>\n<li style=\"font-weight: 400;\" aria-level=\"1\"><a href=\"https:\/\/plg-pllc.com\/kirkland\/wrongful-death-lawyer\/\"><b>Abogados de muerte por negligencia en Kirkland<\/b><\/a><span style=\"font-weight: 400;\">Nuestro equipo ofrece apoyo legal compasivo a las familias en duelo por la p\u00e9rdida de un ser querido en un accidente fatal. Podemos ayudarle a obtener una indemnizaci\u00f3n por homicidio culposo.<\/span><\/li>\n<li style=\"font-weight: 400;\" aria-level=\"1\"><a href=\"https:\/\/plg-pllc.com\/kirkland\/pedestrian-accident-lawyer\/\"><b>Abogados de accidentes peatonales en Kirkland<\/b><\/a><span style=\"font-weight: 400;\">Nuestros abogados ayudan a personas lesionadas al caminar por la calle. Los peatones corren un mayor riesgo de sufrir lesiones graves o incluso la muerte en accidentes que involucran autom\u00f3viles, camiones u otros veh\u00edculos.<\/span><\/li>\n<\/ul>\n<p><span style=\"font-weight: 400;\">Incluso si se lesion\u00f3 en otras circunstancias, ll\u00e1menos; podemos ayudarle. Tambi\u00e9n podemos asistirle con reclamos por negligencia m\u00e9dica, accidentes de construcci\u00f3n y lesiones por responsabilidad civil. Al trabajar con nuestro equipo experimentado, aumenta las posibilidades de obtener un resultado exitoso en su caso.<\/span><\/p>\n<h2>Compensaci\u00f3n que puede recuperar despu\u00e9s de un accidente<\/h2>\n<p><span style=\"font-weight: 400;\">Si la negligencia de otra persona caus\u00f3 su accidente, tiene derecho a recuperar sus p\u00e9rdidas financieras. Nuestros abogados de lesiones personales en Kirkland investigar\u00e1n el incidente para determinar si tiene una reclamaci\u00f3n v\u00e1lida.<\/span><\/p>\n<p><span style=\"font-weight: 400;\">Los tipos de da\u00f1os econ\u00f3micos y no econ\u00f3micos que puede recibir incluyen:<\/span><\/p>\n<h3>Facturas m\u00e9dicas<\/h3>\n<p><span style=\"font-weight: 400;\">Puede recibir una compensaci\u00f3n para cubrir el costo de las estad\u00edas en el hospital, las visitas al m\u00e9dico, las cirug\u00edas, los medicamentos, la fisioterapia y cualquier otro tratamiento m\u00e9dico que necesite.<\/span><\/p>\n<p><span style=\"font-weight: 400;\">Si su lesi\u00f3n catastr\u00f3fica requiere tratamiento continuo, como rehabilitaci\u00f3n, cirug\u00edas de seguimiento o atenci\u00f3n a largo plazo, es posible que obtenga el dinero que necesita para pagar estos costos anticipados.<\/span><\/p>\n<h3>Da\u00f1os a la propiedad<\/h3>\n<p><span style=\"font-weight: 400;\">Si su veh\u00edculo o sus pertenencias personales sufrieron da\u00f1os en el accidente, puede solicitar un reembolso por reparaciones o reemplazo.<\/span><\/p>\n<h3>Salarios perdidos<\/h3>\n<p><span style=\"font-weight: 400;\">Si su lesi\u00f3n grave le impide trabajar, puede recuperar los ingresos perdidos durante su per\u00edodo de recuperaci\u00f3n. Adem\u00e1s, si su condici\u00f3n afecta su capacidad para trabajar en el futuro, podr\u00eda recibir una compensaci\u00f3n por la reducci\u00f3n de su capacidad de generar ingresos o por la imposibilidad de regresar a su trabajo anterior.<\/span><\/p>\n<h3>Dolor y sufrimiento<\/h3>\n<p><span style=\"font-weight: 400;\">Puede recibir una compensaci\u00f3n para cubrir el dolor f\u00edsico y el sufrimiento emocional que experimente como resultado del accidente.<\/span><\/p>\n<p><span style=\"font-weight: 400;\">Los tipos de da\u00f1os que reciba dependen de las particularidades de su caso. Calculamos los da\u00f1os futuros analizando su historial m\u00e9dico, consultando con expertos y evaluando c\u00f3mo su condici\u00f3n m\u00e9dica impacta su vida.<\/span><\/p>\n<p><span style=\"font-weight: 400;\">Trabajamos con m\u00e9dicos para comprender la atenci\u00f3n m\u00e9dica a largo plazo que podr\u00eda necesitar, incluyendo cirug\u00edas, fisioterapia y medicamentos. Nuestro equipo tambi\u00e9n colabora con profesionales financieros para calcular la p\u00e9rdida de ingresos potenciales si ya no puede trabajar.<\/span><\/p>\n\n        <div class=\"rs-content-cta long\">\n            <p>Para una consulta legal GRATUITA con un abogado de lesiones personales que preste servicios en Kirkland, llame al <a href=\"tel:+12062851743\">(206) 285-1743 <\/a><\/p>\n            <a href=\"https:\/\/plg-pllc.com\/es\/contact-us\/\" title=\"OBTENGA UNA EVALUACI\u00d3N DE CASO GRATUITA\" class=\"btn-global\">OBTENGA UNA EVALUACI\u00d3N DE CASO GRATUITA<\/a>\n                    <picture>\n                            <source srcset=\"https:\/\/plg-pllc.com\/wp-content\/themes\/plg-pllc-redesign\/assets\/app\/img\/cta-thumb.webp\" type=\"image\/webp\"\/>\n                            <img src=\"https:\/\/plg-pllc.com\/wp-content\/themes\/plg-pllc-redesign\/assets\/app\/img\/cta-thumb.png\" alt=\"Grupo de abogados Premier\" title=\"Grupo de abogados Premier\" width=\"245\" height=\"220\" loading=\"auto\" fetchpriority=\"auto\" decoding=\"async\"\/>\n        <\/picture>\n        \n        <\/div><h2>\u00bfCu\u00e1nta compensaci\u00f3n recibir\u00e1s?<\/h2>\n<p><span style=\"font-weight: 400;\">El valor de su reclamo por lesiones personales ser\u00e1 <\/span><b>var\u00edan seg\u00fan factores \u00fanicos<\/b><span style=\"font-weight: 400;\"> Como la gravedad de sus lesiones y su porcentaje de responsabilidad en el accidente. Necesitamos revisar cuidadosamente su situaci\u00f3n antes de poder darle una estimaci\u00f3n de la posible compensaci\u00f3n que podr\u00eda recibir.\u00a0<\/span><\/p>\n<h2>La compa\u00f1\u00eda de seguros no es tu amiga<\/h2>\n<p><span style=\"font-weight: 400;\">Despu\u00e9s de un accidente en Kirkland, usted podr\u00eda esperar que la compa\u00f1\u00eda de seguros lo ayude, pero <\/span><b>Su objetivo es pagar lo menos posible en su reclamo<\/b><span style=\"font-weight: 400;\">Los ajustadores de seguros pueden actuar de manera amigable y preocupada, pero trabajan para la compa\u00f1\u00eda, no para usted.<\/span><\/p>\n<p><span style=\"font-weight: 400;\">Los ajustadores a menudo utilizan t\u00e1cticas para reducir o negar su pago, como:<\/span><\/p>\n<ul>\n<li style=\"font-weight: 400;\" aria-level=\"1\"><span style=\"font-weight: 400;\">Cuestionar la gravedad de sus lesiones<\/span><\/li>\n<li style=\"font-weight: 400;\" aria-level=\"1\"><span style=\"font-weight: 400;\">Culp\u00e1ndote por el accidente<\/span><\/li>\n<li style=\"font-weight: 400;\" aria-level=\"1\"><span style=\"font-weight: 400;\">Presionarlo para que acepte un acuerdo r\u00e1pido y bajo<\/span><\/li>\n<li style=\"font-weight: 400;\" aria-level=\"1\"><span style=\"font-weight: 400;\">Minimizar los efectos a largo plazo de su condici\u00f3n m\u00e9dica<\/span><\/li>\n<li style=\"font-weight: 400;\" aria-level=\"1\"><span style=\"font-weight: 400;\">Utilizando declaraciones grabadas en su contra<\/span><\/li>\n<li style=\"font-weight: 400;\" aria-level=\"1\"><span style=\"font-weight: 400;\">Ofrecer un acuerdo inicial bajo para cerrar el caso r\u00e1pidamente<\/span><\/li>\n<li style=\"font-weight: 400;\" aria-level=\"1\"><span style=\"font-weight: 400;\">Intentar llegar a un acuerdo antes de comprender completamente el alcance de sus lesiones<\/span><\/li>\n<\/ul>\n<p><span style=\"font-weight: 400;\">Evite dar declaraciones grabadas o firmar nada sin asesoramiento legal. Una vez que acepte un acuerdo por lesiones personales, generalmente no podr\u00e1 solicitar m\u00e1s dinero posteriormente, incluso si sus gastos aumentan.<\/span><\/p>\n<p><span style=\"font-weight: 400;\">En Premier Law Group, comprendemos estas t\u00e1cticas y sabemos c\u00f3mo defendernos. Nos encargamos de toda la comunicaci\u00f3n con la compa\u00f1\u00eda de seguros, protegemos sus derechos y negociamos un acuerdo justo. Perm\u00edtanos gestionar su reclamaci\u00f3n de seguro mientras usted se concentra en su recuperaci\u00f3n.<\/span><\/p>\n<h2>El estado de Washington tiene un plazo de prescripci\u00f3n para demandas por lesiones personales<\/h2>\n<p><span style=\"font-weight: 400;\">Si se lesion\u00f3 en Washington, tiene un plazo limitado para presentar una demanda. El estado aplica un plazo de prescripci\u00f3n de tres a\u00f1os para la mayor\u00eda de los casos de lesiones personales, seg\u00fan...<\/span> <a href=\"https:\/\/app.leg.wa.gov\/rcw\/default.aspx?cite=4.16.080\" target=\"_blank\" rel=\"noopener\"><span style=\"font-weight: 400;\">C\u00f3digo Rev. de Washington \u00a7 4.16.080(2)<\/span><\/a><span style=\"font-weight: 400;\">.<\/span><\/p>\n<p><span style=\"font-weight: 400;\">Debe emprender acciones legales contra la parte responsable dentro de <\/span><b>tres a\u00f1os<\/b><span style=\"font-weight: 400;\">, o podr\u00eda perder su derecho a solicitar una compensaci\u00f3n econ\u00f3mica. Incumplir este plazo podr\u00eda significar perder la oportunidad de obtener una indemnizaci\u00f3n por da\u00f1os y perjuicios. Sin embargo, pueden aplicarse algunas excepciones, como en casos de menores.<\/span><\/p>\n<p><span style=\"font-weight: 400;\">Para proteger sus derechos, hable con nuestros abogados lo antes posible. Podemos revisar su caso, centrarnos en cumplir con todos los plazos y ayudarle a obtener la indemnizaci\u00f3n que merece.<\/span><\/p>\n<h2>Llame hoy a nuestros abogados con experiencia en lesiones personales en Kirkland<\/h2>\n<p><span style=\"font-weight: 400;\">Las secuelas de un accidente no deber\u00edan eclipsar su vida en Kirkland. Deje que Premier Law Group se encargue de la carga legal por usted. Para obtener asistencia legal experta, contacte hoy mismo con nuestro bufete de abogados de lesiones personales para programar una revisi\u00f3n gratuita de su caso.<\/span><\/p>\n<p><span style=\"font-weight: 400;\">Nuestro equipo legal cuenta con <\/span><b>Amplia experiencia ayudando a v\u00edctimas de accidentes a reconstruir sus vidas.<\/b><span style=\"font-weight: 400;\">Defenderemos su derecho a una indemnizaci\u00f3n, permiti\u00e9ndole centrarse en su recuperaci\u00f3n y volver a la vida en Kirkland que tanto aprecia.<\/span><\/p>\n<p><span style=\"font-weight: 400;\">Podemos manejar su reclamo sobre la base de honorarios contingentes, por lo que solo pagar\u00e1 los honorarios legales despu\u00e9s de que resolvamos su caso.<\/span><\/p>\n\n        <div class=\"rs-content-cta\">\n            <p>Llamar o enviar mensaje de texto <a href=\"tel:+12062851743\">(206) 285-1743<\/a> o complete un formulario de evaluaci\u00f3n de caso gratuito<\/p>\n            <a href=\"https:\/\/plg-pllc.com\/es\/contact-us\/\" title=\"OBTENGA UNA EVALUACI\u00d3N DE CASO GRATUITA\" class=\"btn-global\">OBTENGA UNA EVALUACI\u00d3N DE CASO GRATUITA<\/a>\n                    <picture>\n                            <source srcset=\"https:\/\/plg-pllc.com\/wp-content\/themes\/plg-pllc-redesign\/assets\/app\/img\/cta-thumb.webp\" type=\"image\/webp\"\/>\n                            <img src=\"https:\/\/plg-pllc.com\/wp-content\/themes\/plg-pllc-redesign\/assets\/app\/img\/cta-thumb.png\" alt=\"Grupo de abogados Premier\" title=\"Grupo de abogados Premier\" width=\"245\" height=\"220\" loading=\"auto\" fetchpriority=\"auto\" decoding=\"async\"\/>\n        <\/picture>\n        \n        <\/div>","protected":false},"excerpt":{"rendered":"<p>Si sufri\u00f3 lesiones debido a la negligencia de otra persona, nuestros abogados de lesiones personales en Kirkland pueden ayudarle a obtener la m\u00e1xima compensaci\u00f3n. Ya sea que haya sufrido lesiones en un accidente automovil\u00edstico o en un incidente laboral, su abogado puede ayudarle a obtener la indemnizaci\u00f3n que necesita para una vida mejor. Premier Law Group ofrece representaci\u00f3n legal de calidad. Nuestro\u2026<\/p>","protected":false},"author":10,"featured_media":0,"parent":0,"menu_order":0,"comment_status":"closed","ping_status":"closed","template":"","meta":{"_acf_changed":false,"_genesis_hide_title":false,"_genesis_hide_breadcrumbs":false,"_genesis_hide_singular_image":false,"_genesis_hide_footer_widgets":false,"_genesis_custom_body_class":"","_genesis_custom_post_class":"","_genesis_layout":"","footnotes":""},"hc_faqs":[],"class_list":{"0":"post-20282","1":"page","2":"type-page","3":"status-publish","5":"hc_city_location-kirkland","6":"entry"},"acf":[],"yoast_head":"<!-- This site is optimized with the Yoast SEO plugin v27.4 - https:\/\/yoast.com\/product\/yoast-seo-wordpress\/ -->\n<title>Personal Injury Lawyer in Kirkland | Free Consult<\/title>\n<meta name=\"description\" content=\"You can get professional help after an accident by hiring a skilled and experienced Kirkland personal injury lawyer from our firm.\" \/>\n<meta name=\"robots\" content=\"index, follow, max-snippet:-1, max-image-preview:large, max-video-preview:-1\" \/>\n<link rel=\"canonical\" href=\"https:\/\/plg-pllc.com\/es\/kirkland\/personal-injury-lawyer\/\" \/>\n<meta property=\"og:locale\" content=\"es_MX\" \/>\n<meta property=\"og:type\" content=\"article\" \/>\n<meta property=\"og:title\" content=\"Personal Injury Lawyer in Kirkland | Free Consult\" \/>\n<meta property=\"og:description\" content=\"You can get professional help after an accident by hiring a skilled and experienced Kirkland personal injury lawyer from our firm.\" \/>\n<meta property=\"og:url\" content=\"https:\/\/plg-pllc.com\/es\/kirkland\/personal-injury-lawyer\/\" \/>\n<meta property=\"og:site_name\" content=\"Premier Law Group\" \/>\n<meta property=\"article:publisher\" content=\"https:\/\/www.facebook.com\/premierlawgroup\" \/>\n<meta property=\"article:modified_time\" content=\"2025-12-15T15:02:06+00:00\" \/>\n<meta name=\"twitter:card\" content=\"summary_large_image\" \/>\n<meta name=\"twitter:site\" content=\"@premierlawgroup\" \/>\n<meta name=\"twitter:label1\" content=\"Tiempo de lectura\" \/>\n\t<meta name=\"twitter:data1\" content=\"6 minutos\" \/>\n<script type=\"application\/ld+json\" class=\"yoast-schema-graph\">{\"@context\":\"https:\\\/\\\/schema.org\",\"@graph\":[{\"@type\":\"WebPage\",\"@id\":\"https:\\\/\\\/plg-pllc.com\\\/kirkland\\\/personal-injury-lawyer\\\/\",\"url\":\"https:\\\/\\\/plg-pllc.com\\\/kirkland\\\/personal-injury-lawyer\\\/\",\"name\":\"Personal Injury Lawyer in Kirkland | Free Consult\",\"isPartOf\":{\"@id\":\"https:\\\/\\\/plg-pllc.com\\\/#website\"},\"datePublished\":\"2024-03-06T14:29:03+00:00\",\"dateModified\":\"2025-12-15T15:02:06+00:00\",\"description\":\"You can get professional help after an accident by hiring a skilled and experienced Kirkland personal injury lawyer from our firm.\",\"breadcrumb\":{\"@id\":\"https:\\\/\\\/plg-pllc.com\\\/kirkland\\\/personal-injury-lawyer\\\/#breadcrumb\"},\"inLanguage\":\"es\",\"potentialAction\":[{\"@type\":\"ReadAction\",\"target\":[\"https:\\\/\\\/plg-pllc.com\\\/kirkland\\\/personal-injury-lawyer\\\/\"]}]},{\"@type\":\"BreadcrumbList\",\"@id\":\"https:\\\/\\\/plg-pllc.com\\\/kirkland\\\/personal-injury-lawyer\\\/#breadcrumb\",\"itemListElement\":[{\"@type\":\"ListItem\",\"position\":1,\"name\":\"Home\",\"item\":\"https:\\\/\\\/plg-pllc.com\\\/es\\\/\"},{\"@type\":\"ListItem\",\"position\":2,\"name\":\"Kirkland Personal Injury Lawyer\"}]},{\"@type\":\"WebSite\",\"@id\":\"https:\\\/\\\/plg-pllc.com\\\/#website\",\"url\":\"https:\\\/\\\/plg-pllc.com\\\/\",\"name\":\"Premier Law Group\",\"description\":\"Washington Wrongful Death and Serious Injury Lawyer\",\"publisher\":{\"@id\":\"https:\\\/\\\/plg-pllc.com\\\/#organization\"},\"inLanguage\":\"es\"},{\"@type\":\"Organization\",\"@id\":\"https:\\\/\\\/plg-pllc.com\\\/#organization\",\"name\":\"Premier Law Group\",\"url\":\"https:\\\/\\\/plg-pllc.com\\\/\",\"logo\":{\"@type\":\"ImageObject\",\"inLanguage\":\"es\",\"@id\":\"https:\\\/\\\/plg-pllc.com\\\/#\\\/schema\\\/logo\\\/image\\\/\",\"url\":\"https:\\\/\\\/plg-pllc.com\\\/wp-content\\\/uploads\\\/2020\\\/10\\\/plg-logo-v2.gif\",\"contentUrl\":\"https:\\\/\\\/plg-pllc.com\\\/wp-content\\\/uploads\\\/2020\\\/10\\\/plg-logo-v2.gif\",\"width\":592,\"height\":191,\"caption\":\"Premier Law Group\"},\"image\":{\"@id\":\"https:\\\/\\\/plg-pllc.com\\\/#\\\/schema\\\/logo\\\/image\\\/\"},\"sameAs\":[\"https:\\\/\\\/www.facebook.com\\\/premierlawgroup\",\"https:\\\/\\\/x.com\\\/premierlawgroup\"]}]}<\/script>\n<!-- \/ Yoast SEO plugin. -->","yoast_head_json":{"title":"Abogado de lesiones personales en Kirkland | Consulta gratuita","description":"Puede obtener ayuda profesional despu\u00e9s de un accidente contratando a un abogado de lesiones personales de Kirkland calificado y experimentado de nuestra firma.","robots":{"index":"index","follow":"follow","max-snippet":"max-snippet:-1","max-image-preview":"max-image-preview:large","max-video-preview":"max-video-preview:-1"},"canonical":"https:\/\/plg-pllc.com\/es\/kirkland\/personal-injury-lawyer\/","og_locale":"es_MX","og_type":"article","og_title":"Personal Injury Lawyer in Kirkland | Free Consult","og_description":"You can get professional help after an accident by hiring a skilled and experienced Kirkland personal injury lawyer from our firm.","og_url":"https:\/\/plg-pllc.com\/es\/kirkland\/personal-injury-lawyer\/","og_site_name":"Premier Law Group","article_publisher":"https:\/\/www.facebook.com\/premierlawgroup","article_modified_time":"2025-12-15T15:02:06+00:00","twitter_card":"summary_large_image","twitter_site":"@premierlawgroup","twitter_misc":{"Tiempo de lectura":"6 minutos"},"schema":{"@context":"https:\/\/schema.org","@graph":[{"@type":"WebPage","@id":"https:\/\/plg-pllc.com\/kirkland\/personal-injury-lawyer\/","url":"https:\/\/plg-pllc.com\/kirkland\/personal-injury-lawyer\/","name":"Abogado de lesiones personales en Kirkland | Consulta gratuita","isPartOf":{"@id":"https:\/\/plg-pllc.com\/#website"},"datePublished":"2024-03-06T14:29:03+00:00","dateModified":"2025-12-15T15:02:06+00:00","description":"Puede obtener ayuda profesional despu\u00e9s de un accidente contratando a un abogado de lesiones personales de Kirkland calificado y experimentado de nuestra firma.","breadcrumb":{"@id":"https:\/\/plg-pllc.com\/kirkland\/personal-injury-lawyer\/#breadcrumb"},"inLanguage":"es","potentialAction":[{"@type":"ReadAction","target":["https:\/\/plg-pllc.com\/kirkland\/personal-injury-lawyer\/"]}]},{"@type":"BreadcrumbList","@id":"https:\/\/plg-pllc.com\/kirkland\/personal-injury-lawyer\/#breadcrumb","itemListElement":[{"@type":"ListItem","position":1,"name":"Home","item":"https:\/\/plg-pllc.com\/es\/"},{"@type":"ListItem","position":2,"name":"Kirkland Personal Injury Lawyer"}]},{"@type":"WebSite","@id":"https:\/\/plg-pllc.com\/#website","url":"https:\/\/plg-pllc.com\/","name":"Grupo de abogados Premier","description":"Abogado de muerte por negligencia y lesiones graves en Washington","publisher":{"@id":"https:\/\/plg-pllc.com\/#organization"},"inLanguage":"es"},{"@type":"Organization","@id":"https:\/\/plg-pllc.com\/#organization","name":"Grupo de abogados Premier","url":"https:\/\/plg-pllc.com\/","logo":{"@type":"ImageObject","inLanguage":"es","@id":"https:\/\/plg-pllc.com\/#\/schema\/logo\/image\/","url":"https:\/\/plg-pllc.com\/wp-content\/uploads\/2020\/10\/plg-logo-v2.gif","contentUrl":"https:\/\/plg-pllc.com\/wp-content\/uploads\/2020\/10\/plg-logo-v2.gif","width":592,"height":191,"caption":"Premier Law Group"},"image":{"@id":"https:\/\/plg-pllc.com\/#\/schema\/logo\/image\/"},"sameAs":["https:\/\/www.facebook.com\/premierlawgroup","https:\/\/x.com\/premierlawgroup"]}]}},"_links":{"self":[{"href":"https:\/\/plg-pllc.com\/es\/wp-json\/wp\/v2\/pages\/20282","targetHints":{"allow":["GET"]}}],"collection":[{"href":"https:\/\/plg-pllc.com\/es\/wp-json\/wp\/v2\/pages"}],"about":[{"href":"https:\/\/plg-pllc.com\/es\/wp-json\/wp\/v2\/types\/page"}],"author":[{"embeddable":true,"href":"https:\/\/plg-pllc.com\/es\/wp-json\/wp\/v2\/users\/10"}],"replies":[{"embeddable":true,"href":"https:\/\/plg-pllc.com\/es\/wp-json\/wp\/v2\/comments?post=20282"}],"version-history":[{"count":0,"href":"https:\/\/plg-pllc.com\/es\/wp-json\/wp\/v2\/pages\/20282\/revisions"}],"wp:attachment":[{"href":"https:\/\/plg-pllc.com\/es\/wp-json\/wp\/v2\/media?parent=20282"}],"wp:term":[{"taxonomy":"hc_faqs","embeddable":true,"href":"https:\/\/plg-pllc.com\/es\/wp-json\/wp\/v2\/hc_faqs?post=20282"}],"curies":[{"name":"gracias","href":"https:\/\/api.w.org\/{rel}","templated":true}]}}