{"id":20283,"date":"2024-03-06T06:43:33","date_gmt":"2024-03-06T14:43:33","guid":{"rendered":"https:\/\/plg-pllc.com\/?page_id=20283"},"modified":"2024-10-14T21:55:30","modified_gmt":"2024-10-15T04:55:30","slug":"personal-injury-attorney-newcastle","status":"publish","type":"page","link":"https:\/\/plg-pllc.com\/es\/newcastle\/personal-injury-lawyer\/","title":{"rendered":"Abogado de lesiones personales en Newcastle"},"content":{"rendered":"<p>En el coraz\u00f3n del \u00e1rea metropolitana de Seattle se encuentra Newcastle, WA, una comunidad que combina con elegancia la serenidad de la vida suburbana con un rico tapiz hist\u00f3rico que se remonta a sus d\u00edas como una bulliciosa ciudad minera de carb\u00f3n. En la actualidad, como una tranquila zona residencial, Newcastle cuenta con paisajes pintorescos, un c\u00f3modo acceso a los servicios urbanos y una ubicaci\u00f3n estrat\u00e9gica cerca de Bellevue, Renton e Issaquah, lo que la convierte en un lugar ideal para quienes buscan un estilo de vida equilibrado. Esta mezcla de historia y desarrollo moderno encarna el esp\u00edritu de Newcastle y proporciona un tel\u00f3n de fondo para los servicios legales integrales que ofrece Premier Law Group a sus residentes.<\/p>\r\n\r\n\r\n\r\n<h2 id=\"h-why-newcastle-residents-trust-premier-law-group-for-personal-injury-cases\" class=\"wp-block-heading\"><strong>Por qu\u00e9 los residentes de Newcastle conf\u00edan en Premier Law Group para casos de lesiones personales<\/strong><\/h2>\r\n\r\n\r\n\r\n<ol class=\"wp-block-list\">\r\n<li><strong>Servicio al cliente inigualable:<\/strong> Premier Law Group se dedica a brindar un servicio excepcional, garantizar una comunicaci\u00f3n clara y r\u00e1pida y ofrecer orientaci\u00f3n en cada paso del camino. Nos esforzamos por lograr la satisfacci\u00f3n total del cliente, como se refleja en nuestras excelentes rese\u00f1as.<\/li>\r\n\r\n\r\n\r\n<li><strong>Apoyo genuino de personas reales:<\/strong> Nuestro equipo est\u00e1 formado por personas reales que se identifican con su situaci\u00f3n y est\u00e1n comprometidas a ayudarlo a comprender cada aspecto de su caso. Nos enorgullecemos de nuestra actitud accesible y comprensiva durante cada interacci\u00f3n.<\/li>\r\n\r\n\r\n\r\n<li><strong>Una empresa que se preocupa por la comunidad:<\/strong> Fieles al compromiso de Newcastle con el desarrollo y el bienestar de la comunidad, participamos activamente en diversas iniciativas destinadas a retribuir y proporcionar recursos valiosos a nuestros vecinos.<\/li>\r\n\r\n\r\n\r\n<li><strong>Experiencia especializada en derecho de lesiones personales:<\/strong> Nuestro historial habla mucho sobre nuestra capacidad para manejar una amplia gama de casos de lesiones personales, entregando resultados sobresalientes a trav\u00e9s de la negociaci\u00f3n y el litigio.<\/li>\r\n<\/ol>\r\n\r\n\r\n\r\n<h2 id=\"h-premier-law-group-s-practice-areas-for-newcastle\" class=\"wp-block-heading\"><strong>\u00c1reas de pr\u00e1ctica de Premier Law Group<\/strong> Para Newcastle<\/h2>\r\n\r\n\r\n\r\n<p>Nuestros abogados experimentados se especializan en el manejo de casos en varios dominios de lesiones personales, que incluyen, entre otros:<\/p>\r\n\r\n\r\n\r\n<ul class=\"wp-block-list\">\r\n<li>Accidentes de auto<\/li>\r\n\r\n\r\n\r\n<li>Accidentes de motocicleta<\/li>\r\n\r\n\r\n\r\n<li>Accidentes de camiones<\/li>\r\n\r\n\r\n\r\n<li>Accidentes de bicicletas y peatones<\/li>\r\n\r\n\r\n\r\n<li>Lesiones en ni\u00f1os<\/li>\r\n\r\n\r\n\r\n<li>Mordeduras de perros y ataques de animales<\/li>\r\n\r\n\r\n\r\n<li>Casos de muerte por negligencia<\/li>\r\n\r\n\r\n\r\n<li>Abuso y negligencia en hogares de ancianos<\/li>\r\n\r\n\r\n\r\n<li>Lesiones cerebrales y de la columna vertebral<\/li>\r\n\r\n\r\n\r\n<li>Lesiones en el lugar de trabajo<\/li>\r\n\r\n\r\n\r\n<li>Disputas sobre derecho laboral, incluida discriminaci\u00f3n, despido injustificado y cuestiones salariales.<\/li>\r\n\r\n\r\n\r\n<li>Casos de acoso sexual<\/li>\r\n<\/ul>\r\n\r\n\r\n\r\n<h2 id=\"h-our-triple-guarantee\" class=\"wp-block-heading\"><strong>Nuestra triple garant\u00eda<\/strong><\/h2>\r\n\r\n\r\n\r\n<p>Premier Law Group respalda nuestra exclusiva Triple Garant\u00eda, que ofrece a los residentes de Newcastle acceso directo a abogados, una experiencia de primera clase para el cliente y una Garant\u00eda de cero honorarios a menos que ganemos su caso. Este compromiso le asegura recibir una representaci\u00f3n legal de primer nivel sin costos iniciales.<\/p>\r\n\r\n\r\n\r\n\n        <div class=\"rs-content-cta long\">\n            <p>Para una consulta legal GRATUITA con un abogado de lesiones personales que preste servicios en Newcastle, llame al <a href=\"tel:+12062851743\">(206) 285-1743 <\/a><\/p>\n            <a href=\"https:\/\/plg-pllc.com\/es\/contact-us\/\" title=\"OBTENGA UNA EVALUACI\u00d3N DE CASO GRATUITA\" class=\"btn-global\">OBTENGA UNA EVALUACI\u00d3N DE CASO GRATUITA<\/a>\n                    <picture>\n                            <source srcset=\"https:\/\/plg-pllc.com\/wp-content\/themes\/plg-pllc-redesign\/assets\/app\/img\/cta-thumb.webp\" type=\"image\/webp\"\/>\n                            <img src=\"https:\/\/plg-pllc.com\/wp-content\/themes\/plg-pllc-redesign\/assets\/app\/img\/cta-thumb.png\" alt=\"Grupo de abogados Premier\" title=\"Grupo de abogados Premier\" width=\"245\" height=\"220\" loading=\"auto\" fetchpriority=\"auto\" decoding=\"async\"\/>\n        <\/picture>\n        \n        <\/div><h2 id=\"h-reach-out-to-premier-law-group-for-compassionate-legal-representation-in-newcastle\" class=\"wp-block-heading\"><strong>Comun\u00edquese con Premier Law Group para obtener una representaci\u00f3n legal compasiva en Newcastle<\/strong><\/h2>\r\n\r\n\r\n\r\n<p>Para los residentes de Newcastle que buscan asesoramiento legal despu\u00e9s de una lesi\u00f3n personal, Premier Law Group ofrece la experiencia, la atenci\u00f3n y la dedicaci\u00f3n que usted merece. Nuestros abogados est\u00e1n listos para apoyarlo en momentos dif\u00edciles, asegur\u00e1ndose de que obtenga la justicia y la compensaci\u00f3n a las que tiene derecho.<\/p>\r\n\r\n\r\n\r\n<p>Para explorar sus opciones legales y recibir asesoramiento personalizado, cont\u00e1ctenos al 206.880.7416 para una consulta inicial gratuita. Perm\u00edtanos mostrarle por qu\u00e9 se nos considera el bufete de abogados de lesiones personales m\u00e1s atento y agradable de Bellevue, ahora listo para servir a la comunidad de Newcastle con el mismo nivel de excelencia.<\/p>\r\n\n        <div class=\"rs-content-cta\">\n            <p>Llamar o enviar mensaje de texto <a href=\"tel:+12062851743\">(206) 285-1743<\/a> o complete un formulario de evaluaci\u00f3n de caso gratuito<\/p>\n            <a href=\"https:\/\/plg-pllc.com\/es\/contact-us\/\" title=\"OBTENGA UNA EVALUACI\u00d3N DE CASO GRATUITA\" class=\"btn-global\">OBTENGA UNA EVALUACI\u00d3N DE CASO GRATUITA<\/a>\n                    <picture>\n                            <source srcset=\"https:\/\/plg-pllc.com\/wp-content\/themes\/plg-pllc-redesign\/assets\/app\/img\/cta-thumb.webp\" type=\"image\/webp\"\/>\n                            <img src=\"https:\/\/plg-pllc.com\/wp-content\/themes\/plg-pllc-redesign\/assets\/app\/img\/cta-thumb.png\" alt=\"Grupo de abogados Premier\" title=\"Grupo de abogados Premier\" width=\"245\" height=\"220\" loading=\"auto\" fetchpriority=\"auto\" decoding=\"async\"\/>\n        <\/picture>\n        \n        <\/div>","protected":false},"excerpt":{"rendered":"<p>En el coraz\u00f3n del \u00e1rea metropolitana de Seattle se encuentra Newcastle, WA, una comunidad que combina con elegancia la serenidad de la vida suburbana con un rico tapiz hist\u00f3rico que se remonta a sus d\u00edas como una bulliciosa ciudad minera de carb\u00f3n. Hoy, como una tranquila zona residencial, Newcastle cuenta con paisajes pintorescos, un c\u00f3modo acceso a los servicios urbanos y una ubicaci\u00f3n estrat\u00e9gica\u2026<\/p>","protected":false},"author":10,"featured_media":0,"parent":0,"menu_order":0,"comment_status":"closed","ping_status":"closed","template":"","meta":{"_acf_changed":false,"_genesis_hide_title":false,"_genesis_hide_breadcrumbs":false,"_genesis_hide_singular_image":false,"_genesis_hide_footer_widgets":false,"_genesis_custom_body_class":"","_genesis_custom_post_class":"","_genesis_layout":"","footnotes":""},"hc_faqs":[],"class_list":{"0":"post-20283","1":"page","2":"type-page","3":"status-publish","5":"hc_city_location-newcastle","6":"entry"},"acf":[],"yoast_head":"<!-- This site is optimized with the Yoast SEO plugin v27.2 - https:\/\/yoast.com\/product\/yoast-seo-wordpress\/ -->\n<title>Personal Injury Lawyer in Newcastle | Free Case Review<\/title>\n<meta name=\"description\" content=\"Newcastle Personal Injury Lawyer: Premier Law Group helps you unlock the full compensation you deserve. No Fee Unless We Win.\" \/>\n<meta name=\"robots\" content=\"index, follow, max-snippet:-1, max-image-preview:large, max-video-preview:-1\" \/>\n<link rel=\"canonical\" href=\"https:\/\/plg-pllc.com\/es\/newcastle\/personal-injury-lawyer\/\" \/>\n<meta property=\"og:locale\" content=\"es_MX\" \/>\n<meta property=\"og:type\" content=\"article\" \/>\n<meta property=\"og:title\" content=\"Personal Injury Lawyer in Newcastle | Free Case Review\" \/>\n<meta property=\"og:description\" content=\"Newcastle Personal Injury Lawyer: Premier Law Group helps you unlock the full compensation you deserve. No Fee Unless We Win.\" \/>\n<meta property=\"og:url\" content=\"https:\/\/plg-pllc.com\/es\/newcastle\/personal-injury-lawyer\/\" \/>\n<meta property=\"og:site_name\" content=\"Premier Law Group\" \/>\n<meta property=\"article:publisher\" content=\"https:\/\/www.facebook.com\/premierlawgroup\" \/>\n<meta property=\"article:modified_time\" content=\"2024-10-15T04:55:30+00:00\" \/>\n<meta name=\"twitter:card\" content=\"summary_large_image\" \/>\n<meta name=\"twitter:site\" content=\"@premierlawgroup\" \/>\n<meta name=\"twitter:label1\" content=\"Tiempo de lectura\" \/>\n\t<meta name=\"twitter:data1\" content=\"3 minutos\" \/>\n<script type=\"application\/ld+json\" class=\"yoast-schema-graph\">{\"@context\":\"https:\/\/schema.org\",\"@graph\":[{\"@type\":\"WebPage\",\"@id\":\"https:\/\/plg-pllc.com\/newcastle\/personal-injury-lawyer\/\",\"url\":\"https:\/\/plg-pllc.com\/newcastle\/personal-injury-lawyer\/\",\"name\":\"Personal Injury Lawyer in Newcastle | Free Case Review\",\"isPartOf\":{\"@id\":\"https:\/\/plg-pllc.com\/#website\"},\"datePublished\":\"2024-03-06T14:43:33+00:00\",\"dateModified\":\"2024-10-15T04:55:30+00:00\",\"description\":\"Newcastle Personal Injury Lawyer: Premier Law Group helps you unlock the full compensation you deserve. No Fee Unless We Win.\",\"breadcrumb\":{\"@id\":\"https:\/\/plg-pllc.com\/newcastle\/personal-injury-lawyer\/#breadcrumb\"},\"inLanguage\":\"es\",\"potentialAction\":[{\"@type\":\"ReadAction\",\"target\":[\"https:\/\/plg-pllc.com\/newcastle\/personal-injury-lawyer\/\"]}]},{\"@type\":\"BreadcrumbList\",\"@id\":\"https:\/\/plg-pllc.com\/newcastle\/personal-injury-lawyer\/#breadcrumb\",\"itemListElement\":[{\"@type\":\"ListItem\",\"position\":1,\"name\":\"Home\",\"item\":\"https:\/\/plg-pllc.com\/es\/\"},{\"@type\":\"ListItem\",\"position\":2,\"name\":\"Newcastle Personal Injury Lawyer\"}]},{\"@type\":\"WebSite\",\"@id\":\"https:\/\/plg-pllc.com\/#website\",\"url\":\"https:\/\/plg-pllc.com\/\",\"name\":\"Premier Law Group\",\"description\":\"Washington Wrongful Death and Serious Injury Lawyer\",\"publisher\":{\"@id\":\"https:\/\/plg-pllc.com\/#organization\"},\"inLanguage\":\"es\"},{\"@type\":\"Organization\",\"@id\":\"https:\/\/plg-pllc.com\/#organization\",\"name\":\"Premier Law Group\",\"url\":\"https:\/\/plg-pllc.com\/\",\"logo\":{\"@type\":\"ImageObject\",\"inLanguage\":\"es\",\"@id\":\"https:\/\/plg-pllc.com\/#\/schema\/logo\/image\/\",\"url\":\"https:\/\/plg-pllc.com\/wp-content\/uploads\/2020\/10\/plg-logo-v2.gif\",\"contentUrl\":\"https:\/\/plg-pllc.com\/wp-content\/uploads\/2020\/10\/plg-logo-v2.gif\",\"width\":592,\"height\":191,\"caption\":\"Premier Law Group\"},\"image\":{\"@id\":\"https:\/\/plg-pllc.com\/#\/schema\/logo\/image\/\"},\"sameAs\":[\"https:\/\/www.facebook.com\/premierlawgroup\",\"https:\/\/x.com\/premierlawgroup\"]}]}<\/script>\n<!-- \/ Yoast SEO plugin. -->","yoast_head_json":{"title":"Abogado de lesiones personales en Newcastle | Revisi\u00f3n gratuita de casos","description":"Abogado de lesiones personales en Newcastle: Premier Law Group le ayuda a conseguir la compensaci\u00f3n total que merece. Sin honorarios a menos que ganemos.","robots":{"index":"index","follow":"follow","max-snippet":"max-snippet:-1","max-image-preview":"max-image-preview:large","max-video-preview":"max-video-preview:-1"},"canonical":"https:\/\/plg-pllc.com\/es\/newcastle\/personal-injury-lawyer\/","og_locale":"es_MX","og_type":"article","og_title":"Personal Injury Lawyer in Newcastle | Free Case Review","og_description":"Newcastle Personal Injury Lawyer: Premier Law Group helps you unlock the full compensation you deserve. No Fee Unless We Win.","og_url":"https:\/\/plg-pllc.com\/es\/newcastle\/personal-injury-lawyer\/","og_site_name":"Premier Law Group","article_publisher":"https:\/\/www.facebook.com\/premierlawgroup","article_modified_time":"2024-10-15T04:55:30+00:00","twitter_card":"summary_large_image","twitter_site":"@premierlawgroup","twitter_misc":{"Tiempo de lectura":"3 minutos"},"schema":{"@context":"https:\/\/schema.org","@graph":[{"@type":"WebPage","@id":"https:\/\/plg-pllc.com\/newcastle\/personal-injury-lawyer\/","url":"https:\/\/plg-pllc.com\/newcastle\/personal-injury-lawyer\/","name":"Abogado de lesiones personales en Newcastle | Revisi\u00f3n gratuita de casos","isPartOf":{"@id":"https:\/\/plg-pllc.com\/#website"},"datePublished":"2024-03-06T14:43:33+00:00","dateModified":"2024-10-15T04:55:30+00:00","description":"Abogado de lesiones personales en Newcastle: Premier Law Group le ayuda a conseguir la compensaci\u00f3n total que merece. Sin honorarios a menos que ganemos.","breadcrumb":{"@id":"https:\/\/plg-pllc.com\/newcastle\/personal-injury-lawyer\/#breadcrumb"},"inLanguage":"es","potentialAction":[{"@type":"ReadAction","target":["https:\/\/plg-pllc.com\/newcastle\/personal-injury-lawyer\/"]}]},{"@type":"BreadcrumbList","@id":"https:\/\/plg-pllc.com\/newcastle\/personal-injury-lawyer\/#breadcrumb","itemListElement":[{"@type":"ListItem","position":1,"name":"Home","item":"https:\/\/plg-pllc.com\/es\/"},{"@type":"ListItem","position":2,"name":"Newcastle Personal Injury Lawyer"}]},{"@type":"WebSite","@id":"https:\/\/plg-pllc.com\/#website","url":"https:\/\/plg-pllc.com\/","name":"Grupo de abogados Premier","description":"Abogado de muerte por negligencia y lesiones graves en Washington","publisher":{"@id":"https:\/\/plg-pllc.com\/#organization"},"inLanguage":"es"},{"@type":"Organization","@id":"https:\/\/plg-pllc.com\/#organization","name":"Grupo de abogados Premier","url":"https:\/\/plg-pllc.com\/","logo":{"@type":"ImageObject","inLanguage":"es","@id":"https:\/\/plg-pllc.com\/#\/schema\/logo\/image\/","url":"https:\/\/plg-pllc.com\/wp-content\/uploads\/2020\/10\/plg-logo-v2.gif","contentUrl":"https:\/\/plg-pllc.com\/wp-content\/uploads\/2020\/10\/plg-logo-v2.gif","width":592,"height":191,"caption":"Premier Law Group"},"image":{"@id":"https:\/\/plg-pllc.com\/#\/schema\/logo\/image\/"},"sameAs":["https:\/\/www.facebook.com\/premierlawgroup","https:\/\/x.com\/premierlawgroup"]}]}},"_links":{"self":[{"href":"https:\/\/plg-pllc.com\/es\/wp-json\/wp\/v2\/pages\/20283","targetHints":{"allow":["GET"]}}],"collection":[{"href":"https:\/\/plg-pllc.com\/es\/wp-json\/wp\/v2\/pages"}],"about":[{"href":"https:\/\/plg-pllc.com\/es\/wp-json\/wp\/v2\/types\/page"}],"author":[{"embeddable":true,"href":"https:\/\/plg-pllc.com\/es\/wp-json\/wp\/v2\/users\/10"}],"replies":[{"embeddable":true,"href":"https:\/\/plg-pllc.com\/es\/wp-json\/wp\/v2\/comments?post=20283"}],"version-history":[{"count":0,"href":"https:\/\/plg-pllc.com\/es\/wp-json\/wp\/v2\/pages\/20283\/revisions"}],"wp:attachment":[{"href":"https:\/\/plg-pllc.com\/es\/wp-json\/wp\/v2\/media?parent=20283"}],"wp:term":[{"taxonomy":"hc_faqs","embeddable":true,"href":"https:\/\/plg-pllc.com\/es\/wp-json\/wp\/v2\/hc_faqs?post=20283"}],"curies":[{"name":"gracias","href":"https:\/\/api.w.org\/{rel}","templated":true}]}}