{"id":20288,"date":"2024-03-06T07:14:54","date_gmt":"2024-03-06T15:14:54","guid":{"rendered":"https:\/\/plg-pllc.com\/?page_id=20288"},"modified":"2026-01-22T05:57:49","modified_gmt":"2026-01-22T13:57:49","slug":"personal-injury-attorney-redmond","status":"publish","type":"page","link":"https:\/\/plg-pllc.com\/es\/redmond\/personal-injury-lawyer\/","title":{"rendered":"Abogado de lesiones personales en Redmond"},"content":{"rendered":"<p><span style=\"font-weight: 400;\">Se lesiona sin tener la culpa. Despu\u00e9s de recibir atenci\u00f3n m\u00e9dica, busque ayuda legal. Hable con nuestros abogados de lesiones personales de Redmond y le explicaremos sus opciones legales. Si es necesario, nuestros abogados le aconsejar\u00e1n que presente una demanda o reclamo por lesiones personales.\u00a0<\/span><\/p>\r\n<p><span style=\"font-weight: 400;\">En Premier Law Group, somos lo suficientemente grandes para ganar y lo suficientemente peque\u00f1os para preocuparnos. Nuestro equipo aporta <\/span><b>m\u00e1s de 55 a\u00f1os<\/b><span style=\"font-weight: 400;\"> De experiencia combinada para su caso de lesiones personales. Conf\u00ede en nosotros para manejar sus asuntos legales con cuidado mientras se recupera de sus lesiones.\u00a0<\/span><\/p>\r\n<p><span style=\"font-weight: 400;\">Ofrecemos revisiones de casos gratuitas a quienes est\u00e9n considerando presentar un caso de lesiones personales. Cont\u00e1ctenos hoy mismo.<\/span><\/p>\r\n<h2><span style=\"font-weight: 400;\">\u00bfPor qu\u00e9 elegir Premier Law Group?<\/span><\/h2>\r\n<p><span style=\"font-weight: 400;\">Premier Law Group ayuda a quienes lidian con las consecuencias de lesiones causadas por otros. Somos un bufete de abogados que no es una entidad legal m\u00e1s; somos sus vecinos y nos dedicamos a brindar servicios legales excepcionales con un toque personal. Nuestro compromiso incluye:<\/span><b><\/b><\/p>\r\n<ul>\r\n<li><b>Atenci\u00f3n personalizada<\/b>: <span style=\"font-weight: 400;\">Nuestro enfoque est\u00e1 adaptado para satisfacer las necesidades individuales de nuestros clientes, garantizando que reciban el amplio apoyo legal que merecen.\u00a0<\/span><\/li>\r\n<li><b>Experiencia con una amplia gama de casos de lesiones personales.<\/b>:<span style=\"font-weight: 400;\"> Nuestra firma ofrece servicios legales y apoyo a clientes en muchos tipos de casos, incluidos accidentes automovil\u00edsticos y de motocicleta, accidentes de bicicletas y peatones, ataques de animales, lesiones por resbalones y ca\u00eddas, accidentes en el lugar de trabajo y en el sitio de construcci\u00f3n, muertes por negligencia y lesiones cerebrales y de la m\u00e9dula espinal.\u00a0<\/span><\/li>\r\n<li><b>Comunidad<\/b>\u2013<b>enfoque centrado<\/b>: <span style=\"font-weight: 400;\">Compartimos la pasi\u00f3n de Redmond por la comunidad y la innovaci\u00f3n. Por ello, nos esforzamos por brindar asistencia legal integral y contribuir positivamente al bienestar y la seguridad de la comunidad.\u00a0<\/span><\/li>\r\n<li><b>Reputaci\u00f3n comprobada<\/b>: <span style=\"font-weight: 400;\">Nuestro equipo ha obtenido decenas de resultados positivos. <\/span><a href=\"https:\/\/plg-pllc.com\/client-reviews\/\"><span style=\"font-weight: 400;\">Rese\u00f1as de clientes<\/span><\/a><span style=\"font-weight: 400;\">. Asignaremos el tiempo y los recursos necesarios para ayudarle a lograr los resultados que desea.\u00a0\u00a0\u00a0<\/span><\/li>\r\n<\/ul>\r\n<p><span style=\"font-weight: 400;\">Al buscar representaci\u00f3n legal, consulte lo que ofrece Premier Law Group. Deje que nuestros abogados de lesiones personales de Redmond le gu\u00eden en el proceso de solicitar una indemnizaci\u00f3n a cualquier responsable de sus lesiones. Para comenzar, programe una consulta gratuita de su caso.\u00a0<\/span><\/p>\r\n<h2><span style=\"font-weight: 400;\">Representaci\u00f3n legal disponible para un caso de lesiones personales en Redmond<\/span><\/h2>\r\n<p><span style=\"font-weight: 400;\">Adem\u00e1s de mirar los testimonios de nuestros clientes y <\/span><a href=\"https:\/\/plg-pllc.com\/case-results\/\"><span style=\"font-weight: 400;\">resultados del caso<\/span><\/a><span style=\"font-weight: 400;\">, Le animamos a contratar a nuestros abogados expertos en lesiones personales que atienden en Redmond. A continuaci\u00f3n, se detallan algunos de los tipos de abogados que podemos ofrecerle para su caso:<\/span><b><\/b><\/p>\r\n<ul>\r\n<li><a href=\"https:\/\/plg-pllc.com\/redmond\/car-accident-lawyer\/\"><b>Abogados de accidentes automovil\u00edsticos en Redmond<\/b><\/a>: <span style=\"font-weight: 400;\">Nuestros abogados entrevistar\u00e1n a testigos y tomar\u00e1n otras medidas para investigar su accidente de auto. Posteriormente, prepararemos su caso para obtener una indemnizaci\u00f3n de las partes responsables.\u00a0<\/span><\/li>\r\n<li><b>Abogados de accidentes de camiones en Redmond<\/b>: <span style=\"font-weight: 400;\">Podemos ense\u00f1arte sobre <\/span><a href=\"https:\/\/www.fmcsa.dot.gov\/regulations\/hours-of-service\" target=\"_blank\" rel=\"noopener\"><span style=\"font-weight: 400;\">horas de servicio (HOS)<\/span><\/a><span style=\"font-weight: 400;\"> Normas y dem\u00e1s regulaciones de la industria del transporte por carretera aplicables a su caso. Adem\u00e1s, podemos ayudarle a obtener una indemnizaci\u00f3n por sus p\u00e9rdidas cuantificables y subjetivas en accidentes de cami\u00f3n.\u00a0<\/span><\/li>\r\n<li><b>Abogados de accidentes peatonales en Redmond<\/b>: <span style=\"font-weight: 400;\">Ayudamos a las personas lesionadas en accidentes peatonales a obtener una indemnizaci\u00f3n. Para ello, asistimos en las negociaciones con las compa\u00f1\u00edas de seguros o, de ser necesario, preparamos los casos para el juicio.\u00a0<\/span><\/li>\r\n<li><a href=\"https:\/\/plg-pllc.com\/redmond\/biycycle-accident-lawyer\/\"><b>Abogados de accidentes de bicicleta en Redmond<\/b><\/a>: <span style=\"font-weight: 400;\">Nuestros abogados quieren que se concentre en su recuperaci\u00f3n tras su accidente de bicicleta en Washington. Mientras tanto, podemos negociar un acuerdo con la parte responsable o su compa\u00f1\u00eda de seguros en su nombre o llevar su caso a juicio.\u00a0<\/span><\/li>\r\n<li><a href=\"https:\/\/plg-pllc.com\/redmond\/motorcycle-accident-lawyer\/\"><b>Abogados de accidentes de motocicleta en Redmond<\/b><\/a>: <span style=\"font-weight: 400;\">Exploraremos todas las v\u00edas legales para recuperar da\u00f1os compensatorios de un automovilista, un fabricante de motocicletas, un mec\u00e1nico, una entidad gubernamental o cualquier otra persona responsable de su accidente. <\/span><b>\u00a0<\/b><\/li>\r\n<li><a href=\"https:\/\/plg-pllc.com\/redmond\/bus-accident-lawyer\/\"><b>Abogados de accidentes de autob\u00fas en Redmond<\/b><\/a>: <span style=\"font-weight: 400;\">Le ayudaremos a emprender acciones legales contra quien haya causado su accidente. Si recibe una indemnizaci\u00f3n por accidente de autob\u00fas, podr\u00e1 evaluar las ventajas y desventajas con nosotros y tomar una decisi\u00f3n informada.\u00a0<\/span><\/li>\r\n<\/ul>\r\n<p><span style=\"font-weight: 400;\">Nuestros abogados de lesiones personales en Washington conocen los desaf\u00edos que enfrentar\u00e1 al negociar un acuerdo o preparar su caso para el juicio. Abordaremos estos desaf\u00edos y nos aseguraremos de que sus necesidades legales se satisfagan de forma consistente en cada etapa de su caso.\u00a0<\/span><\/p>\r\n<h2><span style=\"font-weight: 400;\">\u00bfCu\u00e1nto vale su caso de lesiones personales?<\/span><\/h2>\r\n<p><span style=\"font-weight: 400;\">Nuestros abogados de lesiones personales que prestan servicios en Redmond compartir\u00e1n <\/span><a href=\"https:\/\/plg-pllc.com\/faqs\/\"><span style=\"font-weight: 400;\">Preguntas frecuentes<\/span><\/a><span style=\"font-weight: 400;\"> Y otros recursos con usted en relaci\u00f3n con da\u00f1os compensatorios. Queremos que recupere da\u00f1os econ\u00f3micos y no econ\u00f3micos por diversas razones, como:<\/span><b><\/b><\/p>\r\n<ul>\r\n<li><b>Facturas m\u00e9dicas<\/b>: <span style=\"font-weight: 400;\">Vigile de cerca sus gastos m\u00e9dicos. Esto le ayudar\u00e1 si desea solicitar una compensaci\u00f3n por los costos de consultas m\u00e9dicas, fisioterapia, cirug\u00eda, rehabilitaci\u00f3n, medicamentos y atenci\u00f3n m\u00e9dica continua.<\/span><\/li>\r\n<li><b>Salarios perdidos<\/b>: <span style=\"font-weight: 400;\">Realice un seguimiento de su p\u00e9rdida de ingresos durante su caso. De esta manera, nuestros abogados pueden usar sus recibos de sueldo como prueba para demostrar su p\u00e9rdida de ingresos ante un juez o jurado.\u00a0<\/span><\/li>\r\n<li><b>Dolor y sufrimiento<\/b>: <span style=\"font-weight: 400;\">Puede obtener una indemnizaci\u00f3n por su trastorno de estr\u00e9s postraum\u00e1tico (TEPT), malestar f\u00edsico, angustia emocional y otras formas de dolor y sufrimiento.\u00a0<\/span><\/li>\r\n<li><b>Gastos de entierro y funeral<\/b>: <span style=\"font-weight: 400;\">Perder a un familiar es devastador para usted y sus seres queridos. Nuestros abogados pueden ayudarle a presentar una demanda por homicidio culposo, lo que podr\u00eda permitirle obtener una compensaci\u00f3n por el entierro, los gastos funerarios y otras p\u00e9rdidas de su familiar fallecido.\u00a0<\/span><\/li>\r\n<\/ul>\r\n<p><span style=\"font-weight: 400;\">Recordar, <\/span><a href=\"https:\/\/plg-pllc.com\/faqs\/washington-statute-of-limitations\/\"><span style=\"font-weight: 400;\">El estatuto de limitaciones de Washington<\/span><\/a><span style=\"font-weight: 400;\"> Para la mayor\u00eda de los casos de lesiones personales es <\/span><b>tres a\u00f1os<\/b><span style=\"font-weight: 400;\">. Despu\u00e9s de este plazo, usted ser\u00e1 responsable de sus p\u00e9rdidas. Nuestros abogados conocen a fondo la ley de lesiones personales en Washington. Trabajaremos diligentemente para demostrar la responsabilidad, demostrar que las partes responsables cometieron actos de negligencia y que usted debe recibir la compensaci\u00f3n correspondiente.\u00a0<\/span><\/p>\r\n\n        <div class=\"rs-content-cta long\">\n            <p>Para una consulta legal GRATUITA con un abogado de lesiones personales que preste servicios en Redmond, llame al <a href=\"tel:+12062851743\">(206) 285-1743 <\/a><\/p>\n            <a href=\"https:\/\/plg-pllc.com\/es\/contact-us\/\" title=\"OBTENGA UNA EVALUACI\u00d3N DE CASO GRATUITA\" class=\"btn-global\">OBTENGA UNA EVALUACI\u00d3N DE CASO GRATUITA<\/a>\n                    <picture>\n                            <source srcset=\"https:\/\/plg-pllc.com\/wp-content\/themes\/plg-pllc-redesign\/assets\/app\/img\/cta-thumb.webp\" type=\"image\/webp\"\/>\n                            <img src=\"https:\/\/plg-pllc.com\/wp-content\/themes\/plg-pllc-redesign\/assets\/app\/img\/cta-thumb.png\" alt=\"Grupo de abogados Premier\" title=\"Grupo de abogados Premier\" width=\"245\" height=\"220\" loading=\"auto\" fetchpriority=\"auto\" decoding=\"async\"\/>\n        <\/picture>\n        \n        <\/div><h2><span style=\"font-weight: 400;\">Nuestros abogados de lesiones personales de Redmond escuchar\u00e1n sus necesidades y proteger\u00e1n sus derechos legales.<\/span><\/h2>\r\n<p><span style=\"font-weight: 400;\">Pi\u00e9nselo dos veces antes de presentar una demanda o aceptar una oferta de acuerdo de cualquier persona responsable de perjudicarlo. Busque asistencia legal antes de tomar cualquier decisi\u00f3n legal. As\u00ed, podr\u00e1 evaluar las consecuencias legales de cualquier posible decisi\u00f3n y tomar decisiones que le beneficien ahora y en el futuro.\u00a0<\/span><\/p>\r\n<p><span style=\"font-weight: 400;\">En Premier Law Group, nuestros abogados de lesiones personales de Redmond est\u00e1n dispuestos a <\/span><b>Haz todo lo posible por ti y juega duro con las compa\u00f1\u00edas de seguros.<\/b><span style=\"font-weight: 400;\">. Perm\u00edtanos conocerlo mejor a usted y a su caso de lesiones personales, y le ayudaremos con sus asuntos legales. Para m\u00e1s informaci\u00f3n, solicite una revisi\u00f3n gratuita de su caso.\u00a0<\/span><\/p>\r\n\n        <div class=\"rs-content-cta\">\n            <p>Llamar o enviar mensaje de texto <a href=\"tel:+12062851743\">(206) 285-1743<\/a> o complete un formulario de evaluaci\u00f3n de caso gratuito<\/p>\n            <a href=\"https:\/\/plg-pllc.com\/es\/contact-us\/\" title=\"OBTENGA UNA EVALUACI\u00d3N DE CASO GRATUITA\" class=\"btn-global\">OBTENGA UNA EVALUACI\u00d3N DE CASO GRATUITA<\/a>\n                    <picture>\n                            <source srcset=\"https:\/\/plg-pllc.com\/wp-content\/themes\/plg-pllc-redesign\/assets\/app\/img\/cta-thumb.webp\" type=\"image\/webp\"\/>\n                            <img src=\"https:\/\/plg-pllc.com\/wp-content\/themes\/plg-pllc-redesign\/assets\/app\/img\/cta-thumb.png\" alt=\"Grupo de abogados Premier\" title=\"Grupo de abogados Premier\" width=\"245\" height=\"220\" loading=\"auto\" fetchpriority=\"auto\" decoding=\"async\"\/>\n        <\/picture>\n        \n        <\/div>","protected":false},"excerpt":{"rendered":"<p>Se lesiona sin tener la culpa. Despu\u00e9s de recibir atenci\u00f3n m\u00e9dica, busque ayuda legal. Hable con nuestros abogados de lesiones personales de Redmond y le explicaremos sus opciones legales. Si es necesario, nuestros abogados le aconsejar\u00e1n que presente una reclamaci\u00f3n o demanda por lesiones personales. En Premier Law Group, somos\u2026<\/p>","protected":false},"author":10,"featured_media":0,"parent":0,"menu_order":0,"comment_status":"closed","ping_status":"closed","template":"","meta":{"_acf_changed":false,"_genesis_hide_title":false,"_genesis_hide_breadcrumbs":false,"_genesis_hide_singular_image":false,"_genesis_hide_footer_widgets":false,"_genesis_custom_body_class":"","_genesis_custom_post_class":"","_genesis_layout":"","footnotes":""},"hc_faqs":[],"class_list":{"0":"post-20288","1":"page","2":"type-page","3":"status-publish","5":"hc_city_location-redmond","6":"entry"},"acf":[],"yoast_head":"<!-- This site is optimized with the Yoast SEO plugin v27.4 - https:\/\/yoast.com\/product\/yoast-seo-wordpress\/ -->\n<title>Personal Injury Lawyer in Redmond | Free Case Review<\/title>\n<meta name=\"description\" content=\"Partner with a Redmond personal injury lawyer from Premier Law Group. Our team has over 55 years of combined experience. Contact us today.\" \/>\n<meta name=\"robots\" content=\"index, follow, max-snippet:-1, max-image-preview:large, max-video-preview:-1\" \/>\n<link rel=\"canonical\" href=\"https:\/\/plg-pllc.com\/es\/redmond\/personal-injury-lawyer\/\" \/>\n<meta property=\"og:locale\" content=\"es_MX\" \/>\n<meta property=\"og:type\" content=\"article\" \/>\n<meta property=\"og:title\" content=\"Personal Injury Lawyer in Redmond | Free Case Review\" \/>\n<meta property=\"og:description\" content=\"Partner with a Redmond personal injury lawyer from Premier Law Group. Our team has over 55 years of combined experience. Contact us today.\" \/>\n<meta property=\"og:url\" content=\"https:\/\/plg-pllc.com\/es\/redmond\/personal-injury-lawyer\/\" \/>\n<meta property=\"og:site_name\" content=\"Premier Law Group\" \/>\n<meta property=\"article:publisher\" content=\"https:\/\/www.facebook.com\/premierlawgroup\" \/>\n<meta property=\"article:modified_time\" content=\"2026-01-22T13:57:49+00:00\" \/>\n<meta name=\"twitter:card\" content=\"summary_large_image\" \/>\n<meta name=\"twitter:site\" content=\"@premierlawgroup\" \/>\n<meta name=\"twitter:label1\" content=\"Tiempo de lectura\" \/>\n\t<meta name=\"twitter:data1\" content=\"5 minutos\" \/>\n<script type=\"application\/ld+json\" class=\"yoast-schema-graph\">{\"@context\":\"https:\\\/\\\/schema.org\",\"@graph\":[{\"@type\":\"WebPage\",\"@id\":\"https:\\\/\\\/plg-pllc.com\\\/redmond\\\/personal-injury-lawyer\\\/\",\"url\":\"https:\\\/\\\/plg-pllc.com\\\/redmond\\\/personal-injury-lawyer\\\/\",\"name\":\"Personal Injury Lawyer in Redmond | Free Case Review\",\"isPartOf\":{\"@id\":\"https:\\\/\\\/plg-pllc.com\\\/#website\"},\"datePublished\":\"2024-03-06T15:14:54+00:00\",\"dateModified\":\"2026-01-22T13:57:49+00:00\",\"description\":\"Partner with a Redmond personal injury lawyer from Premier Law Group. Our team has over 55 years of combined experience. Contact us today.\",\"breadcrumb\":{\"@id\":\"https:\\\/\\\/plg-pllc.com\\\/redmond\\\/personal-injury-lawyer\\\/#breadcrumb\"},\"inLanguage\":\"es\",\"potentialAction\":[{\"@type\":\"ReadAction\",\"target\":[\"https:\\\/\\\/plg-pllc.com\\\/redmond\\\/personal-injury-lawyer\\\/\"]}]},{\"@type\":\"BreadcrumbList\",\"@id\":\"https:\\\/\\\/plg-pllc.com\\\/redmond\\\/personal-injury-lawyer\\\/#breadcrumb\",\"itemListElement\":[{\"@type\":\"ListItem\",\"position\":1,\"name\":\"Home\",\"item\":\"https:\\\/\\\/plg-pllc.com\\\/es\\\/\"},{\"@type\":\"ListItem\",\"position\":2,\"name\":\"Redmond Personal Injury Lawyer\"}]},{\"@type\":\"WebSite\",\"@id\":\"https:\\\/\\\/plg-pllc.com\\\/#website\",\"url\":\"https:\\\/\\\/plg-pllc.com\\\/\",\"name\":\"Premier Law Group\",\"description\":\"Washington Wrongful Death and Serious Injury Lawyer\",\"publisher\":{\"@id\":\"https:\\\/\\\/plg-pllc.com\\\/#organization\"},\"inLanguage\":\"es\"},{\"@type\":\"Organization\",\"@id\":\"https:\\\/\\\/plg-pllc.com\\\/#organization\",\"name\":\"Premier Law Group\",\"url\":\"https:\\\/\\\/plg-pllc.com\\\/\",\"logo\":{\"@type\":\"ImageObject\",\"inLanguage\":\"es\",\"@id\":\"https:\\\/\\\/plg-pllc.com\\\/#\\\/schema\\\/logo\\\/image\\\/\",\"url\":\"https:\\\/\\\/plg-pllc.com\\\/wp-content\\\/uploads\\\/2020\\\/10\\\/plg-logo-v2.gif\",\"contentUrl\":\"https:\\\/\\\/plg-pllc.com\\\/wp-content\\\/uploads\\\/2020\\\/10\\\/plg-logo-v2.gif\",\"width\":592,\"height\":191,\"caption\":\"Premier Law Group\"},\"image\":{\"@id\":\"https:\\\/\\\/plg-pllc.com\\\/#\\\/schema\\\/logo\\\/image\\\/\"},\"sameAs\":[\"https:\\\/\\\/www.facebook.com\\\/premierlawgroup\",\"https:\\\/\\\/x.com\\\/premierlawgroup\"]}]}<\/script>\n<!-- \/ Yoast SEO plugin. -->","yoast_head_json":{"title":"Abogado de lesiones personales en Redmond | Revisi\u00f3n gratuita de casos","description":"Colabore con un abogado especializado en lesiones personales de Premier Law Group en Redmond. Nuestro equipo cuenta con m\u00e1s de 55 a\u00f1os de experiencia. Cont\u00e1ctenos hoy mismo.","robots":{"index":"index","follow":"follow","max-snippet":"max-snippet:-1","max-image-preview":"max-image-preview:large","max-video-preview":"max-video-preview:-1"},"canonical":"https:\/\/plg-pllc.com\/es\/redmond\/personal-injury-lawyer\/","og_locale":"es_MX","og_type":"article","og_title":"Personal Injury Lawyer in Redmond | Free Case Review","og_description":"Partner with a Redmond personal injury lawyer from Premier Law Group. Our team has over 55 years of combined experience. Contact us today.","og_url":"https:\/\/plg-pllc.com\/es\/redmond\/personal-injury-lawyer\/","og_site_name":"Premier Law Group","article_publisher":"https:\/\/www.facebook.com\/premierlawgroup","article_modified_time":"2026-01-22T13:57:49+00:00","twitter_card":"summary_large_image","twitter_site":"@premierlawgroup","twitter_misc":{"Tiempo de lectura":"5 minutos"},"schema":{"@context":"https:\/\/schema.org","@graph":[{"@type":"WebPage","@id":"https:\/\/plg-pllc.com\/redmond\/personal-injury-lawyer\/","url":"https:\/\/plg-pllc.com\/redmond\/personal-injury-lawyer\/","name":"Abogado de lesiones personales en Redmond | Revisi\u00f3n gratuita de casos","isPartOf":{"@id":"https:\/\/plg-pllc.com\/#website"},"datePublished":"2024-03-06T15:14:54+00:00","dateModified":"2026-01-22T13:57:49+00:00","description":"Colabore con un abogado especializado en lesiones personales de Premier Law Group en Redmond. Nuestro equipo cuenta con m\u00e1s de 55 a\u00f1os de experiencia. Cont\u00e1ctenos hoy mismo.","breadcrumb":{"@id":"https:\/\/plg-pllc.com\/redmond\/personal-injury-lawyer\/#breadcrumb"},"inLanguage":"es","potentialAction":[{"@type":"ReadAction","target":["https:\/\/plg-pllc.com\/redmond\/personal-injury-lawyer\/"]}]},{"@type":"BreadcrumbList","@id":"https:\/\/plg-pllc.com\/redmond\/personal-injury-lawyer\/#breadcrumb","itemListElement":[{"@type":"ListItem","position":1,"name":"Home","item":"https:\/\/plg-pllc.com\/es\/"},{"@type":"ListItem","position":2,"name":"Redmond Personal Injury Lawyer"}]},{"@type":"WebSite","@id":"https:\/\/plg-pllc.com\/#website","url":"https:\/\/plg-pllc.com\/","name":"Grupo de abogados Premier","description":"Abogado de muerte por negligencia y lesiones graves en Washington","publisher":{"@id":"https:\/\/plg-pllc.com\/#organization"},"inLanguage":"es"},{"@type":"Organization","@id":"https:\/\/plg-pllc.com\/#organization","name":"Grupo de abogados Premier","url":"https:\/\/plg-pllc.com\/","logo":{"@type":"ImageObject","inLanguage":"es","@id":"https:\/\/plg-pllc.com\/#\/schema\/logo\/image\/","url":"https:\/\/plg-pllc.com\/wp-content\/uploads\/2020\/10\/plg-logo-v2.gif","contentUrl":"https:\/\/plg-pllc.com\/wp-content\/uploads\/2020\/10\/plg-logo-v2.gif","width":592,"height":191,"caption":"Premier Law Group"},"image":{"@id":"https:\/\/plg-pllc.com\/#\/schema\/logo\/image\/"},"sameAs":["https:\/\/www.facebook.com\/premierlawgroup","https:\/\/x.com\/premierlawgroup"]}]}},"_links":{"self":[{"href":"https:\/\/plg-pllc.com\/es\/wp-json\/wp\/v2\/pages\/20288","targetHints":{"allow":["GET"]}}],"collection":[{"href":"https:\/\/plg-pllc.com\/es\/wp-json\/wp\/v2\/pages"}],"about":[{"href":"https:\/\/plg-pllc.com\/es\/wp-json\/wp\/v2\/types\/page"}],"author":[{"embeddable":true,"href":"https:\/\/plg-pllc.com\/es\/wp-json\/wp\/v2\/users\/10"}],"replies":[{"embeddable":true,"href":"https:\/\/plg-pllc.com\/es\/wp-json\/wp\/v2\/comments?post=20288"}],"version-history":[{"count":0,"href":"https:\/\/plg-pllc.com\/es\/wp-json\/wp\/v2\/pages\/20288\/revisions"}],"wp:attachment":[{"href":"https:\/\/plg-pllc.com\/es\/wp-json\/wp\/v2\/media?parent=20288"}],"wp:term":[{"taxonomy":"hc_faqs","embeddable":true,"href":"https:\/\/plg-pllc.com\/es\/wp-json\/wp\/v2\/hc_faqs?post=20288"}],"curies":[{"name":"gracias","href":"https:\/\/api.w.org\/{rel}","templated":true}]}}