{"id":20289,"date":"2024-03-06T07:23:02","date_gmt":"2024-03-06T15:23:02","guid":{"rendered":"https:\/\/plg-pllc.com\/?page_id=20289"},"modified":"2024-10-14T23:21:39","modified_gmt":"2024-10-15T06:21:39","slug":"personal-injury-attorney-shoreline","status":"publish","type":"page","link":"https:\/\/plg-pllc.com\/es\/shoreline\/personal-injury-lawyer\/","title":{"rendered":"Abogado de lesiones personales en Shoreline"},"content":{"rendered":"<p>Shoreline, WA, es un testimonio de la belleza del noroeste del Pac\u00edfico y ofrece a los residentes y visitantes vistas impresionantes de Puget Inlet, adem\u00e1s de acceso a la playa, amplios senderos para caminatas y vibrantes parques de patinaje. Con una ubicaci\u00f3n perfecta entre la bulliciosa ciudad de Seattle y la serena frontera del condado de Snohomish, Shoreline ofrece la combinaci\u00f3n ideal de servicios urbanos y belleza natural. Esta combinaci\u00f3n \u00fanica no solo mejora la calidad de vida de sus habitantes, sino que tambi\u00e9n fomenta un fuerte sentido de comunidad en medio del entorno tranquilo y los exuberantes espacios verdes que definen la ciudad.<\/p>\r\n\r\n\r\n\r\n<h2 id=\"h-premier-law-group-advocating-for-shoreline-s-community\" class=\"wp-block-heading\"><strong>Premier Law Group: Defendiendo a la comunidad de Shoreline<\/strong><\/h2>\r\n\r\n\r\n\r\n<p>En la armoniosa combinaci\u00f3n de entornos urbanos y naturales que ofrece Shoreline, Premier Law Group se dedica a brindar a la comunidad asistencia legal especializada en casos de lesiones personales. Nuestro compromiso va m\u00e1s all\u00e1 de la mera representaci\u00f3n; nuestro objetivo es ser un pilar de apoyo para quienes atraviesan las consecuencias de un accidente, garantizando que sus derechos est\u00e9n protegidos y sus voces sean escuchadas.<\/p>\r\n\r\n\r\n\r\n<h2 id=\"h-our-specialties-comprehensive-personal-injury-services\" class=\"wp-block-heading\"><strong>Nuestras especialidades: Servicios integrales de lesiones personales<\/strong><\/h2>\r\n\r\n\r\n\r\n<p>En Premier Law Group, comprendemos que las diversas actividades en las que participan los residentes de Shoreline a veces pueden provocar accidentes y lesiones imprevistas. Nuestra experiencia abarca una amplia gama de casos de lesiones personales, lo que garantiza que, sin importar la situaci\u00f3n, usted cuente con una representaci\u00f3n legal calificada:<\/p>\r\n\r\n\r\n\r\n<ul class=\"wp-block-list\">\r\n<li><strong>Accidentes de auto y motocicleta:<\/strong> Las carreteras con mucho tr\u00e1fico y los recorridos panor\u00e1micos pueden suponer riesgos tanto para los conductores como para los motociclistas.<\/li>\r\n\r\n\r\n\r\n<li><strong>Accidentes de bicicletas y peatones:<\/strong> Los senderos y parques de Shoreline son perfectos para ciclistas y caminantes, pero no est\u00e1n exentos de peligros.<\/li>\r\n\r\n\r\n\r\n<li><strong>Mordeduras de perros y lesiones relacionadas con animales:<\/strong> Incluso en entornos comunitarios, pueden ocurrir encuentros inesperados con animales.<\/li>\r\n\r\n\r\n\r\n<li><strong>Accidentes en el lugar de trabajo y en la construcci\u00f3n:<\/strong> El trabajo tanto en entornos urbanos como al aire libre puede provocar accidentes.<\/li>\r\n\r\n\r\n\r\n<li><strong>Lesiones infantiles y accidentes escolares:<\/strong> La participaci\u00f3n activa de nuestros j\u00f3venes en actividades escolares y patios de recreo a veces conduce a lesiones.<\/li>\r\n\r\n\r\n\r\n<li><strong>Muerte por negligencia:<\/strong> Tr\u00e1gicamente, algunos accidentes resultan en p\u00e9rdida de vidas, lo que requiere atenci\u00f3n legal compasiva.<\/li>\r\n\r\n\r\n\r\n<li><strong>Lesiones cerebrales y de la columna vertebral:<\/strong> Estas lesiones graves exigen conocimientos y representaci\u00f3n jur\u00eddica especializada.<\/li>\r\n\r\n\r\n\r\n<li><strong>Cuestiones de derecho laboral:<\/strong> Los casos de discriminaci\u00f3n en el lugar de trabajo y despido injustificado tambi\u00e9n est\u00e1n dentro de nuestro \u00e1mbito de especializaci\u00f3n.<\/li>\r\n<\/ul>\r\n\r\n\r\n\r\n<h2 id=\"h-partnering-with-shoreline-s-community\" class=\"wp-block-heading\"><strong>Colaborando con la comunidad de Shoreline<\/strong><\/h2>\r\n\r\n\r\n\r\n<p>El encanto de Shoreline no solo reside en sus paisajes, sino tambi\u00e9n en la vida din\u00e1mica que llevan sus residentes, desde explorar los parques de la ciudad hasta practicar deportes al aire libre. Premier Law Group est\u00e1 aqu\u00ed para garantizar que se preserve este estilo de vida, ofreciendo orientaci\u00f3n y apoyo legal a las personas afectadas por lesiones personales. Creemos en una comunidad donde todos puedan disfrutar de las ofertas de Shoreline de manera segura y con tranquilidad.<\/p>\r\n\r\n\r\n\r\n\n        <div class=\"rs-content-cta long\">\n            <p>Para una consulta legal GRATUITA con un abogado de lesiones personales que atiende en Shoreline, llame al <a href=\"tel:+12062851743\">(206) 285-1743 <\/a><\/p>\n            <a href=\"https:\/\/plg-pllc.com\/es\/contact-us\/\" title=\"OBTENGA UNA EVALUACI\u00d3N DE CASO GRATUITA\" class=\"btn-global\">OBTENGA UNA EVALUACI\u00d3N DE CASO GRATUITA<\/a>\n                    <picture>\n                            <source srcset=\"https:\/\/plg-pllc.com\/wp-content\/themes\/plg-pllc-redesign\/assets\/app\/img\/cta-thumb.webp\" type=\"image\/webp\"\/>\n                            <img src=\"https:\/\/plg-pllc.com\/wp-content\/themes\/plg-pllc-redesign\/assets\/app\/img\/cta-thumb.png\" alt=\"Grupo de abogados Premier\" title=\"Grupo de abogados Premier\" width=\"245\" height=\"220\" loading=\"auto\" fetchpriority=\"auto\" decoding=\"async\"\/>\n        <\/picture>\n        \n        <\/div><h2 id=\"h-reach-out-for-support\" class=\"wp-block-heading\"><strong>Busque ayuda<\/strong><\/h2>\r\n\r\n\r\n\r\n<p>Si necesita asistencia legal por lesiones personales en Shoreline, WA, no dude en comunicarse con Premier Law Group. Nuestra dedicaci\u00f3n a la comunidad y nuestra experiencia en derecho de lesiones personales nos convierten en su socio ideal para buscar justicia y compensaci\u00f3n.<\/p>\r\n\r\n\r\n\r\n<p>Para una consulta gratuita y para obtener m\u00e1s informaci\u00f3n sobre c\u00f3mo podemos ayudarlo, visite nuestro <a href=\"https:\/\/plg-pllc.com\/contact-us\/\">P\u00e1gina de contacto<\/a> O ll\u00e1menos. Perm\u00edtanos estar a su lado y garantizar que reciba el apoyo dedicado y la representaci\u00f3n experta que se merece.<\/p>\r\n\n        <div class=\"rs-content-cta\">\n            <p>Llamar o enviar mensaje de texto <a href=\"tel:+12062851743\">(206) 285-1743<\/a> o complete un formulario de evaluaci\u00f3n de caso gratuito<\/p>\n            <a href=\"https:\/\/plg-pllc.com\/es\/contact-us\/\" title=\"OBTENGA UNA EVALUACI\u00d3N DE CASO GRATUITA\" class=\"btn-global\">OBTENGA UNA EVALUACI\u00d3N DE CASO GRATUITA<\/a>\n                    <picture>\n                            <source srcset=\"https:\/\/plg-pllc.com\/wp-content\/themes\/plg-pllc-redesign\/assets\/app\/img\/cta-thumb.webp\" type=\"image\/webp\"\/>\n                            <img src=\"https:\/\/plg-pllc.com\/wp-content\/themes\/plg-pllc-redesign\/assets\/app\/img\/cta-thumb.png\" alt=\"Grupo de abogados Premier\" title=\"Grupo de abogados Premier\" width=\"245\" height=\"220\" loading=\"auto\" fetchpriority=\"auto\" decoding=\"async\"\/>\n        <\/picture>\n        \n        <\/div>","protected":false},"excerpt":{"rendered":"<p>Shoreline, WA, es un testimonio de la belleza del noroeste del Pac\u00edfico y ofrece a los residentes y visitantes vistas impresionantes de Puget Inlet, adem\u00e1s de acceso a la playa, amplios senderos para caminatas y vibrantes parques de patinaje. Con una ubicaci\u00f3n perfecta entre la bulliciosa ciudad de Seattle y la serena frontera del condado de Snohomish, Shoreline ofrece la combinaci\u00f3n ideal de\u2026<\/p>","protected":false},"author":10,"featured_media":0,"parent":0,"menu_order":0,"comment_status":"closed","ping_status":"closed","template":"","meta":{"_acf_changed":false,"_genesis_hide_title":false,"_genesis_hide_breadcrumbs":false,"_genesis_hide_singular_image":false,"_genesis_hide_footer_widgets":false,"_genesis_custom_body_class":"","_genesis_custom_post_class":"","_genesis_layout":"","footnotes":""},"hc_faqs":[],"class_list":{"0":"post-20289","1":"page","2":"type-page","3":"status-publish","5":"hc_city_location-shoreline","6":"entry"},"acf":[],"yoast_head":"<!-- This site is optimized with the Yoast SEO plugin v27.2 - https:\/\/yoast.com\/product\/yoast-seo-wordpress\/ -->\n<title>Personal Injury Lawyer in Shoreline | Free Case Review<\/title>\n<meta name=\"description\" content=\"Shoreline Personal Injury Lawyer: Premier Law Group helps you unlock the full compensation you deserve. No Fee Unless We Win.\" \/>\n<meta name=\"robots\" content=\"index, follow, max-snippet:-1, max-image-preview:large, max-video-preview:-1\" \/>\n<link rel=\"canonical\" href=\"https:\/\/plg-pllc.com\/es\/shoreline\/personal-injury-lawyer\/\" \/>\n<meta property=\"og:locale\" content=\"es_MX\" \/>\n<meta property=\"og:type\" content=\"article\" \/>\n<meta property=\"og:title\" content=\"Personal Injury Lawyer in Shoreline | Free Case Review\" \/>\n<meta property=\"og:description\" content=\"Shoreline Personal Injury Lawyer: Premier Law Group helps you unlock the full compensation you deserve. No Fee Unless We Win.\" \/>\n<meta property=\"og:url\" content=\"https:\/\/plg-pllc.com\/es\/shoreline\/personal-injury-lawyer\/\" \/>\n<meta property=\"og:site_name\" content=\"Premier Law Group\" \/>\n<meta property=\"article:publisher\" content=\"https:\/\/www.facebook.com\/premierlawgroup\" \/>\n<meta property=\"article:modified_time\" content=\"2024-10-15T06:21:39+00:00\" \/>\n<meta name=\"twitter:card\" content=\"summary_large_image\" \/>\n<meta name=\"twitter:site\" content=\"@premierlawgroup\" \/>\n<meta name=\"twitter:label1\" content=\"Tiempo de lectura\" \/>\n\t<meta name=\"twitter:data1\" content=\"3 minutos\" \/>\n<script type=\"application\/ld+json\" class=\"yoast-schema-graph\">{\"@context\":\"https:\/\/schema.org\",\"@graph\":[{\"@type\":\"WebPage\",\"@id\":\"https:\/\/plg-pllc.com\/shoreline\/personal-injury-lawyer\/\",\"url\":\"https:\/\/plg-pllc.com\/shoreline\/personal-injury-lawyer\/\",\"name\":\"Personal Injury Lawyer in Shoreline | Free Case Review\",\"isPartOf\":{\"@id\":\"https:\/\/plg-pllc.com\/#website\"},\"datePublished\":\"2024-03-06T15:23:02+00:00\",\"dateModified\":\"2024-10-15T06:21:39+00:00\",\"description\":\"Shoreline Personal Injury Lawyer: Premier Law Group helps you unlock the full compensation you deserve. No Fee Unless We Win.\",\"breadcrumb\":{\"@id\":\"https:\/\/plg-pllc.com\/shoreline\/personal-injury-lawyer\/#breadcrumb\"},\"inLanguage\":\"es\",\"potentialAction\":[{\"@type\":\"ReadAction\",\"target\":[\"https:\/\/plg-pllc.com\/shoreline\/personal-injury-lawyer\/\"]}]},{\"@type\":\"BreadcrumbList\",\"@id\":\"https:\/\/plg-pllc.com\/shoreline\/personal-injury-lawyer\/#breadcrumb\",\"itemListElement\":[{\"@type\":\"ListItem\",\"position\":1,\"name\":\"Home\",\"item\":\"https:\/\/plg-pllc.com\/es\/\"},{\"@type\":\"ListItem\",\"position\":2,\"name\":\"Shoreline Personal Injury Lawyer\"}]},{\"@type\":\"WebSite\",\"@id\":\"https:\/\/plg-pllc.com\/#website\",\"url\":\"https:\/\/plg-pllc.com\/\",\"name\":\"Premier Law Group\",\"description\":\"Washington Wrongful Death and Serious Injury Lawyer\",\"publisher\":{\"@id\":\"https:\/\/plg-pllc.com\/#organization\"},\"inLanguage\":\"es\"},{\"@type\":\"Organization\",\"@id\":\"https:\/\/plg-pllc.com\/#organization\",\"name\":\"Premier Law Group\",\"url\":\"https:\/\/plg-pllc.com\/\",\"logo\":{\"@type\":\"ImageObject\",\"inLanguage\":\"es\",\"@id\":\"https:\/\/plg-pllc.com\/#\/schema\/logo\/image\/\",\"url\":\"https:\/\/plg-pllc.com\/wp-content\/uploads\/2020\/10\/plg-logo-v2.gif\",\"contentUrl\":\"https:\/\/plg-pllc.com\/wp-content\/uploads\/2020\/10\/plg-logo-v2.gif\",\"width\":592,\"height\":191,\"caption\":\"Premier Law Group\"},\"image\":{\"@id\":\"https:\/\/plg-pllc.com\/#\/schema\/logo\/image\/\"},\"sameAs\":[\"https:\/\/www.facebook.com\/premierlawgroup\",\"https:\/\/x.com\/premierlawgroup\"]}]}<\/script>\n<!-- \/ Yoast SEO plugin. -->","yoast_head_json":{"title":"Abogado de lesiones personales en Shoreline | Revisi\u00f3n gratuita de casos","description":"Abogado de lesiones personales en Shoreline: Premier Law Group lo ayuda a obtener la compensaci\u00f3n total que se merece. Sin honorarios a menos que ganemos.","robots":{"index":"index","follow":"follow","max-snippet":"max-snippet:-1","max-image-preview":"max-image-preview:large","max-video-preview":"max-video-preview:-1"},"canonical":"https:\/\/plg-pllc.com\/es\/shoreline\/personal-injury-lawyer\/","og_locale":"es_MX","og_type":"article","og_title":"Personal Injury Lawyer in Shoreline | Free Case Review","og_description":"Shoreline Personal Injury Lawyer: Premier Law Group helps you unlock the full compensation you deserve. No Fee Unless We Win.","og_url":"https:\/\/plg-pllc.com\/es\/shoreline\/personal-injury-lawyer\/","og_site_name":"Premier Law Group","article_publisher":"https:\/\/www.facebook.com\/premierlawgroup","article_modified_time":"2024-10-15T06:21:39+00:00","twitter_card":"summary_large_image","twitter_site":"@premierlawgroup","twitter_misc":{"Tiempo de lectura":"3 minutos"},"schema":{"@context":"https:\/\/schema.org","@graph":[{"@type":"WebPage","@id":"https:\/\/plg-pllc.com\/shoreline\/personal-injury-lawyer\/","url":"https:\/\/plg-pllc.com\/shoreline\/personal-injury-lawyer\/","name":"Abogado de lesiones personales en Shoreline | Revisi\u00f3n gratuita de casos","isPartOf":{"@id":"https:\/\/plg-pllc.com\/#website"},"datePublished":"2024-03-06T15:23:02+00:00","dateModified":"2024-10-15T06:21:39+00:00","description":"Abogado de lesiones personales en Shoreline: Premier Law Group lo ayuda a obtener la compensaci\u00f3n total que se merece. Sin honorarios a menos que ganemos.","breadcrumb":{"@id":"https:\/\/plg-pllc.com\/shoreline\/personal-injury-lawyer\/#breadcrumb"},"inLanguage":"es","potentialAction":[{"@type":"ReadAction","target":["https:\/\/plg-pllc.com\/shoreline\/personal-injury-lawyer\/"]}]},{"@type":"BreadcrumbList","@id":"https:\/\/plg-pllc.com\/shoreline\/personal-injury-lawyer\/#breadcrumb","itemListElement":[{"@type":"ListItem","position":1,"name":"Home","item":"https:\/\/plg-pllc.com\/es\/"},{"@type":"ListItem","position":2,"name":"Shoreline Personal Injury Lawyer"}]},{"@type":"WebSite","@id":"https:\/\/plg-pllc.com\/#website","url":"https:\/\/plg-pllc.com\/","name":"Grupo de abogados Premier","description":"Abogado de muerte por negligencia y lesiones graves en Washington","publisher":{"@id":"https:\/\/plg-pllc.com\/#organization"},"inLanguage":"es"},{"@type":"Organization","@id":"https:\/\/plg-pllc.com\/#organization","name":"Grupo de abogados Premier","url":"https:\/\/plg-pllc.com\/","logo":{"@type":"ImageObject","inLanguage":"es","@id":"https:\/\/plg-pllc.com\/#\/schema\/logo\/image\/","url":"https:\/\/plg-pllc.com\/wp-content\/uploads\/2020\/10\/plg-logo-v2.gif","contentUrl":"https:\/\/plg-pllc.com\/wp-content\/uploads\/2020\/10\/plg-logo-v2.gif","width":592,"height":191,"caption":"Premier Law Group"},"image":{"@id":"https:\/\/plg-pllc.com\/#\/schema\/logo\/image\/"},"sameAs":["https:\/\/www.facebook.com\/premierlawgroup","https:\/\/x.com\/premierlawgroup"]}]}},"_links":{"self":[{"href":"https:\/\/plg-pllc.com\/es\/wp-json\/wp\/v2\/pages\/20289","targetHints":{"allow":["GET"]}}],"collection":[{"href":"https:\/\/plg-pllc.com\/es\/wp-json\/wp\/v2\/pages"}],"about":[{"href":"https:\/\/plg-pllc.com\/es\/wp-json\/wp\/v2\/types\/page"}],"author":[{"embeddable":true,"href":"https:\/\/plg-pllc.com\/es\/wp-json\/wp\/v2\/users\/10"}],"replies":[{"embeddable":true,"href":"https:\/\/plg-pllc.com\/es\/wp-json\/wp\/v2\/comments?post=20289"}],"version-history":[{"count":0,"href":"https:\/\/plg-pllc.com\/es\/wp-json\/wp\/v2\/pages\/20289\/revisions"}],"wp:attachment":[{"href":"https:\/\/plg-pllc.com\/es\/wp-json\/wp\/v2\/media?parent=20289"}],"wp:term":[{"taxonomy":"hc_faqs","embeddable":true,"href":"https:\/\/plg-pllc.com\/es\/wp-json\/wp\/v2\/hc_faqs?post=20289"}],"curies":[{"name":"gracias","href":"https:\/\/api.w.org\/{rel}","templated":true}]}}