{"id":20290,"date":"2024-03-06T07:31:46","date_gmt":"2024-03-06T15:31:46","guid":{"rendered":"https:\/\/plg-pllc.com\/?page_id=20290"},"modified":"2024-11-07T04:12:13","modified_gmt":"2024-11-07T12:12:13","slug":"personal-injury-attorney-burien","status":"publish","type":"page","link":"https:\/\/plg-pllc.com\/es\/burien\/personal-injury-lawyer\/","title":{"rendered":"Abogado de lesiones personales en Burien"},"content":{"rendered":"<p>Burien, WA, ubicada a tiro de piedra de Seattle, ofrece a sus residentes el encanto de las tiendas y restaurantes \u00fanicos de Olde Burien junto con la vitalidad de su escena art\u00edstica y de entretenimiento en el centro de la ciudad. Con kil\u00f3metros de costa y playas en Puget Sound, incluido el famoso Seahurst Park, Burien presenta un entorno id\u00edlico tanto para la relajaci\u00f3n como para la aventura. Sin embargo, este pintoresco estilo de vida conlleva su cuota de riesgos, en particular para quienes viajan a Seattle por trabajo o recreaci\u00f3n. Pueden ocurrir accidentes de tr\u00e1nsito, lo que deja a las personas en necesidad de asistencia legal experta.<\/p>\r\n\r\n\r\n\r\n<p><strong>Premier Law Group: Defendiendo a los residentes de Burien<\/strong><\/p>\r\n\r\n\r\n\r\n<p>Premier Law Group est\u00e1 listo para ayudar a los residentes de Burien que enfrentan las consecuencias de lesiones personales. Ya sea que est\u00e9 viajando hacia Seattle o disfrutando de un d\u00eda al aire libre en Seahurst Park, entendemos que los accidentes pueden ocurrir en cualquier momento y estamos listos para ayudarlo cuando ocurren.<\/p>\r\n\r\n\r\n\r\n<p><strong>Servicios legales personalizados para el estilo de vida de Burien<\/strong><\/p>\r\n\r\n\r\n\r\n<p>Nuestro enfoque se basa en la comprensi\u00f3n del estilo de vida \u00fanico de Burien y sus posibles peligros. Premier Law Group ofrece servicios legales integrales adaptados a las necesidades de los residentes de Burien:<\/p>\r\n\r\n\r\n\r\n<ul class=\"wp-block-list\">\r\n<li><strong>Accidentes automovil\u00edsticos durante los desplazamientos<\/strong>:El viaje diario a Seattle o Seattle-Tacoma puede ser peligroso. Nos especializamos en representar a v\u00edctimas de accidentes de tr\u00e1nsito.<\/li>\r\n\r\n\r\n\r\n<li><strong>Accidentes de peatones y ciclistas<\/strong>:Con las atractivas \u00e1reas del centro y la costa de Burien, los incidentes con peatones y ciclistas no son poco comunes. Estamos aqu\u00ed para ayudar.<\/li>\r\n\r\n\r\n\r\n<li><strong>Accidentes con lesiones infantiles<\/strong>:Ya sea que est\u00e9n disfrutando de la belleza natural de Seahurst Park o de los eventos comunitarios en Town Square Park, nuestros ni\u00f1os pueden sufrir accidentes en cualquier momento. Nuestra experiencia abarca una amplia gama de reclamos por lesiones infantiles.<\/li>\r\n<\/ul>\r\n\r\n\r\n\r\n<p><strong>\u00bfPor qu\u00e9 elegir Premier Law Group?<\/strong><\/p>\r\n\r\n\r\n\r\n<p>Elegir Premier Law Group significa optar por un bufete de abogados que comprende profundamente las necesidades de la comunidad de Burien. Nuestro compromiso con la atenci\u00f3n personalizada, junto con nuestra experiencia en el manejo de diversas demandas por lesiones personales, nos distingue. Nos esforzamos por garantizar que los residentes de Burien puedan seguir disfrutando de las ofertas de su comunidad, sabiendo que cuentan con s\u00f3lidos defensores legales de su lado.<\/p>\r\n\r\n\r\n\r\n<h2 id=\"h-connect-with-us\" class=\"wp-block-heading\"><strong>Con\u00e9ctate con nosotros<\/strong><\/h2>\r\n\r\n\r\n\r\n<p>Si usted o un ser querido ha sufrido una lesi\u00f3n personal en Burien, WA, no dude en comunicarse con Premier Law Group. Nuestro equipo dedicado est\u00e1 comprometido a ayudarlo a abordar las complejidades de su reclamo y a luchar por la compensaci\u00f3n y la justicia que se merece.<\/p>\r\n\r\n\r\n\r\n<p>Para obtener m\u00e1s informaci\u00f3n o programar una consulta gratuita, visite nuestro <a href=\"https:\/\/plg-pllc.com\/contact-us\/\">P\u00e1gina de contacto<\/a> O ll\u00e1menos directamente. Perm\u00edtanos ser su aliado en estos tiempos dif\u00edciles y garantizar que sus derechos est\u00e9n protegidos en cada paso del camino.<\/p>\r\n\n        <div class=\"rs-content-cta\">\n            <p>Llamar o enviar mensaje de texto <a href=\"tel:+12062851743\">(206) 285-1743<\/a> o complete un formulario de evaluaci\u00f3n de caso gratuito<\/p>\n            <a href=\"https:\/\/plg-pllc.com\/es\/contact-us\/\" title=\"OBTENGA UNA EVALUACI\u00d3N DE CASO GRATUITA\" class=\"btn-global\">OBTENGA UNA EVALUACI\u00d3N DE CASO GRATUITA<\/a>\n                    <picture>\n                            <source srcset=\"https:\/\/plg-pllc.com\/wp-content\/themes\/plg-pllc-redesign\/assets\/app\/img\/cta-thumb.webp\" type=\"image\/webp\"\/>\n                            <img src=\"https:\/\/plg-pllc.com\/wp-content\/themes\/plg-pllc-redesign\/assets\/app\/img\/cta-thumb.png\" alt=\"Grupo de abogados Premier\" title=\"Grupo de abogados Premier\" width=\"245\" height=\"220\" loading=\"auto\" fetchpriority=\"auto\" decoding=\"async\"\/>\n        <\/picture>\n        \n        <\/div>","protected":false},"excerpt":{"rendered":"<p>Burien, WA, ubicada a un paso de Seattle, ofrece a sus residentes el encanto de las tiendas y restaurantes \u00fanicos de Olde Burien junto con la vitalidad de su escena art\u00edstica y de entretenimiento en el centro de la ciudad. Con kil\u00f3metros de costa y playas en Puget Sound, incluido el famoso Seahurst Park, Burien presenta un entorno id\u00edlico tanto para la relajaci\u00f3n como para la aventura. Sin embargo, esta \u2026<\/p>","protected":false},"author":10,"featured_media":0,"parent":0,"menu_order":0,"comment_status":"closed","ping_status":"closed","template":"","meta":{"_acf_changed":false,"_genesis_hide_title":false,"_genesis_hide_breadcrumbs":false,"_genesis_hide_singular_image":false,"_genesis_hide_footer_widgets":false,"_genesis_custom_body_class":"","_genesis_custom_post_class":"","_genesis_layout":"","footnotes":""},"hc_faqs":[],"class_list":{"0":"post-20290","1":"page","2":"type-page","3":"status-publish","5":"hc_city_location-burien","6":"entry"},"acf":[],"yoast_head":"<!-- This site is optimized with the Yoast SEO plugin v27.2 - https:\/\/yoast.com\/product\/yoast-seo-wordpress\/ -->\n<title>Personal Injury Lawyer in Burien | Free Case Review<\/title>\n<meta name=\"description\" content=\"Burien Personal Injury Lawyer: Premier Law Group helps you unlock the full compensation you deserve. No Fee Unless We Win.\" \/>\n<meta name=\"robots\" content=\"index, follow, max-snippet:-1, max-image-preview:large, max-video-preview:-1\" \/>\n<link rel=\"canonical\" href=\"https:\/\/plg-pllc.com\/es\/burien\/personal-injury-lawyer\/\" \/>\n<meta property=\"og:locale\" content=\"es_MX\" \/>\n<meta property=\"og:type\" content=\"article\" \/>\n<meta property=\"og:title\" content=\"Personal Injury Lawyer in Burien | Free Case Review\" \/>\n<meta property=\"og:description\" content=\"Burien Personal Injury Lawyer: Premier Law Group helps you unlock the full compensation you deserve. No Fee Unless We Win.\" \/>\n<meta property=\"og:url\" content=\"https:\/\/plg-pllc.com\/es\/burien\/personal-injury-lawyer\/\" \/>\n<meta property=\"og:site_name\" content=\"Premier Law Group\" \/>\n<meta property=\"article:publisher\" content=\"https:\/\/www.facebook.com\/premierlawgroup\" \/>\n<meta property=\"article:modified_time\" content=\"2024-11-07T12:12:13+00:00\" \/>\n<meta name=\"twitter:card\" content=\"summary_large_image\" \/>\n<meta name=\"twitter:site\" content=\"@premierlawgroup\" \/>\n<meta name=\"twitter:label1\" content=\"Tiempo de lectura\" \/>\n\t<meta name=\"twitter:data1\" content=\"2 minutos\" \/>\n<script type=\"application\/ld+json\" class=\"yoast-schema-graph\">{\"@context\":\"https:\/\/schema.org\",\"@graph\":[{\"@type\":\"WebPage\",\"@id\":\"https:\/\/plg-pllc.com\/burien\/personal-injury-lawyer\/\",\"url\":\"https:\/\/plg-pllc.com\/burien\/personal-injury-lawyer\/\",\"name\":\"Personal Injury Lawyer in Burien | Free Case Review\",\"isPartOf\":{\"@id\":\"https:\/\/plg-pllc.com\/#website\"},\"datePublished\":\"2024-03-06T15:31:46+00:00\",\"dateModified\":\"2024-11-07T12:12:13+00:00\",\"description\":\"Burien Personal Injury Lawyer: Premier Law Group helps you unlock the full compensation you deserve. No Fee Unless We Win.\",\"breadcrumb\":{\"@id\":\"https:\/\/plg-pllc.com\/burien\/personal-injury-lawyer\/#breadcrumb\"},\"inLanguage\":\"es\",\"potentialAction\":[{\"@type\":\"ReadAction\",\"target\":[\"https:\/\/plg-pllc.com\/burien\/personal-injury-lawyer\/\"]}]},{\"@type\":\"BreadcrumbList\",\"@id\":\"https:\/\/plg-pllc.com\/burien\/personal-injury-lawyer\/#breadcrumb\",\"itemListElement\":[{\"@type\":\"ListItem\",\"position\":1,\"name\":\"Home\",\"item\":\"https:\/\/plg-pllc.com\/es\/\"},{\"@type\":\"ListItem\",\"position\":2,\"name\":\"Burien Personal Injury Lawyer\"}]},{\"@type\":\"WebSite\",\"@id\":\"https:\/\/plg-pllc.com\/#website\",\"url\":\"https:\/\/plg-pllc.com\/\",\"name\":\"Premier Law Group\",\"description\":\"Washington Wrongful Death and Serious Injury Lawyer\",\"publisher\":{\"@id\":\"https:\/\/plg-pllc.com\/#organization\"},\"inLanguage\":\"es\"},{\"@type\":\"Organization\",\"@id\":\"https:\/\/plg-pllc.com\/#organization\",\"name\":\"Premier Law Group\",\"url\":\"https:\/\/plg-pllc.com\/\",\"logo\":{\"@type\":\"ImageObject\",\"inLanguage\":\"es\",\"@id\":\"https:\/\/plg-pllc.com\/#\/schema\/logo\/image\/\",\"url\":\"https:\/\/plg-pllc.com\/wp-content\/uploads\/2020\/10\/plg-logo-v2.gif\",\"contentUrl\":\"https:\/\/plg-pllc.com\/wp-content\/uploads\/2020\/10\/plg-logo-v2.gif\",\"width\":592,\"height\":191,\"caption\":\"Premier Law Group\"},\"image\":{\"@id\":\"https:\/\/plg-pllc.com\/#\/schema\/logo\/image\/\"},\"sameAs\":[\"https:\/\/www.facebook.com\/premierlawgroup\",\"https:\/\/x.com\/premierlawgroup\"]}]}<\/script>\n<!-- \/ Yoast SEO plugin. -->","yoast_head_json":{"title":"Abogado de lesiones personales en Burien | Revisi\u00f3n gratuita de casos","description":"Abogado de lesiones personales en Burien: Premier Law Group lo ayuda a obtener la compensaci\u00f3n total que se merece. Sin cargo a menos que ganemos.","robots":{"index":"index","follow":"follow","max-snippet":"max-snippet:-1","max-image-preview":"max-image-preview:large","max-video-preview":"max-video-preview:-1"},"canonical":"https:\/\/plg-pllc.com\/es\/burien\/personal-injury-lawyer\/","og_locale":"es_MX","og_type":"article","og_title":"Personal Injury Lawyer in Burien | Free Case Review","og_description":"Burien Personal Injury Lawyer: Premier Law Group helps you unlock the full compensation you deserve. No Fee Unless We Win.","og_url":"https:\/\/plg-pllc.com\/es\/burien\/personal-injury-lawyer\/","og_site_name":"Premier Law Group","article_publisher":"https:\/\/www.facebook.com\/premierlawgroup","article_modified_time":"2024-11-07T12:12:13+00:00","twitter_card":"summary_large_image","twitter_site":"@premierlawgroup","twitter_misc":{"Tiempo de lectura":"2 minutos"},"schema":{"@context":"https:\/\/schema.org","@graph":[{"@type":"WebPage","@id":"https:\/\/plg-pllc.com\/burien\/personal-injury-lawyer\/","url":"https:\/\/plg-pllc.com\/burien\/personal-injury-lawyer\/","name":"Abogado de lesiones personales en Burien | Revisi\u00f3n gratuita de casos","isPartOf":{"@id":"https:\/\/plg-pllc.com\/#website"},"datePublished":"2024-03-06T15:31:46+00:00","dateModified":"2024-11-07T12:12:13+00:00","description":"Abogado de lesiones personales en Burien: Premier Law Group lo ayuda a obtener la compensaci\u00f3n total que se merece. Sin cargo a menos que ganemos.","breadcrumb":{"@id":"https:\/\/plg-pllc.com\/burien\/personal-injury-lawyer\/#breadcrumb"},"inLanguage":"es","potentialAction":[{"@type":"ReadAction","target":["https:\/\/plg-pllc.com\/burien\/personal-injury-lawyer\/"]}]},{"@type":"BreadcrumbList","@id":"https:\/\/plg-pllc.com\/burien\/personal-injury-lawyer\/#breadcrumb","itemListElement":[{"@type":"ListItem","position":1,"name":"Home","item":"https:\/\/plg-pllc.com\/es\/"},{"@type":"ListItem","position":2,"name":"Burien Personal Injury Lawyer"}]},{"@type":"WebSite","@id":"https:\/\/plg-pllc.com\/#website","url":"https:\/\/plg-pllc.com\/","name":"Grupo de abogados Premier","description":"Abogado de muerte por negligencia y lesiones graves en Washington","publisher":{"@id":"https:\/\/plg-pllc.com\/#organization"},"inLanguage":"es"},{"@type":"Organization","@id":"https:\/\/plg-pllc.com\/#organization","name":"Grupo de abogados Premier","url":"https:\/\/plg-pllc.com\/","logo":{"@type":"ImageObject","inLanguage":"es","@id":"https:\/\/plg-pllc.com\/#\/schema\/logo\/image\/","url":"https:\/\/plg-pllc.com\/wp-content\/uploads\/2020\/10\/plg-logo-v2.gif","contentUrl":"https:\/\/plg-pllc.com\/wp-content\/uploads\/2020\/10\/plg-logo-v2.gif","width":592,"height":191,"caption":"Premier Law Group"},"image":{"@id":"https:\/\/plg-pllc.com\/#\/schema\/logo\/image\/"},"sameAs":["https:\/\/www.facebook.com\/premierlawgroup","https:\/\/x.com\/premierlawgroup"]}]}},"_links":{"self":[{"href":"https:\/\/plg-pllc.com\/es\/wp-json\/wp\/v2\/pages\/20290","targetHints":{"allow":["GET"]}}],"collection":[{"href":"https:\/\/plg-pllc.com\/es\/wp-json\/wp\/v2\/pages"}],"about":[{"href":"https:\/\/plg-pllc.com\/es\/wp-json\/wp\/v2\/types\/page"}],"author":[{"embeddable":true,"href":"https:\/\/plg-pllc.com\/es\/wp-json\/wp\/v2\/users\/10"}],"replies":[{"embeddable":true,"href":"https:\/\/plg-pllc.com\/es\/wp-json\/wp\/v2\/comments?post=20290"}],"version-history":[{"count":0,"href":"https:\/\/plg-pllc.com\/es\/wp-json\/wp\/v2\/pages\/20290\/revisions"}],"wp:attachment":[{"href":"https:\/\/plg-pllc.com\/es\/wp-json\/wp\/v2\/media?parent=20290"}],"wp:term":[{"taxonomy":"hc_faqs","embeddable":true,"href":"https:\/\/plg-pllc.com\/es\/wp-json\/wp\/v2\/hc_faqs?post=20290"}],"curies":[{"name":"gracias","href":"https:\/\/api.w.org\/{rel}","templated":true}]}}