{"id":20294,"date":"2024-03-06T08:17:25","date_gmt":"2024-03-06T16:17:25","guid":{"rendered":"https:\/\/plg-pllc.com\/?page_id=20294"},"modified":"2024-10-14T22:14:30","modified_gmt":"2024-10-15T05:14:30","slug":"personal-injury-attorney-seatac","status":"publish","type":"page","link":"https:\/\/plg-pllc.com\/es\/seatac\/personal-injury-lawyer\/","title":{"rendered":"Abogado de lesiones personales en Seatac"},"content":{"rendered":"<p>SeaTac, WA, una ciudad famosa por su diversidad cultural y econ\u00f3mica, es una comunidad activa que se encuentra en una posici\u00f3n privilegiada entre Seattle y Tacoma. Esta ubicaci\u00f3n estrat\u00e9gica no solo ofrece un acceso conveniente a los principales centros urbanos y al aeropuerto de Sea-Tac, sino que tambi\u00e9n coloca a los residentes y visitantes muy cerca de la belleza natural de Puget Sound y de una variedad de servicios al aire libre. Sin embargo, a medida que SeaTac contin\u00faa desarroll\u00e1ndose y atrayendo a m\u00e1s viajeros y empresas, es comprensible que aumente la posibilidad de que se produzcan incidentes con lesiones personales, desde accidentes de tr\u00e1fico hasta contratiempos en la construcci\u00f3n.<\/p>\r\n\r\n\r\n\r\n<h2 id=\"h-premier-law-group-your-legal-partner-in-seatac-s-dynamic-environment\" class=\"wp-block-heading\"><strong>Premier Law Group: su socio legal en el entorno din\u00e1mico de SeaTac<\/strong><\/h2>\r\n\r\n\r\n\r\n<p>En el cambiante panorama de SeaTac, Premier Law Group se mantiene como un aliado firme para quienes enfrentan desaf\u00edos de lesiones personales. Entendemos que el crecimiento de SeaTac, si bien es beneficioso para la comunidad, conlleva un mayor riesgo de accidentes y lesiones, que afectan todo, desde los desplazamientos diarios hasta las actividades de ocio.<\/p>\r\n\r\n\r\n\r\n<h2 id=\"h-proactive-legal-services-for-a-diverse-community\" class=\"wp-block-heading\"><strong>Servicios jur\u00eddicos proactivos para una comunidad diversa<\/strong><\/h2>\r\n\r\n\r\n\r\n<p>Las oportunidades de desarrollo de SeaTac y su atractivo sistema de parques brindan un marco para una variedad de actividades. Sin embargo, estas mismas caracter\u00edsticas pueden provocar incidentes con lesiones personales:<\/p>\r\n\r\n\r\n\r\n<ul class=\"wp-block-list\">\r\n<li><strong>Accidentes de tr\u00e1fico en plena actividad laboral<\/strong>:Con muchos residentes que viajan diariamente hacia y desde Seattle o Tacoma, el riesgo de sufrir accidentes de autom\u00f3vil, motocicleta y cami\u00f3n aumenta. Nuestra firma se especializa en representar a las v\u00edctimas de este tipo de accidentes, asegur\u00e1ndose de que reciban apoyo legal integral.<\/li>\r\n\r\n\r\n\r\n<li><strong>Mordeduras de perros y lesiones infantiles en espacios p\u00fablicos<\/strong>:Los excelentes parques y vecindarios de la ciudad son perfectos para familias y amantes de las actividades al aire libre, pero tambi\u00e9n presentan escenarios de mordeduras de perros o lesiones infantiles. Premier Law Group se compromete a proteger los derechos de los miembros m\u00e1s j\u00f3venes y vulnerables de nuestra comunidad.<\/li>\r\n\r\n\r\n\r\n<li><strong>Accidentes en la construcci\u00f3n durante la expansi\u00f3n econ\u00f3mica<\/strong>:El enfoque de SeaTac en el crecimiento y desarrollo econ\u00f3mico es evidente en sus numerosos proyectos de construcci\u00f3n. Nuestra experiencia se extiende a la representaci\u00f3n de personas lesionadas en accidentes de construcci\u00f3n, navegando por el complejo panorama legal para asegurar la compensaci\u00f3n que les corresponde.<\/li>\r\n<\/ul>\r\n\r\n\r\n\r\n<h2 id=\"h-understanding-seatac-s-unique-challenges\" class=\"wp-block-heading\"><strong>Comprender los desaf\u00edos \u00fanicos de SeaTac<\/strong><\/h2>\r\n\r\n\r\n\r\n<p>La combinaci\u00f3n \u00fanica de conveniencia urbana y proximidad a paisajes naturales de la ciudad posiciona a SeaTac como un lugar atractivo para vivir y trabajar. Sin embargo, este entorno din\u00e1mico requiere una protecci\u00f3n legal vigilante tanto para los residentes como para los visitantes. Premier Law Group tiene experiencia en abordar las diversas necesidades legales de la poblaci\u00f3n de SeaTac y brinda orientaci\u00f3n y apoyo expertos en diversos asuntos relacionados con lesiones personales.<\/p>\r\n\r\n\r\n\r\n\n        <div class=\"rs-content-cta long\">\n            <p>Para una consulta legal GRATUITA con un abogado de lesiones personales que preste servicios en Seatac, llame al <a href=\"tel:+12062851743\">(206) 285-1743 <\/a><\/p>\n            <a href=\"https:\/\/plg-pllc.com\/es\/contact-us\/\" title=\"OBTENGA UNA EVALUACI\u00d3N DE CASO GRATUITA\" class=\"btn-global\">OBTENGA UNA EVALUACI\u00d3N DE CASO GRATUITA<\/a>\n                    <picture>\n                            <source srcset=\"https:\/\/plg-pllc.com\/wp-content\/themes\/plg-pllc-redesign\/assets\/app\/img\/cta-thumb.webp\" type=\"image\/webp\"\/>\n                            <img src=\"https:\/\/plg-pllc.com\/wp-content\/themes\/plg-pllc-redesign\/assets\/app\/img\/cta-thumb.png\" alt=\"Grupo de abogados Premier\" title=\"Grupo de abogados Premier\" width=\"245\" height=\"220\" loading=\"auto\" fetchpriority=\"auto\" decoding=\"async\"\/>\n        <\/picture>\n        \n        <\/div><h2 id=\"h-reach-out-for-trusted-legal-assistance-in-seatac\" class=\"wp-block-heading\"><strong>Busque asistencia legal confiable en SeaTac<\/strong><\/h2>\r\n\r\n\r\n\r\n<p>Si ha sufrido una lesi\u00f3n personal en SeaTac, WA, ya sea debido a una colisi\u00f3n de tr\u00e1fico, un accidente recreativo o un incidente en una obra de construcci\u00f3n, Premier Law Group est\u00e1 aqu\u00ed para ayudarlo. Nuestra dedicaci\u00f3n a la comunidad de SeaTac nos impulsa a ofrecer soluciones legales personalizadas y efectivas, lo que garantiza que pueda concentrarse en la recuperaci\u00f3n y seguir adelante.<\/p>\r\n\r\n\r\n\r\n<p>Para una consulta gratuita y para obtener m\u00e1s informaci\u00f3n sobre c\u00f3mo podemos ayudarlo, visite nuestro <a href=\"https:\/\/plg-pllc.com\/contact-us\/\">P\u00e1gina de contacto<\/a> O ll\u00e1menos. Deje que Premier Law Group sea su defensor en SeaTac y aborde las complejidades de la ley de lesiones personales con experiencia y compasi\u00f3n.<\/p>\r\n\n        <div class=\"rs-content-cta\">\n            <p>Llamar o enviar mensaje de texto <a href=\"tel:+12062851743\">(206) 285-1743<\/a> o complete un formulario de evaluaci\u00f3n de caso gratuito<\/p>\n            <a href=\"https:\/\/plg-pllc.com\/es\/contact-us\/\" title=\"OBTENGA UNA EVALUACI\u00d3N DE CASO GRATUITA\" class=\"btn-global\">OBTENGA UNA EVALUACI\u00d3N DE CASO GRATUITA<\/a>\n                    <picture>\n                            <source srcset=\"https:\/\/plg-pllc.com\/wp-content\/themes\/plg-pllc-redesign\/assets\/app\/img\/cta-thumb.webp\" type=\"image\/webp\"\/>\n                            <img src=\"https:\/\/plg-pllc.com\/wp-content\/themes\/plg-pllc-redesign\/assets\/app\/img\/cta-thumb.png\" alt=\"Grupo de abogados Premier\" title=\"Grupo de abogados Premier\" width=\"245\" height=\"220\" loading=\"auto\" fetchpriority=\"auto\" decoding=\"async\"\/>\n        <\/picture>\n        \n        <\/div>","protected":false},"excerpt":{"rendered":"<p>SeaTac, WA, una ciudad famosa por su diversidad cultural y econ\u00f3mica, es una comunidad activa con una ubicaci\u00f3n \u00fanica entre Seattle y Tacoma. Esta ubicaci\u00f3n estrat\u00e9gica no solo ofrece un acceso conveniente a los principales centros urbanos y al aeropuerto de Sea-Tac, sino que tambi\u00e9n coloca a los residentes y visitantes muy cerca de la belleza natural de Puget Sound y de una gran variedad de lugares \u2026<\/p>","protected":false},"author":10,"featured_media":0,"parent":0,"menu_order":0,"comment_status":"closed","ping_status":"closed","template":"","meta":{"_acf_changed":false,"_genesis_hide_title":false,"_genesis_hide_breadcrumbs":false,"_genesis_hide_singular_image":false,"_genesis_hide_footer_widgets":false,"_genesis_custom_body_class":"","_genesis_custom_post_class":"","_genesis_layout":"","footnotes":""},"hc_faqs":[],"class_list":{"0":"post-20294","1":"page","2":"type-page","3":"status-publish","5":"hc_city_location-seatac","6":"entry"},"acf":[],"yoast_head":"<!-- This site is optimized with the Yoast SEO plugin v27.4 - https:\/\/yoast.com\/product\/yoast-seo-wordpress\/ -->\n<title>Personal Injury Lawyer in Seatac | Free Case Review<\/title>\n<meta name=\"description\" content=\"Seatac Personal Injury Lawyer: Premier Law Group helps you unlock the full compensation you deserve. No Fee Unless We Win.\" \/>\n<meta name=\"robots\" content=\"index, follow, max-snippet:-1, max-image-preview:large, max-video-preview:-1\" \/>\n<link rel=\"canonical\" href=\"https:\/\/plg-pllc.com\/es\/seatac\/personal-injury-lawyer\/\" \/>\n<meta property=\"og:locale\" content=\"es_MX\" \/>\n<meta property=\"og:type\" content=\"article\" \/>\n<meta property=\"og:title\" content=\"Personal Injury Lawyer in Seatac | Free Case Review\" \/>\n<meta property=\"og:description\" content=\"Seatac Personal Injury Lawyer: Premier Law Group helps you unlock the full compensation you deserve. No Fee Unless We Win.\" \/>\n<meta property=\"og:url\" content=\"https:\/\/plg-pllc.com\/es\/seatac\/personal-injury-lawyer\/\" \/>\n<meta property=\"og:site_name\" content=\"Premier Law Group\" \/>\n<meta property=\"article:publisher\" content=\"https:\/\/www.facebook.com\/premierlawgroup\" \/>\n<meta property=\"article:modified_time\" content=\"2024-10-15T05:14:30+00:00\" \/>\n<meta name=\"twitter:card\" content=\"summary_large_image\" \/>\n<meta name=\"twitter:site\" content=\"@premierlawgroup\" \/>\n<meta name=\"twitter:label1\" content=\"Tiempo de lectura\" \/>\n\t<meta name=\"twitter:data1\" content=\"3 minutos\" \/>\n<script type=\"application\/ld+json\" class=\"yoast-schema-graph\">{\"@context\":\"https:\\\/\\\/schema.org\",\"@graph\":[{\"@type\":\"WebPage\",\"@id\":\"https:\\\/\\\/plg-pllc.com\\\/seatac\\\/personal-injury-lawyer\\\/\",\"url\":\"https:\\\/\\\/plg-pllc.com\\\/seatac\\\/personal-injury-lawyer\\\/\",\"name\":\"Personal Injury Lawyer in Seatac | Free Case Review\",\"isPartOf\":{\"@id\":\"https:\\\/\\\/plg-pllc.com\\\/#website\"},\"datePublished\":\"2024-03-06T16:17:25+00:00\",\"dateModified\":\"2024-10-15T05:14:30+00:00\",\"description\":\"Seatac Personal Injury Lawyer: Premier Law Group helps you unlock the full compensation you deserve. No Fee Unless We Win.\",\"breadcrumb\":{\"@id\":\"https:\\\/\\\/plg-pllc.com\\\/seatac\\\/personal-injury-lawyer\\\/#breadcrumb\"},\"inLanguage\":\"es\",\"potentialAction\":[{\"@type\":\"ReadAction\",\"target\":[\"https:\\\/\\\/plg-pllc.com\\\/seatac\\\/personal-injury-lawyer\\\/\"]}]},{\"@type\":\"BreadcrumbList\",\"@id\":\"https:\\\/\\\/plg-pllc.com\\\/seatac\\\/personal-injury-lawyer\\\/#breadcrumb\",\"itemListElement\":[{\"@type\":\"ListItem\",\"position\":1,\"name\":\"Home\",\"item\":\"https:\\\/\\\/plg-pllc.com\\\/es\\\/\"},{\"@type\":\"ListItem\",\"position\":2,\"name\":\"Seatac Personal Injury Lawyer\"}]},{\"@type\":\"WebSite\",\"@id\":\"https:\\\/\\\/plg-pllc.com\\\/#website\",\"url\":\"https:\\\/\\\/plg-pllc.com\\\/\",\"name\":\"Premier Law Group\",\"description\":\"Washington Wrongful Death and Serious Injury Lawyer\",\"publisher\":{\"@id\":\"https:\\\/\\\/plg-pllc.com\\\/#organization\"},\"inLanguage\":\"es\"},{\"@type\":\"Organization\",\"@id\":\"https:\\\/\\\/plg-pllc.com\\\/#organization\",\"name\":\"Premier Law Group\",\"url\":\"https:\\\/\\\/plg-pllc.com\\\/\",\"logo\":{\"@type\":\"ImageObject\",\"inLanguage\":\"es\",\"@id\":\"https:\\\/\\\/plg-pllc.com\\\/#\\\/schema\\\/logo\\\/image\\\/\",\"url\":\"https:\\\/\\\/plg-pllc.com\\\/wp-content\\\/uploads\\\/2020\\\/10\\\/plg-logo-v2.gif\",\"contentUrl\":\"https:\\\/\\\/plg-pllc.com\\\/wp-content\\\/uploads\\\/2020\\\/10\\\/plg-logo-v2.gif\",\"width\":592,\"height\":191,\"caption\":\"Premier Law Group\"},\"image\":{\"@id\":\"https:\\\/\\\/plg-pllc.com\\\/#\\\/schema\\\/logo\\\/image\\\/\"},\"sameAs\":[\"https:\\\/\\\/www.facebook.com\\\/premierlawgroup\",\"https:\\\/\\\/x.com\\\/premierlawgroup\"]}]}<\/script>\n<!-- \/ Yoast SEO plugin. -->","yoast_head_json":{"title":"Abogado de lesiones personales en Seatac | Revisi\u00f3n gratuita de casos","description":"Abogado de lesiones personales de Seatac: Premier Law Group lo ayuda a obtener la compensaci\u00f3n total que se merece. Sin honorarios a menos que ganemos.","robots":{"index":"index","follow":"follow","max-snippet":"max-snippet:-1","max-image-preview":"max-image-preview:large","max-video-preview":"max-video-preview:-1"},"canonical":"https:\/\/plg-pllc.com\/es\/seatac\/personal-injury-lawyer\/","og_locale":"es_MX","og_type":"article","og_title":"Personal Injury Lawyer in Seatac | Free Case Review","og_description":"Seatac Personal Injury Lawyer: Premier Law Group helps you unlock the full compensation you deserve. No Fee Unless We Win.","og_url":"https:\/\/plg-pllc.com\/es\/seatac\/personal-injury-lawyer\/","og_site_name":"Premier Law Group","article_publisher":"https:\/\/www.facebook.com\/premierlawgroup","article_modified_time":"2024-10-15T05:14:30+00:00","twitter_card":"summary_large_image","twitter_site":"@premierlawgroup","twitter_misc":{"Tiempo de lectura":"3 minutos"},"schema":{"@context":"https:\/\/schema.org","@graph":[{"@type":"WebPage","@id":"https:\/\/plg-pllc.com\/seatac\/personal-injury-lawyer\/","url":"https:\/\/plg-pllc.com\/seatac\/personal-injury-lawyer\/","name":"Abogado de lesiones personales en Seatac | Revisi\u00f3n gratuita de casos","isPartOf":{"@id":"https:\/\/plg-pllc.com\/#website"},"datePublished":"2024-03-06T16:17:25+00:00","dateModified":"2024-10-15T05:14:30+00:00","description":"Abogado de lesiones personales de Seatac: Premier Law Group lo ayuda a obtener la compensaci\u00f3n total que se merece. Sin honorarios a menos que ganemos.","breadcrumb":{"@id":"https:\/\/plg-pllc.com\/seatac\/personal-injury-lawyer\/#breadcrumb"},"inLanguage":"es","potentialAction":[{"@type":"ReadAction","target":["https:\/\/plg-pllc.com\/seatac\/personal-injury-lawyer\/"]}]},{"@type":"BreadcrumbList","@id":"https:\/\/plg-pllc.com\/seatac\/personal-injury-lawyer\/#breadcrumb","itemListElement":[{"@type":"ListItem","position":1,"name":"Home","item":"https:\/\/plg-pllc.com\/es\/"},{"@type":"ListItem","position":2,"name":"Seatac Personal Injury Lawyer"}]},{"@type":"WebSite","@id":"https:\/\/plg-pllc.com\/#website","url":"https:\/\/plg-pllc.com\/","name":"Grupo de abogados Premier","description":"Abogado de muerte por negligencia y lesiones graves en Washington","publisher":{"@id":"https:\/\/plg-pllc.com\/#organization"},"inLanguage":"es"},{"@type":"Organization","@id":"https:\/\/plg-pllc.com\/#organization","name":"Grupo de abogados Premier","url":"https:\/\/plg-pllc.com\/","logo":{"@type":"ImageObject","inLanguage":"es","@id":"https:\/\/plg-pllc.com\/#\/schema\/logo\/image\/","url":"https:\/\/plg-pllc.com\/wp-content\/uploads\/2020\/10\/plg-logo-v2.gif","contentUrl":"https:\/\/plg-pllc.com\/wp-content\/uploads\/2020\/10\/plg-logo-v2.gif","width":592,"height":191,"caption":"Premier Law Group"},"image":{"@id":"https:\/\/plg-pllc.com\/#\/schema\/logo\/image\/"},"sameAs":["https:\/\/www.facebook.com\/premierlawgroup","https:\/\/x.com\/premierlawgroup"]}]}},"_links":{"self":[{"href":"https:\/\/plg-pllc.com\/es\/wp-json\/wp\/v2\/pages\/20294","targetHints":{"allow":["GET"]}}],"collection":[{"href":"https:\/\/plg-pllc.com\/es\/wp-json\/wp\/v2\/pages"}],"about":[{"href":"https:\/\/plg-pllc.com\/es\/wp-json\/wp\/v2\/types\/page"}],"author":[{"embeddable":true,"href":"https:\/\/plg-pllc.com\/es\/wp-json\/wp\/v2\/users\/10"}],"replies":[{"embeddable":true,"href":"https:\/\/plg-pllc.com\/es\/wp-json\/wp\/v2\/comments?post=20294"}],"version-history":[{"count":0,"href":"https:\/\/plg-pllc.com\/es\/wp-json\/wp\/v2\/pages\/20294\/revisions"}],"wp:attachment":[{"href":"https:\/\/plg-pllc.com\/es\/wp-json\/wp\/v2\/media?parent=20294"}],"wp:term":[{"taxonomy":"hc_faqs","embeddable":true,"href":"https:\/\/plg-pllc.com\/es\/wp-json\/wp\/v2\/hc_faqs?post=20294"}],"curies":[{"name":"gracias","href":"https:\/\/api.w.org\/{rel}","templated":true}]}}