{"id":20302,"date":"2024-04-08T08:00:00","date_gmt":"2024-04-08T15:00:00","guid":{"rendered":"https:\/\/plg-pllc.com\/?p=20302"},"modified":"2024-11-07T04:12:18","modified_gmt":"2024-11-07T12:12:18","slug":"avoid-pedestrian-accidents-washington","status":"publish","type":"page","link":"https:\/\/plg-pllc.com\/es\/faqs\/avoid-pedestrian-accidents\/","title":{"rendered":"C\u00f3mo ocurren la mayor\u00eda de los accidentes de peatones y qu\u00e9 puede hacer para mantenerse a salvo en Washington"},"content":{"rendered":"<p>Lamentablemente, nuestras carreteras no son tan seguras como deber\u00edan ser para los peatones. <a href=\"https:\/\/www.nhtsa.gov\/road-safety\/pedestrian-safety\">Administraci\u00f3n Nacional de Seguridad del Tr\u00e1fico en las Carreteras (NHTSA)<\/a> Se estima que 7.388 peatones murieron y 60.000 resultaron heridos en colisiones de veh\u00edculos de motor en todo el pa\u00eds en 2021. <a href=\"https:\/\/remoteapps.wsdot.wa.gov\/highwaysafety\/collision\/data\/portal\/public\/\">Departamento de Transporte del Estado de Washington (WSDOT)<\/a> informa que hubo 1.865 colisiones de peatones confirmadas en nuestro estado en 2023. Desafortunadamente, 142 peatones murieron y muchos cientos m\u00e1s resultaron gravemente heridos en estos casos. Aqu\u00ed, nuestro <a href=\"https:\/\/plg-pllc.com\/washington\/pedestrian-accident-lawyer\/\">Abogado de accidentes de peatones en Washington<\/a> Explica las causas m\u00e1s comunes de colisiones de peatones y ofrece cinco consejos que puede utilizar para mantenerse seguro.\u00a0<\/p>\r\n\r\n\r\n\r\n<h2 id=\"h-the-most-common-reasons-why-pedestrian-crashes-happen-in-washington\" class=\"wp-block-heading\"><strong>Las razones m\u00e1s comunes por las que se producen accidentes de peatones en Washington<\/strong><\/h2>\r\n\r\n\r\n\r\n<p>Los accidentes de peatones ocurren por una amplia variedad de razones diferentes. Sin embargo, estos choques casi invariablemente comparten una caracter\u00edstica central: estos choques se pueden prevenir en gran medida si se toman las precauciones de seguridad adecuadas. Muchos accidentes de peatones comparten causas comunes. A continuaci\u00f3n, se presenta una descripci\u00f3n general de algunas de las razones m\u00e1s comunes por las que ocurren accidentes de peatones en Washington:\u00a0<\/p>\r\n\r\n\r\n\r\n<ul class=\"wp-block-list\">\r\n<li><strong>Conducci\u00f3n distra\u00edda: <\/strong>Una de las principales causas de los accidentes con peatones es la conducci\u00f3n distra\u00edda. Los conductores que utilizan tel\u00e9fonos inteligentes, sistemas de navegaci\u00f3n u otras distracciones en el veh\u00edculo tienen muchas menos probabilidades de notar a los peatones que cruzan la calle o caminan por la calzada. La falta de atenci\u00f3n puede provocar reacciones tard\u00edas. Una proporci\u00f3n significativa de los accidentes con peatones se deben a colisiones por conducci\u00f3n distra\u00edda.\u00a0<\/li>\r\n\r\n\r\n\r\n<li><strong>Exceso de velocidad: <\/strong>El exceso de velocidad es peligroso, especialmente en zonas urbanas donde hay muchos peatones. El exceso de velocidad no solo aumenta la probabilidad de accidentes con peatones, sino que tambi\u00e9n aumenta la gravedad de los mismos. El exceso de velocidad tambi\u00e9n reduce la eficacia de las medidas de seguridad vial dise\u00f1adas para proteger a los peatones.\u00a0<\/li>\r\n\r\n\r\n\r\n<li><strong>No ceder el paso: <\/strong>A menos que haya una se\u00f1al de tr\u00e1nsito que indique lo contrario, se supone que los peatones tienen el derecho de paso en las intersecciones de Washington. El hecho de no ceder el paso puede deberse a que los conductores no comprenden las leyes de tr\u00e1nsito, a su impaciencia o simplemente a que no se dan cuenta de la presencia de peatones.\u00a0<\/li>\r\n\r\n\r\n\r\n<li><strong>Conducir en estado de ebriedad: <\/strong>Conducir bajo los efectos del alcohol afecta el juicio, la coordinaci\u00f3n e incluso el tiempo de reacci\u00f3n de una persona. Los conductores ebrios tienen menos capacidad para reconocer el movimiento de los peatones y reaccionar adecuadamente, lo que aumenta el riesgo de accidentes con peatones. Un conductor ebrio debe rendir cuentas.\u00a0<\/li>\r\n\r\n\r\n\r\n<li><strong>Error de peat\u00f3n: <\/strong>No todos los accidentes con peatones son atribuidos a los conductores. Es posible que un peat\u00f3n sea considerado parcialmente (o totalmente) responsable de su propio accidente. Los errores de los peatones (desde cruzar la calle de forma imprudente hasta ignorar las se\u00f1ales de tr\u00e1nsito o caminar distra\u00eddos) pueden contribuir a accidentes graves. Los peatones deben proteger su propia seguridad de forma proactiva.\u00a0<\/li>\r\n<\/ul>\r\n\r\n\r\n\r\n<h2 id=\"h-five-tips-pedestrians-can-use-to-stay-safe-nbsp\" class=\"wp-block-heading\"><strong>Cinco consejos que los peatones pueden seguir para mantenerse seguros\u00a0<\/strong><\/h2>\r\n\r\n\r\n\r\n<h3 id=\"h-tip-1-following-traffic-signals-when-crossing-busy-streets\" class=\"wp-block-heading\"><strong><em>Consejo #1: Respete las se\u00f1ales de tr\u00e1nsito al cruzar calles con mucho tr\u00e1fico<\/em><\/strong><\/h3>\r\n\r\n\r\n\r\n<p>En Washington, los peatones tienen el deber de respetar las se\u00f1ales de tr\u00e1nsito (si las hay) al cruzar la calle. Tambi\u00e9n es una de las pr\u00e1cticas de seguridad m\u00e1s importantes para los peatones. Cruzar una calle sin respetar las se\u00f1ales de tr\u00e1nsito es peligroso. Los peatones siempre deben esperar a que se d\u00e9 la se\u00f1al de paso antes de cruzar y nunca dar por sentado que los conductores ceder\u00e1n el paso autom\u00e1ticamente. Respetar las se\u00f1ales no solo reducir\u00e1 el riesgo de sufrir un accidente, sino que tambi\u00e9n facilitar\u00e1 la presentaci\u00f3n de una reclamaci\u00f3n si se produce uno.\u00a0<\/p>\r\n\r\n\r\n\r\n<h3 id=\"h-tip-2-use-sidewalks-whenever-possible-nbsp\" class=\"wp-block-heading\"><strong><em>Consejo #2: Utilice las aceras siempre que sea posible\u00a0<\/em><\/strong><\/h3>\r\n\r\n\r\n\r\n<p>Lamentablemente, la infraestructura peatonal de Washington est\u00e1 lejos de ser perfecta. No hay aceras disponibles en todos los lugares. Muchos tramos de carreteras en \u00e1reas suburbanas y rurales carecen de aceras. Aun as\u00ed, cuando hay aceras, siempre debe utilizarlas. Incluso si solo hay una acera disponible en un lado de la carretera, es una buena pr\u00e1ctica cruzar la calle de manera segura y usar esa acera. Si no hay aceras, debe caminar de frente al tr\u00e1fico que viene en sentido contrario.\u00a0<\/p>\r\n\r\n\r\n\r\n<h3 id=\"h-tip-3-try-to-make-yourself-visible-to-drivers\" class=\"wp-block-heading\"><strong><em>Consejo #3: Intente hacerse visible para los conductores<\/em><\/strong><\/h3>\r\n\r\n\r\n\r\n<p>La visibilidad es otro factor clave para la seguridad de los peatones. Los peatones deben intentar mejorar de forma proactiva su visibilidad para los conductores. Para ello, pueden llevar ropa de colores brillantes o reflectantes, llevar una linterna por la noche y tratar de establecer contacto visual con los conductores antes de cruzar la calle, ya que de esta forma se aseguran de que el conductor los haya visto y es m\u00e1s probable que se detenga. La seguridad de los peatones se basa en la visibilidad.\u00a0<\/p>\r\n\r\n\r\n\r\n<h3 id=\"h-tip-4-beware-of-cars-entering-exiting-driveways-and-parking-lots\" class=\"wp-block-heading\"><strong><em>Consejo #4: Tenga cuidado con los autom\u00f3viles que entran y salen de las entradas y los estacionamientos<\/em><\/strong><\/h3>\r\n\r\n\r\n\r\n<p>Una parte importante de las colisiones con peatones en Washington se producen cuando los veh\u00edculos entran o salen de las entradas para autos o de los estacionamientos. Se trata de situaciones de alto riesgo porque los conductores no suelen estar preparados para encontrarse con peatones en esa situaci\u00f3n. Para mitigar este riesgo, siempre det\u00e9ngase y observe si hay veh\u00edculos que entran o salen de las entradas para autos y las \u00e1reas de estacionamiento. Una vez m\u00e1s, intente hacer contacto visual con los conductores siempre que sea posible.\u00a0<\/p>\r\n\r\n\r\n\r\n<h3 id=\"h-tip-5-take-extra-safety-precautions-at-night\" class=\"wp-block-heading\"><strong><em>Consejo #5: Tome precauciones de seguridad adicionales durante la noche<\/em><\/strong><\/h3>\r\n\r\n\r\n\r\n<p>La mayor\u00eda de las muertes de peatones ocurren durante el d\u00eda. Sin embargo, el 30 por ciento de las muertes de peatones en Washington ocurren durante la noche. Si tenemos en cuenta que solo una peque\u00f1a parte de las caminatas se realizan de noche, esto significa que caminar de noche es mucho m\u00e1s peligroso. Teniendo esto en cuenta, los peatones que necesitan caminar de noche siempre deben tomar precauciones de seguridad adicionales. Si no hay aceras disponibles, lo mejor es simplemente evitar caminar de noche siempre que sea posible.\u00a0<\/p>\r\n\r\n\r\n\r\n<h2 id=\"h-injured-pedestrians-deserve-full-and-fair-financial-compensation\" class=\"wp-block-heading\"><strong>Los peatones lesionados merecen una compensaci\u00f3n econ\u00f3mica completa y justa<\/strong><\/h2>\r\n\r\n\r\n\r\n<p>Las reclamaciones por accidentes de peatones son complicadas. Si fue atropellado por un veh\u00edculo, es imperativo que reciba atenci\u00f3n m\u00e9dica inmediata por cualquier lesi\u00f3n. Tiene derecho a presentar una demanda legal contra el conductor culpable o cualquier otra parte culpable. Nuestros abogados especializados en accidentes de peatones en Washington luchan para proteger los derechos e intereses de los peatones lesionados. Es posible que pueda obtener una indemnizaci\u00f3n por:\u00a0<\/p>\r\n\r\n\r\n\r\n<ul class=\"wp-block-list\">\r\n<li>Tratamiento m\u00e9dico de emergencia;\u00a0<\/li>\r\n\r\n\r\n\r\n<li>Facturas de hospital;\u00a0<\/li>\r\n\r\n\r\n\r\n<li>Otros gastos m\u00e9dicos;\u00a0<\/li>\r\n\r\n\r\n\r\n<li>P\u00e9rdida de salario;\u00a0<\/li>\r\n\r\n\r\n\r\n<li>P\u00e9rdida de capacidad adquisitiva;\u00a0<\/li>\r\n\r\n\r\n\r\n<li>Dolor y sufrimiento;\u00a0<\/li>\r\n\r\n\r\n\r\n<li>Angustia emocional;\u00a0<\/li>\r\n\r\n\r\n\r\n<li>Incapacidad de larga duraci\u00f3n; y<\/li>\r\n\r\n\r\n\r\n<li>Muerte por negligencia.\u00a0<\/li>\r\n<\/ul>\r\n\r\n\r\n\r\n\n        <div class=\"rs-content-cta long\">\n            <p>Para una consulta legal GRATUITA, llame al <a href=\"tel:+12062851743\">(206) 285-1743 <\/a><\/p>\n            <a href=\"https:\/\/plg-pllc.com\/es\/contact-us\/\" title=\"OBTENGA UNA EVALUACI\u00d3N DE CASO GRATUITA\" class=\"btn-global\">OBTENGA UNA EVALUACI\u00d3N DE CASO GRATUITA<\/a>\n                    <picture>\n                            <source srcset=\"https:\/\/plg-pllc.com\/wp-content\/themes\/plg-pllc-redesign\/assets\/app\/img\/cta-thumb.webp\" type=\"image\/webp\"\/>\n                            <img src=\"https:\/\/plg-pllc.com\/wp-content\/themes\/plg-pllc-redesign\/assets\/app\/img\/cta-thumb.png\" alt=\"Grupo de abogados Premier\" title=\"Grupo de abogados Premier\" width=\"245\" height=\"220\" loading=\"auto\" fetchpriority=\"auto\" decoding=\"async\"\/>\n        <\/picture>\n        \n        <\/div><h2 id=\"h-schedule-a-free-consultation-with-our-washington-pedestrian-injury-lawyer\" class=\"wp-block-heading\"><strong>Programe una consulta gratuita con nuestro abogado especializado en lesiones de peatones en Washington<\/strong><\/h2>\r\n\r\n\r\n\r\n<p>En Premier Law Group, PLLC, nuestros abogados especializados en accidentes de peatones en Washington son defensores expertos, experimentados y motivados por la justicia para las v\u00edctimas y sus familias. Si usted o un ser querido result\u00f3 herido en un accidente de peatones, estamos aqu\u00ed para ayudar. <a href=\"https:\/\/plg-pllc.com\/contact-us\/\">Cont\u00e1ctenos<\/a> Ll\u00e1menos hoy para programar una revisi\u00f3n de su caso sin costo ni obligaci\u00f3n. Desde nuestras oficinas en Seattle, Renton, Federal Way y Bellevue, luchamos por los derechos de los peatones en toda la regi\u00f3n del oeste de Washington.\u00a0<\/p>\r\n\n        <div class=\"rs-content-cta\">\n            <p>Llamar o enviar mensaje de texto <a href=\"tel:+12062851743\">(206) 285-1743<\/a> o complete un formulario de evaluaci\u00f3n de caso gratuito<\/p>\n            <a href=\"https:\/\/plg-pllc.com\/es\/contact-us\/\" title=\"OBTENGA UNA EVALUACI\u00d3N DE CASO GRATUITA\" class=\"btn-global\">OBTENGA UNA EVALUACI\u00d3N DE CASO GRATUITA<\/a>\n                    <picture>\n                            <source srcset=\"https:\/\/plg-pllc.com\/wp-content\/themes\/plg-pllc-redesign\/assets\/app\/img\/cta-thumb.webp\" type=\"image\/webp\"\/>\n                            <img src=\"https:\/\/plg-pllc.com\/wp-content\/themes\/plg-pllc-redesign\/assets\/app\/img\/cta-thumb.png\" alt=\"Grupo de abogados Premier\" title=\"Grupo de abogados Premier\" width=\"245\" height=\"220\" loading=\"auto\" fetchpriority=\"auto\" decoding=\"async\"\/>\n        <\/picture>\n        \n        <\/div>","protected":false},"excerpt":{"rendered":"<p>Lamentablemente, nuestras carreteras no son tan seguras como deber\u00edan para los peatones. La Administraci\u00f3n Nacional de Seguridad del Tr\u00e1fico en las Carreteras (NHTSA) estima que 7.388 peatones murieron y 60.000 resultaron heridos en colisiones de veh\u00edculos de motor en todo el pa\u00eds en 2021. El Departamento de Transporte del Estado de Washington (WSDOT) informa que hubo 1.865 colisiones de peatones confirmadas en nuestro estado...<\/p>","protected":false},"author":10,"featured_media":0,"parent":20714,"menu_order":0,"comment_status":"closed","ping_status":"closed","template":"","meta":{"_acf_changed":false,"_genesis_hide_title":false,"_genesis_hide_breadcrumbs":false,"_genesis_hide_singular_image":false,"_genesis_hide_footer_widgets":false,"_genesis_custom_body_class":"","_genesis_custom_post_class":"","_genesis_layout":"","footnotes":""},"hc_faqs":[10345],"class_list":{"0":"post-20302","1":"page","2":"type-page","3":"status-publish","5":"hc_faqs-pedestrian-accident","6":"entry"},"acf":[],"yoast_head":"<!-- This site is optimized with the Yoast SEO plugin v27.4 - https:\/\/yoast.com\/product\/yoast-seo-wordpress\/ -->\n<title>How Most Pedestrian Accidents Occur?<\/title>\n<meta name=\"description\" content=\"How Most Pedestrian Accidents Occur and What You Can Do to Stay Safe in Washington: Premier Law Group helps you unlock the full compensation you deserve. No Fee Unless We Win.\" \/>\n<meta name=\"robots\" content=\"index, follow, max-snippet:-1, max-image-preview:large, max-video-preview:-1\" \/>\n<link rel=\"canonical\" href=\"https:\/\/plg-pllc.com\/es\/faqs\/avoid-pedestrian-accidents\/\" \/>\n<meta property=\"og:locale\" content=\"es_MX\" \/>\n<meta property=\"og:type\" content=\"article\" \/>\n<meta property=\"og:title\" content=\"How Most Pedestrian Accidents Occur?\" \/>\n<meta property=\"og:description\" content=\"How Most Pedestrian Accidents Occur and What You Can Do to Stay Safe in Washington: Premier Law Group helps you unlock the full compensation you deserve. No Fee Unless We Win.\" \/>\n<meta property=\"og:url\" content=\"https:\/\/plg-pllc.com\/es\/faqs\/avoid-pedestrian-accidents\/\" \/>\n<meta property=\"og:site_name\" content=\"Premier Law Group\" \/>\n<meta property=\"article:publisher\" content=\"https:\/\/www.facebook.com\/premierlawgroup\" \/>\n<meta property=\"article:modified_time\" content=\"2024-11-07T12:12:18+00:00\" \/>\n<meta name=\"twitter:card\" content=\"summary_large_image\" \/>\n<meta name=\"twitter:site\" content=\"@premierlawgroup\" \/>\n<meta name=\"twitter:label1\" content=\"Tiempo de lectura\" \/>\n\t<meta name=\"twitter:data1\" content=\"5 minutos\" \/>\n<script type=\"application\/ld+json\" class=\"yoast-schema-graph\">{\"@context\":\"https:\\\/\\\/schema.org\",\"@graph\":[{\"@type\":\"WebPage\",\"@id\":\"https:\\\/\\\/plg-pllc.com\\\/faqs\\\/avoid-pedestrian-accidents\\\/\",\"url\":\"https:\\\/\\\/plg-pllc.com\\\/faqs\\\/avoid-pedestrian-accidents\\\/\",\"name\":\"How Most Pedestrian Accidents Occur?\",\"isPartOf\":{\"@id\":\"https:\\\/\\\/plg-pllc.com\\\/#website\"},\"datePublished\":\"2024-04-08T15:00:00+00:00\",\"dateModified\":\"2024-11-07T12:12:18+00:00\",\"description\":\"How Most Pedestrian Accidents Occur and What You Can Do to Stay Safe in Washington: Premier Law Group helps you unlock the full compensation you deserve. No Fee Unless We Win.\",\"breadcrumb\":{\"@id\":\"https:\\\/\\\/plg-pllc.com\\\/faqs\\\/avoid-pedestrian-accidents\\\/#breadcrumb\"},\"inLanguage\":\"es\",\"potentialAction\":[{\"@type\":\"ReadAction\",\"target\":[\"https:\\\/\\\/plg-pllc.com\\\/faqs\\\/avoid-pedestrian-accidents\\\/\"]}]},{\"@type\":\"BreadcrumbList\",\"@id\":\"https:\\\/\\\/plg-pllc.com\\\/faqs\\\/avoid-pedestrian-accidents\\\/#breadcrumb\",\"itemListElement\":[{\"@type\":\"ListItem\",\"position\":1,\"name\":\"Home\",\"item\":\"https:\\\/\\\/plg-pllc.com\\\/es\\\/\"},{\"@type\":\"ListItem\",\"position\":2,\"name\":\"FAQs\",\"item\":\"https:\\\/\\\/plg-pllc.com\\\/es\\\/faqs\\\/\"},{\"@type\":\"ListItem\",\"position\":3,\"name\":\"How Most Pedestrian Accidents Occur and What You Can Do to Stay Safe in Washington\"}]},{\"@type\":\"WebSite\",\"@id\":\"https:\\\/\\\/plg-pllc.com\\\/#website\",\"url\":\"https:\\\/\\\/plg-pllc.com\\\/\",\"name\":\"Premier Law Group\",\"description\":\"Washington Wrongful Death and Serious Injury Lawyer\",\"publisher\":{\"@id\":\"https:\\\/\\\/plg-pllc.com\\\/#organization\"},\"inLanguage\":\"es\"},{\"@type\":\"Organization\",\"@id\":\"https:\\\/\\\/plg-pllc.com\\\/#organization\",\"name\":\"Premier Law Group\",\"url\":\"https:\\\/\\\/plg-pllc.com\\\/\",\"logo\":{\"@type\":\"ImageObject\",\"inLanguage\":\"es\",\"@id\":\"https:\\\/\\\/plg-pllc.com\\\/#\\\/schema\\\/logo\\\/image\\\/\",\"url\":\"https:\\\/\\\/plg-pllc.com\\\/wp-content\\\/uploads\\\/2020\\\/10\\\/plg-logo-v2.gif\",\"contentUrl\":\"https:\\\/\\\/plg-pllc.com\\\/wp-content\\\/uploads\\\/2020\\\/10\\\/plg-logo-v2.gif\",\"width\":592,\"height\":191,\"caption\":\"Premier Law Group\"},\"image\":{\"@id\":\"https:\\\/\\\/plg-pllc.com\\\/#\\\/schema\\\/logo\\\/image\\\/\"},\"sameAs\":[\"https:\\\/\\\/www.facebook.com\\\/premierlawgroup\",\"https:\\\/\\\/x.com\\\/premierlawgroup\"]}]}<\/script>\n<!-- \/ Yoast SEO plugin. -->","yoast_head_json":{"title":"\u00bfC\u00f3mo ocurren la mayor\u00eda de los accidentes de peatones?","description":"C\u00f3mo ocurren la mayor\u00eda de los accidentes de peatones y qu\u00e9 puede hacer para mantenerse a salvo en Washington: Premier Law Group lo ayuda a obtener la compensaci\u00f3n total que merece. Sin cargo a menos que ganemos.","robots":{"index":"index","follow":"follow","max-snippet":"max-snippet:-1","max-image-preview":"max-image-preview:large","max-video-preview":"max-video-preview:-1"},"canonical":"https:\/\/plg-pllc.com\/es\/faqs\/avoid-pedestrian-accidents\/","og_locale":"es_MX","og_type":"article","og_title":"How Most Pedestrian Accidents Occur?","og_description":"How Most Pedestrian Accidents Occur and What You Can Do to Stay Safe in Washington: Premier Law Group helps you unlock the full compensation you deserve. No Fee Unless We Win.","og_url":"https:\/\/plg-pllc.com\/es\/faqs\/avoid-pedestrian-accidents\/","og_site_name":"Premier Law Group","article_publisher":"https:\/\/www.facebook.com\/premierlawgroup","article_modified_time":"2024-11-07T12:12:18+00:00","twitter_card":"summary_large_image","twitter_site":"@premierlawgroup","twitter_misc":{"Tiempo de lectura":"5 minutos"},"schema":{"@context":"https:\/\/schema.org","@graph":[{"@type":"WebPage","@id":"https:\/\/plg-pllc.com\/faqs\/avoid-pedestrian-accidents\/","url":"https:\/\/plg-pllc.com\/faqs\/avoid-pedestrian-accidents\/","name":"\u00bfC\u00f3mo ocurren la mayor\u00eda de los accidentes de peatones?","isPartOf":{"@id":"https:\/\/plg-pllc.com\/#website"},"datePublished":"2024-04-08T15:00:00+00:00","dateModified":"2024-11-07T12:12:18+00:00","description":"C\u00f3mo ocurren la mayor\u00eda de los accidentes de peatones y qu\u00e9 puede hacer para mantenerse a salvo en Washington: Premier Law Group lo ayuda a obtener la compensaci\u00f3n total que merece. Sin cargo a menos que ganemos.","breadcrumb":{"@id":"https:\/\/plg-pllc.com\/faqs\/avoid-pedestrian-accidents\/#breadcrumb"},"inLanguage":"es","potentialAction":[{"@type":"ReadAction","target":["https:\/\/plg-pllc.com\/faqs\/avoid-pedestrian-accidents\/"]}]},{"@type":"BreadcrumbList","@id":"https:\/\/plg-pllc.com\/faqs\/avoid-pedestrian-accidents\/#breadcrumb","itemListElement":[{"@type":"ListItem","position":1,"name":"Home","item":"https:\/\/plg-pllc.com\/es\/"},{"@type":"ListItem","position":2,"name":"FAQs","item":"https:\/\/plg-pllc.com\/es\/faqs\/"},{"@type":"ListItem","position":3,"name":"How Most Pedestrian Accidents Occur and What You Can Do to Stay Safe in Washington"}]},{"@type":"WebSite","@id":"https:\/\/plg-pllc.com\/#website","url":"https:\/\/plg-pllc.com\/","name":"Grupo de abogados Premier","description":"Abogado de muerte por negligencia y lesiones graves en Washington","publisher":{"@id":"https:\/\/plg-pllc.com\/#organization"},"inLanguage":"es"},{"@type":"Organization","@id":"https:\/\/plg-pllc.com\/#organization","name":"Grupo de abogados Premier","url":"https:\/\/plg-pllc.com\/","logo":{"@type":"ImageObject","inLanguage":"es","@id":"https:\/\/plg-pllc.com\/#\/schema\/logo\/image\/","url":"https:\/\/plg-pllc.com\/wp-content\/uploads\/2020\/10\/plg-logo-v2.gif","contentUrl":"https:\/\/plg-pllc.com\/wp-content\/uploads\/2020\/10\/plg-logo-v2.gif","width":592,"height":191,"caption":"Premier Law Group"},"image":{"@id":"https:\/\/plg-pllc.com\/#\/schema\/logo\/image\/"},"sameAs":["https:\/\/www.facebook.com\/premierlawgroup","https:\/\/x.com\/premierlawgroup"]}]}},"_links":{"self":[{"href":"https:\/\/plg-pllc.com\/es\/wp-json\/wp\/v2\/pages\/20302","targetHints":{"allow":["GET"]}}],"collection":[{"href":"https:\/\/plg-pllc.com\/es\/wp-json\/wp\/v2\/pages"}],"about":[{"href":"https:\/\/plg-pllc.com\/es\/wp-json\/wp\/v2\/types\/page"}],"author":[{"embeddable":true,"href":"https:\/\/plg-pllc.com\/es\/wp-json\/wp\/v2\/users\/10"}],"replies":[{"embeddable":true,"href":"https:\/\/plg-pllc.com\/es\/wp-json\/wp\/v2\/comments?post=20302"}],"version-history":[{"count":0,"href":"https:\/\/plg-pllc.com\/es\/wp-json\/wp\/v2\/pages\/20302\/revisions"}],"up":[{"embeddable":true,"href":"https:\/\/plg-pllc.com\/es\/wp-json\/wp\/v2\/pages\/20714"}],"wp:attachment":[{"href":"https:\/\/plg-pllc.com\/es\/wp-json\/wp\/v2\/media?parent=20302"}],"wp:term":[{"taxonomy":"hc_faqs","embeddable":true,"href":"https:\/\/plg-pllc.com\/es\/wp-json\/wp\/v2\/hc_faqs?post=20302"}],"curies":[{"name":"gracias","href":"https:\/\/api.w.org\/{rel}","templated":true}]}}