{"id":20303,"date":"2024-04-15T08:00:00","date_gmt":"2024-04-15T15:00:00","guid":{"rendered":"https:\/\/plg-pllc.com\/?p=20303"},"modified":"2026-03-24T15:03:28","modified_gmt":"2026-03-24T22:03:28","slug":"washington-work-zone-road-safety","status":"publish","type":"page","link":"https:\/\/plg-pllc.com\/es\/faqs\/washington-work-zone-road-safety\/","title":{"rendered":"Ojos en la carretera: c\u00f3mo el WSDOT combate los peligros en las zonas de obras"},"content":{"rendered":"<p>Las zonas de obras son una imagen com\u00fan en las carreteras de Washington, especialmente durante el verano. El Departamento de Transporte de Washington (WSDOT) es el encargado de las reparaciones de las carreteras, pero depende de que los automovilistas conduzcan con seguridad para evitar accidentes. Seg\u00fan <a href=\"https:\/\/www.youtube.com\/@KING5Seattle?app=desktop\/\">REY 5<\/a>Al menos nueve trabajadores del WSDOT han sido hospitalizados desde principios de 2024 despu\u00e9s de colisiones ocurridas en zonas de trabajo. Algunos de ellos fueron atropellados por conductores que iban a exceso de velocidad, mientras que otros resultaron heridos cuando un conductor ebrio choc\u00f3.<\/p>\r\n\r\n\r\n\r\n<p>En total, 61 trabajadores estatales han muerto en accidentes en zonas de trabajo desde 1950. Los automovilistas y los pasajeros inocentes tambi\u00e9n pueden resultar heridos en estos accidentes.<a href=\"https:\/\/plg-pllc.com\/\"> Grupo de abogados Premier<\/a>Nunca perdemos la oportunidad de promover la seguridad p\u00fablica. Ayudar a las v\u00edctimas de accidentes lesionadas es parte de nuestra misi\u00f3n. Ll\u00e1menos si resulta lesionado como conductor o trabajador en una de estas colisiones. Es posible que tenga derecho a una compensaci\u00f3n.<\/p>\r\n\r\n\r\n\r\n<p><strong>Se viene la instalaci\u00f3n de la c\u00e1mara<\/strong><\/p>\r\n\r\n\r\n\r\n<p>En respuesta a la gran cantidad de heridos, los legisladores aprobaron una ley en 2023 que exige la instalaci\u00f3n de c\u00e1maras de velocidad en las zonas de obras. El gobernador Inslee firm\u00f3 el proyecto de ley y se espera que las c\u00e1maras est\u00e9n en funcionamiento en julio de 2024.<\/p>\r\n\r\n\r\n\r\n<p>Estas c\u00e1maras automatizar\u00e1n la aplicaci\u00f3n de la ley. Una c\u00e1mara transmitir\u00e1 informaci\u00f3n sobre una infracci\u00f3n a las autoridades, que luego verificar\u00e1n la infracci\u00f3n y emitir\u00e1n una multa. Debido a que la c\u00e1mara registrar\u00e1 informaci\u00f3n sobre la velocidad y el veh\u00edculo, evitar este tipo de multas ser\u00e1 dif\u00edcil.<\/p>\r\n\r\n\r\n\r\n<p><strong>C\u00f3mo evitar accidentes en zonas de trabajo<\/strong><\/p>\r\n\r\n\r\n\r\n<p>Los conductores deben recordar extremar las precauciones al acercarse a una zona de obras. Esto significa que deben:<\/p>\r\n\r\n\r\n\r\n<p>1. Disminuya la velocidad y mu\u00e9vase. El l\u00edmite de velocidad es menor en las zonas en construcci\u00f3n debido a la congesti\u00f3n. Es posible que deba moverse si una ambulancia u otro veh\u00edculo con luces intermitentes se acerca por detr\u00e1s de usted.<\/p>\r\n\r\n\r\n\r\n<p>2. Mant\u00e9n la concentraci\u00f3n. Deja a un lado todas las distracciones, como el tel\u00e9fono o el dispositivo GPS. Limita tambi\u00e9n las conversaciones y baja el volumen de la radio. En cualquier momento, un trabajador de la construcci\u00f3n puede cruzar el tr\u00e1fico y debes estar atento.<\/p>\r\n\r\n\r\n\r\n<p>3. Obedezca todas las se\u00f1ales y a los banderilleros. Los banderilleros le indicar\u00e1n d\u00f3nde ir y cu\u00e1ndo detenerse. Si ignora una se\u00f1al o a un banderillero, aumentan las probabilidades de sufrir un accidente.<\/p>\r\n\r\n\r\n\r\n<p>4. Mantenga una distancia segura. Necesita varios segundos de distancia, lo que le da suficiente margen para detenerse en caso de que un autom\u00f3vil que va adelante frene.<\/p>\r\n\r\n\r\n\r\n<p>5. Planifique con anticipaci\u00f3n. Verifique las rutas de tr\u00e1nsito y si necesita salir temprano. La mayor\u00eda de los conductores que exceden los l\u00edmites de velocidad van con retraso.<\/p>\r\n\r\n\r\n\r\n<p>Si sigue estas reglas, podr\u00e1 asegurarse de que ning\u00fan trabajador sea declarado en huelga y, al mismo tiempo, podr\u00e1 evitar una multa.<\/p>\r\n\r\n\r\n\r\n<p><strong>Sus derechos legales como empleado del WSDOT<\/strong><\/p>\r\n\r\n\r\n\r\n<p>Los empleados lesionados deben saber que tienen derechos legales importantes si sufren lesiones en un accidente en una zona de trabajo. A continuaci\u00f3n, se indican algunos puntos destacados:<\/p>\r\n\r\n\r\n\r\n<ul class=\"wp-block-list\">\r\n<li>La compensaci\u00f3n laboral cubrir\u00e1 el costo del tratamiento m\u00e9dico por cualquier lesi\u00f3n y reemplazar\u00e1 una parte de los salarios perdidos cuando sus lesiones le impidan trabajar.<\/li>\r\n\r\n\r\n\r\n<li>Usted tiene derecho a elegir su propio m\u00e9dico para recibir tratamiento, y la compensaci\u00f3n para trabajadores debe pagar toda la atenci\u00f3n m\u00e9dica razonable y necesaria.<\/li>\r\n\r\n\r\n\r\n<li>Debe informar de inmediato a su empleador sobre cualquier lesi\u00f3n. No se demore.<\/li>\r\n\r\n\r\n\r\n<li>Se trata de un sistema sin culpa, lo que significa que no importa si el trabajador fue negligente. Por ejemplo, un trabajador podr\u00eda no haber prestado atenci\u00f3n y haberse metido accidentalmente en el tr\u00e1fico, con lo que fue atropellado. Aun as\u00ed, deber\u00eda tener derecho a recibir prestaciones.<\/li>\r\n\r\n\r\n\r\n<li>Los trabajadores lesionados pueden presentar un reclamo ante el Departamento de Trabajo e Industrias para determinar si est\u00e1n cubiertos.<\/li>\r\n\r\n\r\n\r\n<li>Su empleador debe coordinar el regreso al trabajo despu\u00e9s de una lesi\u00f3n. Esta transici\u00f3n puede incluir trabajo liviano con restricciones m\u00e9dicas.<\/li>\r\n<\/ul>\r\n\r\n\r\n\r\n<p>Recuerde que los trabajadores deben seguir todos los pasos necesarios despu\u00e9s de un accidente, incluido informar de la lesi\u00f3n de inmediato. Llame a un abogado experimentado de Premier Law Group si necesita ayuda.<\/p>\r\n\r\n\r\n\r\n<p><strong>Causas comunes de accidentes en zonas de trabajo<\/strong><\/p>\r\n\r\n\r\n\r\n<p>Estos accidentes ocurren r\u00e1pidamente y muchas v\u00edctimas no saben con certeza qu\u00e9 sucedi\u00f3. Seg\u00fan nuestra experiencia, la mayor\u00eda de los accidentes son causados por:<\/p>\r\n\r\n\r\n\r\n<ul class=\"wp-block-list\">\r\n<li>Negligencia del conductor. Un conductor negligente puede provocar un accidente por no conducir de forma segura. Algunos ejemplos comunes son conducir demasiado cerca de otro veh\u00edculo, ignorar las se\u00f1ales, conducir a exceso de velocidad y conducir distra\u00eddo.<\/li>\r\n\r\n\r\n\r\n<li>Residuos en la carretera. Las herramientas, los equipos, las piedras y otros residuos pueden hacer que el conductor se desv\u00ede o pierda el control del veh\u00edculo. De cualquier manera, pueden chocar contra otros veh\u00edculos o contra trabajadores del WSDOT.<\/li>\r\n\r\n\r\n\r\n<li>Dispositivos de control de tr\u00e1fico. Estos dispositivos pueden estar mal instalados, lo que aumenta el riesgo de colisi\u00f3n. O pueden funcionar mal y no funcionar correctamente, lo que provoca accidentes peligrosos.<\/li>\r\n\r\n\r\n\r\n<li>Defectos del veh\u00edculo. Los frenos deben estar en excelentes condiciones para que el conductor pueda detener su veh\u00edculo a tiempo.<\/li>\r\n<\/ul>\r\n\r\n\r\n\r\n<p>Quien sea responsable del accidente podr\u00eda ser responsable en una demanda por lesiones personales. Por ejemplo, un trabajador de WSDOT lesionado no puede demandar a su empleador, pero s\u00ed podr\u00eda demandar a un automovilista negligente por haberlo atropellado.<\/p>\r\n\r\n\r\n\r\n<p><strong>C\u00f3mo pueden los trabajadores prevenir accidentes<\/strong><\/p>\r\n\r\n\r\n\r\n<p>Los automovilistas son los culpables de la mayor\u00eda de las colisiones. No obstante, los trabajadores del WSDOT pueden reducir el riesgo tomando precauciones sensatas:<\/p>\r\n\r\n\r\n\r\n<ul class=\"wp-block-list\">\r\n<li>V\u00edstase apropiadamente. Debe ser visible y usar ropa de colores llamativos, como un chaleco naranja.<\/li>\r\n\r\n\r\n\r\n<li>Mantente hidratado. En verano hace calor y la deshidrataci\u00f3n puede provocar confusi\u00f3n y falta de criterio.<\/li>\r\n\r\n\r\n\r\n<li>Proporcionar el equipo de seguridad adecuado. Los trabajadores deben tener botas, gafas protectoras, cascos y ropa de alta visibilidad.<\/li>\r\n\r\n\r\n\r\n<li>Capacite a los trabajadores en las mejores pr\u00e1cticas de seguridad. Los trabajadores deben evitar caminar entre equipos o en el sentido del tr\u00e1fico. Ens\u00e9\u00f1eles a usar dispositivos de comunicaci\u00f3n, ya que las zonas de trabajo suelen ser ruidosas.<\/li>\r\n\r\n\r\n\r\n<li>Proporcionar una iluminaci\u00f3n adecuada. Todo trabajo nocturno es especialmente peligroso, tanto para los conductores como para los trabajadores. Proporcionar una iluminaci\u00f3n adecuada, pero controlar el deslumbramiento, que puede perjudicar a los conductores.<\/li>\r\n\r\n\r\n\r\n<li>Implementar un plan de control de tr\u00e1nsito. Una zona de trabajo bien dise\u00f1ada debe limitar el tr\u00e1nsito con banderilleros o sistemas alternativos de gesti\u00f3n del tr\u00e1nsito. Tambi\u00e9n debe contar con barreras y vallas.<\/li>\r\n<\/ul>\r\n\r\n\r\n\r\n<p>Si todos implementamos las mejores pr\u00e1cticas de seguridad, entonces el n\u00famero de accidentes deber\u00eda disminuir.<\/p>\r\n\r\n\r\n\r\n<p><strong>Llame a Premier Law Group hoy<\/strong><\/p>\r\n\r\n\r\n\r\n<p>Nuestra firma ha ayudado a innumerables conductores y empleados lesionados a obtener una compensaci\u00f3n despu\u00e9s de un accidente. La ley es compleja y obtener la compensaci\u00f3n financiera que necesita requiere iniciativa y conocimiento legal. Premier Law Group est\u00e1 disponible para reunirse con cualquier persona lesionada en un accidente en una zona de trabajo. Comun\u00edquese con nosotros para programar su consulta gratuita.<\/p>\r\n\n        <div class=\"rs-content-cta\">\n            <p>Llamar o enviar mensaje de texto <a href=\"tel:+12062851743\">(206) 285-1743<\/a> o complete un formulario de evaluaci\u00f3n de caso gratuito<\/p>\n            <a href=\"https:\/\/plg-pllc.com\/es\/contact-us\/\" title=\"OBTENGA UNA EVALUACI\u00d3N DE CASO GRATUITA\" class=\"btn-global\">OBTENGA UNA EVALUACI\u00d3N DE CASO GRATUITA<\/a>\n                    <picture>\n                            <source srcset=\"https:\/\/plg-pllc.com\/wp-content\/themes\/plg-pllc-redesign\/assets\/app\/img\/cta-thumb.webp\" type=\"image\/webp\"\/>\n                            <img src=\"https:\/\/plg-pllc.com\/wp-content\/themes\/plg-pllc-redesign\/assets\/app\/img\/cta-thumb.png\" alt=\"Grupo de abogados Premier\" title=\"Grupo de abogados Premier\" width=\"245\" height=\"220\" loading=\"auto\" fetchpriority=\"auto\" decoding=\"async\"\/>\n        <\/picture>\n        \n        <\/div>","protected":false},"excerpt":{"rendered":"<p>Las zonas de obras son una imagen com\u00fan en las carreteras de Washington, especialmente durante el verano. El Departamento de Transporte de Washington (WSDOT) est\u00e1 a cargo de las reparaciones de las carreteras, pero depende de que los automovilistas conduzcan con seguridad para evitar accidentes. Seg\u00fan KING 5, al menos nueve trabajadores del WSDOT han sido hospitalizados desde principios de 2024 despu\u00e9s de colisiones...<\/p>","protected":false},"author":10,"featured_media":0,"parent":20714,"menu_order":0,"comment_status":"closed","ping_status":"closed","template":"","meta":{"_acf_changed":false,"_genesis_hide_title":false,"_genesis_hide_breadcrumbs":false,"_genesis_hide_singular_image":false,"_genesis_hide_footer_widgets":false,"_genesis_custom_body_class":"","_genesis_custom_post_class":"","_genesis_layout":"","footnotes":""},"hc_faqs":[10361],"class_list":{"0":"post-20303","1":"page","2":"type-page","3":"status-publish","5":"hc_faqs-construction-accident","6":"entry"},"acf":[],"yoast_head":"<!-- This site is optimized with the Yoast SEO plugin v27.4 - https:\/\/yoast.com\/product\/yoast-seo-wordpress\/ -->\n<title>Eyes on the Road: How WSDOT is Combating Work Zone Dangers<\/title>\n<meta name=\"description\" content=\"Eyes on the Road: How WSDOT is Combating Work Zone Dangers: Premier Law Group helps you unlock the full compensation you deserve. No Fee Unless We Win.\" \/>\n<meta name=\"robots\" content=\"index, follow, max-snippet:-1, max-image-preview:large, max-video-preview:-1\" \/>\n<link rel=\"canonical\" href=\"https:\/\/plg-pllc.com\/es\/faqs\/washington-work-zone-road-safety\/\" \/>\n<meta property=\"og:locale\" content=\"es_MX\" \/>\n<meta property=\"og:type\" content=\"article\" \/>\n<meta property=\"og:title\" content=\"Eyes on the Road: How WSDOT is Combating Work Zone Dangers\" \/>\n<meta property=\"og:description\" content=\"Eyes on the Road: How WSDOT is Combating Work Zone Dangers: Premier Law Group helps you unlock the full compensation you deserve. No Fee Unless We Win.\" \/>\n<meta property=\"og:url\" content=\"https:\/\/plg-pllc.com\/es\/faqs\/washington-work-zone-road-safety\/\" \/>\n<meta property=\"og:site_name\" content=\"Premier Law Group\" \/>\n<meta property=\"article:publisher\" content=\"https:\/\/www.facebook.com\/premierlawgroup\" \/>\n<meta property=\"article:modified_time\" content=\"2026-03-24T22:03:28+00:00\" \/>\n<meta name=\"twitter:card\" content=\"summary_large_image\" \/>\n<meta name=\"twitter:site\" content=\"@premierlawgroup\" \/>\n<meta name=\"twitter:label1\" content=\"Tiempo de lectura\" \/>\n\t<meta name=\"twitter:data1\" content=\"5 minutos\" \/>\n<script type=\"application\/ld+json\" class=\"yoast-schema-graph\">{\"@context\":\"https:\\\/\\\/schema.org\",\"@graph\":[{\"@type\":\"WebPage\",\"@id\":\"https:\\\/\\\/plg-pllc.com\\\/faqs\\\/washington-work-zone-road-safety\\\/\",\"url\":\"https:\\\/\\\/plg-pllc.com\\\/faqs\\\/washington-work-zone-road-safety\\\/\",\"name\":\"Eyes on the Road: How WSDOT is Combating Work Zone Dangers\",\"isPartOf\":{\"@id\":\"https:\\\/\\\/plg-pllc.com\\\/#website\"},\"datePublished\":\"2024-04-15T15:00:00+00:00\",\"dateModified\":\"2026-03-24T22:03:28+00:00\",\"description\":\"Eyes on the Road: How WSDOT is Combating Work Zone Dangers: Premier Law Group helps you unlock the full compensation you deserve. No Fee Unless We Win.\",\"breadcrumb\":{\"@id\":\"https:\\\/\\\/plg-pllc.com\\\/faqs\\\/washington-work-zone-road-safety\\\/#breadcrumb\"},\"inLanguage\":\"es\",\"potentialAction\":[{\"@type\":\"ReadAction\",\"target\":[\"https:\\\/\\\/plg-pllc.com\\\/faqs\\\/washington-work-zone-road-safety\\\/\"]}]},{\"@type\":\"BreadcrumbList\",\"@id\":\"https:\\\/\\\/plg-pllc.com\\\/faqs\\\/washington-work-zone-road-safety\\\/#breadcrumb\",\"itemListElement\":[{\"@type\":\"ListItem\",\"position\":1,\"name\":\"Home\",\"item\":\"https:\\\/\\\/plg-pllc.com\\\/es\\\/\"},{\"@type\":\"ListItem\",\"position\":2,\"name\":\"FAQs\",\"item\":\"https:\\\/\\\/plg-pllc.com\\\/es\\\/faqs\\\/\"},{\"@type\":\"ListItem\",\"position\":3,\"name\":\"Eyes on the Road: How WSDOT is Combating Work Zone Dangers\"}]},{\"@type\":\"WebSite\",\"@id\":\"https:\\\/\\\/plg-pllc.com\\\/#website\",\"url\":\"https:\\\/\\\/plg-pllc.com\\\/\",\"name\":\"Premier Law Group\",\"description\":\"Washington Wrongful Death and Serious Injury Lawyer\",\"publisher\":{\"@id\":\"https:\\\/\\\/plg-pllc.com\\\/#organization\"},\"inLanguage\":\"es\"},{\"@type\":\"Organization\",\"@id\":\"https:\\\/\\\/plg-pllc.com\\\/#organization\",\"name\":\"Premier Law Group\",\"url\":\"https:\\\/\\\/plg-pllc.com\\\/\",\"logo\":{\"@type\":\"ImageObject\",\"inLanguage\":\"es\",\"@id\":\"https:\\\/\\\/plg-pllc.com\\\/#\\\/schema\\\/logo\\\/image\\\/\",\"url\":\"https:\\\/\\\/plg-pllc.com\\\/wp-content\\\/uploads\\\/2020\\\/10\\\/plg-logo-v2.gif\",\"contentUrl\":\"https:\\\/\\\/plg-pllc.com\\\/wp-content\\\/uploads\\\/2020\\\/10\\\/plg-logo-v2.gif\",\"width\":592,\"height\":191,\"caption\":\"Premier Law Group\"},\"image\":{\"@id\":\"https:\\\/\\\/plg-pllc.com\\\/#\\\/schema\\\/logo\\\/image\\\/\"},\"sameAs\":[\"https:\\\/\\\/www.facebook.com\\\/premierlawgroup\",\"https:\\\/\\\/x.com\\\/premierlawgroup\"]}]}<\/script>\n<!-- \/ Yoast SEO plugin. -->","yoast_head_json":{"title":"Ojos en la carretera: c\u00f3mo el WSDOT combate los peligros en las zonas de obras","description":"Ojos en la carretera: c\u00f3mo WSDOT est\u00e1 combatiendo los peligros en las zonas de trabajo: Premier Law Group lo ayuda a obtener la compensaci\u00f3n total que se merece. Sin cargo a menos que ganemos.","robots":{"index":"index","follow":"follow","max-snippet":"max-snippet:-1","max-image-preview":"max-image-preview:large","max-video-preview":"max-video-preview:-1"},"canonical":"https:\/\/plg-pllc.com\/es\/faqs\/washington-work-zone-road-safety\/","og_locale":"es_MX","og_type":"article","og_title":"Eyes on the Road: How WSDOT is Combating Work Zone Dangers","og_description":"Eyes on the Road: How WSDOT is Combating Work Zone Dangers: Premier Law Group helps you unlock the full compensation you deserve. No Fee Unless We Win.","og_url":"https:\/\/plg-pllc.com\/es\/faqs\/washington-work-zone-road-safety\/","og_site_name":"Premier Law Group","article_publisher":"https:\/\/www.facebook.com\/premierlawgroup","article_modified_time":"2026-03-24T22:03:28+00:00","twitter_card":"summary_large_image","twitter_site":"@premierlawgroup","twitter_misc":{"Tiempo de lectura":"5 minutos"},"schema":{"@context":"https:\/\/schema.org","@graph":[{"@type":"WebPage","@id":"https:\/\/plg-pllc.com\/faqs\/washington-work-zone-road-safety\/","url":"https:\/\/plg-pllc.com\/faqs\/washington-work-zone-road-safety\/","name":"Ojos en la carretera: c\u00f3mo el WSDOT combate los peligros en las zonas de obras","isPartOf":{"@id":"https:\/\/plg-pllc.com\/#website"},"datePublished":"2024-04-15T15:00:00+00:00","dateModified":"2026-03-24T22:03:28+00:00","description":"Ojos en la carretera: c\u00f3mo WSDOT est\u00e1 combatiendo los peligros en las zonas de trabajo: Premier Law Group lo ayuda a obtener la compensaci\u00f3n total que se merece. Sin cargo a menos que ganemos.","breadcrumb":{"@id":"https:\/\/plg-pllc.com\/faqs\/washington-work-zone-road-safety\/#breadcrumb"},"inLanguage":"es","potentialAction":[{"@type":"ReadAction","target":["https:\/\/plg-pllc.com\/faqs\/washington-work-zone-road-safety\/"]}]},{"@type":"BreadcrumbList","@id":"https:\/\/plg-pllc.com\/faqs\/washington-work-zone-road-safety\/#breadcrumb","itemListElement":[{"@type":"ListItem","position":1,"name":"Home","item":"https:\/\/plg-pllc.com\/es\/"},{"@type":"ListItem","position":2,"name":"FAQs","item":"https:\/\/plg-pllc.com\/es\/faqs\/"},{"@type":"ListItem","position":3,"name":"Eyes on the Road: How WSDOT is Combating Work Zone Dangers"}]},{"@type":"WebSite","@id":"https:\/\/plg-pllc.com\/#website","url":"https:\/\/plg-pllc.com\/","name":"Grupo de abogados Premier","description":"Abogado de muerte por negligencia y lesiones graves en Washington","publisher":{"@id":"https:\/\/plg-pllc.com\/#organization"},"inLanguage":"es"},{"@type":"Organization","@id":"https:\/\/plg-pllc.com\/#organization","name":"Grupo de abogados Premier","url":"https:\/\/plg-pllc.com\/","logo":{"@type":"ImageObject","inLanguage":"es","@id":"https:\/\/plg-pllc.com\/#\/schema\/logo\/image\/","url":"https:\/\/plg-pllc.com\/wp-content\/uploads\/2020\/10\/plg-logo-v2.gif","contentUrl":"https:\/\/plg-pllc.com\/wp-content\/uploads\/2020\/10\/plg-logo-v2.gif","width":592,"height":191,"caption":"Premier Law Group"},"image":{"@id":"https:\/\/plg-pllc.com\/#\/schema\/logo\/image\/"},"sameAs":["https:\/\/www.facebook.com\/premierlawgroup","https:\/\/x.com\/premierlawgroup"]}]}},"_links":{"self":[{"href":"https:\/\/plg-pllc.com\/es\/wp-json\/wp\/v2\/pages\/20303","targetHints":{"allow":["GET"]}}],"collection":[{"href":"https:\/\/plg-pllc.com\/es\/wp-json\/wp\/v2\/pages"}],"about":[{"href":"https:\/\/plg-pllc.com\/es\/wp-json\/wp\/v2\/types\/page"}],"author":[{"embeddable":true,"href":"https:\/\/plg-pllc.com\/es\/wp-json\/wp\/v2\/users\/10"}],"replies":[{"embeddable":true,"href":"https:\/\/plg-pllc.com\/es\/wp-json\/wp\/v2\/comments?post=20303"}],"version-history":[{"count":0,"href":"https:\/\/plg-pllc.com\/es\/wp-json\/wp\/v2\/pages\/20303\/revisions"}],"up":[{"embeddable":true,"href":"https:\/\/plg-pllc.com\/es\/wp-json\/wp\/v2\/pages\/20714"}],"wp:attachment":[{"href":"https:\/\/plg-pllc.com\/es\/wp-json\/wp\/v2\/media?parent=20303"}],"wp:term":[{"taxonomy":"hc_faqs","embeddable":true,"href":"https:\/\/plg-pllc.com\/es\/wp-json\/wp\/v2\/hc_faqs?post=20303"}],"curies":[{"name":"gracias","href":"https:\/\/api.w.org\/{rel}","templated":true}]}}