{"id":20310,"date":"2024-03-20T09:41:56","date_gmt":"2024-03-20T16:41:56","guid":{"rendered":"https:\/\/plg-pllc.com\/?page_id=20310"},"modified":"2024-11-07T04:12:13","modified_gmt":"2024-11-07T12:12:13","slug":"personal-injury-attorney-cascade-fairwood","status":"publish","type":"page","link":"https:\/\/plg-pllc.com\/es\/fairwood\/personal-injury-lawyer\/","title":{"rendered":"Abogado de lesiones personales en Cascade Fairwood"},"content":{"rendered":"<p>Cascade-Fairwood presenta una fascinante yuxtaposici\u00f3n de patrimonio hist\u00f3rico y vida contempor\u00e1nea. La zona, que alguna vez fue conocida por sus bulliciosas operaciones de miner\u00eda de carb\u00f3n en lugares emblem\u00e1ticos como Lake Youngs y la mina Fire King, ahora prospera como un para\u00edso residencial caracterizado por una vibrante escena gastron\u00f3mica y un mercado inmobiliario que refleja su creciente atractivo. En medio de este crecimiento, los residentes disfrutan de una variedad de experiencias gastron\u00f3micas, desde las delicias coreanas en Iron Pot hasta los ricos sabores de Five Sisters Thai Cuisine, y se involucran con un mercado inmobiliario que cuenta con valores muy por encima de la media estatal.<\/p>\r\n\r\n\r\n\r\n<h2 id=\"h-premier-law-group-supporting-cascade-fairwood-s-evolving-community\" class=\"wp-block-heading\"><strong>Premier Law Group: apoyando a la comunidad en evoluci\u00f3n de Cascade-Fairwood<\/strong><\/h2>\r\n\r\n\r\n\r\n<p>A medida que Cascade-Fairwood pasa de sus ra\u00edces hist\u00f3ricas a convertirse en un codiciado destino residencial, Premier Law Group est\u00e1 a la vanguardia y ofrece experiencia legal adaptada a las necesidades de la comunidad. Nuestro compromiso se extiende a todos los residentes, desde las familias que llevan mucho tiempo conociendo la historia minera de la zona hasta los reci\u00e9n llegados atra\u00eddos por sus perspectivas inmobiliarias y su diversidad culinaria.<\/p>\r\n\r\n\r\n\r\n<h2 id=\"h-focused-legal-services-for-a-dynamic-community\" class=\"wp-block-heading\"><strong>Servicios jur\u00eddicos enfocados para una comunidad din\u00e1mica<\/strong><\/h2>\r\n\r\n\r\n\r\n<p>Al comprender la combinaci\u00f3n \u00fanica de elementos hist\u00f3ricos y modernos en Cascade-Fairwood, Premier Law Group se especializa en \u00e1reas del derecho de lesiones personales que son particularmente relevantes para la comunidad:<\/p>\r\n\r\n\r\n\r\n<ul class=\"wp-block-list\">\r\n<li><strong>Casos de accidentes en la construcci\u00f3n<\/strong>:Como reflejo del desarrollo continuo y el aumento de los valores de las propiedades en Cascade-Fairwood, los proyectos de construcci\u00f3n son algo com\u00fan. Con este desarrollo, surge el riesgo de accidentes relacionados con la construcci\u00f3n. Nuestra firma est\u00e1 preparada para representar a las personas afectadas por este tipo de incidentes, asegur\u00e1ndose de que reciban la compensaci\u00f3n y el apoyo necesarios para su recuperaci\u00f3n.<\/li>\r\n\r\n\r\n\r\n<li><strong>Casos de accidentes de peatones y ciclistas<\/strong>:El atractivo de las actividades al aire libre de Cascade-Fairwood, en un contexto de belleza natural y sitios hist\u00f3ricos, fomenta un estilo de vida activo. Brindamos asistencia legal a peatones y ciclistas involucrados en accidentes, defendiendo su seguridad y sus derechos.<\/li>\r\n\r\n\r\n\r\n<li><strong>Casos de accidentes de tr\u00e1fico<\/strong>:La ubicaci\u00f3n estrat\u00e9gica de Cascade-Fairwood, que sirve como puente entre Seattle y Tacoma, subraya la importancia de la seguridad vial en medio del aumento de los desplazamientos. Nuestro equipo est\u00e1 capacitado para manejar casos de accidentes automovil\u00edsticos y ofrece una representaci\u00f3n compasiva y eficaz a los afectados.<\/li>\r\n<\/ul>\r\n\r\n\r\n\r\n<h2 id=\"h-embrace-cascade-fairwood-s-rich-heritage-with-confidence\" class=\"wp-block-heading\"><strong>Acepte la rica herencia de Cascade-Fairwood con confianza<\/strong><\/h2>\r\n\r\n\r\n\r\n<p>La evoluci\u00f3n de Cascade-Fairwood, que pas\u00f3 de ser un centro minero de carb\u00f3n a una comunidad floreciente, subraya la importancia de adaptarse al cambio y, al mismo tiempo, preservar la seguridad y el bienestar. Premier Law Group se dedica a garantizar que, a medida que la comunidad crece, sus residentes tengan el apoyo legal que necesitan para afrontar los desaf\u00edos que conlleva el progreso.<\/p>\r\n\r\n\r\n\r\n\n        <div class=\"rs-content-cta long\">\n            <p>Para una consulta legal GRATUITA con un abogado de lesiones personales que atiende en Cascade Fairwood, llame al <a href=\"tel:+12062851743\">(206) 285-1743 <\/a><\/p>\n            <a href=\"https:\/\/plg-pllc.com\/es\/contact-us\/\" title=\"OBTENGA UNA EVALUACI\u00d3N DE CASO GRATUITA\" class=\"btn-global\">OBTENGA UNA EVALUACI\u00d3N DE CASO GRATUITA<\/a>\n                    <picture>\n                            <source srcset=\"https:\/\/plg-pllc.com\/wp-content\/themes\/plg-pllc-redesign\/assets\/app\/img\/cta-thumb.webp\" type=\"image\/webp\"\/>\n                            <img src=\"https:\/\/plg-pllc.com\/wp-content\/themes\/plg-pllc-redesign\/assets\/app\/img\/cta-thumb.png\" alt=\"Grupo de abogados Premier\" title=\"Grupo de abogados Premier\" width=\"245\" height=\"220\" loading=\"auto\" fetchpriority=\"auto\" decoding=\"async\"\/>\n        <\/picture>\n        \n        <\/div><h2 id=\"h-reach-out-for-expert-legal-guidance-in-cascade-fairwood\" class=\"wp-block-heading\"><strong>Busque asesoramiento legal experto en Cascade-Fairwood<\/strong><\/h2>\r\n\r\n\r\n\r\n<p>Si enfrenta una situaci\u00f3n de lesiones personales en Cascade-Fairwood, WA, Premier Law Group est\u00e1 listo para ayudarlo. Nuestra experiencia en accidentes de construcci\u00f3n, entre otras \u00e1reas de lesiones personales, nos posiciona para ofrecerle la orientaci\u00f3n y la representaci\u00f3n que necesita.<\/p>\r\n\r\n\r\n\r\n<p>Para obtener m\u00e1s informaci\u00f3n o programar una consulta gratuita, visite nuestro <a href=\"https:\/\/plg-pllc.com\/contact-us\/\">P\u00e1gina de contacto<\/a> o cont\u00e1ctenos directamente. Perm\u00edtanos apoyarlo en su proceso legal en Cascade-Fairwood, asegur\u00e1ndonos de que pueda concentrarse en disfrutar de lo mejor que esta comunidad \u00fanica tiene para ofrecer.<\/p>\r\n\n        <div class=\"rs-content-cta\">\n            <p>Llamar o enviar mensaje de texto <a href=\"tel:+12062851743\">(206) 285-1743<\/a> o complete un formulario de evaluaci\u00f3n de caso gratuito<\/p>\n            <a href=\"https:\/\/plg-pllc.com\/es\/contact-us\/\" title=\"OBTENGA UNA EVALUACI\u00d3N DE CASO GRATUITA\" class=\"btn-global\">OBTENGA UNA EVALUACI\u00d3N DE CASO GRATUITA<\/a>\n                    <picture>\n                            <source srcset=\"https:\/\/plg-pllc.com\/wp-content\/themes\/plg-pllc-redesign\/assets\/app\/img\/cta-thumb.webp\" type=\"image\/webp\"\/>\n                            <img src=\"https:\/\/plg-pllc.com\/wp-content\/themes\/plg-pllc-redesign\/assets\/app\/img\/cta-thumb.png\" alt=\"Grupo de abogados Premier\" title=\"Grupo de abogados Premier\" width=\"245\" height=\"220\" loading=\"auto\" fetchpriority=\"auto\" decoding=\"async\"\/>\n        <\/picture>\n        \n        <\/div>","protected":false},"excerpt":{"rendered":"<p>Cascade-Fairwood presenta una fascinante yuxtaposici\u00f3n de patrimonio hist\u00f3rico y vida contempor\u00e1nea. La zona, que alguna vez fue conocida por sus bulliciosas operaciones de miner\u00eda de carb\u00f3n en lugares emblem\u00e1ticos como el lago Youngs y la mina Fire King, ahora prospera como un para\u00edso residencial marcado por una vibrante escena gastron\u00f3mica y un mercado inmobiliario que refleja su creciente atractivo. En medio de este crecimiento, los residentes\u2026<\/p>","protected":false},"author":10,"featured_media":0,"parent":0,"menu_order":0,"comment_status":"closed","ping_status":"closed","template":"","meta":{"_acf_changed":false,"_genesis_hide_title":false,"_genesis_hide_breadcrumbs":false,"_genesis_hide_singular_image":false,"_genesis_hide_footer_widgets":false,"_genesis_custom_body_class":"","_genesis_custom_post_class":"","_genesis_layout":"","footnotes":""},"hc_faqs":[],"class_list":{"0":"post-20310","1":"page","2":"type-page","3":"status-publish","5":"hc_city_location-cascade-fairwood","6":"entry"},"acf":[],"yoast_head":"<!-- This site is optimized with the Yoast SEO plugin v27.4 - https:\/\/yoast.com\/product\/yoast-seo-wordpress\/ -->\n<title>Personal Injury Lawyer in Cascade Fairwood | Free Case Review<\/title>\n<meta name=\"description\" content=\"Cascade Fairwood Personal Injury Lawyer: Premier Law Group helps you unlock the full compensation you deserve. No Fee Unless We Win.\" \/>\n<meta name=\"robots\" content=\"index, follow, max-snippet:-1, max-image-preview:large, max-video-preview:-1\" \/>\n<link rel=\"canonical\" href=\"https:\/\/plg-pllc.com\/es\/fairwood\/personal-injury-lawyer\/\" \/>\n<meta property=\"og:locale\" content=\"es_MX\" \/>\n<meta property=\"og:type\" content=\"article\" \/>\n<meta property=\"og:title\" content=\"Personal Injury Lawyer in Cascade Fairwood | Free Case Review\" \/>\n<meta property=\"og:description\" content=\"Cascade Fairwood Personal Injury Lawyer: Premier Law Group helps you unlock the full compensation you deserve. No Fee Unless We Win.\" \/>\n<meta property=\"og:url\" content=\"https:\/\/plg-pllc.com\/es\/fairwood\/personal-injury-lawyer\/\" \/>\n<meta property=\"og:site_name\" content=\"Premier Law Group\" \/>\n<meta property=\"article:publisher\" content=\"https:\/\/www.facebook.com\/premierlawgroup\" \/>\n<meta property=\"article:modified_time\" content=\"2024-11-07T12:12:13+00:00\" \/>\n<meta name=\"twitter:card\" content=\"summary_large_image\" \/>\n<meta name=\"twitter:site\" content=\"@premierlawgroup\" \/>\n<meta name=\"twitter:label1\" content=\"Tiempo de lectura\" \/>\n\t<meta name=\"twitter:data1\" content=\"3 minutos\" \/>\n<script type=\"application\/ld+json\" class=\"yoast-schema-graph\">{\"@context\":\"https:\\\/\\\/schema.org\",\"@graph\":[{\"@type\":\"WebPage\",\"@id\":\"https:\\\/\\\/plg-pllc.com\\\/fairwood\\\/personal-injury-lawyer\\\/\",\"url\":\"https:\\\/\\\/plg-pllc.com\\\/fairwood\\\/personal-injury-lawyer\\\/\",\"name\":\"Personal Injury Lawyer in Cascade Fairwood | Free Case Review\",\"isPartOf\":{\"@id\":\"https:\\\/\\\/plg-pllc.com\\\/#website\"},\"datePublished\":\"2024-03-20T16:41:56+00:00\",\"dateModified\":\"2024-11-07T12:12:13+00:00\",\"description\":\"Cascade Fairwood Personal Injury Lawyer: Premier Law Group helps you unlock the full compensation you deserve. No Fee Unless We Win.\",\"breadcrumb\":{\"@id\":\"https:\\\/\\\/plg-pllc.com\\\/fairwood\\\/personal-injury-lawyer\\\/#breadcrumb\"},\"inLanguage\":\"es\",\"potentialAction\":[{\"@type\":\"ReadAction\",\"target\":[\"https:\\\/\\\/plg-pllc.com\\\/fairwood\\\/personal-injury-lawyer\\\/\"]}]},{\"@type\":\"BreadcrumbList\",\"@id\":\"https:\\\/\\\/plg-pllc.com\\\/fairwood\\\/personal-injury-lawyer\\\/#breadcrumb\",\"itemListElement\":[{\"@type\":\"ListItem\",\"position\":1,\"name\":\"Home\",\"item\":\"https:\\\/\\\/plg-pllc.com\\\/es\\\/\"},{\"@type\":\"ListItem\",\"position\":2,\"name\":\"Cascade Fairwood Personal Injury Lawyer\"}]},{\"@type\":\"WebSite\",\"@id\":\"https:\\\/\\\/plg-pllc.com\\\/#website\",\"url\":\"https:\\\/\\\/plg-pllc.com\\\/\",\"name\":\"Premier Law Group\",\"description\":\"Washington Wrongful Death and Serious Injury Lawyer\",\"publisher\":{\"@id\":\"https:\\\/\\\/plg-pllc.com\\\/#organization\"},\"inLanguage\":\"es\"},{\"@type\":\"Organization\",\"@id\":\"https:\\\/\\\/plg-pllc.com\\\/#organization\",\"name\":\"Premier Law Group\",\"url\":\"https:\\\/\\\/plg-pllc.com\\\/\",\"logo\":{\"@type\":\"ImageObject\",\"inLanguage\":\"es\",\"@id\":\"https:\\\/\\\/plg-pllc.com\\\/#\\\/schema\\\/logo\\\/image\\\/\",\"url\":\"https:\\\/\\\/plg-pllc.com\\\/wp-content\\\/uploads\\\/2020\\\/10\\\/plg-logo-v2.gif\",\"contentUrl\":\"https:\\\/\\\/plg-pllc.com\\\/wp-content\\\/uploads\\\/2020\\\/10\\\/plg-logo-v2.gif\",\"width\":592,\"height\":191,\"caption\":\"Premier Law Group\"},\"image\":{\"@id\":\"https:\\\/\\\/plg-pllc.com\\\/#\\\/schema\\\/logo\\\/image\\\/\"},\"sameAs\":[\"https:\\\/\\\/www.facebook.com\\\/premierlawgroup\",\"https:\\\/\\\/x.com\\\/premierlawgroup\"]}]}<\/script>\n<!-- \/ Yoast SEO plugin. -->","yoast_head_json":{"title":"Abogado de lesiones personales en Cascade Fairwood | Revisi\u00f3n gratuita de casos","description":"Abogado de lesiones personales en Cascade Fairwood: Premier Law Group lo ayuda a obtener la compensaci\u00f3n total que se merece. Sin cargo a menos que ganemos.","robots":{"index":"index","follow":"follow","max-snippet":"max-snippet:-1","max-image-preview":"max-image-preview:large","max-video-preview":"max-video-preview:-1"},"canonical":"https:\/\/plg-pllc.com\/es\/fairwood\/personal-injury-lawyer\/","og_locale":"es_MX","og_type":"article","og_title":"Personal Injury Lawyer in Cascade Fairwood | Free Case Review","og_description":"Cascade Fairwood Personal Injury Lawyer: Premier Law Group helps you unlock the full compensation you deserve. No Fee Unless We Win.","og_url":"https:\/\/plg-pllc.com\/es\/fairwood\/personal-injury-lawyer\/","og_site_name":"Premier Law Group","article_publisher":"https:\/\/www.facebook.com\/premierlawgroup","article_modified_time":"2024-11-07T12:12:13+00:00","twitter_card":"summary_large_image","twitter_site":"@premierlawgroup","twitter_misc":{"Tiempo de lectura":"3 minutos"},"schema":{"@context":"https:\/\/schema.org","@graph":[{"@type":"WebPage","@id":"https:\/\/plg-pllc.com\/fairwood\/personal-injury-lawyer\/","url":"https:\/\/plg-pllc.com\/fairwood\/personal-injury-lawyer\/","name":"Abogado de lesiones personales en Cascade Fairwood | Revisi\u00f3n gratuita de casos","isPartOf":{"@id":"https:\/\/plg-pllc.com\/#website"},"datePublished":"2024-03-20T16:41:56+00:00","dateModified":"2024-11-07T12:12:13+00:00","description":"Abogado de lesiones personales en Cascade Fairwood: Premier Law Group lo ayuda a obtener la compensaci\u00f3n total que se merece. Sin cargo a menos que ganemos.","breadcrumb":{"@id":"https:\/\/plg-pllc.com\/fairwood\/personal-injury-lawyer\/#breadcrumb"},"inLanguage":"es","potentialAction":[{"@type":"ReadAction","target":["https:\/\/plg-pllc.com\/fairwood\/personal-injury-lawyer\/"]}]},{"@type":"BreadcrumbList","@id":"https:\/\/plg-pllc.com\/fairwood\/personal-injury-lawyer\/#breadcrumb","itemListElement":[{"@type":"ListItem","position":1,"name":"Home","item":"https:\/\/plg-pllc.com\/es\/"},{"@type":"ListItem","position":2,"name":"Cascade Fairwood Personal Injury Lawyer"}]},{"@type":"WebSite","@id":"https:\/\/plg-pllc.com\/#website","url":"https:\/\/plg-pllc.com\/","name":"Grupo de abogados Premier","description":"Abogado de muerte por negligencia y lesiones graves en Washington","publisher":{"@id":"https:\/\/plg-pllc.com\/#organization"},"inLanguage":"es"},{"@type":"Organization","@id":"https:\/\/plg-pllc.com\/#organization","name":"Grupo de abogados Premier","url":"https:\/\/plg-pllc.com\/","logo":{"@type":"ImageObject","inLanguage":"es","@id":"https:\/\/plg-pllc.com\/#\/schema\/logo\/image\/","url":"https:\/\/plg-pllc.com\/wp-content\/uploads\/2020\/10\/plg-logo-v2.gif","contentUrl":"https:\/\/plg-pllc.com\/wp-content\/uploads\/2020\/10\/plg-logo-v2.gif","width":592,"height":191,"caption":"Premier Law Group"},"image":{"@id":"https:\/\/plg-pllc.com\/#\/schema\/logo\/image\/"},"sameAs":["https:\/\/www.facebook.com\/premierlawgroup","https:\/\/x.com\/premierlawgroup"]}]}},"_links":{"self":[{"href":"https:\/\/plg-pllc.com\/es\/wp-json\/wp\/v2\/pages\/20310","targetHints":{"allow":["GET"]}}],"collection":[{"href":"https:\/\/plg-pllc.com\/es\/wp-json\/wp\/v2\/pages"}],"about":[{"href":"https:\/\/plg-pllc.com\/es\/wp-json\/wp\/v2\/types\/page"}],"author":[{"embeddable":true,"href":"https:\/\/plg-pllc.com\/es\/wp-json\/wp\/v2\/users\/10"}],"replies":[{"embeddable":true,"href":"https:\/\/plg-pllc.com\/es\/wp-json\/wp\/v2\/comments?post=20310"}],"version-history":[{"count":0,"href":"https:\/\/plg-pllc.com\/es\/wp-json\/wp\/v2\/pages\/20310\/revisions"}],"wp:attachment":[{"href":"https:\/\/plg-pllc.com\/es\/wp-json\/wp\/v2\/media?parent=20310"}],"wp:term":[{"taxonomy":"hc_faqs","embeddable":true,"href":"https:\/\/plg-pllc.com\/es\/wp-json\/wp\/v2\/hc_faqs?post=20310"}],"curies":[{"name":"gracias","href":"https:\/\/api.w.org\/{rel}","templated":true}]}}