{"id":20311,"date":"2024-03-20T09:44:53","date_gmt":"2024-03-20T16:44:53","guid":{"rendered":"https:\/\/plg-pllc.com\/?page_id=20311"},"modified":"2024-11-07T04:12:13","modified_gmt":"2024-11-07T12:12:13","slug":"personal-injury-attorney-bryn-mawr-skyway","status":"publish","type":"page","link":"https:\/\/plg-pllc.com\/es\/bryn-mawr-skyway\/personal-injury-lawyer\/","title":{"rendered":"Byrn Mawr Skyway Abogado de lesiones personales"},"content":{"rendered":"<p>Bryn Mawr-Skyway se destaca en el noroeste del Pac\u00edfico por su rica diversidad y su importancia hist\u00f3rica. Esta comunidad \u00fanica, celebrada por ser la \u00fanica zona de mayor\u00eda negra de la regi\u00f3n, muestra una composici\u00f3n demogr\u00e1fica casi uniforme entre residentes blancos, negros o afroamericanos y asi\u00e1ticos. M\u00e1s all\u00e1 de su riqueza cultural, Bryn Mawr-Skyway ofrece a los residentes una atractiva combinaci\u00f3n de arte, cultura y recreaci\u00f3n, todo ello bajo el amparo de un clima templado y h\u00famedo gracias al Pac\u00edfico y a la cordillera de las Cascadas. Desarrollada inicialmente para los veteranos que regresaban despu\u00e9s de la Segunda Guerra Mundial, la zona sigue siendo un modelo de asequibilidad e inclusi\u00f3n, estrat\u00e9gicamente ubicada cerca de zonas de alto empleo como Renton y Seattle.<\/p>\r\n\r\n\r\n\r\n<h2 id=\"h-premier-law-group-championing-the-rights-of-bryn-mawr-skyway-residents\" class=\"wp-block-heading\"><strong>Premier Law Group: Defendiendo los derechos de los residentes de Bryn Mawr-Skyway<\/strong><\/h2>\r\n\r\n\r\n\r\n<p>En el coraz\u00f3n de Bryn Mawr-Skyway, donde la diversidad se encuentra con la historia y la asequibilidad, Premier Law Group se dedica a proteger y defender las necesidades legales de la comunidad. Reconociendo la combinaci\u00f3n \u00fanica de herencia cultural y atractivo geogr\u00e1fico de la zona, brindamos servicios legales personalizados para abordar los desaf\u00edos y las oportunidades que conlleva vivir en un entorno tan din\u00e1mico.<\/p>\r\n\r\n\r\n\r\n<h2 id=\"h-legal-services-aligned-with-bryn-mawr-skyway-s-unique-character\" class=\"wp-block-heading\"><strong>Servicios legales alineados con el car\u00e1cter \u00fanico de Bryn Mawr-Skyway<\/strong><\/h2>\r\n\r\n\r\n\r\n<p>Al comprender la diversidad demogr\u00e1fica de Bryn Mawr-Skyway y el compromiso de sus residentes con las artes, la cultura y las actividades al aire libre locales, Premier Law Group se especializa en una variedad de servicios de lesiones personales dise\u00f1ados para proteger a la comunidad:<\/p>\r\n\r\n\r\n\r\n<ul class=\"wp-block-list\">\r\n<li><strong>Casos de accidentes de tr\u00e1fico<\/strong>:Dada la proximidad de Bryn Mawr-Skyway a las principales \u00e1reas de empleo, los desplazamientos diarios pueden provocar accidentes de tr\u00e1fico, para los cuales nuestra firma ofrece representaci\u00f3n legal experta.<\/li>\r\n\r\n\r\n\r\n<li><strong>Casos de accidentes de peatones y ciclistas<\/strong>:Las oportunidades recreativas del \u00e1rea invitan a peatones y ciclistas a explorar, siendo necesario apoyo legal para los incidentes que ocurren en estas actividades.<\/li>\r\n\r\n\r\n\r\n<li><strong>Casos de lesiones infantiles<\/strong>:La naturaleza familiar de Bryn Mawr-Skyway significa que los ni\u00f1os a menudo juegan en sus parques y espacios comunitarios, donde nuestra firma est\u00e1 lista para intervenir en caso de que surja alg\u00fan accidente.<\/li>\r\n\r\n\r\n\r\n<li><strong>Casos de muerte por negligencia<\/strong>:En el desafortunado caso de una muerte por negligencia, Premier Law Group brinda asistencia legal compasiva e integral a las familias afectadas.<\/li>\r\n\r\n\r\n\r\n<li><strong>Casos de accidentes en la construcci\u00f3n<\/strong>:Los esfuerzos continuos de desarrollo y asequibilidad de Bryn Mawr-Skyway incluyen proyectos de construcci\u00f3n en los que los trabajadores pueden enfrentar riesgos, y nuestra experiencia legal cubre dichos escenarios.<\/li>\r\n<\/ul>\r\n\r\n\r\n\r\n<h2 id=\"h-celebrating-bryn-mawr-skyway-s-heritage-with-legal-expertise\" class=\"wp-block-heading\"><strong>Celebrando el legado de Bryn Mawr-Skyway con experiencia legal<\/strong><\/h2>\r\n\r\n\r\n\r\n<p>La combinaci\u00f3n de asequibilidad, diversidad cultural y ra\u00edces hist\u00f3ricas en el apoyo a los veteranos de Bryn Mawr-Skyway crea una comunidad como ninguna otra en el noroeste del Pac\u00edfico. Premier Law Group se compromete a garantizar que las necesidades legales de esta comunidad \u00fanica se satisfagan con los m\u00e1s altos est\u00e1ndares de excelencia y respeto.<\/p>\r\n\r\n\r\n\r\n\n        <div class=\"rs-content-cta long\">\n            <p>Para una consulta legal GRATUITA con un abogado de lesiones personales que atiende en Byrn Mawr Skyway, llame al <a href=\"tel:+12062851743\">(206) 285-1743 <\/a><\/p>\n            <a href=\"https:\/\/plg-pllc.com\/es\/contact-us\/\" title=\"OBTENGA UNA EVALUACI\u00d3N DE CASO GRATUITA\" class=\"btn-global\">OBTENGA UNA EVALUACI\u00d3N DE CASO GRATUITA<\/a>\n                    <picture>\n                            <source srcset=\"https:\/\/plg-pllc.com\/wp-content\/themes\/plg-pllc-redesign\/assets\/app\/img\/cta-thumb.webp\" type=\"image\/webp\"\/>\n                            <img src=\"https:\/\/plg-pllc.com\/wp-content\/themes\/plg-pllc-redesign\/assets\/app\/img\/cta-thumb.png\" alt=\"Grupo de abogados Premier\" title=\"Grupo de abogados Premier\" width=\"245\" height=\"220\" loading=\"auto\" fetchpriority=\"auto\" decoding=\"async\"\/>\n        <\/picture>\n        \n        <\/div><h2 id=\"h-connect-with-premier-law-group-in-bryn-mawr-skyway\" class=\"wp-block-heading\"><strong>Con\u00e9ctese con Premier Law Group en Bryn Mawr-Skyway<\/strong><\/h2>\r\n\r\n\r\n\r\n<p>Si usted o un ser querido en Bryn Mawr-Skyway necesita asistencia legal debido a una lesi\u00f3n personal, Premier Law Group est\u00e1 aqu\u00ed para ayudar. Nuestro conocimiento de las caracter\u00edsticas distintivas de la zona, combinado con nuestra experiencia legal, garantiza que reciba el apoyo y la representaci\u00f3n que se merece.<\/p>\r\n\r\n\r\n\r\n<p>Para obtener m\u00e1s informaci\u00f3n o programar una consulta gratuita, visite nuestro <a href=\"https:\/\/plg-pllc.com\/contact-us\/\">P\u00e1gina de contacto<\/a> o comun\u00edquese directamente con nosotros. Perm\u00edtanos ser su socio para abordar los desaf\u00edos legales en Bryn Mawr-Skyway, lo que le permitir\u00e1 concentrarse en la comunidad y el estilo de vida que aprecia.<\/p>\r\n\n        <div class=\"rs-content-cta\">\n            <p>Llamar o enviar mensaje de texto <a href=\"tel:+12062851743\">(206) 285-1743<\/a> o complete un formulario de evaluaci\u00f3n de caso gratuito<\/p>\n            <a href=\"https:\/\/plg-pllc.com\/es\/contact-us\/\" title=\"OBTENGA UNA EVALUACI\u00d3N DE CASO GRATUITA\" class=\"btn-global\">OBTENGA UNA EVALUACI\u00d3N DE CASO GRATUITA<\/a>\n                    <picture>\n                            <source srcset=\"https:\/\/plg-pllc.com\/wp-content\/themes\/plg-pllc-redesign\/assets\/app\/img\/cta-thumb.webp\" type=\"image\/webp\"\/>\n                            <img src=\"https:\/\/plg-pllc.com\/wp-content\/themes\/plg-pllc-redesign\/assets\/app\/img\/cta-thumb.png\" alt=\"Grupo de abogados Premier\" title=\"Grupo de abogados Premier\" width=\"245\" height=\"220\" loading=\"auto\" fetchpriority=\"auto\" decoding=\"async\"\/>\n        <\/picture>\n        \n        <\/div>","protected":false},"excerpt":{"rendered":"<p>Bryn Mawr-Skyway se destaca en el noroeste del Pac\u00edfico por su rica diversidad y su importancia hist\u00f3rica. Esta comunidad \u00fanica, celebrada por ser la \u00fanica zona de pluralidad negra de la regi\u00f3n, presenta una composici\u00f3n demogr\u00e1fica casi uniforme entre residentes blancos, negros o afroamericanos y asi\u00e1ticos. M\u00e1s all\u00e1 de su riqueza cultural, Bryn Mawr-Skyway ofrece a los residentes una atractiva combinaci\u00f3n\u2026<\/p>","protected":false},"author":10,"featured_media":0,"parent":0,"menu_order":0,"comment_status":"closed","ping_status":"closed","template":"","meta":{"_acf_changed":false,"_genesis_hide_title":false,"_genesis_hide_breadcrumbs":false,"_genesis_hide_singular_image":false,"_genesis_hide_footer_widgets":false,"_genesis_custom_body_class":"","_genesis_custom_post_class":"","_genesis_layout":"","footnotes":""},"hc_faqs":[],"class_list":{"0":"post-20311","1":"page","2":"type-page","3":"status-publish","5":"hc_city_location-byrn-mawr-skyway","6":"entry"},"acf":[],"yoast_head":"<!-- This site is optimized with the Yoast SEO plugin v27.4 - https:\/\/yoast.com\/product\/yoast-seo-wordpress\/ -->\n<title>Personal Injury Lawyer in Byrn Mawr Skyway | Free Case Review<\/title>\n<meta name=\"description\" content=\"Byrn Mawr Skyway Personal Injury Lawyer: Premier Law Group helps you unlock the full compensation you deserve. No Fee Unless We Win.\" \/>\n<meta name=\"robots\" content=\"index, follow, max-snippet:-1, max-image-preview:large, max-video-preview:-1\" \/>\n<link rel=\"canonical\" href=\"https:\/\/plg-pllc.com\/es\/bryn-mawr-skyway\/personal-injury-lawyer\/\" \/>\n<meta property=\"og:locale\" content=\"es_MX\" \/>\n<meta property=\"og:type\" content=\"article\" \/>\n<meta property=\"og:title\" content=\"Personal Injury Lawyer in Byrn Mawr Skyway | Free Case Review\" \/>\n<meta property=\"og:description\" content=\"Byrn Mawr Skyway Personal Injury Lawyer: Premier Law Group helps you unlock the full compensation you deserve. No Fee Unless We Win.\" \/>\n<meta property=\"og:url\" content=\"https:\/\/plg-pllc.com\/es\/bryn-mawr-skyway\/personal-injury-lawyer\/\" \/>\n<meta property=\"og:site_name\" content=\"Premier Law Group\" \/>\n<meta property=\"article:publisher\" content=\"https:\/\/www.facebook.com\/premierlawgroup\" \/>\n<meta property=\"article:modified_time\" content=\"2024-11-07T12:12:13+00:00\" \/>\n<meta name=\"twitter:card\" content=\"summary_large_image\" \/>\n<meta name=\"twitter:site\" content=\"@premierlawgroup\" \/>\n<meta name=\"twitter:label1\" content=\"Tiempo de lectura\" \/>\n\t<meta name=\"twitter:data1\" content=\"3 minutos\" \/>\n<script type=\"application\/ld+json\" class=\"yoast-schema-graph\">{\"@context\":\"https:\\\/\\\/schema.org\",\"@graph\":[{\"@type\":\"WebPage\",\"@id\":\"https:\\\/\\\/plg-pllc.com\\\/bryn-mawr-skyway\\\/personal-injury-lawyer\\\/\",\"url\":\"https:\\\/\\\/plg-pllc.com\\\/bryn-mawr-skyway\\\/personal-injury-lawyer\\\/\",\"name\":\"Personal Injury Lawyer in Byrn Mawr Skyway | Free Case Review\",\"isPartOf\":{\"@id\":\"https:\\\/\\\/plg-pllc.com\\\/#website\"},\"datePublished\":\"2024-03-20T16:44:53+00:00\",\"dateModified\":\"2024-11-07T12:12:13+00:00\",\"description\":\"Byrn Mawr Skyway Personal Injury Lawyer: Premier Law Group helps you unlock the full compensation you deserve. No Fee Unless We Win.\",\"breadcrumb\":{\"@id\":\"https:\\\/\\\/plg-pllc.com\\\/bryn-mawr-skyway\\\/personal-injury-lawyer\\\/#breadcrumb\"},\"inLanguage\":\"es\",\"potentialAction\":[{\"@type\":\"ReadAction\",\"target\":[\"https:\\\/\\\/plg-pllc.com\\\/bryn-mawr-skyway\\\/personal-injury-lawyer\\\/\"]}]},{\"@type\":\"BreadcrumbList\",\"@id\":\"https:\\\/\\\/plg-pllc.com\\\/bryn-mawr-skyway\\\/personal-injury-lawyer\\\/#breadcrumb\",\"itemListElement\":[{\"@type\":\"ListItem\",\"position\":1,\"name\":\"Home\",\"item\":\"https:\\\/\\\/plg-pllc.com\\\/es\\\/\"},{\"@type\":\"ListItem\",\"position\":2,\"name\":\"Byrn Mawr Skyway Personal Injury Lawyer\"}]},{\"@type\":\"WebSite\",\"@id\":\"https:\\\/\\\/plg-pllc.com\\\/#website\",\"url\":\"https:\\\/\\\/plg-pllc.com\\\/\",\"name\":\"Premier Law Group\",\"description\":\"Washington Wrongful Death and Serious Injury Lawyer\",\"publisher\":{\"@id\":\"https:\\\/\\\/plg-pllc.com\\\/#organization\"},\"inLanguage\":\"es\"},{\"@type\":\"Organization\",\"@id\":\"https:\\\/\\\/plg-pllc.com\\\/#organization\",\"name\":\"Premier Law Group\",\"url\":\"https:\\\/\\\/plg-pllc.com\\\/\",\"logo\":{\"@type\":\"ImageObject\",\"inLanguage\":\"es\",\"@id\":\"https:\\\/\\\/plg-pllc.com\\\/#\\\/schema\\\/logo\\\/image\\\/\",\"url\":\"https:\\\/\\\/plg-pllc.com\\\/wp-content\\\/uploads\\\/2020\\\/10\\\/plg-logo-v2.gif\",\"contentUrl\":\"https:\\\/\\\/plg-pllc.com\\\/wp-content\\\/uploads\\\/2020\\\/10\\\/plg-logo-v2.gif\",\"width\":592,\"height\":191,\"caption\":\"Premier Law Group\"},\"image\":{\"@id\":\"https:\\\/\\\/plg-pllc.com\\\/#\\\/schema\\\/logo\\\/image\\\/\"},\"sameAs\":[\"https:\\\/\\\/www.facebook.com\\\/premierlawgroup\",\"https:\\\/\\\/x.com\\\/premierlawgroup\"]}]}<\/script>\n<!-- \/ Yoast SEO plugin. -->","yoast_head_json":{"title":"Abogado de lesiones personales en Byrn Mawr Skyway | Revisi\u00f3n gratuita de casos","description":"Abogado de lesiones personales en Byrn Mawr Skyway: Premier Law Group lo ayuda a obtener la compensaci\u00f3n total que se merece. Sin cargo a menos que ganemos.","robots":{"index":"index","follow":"follow","max-snippet":"max-snippet:-1","max-image-preview":"max-image-preview:large","max-video-preview":"max-video-preview:-1"},"canonical":"https:\/\/plg-pllc.com\/es\/bryn-mawr-skyway\/personal-injury-lawyer\/","og_locale":"es_MX","og_type":"article","og_title":"Personal Injury Lawyer in Byrn Mawr Skyway | Free Case Review","og_description":"Byrn Mawr Skyway Personal Injury Lawyer: Premier Law Group helps you unlock the full compensation you deserve. No Fee Unless We Win.","og_url":"https:\/\/plg-pllc.com\/es\/bryn-mawr-skyway\/personal-injury-lawyer\/","og_site_name":"Premier Law Group","article_publisher":"https:\/\/www.facebook.com\/premierlawgroup","article_modified_time":"2024-11-07T12:12:13+00:00","twitter_card":"summary_large_image","twitter_site":"@premierlawgroup","twitter_misc":{"Tiempo de lectura":"3 minutos"},"schema":{"@context":"https:\/\/schema.org","@graph":[{"@type":"WebPage","@id":"https:\/\/plg-pllc.com\/bryn-mawr-skyway\/personal-injury-lawyer\/","url":"https:\/\/plg-pllc.com\/bryn-mawr-skyway\/personal-injury-lawyer\/","name":"Abogado de lesiones personales en Byrn Mawr Skyway | Revisi\u00f3n gratuita de casos","isPartOf":{"@id":"https:\/\/plg-pllc.com\/#website"},"datePublished":"2024-03-20T16:44:53+00:00","dateModified":"2024-11-07T12:12:13+00:00","description":"Abogado de lesiones personales en Byrn Mawr Skyway: Premier Law Group lo ayuda a obtener la compensaci\u00f3n total que se merece. Sin cargo a menos que ganemos.","breadcrumb":{"@id":"https:\/\/plg-pllc.com\/bryn-mawr-skyway\/personal-injury-lawyer\/#breadcrumb"},"inLanguage":"es","potentialAction":[{"@type":"ReadAction","target":["https:\/\/plg-pllc.com\/bryn-mawr-skyway\/personal-injury-lawyer\/"]}]},{"@type":"BreadcrumbList","@id":"https:\/\/plg-pllc.com\/bryn-mawr-skyway\/personal-injury-lawyer\/#breadcrumb","itemListElement":[{"@type":"ListItem","position":1,"name":"Home","item":"https:\/\/plg-pllc.com\/es\/"},{"@type":"ListItem","position":2,"name":"Byrn Mawr Skyway Personal Injury Lawyer"}]},{"@type":"WebSite","@id":"https:\/\/plg-pllc.com\/#website","url":"https:\/\/plg-pllc.com\/","name":"Grupo de abogados Premier","description":"Abogado de muerte por negligencia y lesiones graves en Washington","publisher":{"@id":"https:\/\/plg-pllc.com\/#organization"},"inLanguage":"es"},{"@type":"Organization","@id":"https:\/\/plg-pllc.com\/#organization","name":"Grupo de abogados Premier","url":"https:\/\/plg-pllc.com\/","logo":{"@type":"ImageObject","inLanguage":"es","@id":"https:\/\/plg-pllc.com\/#\/schema\/logo\/image\/","url":"https:\/\/plg-pllc.com\/wp-content\/uploads\/2020\/10\/plg-logo-v2.gif","contentUrl":"https:\/\/plg-pllc.com\/wp-content\/uploads\/2020\/10\/plg-logo-v2.gif","width":592,"height":191,"caption":"Premier Law Group"},"image":{"@id":"https:\/\/plg-pllc.com\/#\/schema\/logo\/image\/"},"sameAs":["https:\/\/www.facebook.com\/premierlawgroup","https:\/\/x.com\/premierlawgroup"]}]}},"_links":{"self":[{"href":"https:\/\/plg-pllc.com\/es\/wp-json\/wp\/v2\/pages\/20311","targetHints":{"allow":["GET"]}}],"collection":[{"href":"https:\/\/plg-pllc.com\/es\/wp-json\/wp\/v2\/pages"}],"about":[{"href":"https:\/\/plg-pllc.com\/es\/wp-json\/wp\/v2\/types\/page"}],"author":[{"embeddable":true,"href":"https:\/\/plg-pllc.com\/es\/wp-json\/wp\/v2\/users\/10"}],"replies":[{"embeddable":true,"href":"https:\/\/plg-pllc.com\/es\/wp-json\/wp\/v2\/comments?post=20311"}],"version-history":[{"count":0,"href":"https:\/\/plg-pllc.com\/es\/wp-json\/wp\/v2\/pages\/20311\/revisions"}],"wp:attachment":[{"href":"https:\/\/plg-pllc.com\/es\/wp-json\/wp\/v2\/media?parent=20311"}],"wp:term":[{"taxonomy":"hc_faqs","embeddable":true,"href":"https:\/\/plg-pllc.com\/es\/wp-json\/wp\/v2\/hc_faqs?post=20311"}],"curies":[{"name":"gracias","href":"https:\/\/api.w.org\/{rel}","templated":true}]}}