{"id":20314,"date":"2024-03-20T09:53:03","date_gmt":"2024-03-20T16:53:03","guid":{"rendered":"https:\/\/plg-pllc.com\/?page_id=20314"},"modified":"2024-10-14T21:55:34","modified_gmt":"2024-10-15T04:55:34","slug":"personal-injury-attorney-lakeland-north","status":"publish","type":"page","link":"https:\/\/plg-pllc.com\/es\/lakeland-north\/personal-injury-lawyer\/","title":{"rendered":"Abogado de lesiones personales en Lakeland North"},"content":{"rendered":"<p>Lakeland North, WA, es un lugar \u00fanico designado por el censo dentro del condado de King, que se caracteriza por su posici\u00f3n estrat\u00e9gica y su vibrante comunidad de 12.942 residentes seg\u00fan el censo de 2010. Rodeada por Auburn, Federal Way y Kent, Lakeland North se beneficia de su proximidad a los principales centros urbanos, al tiempo que conserva un car\u00e1cter local distintivo. La accesibilidad de la comunidad, especialmente cerca de la Interestatal 5, realza su atractivo, conectando a los residentes con las atracciones y oportunidades m\u00e1s amplias que ofrecen las ciudades vecinas. A pesar de que parte del \u00e1rea fue anexada por Auburn en 2008, Lakeland North contin\u00faa prosperando como una comunidad cohesionada, que ofrece una combinaci\u00f3n de tranquilidad residencial y un acceso conveniente a las comodidades urbanas.<\/p>\r\n\r\n\r\n\r\n<h2 id=\"h-premier-law-group-your-lakeland-north-personal-injury-attorney\" class=\"wp-block-heading\"><strong>Premier Law Group: su abogado de lesiones personales en Lakeland North<\/strong><\/h2>\r\n\r\n\r\n\r\n<p>A medida que Lakeland North experimenta un crecimiento y una mayor conectividad, Premier Law Group se compromete a garantizar la seguridad y el bienestar legal de la comunidad. Nuestra firma se especializa en brindar servicios legales de primer nivel en materia de lesiones personales, entendiendo que con el aumento del tr\u00e1fico y el desarrollo, existe la posibilidad de que se produzcan accidentes y lesiones. Ya sea que viaje por la Interestatal 5, recorra las carreteras locales o disfrute de las comodidades de la zona, Premier Law Group est\u00e1 aqu\u00ed para ofrecerle asistencia legal experta en momentos de necesidad.<\/p>\r\n\r\n\r\n\r\n<h2 id=\"h-comprehensive-legal-services-for-a-thriving-lakeland-north\" class=\"wp-block-heading\"><strong>Servicios jur\u00eddicos integrales para una regi\u00f3n pr\u00f3spera en Lakeland North<\/strong><\/h2>\r\n\r\n\r\n\r\n<p>La dedicaci\u00f3n de Premier Law Group a Lakeland North abarca una amplia gama de servicios de lesiones personales, dise\u00f1ados para abordar las necesidades espec\u00edficas de sus residentes:<\/p>\r\n\r\n\r\n\r\n<ul class=\"wp-block-list\">\r\n<li><strong>Casos de accidentes de tr\u00e1fico<\/strong>:Como los residentes disfrutan de un f\u00e1cil acceso a las ciudades vecinas a trav\u00e9s de la Interestatal 5, el riesgo de accidentes automovil\u00edsticos aumenta. Premier Law Group ofrece representaci\u00f3n experimentada para quienes se ven involucrados en colisiones de tr\u00e1nsito.<\/li>\r\n\r\n\r\n\r\n<li><strong>Casos de accidentes de peatones y ciclistas<\/strong>:La mezcla de elementos residenciales y urbanos en Lakeland North fomenta el caminar y el ciclismo, lo que requiere un fuerte apoyo legal para peatones y ciclistas involucrados en accidentes.<\/li>\r\n\r\n\r\n\r\n<li><strong>Casos de accidentes en la construcci\u00f3n<\/strong>:Con el desarrollo continuo y el crecimiento de la zona, los accidentes en la construcci\u00f3n son una preocupaci\u00f3n. Nuestra firma est\u00e1 equipada para ayudar a los trabajadores y transe\u00fantes afectados por este tipo de incidentes.<\/li>\r\n<\/ul>\r\n\r\n\r\n\r\n<h2 id=\"h-championing-the-rights-of-lakeland-north-residents\" class=\"wp-block-heading\"><strong>Defendiendo los derechos de los residentes de Lakeland North<\/strong><\/h2>\r\n\r\n\r\n\r\n<p>Premier Law Group es un modelo de defensa y apoyo para la comunidad de Lakeland North. Reconocemos la importancia de la protecci\u00f3n legal para fomentar una comunidad segura y din\u00e1mica donde los residentes puedan disfrutar de lo mejor que Lakeland North tiene para ofrecer sin temor a problemas legales sin resolver.<\/p>\r\n\r\n\r\n\r\n\n        <div class=\"rs-content-cta long\">\n            <p>Para una consulta legal GRATUITA con un abogado de lesiones personales que atiende en Lakeland North, llame al <a href=\"tel:+12062851743\">(206) 285-1743 <\/a><\/p>\n            <a href=\"https:\/\/plg-pllc.com\/es\/contact-us\/\" title=\"OBTENGA UNA EVALUACI\u00d3N DE CASO GRATUITA\" class=\"btn-global\">OBTENGA UNA EVALUACI\u00d3N DE CASO GRATUITA<\/a>\n                    <picture>\n                            <source srcset=\"https:\/\/plg-pllc.com\/wp-content\/themes\/plg-pllc-redesign\/assets\/app\/img\/cta-thumb.webp\" type=\"image\/webp\"\/>\n                            <img src=\"https:\/\/plg-pllc.com\/wp-content\/themes\/plg-pllc-redesign\/assets\/app\/img\/cta-thumb.png\" alt=\"Grupo de abogados Premier\" title=\"Grupo de abogados Premier\" width=\"245\" height=\"220\" loading=\"auto\" fetchpriority=\"auto\" decoding=\"async\"\/>\n        <\/picture>\n        \n        <\/div><h2 id=\"h-connect-with-premier-law-group-in-lakeland-north\" class=\"wp-block-heading\"><strong>Con\u00e9ctese con Premier Law Group en Lakeland North<\/strong><\/h2>\r\n\r\n\r\n\r\n<p>Si usted o un ser querido en Lakeland North, WA, necesita asistencia legal debido a una lesi\u00f3n personal, Premier Law Group est\u00e1 listo para brindarle la orientaci\u00f3n y el apoyo de expertos que necesita. Nuestro compromiso con la comunidad y nuestra experiencia en la ley de lesiones personales garantizan que tenga la mejor representaci\u00f3n posible.<\/p>\r\n\r\n\r\n\r\n<p>Para obtener m\u00e1s informaci\u00f3n o programar una consulta gratuita, visite nuestro <a href=\"https:\/\/plg-pllc.com\/contact-us\/\">P\u00e1gina de contacto<\/a> o ll\u00e1menos directamente. Deje que Premier Law Group sea su aliado en Lakeland North, defendiendo sus derechos y ayud\u00e1ndolo a navegar por las complejidades de la ley de lesiones personales con confianza y tranquilidad.<\/p>\r\n\n        <div class=\"rs-content-cta\">\n            <p>Llamar o enviar mensaje de texto <a href=\"tel:+12062851743\">(206) 285-1743<\/a> o complete un formulario de evaluaci\u00f3n de caso gratuito<\/p>\n            <a href=\"https:\/\/plg-pllc.com\/es\/contact-us\/\" title=\"OBTENGA UNA EVALUACI\u00d3N DE CASO GRATUITA\" class=\"btn-global\">OBTENGA UNA EVALUACI\u00d3N DE CASO GRATUITA<\/a>\n                    <picture>\n                            <source srcset=\"https:\/\/plg-pllc.com\/wp-content\/themes\/plg-pllc-redesign\/assets\/app\/img\/cta-thumb.webp\" type=\"image\/webp\"\/>\n                            <img src=\"https:\/\/plg-pllc.com\/wp-content\/themes\/plg-pllc-redesign\/assets\/app\/img\/cta-thumb.png\" alt=\"Grupo de abogados Premier\" title=\"Grupo de abogados Premier\" width=\"245\" height=\"220\" loading=\"auto\" fetchpriority=\"auto\" decoding=\"async\"\/>\n        <\/picture>\n        \n        <\/div>","protected":false},"excerpt":{"rendered":"<p>Lakeland North, WA, es un lugar \u00fanico designado por el censo dentro del condado de King, que se caracteriza por su posici\u00f3n estrat\u00e9gica y su vibrante comunidad de 12 942 residentes seg\u00fan el censo de 2010. Rodeada por Auburn, Federal Way y Kent, Lakeland North se beneficia de su proximidad a los principales centros urbanos, al tiempo que conserva un car\u00e1cter local distintivo. La accesibilidad de la comunidad, especialmente cerca de...<\/p>","protected":false},"author":10,"featured_media":0,"parent":0,"menu_order":0,"comment_status":"closed","ping_status":"closed","template":"","meta":{"_acf_changed":false,"_genesis_hide_title":false,"_genesis_hide_breadcrumbs":false,"_genesis_hide_singular_image":false,"_genesis_hide_footer_widgets":false,"_genesis_custom_body_class":"","_genesis_custom_post_class":"","_genesis_layout":"","footnotes":""},"hc_faqs":[],"class_list":{"0":"post-20314","1":"page","2":"type-page","3":"status-publish","5":"hc_city_location-lakeland-north","6":"entry"},"acf":[],"yoast_head":"<!-- This site is optimized with the Yoast SEO plugin v27.5 - https:\/\/yoast.com\/product\/yoast-seo-wordpress\/ -->\n<title>Personal Injury Lawyer in Lakeland North | Free Case Review<\/title>\n<meta name=\"description\" content=\"Lakeland North Personal Injury Lawyer: Premier Law Group helps you unlock the full compensation you deserve. No Fee Unless We Win.\" \/>\n<meta name=\"robots\" content=\"index, follow, max-snippet:-1, max-image-preview:large, max-video-preview:-1\" \/>\n<link rel=\"canonical\" href=\"https:\/\/plg-pllc.com\/es\/lakeland-north\/personal-injury-lawyer\/\" \/>\n<meta property=\"og:locale\" content=\"es_MX\" \/>\n<meta property=\"og:type\" content=\"article\" \/>\n<meta property=\"og:title\" content=\"Personal Injury Lawyer in Lakeland North | Free Case Review\" \/>\n<meta property=\"og:description\" content=\"Lakeland North Personal Injury Lawyer: Premier Law Group helps you unlock the full compensation you deserve. No Fee Unless We Win.\" \/>\n<meta property=\"og:url\" content=\"https:\/\/plg-pllc.com\/es\/lakeland-north\/personal-injury-lawyer\/\" \/>\n<meta property=\"og:site_name\" content=\"Premier Law Group\" \/>\n<meta property=\"article:publisher\" content=\"https:\/\/www.facebook.com\/premierlawgroup\" \/>\n<meta property=\"article:modified_time\" content=\"2024-10-15T04:55:34+00:00\" \/>\n<meta name=\"twitter:card\" content=\"summary_large_image\" \/>\n<meta name=\"twitter:site\" content=\"@premierlawgroup\" \/>\n<meta name=\"twitter:label1\" content=\"Tiempo de lectura\" \/>\n\t<meta name=\"twitter:data1\" content=\"3 minutos\" \/>\n<script type=\"application\/ld+json\" class=\"yoast-schema-graph\">{\"@context\":\"https:\\\/\\\/schema.org\",\"@graph\":[{\"@type\":\"WebPage\",\"@id\":\"https:\\\/\\\/plg-pllc.com\\\/lakeland-north\\\/personal-injury-lawyer\\\/\",\"url\":\"https:\\\/\\\/plg-pllc.com\\\/lakeland-north\\\/personal-injury-lawyer\\\/\",\"name\":\"Personal Injury Lawyer in Lakeland North | Free Case Review\",\"isPartOf\":{\"@id\":\"https:\\\/\\\/plg-pllc.com\\\/#website\"},\"datePublished\":\"2024-03-20T16:53:03+00:00\",\"dateModified\":\"2024-10-15T04:55:34+00:00\",\"description\":\"Lakeland North Personal Injury Lawyer: Premier Law Group helps you unlock the full compensation you deserve. No Fee Unless We Win.\",\"breadcrumb\":{\"@id\":\"https:\\\/\\\/plg-pllc.com\\\/lakeland-north\\\/personal-injury-lawyer\\\/#breadcrumb\"},\"inLanguage\":\"es\",\"potentialAction\":[{\"@type\":\"ReadAction\",\"target\":[\"https:\\\/\\\/plg-pllc.com\\\/lakeland-north\\\/personal-injury-lawyer\\\/\"]}]},{\"@type\":\"BreadcrumbList\",\"@id\":\"https:\\\/\\\/plg-pllc.com\\\/lakeland-north\\\/personal-injury-lawyer\\\/#breadcrumb\",\"itemListElement\":[{\"@type\":\"ListItem\",\"position\":1,\"name\":\"Home\",\"item\":\"https:\\\/\\\/plg-pllc.com\\\/es\\\/\"},{\"@type\":\"ListItem\",\"position\":2,\"name\":\"Lakeland North Personal Injury Lawyer\"}]},{\"@type\":\"WebSite\",\"@id\":\"https:\\\/\\\/plg-pllc.com\\\/#website\",\"url\":\"https:\\\/\\\/plg-pllc.com\\\/\",\"name\":\"Premier Law Group\",\"description\":\"Washington Wrongful Death and Serious Injury Lawyer\",\"publisher\":{\"@id\":\"https:\\\/\\\/plg-pllc.com\\\/#organization\"},\"inLanguage\":\"es\"},{\"@type\":\"Organization\",\"@id\":\"https:\\\/\\\/plg-pllc.com\\\/#organization\",\"name\":\"Premier Law Group\",\"url\":\"https:\\\/\\\/plg-pllc.com\\\/\",\"logo\":{\"@type\":\"ImageObject\",\"inLanguage\":\"es\",\"@id\":\"https:\\\/\\\/plg-pllc.com\\\/#\\\/schema\\\/logo\\\/image\\\/\",\"url\":\"https:\\\/\\\/plg-pllc.com\\\/wp-content\\\/uploads\\\/2020\\\/10\\\/plg-logo-v2.gif\",\"contentUrl\":\"https:\\\/\\\/plg-pllc.com\\\/wp-content\\\/uploads\\\/2020\\\/10\\\/plg-logo-v2.gif\",\"width\":592,\"height\":191,\"caption\":\"Premier Law Group\"},\"image\":{\"@id\":\"https:\\\/\\\/plg-pllc.com\\\/#\\\/schema\\\/logo\\\/image\\\/\"},\"sameAs\":[\"https:\\\/\\\/www.facebook.com\\\/premierlawgroup\",\"https:\\\/\\\/x.com\\\/premierlawgroup\"]}]}<\/script>\n<!-- \/ Yoast SEO plugin. -->","yoast_head_json":{"title":"Abogado de lesiones personales en Lakeland North | Revisi\u00f3n gratuita de casos","description":"Abogado de lesiones personales en Lakeland North: Premier Law Group lo ayuda a obtener la compensaci\u00f3n total que se merece. Sin cargo a menos que ganemos.","robots":{"index":"index","follow":"follow","max-snippet":"max-snippet:-1","max-image-preview":"max-image-preview:large","max-video-preview":"max-video-preview:-1"},"canonical":"https:\/\/plg-pllc.com\/es\/lakeland-north\/personal-injury-lawyer\/","og_locale":"es_MX","og_type":"article","og_title":"Personal Injury Lawyer in Lakeland North | Free Case Review","og_description":"Lakeland North Personal Injury Lawyer: Premier Law Group helps you unlock the full compensation you deserve. No Fee Unless We Win.","og_url":"https:\/\/plg-pllc.com\/es\/lakeland-north\/personal-injury-lawyer\/","og_site_name":"Premier Law Group","article_publisher":"https:\/\/www.facebook.com\/premierlawgroup","article_modified_time":"2024-10-15T04:55:34+00:00","twitter_card":"summary_large_image","twitter_site":"@premierlawgroup","twitter_misc":{"Tiempo de lectura":"3 minutos"},"schema":{"@context":"https:\/\/schema.org","@graph":[{"@type":"WebPage","@id":"https:\/\/plg-pllc.com\/lakeland-north\/personal-injury-lawyer\/","url":"https:\/\/plg-pllc.com\/lakeland-north\/personal-injury-lawyer\/","name":"Abogado de lesiones personales en Lakeland North | Revisi\u00f3n gratuita de casos","isPartOf":{"@id":"https:\/\/plg-pllc.com\/#website"},"datePublished":"2024-03-20T16:53:03+00:00","dateModified":"2024-10-15T04:55:34+00:00","description":"Abogado de lesiones personales en Lakeland North: Premier Law Group lo ayuda a obtener la compensaci\u00f3n total que se merece. Sin cargo a menos que ganemos.","breadcrumb":{"@id":"https:\/\/plg-pllc.com\/lakeland-north\/personal-injury-lawyer\/#breadcrumb"},"inLanguage":"es","potentialAction":[{"@type":"ReadAction","target":["https:\/\/plg-pllc.com\/lakeland-north\/personal-injury-lawyer\/"]}]},{"@type":"BreadcrumbList","@id":"https:\/\/plg-pllc.com\/lakeland-north\/personal-injury-lawyer\/#breadcrumb","itemListElement":[{"@type":"ListItem","position":1,"name":"Home","item":"https:\/\/plg-pllc.com\/es\/"},{"@type":"ListItem","position":2,"name":"Lakeland North Personal Injury Lawyer"}]},{"@type":"WebSite","@id":"https:\/\/plg-pllc.com\/#website","url":"https:\/\/plg-pllc.com\/","name":"Grupo de abogados Premier","description":"Abogado de muerte por negligencia y lesiones graves en Washington","publisher":{"@id":"https:\/\/plg-pllc.com\/#organization"},"inLanguage":"es"},{"@type":"Organization","@id":"https:\/\/plg-pllc.com\/#organization","name":"Grupo de abogados Premier","url":"https:\/\/plg-pllc.com\/","logo":{"@type":"ImageObject","inLanguage":"es","@id":"https:\/\/plg-pllc.com\/#\/schema\/logo\/image\/","url":"https:\/\/plg-pllc.com\/wp-content\/uploads\/2020\/10\/plg-logo-v2.gif","contentUrl":"https:\/\/plg-pllc.com\/wp-content\/uploads\/2020\/10\/plg-logo-v2.gif","width":592,"height":191,"caption":"Premier Law Group"},"image":{"@id":"https:\/\/plg-pllc.com\/#\/schema\/logo\/image\/"},"sameAs":["https:\/\/www.facebook.com\/premierlawgroup","https:\/\/x.com\/premierlawgroup"]}]}},"_links":{"self":[{"href":"https:\/\/plg-pllc.com\/es\/wp-json\/wp\/v2\/pages\/20314","targetHints":{"allow":["GET"]}}],"collection":[{"href":"https:\/\/plg-pllc.com\/es\/wp-json\/wp\/v2\/pages"}],"about":[{"href":"https:\/\/plg-pllc.com\/es\/wp-json\/wp\/v2\/types\/page"}],"author":[{"embeddable":true,"href":"https:\/\/plg-pllc.com\/es\/wp-json\/wp\/v2\/users\/10"}],"replies":[{"embeddable":true,"href":"https:\/\/plg-pllc.com\/es\/wp-json\/wp\/v2\/comments?post=20314"}],"version-history":[{"count":0,"href":"https:\/\/plg-pllc.com\/es\/wp-json\/wp\/v2\/pages\/20314\/revisions"}],"wp:attachment":[{"href":"https:\/\/plg-pllc.com\/es\/wp-json\/wp\/v2\/media?parent=20314"}],"wp:term":[{"taxonomy":"hc_faqs","embeddable":true,"href":"https:\/\/plg-pllc.com\/es\/wp-json\/wp\/v2\/hc_faqs?post=20314"}],"curies":[{"name":"gracias","href":"https:\/\/api.w.org\/{rel}","templated":true}]}}