{"id":20315,"date":"2024-03-20T09:56:06","date_gmt":"2024-03-20T16:56:06","guid":{"rendered":"https:\/\/plg-pllc.com\/?page_id=20315"},"modified":"2024-10-17T13:42:10","modified_gmt":"2024-10-17T20:42:10","slug":"personal-injury-attorney-lake-forest-park","status":"publish","type":"page","link":"https:\/\/plg-pllc.com\/es\/lake-forest-park\/personal-injury-lawyer\/","title":{"rendered":"Abogado de lesiones personales en Lake Forest Park"},"content":{"rendered":"<p>Lake Forest Park, WA, ubicado a lo largo de las serenas orillas del lago Washington, encarna la esencia de la belleza natural y la armon\u00eda comunitaria. Esta ciudad, con sus exuberantes paisajes, diversidad cultural y ra\u00edces hist\u00f3ricas, ofrece un refugio tranquilo de la agitada vida de la ciudad, al mismo tiempo que mantiene una atm\u00f3sfera comunitaria unida. Fundado en 1912 como una comunidad planificada, Lake Forest Park fue dise\u00f1ado con la visi\u00f3n de preservar su belleza natural, desde los imponentes \u00e1rboles y las vibrantes flores silvestres hasta la tranquila orilla del lago, creando un entorno id\u00edlico para los entusiastas de las actividades al aire libre y las familias por igual.<\/p>\r\n\r\n\r\n\r\n<h2 id=\"h-premier-law-group-advocating-for-lake-forest-park-s-residents\" class=\"wp-block-heading\"><strong>Premier Law Group: Defendiendo a los residentes de Lake Forest Park<\/strong><\/h2>\r\n\r\n\r\n\r\n<p>En Lake Forest Park, donde la comunidad prospera en medio de la abundancia de la naturaleza y las diversas expresiones culturales, Premier Law Group est\u00e1 preparado para garantizar la protecci\u00f3n de los derechos y la seguridad de los residentes. Reconocemos que incluso en los entornos m\u00e1s id\u00edlicos pueden ocurrir incidentes imprevistos que requieran asesoramiento legal especializado. Nuestro compromiso con Lake Forest Park incluye una amplia gama de servicios de lesiones personales adaptados al estilo de vida y las actividades \u00fanicas que disfrutan sus residentes.<\/p>\r\n\r\n\r\n\r\n<h2 id=\"h-personal-injury-services-for-lake-forest-park-s-unique-lifestyle\" class=\"wp-block-heading\"><strong>Servicios de lesiones personales para el estilo de vida \u00fanico de Lake Forest Park<\/strong><\/h2>\r\n\r\n\r\n\r\n<p>Los servicios legales de Premier Law Group est\u00e1n dise\u00f1ados para satisfacer las necesidades espec\u00edficas de los residentes de Lake Forest Park, lo que refleja la dedicaci\u00f3n de la ciudad a las actividades al aire libre, el compromiso comunitario y la preservaci\u00f3n de la belleza natural:<\/p>\r\n\r\n\r\n\r\n<ul class=\"wp-block-list\">\r\n<li><strong>Accidentes en actividades acu\u00e1ticas y al aire libre<\/strong>:Dado que Lake Forest Park pone \u00e9nfasis en las actividades acu\u00e1ticas y las aventuras al aire libre, pueden ocurrir accidentes. Ya sea un incidente en bote en el lago Washington o un percance en el sendero Burke-Gilman, nuestros abogados con experiencia est\u00e1n aqu\u00ed para ayudar.<\/li>\r\n\r\n\r\n\r\n<li><strong>Casos de accidentes de peatones y ciclistas<\/strong>:Los espacios verdes y senderos de la ciudad fomentan la pr\u00e1ctica de caminar y andar en bicicleta, actividades que, si bien son beneficiosas, conllevan el riesgo de sufrir accidentes. Premier Law Group brinda apoyo legal a peatones y ciclistas involucrados en accidentes, defendiendo sus derechos y su recuperaci\u00f3n.<\/li>\r\n\r\n\r\n\r\n<li><strong>Casos de accidentes de tr\u00e1fico<\/strong>:A pesar de su entorno sereno, Lake Forest Park no es inmune a los incidentes relacionados con el tr\u00e1fico. Nuestra firma ofrece representaci\u00f3n experta para las v\u00edctimas de accidentes automovil\u00edsticos, asegur\u00e1ndose de que reciban una compensaci\u00f3n justa por sus lesiones.<\/li>\r\n\r\n\r\n\r\n<li><strong>Evento comunitario Lesiones infantiles<\/strong>:El fuerte sentido de comunidad en Lake Forest Park a menudo se traduce en eventos organizados que re\u00fanen a los residentes. Si se producen lesiones a ni\u00f1os durante dichas reuniones, Premier Law Group est\u00e1 preparado para ofrecer asistencia legal compasiva y eficaz.<\/li>\r\n<\/ul>\r\n\r\n\r\n\r\n<h2 id=\"h-championing-the-lake-forest-park-spirit\" class=\"wp-block-heading\"><strong>Defendiendo el esp\u00edritu de Lake Forest Park<\/strong><\/h2>\r\n\r\n\r\n\r\n<p>El esp\u00edritu de Lake Forest Park reside en su combinaci\u00f3n de entornos naturales impresionantes, solidaridad comunitaria y riqueza cultural. Premier Law Group se dedica a preservar este esp\u00edritu ofreciendo experiencia legal que respalda el bienestar y la seguridad de la comunidad.<\/p>\r\n\r\n\r\n\r\n\n        <div class=\"rs-content-cta long\">\n            <p>Para una consulta legal GRATUITA con un abogado de lesiones personales que preste servicios en Lake Forest Park, llame al <a href=\"tel:+12062851743\">(206) 285-1743 <\/a><\/p>\n            <a href=\"https:\/\/plg-pllc.com\/es\/contact-us\/\" title=\"OBTENGA UNA EVALUACI\u00d3N DE CASO GRATUITA\" class=\"btn-global\">OBTENGA UNA EVALUACI\u00d3N DE CASO GRATUITA<\/a>\n                    <picture>\n                            <source srcset=\"https:\/\/plg-pllc.com\/wp-content\/themes\/plg-pllc-redesign\/assets\/app\/img\/cta-thumb.webp\" type=\"image\/webp\"\/>\n                            <img src=\"https:\/\/plg-pllc.com\/wp-content\/themes\/plg-pllc-redesign\/assets\/app\/img\/cta-thumb.png\" alt=\"Grupo de abogados Premier\" title=\"Grupo de abogados Premier\" width=\"245\" height=\"220\" loading=\"auto\" fetchpriority=\"auto\" decoding=\"async\"\/>\n        <\/picture>\n        \n        <\/div><h2 id=\"h-connect-with-premier-law-group-in-lake-forest-park\" class=\"wp-block-heading\"><strong>Con\u00e9ctese con Premier Law Group en Lake Forest Park<\/strong><\/h2>\r\n\r\n\r\n\r\n<p>Si usted o un ser querido en Lake Forest Park necesita asistencia legal debido a una lesi\u00f3n personal, Premier Law Group est\u00e1 aqu\u00ed para ofrecerle la orientaci\u00f3n y el apoyo que necesita. Nuestro profundo conocimiento de las caracter\u00edsticas \u00fanicas de Lake Forest Park, combinado con nuestro compromiso con la excelencia en la ley de lesiones personales, garantiza que usted tenga la mejor representaci\u00f3n posible.<\/p>\r\n\r\n\r\n\r\n<p>Para obtener m\u00e1s informaci\u00f3n o programar una consulta gratuita, visite nuestro <a href=\"https:\/\/plg-pllc.com\/contact-us\/\">P\u00e1gina de contacto<\/a> o ll\u00e1menos directamente. Deje que Premier Law Group sea su aliado en Lake Forest Park, protegiendo sus derechos legales y ayud\u00e1ndolo a navegar por las complejidades de la ley de lesiones personales con confianza y cuidado.<\/p>\r\n\n        <div class=\"rs-content-cta\">\n            <p>Llamar o enviar mensaje de texto <a href=\"tel:+12062851743\">(206) 285-1743<\/a> o complete un formulario de evaluaci\u00f3n de caso gratuito<\/p>\n            <a href=\"https:\/\/plg-pllc.com\/es\/contact-us\/\" title=\"OBTENGA UNA EVALUACI\u00d3N DE CASO GRATUITA\" class=\"btn-global\">OBTENGA UNA EVALUACI\u00d3N DE CASO GRATUITA<\/a>\n                    <picture>\n                            <source srcset=\"https:\/\/plg-pllc.com\/wp-content\/themes\/plg-pllc-redesign\/assets\/app\/img\/cta-thumb.webp\" type=\"image\/webp\"\/>\n                            <img src=\"https:\/\/plg-pllc.com\/wp-content\/themes\/plg-pllc-redesign\/assets\/app\/img\/cta-thumb.png\" alt=\"Grupo de abogados Premier\" title=\"Grupo de abogados Premier\" width=\"245\" height=\"220\" loading=\"auto\" fetchpriority=\"auto\" decoding=\"async\"\/>\n        <\/picture>\n        \n        <\/div>","protected":false},"excerpt":{"rendered":"<p>Lake Forest Park, WA, ubicado a lo largo de las serenas orillas del lago Washington, encarna la esencia de la belleza natural y la armon\u00eda comunitaria. Esta ciudad, con sus exuberantes paisajes, diversidad cultural y ra\u00edces hist\u00f3ricas, ofrece un refugio tranquilo de la agitada vida de la ciudad, al tiempo que mantiene una atm\u00f3sfera comunitaria unida. Fundada en 1912 como una comunidad planificada, Lake Forest Park \u2026<\/p>","protected":false},"author":10,"featured_media":0,"parent":0,"menu_order":0,"comment_status":"closed","ping_status":"closed","template":"","meta":{"_acf_changed":false,"_genesis_hide_title":false,"_genesis_hide_breadcrumbs":false,"_genesis_hide_singular_image":false,"_genesis_hide_footer_widgets":false,"_genesis_custom_body_class":"","_genesis_custom_post_class":"","_genesis_layout":"","footnotes":""},"hc_faqs":[],"class_list":{"0":"post-20315","1":"page","2":"type-page","3":"status-publish","5":"hc_city_location-lake-forest-park","6":"entry"},"acf":[],"yoast_head":"<!-- This site is optimized with the Yoast SEO plugin v27.4 - https:\/\/yoast.com\/product\/yoast-seo-wordpress\/ -->\n<title>Personal Injury Lawyer in Lake Forest Park | Free Case Review<\/title>\n<meta name=\"description\" content=\"Lake Forest Park Personal Injury Lawyer: Premier Law Group helps you unlock the full compensation you deserve. No Fee Unless We Win.\" \/>\n<meta name=\"robots\" content=\"index, follow, max-snippet:-1, max-image-preview:large, max-video-preview:-1\" \/>\n<link rel=\"canonical\" href=\"https:\/\/plg-pllc.com\/es\/lake-forest-park\/personal-injury-lawyer\/\" \/>\n<meta property=\"og:locale\" content=\"es_MX\" \/>\n<meta property=\"og:type\" content=\"article\" \/>\n<meta property=\"og:title\" content=\"Personal Injury Lawyer in Lake Forest Park | Free Case Review\" \/>\n<meta property=\"og:description\" content=\"Lake Forest Park Personal Injury Lawyer: Premier Law Group helps you unlock the full compensation you deserve. No Fee Unless We Win.\" \/>\n<meta property=\"og:url\" content=\"https:\/\/plg-pllc.com\/es\/lake-forest-park\/personal-injury-lawyer\/\" \/>\n<meta property=\"og:site_name\" content=\"Premier Law Group\" \/>\n<meta property=\"article:publisher\" content=\"https:\/\/www.facebook.com\/premierlawgroup\" \/>\n<meta property=\"article:modified_time\" content=\"2024-10-17T20:42:10+00:00\" \/>\n<meta name=\"twitter:card\" content=\"summary_large_image\" \/>\n<meta name=\"twitter:site\" content=\"@premierlawgroup\" \/>\n<meta name=\"twitter:label1\" content=\"Tiempo de lectura\" \/>\n\t<meta name=\"twitter:data1\" content=\"3 minutos\" \/>\n<script type=\"application\/ld+json\" class=\"yoast-schema-graph\">{\"@context\":\"https:\\\/\\\/schema.org\",\"@graph\":[{\"@type\":\"WebPage\",\"@id\":\"https:\\\/\\\/plg-pllc.com\\\/lake-forest-park\\\/personal-injury-lawyer\\\/\",\"url\":\"https:\\\/\\\/plg-pllc.com\\\/lake-forest-park\\\/personal-injury-lawyer\\\/\",\"name\":\"Personal Injury Lawyer in Lake Forest Park | Free Case Review\",\"isPartOf\":{\"@id\":\"https:\\\/\\\/plg-pllc.com\\\/#website\"},\"datePublished\":\"2024-03-20T16:56:06+00:00\",\"dateModified\":\"2024-10-17T20:42:10+00:00\",\"description\":\"Lake Forest Park Personal Injury Lawyer: Premier Law Group helps you unlock the full compensation you deserve. No Fee Unless We Win.\",\"breadcrumb\":{\"@id\":\"https:\\\/\\\/plg-pllc.com\\\/lake-forest-park\\\/personal-injury-lawyer\\\/#breadcrumb\"},\"inLanguage\":\"es\",\"potentialAction\":[{\"@type\":\"ReadAction\",\"target\":[\"https:\\\/\\\/plg-pllc.com\\\/lake-forest-park\\\/personal-injury-lawyer\\\/\"]}]},{\"@type\":\"BreadcrumbList\",\"@id\":\"https:\\\/\\\/plg-pllc.com\\\/lake-forest-park\\\/personal-injury-lawyer\\\/#breadcrumb\",\"itemListElement\":[{\"@type\":\"ListItem\",\"position\":1,\"name\":\"Home\",\"item\":\"https:\\\/\\\/plg-pllc.com\\\/es\\\/\"},{\"@type\":\"ListItem\",\"position\":2,\"name\":\"Lake Forest Park Personal Injury Lawyer\"}]},{\"@type\":\"WebSite\",\"@id\":\"https:\\\/\\\/plg-pllc.com\\\/#website\",\"url\":\"https:\\\/\\\/plg-pllc.com\\\/\",\"name\":\"Premier Law Group\",\"description\":\"Washington Wrongful Death and Serious Injury Lawyer\",\"publisher\":{\"@id\":\"https:\\\/\\\/plg-pllc.com\\\/#organization\"},\"inLanguage\":\"es\"},{\"@type\":\"Organization\",\"@id\":\"https:\\\/\\\/plg-pllc.com\\\/#organization\",\"name\":\"Premier Law Group\",\"url\":\"https:\\\/\\\/plg-pllc.com\\\/\",\"logo\":{\"@type\":\"ImageObject\",\"inLanguage\":\"es\",\"@id\":\"https:\\\/\\\/plg-pllc.com\\\/#\\\/schema\\\/logo\\\/image\\\/\",\"url\":\"https:\\\/\\\/plg-pllc.com\\\/wp-content\\\/uploads\\\/2020\\\/10\\\/plg-logo-v2.gif\",\"contentUrl\":\"https:\\\/\\\/plg-pllc.com\\\/wp-content\\\/uploads\\\/2020\\\/10\\\/plg-logo-v2.gif\",\"width\":592,\"height\":191,\"caption\":\"Premier Law Group\"},\"image\":{\"@id\":\"https:\\\/\\\/plg-pllc.com\\\/#\\\/schema\\\/logo\\\/image\\\/\"},\"sameAs\":[\"https:\\\/\\\/www.facebook.com\\\/premierlawgroup\",\"https:\\\/\\\/x.com\\\/premierlawgroup\"]}]}<\/script>\n<!-- \/ Yoast SEO plugin. -->","yoast_head_json":{"title":"Abogado de lesiones personales en Lake Forest Park | Revisi\u00f3n gratuita de casos","description":"Abogado de lesiones personales en Lake Forest Park: Premier Law Group lo ayuda a obtener la compensaci\u00f3n total que se merece. Sin honorarios a menos que ganemos.","robots":{"index":"index","follow":"follow","max-snippet":"max-snippet:-1","max-image-preview":"max-image-preview:large","max-video-preview":"max-video-preview:-1"},"canonical":"https:\/\/plg-pllc.com\/es\/lake-forest-park\/personal-injury-lawyer\/","og_locale":"es_MX","og_type":"article","og_title":"Personal Injury Lawyer in Lake Forest Park | Free Case Review","og_description":"Lake Forest Park Personal Injury Lawyer: Premier Law Group helps you unlock the full compensation you deserve. No Fee Unless We Win.","og_url":"https:\/\/plg-pllc.com\/es\/lake-forest-park\/personal-injury-lawyer\/","og_site_name":"Premier Law Group","article_publisher":"https:\/\/www.facebook.com\/premierlawgroup","article_modified_time":"2024-10-17T20:42:10+00:00","twitter_card":"summary_large_image","twitter_site":"@premierlawgroup","twitter_misc":{"Tiempo de lectura":"3 minutos"},"schema":{"@context":"https:\/\/schema.org","@graph":[{"@type":"WebPage","@id":"https:\/\/plg-pllc.com\/lake-forest-park\/personal-injury-lawyer\/","url":"https:\/\/plg-pllc.com\/lake-forest-park\/personal-injury-lawyer\/","name":"Abogado de lesiones personales en Lake Forest Park | Revisi\u00f3n gratuita de casos","isPartOf":{"@id":"https:\/\/plg-pllc.com\/#website"},"datePublished":"2024-03-20T16:56:06+00:00","dateModified":"2024-10-17T20:42:10+00:00","description":"Abogado de lesiones personales en Lake Forest Park: Premier Law Group lo ayuda a obtener la compensaci\u00f3n total que se merece. Sin honorarios a menos que ganemos.","breadcrumb":{"@id":"https:\/\/plg-pllc.com\/lake-forest-park\/personal-injury-lawyer\/#breadcrumb"},"inLanguage":"es","potentialAction":[{"@type":"ReadAction","target":["https:\/\/plg-pllc.com\/lake-forest-park\/personal-injury-lawyer\/"]}]},{"@type":"BreadcrumbList","@id":"https:\/\/plg-pllc.com\/lake-forest-park\/personal-injury-lawyer\/#breadcrumb","itemListElement":[{"@type":"ListItem","position":1,"name":"Home","item":"https:\/\/plg-pllc.com\/es\/"},{"@type":"ListItem","position":2,"name":"Lake Forest Park Personal Injury Lawyer"}]},{"@type":"WebSite","@id":"https:\/\/plg-pllc.com\/#website","url":"https:\/\/plg-pllc.com\/","name":"Grupo de abogados Premier","description":"Abogado de muerte por negligencia y lesiones graves en Washington","publisher":{"@id":"https:\/\/plg-pllc.com\/#organization"},"inLanguage":"es"},{"@type":"Organization","@id":"https:\/\/plg-pllc.com\/#organization","name":"Grupo de abogados Premier","url":"https:\/\/plg-pllc.com\/","logo":{"@type":"ImageObject","inLanguage":"es","@id":"https:\/\/plg-pllc.com\/#\/schema\/logo\/image\/","url":"https:\/\/plg-pllc.com\/wp-content\/uploads\/2020\/10\/plg-logo-v2.gif","contentUrl":"https:\/\/plg-pllc.com\/wp-content\/uploads\/2020\/10\/plg-logo-v2.gif","width":592,"height":191,"caption":"Premier Law Group"},"image":{"@id":"https:\/\/plg-pllc.com\/#\/schema\/logo\/image\/"},"sameAs":["https:\/\/www.facebook.com\/premierlawgroup","https:\/\/x.com\/premierlawgroup"]}]}},"_links":{"self":[{"href":"https:\/\/plg-pllc.com\/es\/wp-json\/wp\/v2\/pages\/20315","targetHints":{"allow":["GET"]}}],"collection":[{"href":"https:\/\/plg-pllc.com\/es\/wp-json\/wp\/v2\/pages"}],"about":[{"href":"https:\/\/plg-pllc.com\/es\/wp-json\/wp\/v2\/types\/page"}],"author":[{"embeddable":true,"href":"https:\/\/plg-pllc.com\/es\/wp-json\/wp\/v2\/users\/10"}],"replies":[{"embeddable":true,"href":"https:\/\/plg-pllc.com\/es\/wp-json\/wp\/v2\/comments?post=20315"}],"version-history":[{"count":0,"href":"https:\/\/plg-pllc.com\/es\/wp-json\/wp\/v2\/pages\/20315\/revisions"}],"wp:attachment":[{"href":"https:\/\/plg-pllc.com\/es\/wp-json\/wp\/v2\/media?parent=20315"}],"wp:term":[{"taxonomy":"hc_faqs","embeddable":true,"href":"https:\/\/plg-pllc.com\/es\/wp-json\/wp\/v2\/hc_faqs?post=20315"}],"curies":[{"name":"gracias","href":"https:\/\/api.w.org\/{rel}","templated":true}]}}