{"id":20317,"date":"2024-03-20T10:05:59","date_gmt":"2024-03-20T17:05:59","guid":{"rendered":"https:\/\/plg-pllc.com\/?page_id=20317"},"modified":"2024-11-07T04:12:14","modified_gmt":"2024-11-07T12:12:14","slug":"personal-injury-attorney-edgewood","status":"publish","type":"page","link":"https:\/\/plg-pllc.com\/es\/edgewood\/personal-injury-lawyer\/","title":{"rendered":"Abogado de lesiones personales en Edgewood"},"content":{"rendered":"<p>Edgewood, Washington, una ciudad entretejida con hilos hist\u00f3ricos y crecimiento moderno, es una mezcla \u00fanica de pasado y presente. Desde sus ra\u00edces en la tribu ind\u00edgena Puyallup y los primeros colonos de las d\u00e9cadas de 1830 y 1850 hasta sus importantes monumentos como el molino de viento Nyholm, la historia de Edgewood es palpable en sus calles y cultura. Ubicada en el condado de Pierce, su ubicaci\u00f3n m\u00e1s al norte la ha convertido en un lugar favorito para quienes viajan diariamente a Seattle y Belleville. Adem\u00e1s de su distinci\u00f3n geogr\u00e1fica, Edgewood celebra la diversidad cultural dentro de su creciente poblaci\u00f3n, encarnando una comunidad que es rica en historia y con visi\u00f3n de futuro en su desarrollo desde su incorporaci\u00f3n en 1996.<\/p>\r\n\r\n\r\n\r\n<h2 id=\"h-premier-law-group-personal-injury-attorneys-supporting-edgewood-s-community\" class=\"wp-block-heading\"><strong>Premier Law Group: abogados especializados en lesiones personales que apoyan a la comunidad de Edgewood<\/strong><\/h2>\r\n\r\n\r\n\r\n<p>En Edgewood, donde la importancia hist\u00f3rica se combina con el crecimiento de la poblaci\u00f3n y la cultura de los viajeros, Premier Law Group est\u00e1 disponible para ofrecer asistencia legal personalizada adaptada a las necesidades de la comunidad. Entendemos que las caracter\u00edsticas \u00fanicas de Edgewood pueden presentar desaf\u00edos espec\u00edficos, desde incidentes relacionados con el tr\u00e1fico para los viajeros diarios hasta posibles situaciones de lesiones personales tanto en entornos nuevos como hist\u00f3ricos.<\/p>\r\n\r\n\r\n\r\n<h2 id=\"h-personal-injury-services-tailored-to-edgewood-residents\" class=\"wp-block-heading\"><strong>Servicios de lesiones personales adaptados a los residentes de Edgewood<\/strong><\/h2>\r\n\r\n\r\n\r\n<p>Premier Law Group ofrece un conjunto integral de servicios legales de lesiones personales dise\u00f1ados para la comunidad de Edgewood:<\/p>\r\n\r\n\r\n\r\n<ul class=\"wp-block-list\">\r\n<li><strong>Representaci\u00f3n en caso de accidente de viajero<\/strong>Reconociendo el estatus de Edgewood como una ciudad de cercan\u00edas, nos especializamos en representar a v\u00edctimas de accidentes automovil\u00edsticos, de motocicletas y de camiones, brindando orientaci\u00f3n experta a trav\u00e9s de las complejidades de cada caso.<\/li>\r\n\r\n\r\n\r\n<li><strong>Crecimiento de la poblaci\u00f3n y accidentes en la construcci\u00f3n<\/strong>:A medida que Edgewood se expande, aumentan los proyectos de construcci\u00f3n y desarrollo, lo que aumenta la posibilidad de que se produzcan lesiones relacionadas con la construcci\u00f3n. Nuestra experiencia legal se extiende a la representaci\u00f3n de las personas afectadas por este tipo de accidentes, asegur\u00e1ndonos de que reciban la compensaci\u00f3n que necesitan para recuperarse.<\/li>\r\n<\/ul>\r\n\r\n\r\n\r\n<h2 id=\"h-championing-the-edgewood-spirit-through-legal-expertise\" class=\"wp-block-heading\"><strong>Defendiendo el esp\u00edritu de Edgewood a trav\u00e9s de la experiencia legal<\/strong><\/h2>\r\n\r\n\r\n\r\n<p>La combinaci\u00f3n de ra\u00edces hist\u00f3ricas, ubicaci\u00f3n estrat\u00e9gica y diversidad cultural de Edgewood crea una atm\u00f3sfera comunitaria vibrante que Premier Law Group se enorgullece de respaldar. Nuestro compromiso de brindar servicios legales excepcionales est\u00e1 impulsado por el deseo de proteger y defender a los residentes de Edgewood, garantizando que se respeten sus derechos y que su comunidad siga siendo un lugar seguro e inclusivo para vivir y trabajar.<\/p>\r\n\r\n\r\n\r\n\n        <div class=\"rs-content-cta long\">\n            <p>Para una consulta legal GRATUITA con un abogado de lesiones personales que preste servicios en Edgewood, llame al <a href=\"tel:+12062851743\">(206) 285-1743 <\/a><\/p>\n            <a href=\"https:\/\/plg-pllc.com\/es\/contact-us\/\" title=\"OBTENGA UNA EVALUACI\u00d3N DE CASO GRATUITA\" class=\"btn-global\">OBTENGA UNA EVALUACI\u00d3N DE CASO GRATUITA<\/a>\n                    <picture>\n                            <source srcset=\"https:\/\/plg-pllc.com\/wp-content\/themes\/plg-pllc-redesign\/assets\/app\/img\/cta-thumb.webp\" type=\"image\/webp\"\/>\n                            <img src=\"https:\/\/plg-pllc.com\/wp-content\/themes\/plg-pllc-redesign\/assets\/app\/img\/cta-thumb.png\" alt=\"Grupo de abogados Premier\" title=\"Grupo de abogados Premier\" width=\"245\" height=\"220\" loading=\"auto\" fetchpriority=\"auto\" decoding=\"async\"\/>\n        <\/picture>\n        \n        <\/div><h2 id=\"h-connect-with-premier-law-group-in-edgewood\" class=\"wp-block-heading\"><strong>Con\u00e9ctese con Premier Law Group en Edgewood<\/strong><\/h2>\r\n\r\n\r\n\r\n<p>Si usted o alguien que conoce en Edgewood, WA, necesita asistencia legal debido a una lesi\u00f3n personal, Premier Law Group est\u00e1 aqu\u00ed para ayudar. Nuestro profundo conocimiento de la comunidad \u00fanica de Edgewood, combinado con nuestra dedicaci\u00f3n a la ley de lesiones personales, garantiza que usted tenga la mejor representaci\u00f3n disponible.<\/p>\r\n\r\n\r\n\r\n<p>Para obtener m\u00e1s informaci\u00f3n o programar una consulta gratuita, visite nuestro <a href=\"https:\/\/plg-pllc.com\/contact-us\/\">P\u00e1gina de contacto<\/a> o ll\u00e1menos directamente. Deje que Premier Law Group sea su defensor en Edgewood, protegiendo sus derechos y contribuyendo al crecimiento y bienestar continuos de esta comunidad distintiva del estado de Washington.<\/p>\r\n\n        <div class=\"rs-content-cta\">\n            <p>Llamar o enviar mensaje de texto <a href=\"tel:+12062851743\">(206) 285-1743<\/a> o complete un formulario de evaluaci\u00f3n de caso gratuito<\/p>\n            <a href=\"https:\/\/plg-pllc.com\/es\/contact-us\/\" title=\"OBTENGA UNA EVALUACI\u00d3N DE CASO GRATUITA\" class=\"btn-global\">OBTENGA UNA EVALUACI\u00d3N DE CASO GRATUITA<\/a>\n                    <picture>\n                            <source srcset=\"https:\/\/plg-pllc.com\/wp-content\/themes\/plg-pllc-redesign\/assets\/app\/img\/cta-thumb.webp\" type=\"image\/webp\"\/>\n                            <img src=\"https:\/\/plg-pllc.com\/wp-content\/themes\/plg-pllc-redesign\/assets\/app\/img\/cta-thumb.png\" alt=\"Grupo de abogados Premier\" title=\"Grupo de abogados Premier\" width=\"245\" height=\"220\" loading=\"auto\" fetchpriority=\"auto\" decoding=\"async\"\/>\n        <\/picture>\n        \n        <\/div>","protected":false},"excerpt":{"rendered":"<p>Edgewood, Washington, una ciudad entretejida con hilos hist\u00f3ricos y crecimiento moderno, es una mezcla \u00fanica de pasado y presente. Desde sus ra\u00edces en la tribu ind\u00edgena Puyallup y los primeros colonos de las d\u00e9cadas de 1830 y 1850 hasta sus importantes monumentos como el molino de viento Nyholm, la historia de Edgewood es palpable en sus calles y cultura. Ubicada en Pierce \u2026<\/p>","protected":false},"author":10,"featured_media":0,"parent":0,"menu_order":0,"comment_status":"closed","ping_status":"closed","template":"","meta":{"_acf_changed":false,"_genesis_hide_title":false,"_genesis_hide_breadcrumbs":false,"_genesis_hide_singular_image":false,"_genesis_hide_footer_widgets":false,"_genesis_custom_body_class":"","_genesis_custom_post_class":"","_genesis_layout":"","footnotes":""},"hc_faqs":[],"class_list":{"0":"post-20317","1":"page","2":"type-page","3":"status-publish","5":"hc_city_location-edgewood","6":"entry"},"acf":[],"yoast_head":"<!-- This site is optimized with the Yoast SEO plugin v27.4 - https:\/\/yoast.com\/product\/yoast-seo-wordpress\/ -->\n<title>Personal Injury Lawyer in Edgewood | Free Case Review<\/title>\n<meta name=\"description\" content=\"Edgewood Personal Injury Lawyer: Premier Law Group helps you unlock the full compensation you deserve. No Fee Unless We Win.\" \/>\n<meta name=\"robots\" content=\"index, follow, max-snippet:-1, max-image-preview:large, max-video-preview:-1\" \/>\n<link rel=\"canonical\" href=\"https:\/\/plg-pllc.com\/es\/edgewood\/personal-injury-lawyer\/\" \/>\n<meta property=\"og:locale\" content=\"es_MX\" \/>\n<meta property=\"og:type\" content=\"article\" \/>\n<meta property=\"og:title\" content=\"Personal Injury Lawyer in Edgewood | Free Case Review\" \/>\n<meta property=\"og:description\" content=\"Edgewood Personal Injury Lawyer: Premier Law Group helps you unlock the full compensation you deserve. No Fee Unless We Win.\" \/>\n<meta property=\"og:url\" content=\"https:\/\/plg-pllc.com\/es\/edgewood\/personal-injury-lawyer\/\" \/>\n<meta property=\"og:site_name\" content=\"Premier Law Group\" \/>\n<meta property=\"article:publisher\" content=\"https:\/\/www.facebook.com\/premierlawgroup\" \/>\n<meta property=\"article:modified_time\" content=\"2024-11-07T12:12:14+00:00\" \/>\n<meta name=\"twitter:card\" content=\"summary_large_image\" \/>\n<meta name=\"twitter:site\" content=\"@premierlawgroup\" \/>\n<meta name=\"twitter:label1\" content=\"Tiempo de lectura\" \/>\n\t<meta name=\"twitter:data1\" content=\"2 minutos\" \/>\n<script type=\"application\/ld+json\" class=\"yoast-schema-graph\">{\"@context\":\"https:\\\/\\\/schema.org\",\"@graph\":[{\"@type\":\"WebPage\",\"@id\":\"https:\\\/\\\/plg-pllc.com\\\/edgewood\\\/personal-injury-lawyer\\\/\",\"url\":\"https:\\\/\\\/plg-pllc.com\\\/edgewood\\\/personal-injury-lawyer\\\/\",\"name\":\"Personal Injury Lawyer in Edgewood | Free Case Review\",\"isPartOf\":{\"@id\":\"https:\\\/\\\/plg-pllc.com\\\/#website\"},\"datePublished\":\"2024-03-20T17:05:59+00:00\",\"dateModified\":\"2024-11-07T12:12:14+00:00\",\"description\":\"Edgewood Personal Injury Lawyer: Premier Law Group helps you unlock the full compensation you deserve. No Fee Unless We Win.\",\"breadcrumb\":{\"@id\":\"https:\\\/\\\/plg-pllc.com\\\/edgewood\\\/personal-injury-lawyer\\\/#breadcrumb\"},\"inLanguage\":\"es\",\"potentialAction\":[{\"@type\":\"ReadAction\",\"target\":[\"https:\\\/\\\/plg-pllc.com\\\/edgewood\\\/personal-injury-lawyer\\\/\"]}]},{\"@type\":\"BreadcrumbList\",\"@id\":\"https:\\\/\\\/plg-pllc.com\\\/edgewood\\\/personal-injury-lawyer\\\/#breadcrumb\",\"itemListElement\":[{\"@type\":\"ListItem\",\"position\":1,\"name\":\"Home\",\"item\":\"https:\\\/\\\/plg-pllc.com\\\/es\\\/\"},{\"@type\":\"ListItem\",\"position\":2,\"name\":\"Edgewood Personal Injury Lawyer\"}]},{\"@type\":\"WebSite\",\"@id\":\"https:\\\/\\\/plg-pllc.com\\\/#website\",\"url\":\"https:\\\/\\\/plg-pllc.com\\\/\",\"name\":\"Premier Law Group\",\"description\":\"Washington Wrongful Death and Serious Injury Lawyer\",\"publisher\":{\"@id\":\"https:\\\/\\\/plg-pllc.com\\\/#organization\"},\"inLanguage\":\"es\"},{\"@type\":\"Organization\",\"@id\":\"https:\\\/\\\/plg-pllc.com\\\/#organization\",\"name\":\"Premier Law Group\",\"url\":\"https:\\\/\\\/plg-pllc.com\\\/\",\"logo\":{\"@type\":\"ImageObject\",\"inLanguage\":\"es\",\"@id\":\"https:\\\/\\\/plg-pllc.com\\\/#\\\/schema\\\/logo\\\/image\\\/\",\"url\":\"https:\\\/\\\/plg-pllc.com\\\/wp-content\\\/uploads\\\/2020\\\/10\\\/plg-logo-v2.gif\",\"contentUrl\":\"https:\\\/\\\/plg-pllc.com\\\/wp-content\\\/uploads\\\/2020\\\/10\\\/plg-logo-v2.gif\",\"width\":592,\"height\":191,\"caption\":\"Premier Law Group\"},\"image\":{\"@id\":\"https:\\\/\\\/plg-pllc.com\\\/#\\\/schema\\\/logo\\\/image\\\/\"},\"sameAs\":[\"https:\\\/\\\/www.facebook.com\\\/premierlawgroup\",\"https:\\\/\\\/x.com\\\/premierlawgroup\"]}]}<\/script>\n<!-- \/ Yoast SEO plugin. -->","yoast_head_json":{"title":"Abogado de lesiones personales en Edgewood | Revisi\u00f3n gratuita de casos","description":"Abogado de lesiones personales de Edgewood: Premier Law Group lo ayuda a obtener la compensaci\u00f3n total que se merece. Sin cargo a menos que ganemos.","robots":{"index":"index","follow":"follow","max-snippet":"max-snippet:-1","max-image-preview":"max-image-preview:large","max-video-preview":"max-video-preview:-1"},"canonical":"https:\/\/plg-pllc.com\/es\/edgewood\/personal-injury-lawyer\/","og_locale":"es_MX","og_type":"article","og_title":"Personal Injury Lawyer in Edgewood | Free Case Review","og_description":"Edgewood Personal Injury Lawyer: Premier Law Group helps you unlock the full compensation you deserve. No Fee Unless We Win.","og_url":"https:\/\/plg-pllc.com\/es\/edgewood\/personal-injury-lawyer\/","og_site_name":"Premier Law Group","article_publisher":"https:\/\/www.facebook.com\/premierlawgroup","article_modified_time":"2024-11-07T12:12:14+00:00","twitter_card":"summary_large_image","twitter_site":"@premierlawgroup","twitter_misc":{"Tiempo de lectura":"2 minutos"},"schema":{"@context":"https:\/\/schema.org","@graph":[{"@type":"WebPage","@id":"https:\/\/plg-pllc.com\/edgewood\/personal-injury-lawyer\/","url":"https:\/\/plg-pllc.com\/edgewood\/personal-injury-lawyer\/","name":"Abogado de lesiones personales en Edgewood | Revisi\u00f3n gratuita de casos","isPartOf":{"@id":"https:\/\/plg-pllc.com\/#website"},"datePublished":"2024-03-20T17:05:59+00:00","dateModified":"2024-11-07T12:12:14+00:00","description":"Abogado de lesiones personales de Edgewood: Premier Law Group lo ayuda a obtener la compensaci\u00f3n total que se merece. Sin cargo a menos que ganemos.","breadcrumb":{"@id":"https:\/\/plg-pllc.com\/edgewood\/personal-injury-lawyer\/#breadcrumb"},"inLanguage":"es","potentialAction":[{"@type":"ReadAction","target":["https:\/\/plg-pllc.com\/edgewood\/personal-injury-lawyer\/"]}]},{"@type":"BreadcrumbList","@id":"https:\/\/plg-pllc.com\/edgewood\/personal-injury-lawyer\/#breadcrumb","itemListElement":[{"@type":"ListItem","position":1,"name":"Home","item":"https:\/\/plg-pllc.com\/es\/"},{"@type":"ListItem","position":2,"name":"Edgewood Personal Injury Lawyer"}]},{"@type":"WebSite","@id":"https:\/\/plg-pllc.com\/#website","url":"https:\/\/plg-pllc.com\/","name":"Grupo de abogados Premier","description":"Abogado de muerte por negligencia y lesiones graves en Washington","publisher":{"@id":"https:\/\/plg-pllc.com\/#organization"},"inLanguage":"es"},{"@type":"Organization","@id":"https:\/\/plg-pllc.com\/#organization","name":"Grupo de abogados Premier","url":"https:\/\/plg-pllc.com\/","logo":{"@type":"ImageObject","inLanguage":"es","@id":"https:\/\/plg-pllc.com\/#\/schema\/logo\/image\/","url":"https:\/\/plg-pllc.com\/wp-content\/uploads\/2020\/10\/plg-logo-v2.gif","contentUrl":"https:\/\/plg-pllc.com\/wp-content\/uploads\/2020\/10\/plg-logo-v2.gif","width":592,"height":191,"caption":"Premier Law Group"},"image":{"@id":"https:\/\/plg-pllc.com\/#\/schema\/logo\/image\/"},"sameAs":["https:\/\/www.facebook.com\/premierlawgroup","https:\/\/x.com\/premierlawgroup"]}]}},"_links":{"self":[{"href":"https:\/\/plg-pllc.com\/es\/wp-json\/wp\/v2\/pages\/20317","targetHints":{"allow":["GET"]}}],"collection":[{"href":"https:\/\/plg-pllc.com\/es\/wp-json\/wp\/v2\/pages"}],"about":[{"href":"https:\/\/plg-pllc.com\/es\/wp-json\/wp\/v2\/types\/page"}],"author":[{"embeddable":true,"href":"https:\/\/plg-pllc.com\/es\/wp-json\/wp\/v2\/users\/10"}],"replies":[{"embeddable":true,"href":"https:\/\/plg-pllc.com\/es\/wp-json\/wp\/v2\/comments?post=20317"}],"version-history":[{"count":0,"href":"https:\/\/plg-pllc.com\/es\/wp-json\/wp\/v2\/pages\/20317\/revisions"}],"wp:attachment":[{"href":"https:\/\/plg-pllc.com\/es\/wp-json\/wp\/v2\/media?parent=20317"}],"wp:term":[{"taxonomy":"hc_faqs","embeddable":true,"href":"https:\/\/plg-pllc.com\/es\/wp-json\/wp\/v2\/hc_faqs?post=20317"}],"curies":[{"name":"gracias","href":"https:\/\/api.w.org\/{rel}","templated":true}]}}