{"id":20329,"date":"2024-04-22T08:00:00","date_gmt":"2024-04-22T15:00:00","guid":{"rendered":"https:\/\/plg-pllc.com\/?p=20329"},"modified":"2024-10-15T19:07:17","modified_gmt":"2024-10-16T02:07:17","slug":"who-is-liable-for-an-uber-or-lyft-accident","status":"publish","type":"page","link":"https:\/\/plg-pllc.com\/es\/faqs\/who-is-liable-for-an-uber-or-lyft-accident\/","title":{"rendered":"\u00bfQui\u00e9n es responsable de un accidente de Uber o Lyft?"},"content":{"rendered":"<p>Tanto Uber como Lyft son populares en Washington, especialmente en Seattle. Estas empresas de viajes compartidos han cambiado por completo la forma en que la gente se desplaza por la ciudad. Cualquiera que tenga un coche puede solicitar trabajar para cualquiera de las dos empresas como contratista independiente. Los consumidores utilizan una aplicaci\u00f3n en su tel\u00e9fono para solicitar un veh\u00edculo. Los consumidores pueden incluso utilizar la aplicaci\u00f3n para pagar la tarifa y disfrutar de una experiencia completamente \u201csin contacto\u201d.<\/p>\r\n\r\n\r\n\r\n<p>Con tantos Uber y Lyft en la carretera, es inevitable que algunos de ellos se vean involucrados en colisiones. Cuando esto sucede, las v\u00edctimas de accidentes a menudo se preguntan qui\u00e9n es el culpable. Comun\u00edquese con Premier Law Group hoy mismo. Uno de nuestros abogados puede revisar todos los hechos para determinar qui\u00e9n es el responsable de la colisi\u00f3n.<a href=\"https:\/\/plg-pllc.com\/contact-us\/\"> Obtenga m\u00e1s informaci\u00f3n sobre las leyes de accidentes en viajes compartidos<\/a> en este articulo.<\/p>\r\n\r\n\r\n\r\n<h2 id=\"h-who-is-at-fault-for-an-uber-lyft-collision\" class=\"wp-block-heading\"><strong>\u00bfQui\u00e9n tiene la culpa de una colisi\u00f3n entre Uber y Lyft?<\/strong><\/h2>\r\n\r\n\r\n\r\n<figure class=\"wp-block-image size-full\"><img decoding=\"async\" class=\"wp-image-20330\" style=\"padding: 10px;\" src=\"https:\/\/plg-pllc.com\/wp-content\/uploads\/2024\/04\/DALL\u00b7E-2024-04-05-11.12.58-A-clean-and-simple-graphic-illustration-of-downtown-Seattle-focusing-on-a-stylized-representation-of-Uber-and-Lyft-rideshare-vehicles.-The-graphic-sh.webp\" alt=\"Ilustraci\u00f3n gr\u00e1fica minimalista del centro de Seattle con representaciones estilizadas de veh\u00edculos de transporte compartido de Uber y Lyft. El dise\u00f1o presenta \u00edconos claros y simples que simbolizan una aplicaci\u00f3n m\u00f3vil, un autom\u00f3vil y b\u00e1sculas legales, sobre una paleta de colores vibrante pero no abrumadora. Cada elemento est\u00e1 claramente separado para transmitir la experiencia de transporte compartido, el seguro y los aspectos legales de una manera sencilla, incorporando la esencia del transporte urbano moderno y la preparaci\u00f3n legal en un formato visual limpio y accesible.\" width=\"40%\" align=\"right\" srcset=\"https:\/\/plg-pllc.com\/wp-content\/uploads\/2024\/04\/DALL\u00b7E-2024-04-05-11.12.58-A-clean-and-simple-graphic-illustration-of-downtown-Seattle-focusing-on-a-stylized-representation-of-Uber-and-Lyft-rideshare-vehicles.-The-graphic-sh.webp 1024w, https:\/\/plg-pllc.com\/wp-content\/uploads\/2024\/04\/DALL\u00b7E-2024-04-05-11.12.58-A-clean-and-simple-graphic-illustration-of-downtown-Seattle-focusing-on-a-stylized-representation-of-Uber-and-Lyft-rideshare-vehicles.-The-graphic-sh-300x300.webp 300w, https:\/\/plg-pllc.com\/wp-content\/uploads\/2024\/04\/DALL\u00b7E-2024-04-05-11.12.58-A-clean-and-simple-graphic-illustration-of-downtown-Seattle-focusing-on-a-stylized-representation-of-Uber-and-Lyft-rideshare-vehicles.-The-graphic-sh-150x150.webp 150w, https:\/\/plg-pllc.com\/wp-content\/uploads\/2024\/04\/DALL\u00b7E-2024-04-05-11.12.58-A-clean-and-simple-graphic-illustration-of-downtown-Seattle-focusing-on-a-stylized-representation-of-Uber-and-Lyft-rideshare-vehicles.-The-graphic-sh-768x768.webp 768w, https:\/\/plg-pllc.com\/wp-content\/uploads\/2024\/04\/DALL\u00b7E-2024-04-05-11.12.58-A-clean-and-simple-graphic-illustration-of-downtown-Seattle-focusing-on-a-stylized-representation-of-Uber-and-Lyft-rideshare-vehicles.-The-graphic-sh-12x12.webp 12w, https:\/\/plg-pllc.com\/wp-content\/uploads\/2024\/04\/DALL\u00b7E-2024-04-05-11.12.58-A-clean-and-simple-graphic-illustration-of-downtown-Seattle-focusing-on-a-stylized-representation-of-Uber-and-Lyft-rideshare-vehicles.-The-graphic-sh-640x640.webp 640w, https:\/\/plg-pllc.com\/wp-content\/uploads\/2024\/04\/DALL\u00b7E-2024-04-05-11.12.58-A-clean-and-simple-graphic-illustration-of-downtown-Seattle-focusing-on-a-stylized-representation-of-Uber-and-Lyft-rideshare-vehicles.-The-graphic-sh-200x200.webp 200w\" sizes=\"(max-width: 1024px) 100vw, 1024px\" \/><\/figure>\r\n\r\n\r\n\r\n<p>Nuestra firma recibe frecuentemente noticias de las siguientes personas:<\/p>\r\n\r\n\r\n\r\n<ul class=\"wp-block-list\">\r\n<li>Pasajeros que viajaban en un Uber o Lyft y sufrieron una colisi\u00f3n.<\/li>\r\n\r\n\r\n\r\n<li>Automovilistas de otros veh\u00edculos que fueron atropellados por un conductor de Uber o Lyft.<\/li>\r\n\r\n\r\n\r\n<li>Peatones heridos en un accidente con un Uber o Lyft.<\/li>\r\n<\/ul>\r\n\r\n\r\n\r\n<p>Los accidentes de tr\u00e1fico en Washington se analizan en funci\u00f3n de la culpa. La persona culpable depender\u00e1 de los hechos.<\/p>\r\n\r\n\r\n\r\n<p>En el caso de los pasajeros de Uber o Lyft, su propio conductor podr\u00eda ser responsable del accidente si fue negligente. Por ejemplo, su conductor podr\u00eda haber ido a exceso de velocidad o haber seguido a otro veh\u00edculo demasiado de cerca. Su conductor podr\u00eda haberse saltado un sem\u00e1foro en rojo o haber cometido alg\u00fan error debido a la fatiga o la distracci\u00f3n. En ese caso, usted presenta un reclamo contra la p\u00f3liza de su conductor porque su conductor es el culpable.<\/p>\r\n\r\n\r\n\r\n<p>Otra posibilidad es que los pasajeros resulten heridos porque otro conductor en la carretera choc\u00f3 contra su Uber o Lyft. Por ejemplo, un conductor que iba a exceso de velocidad podr\u00eda haberse saltado un sem\u00e1foro en rojo y haber chocado su veh\u00edculo. En este escenario, presentar\u00eda un reclamo contra la p\u00f3liza del conductor.<\/p>\r\n\r\n\r\n\r\n<p>Los peatones y otros conductores suelen demandar a un conductor de Uber o Lyft por causar el accidente. Por supuesto, el conductor del servicio de transporte compartido podr\u00eda culparlo a usted por contribuir al accidente.<a href=\"https:\/\/plg-pllc.com\/contact-us\/\"> Contacte a un abogado especializado en viajes compartidos hoy mismo<\/a> para revisar los hechos.<\/p>\r\n\r\n\r\n\r\n<h2 id=\"h-evidence-to-establish-fault\" class=\"wp-block-heading\"><strong>Pruebas para establecer la culpa<\/strong><\/h2>\r\n\r\n\r\n\r\n<p>En muchas colisiones, ambos conductores se culpan mutuamente. Esta situaci\u00f3n es confusa para los pasajeros de Lyft y Uber, que solo quieren saber qui\u00e9n es el culpable. Tienes facturas y necesitas una compensaci\u00f3n. Lo entendemos.<\/p>\r\n\r\n\r\n\r\n<p>Como su abogado, podemos revisar las pruebas para identificar la culpa. Puede ayudarse a s\u00ed mismo intentando documentar un accidente si puede desplazarse. Algunas pruebas importantes incluyen:<\/p>\r\n\r\n\r\n\r\n<ul class=\"wp-block-list\">\r\n<li>Nombres de los testigos que presenciaron el accidente. Podr\u00edamos hablar con ellos para averiguar qu\u00e9 observaron.<\/li>\r\n\r\n\r\n\r\n<li>Fotograf\u00edas de d\u00f3nde acabaron los veh\u00edculos despu\u00e9s de chocar. Estas im\u00e1genes suelen mostrar un veh\u00edculo chocando contra otro.<\/li>\r\n\r\n\r\n\r\n<li>Cualquier otra cosa que parezca relevante, como ramas colgando sobre una se\u00f1al de pare.<\/li>\r\n<\/ul>\r\n\r\n\r\n\r\n<p>Nuestro equipo legal tambi\u00e9n puede encontrar otras pruebas, como un v\u00eddeo de la colisi\u00f3n. Cuanto antes se ponga en contacto con nosotros, m\u00e1s ayuda podremos ofrecerle.<\/p>\r\n\r\n\r\n\r\n<h2 id=\"h-how-much-insurance-is-available\" class=\"wp-block-heading\"><strong>\u00bfCu\u00e1nto seguro est\u00e1 disponible?<\/strong><\/h2>\r\n\r\n\r\n\r\n<figure class=\"wp-block-image size-large\"><img decoding=\"async\" class=\"wp-image-20335\" style=\"padding: 10px;\" src=\"https:\/\/plg-pllc.com\/wp-content\/uploads\/2024\/04\/COLOURBOX30218764-insurance-adjuster-car-accident-1024x576.jpg\" alt=\"Un ajustador de seguros y un cliente discutiendo un accidente automovil\u00edstico, con el ajustador sosteniendo un portapapeles etiquetado &#039;SEGURO&#039; y apuntando hacia una fila de autos, presumiblemente involucrados en el incidente.\" width=\"40%\" align=\"left\" srcset=\"https:\/\/plg-pllc.com\/wp-content\/uploads\/2024\/04\/COLOURBOX30218764-insurance-adjuster-car-accident-1024x576.jpg 1024w, https:\/\/plg-pllc.com\/wp-content\/uploads\/2024\/04\/COLOURBOX30218764-insurance-adjuster-car-accident-300x169.jpg 300w, https:\/\/plg-pllc.com\/wp-content\/uploads\/2024\/04\/COLOURBOX30218764-insurance-adjuster-car-accident-768x432.jpg 768w, https:\/\/plg-pllc.com\/wp-content\/uploads\/2024\/04\/COLOURBOX30218764-insurance-adjuster-car-accident-1536x864.jpg 1536w, https:\/\/plg-pllc.com\/wp-content\/uploads\/2024\/04\/COLOURBOX30218764-insurance-adjuster-car-accident-2048x1152.jpg 2048w, https:\/\/plg-pllc.com\/wp-content\/uploads\/2024\/04\/COLOURBOX30218764-insurance-adjuster-car-accident-18x10.jpg 18w, https:\/\/plg-pllc.com\/wp-content\/uploads\/2024\/04\/COLOURBOX30218764-insurance-adjuster-car-accident-640x360.jpg 640w, https:\/\/plg-pllc.com\/wp-content\/uploads\/2024\/04\/COLOURBOX30218764-insurance-adjuster-car-accident-1200x675.jpg 1200w, https:\/\/plg-pllc.com\/wp-content\/uploads\/2024\/04\/COLOURBOX30218764-insurance-adjuster-car-accident-1920x1080.jpg 1920w, https:\/\/plg-pllc.com\/wp-content\/uploads\/2024\/04\/COLOURBOX30218764-insurance-adjuster-car-accident-250x141.jpg 250w\" sizes=\"(max-width: 1024px) 100vw, 1024px\" \/><\/figure>\r\n\r\n\r\n\r\n<p>Uber y Lyft exigen que sus conductores tengan seguro. El monto depender\u00e1 de si el conductor tiene activada la aplicaci\u00f3n y si hab\u00eda un pasajero en el auto.<\/p>\r\n\r\n\r\n\r\n<p>Cuando el conductor ni siquiera ha iniciado sesi\u00f3n en la aplicaci\u00f3n, solo se aplica su seguro personal. Washington exige que cualquier persona que registre un autom\u00f3vil tenga al menos $25,000 en beneficios por lesiones corporales o muerte, hasta $50,000 cuando dos o m\u00e1s personas resultan heridas en un choque. Tambi\u00e9n se requiere un m\u00ednimo de $10,000 en da\u00f1os a la propiedad.<\/p>\r\n\r\n\r\n\r\n<p>Hay m\u00e1s seguros disponibles si el conductor est\u00e1 conectado. En ese caso, Uber ofrece al menos $50,000 en beneficios por lesiones o muerte, hasta $100,000 cuando dos o m\u00e1s personas resultan heridas. Hay al menos $30,000 en beneficios por da\u00f1os a la propiedad disponibles para accidentes de Uber.<\/p>\r\n\r\n\r\n\r\n<p>Y si el conductor ha aceptado el viaje, entonces hay hasta 1 mill\u00f3n de T\/T. El seguro de Uber o Lyft tambi\u00e9n deber\u00eda brindar beneficios para conductores con seguro insuficiente. Estos son \u00fatiles si usted es un pasajero de Uber\/Lyft pero otro conductor es el culpable del accidente. Es posible que solo tengan la cobertura m\u00ednima del estado.<\/p>\r\n\r\n\r\n\r\n<h3 id=\"h-schedule-your-free-consultation\" class=\"wp-block-heading\"><strong>Programe su consulta gratuita<\/strong><\/h3>\r\n\r\n\r\n\r\n<p>Los accidentes en veh\u00edculos compartidos son, en muchos sentidos, similares a otros tipos de colisiones. Los ocupantes pueden sufrir lesiones terribles, como latigazos cervicales, lesiones en la cabeza y fracturas de costillas. Estas lesiones suelen costar a las personas miles de d\u00f3lares en atenci\u00f3n m\u00e9dica y casi la misma cantidad en p\u00e9rdida de ingresos. No deber\u00edas tener que sufrir este duro golpe financiero si no tienes la culpa.<\/p>\r\n\r\n\r\n\r\n<p><a href=\"https:\/\/plg-pllc.com\/about-us\/\">Llame a un abogado especializado en viajes compartidos con oficinas en Bellevue, Renton, Federal Way y Seattle<\/a>Podemos revisar todas las pruebas y ayudar a construir un reclamo legal de compensaci\u00f3n.<\/p>\r\n\n        <div class=\"rs-content-cta\">\n            <p>Llamar o enviar mensaje de texto <a href=\"tel:+12062851743\">(206) 285-1743<\/a> o complete un formulario de evaluaci\u00f3n de caso gratuito<\/p>\n            <a href=\"https:\/\/plg-pllc.com\/es\/contact-us\/\" title=\"OBTENGA UNA EVALUACI\u00d3N DE CASO GRATUITA\" class=\"btn-global\">OBTENGA UNA EVALUACI\u00d3N DE CASO GRATUITA<\/a>\n                    <picture>\n                            <source srcset=\"https:\/\/plg-pllc.com\/wp-content\/themes\/plg-pllc-redesign\/assets\/app\/img\/cta-thumb.webp\" type=\"image\/webp\"\/>\n                            <img src=\"https:\/\/plg-pllc.com\/wp-content\/themes\/plg-pllc-redesign\/assets\/app\/img\/cta-thumb.png\" alt=\"Grupo de abogados Premier\" title=\"Grupo de abogados Premier\" width=\"245\" height=\"220\" loading=\"auto\" fetchpriority=\"auto\" decoding=\"async\"\/>\n        <\/picture>\n        \n        <\/div>","protected":false},"excerpt":{"rendered":"<p>Tanto Uber como Lyft son populares en Washington, especialmente en Seattle. Estas empresas de viajes compartidos han cambiado por completo la forma en que la gente se desplaza por la ciudad. Cualquiera que tenga un coche puede solicitar trabajar para cualquiera de las dos empresas como contratista independiente. Los consumidores utilizan una aplicaci\u00f3n en su tel\u00e9fono para solicitar un veh\u00edculo. Los consumidores pueden incluso utilizar el servicio de\u2026<\/p>","protected":false},"author":10,"featured_media":0,"parent":20714,"menu_order":0,"comment_status":"closed","ping_status":"closed","template":"","meta":{"_acf_changed":false,"_genesis_hide_title":false,"_genesis_hide_breadcrumbs":false,"_genesis_hide_singular_image":false,"_genesis_hide_footer_widgets":false,"_genesis_custom_body_class":"","_genesis_custom_post_class":"","_genesis_layout":"","footnotes":""},"hc_faqs":[10378],"class_list":{"0":"post-20329","1":"page","2":"type-page","3":"status-publish","5":"hc_faqs-rideshare-accident","6":"entry","7":"has-post-thumbnail"},"acf":[],"yoast_head":"<!-- This site is optimized with the Yoast SEO plugin v27.2 - https:\/\/yoast.com\/product\/yoast-seo-wordpress\/ -->\n<title>Who Is Liable for an Uber or Lyft Accident?<\/title>\n<meta name=\"description\" content=\"Discover who&#039;s responsible in an Uber or Lyft crash in Seattle &amp; Washington. From passenger rights to insurance specifics, get crucial support.\" \/>\n<meta name=\"robots\" content=\"index, follow, max-snippet:-1, max-image-preview:large, max-video-preview:-1\" \/>\n<link rel=\"canonical\" href=\"https:\/\/plg-pllc.com\/es\/faqs\/who-is-liable-for-an-uber-or-lyft-accident\/\" \/>\n<meta property=\"og:locale\" content=\"es_MX\" \/>\n<meta property=\"og:type\" content=\"article\" \/>\n<meta property=\"og:title\" content=\"Who Is Liable for an Uber or Lyft Accident?\" \/>\n<meta property=\"og:description\" content=\"Discover who&#039;s responsible in an Uber or Lyft crash in Seattle &amp; Washington. From passenger rights to insurance specifics, get crucial support.\" \/>\n<meta property=\"og:url\" content=\"https:\/\/plg-pllc.com\/es\/faqs\/who-is-liable-for-an-uber-or-lyft-accident\/\" \/>\n<meta property=\"og:site_name\" content=\"Premier Law Group\" \/>\n<meta property=\"article:publisher\" content=\"https:\/\/www.facebook.com\/premierlawgroup\" \/>\n<meta property=\"article:modified_time\" content=\"2024-10-16T02:07:17+00:00\" \/>\n<meta property=\"og:image\" content=\"https:\/\/plg-pllc.com\/wp-content\/uploads\/2024\/04\/COLOURBOX30218764-insurance-adjuster-car-accident-1024x576.jpg\" \/>\n<meta name=\"twitter:card\" content=\"summary_large_image\" \/>\n<meta name=\"twitter:site\" content=\"@premierlawgroup\" \/>\n<meta name=\"twitter:label1\" content=\"Tiempo de lectura\" \/>\n\t<meta name=\"twitter:data1\" content=\"4 minutos\" \/>\n<script type=\"application\/ld+json\" class=\"yoast-schema-graph\">{\"@context\":\"https:\/\/schema.org\",\"@graph\":[{\"@type\":\"WebPage\",\"@id\":\"https:\/\/plg-pllc.com\/faqs\/who-is-liable-for-an-uber-or-lyft-accident\/\",\"url\":\"https:\/\/plg-pllc.com\/faqs\/who-is-liable-for-an-uber-or-lyft-accident\/\",\"name\":\"Who Is Liable for an Uber or Lyft Accident?\",\"isPartOf\":{\"@id\":\"https:\/\/plg-pllc.com\/#website\"},\"primaryImageOfPage\":{\"@id\":\"https:\/\/plg-pllc.com\/faqs\/who-is-liable-for-an-uber-or-lyft-accident\/#primaryimage\"},\"image\":{\"@id\":\"https:\/\/plg-pllc.com\/faqs\/who-is-liable-for-an-uber-or-lyft-accident\/#primaryimage\"},\"thumbnailUrl\":\"https:\/\/plg-pllc.com\/wp-content\/uploads\/2024\/04\/COLOURBOX30218764-insurance-adjuster-car-accident-1024x576.jpg\",\"datePublished\":\"2024-04-22T15:00:00+00:00\",\"dateModified\":\"2024-10-16T02:07:17+00:00\",\"description\":\"Discover who's responsible in an Uber or Lyft crash in Seattle & Washington. From passenger rights to insurance specifics, get crucial support.\",\"breadcrumb\":{\"@id\":\"https:\/\/plg-pllc.com\/faqs\/who-is-liable-for-an-uber-or-lyft-accident\/#breadcrumb\"},\"inLanguage\":\"es\",\"potentialAction\":[{\"@type\":\"ReadAction\",\"target\":[\"https:\/\/plg-pllc.com\/faqs\/who-is-liable-for-an-uber-or-lyft-accident\/\"]}]},{\"@type\":\"ImageObject\",\"inLanguage\":\"es\",\"@id\":\"https:\/\/plg-pllc.com\/faqs\/who-is-liable-for-an-uber-or-lyft-accident\/#primaryimage\",\"url\":\"https:\/\/plg-pllc.com\/wp-content\/uploads\/2024\/04\/COLOURBOX30218764-insurance-adjuster-car-accident-1024x576.jpg\",\"contentUrl\":\"https:\/\/plg-pllc.com\/wp-content\/uploads\/2024\/04\/COLOURBOX30218764-insurance-adjuster-car-accident-1024x576.jpg\"},{\"@type\":\"BreadcrumbList\",\"@id\":\"https:\/\/plg-pllc.com\/faqs\/who-is-liable-for-an-uber-or-lyft-accident\/#breadcrumb\",\"itemListElement\":[{\"@type\":\"ListItem\",\"position\":1,\"name\":\"Home\",\"item\":\"https:\/\/plg-pllc.com\/es\/\"},{\"@type\":\"ListItem\",\"position\":2,\"name\":\"FAQs\",\"item\":\"https:\/\/plg-pllc.com\/es\/faqs\/\"},{\"@type\":\"ListItem\",\"position\":3,\"name\":\"Who Is Liable for an Uber or Lyft Accident?\"}]},{\"@type\":\"WebSite\",\"@id\":\"https:\/\/plg-pllc.com\/#website\",\"url\":\"https:\/\/plg-pllc.com\/\",\"name\":\"Premier Law Group\",\"description\":\"Washington Wrongful Death and Serious Injury Lawyer\",\"publisher\":{\"@id\":\"https:\/\/plg-pllc.com\/#organization\"},\"inLanguage\":\"es\"},{\"@type\":\"Organization\",\"@id\":\"https:\/\/plg-pllc.com\/#organization\",\"name\":\"Premier Law Group\",\"url\":\"https:\/\/plg-pllc.com\/\",\"logo\":{\"@type\":\"ImageObject\",\"inLanguage\":\"es\",\"@id\":\"https:\/\/plg-pllc.com\/#\/schema\/logo\/image\/\",\"url\":\"https:\/\/plg-pllc.com\/wp-content\/uploads\/2020\/10\/plg-logo-v2.gif\",\"contentUrl\":\"https:\/\/plg-pllc.com\/wp-content\/uploads\/2020\/10\/plg-logo-v2.gif\",\"width\":592,\"height\":191,\"caption\":\"Premier Law Group\"},\"image\":{\"@id\":\"https:\/\/plg-pllc.com\/#\/schema\/logo\/image\/\"},\"sameAs\":[\"https:\/\/www.facebook.com\/premierlawgroup\",\"https:\/\/x.com\/premierlawgroup\"]}]}<\/script>\n<!-- \/ Yoast SEO plugin. -->","yoast_head_json":{"title":"\u00bfQui\u00e9n es responsable de un accidente de Uber o Lyft?","description":"Descubra qui\u00e9n es responsable en un accidente de Uber o Lyft en Seattle y Washington. Desde los derechos de los pasajeros hasta los detalles del seguro, obtenga ayuda crucial.","robots":{"index":"index","follow":"follow","max-snippet":"max-snippet:-1","max-image-preview":"max-image-preview:large","max-video-preview":"max-video-preview:-1"},"canonical":"https:\/\/plg-pllc.com\/es\/faqs\/who-is-liable-for-an-uber-or-lyft-accident\/","og_locale":"es_MX","og_type":"article","og_title":"Who Is Liable for an Uber or Lyft Accident?","og_description":"Discover who's responsible in an Uber or Lyft crash in Seattle & Washington. From passenger rights to insurance specifics, get crucial support.","og_url":"https:\/\/plg-pllc.com\/es\/faqs\/who-is-liable-for-an-uber-or-lyft-accident\/","og_site_name":"Premier Law Group","article_publisher":"https:\/\/www.facebook.com\/premierlawgroup","article_modified_time":"2024-10-16T02:07:17+00:00","og_image":[{"url":"https:\/\/plg-pllc.com\/wp-content\/uploads\/2024\/04\/COLOURBOX30218764-insurance-adjuster-car-accident-1024x576.jpg","type":"","width":"","height":""}],"twitter_card":"summary_large_image","twitter_site":"@premierlawgroup","twitter_misc":{"Tiempo de lectura":"4 minutos"},"schema":{"@context":"https:\/\/schema.org","@graph":[{"@type":"WebPage","@id":"https:\/\/plg-pllc.com\/faqs\/who-is-liable-for-an-uber-or-lyft-accident\/","url":"https:\/\/plg-pllc.com\/faqs\/who-is-liable-for-an-uber-or-lyft-accident\/","name":"\u00bfQui\u00e9n es responsable de un accidente de Uber o Lyft?","isPartOf":{"@id":"https:\/\/plg-pllc.com\/#website"},"primaryImageOfPage":{"@id":"https:\/\/plg-pllc.com\/faqs\/who-is-liable-for-an-uber-or-lyft-accident\/#primaryimage"},"image":{"@id":"https:\/\/plg-pllc.com\/faqs\/who-is-liable-for-an-uber-or-lyft-accident\/#primaryimage"},"thumbnailUrl":"https:\/\/plg-pllc.com\/wp-content\/uploads\/2024\/04\/COLOURBOX30218764-insurance-adjuster-car-accident-1024x576.jpg","datePublished":"2024-04-22T15:00:00+00:00","dateModified":"2024-10-16T02:07:17+00:00","description":"Descubra qui\u00e9n es responsable en un accidente de Uber o Lyft en Seattle y Washington. Desde los derechos de los pasajeros hasta los detalles del seguro, obtenga ayuda crucial.","breadcrumb":{"@id":"https:\/\/plg-pllc.com\/faqs\/who-is-liable-for-an-uber-or-lyft-accident\/#breadcrumb"},"inLanguage":"es","potentialAction":[{"@type":"ReadAction","target":["https:\/\/plg-pllc.com\/faqs\/who-is-liable-for-an-uber-or-lyft-accident\/"]}]},{"@type":"ImageObject","inLanguage":"es","@id":"https:\/\/plg-pllc.com\/faqs\/who-is-liable-for-an-uber-or-lyft-accident\/#primaryimage","url":"https:\/\/plg-pllc.com\/wp-content\/uploads\/2024\/04\/COLOURBOX30218764-insurance-adjuster-car-accident-1024x576.jpg","contentUrl":"https:\/\/plg-pllc.com\/wp-content\/uploads\/2024\/04\/COLOURBOX30218764-insurance-adjuster-car-accident-1024x576.jpg"},{"@type":"BreadcrumbList","@id":"https:\/\/plg-pllc.com\/faqs\/who-is-liable-for-an-uber-or-lyft-accident\/#breadcrumb","itemListElement":[{"@type":"ListItem","position":1,"name":"Home","item":"https:\/\/plg-pllc.com\/es\/"},{"@type":"ListItem","position":2,"name":"FAQs","item":"https:\/\/plg-pllc.com\/es\/faqs\/"},{"@type":"ListItem","position":3,"name":"Who Is Liable for an Uber or Lyft Accident?"}]},{"@type":"WebSite","@id":"https:\/\/plg-pllc.com\/#website","url":"https:\/\/plg-pllc.com\/","name":"Grupo de abogados Premier","description":"Abogado de muerte por negligencia y lesiones graves en Washington","publisher":{"@id":"https:\/\/plg-pllc.com\/#organization"},"inLanguage":"es"},{"@type":"Organization","@id":"https:\/\/plg-pllc.com\/#organization","name":"Grupo de abogados Premier","url":"https:\/\/plg-pllc.com\/","logo":{"@type":"ImageObject","inLanguage":"es","@id":"https:\/\/plg-pllc.com\/#\/schema\/logo\/image\/","url":"https:\/\/plg-pllc.com\/wp-content\/uploads\/2020\/10\/plg-logo-v2.gif","contentUrl":"https:\/\/plg-pllc.com\/wp-content\/uploads\/2020\/10\/plg-logo-v2.gif","width":592,"height":191,"caption":"Premier Law Group"},"image":{"@id":"https:\/\/plg-pllc.com\/#\/schema\/logo\/image\/"},"sameAs":["https:\/\/www.facebook.com\/premierlawgroup","https:\/\/x.com\/premierlawgroup"]}]}},"_links":{"self":[{"href":"https:\/\/plg-pllc.com\/es\/wp-json\/wp\/v2\/pages\/20329","targetHints":{"allow":["GET"]}}],"collection":[{"href":"https:\/\/plg-pllc.com\/es\/wp-json\/wp\/v2\/pages"}],"about":[{"href":"https:\/\/plg-pllc.com\/es\/wp-json\/wp\/v2\/types\/page"}],"author":[{"embeddable":true,"href":"https:\/\/plg-pllc.com\/es\/wp-json\/wp\/v2\/users\/10"}],"replies":[{"embeddable":true,"href":"https:\/\/plg-pllc.com\/es\/wp-json\/wp\/v2\/comments?post=20329"}],"version-history":[{"count":0,"href":"https:\/\/plg-pllc.com\/es\/wp-json\/wp\/v2\/pages\/20329\/revisions"}],"up":[{"embeddable":true,"href":"https:\/\/plg-pllc.com\/es\/wp-json\/wp\/v2\/pages\/20714"}],"wp:attachment":[{"href":"https:\/\/plg-pllc.com\/es\/wp-json\/wp\/v2\/media?parent=20329"}],"wp:term":[{"taxonomy":"hc_faqs","embeddable":true,"href":"https:\/\/plg-pllc.com\/es\/wp-json\/wp\/v2\/hc_faqs?post=20329"}],"curies":[{"name":"gracias","href":"https:\/\/api.w.org\/{rel}","templated":true}]}}