{"id":20338,"date":"2024-04-29T08:00:00","date_gmt":"2024-04-29T15:00:00","guid":{"rendered":"https:\/\/plg-pllc.com\/?p=20338"},"modified":"2024-10-15T19:05:35","modified_gmt":"2024-10-16T02:05:35","slug":"what-information-will-an-attorney-need-for-a-successful-dog-bite-case","status":"publish","type":"page","link":"https:\/\/plg-pllc.com\/es\/faqs\/what-information-will-an-attorney-need-for-a-successful-dog-bite-case\/","title":{"rendered":"\u00bfQu\u00e9 informaci\u00f3n necesitar\u00e1 un abogado para tener \u00e9xito en un caso de mordedura de perro?"},"content":{"rendered":"<figure class=\"wp-block-image size-large\"><img decoding=\"async\" class=\"wp-image-20339\" style=\"padding: 10px;\" src=\"https:\/\/plg-pllc.com\/wp-content\/uploads\/2024\/04\/COLOURBOX27695410-personal-injury-dog-bite-1024x726.jpg\" alt=\"\" width=\"40%\" align=\"right\" srcset=\"https:\/\/plg-pllc.com\/wp-content\/uploads\/2024\/04\/COLOURBOX27695410-personal-injury-dog-bite-1024x726.jpg 1024w, https:\/\/plg-pllc.com\/wp-content\/uploads\/2024\/04\/COLOURBOX27695410-personal-injury-dog-bite-300x213.jpg 300w, https:\/\/plg-pllc.com\/wp-content\/uploads\/2024\/04\/COLOURBOX27695410-personal-injury-dog-bite-768x544.jpg 768w, https:\/\/plg-pllc.com\/wp-content\/uploads\/2024\/04\/COLOURBOX27695410-personal-injury-dog-bite-1536x1089.jpg 1536w, https:\/\/plg-pllc.com\/wp-content\/uploads\/2024\/04\/COLOURBOX27695410-personal-injury-dog-bite-2048x1451.jpg 2048w, https:\/\/plg-pllc.com\/wp-content\/uploads\/2024\/04\/COLOURBOX27695410-personal-injury-dog-bite-18x12.jpg 18w, https:\/\/plg-pllc.com\/wp-content\/uploads\/2024\/04\/COLOURBOX27695410-personal-injury-dog-bite-640x454.jpg 640w, https:\/\/plg-pllc.com\/wp-content\/uploads\/2024\/04\/COLOURBOX27695410-personal-injury-dog-bite-1200x850.jpg 1200w, https:\/\/plg-pllc.com\/wp-content\/uploads\/2024\/04\/COLOURBOX27695410-personal-injury-dog-bite-1920x1361.jpg 1920w, https:\/\/plg-pllc.com\/wp-content\/uploads\/2024\/04\/COLOURBOX27695410-personal-injury-dog-bite-250x177.jpg 250w\" sizes=\"(max-width: 1024px) 100vw, 1024px\" \/><\/figure>\r\n\r\n\r\n\r\n<p>Las mordeduras de perro causan lesiones sorprendentemente duraderas. Los dientes afilados de un perro pueden cortar la piel y da\u00f1ar los nervios, adem\u00e1s de otros tejidos blandos como m\u00fasculos y tendones. Las mand\u00edbulas de muchas razas tambi\u00e9n son lo suficientemente fuertes como para fracturar huesos. Peor a\u00fan, muchas v\u00edctimas de mordeduras de perro desarrollan infecciones peligrosas que pueden resultar dif\u00edciles de tratar.<\/p>\r\n\r\n\r\n\r\n<p>Llame a Premier Law Group. Una mordedura de perro es una lesi\u00f3n grave y debe solicitar una indemnizaci\u00f3n al due\u00f1o. La ley estatal permite a las v\u00edctimas demandar a los due\u00f1os por cualquier mordedura, incluso si el perro no tiene antecedentes de agresi\u00f3n. Esta es una ley excelente que utilizamos en nombre de nuestros clientes.<a href=\"https:\/\/plg-pllc.com\/practice-areas\/#dogbites\"> Obtenga m\u00e1s informaci\u00f3n sobre sus derechos despu\u00e9s de una mordedura de perro<\/a> Llame a nuestra firma y programe una consulta. Podemos evaluar la solidez de su caso, as\u00ed como la compensaci\u00f3n econ\u00f3mica que debe solicitar.<\/p>\r\n\r\n\r\n\r\n<h2 id=\"h-important-information-for-any-dog-bite-case\" class=\"wp-block-heading\"><strong>Informaci\u00f3n importante para cualquier caso de mordedura de perro<\/strong><\/h2>\r\n\r\n\r\n\r\n<p>Necesitamos informaci\u00f3n b\u00e1sica sobre el accidente para ayudar con un reclamo:<\/p>\r\n\r\n\r\n\r\n<ul class=\"wp-block-list\">\r\n<li>D\u00eda y hora<\/li>\r\n\r\n\r\n\r\n<li>Ubicaci\u00f3n<\/li>\r\n\r\n\r\n\r\n<li>Identidad del due\u00f1o del perro<\/li>\r\n\r\n\r\n\r\n<li>Fotograf\u00edas del perro<\/li>\r\n\r\n\r\n\r\n<li>Cualquier informe policial presentado<\/li>\r\n<\/ul>\r\n\r\n\r\n\r\n<p>Esta informaci\u00f3n proporciona informaci\u00f3n b\u00e1sica. Si no tienes idea de qui\u00e9n es el due\u00f1o del perro, entonces tendremos que investigar. No podemos demandar al due\u00f1o de un perro si no conocemos su identidad.<\/p>\r\n\r\n\r\n\r\n<p>Entendemos que los accidentes son traum\u00e1ticos y es posible que no tengas toda la informaci\u00f3n anterior. No hay problema.<a href=\"https:\/\/plg-pllc.com\/about-us\/attorneys\/jason-epstein\/\"> Contacte a un abogado especializado en lesiones por mordedura de perro<\/a> Llame a Premier Law Group para conocer sus derechos. Si nos contratan, podemos visitar el lugar del ataque. Comparta cualquier recuerdo sobre el animal que lo mordi\u00f3. Algunas personas son mordidas en propiedades privadas, mientras que otras son mordidas por un perro que deambula en p\u00fablico. Podemos ponernos manos a la obra y averiguar informaci\u00f3n sobre el propietario.<\/p>\r\n\r\n\r\n\r\n<p>Se necesita otra informaci\u00f3n para ayudarnos a establecer el valor de su reclamo:<\/p>\r\n\r\n\r\n\r\n<ul class=\"wp-block-list\">\r\n<li>Facturas y recibos m\u00e9dicos<\/li>\r\n\r\n\r\n\r\n<li>Declaraciones de seguros<\/li>\r\n\r\n\r\n\r\n<li>Los nombres de todos los m\u00e9dicos y hospitales que lo trataron.<\/li>\r\n\r\n\r\n\r\n<li>El nombre de un consejero de salud mental para ayudar a lidiar con el trauma del ataque.<\/li>\r\n\r\n\r\n\r\n<li>Nombres de todos los fisioterapeutas<\/li>\r\n\r\n\r\n\r\n<li>Talones de pago para mostrar cu\u00e1nto ganas<\/li>\r\n\r\n\r\n\r\n<li>Registros de trabajo por cuenta propia si usted es trabajador aut\u00f3nomo<\/li>\r\n<\/ul>\r\n\r\n\r\n\r\n<p>Esta evidencia puede ayudarnos a estimar el valor de su reclamo. Puede solicitar una compensaci\u00f3n por todos los gastos de bolsillo, incluidos el tratamiento m\u00e9dico, las estad\u00edas en el hospital, los antibi\u00f3ticos y otras recetas. Si tiene lesiones extensas, es posible que necesite rehabilitaci\u00f3n o terapia psicol\u00f3gica.<\/p>\r\n\r\n\r\n\r\n<p>Tambi\u00e9n podemos solicitar dinero por el dolor y el sufrimiento. Una mordedura de perro suele causar da\u00f1o a los nervios, que es intenso. Los analg\u00e9sicos y los opi\u00e1ceos solo ayudan a mitigar el dolor. Muchas v\u00edctimas de mordeduras de perro sufren. El trauma emocional tambi\u00e9n es considerable. Los ni\u00f1os y los adultos pueden sufrir un trastorno de estr\u00e9s postraum\u00e1tico despu\u00e9s de una mordedura.<\/p>\r\n\r\n\r\n\r\n<h2 id=\"h-how-dog-owners-defend-these-cases\" class=\"wp-block-heading\"><strong>C\u00f3mo defienden los due\u00f1os de perros estos casos<\/strong><\/h2>\r\n\r\n\r\n\r\n<p>Algunos due\u00f1os aceptan inmediatamente la culpa y aceptan pagar una indemnizaci\u00f3n. Eso sucede a veces, aunque es poco frecuente. Lo m\u00e1s probable es que el due\u00f1o del perro intente presentar una defensa para reducir o evitar pagar una indemnizaci\u00f3n. No se sorprenda si intentan culparlo por el ataque del perro.<\/p>\r\n\r\n\r\n\r\n<p>Una defensa es que estabas invadiendo su propiedad cuando te atacaron. Podemos hablar sobre el motivo por el que estabas en la propiedad. Tal vez te invitaron a visitarla o eres un amigo o vecino que pas\u00f3 a charlar.<\/p>\r\n\r\n\r\n\r\n<p>Otra defensa es que usted provoc\u00f3 al perro. Por ejemplo, los ni\u00f1os pueden arrojarle piedras o palos a un perro y el animal contraataca mordi\u00e9ndolos. Le explicaremos lo que sucedi\u00f3 en los momentos cr\u00edticos previos al ataque del perro. En muchos casos, un ataque de perro no es provocado en absoluto. Usted estaba ocupado con sus asuntos cuando el animal lo atac\u00f3. Tal vez el perro atac\u00f3 a su propio perro y luego se dirigi\u00f3 hacia usted. En otros casos, es posible que haya pisado accidentalmente la cola del animal, lo que no deber\u00eda considerarse provocaci\u00f3n porque es accidental.<\/p>\r\n\r\n\r\n\r\n<p>Rechazamos la afirmaci\u00f3n del acusado de que usted no merece una indemnizaci\u00f3n. Otra cosa que debe hacer es ponerse en contacto con nosotros r\u00e1pidamente. Las v\u00edctimas de mordeduras de perros tienen una fecha l\u00edmite para presentar una demanda. Comun\u00edquese con nosotros lo antes posible. Si no cumple con la fecha l\u00edmite legal, perder\u00e1 por completo la posibilidad de presentar una demanda.<\/p>\r\n\r\n\r\n\r\n<h3 id=\"h-reach-out-to-premier-law-group\" class=\"wp-block-heading\"><strong>Comun\u00edquese con Premier Law Group<\/strong><\/h3>\r\n\r\n\r\n\r\n<p>Las v\u00edctimas de ataques de perros tienen costosas facturas m\u00e9dicas y, a menudo, sufren un trauma emocional despu\u00e9s del ataque. Premier Law Group est\u00e1 preparado para buscar toda la compensaci\u00f3n posible despu\u00e9s de una mordedura de perro. Hemos obtenido varios acuerdos para nuestros clientes y siempre estamos felices de ayudar.<\/p>\r\n\r\n\r\n\r\n<p>Llame al mejor bufete de abogados especializado en lesiones personales de Washington. Nuestras consultas son gratuitas y no suponen ning\u00fan riesgo para usted.<\/p>\r\n\n        <div class=\"rs-content-cta\">\n            <p>Llamar o enviar mensaje de texto <a href=\"tel:+12062851743\">(206) 285-1743<\/a> o complete un formulario de evaluaci\u00f3n de caso gratuito<\/p>\n            <a href=\"https:\/\/plg-pllc.com\/es\/contact-us\/\" title=\"OBTENGA UNA EVALUACI\u00d3N DE CASO GRATUITA\" class=\"btn-global\">OBTENGA UNA EVALUACI\u00d3N DE CASO GRATUITA<\/a>\n                    <picture>\n                            <source srcset=\"https:\/\/plg-pllc.com\/wp-content\/themes\/plg-pllc-redesign\/assets\/app\/img\/cta-thumb.webp\" type=\"image\/webp\"\/>\n                            <img src=\"https:\/\/plg-pllc.com\/wp-content\/themes\/plg-pllc-redesign\/assets\/app\/img\/cta-thumb.png\" alt=\"Grupo de abogados Premier\" title=\"Grupo de abogados Premier\" width=\"245\" height=\"220\" loading=\"auto\" fetchpriority=\"auto\" decoding=\"async\"\/>\n        <\/picture>\n        \n        <\/div>","protected":false},"excerpt":{"rendered":"<p>Las mordeduras de perro causan lesiones sorprendentemente duraderas. Los dientes afilados de un perro pueden cortar la piel y da\u00f1ar los nervios, junto con otros tejidos blandos como m\u00fasculos y tendones. Las mand\u00edbulas de muchas razas tambi\u00e9n son lo suficientemente fuertes como para fracturar huesos. Peor a\u00fan, muchas v\u00edctimas de mordeduras de perro desarrollan infecciones peligrosas que pueden resultar dif\u00edciles de tratar. Llame a Premier ...<\/p>","protected":false},"author":10,"featured_media":0,"parent":20714,"menu_order":0,"comment_status":"closed","ping_status":"closed","template":"","meta":{"_acf_changed":false,"_genesis_hide_title":false,"_genesis_hide_breadcrumbs":false,"_genesis_hide_singular_image":false,"_genesis_hide_footer_widgets":false,"_genesis_custom_body_class":"","_genesis_custom_post_class":"","_genesis_layout":"","footnotes":""},"hc_faqs":[10377],"class_list":{"0":"post-20338","1":"page","2":"type-page","3":"status-publish","5":"hc_faqs-dog-bite","6":"entry","7":"has-post-thumbnail"},"acf":[],"yoast_head":"<!-- This site is optimized with the Yoast SEO plugin v27.4 - https:\/\/yoast.com\/product\/yoast-seo-wordpress\/ -->\n<title>What Information Will an Attorney Need for a Successful Dog Bite Case?<\/title>\n<meta name=\"description\" content=\"What Information Will an Attorney Need for a Successful Dog Bite Case?: Premier Law Group helps you unlock the full compensation you deserve. No Fee Unless We Win.\" \/>\n<meta name=\"robots\" content=\"index, follow, max-snippet:-1, max-image-preview:large, max-video-preview:-1\" \/>\n<link rel=\"canonical\" href=\"https:\/\/plg-pllc.com\/es\/faqs\/what-information-will-an-attorney-need-for-a-successful-dog-bite-case\/\" \/>\n<meta property=\"og:locale\" content=\"es_MX\" \/>\n<meta property=\"og:type\" content=\"article\" \/>\n<meta property=\"og:title\" content=\"What Information Will an Attorney Need for a Successful Dog Bite Case?\" \/>\n<meta property=\"og:description\" content=\"What Information Will an Attorney Need for a Successful Dog Bite Case?: Premier Law Group helps you unlock the full compensation you deserve. No Fee Unless We Win.\" \/>\n<meta property=\"og:url\" content=\"https:\/\/plg-pllc.com\/es\/faqs\/what-information-will-an-attorney-need-for-a-successful-dog-bite-case\/\" \/>\n<meta property=\"og:site_name\" content=\"Premier Law Group\" \/>\n<meta property=\"article:publisher\" content=\"https:\/\/www.facebook.com\/premierlawgroup\" \/>\n<meta property=\"article:modified_time\" content=\"2024-10-16T02:05:35+00:00\" \/>\n<meta property=\"og:image\" content=\"https:\/\/plg-pllc.com\/wp-content\/uploads\/2024\/04\/COLOURBOX27695410-personal-injury-dog-bite-scaled.jpg\" \/>\n\t<meta property=\"og:image:width\" content=\"2560\" \/>\n\t<meta property=\"og:image:height\" content=\"1814\" \/>\n\t<meta property=\"og:image:type\" content=\"image\/jpeg\" \/>\n<meta name=\"twitter:card\" content=\"summary_large_image\" \/>\n<meta name=\"twitter:site\" content=\"@premierlawgroup\" \/>\n<meta name=\"twitter:label1\" content=\"Tiempo de lectura\" \/>\n\t<meta name=\"twitter:data1\" content=\"4 minutos\" \/>\n<script type=\"application\/ld+json\" class=\"yoast-schema-graph\">{\"@context\":\"https:\\\/\\\/schema.org\",\"@graph\":[{\"@type\":\"WebPage\",\"@id\":\"https:\\\/\\\/plg-pllc.com\\\/faqs\\\/what-information-will-an-attorney-need-for-a-successful-dog-bite-case\\\/\",\"url\":\"https:\\\/\\\/plg-pllc.com\\\/faqs\\\/what-information-will-an-attorney-need-for-a-successful-dog-bite-case\\\/\",\"name\":\"What Information Will an Attorney Need for a Successful Dog Bite Case?\",\"isPartOf\":{\"@id\":\"https:\\\/\\\/plg-pllc.com\\\/#website\"},\"primaryImageOfPage\":{\"@id\":\"https:\\\/\\\/plg-pllc.com\\\/faqs\\\/what-information-will-an-attorney-need-for-a-successful-dog-bite-case\\\/#primaryimage\"},\"image\":{\"@id\":\"https:\\\/\\\/plg-pllc.com\\\/faqs\\\/what-information-will-an-attorney-need-for-a-successful-dog-bite-case\\\/#primaryimage\"},\"thumbnailUrl\":\"https:\\\/\\\/plg-pllc.com\\\/wp-content\\\/uploads\\\/2024\\\/04\\\/COLOURBOX27695410-personal-injury-dog-bite-1024x726.jpg\",\"datePublished\":\"2024-04-29T15:00:00+00:00\",\"dateModified\":\"2024-10-16T02:05:35+00:00\",\"description\":\"What Information Will an Attorney Need for a Successful Dog Bite Case?: Premier Law Group helps you unlock the full compensation you deserve. No Fee Unless We Win.\",\"breadcrumb\":{\"@id\":\"https:\\\/\\\/plg-pllc.com\\\/faqs\\\/what-information-will-an-attorney-need-for-a-successful-dog-bite-case\\\/#breadcrumb\"},\"inLanguage\":\"es\",\"potentialAction\":[{\"@type\":\"ReadAction\",\"target\":[\"https:\\\/\\\/plg-pllc.com\\\/faqs\\\/what-information-will-an-attorney-need-for-a-successful-dog-bite-case\\\/\"]}]},{\"@type\":\"ImageObject\",\"inLanguage\":\"es\",\"@id\":\"https:\\\/\\\/plg-pllc.com\\\/faqs\\\/what-information-will-an-attorney-need-for-a-successful-dog-bite-case\\\/#primaryimage\",\"url\":\"https:\\\/\\\/plg-pllc.com\\\/wp-content\\\/uploads\\\/2024\\\/04\\\/COLOURBOX27695410-personal-injury-dog-bite-1024x726.jpg\",\"contentUrl\":\"https:\\\/\\\/plg-pllc.com\\\/wp-content\\\/uploads\\\/2024\\\/04\\\/COLOURBOX27695410-personal-injury-dog-bite-1024x726.jpg\"},{\"@type\":\"BreadcrumbList\",\"@id\":\"https:\\\/\\\/plg-pllc.com\\\/faqs\\\/what-information-will-an-attorney-need-for-a-successful-dog-bite-case\\\/#breadcrumb\",\"itemListElement\":[{\"@type\":\"ListItem\",\"position\":1,\"name\":\"Home\",\"item\":\"https:\\\/\\\/plg-pllc.com\\\/es\\\/\"},{\"@type\":\"ListItem\",\"position\":2,\"name\":\"FAQs\",\"item\":\"https:\\\/\\\/plg-pllc.com\\\/es\\\/faqs\\\/\"},{\"@type\":\"ListItem\",\"position\":3,\"name\":\"What Information Will an Attorney Need for a Successful Dog Bite Case?\"}]},{\"@type\":\"WebSite\",\"@id\":\"https:\\\/\\\/plg-pllc.com\\\/#website\",\"url\":\"https:\\\/\\\/plg-pllc.com\\\/\",\"name\":\"Premier Law Group\",\"description\":\"Washington Wrongful Death and Serious Injury Lawyer\",\"publisher\":{\"@id\":\"https:\\\/\\\/plg-pllc.com\\\/#organization\"},\"inLanguage\":\"es\"},{\"@type\":\"Organization\",\"@id\":\"https:\\\/\\\/plg-pllc.com\\\/#organization\",\"name\":\"Premier Law Group\",\"url\":\"https:\\\/\\\/plg-pllc.com\\\/\",\"logo\":{\"@type\":\"ImageObject\",\"inLanguage\":\"es\",\"@id\":\"https:\\\/\\\/plg-pllc.com\\\/#\\\/schema\\\/logo\\\/image\\\/\",\"url\":\"https:\\\/\\\/plg-pllc.com\\\/wp-content\\\/uploads\\\/2020\\\/10\\\/plg-logo-v2.gif\",\"contentUrl\":\"https:\\\/\\\/plg-pllc.com\\\/wp-content\\\/uploads\\\/2020\\\/10\\\/plg-logo-v2.gif\",\"width\":592,\"height\":191,\"caption\":\"Premier Law Group\"},\"image\":{\"@id\":\"https:\\\/\\\/plg-pllc.com\\\/#\\\/schema\\\/logo\\\/image\\\/\"},\"sameAs\":[\"https:\\\/\\\/www.facebook.com\\\/premierlawgroup\",\"https:\\\/\\\/x.com\\\/premierlawgroup\"]}]}<\/script>\n<!-- \/ Yoast SEO plugin. -->","yoast_head_json":{"title":"\u00bfQu\u00e9 informaci\u00f3n necesitar\u00e1 un abogado para tener \u00e9xito en un caso de mordedura de perro?","description":"\u00bfQu\u00e9 informaci\u00f3n necesitar\u00e1 un abogado para que un caso de mordedura de perro tenga \u00e9xito?: Premier Law Group le ayuda a conseguir la compensaci\u00f3n total que merece. Sin honorarios a menos que ganemos.","robots":{"index":"index","follow":"follow","max-snippet":"max-snippet:-1","max-image-preview":"max-image-preview:large","max-video-preview":"max-video-preview:-1"},"canonical":"https:\/\/plg-pllc.com\/es\/faqs\/what-information-will-an-attorney-need-for-a-successful-dog-bite-case\/","og_locale":"es_MX","og_type":"article","og_title":"What Information Will an Attorney Need for a Successful Dog Bite Case?","og_description":"What Information Will an Attorney Need for a Successful Dog Bite Case?: Premier Law Group helps you unlock the full compensation you deserve. No Fee Unless We Win.","og_url":"https:\/\/plg-pllc.com\/es\/faqs\/what-information-will-an-attorney-need-for-a-successful-dog-bite-case\/","og_site_name":"Premier Law Group","article_publisher":"https:\/\/www.facebook.com\/premierlawgroup","article_modified_time":"2024-10-16T02:05:35+00:00","og_image":[{"width":2560,"height":1814,"url":"https:\/\/plg-pllc.com\/wp-content\/uploads\/2024\/04\/COLOURBOX27695410-personal-injury-dog-bite-scaled.jpg","type":"image\/jpeg"}],"twitter_card":"summary_large_image","twitter_site":"@premierlawgroup","twitter_misc":{"Tiempo de lectura":"4 minutos"},"schema":{"@context":"https:\/\/schema.org","@graph":[{"@type":"WebPage","@id":"https:\/\/plg-pllc.com\/faqs\/what-information-will-an-attorney-need-for-a-successful-dog-bite-case\/","url":"https:\/\/plg-pllc.com\/faqs\/what-information-will-an-attorney-need-for-a-successful-dog-bite-case\/","name":"\u00bfQu\u00e9 informaci\u00f3n necesitar\u00e1 un abogado para tener \u00e9xito en un caso de mordedura de perro?","isPartOf":{"@id":"https:\/\/plg-pllc.com\/#website"},"primaryImageOfPage":{"@id":"https:\/\/plg-pllc.com\/faqs\/what-information-will-an-attorney-need-for-a-successful-dog-bite-case\/#primaryimage"},"image":{"@id":"https:\/\/plg-pllc.com\/faqs\/what-information-will-an-attorney-need-for-a-successful-dog-bite-case\/#primaryimage"},"thumbnailUrl":"https:\/\/plg-pllc.com\/wp-content\/uploads\/2024\/04\/COLOURBOX27695410-personal-injury-dog-bite-1024x726.jpg","datePublished":"2024-04-29T15:00:00+00:00","dateModified":"2024-10-16T02:05:35+00:00","description":"\u00bfQu\u00e9 informaci\u00f3n necesitar\u00e1 un abogado para que un caso de mordedura de perro tenga \u00e9xito?: Premier Law Group le ayuda a conseguir la compensaci\u00f3n total que merece. Sin honorarios a menos que ganemos.","breadcrumb":{"@id":"https:\/\/plg-pllc.com\/faqs\/what-information-will-an-attorney-need-for-a-successful-dog-bite-case\/#breadcrumb"},"inLanguage":"es","potentialAction":[{"@type":"ReadAction","target":["https:\/\/plg-pllc.com\/faqs\/what-information-will-an-attorney-need-for-a-successful-dog-bite-case\/"]}]},{"@type":"ImageObject","inLanguage":"es","@id":"https:\/\/plg-pllc.com\/faqs\/what-information-will-an-attorney-need-for-a-successful-dog-bite-case\/#primaryimage","url":"https:\/\/plg-pllc.com\/wp-content\/uploads\/2024\/04\/COLOURBOX27695410-personal-injury-dog-bite-1024x726.jpg","contentUrl":"https:\/\/plg-pllc.com\/wp-content\/uploads\/2024\/04\/COLOURBOX27695410-personal-injury-dog-bite-1024x726.jpg"},{"@type":"BreadcrumbList","@id":"https:\/\/plg-pllc.com\/faqs\/what-information-will-an-attorney-need-for-a-successful-dog-bite-case\/#breadcrumb","itemListElement":[{"@type":"ListItem","position":1,"name":"Home","item":"https:\/\/plg-pllc.com\/es\/"},{"@type":"ListItem","position":2,"name":"FAQs","item":"https:\/\/plg-pllc.com\/es\/faqs\/"},{"@type":"ListItem","position":3,"name":"What Information Will an Attorney Need for a Successful Dog Bite Case?"}]},{"@type":"WebSite","@id":"https:\/\/plg-pllc.com\/#website","url":"https:\/\/plg-pllc.com\/","name":"Grupo de abogados Premier","description":"Abogado de muerte por negligencia y lesiones graves en Washington","publisher":{"@id":"https:\/\/plg-pllc.com\/#organization"},"inLanguage":"es"},{"@type":"Organization","@id":"https:\/\/plg-pllc.com\/#organization","name":"Grupo de abogados Premier","url":"https:\/\/plg-pllc.com\/","logo":{"@type":"ImageObject","inLanguage":"es","@id":"https:\/\/plg-pllc.com\/#\/schema\/logo\/image\/","url":"https:\/\/plg-pllc.com\/wp-content\/uploads\/2020\/10\/plg-logo-v2.gif","contentUrl":"https:\/\/plg-pllc.com\/wp-content\/uploads\/2020\/10\/plg-logo-v2.gif","width":592,"height":191,"caption":"Premier Law Group"},"image":{"@id":"https:\/\/plg-pllc.com\/#\/schema\/logo\/image\/"},"sameAs":["https:\/\/www.facebook.com\/premierlawgroup","https:\/\/x.com\/premierlawgroup"]}]}},"_links":{"self":[{"href":"https:\/\/plg-pllc.com\/es\/wp-json\/wp\/v2\/pages\/20338","targetHints":{"allow":["GET"]}}],"collection":[{"href":"https:\/\/plg-pllc.com\/es\/wp-json\/wp\/v2\/pages"}],"about":[{"href":"https:\/\/plg-pllc.com\/es\/wp-json\/wp\/v2\/types\/page"}],"author":[{"embeddable":true,"href":"https:\/\/plg-pllc.com\/es\/wp-json\/wp\/v2\/users\/10"}],"replies":[{"embeddable":true,"href":"https:\/\/plg-pllc.com\/es\/wp-json\/wp\/v2\/comments?post=20338"}],"version-history":[{"count":0,"href":"https:\/\/plg-pllc.com\/es\/wp-json\/wp\/v2\/pages\/20338\/revisions"}],"up":[{"embeddable":true,"href":"https:\/\/plg-pllc.com\/es\/wp-json\/wp\/v2\/pages\/20714"}],"wp:attachment":[{"href":"https:\/\/plg-pllc.com\/es\/wp-json\/wp\/v2\/media?parent=20338"}],"wp:term":[{"taxonomy":"hc_faqs","embeddable":true,"href":"https:\/\/plg-pllc.com\/es\/wp-json\/wp\/v2\/hc_faqs?post=20338"}],"curies":[{"name":"gracias","href":"https:\/\/api.w.org\/{rel}","templated":true}]}}