{"id":20344,"date":"2024-05-13T08:00:00","date_gmt":"2024-05-13T15:00:00","guid":{"rendered":"https:\/\/plg-pllc.com\/?p=20344"},"modified":"2024-10-15T19:05:41","modified_gmt":"2024-10-16T02:05:41","slug":"washington-right-of-way-laws","status":"publish","type":"page","link":"https:\/\/plg-pllc.com\/es\/faqs\/what-are-washington-states-right-of-way-laws\/","title":{"rendered":"\u00bfCu\u00e1les son las leyes de derecho de paso del estado de Washington?"},"content":{"rendered":"<p>Las leyes de derecho de paso aclaran a los conductores y peatones qui\u00e9n tiene derecho a pasar o cruzar primero una intersecci\u00f3n. Sin estas reglas, la ley y el orden se desmoronar\u00edan porque los conductores pisar\u00edan el acelerador cuando quisieran, sin tener en cuenta a las dem\u00e1s personas en la carretera. El n\u00famero de accidentes aumentar\u00eda dr\u00e1sticamente.<\/p>\r\n\r\n\r\n\r\n<p>Lamentablemente, muchos automovilistas no conocen las leyes de derecho de paso o eligen no cumplirlas. El resultado son conductores y peatones lesionados, a veces fatalmente. Si result\u00f3 herido en un accidente, merece una compensaci\u00f3n. Los conductores negligentes o imprudentes deben pagar una compensaci\u00f3n a las v\u00edctimas lesionadas para cubrir su atenci\u00f3n m\u00e9dica y reparaciones del autom\u00f3vil, como m\u00ednimo. Premier Law Group es una firma de lesiones personales establecida en Seattle que representa los derechos de las v\u00edctimas de accidentes como usted. Comun\u00edquese con un abogado especializado en lesiones personales.<a href=\"https:\/\/plg-pllc.com\/washington\/pedestrian-accident-lawyer\/\"> abogado de accidentes en intersecciones de peatones<\/a> en nuestra firma para programar una consulta.<\/p>\r\n\r\n\r\n\r\n<figure class=\"wp-block-image size-full\"><img decoding=\"async\" class=\"wp-image-20346\" style=\"padding: 10px;\" src=\"https:\/\/plg-pllc.com\/wp-content\/uploads\/2024\/04\/DALL\u00b7E-2024-04-08-10.36.01-Design-a-minimalist-and-clear-graphic-that-effectively-communicates-the-essence-of-Washington-States-right-of-way-laws.-Focus-on-a-single-powerful-i.webp\" alt=\"Un gr\u00e1fico minimalista que muestra a un peat\u00f3n entrando con confianza en un paso de peatones, con un coche detenido a una distancia respetuosa delante de \u00e9l. La escena est\u00e1 despojada de detalles innecesarios, centr\u00e1ndose en el mensaje fundamental de la prioridad de los peatones en los cruces de peatones, de acuerdo con las leyes de derecho de paso del estado de Washington. La combinaci\u00f3n de colores es sencilla pero atractiva, con contrastes suaves que enfatizan la importancia de ceder el paso a los peatones. Este dise\u00f1o limpio y despejado simboliza la intenci\u00f3n de la ley de proteger a los peatones, transmitiendo su claridad y simplicidad de manera eficaz.\" width=\"40%\" align=\"right\" srcset=\"https:\/\/plg-pllc.com\/wp-content\/uploads\/2024\/04\/DALL\u00b7E-2024-04-08-10.36.01-Design-a-minimalist-and-clear-graphic-that-effectively-communicates-the-essence-of-Washington-States-right-of-way-laws.-Focus-on-a-single-powerful-i.webp 1024w, https:\/\/plg-pllc.com\/wp-content\/uploads\/2024\/04\/DALL\u00b7E-2024-04-08-10.36.01-Design-a-minimalist-and-clear-graphic-that-effectively-communicates-the-essence-of-Washington-States-right-of-way-laws.-Focus-on-a-single-powerful-i-300x300.webp 300w, https:\/\/plg-pllc.com\/wp-content\/uploads\/2024\/04\/DALL\u00b7E-2024-04-08-10.36.01-Design-a-minimalist-and-clear-graphic-that-effectively-communicates-the-essence-of-Washington-States-right-of-way-laws.-Focus-on-a-single-powerful-i-150x150.webp 150w, https:\/\/plg-pllc.com\/wp-content\/uploads\/2024\/04\/DALL\u00b7E-2024-04-08-10.36.01-Design-a-minimalist-and-clear-graphic-that-effectively-communicates-the-essence-of-Washington-States-right-of-way-laws.-Focus-on-a-single-powerful-i-768x768.webp 768w, https:\/\/plg-pllc.com\/wp-content\/uploads\/2024\/04\/DALL\u00b7E-2024-04-08-10.36.01-Design-a-minimalist-and-clear-graphic-that-effectively-communicates-the-essence-of-Washington-States-right-of-way-laws.-Focus-on-a-single-powerful-i-12x12.webp 12w, https:\/\/plg-pllc.com\/wp-content\/uploads\/2024\/04\/DALL\u00b7E-2024-04-08-10.36.01-Design-a-minimalist-and-clear-graphic-that-effectively-communicates-the-essence-of-Washington-States-right-of-way-laws.-Focus-on-a-single-powerful-i-640x640.webp 640w, https:\/\/plg-pllc.com\/wp-content\/uploads\/2024\/04\/DALL\u00b7E-2024-04-08-10.36.01-Design-a-minimalist-and-clear-graphic-that-effectively-communicates-the-essence-of-Washington-States-right-of-way-laws.-Focus-on-a-single-powerful-i-200x200.webp 200w\" sizes=\"(max-width: 1024px) 100vw, 1024px\" \/><\/figure>\r\n\r\n\r\n\r\n<h2 id=\"h-right-of-way-laws-for-motorists-at-intersections\" class=\"wp-block-heading\"><strong>Leyes de derecho de paso para los automovilistas en las intersecciones<\/strong><\/h2>\r\n\r\n\r\n\r\n<p>Todos los conductores en la carretera deben recordar lo siguiente:<\/p>\r\n\r\n\r\n\r\n<ul class=\"wp-block-list\">\r\n<li>Un automovilista que gira a la izquierda debe ceder el paso a todo el tr\u00e1fico que viene en sentido contrario y a los peatones.<\/li>\r\n\r\n\r\n\r\n<li>Cuando no hay una se\u00f1al de pare, el conductor debe ceder el paso a cualquier veh\u00edculo que ya est\u00e9 en la intersecci\u00f3n y al tr\u00e1fico que viene desde la derecha.<\/li>\r\n\r\n\r\n\r\n<li>En una intersecci\u00f3n de cuatro v\u00edas, el primer veh\u00edculo que se detenga puede pasar primero por la intersecci\u00f3n.<\/li>\r\n\r\n\r\n\r\n<li>Cuando dos veh\u00edculos llegan al mismo tiempo a una intersecci\u00f3n, el conductor debe ceder el paso al veh\u00edculo que se encuentra a su derecha.<\/li>\r\n\r\n\r\n\r\n<li>Debes ceder el paso a cualquier tren que circule por la calzada.<\/li>\r\n\r\n\r\n\r\n<li>Debes ceder el paso a cualquier peat\u00f3n que ya est\u00e9 en el cruce de peatones, as\u00ed como a aquellos que est\u00e9n en la acera.<\/li>\r\n\r\n\r\n\r\n<li>Los automovilistas deben ceder el paso a los ciclistas en los cruces de peatones y aceras.<\/li>\r\n<\/ul>\r\n\r\n\r\n\r\n<p>Tenga siempre mucho cuidado. Es posible que algunos peatones o conductores no conozcan las normas. Por ejemplo, si llega a una intersecci\u00f3n de cuatro v\u00edas, proceda con cuidado, incluso si es evidente que lleg\u00f3 primero. Otro conductor podr\u00eda atravesarlo a toda velocidad aunque deba ceder el paso. \u00a1La conducci\u00f3n defensiva es imprescindible!<\/p>\r\n\r\n\r\n\r\n<h2 id=\"h-rules-for-pedestrians-at-intersections\" class=\"wp-block-heading\"><strong>Normas para peatones en las intersecciones<\/strong><\/h2>\r\n\r\n\r\n\r\n<p>Estas reglas son fundamentales para los peatones, que pueden sufrir lesiones terribles en caso de colisi\u00f3n. Recuerde lo siguiente:<\/p>\r\n\r\n\r\n\r\n<ul class=\"wp-block-list\">\r\n<li>Los peatones en un cruce de peatones tienen derecho de paso, independientemente de que el cruce de peatones est\u00e9 marcado o no.<\/li>\r\n\r\n\r\n\r\n<li>Cuando un peat\u00f3n se encuentra en la mitad de la v\u00eda que le corresponde al conductor, el conductor debe detenerse.<\/li>\r\n\r\n\r\n\r\n<li>Los peatones deben obedecer las se\u00f1ales de tr\u00e1nsito y los dispositivos de control, como las se\u00f1ales de \u201cNo caminar\u201d.<\/li>\r\n\r\n\r\n\r\n<li>Un peat\u00f3n nunca debe incorporarse al tr\u00e1fico tan cerca de un veh\u00edculo que sea imposible para el conductor detenerse.<\/li>\r\n<\/ul>\r\n\r\n\r\n\r\n<p>Si un ser querido fue atropellado y muri\u00f3, comun\u00edquese con Premier Law Group.<a href=\"https:\/\/plg-pllc.com\/washington\/wrongful-death-lawyer\/\"> abogado de muerte por negligencia<\/a> En nuestra firma podemos revisar los hechos y determinar si tiene una demanda legal v\u00e1lida. Desafortunadamente, algunos conductores no tienen reparos en culpar del accidente al peat\u00f3n. Debemos reunir la mayor cantidad de pruebas posible para demostrar c\u00f3mo ocurri\u00f3 el accidente y de qu\u00e9 manera el conductor es realmente culpable.<\/p>\r\n\r\n\r\n\r\n<h2 id=\"h-emergency-vehicles-amp-right-of-way-laws\" class=\"wp-block-heading\"><strong>Veh\u00edculos de emergencia y leyes de derecho de paso<\/strong><\/h2>\r\n\r\n\r\n\r\n<p>En Washington es habitual ver veh\u00edculos de emergencia como ambulancias y camiones de bomberos. Deben llegar a su destino lo m\u00e1s r\u00e1pido posible, por lo que la ley les da prioridad. Los conductores deben comprender las reglas:<\/p>\r\n\r\n\r\n\r\n<ul class=\"wp-block-list\">\r\n<li>Cuando un veh\u00edculo de emergencia se acerca con las luces encendidas, tiene derecho de paso, independientemente de la direcci\u00f3n en la que viaje.<\/li>\r\n\r\n\r\n\r\n<li>Los automovilistas deben detenerse a un lado de la carretera hasta que el veh\u00edculo de emergencia est\u00e9 lejos de ellos.<\/li>\r\n\r\n\r\n\r\n<li>Si est\u00e1 en una intersecci\u00f3n, det\u00e9ngase lo m\u00e1s pronto posible para no bloquear la intersecci\u00f3n.<\/li>\r\n<\/ul>\r\n\r\n\r\n\r\n\n        <div class=\"rs-content-cta long\">\n            <p>Para una consulta legal GRATUITA, llame al <a href=\"tel:+12062851743\">(206) 285-1743 <\/a><\/p>\n            <a href=\"https:\/\/plg-pllc.com\/es\/contact-us\/\" title=\"OBTENGA UNA EVALUACI\u00d3N DE CASO GRATUITA\" class=\"btn-global\">OBTENGA UNA EVALUACI\u00d3N DE CASO GRATUITA<\/a>\n                    <picture>\n                            <source srcset=\"https:\/\/plg-pllc.com\/wp-content\/themes\/plg-pllc-redesign\/assets\/app\/img\/cta-thumb.webp\" type=\"image\/webp\"\/>\n                            <img src=\"https:\/\/plg-pllc.com\/wp-content\/themes\/plg-pllc-redesign\/assets\/app\/img\/cta-thumb.png\" alt=\"Grupo de abogados Premier\" title=\"Grupo de abogados Premier\" width=\"245\" height=\"220\" loading=\"auto\" fetchpriority=\"auto\" decoding=\"async\"\/>\n        <\/picture>\n        \n        <\/div><h2 id=\"h-how-the-right-of-way-laws-impact-car-accident-cases-in-washington-state\" class=\"wp-block-heading\"><strong>C\u00f3mo las leyes de derecho de paso afectan los casos de accidentes automovil\u00edsticos en el estado de Washington<\/strong><\/h2>\r\n\r\n\r\n\r\n<p>Todo automovilista que circule por la carretera debe tener un cuidado razonable al conducir. Como m\u00ednimo, debe ceder el paso correctamente. Si no lo hace, las v\u00edctimas de accidentes terminar\u00e1n en el hospital con lesiones incapacitantes y angustia emocional.<\/p>\r\n\r\n\r\n\r\n<p><a href=\"https:\/\/plg-pllc.com\/about-us\/attorneys\/patrick-j-kang\/\">Contacte a un abogado especializado en lesiones de tr\u00e1fico<\/a> Comun\u00edquese con nuestra firma para obtener m\u00e1s informaci\u00f3n sobre si puede presentar una demanda. Hemos presentado casos exitosos contra conductores negligentes por negarse a ceder el paso o por conducir fatigados y distra\u00eddos. Algunas infracciones de derecho de paso se deben a que una persona se queda dormida o mira su tel\u00e9fono sin saber siquiera que se est\u00e1 acercando a una intersecci\u00f3n. Podemos ayudar. Hablemos sobre la posible compensaci\u00f3n por sus da\u00f1os, como facturas m\u00e9dicas y dolor y sufrimiento.<\/p>\r\n\r\n\r\n\r\n<h2 id=\"h-free-consultation-for-traffic-accidents-in-washington-state\" class=\"wp-block-heading\"><strong>Consulta gratuita para accidentes de tr\u00e1nsito en el estado de Washington<\/strong><\/h2>\r\n\r\n\r\n\r\n<p>Premier Law Group se enorgullece de representar a la comunidad de Seattle en todos los accidentes automovil\u00edsticos. Para obtener m\u00e1s informaci\u00f3n, comun\u00edquese con nosotros por tel\u00e9fono o correo electr\u00f3nico. Hemos ayudado a cientos de personas a obtener acuerdos financieros y estamos ansiosos por obtener m\u00e1s informaci\u00f3n sobre su accidente.<a href=\"https:\/\/plg-pllc.com\/contact-us\/\"> Ll\u00e1manos<\/a> para hablar con un miembro de nuestro equipo.<\/p>\r\n\n        <div class=\"rs-content-cta\">\n            <p>Llamar o enviar mensaje de texto <a href=\"tel:+12062851743\">(206) 285-1743<\/a> o complete un formulario de evaluaci\u00f3n de caso gratuito<\/p>\n            <a href=\"https:\/\/plg-pllc.com\/es\/contact-us\/\" title=\"OBTENGA UNA EVALUACI\u00d3N DE CASO GRATUITA\" class=\"btn-global\">OBTENGA UNA EVALUACI\u00d3N DE CASO GRATUITA<\/a>\n                    <picture>\n                            <source srcset=\"https:\/\/plg-pllc.com\/wp-content\/themes\/plg-pllc-redesign\/assets\/app\/img\/cta-thumb.webp\" type=\"image\/webp\"\/>\n                            <img src=\"https:\/\/plg-pllc.com\/wp-content\/themes\/plg-pllc-redesign\/assets\/app\/img\/cta-thumb.png\" alt=\"Grupo de abogados Premier\" title=\"Grupo de abogados Premier\" width=\"245\" height=\"220\" loading=\"auto\" fetchpriority=\"auto\" decoding=\"async\"\/>\n        <\/picture>\n        \n        <\/div>","protected":false},"excerpt":{"rendered":"<p>Las leyes de derecho de paso aclaran a los conductores y peatones qui\u00e9n tiene derecho a pasar o cruzar primero una intersecci\u00f3n. Sin estas reglas, la ley y el orden se desmoronar\u00edan porque los conductores pisar\u00edan el acelerador cuando quisieran, sin tener en cuenta a las dem\u00e1s personas en la carretera. La cantidad de accidentes aumentar\u00eda dr\u00e1sticamente. Desafortunadamente, demasiados...<\/p>","protected":false},"author":10,"featured_media":0,"parent":20714,"menu_order":0,"comment_status":"closed","ping_status":"closed","template":"","meta":{"_acf_changed":false,"_genesis_hide_title":false,"_genesis_hide_breadcrumbs":false,"_genesis_hide_singular_image":false,"_genesis_hide_footer_widgets":false,"_genesis_custom_body_class":"","_genesis_custom_post_class":"","_genesis_layout":"","footnotes":""},"hc_faqs":[10360],"class_list":{"0":"post-20344","1":"page","2":"type-page","3":"status-publish","5":"hc_faqs-premier-law-group","6":"entry","7":"has-post-thumbnail"},"acf":[],"yoast_head":"<!-- This site is optimized with the Yoast SEO plugin v27.2 - https:\/\/yoast.com\/product\/yoast-seo-wordpress\/ -->\n<title>What Are Washington State\u2019s Right of Way Laws?<\/title>\n<meta name=\"description\" content=\"What Are Washington State\u2019s Right of Way Laws?: Premier Law Group helps you unlock the full compensation you deserve. No Fee Unless We Win.\" \/>\n<meta name=\"robots\" content=\"index, follow, max-snippet:-1, max-image-preview:large, max-video-preview:-1\" \/>\n<link rel=\"canonical\" href=\"https:\/\/plg-pllc.com\/es\/faqs\/what-are-washington-states-right-of-way-laws\/\" \/>\n<meta property=\"og:locale\" content=\"es_MX\" \/>\n<meta property=\"og:type\" content=\"article\" \/>\n<meta property=\"og:title\" content=\"What Are Washington State\u2019s Right of Way Laws?\" \/>\n<meta property=\"og:description\" content=\"What Are Washington State\u2019s Right of Way Laws?: Premier Law Group helps you unlock the full compensation you deserve. No Fee Unless We Win.\" \/>\n<meta property=\"og:url\" content=\"https:\/\/plg-pllc.com\/es\/faqs\/what-are-washington-states-right-of-way-laws\/\" \/>\n<meta property=\"og:site_name\" content=\"Premier Law Group\" \/>\n<meta property=\"article:publisher\" content=\"https:\/\/www.facebook.com\/premierlawgroup\" \/>\n<meta property=\"article:modified_time\" content=\"2024-10-16T02:05:41+00:00\" \/>\n<meta name=\"twitter:card\" content=\"summary_large_image\" \/>\n<meta name=\"twitter:site\" content=\"@premierlawgroup\" \/>\n<meta name=\"twitter:label1\" content=\"Tiempo de lectura\" \/>\n\t<meta name=\"twitter:data1\" content=\"4 minutos\" \/>\n<script type=\"application\/ld+json\" class=\"yoast-schema-graph\">{\"@context\":\"https:\/\/schema.org\",\"@graph\":[{\"@type\":\"WebPage\",\"@id\":\"https:\/\/plg-pllc.com\/faqs\/what-are-washington-states-right-of-way-laws\/\",\"url\":\"https:\/\/plg-pllc.com\/faqs\/what-are-washington-states-right-of-way-laws\/\",\"name\":\"What Are Washington State\u2019s Right of Way Laws?\",\"isPartOf\":{\"@id\":\"https:\/\/plg-pllc.com\/#website\"},\"datePublished\":\"2024-05-13T15:00:00+00:00\",\"dateModified\":\"2024-10-16T02:05:41+00:00\",\"description\":\"What Are Washington State\u2019s Right of Way Laws?: Premier Law Group helps you unlock the full compensation you deserve. No Fee Unless We Win.\",\"breadcrumb\":{\"@id\":\"https:\/\/plg-pllc.com\/faqs\/what-are-washington-states-right-of-way-laws\/#breadcrumb\"},\"inLanguage\":\"es\",\"potentialAction\":[{\"@type\":\"ReadAction\",\"target\":[\"https:\/\/plg-pllc.com\/faqs\/what-are-washington-states-right-of-way-laws\/\"]}]},{\"@type\":\"BreadcrumbList\",\"@id\":\"https:\/\/plg-pllc.com\/faqs\/what-are-washington-states-right-of-way-laws\/#breadcrumb\",\"itemListElement\":[{\"@type\":\"ListItem\",\"position\":1,\"name\":\"Home\",\"item\":\"https:\/\/plg-pllc.com\/es\/\"},{\"@type\":\"ListItem\",\"position\":2,\"name\":\"FAQs\",\"item\":\"https:\/\/plg-pllc.com\/es\/faqs\/\"},{\"@type\":\"ListItem\",\"position\":3,\"name\":\"What Are Washington State\u2019s Right of Way Laws?\"}]},{\"@type\":\"WebSite\",\"@id\":\"https:\/\/plg-pllc.com\/#website\",\"url\":\"https:\/\/plg-pllc.com\/\",\"name\":\"Premier Law Group\",\"description\":\"Washington Wrongful Death and Serious Injury Lawyer\",\"publisher\":{\"@id\":\"https:\/\/plg-pllc.com\/#organization\"},\"inLanguage\":\"es\"},{\"@type\":\"Organization\",\"@id\":\"https:\/\/plg-pllc.com\/#organization\",\"name\":\"Premier Law Group\",\"url\":\"https:\/\/plg-pllc.com\/\",\"logo\":{\"@type\":\"ImageObject\",\"inLanguage\":\"es\",\"@id\":\"https:\/\/plg-pllc.com\/#\/schema\/logo\/image\/\",\"url\":\"https:\/\/plg-pllc.com\/wp-content\/uploads\/2020\/10\/plg-logo-v2.gif\",\"contentUrl\":\"https:\/\/plg-pllc.com\/wp-content\/uploads\/2020\/10\/plg-logo-v2.gif\",\"width\":592,\"height\":191,\"caption\":\"Premier Law Group\"},\"image\":{\"@id\":\"https:\/\/plg-pllc.com\/#\/schema\/logo\/image\/\"},\"sameAs\":[\"https:\/\/www.facebook.com\/premierlawgroup\",\"https:\/\/x.com\/premierlawgroup\"]}]}<\/script>\n<!-- \/ Yoast SEO plugin. -->","yoast_head_json":{"title":"\u00bfCu\u00e1les son las leyes de derecho de paso del estado de Washington?","description":"\u00bfCu\u00e1les son las leyes de derecho de paso del estado de Washington?: Premier Law Group lo ayuda a obtener la compensaci\u00f3n total que se merece. Sin cargo a menos que ganemos.","robots":{"index":"index","follow":"follow","max-snippet":"max-snippet:-1","max-image-preview":"max-image-preview:large","max-video-preview":"max-video-preview:-1"},"canonical":"https:\/\/plg-pllc.com\/es\/faqs\/what-are-washington-states-right-of-way-laws\/","og_locale":"es_MX","og_type":"article","og_title":"What Are Washington State\u2019s Right of Way Laws?","og_description":"What Are Washington State\u2019s Right of Way Laws?: Premier Law Group helps you unlock the full compensation you deserve. No Fee Unless We Win.","og_url":"https:\/\/plg-pllc.com\/es\/faqs\/what-are-washington-states-right-of-way-laws\/","og_site_name":"Premier Law Group","article_publisher":"https:\/\/www.facebook.com\/premierlawgroup","article_modified_time":"2024-10-16T02:05:41+00:00","twitter_card":"summary_large_image","twitter_site":"@premierlawgroup","twitter_misc":{"Tiempo de lectura":"4 minutos"},"schema":{"@context":"https:\/\/schema.org","@graph":[{"@type":"WebPage","@id":"https:\/\/plg-pllc.com\/faqs\/what-are-washington-states-right-of-way-laws\/","url":"https:\/\/plg-pllc.com\/faqs\/what-are-washington-states-right-of-way-laws\/","name":"\u00bfCu\u00e1les son las leyes de derecho de paso del estado de Washington?","isPartOf":{"@id":"https:\/\/plg-pllc.com\/#website"},"datePublished":"2024-05-13T15:00:00+00:00","dateModified":"2024-10-16T02:05:41+00:00","description":"\u00bfCu\u00e1les son las leyes de derecho de paso del estado de Washington?: Premier Law Group lo ayuda a obtener la compensaci\u00f3n total que se merece. Sin cargo a menos que ganemos.","breadcrumb":{"@id":"https:\/\/plg-pllc.com\/faqs\/what-are-washington-states-right-of-way-laws\/#breadcrumb"},"inLanguage":"es","potentialAction":[{"@type":"ReadAction","target":["https:\/\/plg-pllc.com\/faqs\/what-are-washington-states-right-of-way-laws\/"]}]},{"@type":"BreadcrumbList","@id":"https:\/\/plg-pllc.com\/faqs\/what-are-washington-states-right-of-way-laws\/#breadcrumb","itemListElement":[{"@type":"ListItem","position":1,"name":"Home","item":"https:\/\/plg-pllc.com\/es\/"},{"@type":"ListItem","position":2,"name":"FAQs","item":"https:\/\/plg-pllc.com\/es\/faqs\/"},{"@type":"ListItem","position":3,"name":"What Are Washington State\u2019s Right of Way Laws?"}]},{"@type":"WebSite","@id":"https:\/\/plg-pllc.com\/#website","url":"https:\/\/plg-pllc.com\/","name":"Grupo de abogados Premier","description":"Abogado de muerte por negligencia y lesiones graves en Washington","publisher":{"@id":"https:\/\/plg-pllc.com\/#organization"},"inLanguage":"es"},{"@type":"Organization","@id":"https:\/\/plg-pllc.com\/#organization","name":"Grupo de abogados Premier","url":"https:\/\/plg-pllc.com\/","logo":{"@type":"ImageObject","inLanguage":"es","@id":"https:\/\/plg-pllc.com\/#\/schema\/logo\/image\/","url":"https:\/\/plg-pllc.com\/wp-content\/uploads\/2020\/10\/plg-logo-v2.gif","contentUrl":"https:\/\/plg-pllc.com\/wp-content\/uploads\/2020\/10\/plg-logo-v2.gif","width":592,"height":191,"caption":"Premier Law Group"},"image":{"@id":"https:\/\/plg-pllc.com\/#\/schema\/logo\/image\/"},"sameAs":["https:\/\/www.facebook.com\/premierlawgroup","https:\/\/x.com\/premierlawgroup"]}]}},"_links":{"self":[{"href":"https:\/\/plg-pllc.com\/es\/wp-json\/wp\/v2\/pages\/20344","targetHints":{"allow":["GET"]}}],"collection":[{"href":"https:\/\/plg-pllc.com\/es\/wp-json\/wp\/v2\/pages"}],"about":[{"href":"https:\/\/plg-pllc.com\/es\/wp-json\/wp\/v2\/types\/page"}],"author":[{"embeddable":true,"href":"https:\/\/plg-pllc.com\/es\/wp-json\/wp\/v2\/users\/10"}],"replies":[{"embeddable":true,"href":"https:\/\/plg-pllc.com\/es\/wp-json\/wp\/v2\/comments?post=20344"}],"version-history":[{"count":0,"href":"https:\/\/plg-pllc.com\/es\/wp-json\/wp\/v2\/pages\/20344\/revisions"}],"up":[{"embeddable":true,"href":"https:\/\/plg-pllc.com\/es\/wp-json\/wp\/v2\/pages\/20714"}],"wp:attachment":[{"href":"https:\/\/plg-pllc.com\/es\/wp-json\/wp\/v2\/media?parent=20344"}],"wp:term":[{"taxonomy":"hc_faqs","embeddable":true,"href":"https:\/\/plg-pllc.com\/es\/wp-json\/wp\/v2\/hc_faqs?post=20344"}],"curies":[{"name":"gracias","href":"https:\/\/api.w.org\/{rel}","templated":true}]}}