{"id":20396,"date":"2024-05-22T10:49:19","date_gmt":"2024-05-22T17:49:19","guid":{"rendered":"https:\/\/plg-pllc.com\/?p=20396"},"modified":"2026-04-15T17:13:05","modified_gmt":"2026-04-16T00:13:05","slug":"should-lane-splitting-legal-washington","status":"publish","type":"page","link":"https:\/\/plg-pllc.com\/es\/faqs\/should-lane-splitting-be-legal-in-washington\/","title":{"rendered":"\u00bfDeber\u00eda ser legal dividir carriles en Washington?"},"content":{"rendered":"<p>Las motocicletas ofrecen una libertad incomparable en la carretera que no se puede obtener con otros tipos de veh\u00edculos a motor, como autom\u00f3viles o camiones. Esta libertad es uno de los principales atractivos de conducir una motocicleta. Sin embargo, tambi\u00e9n puede dar lugar a algunas pr\u00e1cticas de conducci\u00f3n legalmente cuestionables.<\/p>\r\n\r\n\r\n\r\n<p>Un problema com\u00fan relacionado con las motocicletas en el estado de Washington es la pr\u00e1ctica de \u201cdividir carriles\u201d. Estrictamente hablando, dividir carriles es ilegal en Washington. Un motociclista lesionado en un accidente puede ser considerado parcialmente o principalmente responsable si estaba dividiendo carriles cuando ocurri\u00f3 una colisi\u00f3n. Un abogado de Seattle especializado en<a href=\"https:\/\/plg-pllc.com\/washington\/motorcycle-accident-lawyer\/\"> servicios legales para accidentes de motocicleta<\/a> Puede asesorarle m\u00e1s sobre la legislaci\u00f3n en esta \u00e1rea.<\/p>\r\n\r\n\r\n\r\n<h2 id=\"h-what-is-lane-splitting\" class=\"wp-block-heading\"><strong>\u00bfQu\u00e9 es \u201cDivisi\u00f3n de carril\u201d?<\/strong><\/h2>\r\n\r\n\r\n\r\n<p>La divisi\u00f3n de carriles se aplica a una motocicleta que circula por una v\u00eda p\u00fablica con dos o m\u00e1s carriles marcados. En t\u00e9rminos simples, &quot;dividir&quot; un carril significa que la motocicleta circula entre los dos carriles. Esto a veces se llama &quot;l\u00ednea blanca&quot;, ya que la divisi\u00f3n de carriles a menudo significa que el motociclista est\u00e1 en la l\u00ednea blanca que separa los dos carriles. Tambi\u00e9n puede escuchar el t\u00e9rmino &quot;filtrado de carriles&quot; aplicado a situaciones espec\u00edficas. T\u00e9cnicamente, el filtrado de carriles es cuando un conductor de motocicleta zigzaguea entre los carriles de tr\u00e1fico.<\/p>\r\n\r\n\r\n\r\n<h3 id=\"h-why-does-lane-splitting-occur\" class=\"wp-block-heading\"><strong>\u00bfPor qu\u00e9 se produce la divisi\u00f3n de carriles?<\/strong><\/h3>\r\n\r\n\r\n\r\n<p>Dividir carriles es una pr\u00e1ctica controvertida entre los motociclistas. Incluso muchos motociclistas experimentados la consideran imprudente y peligrosa. Sin embargo, sus defensores argumentan que promueve una conducci\u00f3n m\u00e1s segura de las motocicletas.<\/p>\r\n\r\n\r\n\r\n<p>Los defensores argumentan que la divisi\u00f3n de carriles ayuda a los motociclistas a circular con seguridad por los atascos de tr\u00e1fico cuando se practica de forma segura. En concreto, ayuda a evitar una situaci\u00f3n en la que un motociclista puede ser chocado por detr\u00e1s por un conductor que circula muy cerca de \u00e9l. Adem\u00e1s, muchos motores de motocicletas simplemente no pueden soportar las constantes paradas y arranques que suelen verse durante los atascos de tr\u00e1fico. El argumento es que permitir que una motocicleta circule con m\u00e1s libertad mediante la divisi\u00f3n de carriles hace que el motor tenga menos probabilidades de averiarse mientras sigue en la carretera.<\/p>\r\n\r\n\r\n\r\n<h2 id=\"h-lane-splitting-and-the-law-in-washington-state\" class=\"wp-block-heading\"><strong>Divisi\u00f3n de carriles y la ley en el estado de Washington<\/strong><\/h2>\r\n\r\n\r\n\r\n<p>A pesar de los beneficios que sugieren los defensores de la divisi\u00f3n de carriles, actualmente esta pr\u00e1ctica solo es legal en un solo estado, California. La mayor\u00eda de los estados, incluido Washington, proh\u00edben expresamente la divisi\u00f3n de carriles (algunos permiten el filtrado de carriles). <a href=\"https:\/\/app.leg.wa.gov\/rcw\/default.aspx?cite=46.61.608\">Ley de Ordenanzas Comunes 46.61.608<\/a> establece que \u201cninguna persona podr\u00e1 operar una motocicleta entre carriles de tr\u00e1fico o l\u00edneas o filas de veh\u00edculos adyacentes\u201d.<\/p>\r\n\r\n\r\n\r\n<p>En 2016, el <a href=\"https:\/\/apps.leg.wa.gov\/billsummary\/?BillNumber=5623&amp;Year=2015&amp;Initiative=false\">El Senado del estado de Washington consider\u00f3 la SB 5254<\/a>Este proyecto de ley habr\u00eda creado un programa piloto de tres a\u00f1os para permitir la divisi\u00f3n de carriles en condiciones similares a las de California. Por ejemplo, un motociclista podr\u00eda adelantar a un veh\u00edculo en el mismo carril o entre carriles de tr\u00e1fico siempre que viajara a 25 millas por hora y no m\u00e1s de 10 millas por hora m\u00e1s r\u00e1pido que el flujo del tr\u00e1fico.<\/p>\r\n\r\n\r\n\r\n<p>Si bien este proyecto de ley no se aprob\u00f3, la legislatura estatal adopt\u00f3 una reforma m\u00e1s limitada en 2019 que permite que una motocicleta pase dos o m\u00e1s carriles de tr\u00e1fico lento o estancado haciendo un adelantamiento por el carril m\u00e1s a la izquierda.<\/p>\r\n\r\n\r\n\r\n<h3 id=\"h-lane-splitting-and-comparative-negligence-in-washington-state\" class=\"wp-block-heading\"><strong>Divisi\u00f3n de carriles y negligencia comparativa en el estado de Washington<\/strong><\/h3>\r\n\r\n\r\n\r\n<p>En cualquier accidente que involucre una motocicleta y un veh\u00edculo de motor m\u00e1s grande, el conductor o pasajero de la motocicleta tiene muchas m\u00e1s probabilidades de sufrir lesiones fatales o graves que las personas que viajan en un autom\u00f3vil o cami\u00f3n. Esto se debe a la falta casi total de protecci\u00f3n que se le brinda al motociclista. Incluso si lleva casco y protectores de seguridad, no hay nada que lo proteja de la carretera abierta si sale despedido de su motocicleta.<\/p>\r\n\r\n\r\n\r\n<p>Por lo tanto, no es raro que las v\u00edctimas de accidentes de motocicleta (o sus familias, si las lesiones resultaron fatales) presenten una demanda por lesiones personales contra el conductor negligente que caus\u00f3 el accidente. Por supuesto, su primer paso siempre debe ser<a href=\"https:\/\/plg-pllc.com\/contact-us\/\"> Comun\u00edquese con abogados especializados en accidentes de motocicleta que prestan servicios en Seattle, Bellevue, Federal Way y Renton<\/a>Una de las primeras preguntas que probablemente le haga un abogado es si la v\u00edctima estaba dividiendo el carril cuando o justo antes de que ocurriera el accidente.<\/p>\r\n\r\n\r\n\r\n<p>Esta es una pregunta cr\u00edtica debido a las leyes de negligencia comparativa de Washington. En cualquier caso de lesiones personales, el juez o jurado debe decidir qui\u00e9n tuvo la culpa legal del accidente subyacente. El demandado a menudo intenta trasladar la culpa al demandante o a un tercero. Luego, el juez debe analizar las pruebas y determinar la culpa en consecuencia.<\/p>\r\n\r\n\r\n\r\n<p>Por lo tanto, en el caso de un accidente de motocicleta, si la defensa puede demostrar que el demandante se dividi\u00f3 en dos carriles, eso puede mitigar parte (o posiblemente toda) de la responsabilidad legal del demandante por el accidente. Lo contrario tambi\u00e9n es v\u00e1lido. Supongamos que el demandante es un automovilista que alega haber sufrido lesiones debido a un motociclista imprudente que se dividi\u00f3 en dos carriles de forma ilegal. Esa puede ser prueba suficiente para establecer la responsabilidad del motociclista en ese caso.<\/p>\r\n\r\n\r\n\r\n<p>Dicho esto, el hecho de que se haya producido un cambio de carril no implica que el motociclista sea autom\u00e1ticamente 100% responsable. El otro conductor puede haber tenido un comportamiento imprudente o negligente que haya contribuido al accidente. Y la negligencia comparativa en Washington no es una cuesti\u00f3n de \u201ctodo o nada\u201d. Todo lo contrario. Washington es uno de los pocos estados que sigue una regla de culpa comparativa \u201cpura\u201d. No hay un umbral por debajo del cual el demandante deba caer para cobrar una compensaci\u00f3n econ\u00f3mica de un demandado negligente. En teor\u00eda, un demandante podr\u00eda tener un 99% de culpa en un accidente de motocicleta, y el demandado a\u00fan tiene que pagar el 1% restante de los da\u00f1os.<\/p>\r\n\r\n\r\n\r\n<h2 id=\"h-contact-a-seattle-motorcycle-accident-lawyer-today\" class=\"wp-block-heading\"><strong>Comun\u00edquese hoy con un abogado especializado en accidentes de motocicleta en Seattle<\/strong><\/h2>\r\n\r\n\r\n\r\n<p>Los motociclistas suelen ser objeto de cr\u00edticas por ser imprudentes e irresponsables. Sin embargo, estad\u00edsticamente hablando, m\u00e1s accidentes son causados por personas que conducen autom\u00f3viles y camiones que por personas que conducen motocicletas. Por lo tanto, si usted o alguien que le importa ha resultado gravemente herido mientras conduc\u00eda su motocicleta, lo mejor es buscar asesoramiento legal competente lo antes posible. Los abogados de accidentes de motocicleta de Washington de Premier Law Group est\u00e1n aqu\u00ed para ayudar.<a href=\"https:\/\/plg-pllc.com\/contact-us\/\"> Ll\u00e1manos<\/a> hoy al (206) 285-1743 para programar una consulta gratuita.<\/p>\r\n\n        <div class=\"rs-content-cta\">\n            <p>Llamar o enviar mensaje de texto <a href=\"tel:+12062851743\">(206) 285-1743<\/a> o complete un formulario de evaluaci\u00f3n de caso gratuito<\/p>\n            <a href=\"https:\/\/plg-pllc.com\/es\/contact-us\/\" title=\"OBTENGA UNA EVALUACI\u00d3N DE CASO GRATUITA\" class=\"btn-global\">OBTENGA UNA EVALUACI\u00d3N DE CASO GRATUITA<\/a>\n                    <picture>\n                            <source srcset=\"https:\/\/plg-pllc.com\/wp-content\/themes\/plg-pllc-redesign\/assets\/app\/img\/cta-thumb.webp\" type=\"image\/webp\"\/>\n                            <img src=\"https:\/\/plg-pllc.com\/wp-content\/themes\/plg-pllc-redesign\/assets\/app\/img\/cta-thumb.png\" alt=\"Grupo de abogados Premier\" title=\"Grupo de abogados Premier\" width=\"245\" height=\"220\" loading=\"auto\" fetchpriority=\"auto\" decoding=\"async\"\/>\n        <\/picture>\n        \n        <\/div>","protected":false},"excerpt":{"rendered":"<p>Las motocicletas ofrecen una libertad incomparable en la carretera que no se puede obtener con otros tipos de veh\u00edculos motorizados, como autom\u00f3viles o camiones. Esta libertad es uno de los principales atractivos de conducir una motocicleta. Sin embargo, tambi\u00e9n puede dar lugar a algunas pr\u00e1cticas de conducci\u00f3n legalmente cuestionables. Un problema com\u00fan relacionado con las motocicletas en el estado de Washington es el\u2026<\/p>","protected":false},"author":10,"featured_media":0,"parent":20714,"menu_order":0,"comment_status":"closed","ping_status":"closed","template":"","meta":{"_acf_changed":false,"_genesis_hide_title":false,"_genesis_hide_breadcrumbs":false,"_genesis_hide_singular_image":false,"_genesis_hide_footer_widgets":false,"_genesis_custom_body_class":"","_genesis_custom_post_class":"","_genesis_layout":"","footnotes":""},"hc_faqs":[10344],"class_list":{"0":"post-20396","1":"page","2":"type-page","3":"status-publish","5":"hc_faqs-car-accident","6":"entry"},"acf":[],"yoast_head":"<!-- This site is optimized with the Yoast SEO plugin v27.4 - https:\/\/yoast.com\/product\/yoast-seo-wordpress\/ -->\n<title>Should Lane Splitting Be Legal in Washington?<\/title>\n<meta name=\"description\" content=\"Should Lane Splitting Be Legal in Washington?: Premier Law Group helps you unlock the full compensation you deserve. No Fee Unless We Win.\" \/>\n<meta name=\"robots\" content=\"index, follow, max-snippet:-1, max-image-preview:large, max-video-preview:-1\" \/>\n<link rel=\"canonical\" href=\"https:\/\/plg-pllc.com\/es\/faqs\/should-lane-splitting-be-legal-in-washington\/\" \/>\n<meta property=\"og:locale\" content=\"es_MX\" \/>\n<meta property=\"og:type\" content=\"article\" \/>\n<meta property=\"og:title\" content=\"Should Lane Splitting Be Legal in Washington?\" \/>\n<meta property=\"og:description\" content=\"Should Lane Splitting Be Legal in Washington?: Premier Law Group helps you unlock the full compensation you deserve. No Fee Unless We Win.\" \/>\n<meta property=\"og:url\" content=\"https:\/\/plg-pllc.com\/es\/faqs\/should-lane-splitting-be-legal-in-washington\/\" \/>\n<meta property=\"og:site_name\" content=\"Premier Law Group\" \/>\n<meta property=\"article:publisher\" content=\"https:\/\/www.facebook.com\/premierlawgroup\" \/>\n<meta property=\"article:modified_time\" content=\"2026-04-16T00:13:05+00:00\" \/>\n<meta name=\"twitter:card\" content=\"summary_large_image\" \/>\n<meta name=\"twitter:site\" content=\"@premierlawgroup\" \/>\n<meta name=\"twitter:label1\" content=\"Tiempo de lectura\" \/>\n\t<meta name=\"twitter:data1\" content=\"5 minutos\" \/>\n<script type=\"application\/ld+json\" class=\"yoast-schema-graph\">{\"@context\":\"https:\\\/\\\/schema.org\",\"@graph\":[{\"@type\":\"WebPage\",\"@id\":\"https:\\\/\\\/plg-pllc.com\\\/faqs\\\/should-lane-splitting-be-legal-in-washington\\\/\",\"url\":\"https:\\\/\\\/plg-pllc.com\\\/faqs\\\/should-lane-splitting-be-legal-in-washington\\\/\",\"name\":\"Should Lane Splitting Be Legal in Washington?\",\"isPartOf\":{\"@id\":\"https:\\\/\\\/plg-pllc.com\\\/#website\"},\"datePublished\":\"2024-05-22T17:49:19+00:00\",\"dateModified\":\"2026-04-16T00:13:05+00:00\",\"description\":\"Should Lane Splitting Be Legal in Washington?: Premier Law Group helps you unlock the full compensation you deserve. No Fee Unless We Win.\",\"breadcrumb\":{\"@id\":\"https:\\\/\\\/plg-pllc.com\\\/faqs\\\/should-lane-splitting-be-legal-in-washington\\\/#breadcrumb\"},\"inLanguage\":\"es\",\"potentialAction\":[{\"@type\":\"ReadAction\",\"target\":[\"https:\\\/\\\/plg-pllc.com\\\/faqs\\\/should-lane-splitting-be-legal-in-washington\\\/\"]}]},{\"@type\":\"BreadcrumbList\",\"@id\":\"https:\\\/\\\/plg-pllc.com\\\/faqs\\\/should-lane-splitting-be-legal-in-washington\\\/#breadcrumb\",\"itemListElement\":[{\"@type\":\"ListItem\",\"position\":1,\"name\":\"Home\",\"item\":\"https:\\\/\\\/plg-pllc.com\\\/es\\\/\"},{\"@type\":\"ListItem\",\"position\":2,\"name\":\"FAQs\",\"item\":\"https:\\\/\\\/plg-pllc.com\\\/es\\\/faqs\\\/\"},{\"@type\":\"ListItem\",\"position\":3,\"name\":\"Should Lane Splitting Be Legal in Washington?\"}]},{\"@type\":\"WebSite\",\"@id\":\"https:\\\/\\\/plg-pllc.com\\\/#website\",\"url\":\"https:\\\/\\\/plg-pllc.com\\\/\",\"name\":\"Premier Law Group\",\"description\":\"Washington Wrongful Death and Serious Injury Lawyer\",\"publisher\":{\"@id\":\"https:\\\/\\\/plg-pllc.com\\\/#organization\"},\"inLanguage\":\"es\"},{\"@type\":\"Organization\",\"@id\":\"https:\\\/\\\/plg-pllc.com\\\/#organization\",\"name\":\"Premier Law Group\",\"url\":\"https:\\\/\\\/plg-pllc.com\\\/\",\"logo\":{\"@type\":\"ImageObject\",\"inLanguage\":\"es\",\"@id\":\"https:\\\/\\\/plg-pllc.com\\\/#\\\/schema\\\/logo\\\/image\\\/\",\"url\":\"https:\\\/\\\/plg-pllc.com\\\/wp-content\\\/uploads\\\/2020\\\/10\\\/plg-logo-v2.gif\",\"contentUrl\":\"https:\\\/\\\/plg-pllc.com\\\/wp-content\\\/uploads\\\/2020\\\/10\\\/plg-logo-v2.gif\",\"width\":592,\"height\":191,\"caption\":\"Premier Law Group\"},\"image\":{\"@id\":\"https:\\\/\\\/plg-pllc.com\\\/#\\\/schema\\\/logo\\\/image\\\/\"},\"sameAs\":[\"https:\\\/\\\/www.facebook.com\\\/premierlawgroup\",\"https:\\\/\\\/x.com\\\/premierlawgroup\"]}]}<\/script>\n<!-- \/ Yoast SEO plugin. -->","yoast_head_json":{"title":"\u00bfDeber\u00eda ser legal dividir carriles en Washington?","description":"\u00bfDeber\u00eda ser legal dividir carriles en Washington?: Premier Law Group lo ayuda a obtener la compensaci\u00f3n total que merece. Sin cargo a menos que ganemos.","robots":{"index":"index","follow":"follow","max-snippet":"max-snippet:-1","max-image-preview":"max-image-preview:large","max-video-preview":"max-video-preview:-1"},"canonical":"https:\/\/plg-pllc.com\/es\/faqs\/should-lane-splitting-be-legal-in-washington\/","og_locale":"es_MX","og_type":"article","og_title":"Should Lane Splitting Be Legal in Washington?","og_description":"Should Lane Splitting Be Legal in Washington?: Premier Law Group helps you unlock the full compensation you deserve. No Fee Unless We Win.","og_url":"https:\/\/plg-pllc.com\/es\/faqs\/should-lane-splitting-be-legal-in-washington\/","og_site_name":"Premier Law Group","article_publisher":"https:\/\/www.facebook.com\/premierlawgroup","article_modified_time":"2026-04-16T00:13:05+00:00","twitter_card":"summary_large_image","twitter_site":"@premierlawgroup","twitter_misc":{"Tiempo de lectura":"5 minutos"},"schema":{"@context":"https:\/\/schema.org","@graph":[{"@type":"WebPage","@id":"https:\/\/plg-pllc.com\/faqs\/should-lane-splitting-be-legal-in-washington\/","url":"https:\/\/plg-pllc.com\/faqs\/should-lane-splitting-be-legal-in-washington\/","name":"\u00bfDeber\u00eda ser legal dividir carriles en Washington?","isPartOf":{"@id":"https:\/\/plg-pllc.com\/#website"},"datePublished":"2024-05-22T17:49:19+00:00","dateModified":"2026-04-16T00:13:05+00:00","description":"\u00bfDeber\u00eda ser legal dividir carriles en Washington?: Premier Law Group lo ayuda a obtener la compensaci\u00f3n total que merece. Sin cargo a menos que ganemos.","breadcrumb":{"@id":"https:\/\/plg-pllc.com\/faqs\/should-lane-splitting-be-legal-in-washington\/#breadcrumb"},"inLanguage":"es","potentialAction":[{"@type":"ReadAction","target":["https:\/\/plg-pllc.com\/faqs\/should-lane-splitting-be-legal-in-washington\/"]}]},{"@type":"BreadcrumbList","@id":"https:\/\/plg-pllc.com\/faqs\/should-lane-splitting-be-legal-in-washington\/#breadcrumb","itemListElement":[{"@type":"ListItem","position":1,"name":"Home","item":"https:\/\/plg-pllc.com\/es\/"},{"@type":"ListItem","position":2,"name":"FAQs","item":"https:\/\/plg-pllc.com\/es\/faqs\/"},{"@type":"ListItem","position":3,"name":"Should Lane Splitting Be Legal in Washington?"}]},{"@type":"WebSite","@id":"https:\/\/plg-pllc.com\/#website","url":"https:\/\/plg-pllc.com\/","name":"Grupo de abogados Premier","description":"Abogado de muerte por negligencia y lesiones graves en Washington","publisher":{"@id":"https:\/\/plg-pllc.com\/#organization"},"inLanguage":"es"},{"@type":"Organization","@id":"https:\/\/plg-pllc.com\/#organization","name":"Grupo de abogados Premier","url":"https:\/\/plg-pllc.com\/","logo":{"@type":"ImageObject","inLanguage":"es","@id":"https:\/\/plg-pllc.com\/#\/schema\/logo\/image\/","url":"https:\/\/plg-pllc.com\/wp-content\/uploads\/2020\/10\/plg-logo-v2.gif","contentUrl":"https:\/\/plg-pllc.com\/wp-content\/uploads\/2020\/10\/plg-logo-v2.gif","width":592,"height":191,"caption":"Premier Law Group"},"image":{"@id":"https:\/\/plg-pllc.com\/#\/schema\/logo\/image\/"},"sameAs":["https:\/\/www.facebook.com\/premierlawgroup","https:\/\/x.com\/premierlawgroup"]}]}},"_links":{"self":[{"href":"https:\/\/plg-pllc.com\/es\/wp-json\/wp\/v2\/pages\/20396","targetHints":{"allow":["GET"]}}],"collection":[{"href":"https:\/\/plg-pllc.com\/es\/wp-json\/wp\/v2\/pages"}],"about":[{"href":"https:\/\/plg-pllc.com\/es\/wp-json\/wp\/v2\/types\/page"}],"author":[{"embeddable":true,"href":"https:\/\/plg-pllc.com\/es\/wp-json\/wp\/v2\/users\/10"}],"replies":[{"embeddable":true,"href":"https:\/\/plg-pllc.com\/es\/wp-json\/wp\/v2\/comments?post=20396"}],"version-history":[{"count":0,"href":"https:\/\/plg-pllc.com\/es\/wp-json\/wp\/v2\/pages\/20396\/revisions"}],"up":[{"embeddable":true,"href":"https:\/\/plg-pllc.com\/es\/wp-json\/wp\/v2\/pages\/20714"}],"wp:attachment":[{"href":"https:\/\/plg-pllc.com\/es\/wp-json\/wp\/v2\/media?parent=20396"}],"wp:term":[{"taxonomy":"hc_faqs","embeddable":true,"href":"https:\/\/plg-pllc.com\/es\/wp-json\/wp\/v2\/hc_faqs?post=20396"}],"curies":[{"name":"gracias","href":"https:\/\/api.w.org\/{rel}","templated":true}]}}