{"id":20406,"date":"2024-06-10T08:00:00","date_gmt":"2024-06-10T15:00:00","guid":{"rendered":"https:\/\/plg-pllc.com\/?p=20406"},"modified":"2024-10-15T19:06:19","modified_gmt":"2024-10-16T02:06:19","slug":"liable-private-property-washington","status":"publish","type":"page","link":"https:\/\/plg-pllc.com\/es\/faqs\/who-is-liable-for-a-car-accident-on-private-property\/","title":{"rendered":"\u00bfQui\u00e9n es responsable de un accidente automovil\u00edstico en una propiedad privada en el estado de Washington?"},"content":{"rendered":"<p>Muchos accidentes ocurren en propiedades privadas, incluidas las entradas de veh\u00edculos y los estacionamientos. En muchos sentidos, estos accidentes no son diferentes a las colisiones en la carretera. Un automovilista es responsable si no conduce con el debido cuidado, lo que se denomina negligencia, y si lesiona a otra persona en un choque. Debido a que Washington es un estado tradicionalmente \u201cculpable\u201d, cualquier v\u00edctima de un accidente automovil\u00edstico puede presentar una reclamaci\u00f3n por lesiones personales sobre la cobertura de responsabilidad del automovilista culpable.<\/p>\r\n\r\n\r\n\r\n<p>Cuando se producen colisiones en propiedades privadas, surgen algunas cuestiones particulares, especialmente si un defecto de la propiedad contribuy\u00f3 al accidente. Muchas personas se accidentan debido a baches o a una seguridad inadecuada.<a href=\"https:\/\/plg-pllc.com\/washington\/car-accident-lawyer\/\"> Abogado de accidentes de tr\u00e1fico en Washington<\/a> En Premier Law Group explicamos m\u00e1s en esta publicaci\u00f3n.<\/p>\r\n\r\n\r\n\r\n<h2 id=\"h-when-is-a-motorist-to-blame\" class=\"wp-block-heading\"><strong>\u00bfCu\u00e1ndo es culpable el automovilista?<\/strong><\/h2>\r\n\r\n\r\n\r\n<p>Muchos accidentes en propiedades privadas se deben a la negligencia de un conductor. Por ejemplo:<\/p>\r\n\r\n\r\n\r\n<ul class=\"wp-block-list\">\r\n<li>Un automovilista en un estacionamiento est\u00e1 leyendo un mensaje de texto y choca contra un autom\u00f3vil que est\u00e1 delante de \u00e9l.<\/li>\r\n\r\n\r\n\r\n<li>Un conductor imprudente conduce por un estacionamiento, choca contra un veh\u00edculo y sale del lugar de estacionamiento.<\/li>\r\n\r\n\r\n\r\n<li>Un conductor descuidado sale marcha atr\u00e1s de un lugar de estacionamiento sin mirar por el espejo y se coloca directamente delante de otro autom\u00f3vil.<\/li>\r\n\r\n\r\n\r\n<li>Un conductor distra\u00eddo se detiene en un estacionamiento y choca contra un autom\u00f3vil estacionado.<\/li>\r\n<\/ul>\r\n\r\n\r\n\r\n<p>Estos accidentes son similares a las colisiones en la carretera, aunque normalmente ocurren a menor velocidad. No obstante, son molestos y costosos. Es posible que necesites reparaciones del coche y tengas que pagar facturas m\u00e9dicas.<\/p>\r\n\r\n\r\n\r\n<h2 id=\"h-did-a-property-defect-contribute-to-the-accident\" class=\"wp-block-heading\"><strong>\u00bfUn defecto de propiedad contribuy\u00f3 al accidente?<\/strong><\/h2>\r\n\r\n\r\n\r\n<p>Algunos accidentes de tr\u00e1fico se deben a un defecto de la propiedad. Por ejemplo, un aparcamiento puede tener un bache gigante en el suelo. Cuando un conductor pasa por el bache, el veh\u00edculo sale despedido hacia la izquierda y choca contra un coche que circula en direcci\u00f3n contraria.<\/p>\r\n\r\n\r\n\r\n<p>En este caso, el bache contribuy\u00f3 al accidente y el propietario del aparcamiento es responsable de ello. Ser\u00eda necesario negociar una indemnizaci\u00f3n con el propietario del inmueble.<\/p>\r\n\r\n\r\n\r\n<p>Existen otras situaciones en las que los defectos de propiedad provocan accidentes:<\/p>\r\n\r\n\r\n\r\n<ul class=\"wp-block-list\">\r\n<li>Un seto sin podar al final de un camino de entrada podr\u00eda oscurecer su vista y provocar una colisi\u00f3n al salir.<\/li>\r\n\r\n\r\n\r\n<li>Debido a la falta de vallas alrededor de un estacionamiento, los animales o ni\u00f1os peque\u00f1os deambulan delante de los automovilistas, sorprendi\u00e9ndolos y provocando un accidente.<\/li>\r\n\r\n\r\n\r\n<li>La acumulaci\u00f3n de hielo en una entrada o en un estacionamiento podr\u00eda provocar que un veh\u00edculo patine y provoque un accidente.<\/li>\r\n<\/ul>\r\n\r\n\r\n\r\n<h3 id=\"h-when-is-a-property-owner-responsible-for-a-defect\" class=\"wp-block-heading\"><strong>\u00bfCu\u00e1ndo es responsable el propietario de un inmueble por un defecto?<\/strong><\/h3>\r\n\r\n\r\n\r\n<p>Los accidentes en la propiedad privada suelen ocurrir en:<\/p>\r\n\r\n\r\n\r\n<ul class=\"wp-block-list\">\r\n<li>Caminos de acceso<\/li>\r\n\r\n\r\n\r\n<li>Estacionamientos<\/li>\r\n\r\n\r\n\r\n<li>Estacionamientos en garajes<\/li>\r\n\r\n\r\n\r\n<li>Caminos en las comunidades de propietarios<\/li>\r\n<\/ul>\r\n\r\n\r\n\r\n<p>Se trata de lugares privados en los que los propietarios tienen el deber de cuidar a los visitantes. Una pregunta clave es por qu\u00e9 estaba en la propiedad. Si es un cliente comercial, debe esperar que el propietario arregle o advierta sobre los defectos. Por ejemplo, el propietario de un estacionamiento debe revisar peri\u00f3dicamente si hay baches y repararlos o al menos colocar caballetes alrededor de ellos.<\/p>\r\n\r\n\r\n\r\n<p>Por el contrario, si ha invadido ilegalmente una v\u00eda privada, tendr\u00e1 muchos menos derechos. De hecho, ser\u00e1 dif\u00edcil que tenga \u00e9xito en una demanda judicial cuando haya invadido una v\u00eda privada. Los propietarios de propiedades no suelen tener el deber de cuidar a los intrusos.<\/p>\r\n\r\n\r\n\r\n<h3 id=\"h-what-to-do-after-an-accident-on-private-property\" class=\"wp-block-heading\"><strong>Qu\u00e9 hacer despu\u00e9s de un accidente en una propiedad privada<\/strong><\/h3>\r\n\r\n\r\n\r\n<p>Debes detenerte inmediatamente, tal como lo har\u00edas en la v\u00eda p\u00fablica. Esta obligaci\u00f3n legal se aplica incluso en propiedades privadas.<\/p>\r\n\r\n\r\n\r\n<p>Debes obtener una licencia de conducir, registro, seguro y datos personales, que debes compartir con el otro conductor.<\/p>\r\n\r\n\r\n\r\n<p>Si cree que un defecto en la propiedad caus\u00f3 el accidente, haga lo siguiente:<\/p>\r\n\r\n\r\n\r\n<ul class=\"wp-block-list\">\r\n<li>Tome una fotograf\u00eda del peligro, preferiblemente varias, para demostrar que exist\u00eda. El hielo se derretir\u00e1 y el propietario podr\u00eda podar un seto o rellenar un bache. Regrese al lugar r\u00e1pidamente si no tiene su tel\u00e9fono. Es fundamental tomar fotograf\u00edas antes de que se solucione el peligro.<\/li>\r\n\r\n\r\n\r\n<li>Hable con los testigos. Ellos pueden brindar testimonio sobre el peligro.<\/li>\r\n\r\n\r\n\r\n<li>Obt\u00e9n informaci\u00f3n del propietario de la propiedad. A veces, no es f\u00e1cil saber qui\u00e9n es el propietario de la propiedad. Por ejemplo, es posible que un estacionamiento no sea propiedad de las tiendas cercanas, sino de una empresa de administraci\u00f3n de propiedades. Busca un cartel que indique qui\u00e9n es el propietario de la propiedad.<\/li>\r\n\r\n\r\n\r\n<li>Reporte el accidente a la polic\u00eda. La ley de Washington exige que se informe, incluso si el accidente automovil\u00edstico ocurri\u00f3 en una propiedad privada.<\/li>\r\n\r\n\r\n\r\n<li>Acuda al hospital para recibir tratamiento m\u00e9dico. Muchas personas sufren pinzamientos de nervios, latigazos cervicales y conmociones cerebrales en accidentes a baja velocidad. Recuerde seguir su plan de tratamiento.<\/li>\r\n<\/ul>\r\n\r\n\r\n\r\n<p>Llamar<a href=\"https:\/\/plg-pllc.com\/\"> Grupo de abogados Premier<\/a>Hablaremos sobre lo sucedido y analizaremos sus derechos legales. Si lo contratan, podemos negociar un acuerdo.<\/p>\r\n\r\n\r\n\r\n<h3 id=\"h-compensation-for-a-car-accident-on-private-property\" class=\"wp-block-heading\"><strong>Compensaci\u00f3n por accidente de tr\u00e1fico en propiedad privada<\/strong><\/h3>\r\n\r\n\r\n\r\n<p>En la mayor\u00eda de los accidentes automovil\u00edsticos, presentamos una reclamaci\u00f3n al seguro del acusado. Washington exige que los conductores tengan un seguro de responsabilidad civil para que la p\u00f3liza entre en vigencia si un conductor descuidado lo choca.<\/p>\r\n\r\n\r\n\r\n<p>En el caso de los defectos de propiedad, la pregunta es si el propietario tiene alg\u00fan tipo de seguro. Una empresa deber\u00eda tenerlo. Un aparcamiento deber\u00eda tener una p\u00f3liza de responsabilidad civil que cubra los accidentes que se produzcan en el garaje. Lo mismo ocurre con las empresas propietarias de aparcamientos.<\/p>\r\n\r\n\r\n\r\n<p>Un propietario particular tambi\u00e9n puede tener una p\u00f3liza de seguro de vivienda. De esta forma, puede presentar una reclamaci\u00f3n ante ellos si hay un bache en la entrada. Muchos bancos exigen este seguro si el propietario tiene una hipoteca.<\/p>\r\n\r\n\r\n\r\n<p>Lamentablemente, no todos los propietarios de viviendas cuentan con este seguro y es posible que no exista ninguna p\u00f3liza que entre en juego. Como su abogado, debemos investigar si el acusado tiene una p\u00f3liza general u otros activos para pagar un acuerdo.<\/p>\r\n\r\n\r\n\r\n<h2 id=\"h-speak-with-a-car-accident-lawyer\" class=\"wp-block-heading\"><strong>Hable con un abogado especializado en accidentes automovil\u00edsticos<\/strong><\/h2>\r\n\r\n\r\n\r\n<p>Premier Law Group es un bufete de abogados establecido que ha negociado muchos acuerdos para nuestros clientes.<a href=\"https:\/\/plg-pllc.com\/case-results\/\"> Nuestros resultados<\/a> para ver el nivel de habilidad que aportamos a cada caso que aceptamos. Nuestros abogados entienden la ley de Washington en torno a los accidentes automovil\u00edsticos, incluidas las leyes importantes relacionadas con la propiedad privada. Si nos contrata, puede estar seguro de que est\u00e1 contratando a un abogado altamente capacitado para negociar. Ll\u00e1menos para programar su consulta gratuita.<\/p>\r\n\n        <div class=\"rs-content-cta\">\n            <p>Llamar o enviar mensaje de texto <a href=\"tel:+12062851743\">(206) 285-1743<\/a> o complete un formulario de evaluaci\u00f3n de caso gratuito<\/p>\n            <a href=\"https:\/\/plg-pllc.com\/es\/contact-us\/\" title=\"OBTENGA UNA EVALUACI\u00d3N DE CASO GRATUITA\" class=\"btn-global\">OBTENGA UNA EVALUACI\u00d3N DE CASO GRATUITA<\/a>\n                    <picture>\n                            <source srcset=\"https:\/\/plg-pllc.com\/wp-content\/themes\/plg-pllc-redesign\/assets\/app\/img\/cta-thumb.webp\" type=\"image\/webp\"\/>\n                            <img src=\"https:\/\/plg-pllc.com\/wp-content\/themes\/plg-pllc-redesign\/assets\/app\/img\/cta-thumb.png\" alt=\"Grupo de abogados Premier\" title=\"Grupo de abogados Premier\" width=\"245\" height=\"220\" loading=\"auto\" fetchpriority=\"auto\" decoding=\"async\"\/>\n        <\/picture>\n        \n        <\/div>","protected":false},"excerpt":{"rendered":"<p>Muchos accidentes ocurren en propiedades privadas, incluidas las entradas de veh\u00edculos y los estacionamientos. En muchos sentidos, estos accidentes no son diferentes a las colisiones en la carretera abierta. Un automovilista es responsable si no conduce con el debido cuidado, lo que se denomina negligencia, y si lesiona a otra persona en un accidente. Debido a que Washington es un estado tradicional\u2026<\/p>","protected":false},"author":10,"featured_media":0,"parent":20714,"menu_order":0,"comment_status":"closed","ping_status":"closed","template":"","meta":{"_acf_changed":false,"_genesis_hide_title":false,"_genesis_hide_breadcrumbs":false,"_genesis_hide_singular_image":false,"_genesis_hide_footer_widgets":false,"_genesis_custom_body_class":"","_genesis_custom_post_class":"","_genesis_layout":"","footnotes":""},"hc_faqs":[10344],"class_list":{"0":"post-20406","1":"page","2":"type-page","3":"status-publish","5":"hc_faqs-car-accident","6":"entry"},"acf":[],"yoast_head":"<!-- This site is optimized with the Yoast SEO plugin v27.2 - https:\/\/yoast.com\/product\/yoast-seo-wordpress\/ -->\n<title>Who is Liable for a Car Accident On Private Property in Washington State?<\/title>\n<meta name=\"description\" content=\"Who is Liable for a Car Accident On Private Property in Washington State?: Premier Law Group helps you unlock the full compensation you deserve. No Fee Unless We Win.\" \/>\n<meta name=\"robots\" content=\"index, follow, max-snippet:-1, max-image-preview:large, max-video-preview:-1\" \/>\n<link rel=\"canonical\" href=\"https:\/\/plg-pllc.com\/es\/faqs\/who-is-liable-for-a-car-accident-on-private-property\/\" \/>\n<meta property=\"og:locale\" content=\"es_MX\" \/>\n<meta property=\"og:type\" content=\"article\" \/>\n<meta property=\"og:title\" content=\"Who is Liable for a Car Accident On Private Property in Washington State?\" \/>\n<meta property=\"og:description\" content=\"Who is Liable for a Car Accident On Private Property in Washington State?: Premier Law Group helps you unlock the full compensation you deserve. No Fee Unless We Win.\" \/>\n<meta property=\"og:url\" content=\"https:\/\/plg-pllc.com\/es\/faqs\/who-is-liable-for-a-car-accident-on-private-property\/\" \/>\n<meta property=\"og:site_name\" content=\"Premier Law Group\" \/>\n<meta property=\"article:publisher\" content=\"https:\/\/www.facebook.com\/premierlawgroup\" \/>\n<meta property=\"article:modified_time\" content=\"2024-10-16T02:06:19+00:00\" \/>\n<meta name=\"twitter:card\" content=\"summary_large_image\" \/>\n<meta name=\"twitter:site\" content=\"@premierlawgroup\" \/>\n<meta name=\"twitter:label1\" content=\"Tiempo de lectura\" \/>\n\t<meta name=\"twitter:data1\" content=\"5 minutos\" \/>\n<script type=\"application\/ld+json\" class=\"yoast-schema-graph\">{\"@context\":\"https:\/\/schema.org\",\"@graph\":[{\"@type\":\"WebPage\",\"@id\":\"https:\/\/plg-pllc.com\/faqs\/who-is-liable-for-a-car-accident-on-private-property\/\",\"url\":\"https:\/\/plg-pllc.com\/faqs\/who-is-liable-for-a-car-accident-on-private-property\/\",\"name\":\"Who is Liable for a Car Accident On Private Property in Washington State?\",\"isPartOf\":{\"@id\":\"https:\/\/plg-pllc.com\/#website\"},\"datePublished\":\"2024-06-10T15:00:00+00:00\",\"dateModified\":\"2024-10-16T02:06:19+00:00\",\"description\":\"Who is Liable for a Car Accident On Private Property in Washington State?: Premier Law Group helps you unlock the full compensation you deserve. No Fee Unless We Win.\",\"breadcrumb\":{\"@id\":\"https:\/\/plg-pllc.com\/faqs\/who-is-liable-for-a-car-accident-on-private-property\/#breadcrumb\"},\"inLanguage\":\"es\",\"potentialAction\":[{\"@type\":\"ReadAction\",\"target\":[\"https:\/\/plg-pllc.com\/faqs\/who-is-liable-for-a-car-accident-on-private-property\/\"]}]},{\"@type\":\"BreadcrumbList\",\"@id\":\"https:\/\/plg-pllc.com\/faqs\/who-is-liable-for-a-car-accident-on-private-property\/#breadcrumb\",\"itemListElement\":[{\"@type\":\"ListItem\",\"position\":1,\"name\":\"Home\",\"item\":\"https:\/\/plg-pllc.com\/es\/\"},{\"@type\":\"ListItem\",\"position\":2,\"name\":\"FAQs\",\"item\":\"https:\/\/plg-pllc.com\/es\/faqs\/\"},{\"@type\":\"ListItem\",\"position\":3,\"name\":\"Who is Liable for a Car Accident On Private Property in Washington State?\"}]},{\"@type\":\"WebSite\",\"@id\":\"https:\/\/plg-pllc.com\/#website\",\"url\":\"https:\/\/plg-pllc.com\/\",\"name\":\"Premier Law Group\",\"description\":\"Washington Wrongful Death and Serious Injury Lawyer\",\"publisher\":{\"@id\":\"https:\/\/plg-pllc.com\/#organization\"},\"inLanguage\":\"es\"},{\"@type\":\"Organization\",\"@id\":\"https:\/\/plg-pllc.com\/#organization\",\"name\":\"Premier Law Group\",\"url\":\"https:\/\/plg-pllc.com\/\",\"logo\":{\"@type\":\"ImageObject\",\"inLanguage\":\"es\",\"@id\":\"https:\/\/plg-pllc.com\/#\/schema\/logo\/image\/\",\"url\":\"https:\/\/plg-pllc.com\/wp-content\/uploads\/2020\/10\/plg-logo-v2.gif\",\"contentUrl\":\"https:\/\/plg-pllc.com\/wp-content\/uploads\/2020\/10\/plg-logo-v2.gif\",\"width\":592,\"height\":191,\"caption\":\"Premier Law Group\"},\"image\":{\"@id\":\"https:\/\/plg-pllc.com\/#\/schema\/logo\/image\/\"},\"sameAs\":[\"https:\/\/www.facebook.com\/premierlawgroup\",\"https:\/\/x.com\/premierlawgroup\"]}]}<\/script>\n<!-- \/ Yoast SEO plugin. -->","yoast_head_json":{"title":"\u00bfQui\u00e9n es responsable de un accidente automovil\u00edstico en una propiedad privada en el estado de Washington?","description":"\u00bfQui\u00e9n es responsable de un accidente de tr\u00e1fico en una propiedad privada en el estado de Washington?: Premier Law Group le ayuda a conseguir la indemnizaci\u00f3n total que merece. Sin honorarios a menos que ganemos.","robots":{"index":"index","follow":"follow","max-snippet":"max-snippet:-1","max-image-preview":"max-image-preview:large","max-video-preview":"max-video-preview:-1"},"canonical":"https:\/\/plg-pllc.com\/es\/faqs\/who-is-liable-for-a-car-accident-on-private-property\/","og_locale":"es_MX","og_type":"article","og_title":"Who is Liable for a Car Accident On Private Property in Washington State?","og_description":"Who is Liable for a Car Accident On Private Property in Washington State?: Premier Law Group helps you unlock the full compensation you deserve. No Fee Unless We Win.","og_url":"https:\/\/plg-pllc.com\/es\/faqs\/who-is-liable-for-a-car-accident-on-private-property\/","og_site_name":"Premier Law Group","article_publisher":"https:\/\/www.facebook.com\/premierlawgroup","article_modified_time":"2024-10-16T02:06:19+00:00","twitter_card":"summary_large_image","twitter_site":"@premierlawgroup","twitter_misc":{"Tiempo de lectura":"5 minutos"},"schema":{"@context":"https:\/\/schema.org","@graph":[{"@type":"WebPage","@id":"https:\/\/plg-pllc.com\/faqs\/who-is-liable-for-a-car-accident-on-private-property\/","url":"https:\/\/plg-pllc.com\/faqs\/who-is-liable-for-a-car-accident-on-private-property\/","name":"\u00bfQui\u00e9n es responsable de un accidente automovil\u00edstico en una propiedad privada en el estado de Washington?","isPartOf":{"@id":"https:\/\/plg-pllc.com\/#website"},"datePublished":"2024-06-10T15:00:00+00:00","dateModified":"2024-10-16T02:06:19+00:00","description":"\u00bfQui\u00e9n es responsable de un accidente de tr\u00e1fico en una propiedad privada en el estado de Washington?: Premier Law Group le ayuda a conseguir la indemnizaci\u00f3n total que merece. Sin honorarios a menos que ganemos.","breadcrumb":{"@id":"https:\/\/plg-pllc.com\/faqs\/who-is-liable-for-a-car-accident-on-private-property\/#breadcrumb"},"inLanguage":"es","potentialAction":[{"@type":"ReadAction","target":["https:\/\/plg-pllc.com\/faqs\/who-is-liable-for-a-car-accident-on-private-property\/"]}]},{"@type":"BreadcrumbList","@id":"https:\/\/plg-pllc.com\/faqs\/who-is-liable-for-a-car-accident-on-private-property\/#breadcrumb","itemListElement":[{"@type":"ListItem","position":1,"name":"Home","item":"https:\/\/plg-pllc.com\/es\/"},{"@type":"ListItem","position":2,"name":"FAQs","item":"https:\/\/plg-pllc.com\/es\/faqs\/"},{"@type":"ListItem","position":3,"name":"Who is Liable for a Car Accident On Private Property in Washington State?"}]},{"@type":"WebSite","@id":"https:\/\/plg-pllc.com\/#website","url":"https:\/\/plg-pllc.com\/","name":"Grupo de abogados Premier","description":"Abogado de muerte por negligencia y lesiones graves en Washington","publisher":{"@id":"https:\/\/plg-pllc.com\/#organization"},"inLanguage":"es"},{"@type":"Organization","@id":"https:\/\/plg-pllc.com\/#organization","name":"Grupo de abogados Premier","url":"https:\/\/plg-pllc.com\/","logo":{"@type":"ImageObject","inLanguage":"es","@id":"https:\/\/plg-pllc.com\/#\/schema\/logo\/image\/","url":"https:\/\/plg-pllc.com\/wp-content\/uploads\/2020\/10\/plg-logo-v2.gif","contentUrl":"https:\/\/plg-pllc.com\/wp-content\/uploads\/2020\/10\/plg-logo-v2.gif","width":592,"height":191,"caption":"Premier Law Group"},"image":{"@id":"https:\/\/plg-pllc.com\/#\/schema\/logo\/image\/"},"sameAs":["https:\/\/www.facebook.com\/premierlawgroup","https:\/\/x.com\/premierlawgroup"]}]}},"_links":{"self":[{"href":"https:\/\/plg-pllc.com\/es\/wp-json\/wp\/v2\/pages\/20406","targetHints":{"allow":["GET"]}}],"collection":[{"href":"https:\/\/plg-pllc.com\/es\/wp-json\/wp\/v2\/pages"}],"about":[{"href":"https:\/\/plg-pllc.com\/es\/wp-json\/wp\/v2\/types\/page"}],"author":[{"embeddable":true,"href":"https:\/\/plg-pllc.com\/es\/wp-json\/wp\/v2\/users\/10"}],"replies":[{"embeddable":true,"href":"https:\/\/plg-pllc.com\/es\/wp-json\/wp\/v2\/comments?post=20406"}],"version-history":[{"count":0,"href":"https:\/\/plg-pllc.com\/es\/wp-json\/wp\/v2\/pages\/20406\/revisions"}],"up":[{"embeddable":true,"href":"https:\/\/plg-pllc.com\/es\/wp-json\/wp\/v2\/pages\/20714"}],"wp:attachment":[{"href":"https:\/\/plg-pllc.com\/es\/wp-json\/wp\/v2\/media?parent=20406"}],"wp:term":[{"taxonomy":"hc_faqs","embeddable":true,"href":"https:\/\/plg-pllc.com\/es\/wp-json\/wp\/v2\/hc_faqs?post=20406"}],"curies":[{"name":"gracias","href":"https:\/\/api.w.org\/{rel}","templated":true}]}}