{"id":20421,"date":"2024-05-23T19:40:58","date_gmt":"2024-05-24T02:40:58","guid":{"rendered":"https:\/\/plg-pllc.com\/?p=20421"},"modified":"2024-10-18T09:14:29","modified_gmt":"2024-10-18T16:14:29","slug":"guide-for-accident-victims-in-washington","status":"publish","type":"page","link":"https:\/\/plg-pllc.com\/es\/faqs\/what-should-i-do-after-an-accident\/","title":{"rendered":"Gu\u00eda paso a paso para v\u00edctimas de accidentes en Washington"},"content":{"rendered":"<p><strong>Si tiene la mala suerte de sufrir un accidente en Washington, es fundamental seguir pasos espec\u00edficos para proteger su salud y sus derechos legales. Esta gu\u00eda paso a paso est\u00e1 dise\u00f1ada para ayudarlo a transitar el proceso posterior al accidente de manera efectiva y asegurar la compensaci\u00f3n que merece, si corresponde.<\/strong><\/p>\r\n\r\n\r\n\r\n<h2 id=\"h-step-1-secure-the-scene-and-seek-medical-attention\" class=\"wp-block-heading\"><strong>Paso 1: Asegure la escena y busque atenci\u00f3n m\u00e9dica<\/strong><\/h2>\r\n\r\n\r\n\r\n<p><strong>Su seguridad y salud son siempre una prioridad. La segunda prioridad es la seguridad de los dem\u00e1s. Si dejar el coche como est\u00e1 puede provocar otro accidente, y es posible, saque su veh\u00edculo del tr\u00e1fico o de la zona peligrosa (tomar fotograf\u00edas o filmar la escena es una gran ventaja para su caso, pero no siempre es posible). No abandone el lugar. Luego, busque atenci\u00f3n m\u00e9dica de inmediato, incluso si no siente dolor inmediatamente. Las lesiones pueden no hacerse evidentes hasta horas o incluso d\u00edas despu\u00e9s del incidente.<\/strong><\/p>\r\n\r\n\r\n\r\n<h2 id=\"h-step-2-report-the-accident\" class=\"wp-block-heading\"><strong>Paso 2: Reportar el accidente<\/strong><\/h2>\r\n\r\n\r\n\r\n<p><strong>Es importante notificar el accidente a las autoridades. Llama al 911 si hay heridos graves o si el tr\u00e1fico est\u00e1 obstruido. El informe policial generado ser\u00e1 crucial si decides presentar una reclamaci\u00f3n.<\/strong><\/p>\r\n\r\n\r\n\r\n<h2 id=\"h-step-3-gather-information-and-evidence\" class=\"wp-block-heading\"><strong>Paso 3: Recopilar informaci\u00f3n y evidencia<\/strong><\/h2>\r\n\r\n\r\n\r\n<p><strong>Intercambie informaci\u00f3n con las otras partes involucradas, incluidos nombres, n\u00fameros de contacto y detalles del seguro. Tome fotograf\u00edas de la escena, de los da\u00f1os del veh\u00edculo y de cualquier lesi\u00f3n visible. Estas pruebas son cruciales para cualquier procedimiento legal o reclamaci\u00f3n al seguro.<\/strong><\/p>\r\n\r\n\r\n\r\n\n        <div class=\"rs-content-cta long\">\n            <p>Para una consulta legal GRATUITA, llame al <a href=\"tel:+12062851743\">(206) 285-1743 <\/a><\/p>\n            <a href=\"https:\/\/plg-pllc.com\/es\/contact-us\/\" title=\"OBTENGA UNA EVALUACI\u00d3N DE CASO GRATUITA\" class=\"btn-global\">OBTENGA UNA EVALUACI\u00d3N DE CASO GRATUITA<\/a>\n                    <picture>\n                            <source srcset=\"https:\/\/plg-pllc.com\/wp-content\/themes\/plg-pllc-redesign\/assets\/app\/img\/cta-thumb.webp\" type=\"image\/webp\"\/>\n                            <img src=\"https:\/\/plg-pllc.com\/wp-content\/themes\/plg-pllc-redesign\/assets\/app\/img\/cta-thumb.png\" alt=\"Grupo de abogados Premier\" title=\"Grupo de abogados Premier\" width=\"245\" height=\"220\" loading=\"auto\" fetchpriority=\"auto\" decoding=\"async\"\/>\n        <\/picture>\n        \n        <\/div><h2 id=\"h-step-4-notify-your-insurance-company\" class=\"wp-block-heading\"><strong>Paso 4: Notifique a su compa\u00f1\u00eda de seguros<\/strong><\/h2>\r\n\r\n\r\n\r\n<p><strong>Contacte a su aseguradora sobre el accidente lo antes posible. Facilite detalles precisos, pero evite admitir la culpa o dar declaraciones detalladas sin consultar a un abogado.<\/strong><\/p>\r\n\r\n\r\n\r\n<h2 id=\"h-step-5-consult-a-personal-injury-lawyer\" class=\"wp-block-heading\"><strong>Paso 5: Consultar a un abogado especializado en lesiones personales<\/strong><\/h2>\r\n\r\n\r\n\r\n<p><strong>Considerar la ayuda de un abogado especializado en lesiones personales puede ser crucial. Un abogado puede ayudarle a evaluar su caso, negociar con las aseguradoras y, si es necesario, llevar su caso a los tribunales para asegurarse de que reciba la indemnizaci\u00f3n que merece.<\/strong><\/p>\r\n\r\n\r\n\r\n<p><strong>Si sigue estos pasos, podr\u00e1 gestionar mejor las consecuencias de un accidente y fortalecer su caso en caso de que solicite una indemnizaci\u00f3n. Recuerde actuar con rapidez y <a href=\"https:\/\/plg-pllc.com\/contact-us\/\">El asesoramiento de expertos es esencial en situaciones como estas.<\/a>.<\/strong><\/p>\r\n\n        <div class=\"rs-content-cta\">\n            <p>Llamar o enviar mensaje de texto <a href=\"tel:+12062851743\">(206) 285-1743<\/a> o complete un formulario de evaluaci\u00f3n de caso gratuito<\/p>\n            <a href=\"https:\/\/plg-pllc.com\/es\/contact-us\/\" title=\"OBTENGA UNA EVALUACI\u00d3N DE CASO GRATUITA\" class=\"btn-global\">OBTENGA UNA EVALUACI\u00d3N DE CASO GRATUITA<\/a>\n                    <picture>\n                            <source srcset=\"https:\/\/plg-pllc.com\/wp-content\/themes\/plg-pllc-redesign\/assets\/app\/img\/cta-thumb.webp\" type=\"image\/webp\"\/>\n                            <img src=\"https:\/\/plg-pllc.com\/wp-content\/themes\/plg-pllc-redesign\/assets\/app\/img\/cta-thumb.png\" alt=\"Grupo de abogados Premier\" title=\"Grupo de abogados Premier\" width=\"245\" height=\"220\" loading=\"auto\" fetchpriority=\"auto\" decoding=\"async\"\/>\n        <\/picture>\n        \n        <\/div>","protected":false},"excerpt":{"rendered":"<p>Si tiene la mala suerte de verse involucrado en un accidente en Washington, es fundamental seguir pasos espec\u00edficos para proteger su salud y sus derechos legales. Esta gu\u00eda paso a paso est\u00e1 dise\u00f1ada para ayudarlo a transitar el proceso posterior al accidente de manera efectiva y asegurar la compensaci\u00f3n que merece, si corresponde. Paso 1: Asegure el lugar y busque atenci\u00f3n m\u00e9dica Su seguridad \u2026<\/p>","protected":false},"author":31,"featured_media":20422,"parent":20714,"menu_order":0,"comment_status":"closed","ping_status":"closed","template":"","meta":{"_acf_changed":false,"_genesis_hide_title":false,"_genesis_hide_breadcrumbs":false,"_genesis_hide_singular_image":false,"_genesis_hide_footer_widgets":false,"_genesis_custom_body_class":"","_genesis_custom_post_class":"","_genesis_layout":"","footnotes":""},"hc_faqs":[10344],"class_list":{"0":"post-20421","1":"page","2":"type-page","3":"status-publish","4":"has-post-thumbnail","6":"hc_faqs-car-accident","7":"entry"},"acf":[],"yoast_head":"<!-- This site is optimized with the Yoast SEO plugin v27.2 - https:\/\/yoast.com\/product\/yoast-seo-wordpress\/ -->\n<title>Step-by-Step Guide for Accident Victims in Washington<\/title>\n<meta name=\"description\" content=\"Step-by-Step Guide for Accident Victims in Washington: Premier Law Group helps you unlock the full compensation you deserve. No Fee Unless We Win.\" \/>\n<meta name=\"robots\" content=\"index, follow, max-snippet:-1, max-image-preview:large, max-video-preview:-1\" \/>\n<link rel=\"canonical\" href=\"https:\/\/plg-pllc.com\/es\/faqs\/what-should-i-do-after-an-accident\/\" \/>\n<meta property=\"og:locale\" content=\"es_MX\" \/>\n<meta property=\"og:type\" content=\"article\" \/>\n<meta property=\"og:title\" content=\"Step-by-Step Guide for Accident Victims in Washington\" \/>\n<meta property=\"og:description\" content=\"Step-by-Step Guide for Accident Victims in Washington: Premier Law Group helps you unlock the full compensation you deserve. No Fee Unless We Win.\" \/>\n<meta property=\"og:url\" content=\"https:\/\/plg-pllc.com\/es\/faqs\/what-should-i-do-after-an-accident\/\" \/>\n<meta property=\"og:site_name\" content=\"Premier Law Group\" \/>\n<meta property=\"article:publisher\" content=\"https:\/\/www.facebook.com\/premierlawgroup\" \/>\n<meta property=\"article:modified_time\" content=\"2024-10-18T16:14:29+00:00\" \/>\n<meta property=\"og:image\" content=\"https:\/\/plg-pllc.com\/wp-content\/uploads\/2024\/05\/accident-victim-guide.png\" \/>\n\t<meta property=\"og:image:width\" content=\"1080\" \/>\n\t<meta property=\"og:image:height\" content=\"1080\" \/>\n\t<meta property=\"og:image:type\" content=\"image\/png\" \/>\n<meta name=\"twitter:card\" content=\"summary_large_image\" \/>\n<meta name=\"twitter:site\" content=\"@premierlawgroup\" \/>\n<meta name=\"twitter:label1\" content=\"Tiempo de lectura\" \/>\n\t<meta name=\"twitter:data1\" content=\"2 minutos\" \/>\n<script type=\"application\/ld+json\" class=\"yoast-schema-graph\">{\"@context\":\"https:\/\/schema.org\",\"@graph\":[{\"@type\":\"WebPage\",\"@id\":\"https:\/\/plg-pllc.com\/faqs\/what-should-i-do-after-an-accident\/\",\"url\":\"https:\/\/plg-pllc.com\/faqs\/what-should-i-do-after-an-accident\/\",\"name\":\"Step-by-Step Guide for Accident Victims in Washington\",\"isPartOf\":{\"@id\":\"https:\/\/plg-pllc.com\/#website\"},\"primaryImageOfPage\":{\"@id\":\"https:\/\/plg-pllc.com\/faqs\/what-should-i-do-after-an-accident\/#primaryimage\"},\"image\":{\"@id\":\"https:\/\/plg-pllc.com\/faqs\/what-should-i-do-after-an-accident\/#primaryimage\"},\"thumbnailUrl\":\"https:\/\/plg-pllc.com\/wp-content\/uploads\/2024\/05\/accident-victim-guide.png\",\"datePublished\":\"2024-05-24T02:40:58+00:00\",\"dateModified\":\"2024-10-18T16:14:29+00:00\",\"description\":\"Step-by-Step Guide for Accident Victims in Washington: Premier Law Group helps you unlock the full compensation you deserve. No Fee Unless We Win.\",\"breadcrumb\":{\"@id\":\"https:\/\/plg-pllc.com\/faqs\/what-should-i-do-after-an-accident\/#breadcrumb\"},\"inLanguage\":\"es\",\"potentialAction\":[{\"@type\":\"ReadAction\",\"target\":[\"https:\/\/plg-pllc.com\/faqs\/what-should-i-do-after-an-accident\/\"]}]},{\"@type\":\"ImageObject\",\"inLanguage\":\"es\",\"@id\":\"https:\/\/plg-pllc.com\/faqs\/what-should-i-do-after-an-accident\/#primaryimage\",\"url\":\"https:\/\/plg-pllc.com\/wp-content\/uploads\/2024\/05\/accident-victim-guide.png\",\"contentUrl\":\"https:\/\/plg-pllc.com\/wp-content\/uploads\/2024\/05\/accident-victim-guide.png\",\"width\":1080,\"height\":1080},{\"@type\":\"BreadcrumbList\",\"@id\":\"https:\/\/plg-pllc.com\/faqs\/what-should-i-do-after-an-accident\/#breadcrumb\",\"itemListElement\":[{\"@type\":\"ListItem\",\"position\":1,\"name\":\"Home\",\"item\":\"https:\/\/plg-pllc.com\/es\/\"},{\"@type\":\"ListItem\",\"position\":2,\"name\":\"FAQs\",\"item\":\"https:\/\/plg-pllc.com\/es\/faqs\/\"},{\"@type\":\"ListItem\",\"position\":3,\"name\":\"Step-by-Step Guide for Accident Victims in Washington\"}]},{\"@type\":\"WebSite\",\"@id\":\"https:\/\/plg-pllc.com\/#website\",\"url\":\"https:\/\/plg-pllc.com\/\",\"name\":\"Premier Law Group\",\"description\":\"Washington Wrongful Death and Serious Injury Lawyer\",\"publisher\":{\"@id\":\"https:\/\/plg-pllc.com\/#organization\"},\"inLanguage\":\"es\"},{\"@type\":\"Organization\",\"@id\":\"https:\/\/plg-pllc.com\/#organization\",\"name\":\"Premier Law Group\",\"url\":\"https:\/\/plg-pllc.com\/\",\"logo\":{\"@type\":\"ImageObject\",\"inLanguage\":\"es\",\"@id\":\"https:\/\/plg-pllc.com\/#\/schema\/logo\/image\/\",\"url\":\"https:\/\/plg-pllc.com\/wp-content\/uploads\/2020\/10\/plg-logo-v2.gif\",\"contentUrl\":\"https:\/\/plg-pllc.com\/wp-content\/uploads\/2020\/10\/plg-logo-v2.gif\",\"width\":592,\"height\":191,\"caption\":\"Premier Law Group\"},\"image\":{\"@id\":\"https:\/\/plg-pllc.com\/#\/schema\/logo\/image\/\"},\"sameAs\":[\"https:\/\/www.facebook.com\/premierlawgroup\",\"https:\/\/x.com\/premierlawgroup\"]}]}<\/script>\n<!-- \/ Yoast SEO plugin. -->","yoast_head_json":{"title":"Gu\u00eda paso a paso para v\u00edctimas de accidentes en Washington","description":"Gu\u00eda paso a paso para v\u00edctimas de accidentes en Washington: Premier Law Group le ayuda a obtener la compensaci\u00f3n total que merece. Sin honorarios a menos que ganemos.","robots":{"index":"index","follow":"follow","max-snippet":"max-snippet:-1","max-image-preview":"max-image-preview:large","max-video-preview":"max-video-preview:-1"},"canonical":"https:\/\/plg-pllc.com\/es\/faqs\/what-should-i-do-after-an-accident\/","og_locale":"es_MX","og_type":"article","og_title":"Step-by-Step Guide for Accident Victims in Washington","og_description":"Step-by-Step Guide for Accident Victims in Washington: Premier Law Group helps you unlock the full compensation you deserve. No Fee Unless We Win.","og_url":"https:\/\/plg-pllc.com\/es\/faqs\/what-should-i-do-after-an-accident\/","og_site_name":"Premier Law Group","article_publisher":"https:\/\/www.facebook.com\/premierlawgroup","article_modified_time":"2024-10-18T16:14:29+00:00","og_image":[{"width":1080,"height":1080,"url":"https:\/\/plg-pllc.com\/wp-content\/uploads\/2024\/05\/accident-victim-guide.png","type":"image\/png"}],"twitter_card":"summary_large_image","twitter_site":"@premierlawgroup","twitter_misc":{"Tiempo de lectura":"2 minutos"},"schema":{"@context":"https:\/\/schema.org","@graph":[{"@type":"WebPage","@id":"https:\/\/plg-pllc.com\/faqs\/what-should-i-do-after-an-accident\/","url":"https:\/\/plg-pllc.com\/faqs\/what-should-i-do-after-an-accident\/","name":"Gu\u00eda paso a paso para v\u00edctimas de accidentes en Washington","isPartOf":{"@id":"https:\/\/plg-pllc.com\/#website"},"primaryImageOfPage":{"@id":"https:\/\/plg-pllc.com\/faqs\/what-should-i-do-after-an-accident\/#primaryimage"},"image":{"@id":"https:\/\/plg-pllc.com\/faqs\/what-should-i-do-after-an-accident\/#primaryimage"},"thumbnailUrl":"https:\/\/plg-pllc.com\/wp-content\/uploads\/2024\/05\/accident-victim-guide.png","datePublished":"2024-05-24T02:40:58+00:00","dateModified":"2024-10-18T16:14:29+00:00","description":"Gu\u00eda paso a paso para v\u00edctimas de accidentes en Washington: Premier Law Group le ayuda a obtener la compensaci\u00f3n total que merece. Sin honorarios a menos que ganemos.","breadcrumb":{"@id":"https:\/\/plg-pllc.com\/faqs\/what-should-i-do-after-an-accident\/#breadcrumb"},"inLanguage":"es","potentialAction":[{"@type":"ReadAction","target":["https:\/\/plg-pllc.com\/faqs\/what-should-i-do-after-an-accident\/"]}]},{"@type":"ImageObject","inLanguage":"es","@id":"https:\/\/plg-pllc.com\/faqs\/what-should-i-do-after-an-accident\/#primaryimage","url":"https:\/\/plg-pllc.com\/wp-content\/uploads\/2024\/05\/accident-victim-guide.png","contentUrl":"https:\/\/plg-pllc.com\/wp-content\/uploads\/2024\/05\/accident-victim-guide.png","width":1080,"height":1080},{"@type":"BreadcrumbList","@id":"https:\/\/plg-pllc.com\/faqs\/what-should-i-do-after-an-accident\/#breadcrumb","itemListElement":[{"@type":"ListItem","position":1,"name":"Home","item":"https:\/\/plg-pllc.com\/es\/"},{"@type":"ListItem","position":2,"name":"FAQs","item":"https:\/\/plg-pllc.com\/es\/faqs\/"},{"@type":"ListItem","position":3,"name":"Step-by-Step Guide for Accident Victims in Washington"}]},{"@type":"WebSite","@id":"https:\/\/plg-pllc.com\/#website","url":"https:\/\/plg-pllc.com\/","name":"Grupo de abogados Premier","description":"Abogado de muerte por negligencia y lesiones graves en Washington","publisher":{"@id":"https:\/\/plg-pllc.com\/#organization"},"inLanguage":"es"},{"@type":"Organization","@id":"https:\/\/plg-pllc.com\/#organization","name":"Grupo de abogados Premier","url":"https:\/\/plg-pllc.com\/","logo":{"@type":"ImageObject","inLanguage":"es","@id":"https:\/\/plg-pllc.com\/#\/schema\/logo\/image\/","url":"https:\/\/plg-pllc.com\/wp-content\/uploads\/2020\/10\/plg-logo-v2.gif","contentUrl":"https:\/\/plg-pllc.com\/wp-content\/uploads\/2020\/10\/plg-logo-v2.gif","width":592,"height":191,"caption":"Premier Law Group"},"image":{"@id":"https:\/\/plg-pllc.com\/#\/schema\/logo\/image\/"},"sameAs":["https:\/\/www.facebook.com\/premierlawgroup","https:\/\/x.com\/premierlawgroup"]}]}},"_links":{"self":[{"href":"https:\/\/plg-pllc.com\/es\/wp-json\/wp\/v2\/pages\/20421","targetHints":{"allow":["GET"]}}],"collection":[{"href":"https:\/\/plg-pllc.com\/es\/wp-json\/wp\/v2\/pages"}],"about":[{"href":"https:\/\/plg-pllc.com\/es\/wp-json\/wp\/v2\/types\/page"}],"author":[{"embeddable":true,"href":"https:\/\/plg-pllc.com\/es\/wp-json\/wp\/v2\/users\/31"}],"replies":[{"embeddable":true,"href":"https:\/\/plg-pllc.com\/es\/wp-json\/wp\/v2\/comments?post=20421"}],"version-history":[{"count":0,"href":"https:\/\/plg-pllc.com\/es\/wp-json\/wp\/v2\/pages\/20421\/revisions"}],"up":[{"embeddable":true,"href":"https:\/\/plg-pllc.com\/es\/wp-json\/wp\/v2\/pages\/20714"}],"wp:featuredmedia":[{"embeddable":true,"href":"https:\/\/plg-pllc.com\/es\/wp-json\/wp\/v2\/media\/20422"}],"wp:attachment":[{"href":"https:\/\/plg-pllc.com\/es\/wp-json\/wp\/v2\/media?parent=20421"}],"wp:term":[{"taxonomy":"hc_faqs","embeddable":true,"href":"https:\/\/plg-pllc.com\/es\/wp-json\/wp\/v2\/hc_faqs?post=20421"}],"curies":[{"name":"gracias","href":"https:\/\/api.w.org\/{rel}","templated":true}]}}