{"id":20516,"date":"2024-09-27T00:18:50","date_gmt":"2024-09-27T07:18:50","guid":{"rendered":"https:\/\/plg-pllc.com\/?post_type=faqs&#038;p=20516"},"modified":"2026-03-24T15:02:55","modified_gmt":"2026-03-24T22:02:55","slug":"how-much-does-it-cost-to-hire-a-personal-injury-lawyer","status":"publish","type":"page","link":"https:\/\/plg-pllc.com\/es\/faqs\/how-much-does-it-cost-to-hire-a-personal-injury-lawyer\/","title":{"rendered":"\u00bfCu\u00e1nto cuesta contratar a un abogado de lesiones personales?"},"content":{"rendered":"<p><b>El costo de contratar a un abogado de lesiones personales<\/b><span style=\"font-weight: 400;\"> Por lo general, depende de un acuerdo de honorarios contingentes. Esto significa que no paga por adelantado. En cambio, <\/span><b>El abogado cobra s\u00f3lo si gana su caso<\/b><span style=\"font-weight: 400;\">Por lo general, la tarifa es un porcentaje del acuerdo o la indemnizaci\u00f3n, que suele oscilar entre 25% y 40%.\u00a0<\/span><\/p>\n<p><span style=\"font-weight: 400;\">Algunos abogados pueden cobrar gastos relacionados con su caso, como honorarios judiciales o peritos, pero estos costos suelen deducirse del acuerdo final. Es una buena idea pedir una explicaci\u00f3n detallada de los honorarios durante su consulta inicial.<\/span><\/p>\n<p><span style=\"font-weight: 400;\">Si est\u00e1 buscando representaci\u00f3n legal, nuestro <\/span><a href=\"https:\/\/plg-pllc.com\/\"><span style=\"font-weight: 400;\">Abogados de lesiones personales en Bellevue<\/span><\/a><span style=\"font-weight: 400;\"> Podemos revisar nuestro acuerdo de pago con usted.<\/span><\/p>\n<h2><span style=\"font-weight: 400;\">\u00bfQu\u00e9 son los honorarios de contingencia en casos de lesiones personales?<\/span><\/h2>\n<p><span style=\"font-weight: 400;\">Los honorarios contingentes en casos de lesiones personales son un acuerdo en el que el abogado solo recibe el pago si gana o llega a un acuerdo en su caso. En lugar de cobrar una tarifa por hora o una tarifa fija por adelantado, el abogado se queda con un porcentaje de la compensaci\u00f3n que usted recibe, que suele estar entre 25% y 40%.\u00a0<\/span><\/p>\n<p><span style=\"font-weight: 400;\">Una ventaja de este acuerdo de pago es que permite a las personas obtener ayuda legal sin preocuparse por cu\u00e1nto cuesta contratar a un abogado de lesiones personales para que se encargue de su caso. Si el abogado no gana el caso, normalmente no deber\u00e1 pagar honorarios legales. <\/span><b>Pueden existir otros costos involucrados<\/b><span style=\"font-weight: 400;\">.<\/span><\/p>\n<h2><span style=\"font-weight: 400;\">\u00bfQu\u00e9 gastos est\u00e1n involucrados en un caso de lesiones personales?<\/span><\/h2>\n<p><span style=\"font-weight: 400;\">Adem\u00e1s de los honorarios contingentes del abogado, pueden surgir otros gastos durante un caso de lesiones personales que usted podr\u00eda tener que pagar. Estos pueden incluir:<\/span><\/p>\n<ul>\n<li style=\"font-weight: 400;\" aria-level=\"1\"><b>Tasas de presentaci\u00f3n ante el tribunal<\/b><span style=\"font-weight: 400;\">:Son las tarifas que se pagan para presentar su demanda ante el tribunal, las cuales son necesarias para iniciar los procedimientos legales.<\/span><\/li>\n<li style=\"font-weight: 400;\" aria-level=\"1\"><b>Cargos por obtenci\u00f3n de registros m\u00e9dicos<\/b><span style=\"font-weight: 400;\">:Los m\u00e9dicos u hospitales pueden cobrar una tarifa por proporcionar copias de sus registros m\u00e9dicos que puedan demostrar el alcance de sus lesiones.<\/span><\/li>\n<li style=\"font-weight: 400;\" aria-level=\"1\"><b>Honorarios de testigos expertos<\/b><span style=\"font-weight: 400;\">:Si su caso requiere el testimonio de expertos m\u00e9dicos, especialistas en reconstrucci\u00f3n de accidentes u otros profesionales, sus honorarios pueden sumarse.<\/span><\/li>\n<li style=\"font-weight: 400;\" aria-level=\"1\"><b>Costos de investigaci\u00f3n<\/b><span style=\"font-weight: 400;\">:Es posible que los abogados necesiten contratar investigadores privados para reunir pruebas, entrevistar a testigos o recrear la escena del accidente para fortalecer su caso.<\/span><\/li>\n<li style=\"font-weight: 400;\" aria-level=\"1\"><b>Costos de deposici\u00f3n<\/b><span style=\"font-weight: 400;\">:Las declaraciones juradas implican la grabaci\u00f3n de declaraciones juradas de testigos y peritos antes del juicio. Esto puede incluir el pago de taqu\u00edgrafos judiciales, servicios de transcripci\u00f3n y la ubicaci\u00f3n de la declaraci\u00f3n.<\/span><\/li>\n<li style=\"font-weight: 400;\" aria-level=\"1\"><b>Gastos administrativos<\/b><span style=\"font-weight: 400;\">:Esto incluye los costos de copiado, env\u00edo y otros gastos relacionados con la oficina que surgen mientras se maneja su caso.<\/span><\/li>\n<li style=\"font-weight: 400;\" aria-level=\"1\"><b>Gastos de viaje<\/b><span style=\"font-weight: 400;\">:Si su abogado o testigos expertos deben viajar para declaraciones, audiencias u otras tareas relacionadas con el caso, los costos de viaje podr\u00edan ser parte de los gastos totales.<\/span><\/li>\n<li style=\"font-weight: 400;\" aria-level=\"1\"><b>Honorarios de mediaci\u00f3n o arbitraje<\/b><span style=\"font-weight: 400;\">:Si su caso se resuelve fuera de los tribunales a trav\u00e9s de mediaci\u00f3n o arbitraje, es posible que haya tarifas asociadas con estos m\u00e9todos de resoluci\u00f3n alternativa de disputas (ADR).<\/span><\/li>\n<\/ul>\n<p><span style=\"font-weight: 400;\">Estos costos importantes son posibles al contratar a un abogado de lesiones personales, pero cada caso es diferente, por lo que debe <\/span><b>P\u00eddale a su abogado un desglose claro de lo que puede esperar<\/b><span style=\"font-weight: 400;\">Puedes preguntar por estos gastos <\/span><b>Antes de decidir contratar un abogado<\/b><span style=\"font-weight: 400;\"> para manejar su caso.<\/span><\/p>\n<h2><span style=\"font-weight: 400;\">\u00bfC\u00f3mo se pagan los gastos relacionados con un caso de lesiones personales?<\/span><\/h2>\n<p><span style=\"font-weight: 400;\">Algunos abogados cubren estos costos por adelantado y los deducen del acuerdo final, mientras que otros pueden pedirle que los pague a medida que avanza el caso. El abogado debe explicarle c\u00f3mo maneja estos gastos cuando revise su caso con \u00e9l durante una consulta inicial.<\/span><\/p>\n<p><span style=\"font-weight: 400;\">En los casos en que el abogado cubre los gastos por adelantado, normalmente deducir\u00e1 estos costos de su acuerdo despu\u00e9s de aplicar sus honorarios contingentes. Esto significa que no tiene que pagar de su bolsillo mientras el caso est\u00e1 en curso.\u00a0<\/span><\/p>\n<p><span style=\"font-weight: 400;\">Sin embargo, si su abogado le exige que pague a medida que surgen los gastos, deber\u00e1 presupuestar estos costos a lo largo del caso. De cualquier manera, comprender claramente c\u00f3mo se manejar\u00e1n los gastos puede ayudarlo a evitar sorpresas m\u00e1s adelante.<\/span><\/p>\n\n        <div class=\"rs-content-cta long\">\n            <p>Para una consulta legal GRATUITA, llame al <a href=\"tel:+12062851743\">(206) 285-1743 <\/a><\/p>\n            <a href=\"https:\/\/plg-pllc.com\/es\/contact-us\/\" title=\"OBTENGA UNA EVALUACI\u00d3N DE CASO GRATUITA\" class=\"btn-global\">OBTENGA UNA EVALUACI\u00d3N DE CASO GRATUITA<\/a>\n                    <picture>\n                            <source srcset=\"https:\/\/plg-pllc.com\/wp-content\/themes\/plg-pllc-redesign\/assets\/app\/img\/cta-thumb.webp\" type=\"image\/webp\"\/>\n                            <img src=\"https:\/\/plg-pllc.com\/wp-content\/themes\/plg-pllc-redesign\/assets\/app\/img\/cta-thumb.png\" alt=\"Grupo de abogados Premier\" title=\"Grupo de abogados Premier\" width=\"245\" height=\"220\" loading=\"auto\" fetchpriority=\"auto\" decoding=\"async\"\/>\n        <\/picture>\n        \n        <\/div><h2><span style=\"font-weight: 400;\">\u00bfTengo que pagar al abogado de lesiones personales si pierdo mi caso?<\/span><\/h2>\n<p><span style=\"font-weight: 400;\">En la mayor\u00eda de los casos de lesiones personales que se manejan con honorarios contingentes, no tiene que pagarle a su abogado si pierde el caso. Esto se debe a que el abogado cobra sus honorarios. <\/span><i><span style=\"font-weight: 400;\">S\u00f3lo si<\/span><\/i><span style=\"font-weight: 400;\"> Ellos ganan o resuelven su caso.\u00a0<\/span><\/p>\n<p><span style=\"font-weight: 400;\">Sin embargo, dado que a\u00fan puede ser responsable de otros gastos relacionados con el caso, puede preguntarle a su abogado sobre estos costos potenciales antes de firmar cualquier acuerdo.<\/span><\/p>\n<h3><span style=\"font-weight: 400;\">\u00bfPuedo negociar los honorarios del abogado?<\/span><\/h3>\n<p><span style=\"font-weight: 400;\">En muchos casos, se pueden negociar los honorarios del abogado. Algunos abogados pueden estar dispuestos a ajustar su porcentaje de honorarios contingentes, especialmente si su caso es sencillo o se espera que se resuelva r\u00e1pidamente.\u00a0<\/span><\/p>\n<p><span style=\"font-weight: 400;\">Tambi\u00e9n es posible negociar c\u00f3mo se manejar\u00e1n ciertos gastos relacionados con el caso, como por ejemplo si se deducir\u00e1n del acuerdo final o se facturar\u00e1n por separado. <\/span><b>Aseg\u00farese siempre de tener un acuerdo de honorarios por escrito antes de continuar con su caso.<\/b><span style=\"font-weight: 400;\"> para que no haya sorpresas m\u00e1s adelante.<\/span><\/p>\n<h2><span style=\"font-weight: 400;\">\u00bfC\u00f3mo se deducen los honorarios legales de mi acuerdo por lesiones?<\/span><\/h2>\n<p><span style=\"font-weight: 400;\">Una vez que su abogado llega a un acuerdo en su caso, los honorarios y gastos legales generalmente se deducen de su acuerdo antes de que usted reciba su parte. Primero, los honorarios contingentes del abogado se toman como un porcentaje del monto total del acuerdo.\u00a0<\/span><\/p>\n<p><span style=\"font-weight: 400;\">Posteriormente, se deducen los gastos relacionados con el caso, como las tasas judiciales, los peritos o los gastos de los registros m\u00e9dicos. <\/span><b>Para recuperar un acuerdo, debe recibir un desglose claro de c\u00f3mo se distribuy\u00f3.<\/b><span style=\"font-weight: 400;\"> para que puedas ver lo que te descontaron y cu\u00e1nto afecta tu parte.\u00a0<\/span><\/p>\n<h2><span style=\"font-weight: 400;\">\u00bfVale la pena contratar un abogado de lesiones personales para mi caso?<\/span><\/h2>\n<p><b>S\u00f3lo usted puede decidir si debe contratar a un abogado para que lo represente.<\/b><span style=\"font-weight: 400;\">Sin embargo, trabajar con un abogado puede ser beneficioso para su caso de lesiones personales. Ellos pueden trabajar para buscar una compensaci\u00f3n completa y manejar todas las tareas de su caso, incluyendo:<\/span><\/p>\n<ul>\n<li style=\"font-weight: 400;\" aria-level=\"1\"><span style=\"font-weight: 400;\">Negociar con compa\u00f1\u00edas de seguros para garantizar que obtenga una compensaci\u00f3n justa.<\/span><\/li>\n<li style=\"font-weight: 400;\" aria-level=\"1\"><span style=\"font-weight: 400;\">Recopilaci\u00f3n de pruebas para establecer su caso.<\/span><\/li>\n<li style=\"font-weight: 400;\" aria-level=\"1\"><span style=\"font-weight: 400;\">Protegiendo sus derechos e intereses durante todo el proceso.\u00a0<\/span><\/li>\n<\/ul>\n<p><span style=\"font-weight: 400;\">Siempre puedes revisar un bufete de abogados o un abogado. <\/span><a href=\"https:\/\/plg-pllc.com\/case-results\/\"><span style=\"font-weight: 400;\">resultados del caso<\/span><\/a><span style=\"font-weight: 400;\"> y <\/span><a href=\"https:\/\/plg-pllc.com\/client-reviews\/\"><span style=\"font-weight: 400;\">Rese\u00f1as de clientes<\/span><\/a><span style=\"font-weight: 400;\"> Para comprender su trayectoria, la satisfacci\u00f3n del cliente y c\u00f3mo manejan casos similares al suyo. Esto puede ayudarlo a sentirse seguro de su elecci\u00f3n y confirmar que est\u00e1 trabajando con un abogado en quien puede confiar.<\/span><\/p>\n<p><span style=\"font-weight: 400;\">Una ventaja es que un abogado le ayudar\u00e1 a mantener su caso en marcha y a presentarlo dentro del plazo de prescripci\u00f3n para que no pierda permanentemente su oportunidad de solicitar una indemnizaci\u00f3n. En el estado de Washington, las partes generalmente tienen tres a\u00f1os para presentar una demanda por da\u00f1os y perjuicios, por <\/span><a href=\"https:\/\/app.leg.wa.gov\/rcw\/default.aspx?cite=4.16.080\/\" target=\"_blank\" rel=\"noopener\"><span style=\"font-weight: 400;\">Ley del Estado<\/span><\/a><span style=\"font-weight: 400;\">.<\/span><\/p>\n<h2><span style=\"font-weight: 400;\">Descubra cu\u00e1nto cuesta contratar a un abogado especializado en lesiones personales: llame a Premier Law Group<\/span><\/h2>\n<p><span style=\"font-weight: 400;\">Si tiene preguntas sobre cu\u00e1nto cuesta contratar a un abogado de lesiones personales, llame a Premier Law Group hoy mismo. Podemos explicarle nuestra estructura de honorarios, analizar los posibles gastos y explicarle qu\u00e9 esperar. No espere, ll\u00e1menos para una consulta. <\/span><b>consulta gratis <\/b><span style=\"font-weight: 400;\">y descubra c\u00f3mo podemos ayudarle.<\/span><\/p>\n<p><span style=\"font-weight: 400;\">Con una consulta gratuita, puede obtener las respuestas que necesita sin ning\u00fan riesgo financiero. Nuestro objetivo es hacer que el proceso sea lo m\u00e1s claro y sencillo posible para que pueda centrarse en su recuperaci\u00f3n. P\u00f3ngase en contacto con nosotros ahora para ver c\u00f3mo podemos ayudarlo a buscar las compensaciones que se merece.<\/span><\/p>\n\n        <div class=\"rs-content-cta\">\n            <p>Llamar o enviar mensaje de texto <a href=\"tel:+12062851743\">(206) 285-1743<\/a> o complete un formulario de evaluaci\u00f3n de caso gratuito<\/p>\n            <a href=\"https:\/\/plg-pllc.com\/es\/contact-us\/\" title=\"OBTENGA UNA EVALUACI\u00d3N DE CASO GRATUITA\" class=\"btn-global\">OBTENGA UNA EVALUACI\u00d3N DE CASO GRATUITA<\/a>\n                    <picture>\n                            <source srcset=\"https:\/\/plg-pllc.com\/wp-content\/themes\/plg-pllc-redesign\/assets\/app\/img\/cta-thumb.webp\" type=\"image\/webp\"\/>\n                            <img src=\"https:\/\/plg-pllc.com\/wp-content\/themes\/plg-pllc-redesign\/assets\/app\/img\/cta-thumb.png\" alt=\"Grupo de abogados Premier\" title=\"Grupo de abogados Premier\" width=\"245\" height=\"220\" loading=\"auto\" fetchpriority=\"auto\" decoding=\"async\"\/>\n        <\/picture>\n        \n        <\/div>","protected":false},"excerpt":{"rendered":"<p>El costo de contratar a un abogado de lesiones personales generalmente depende de un acuerdo de honorarios contingentes. Esto significa que no paga por adelantado. En cambio, el abogado recibe su pago solo si gana su caso. Por lo general, los honorarios son un porcentaje del acuerdo o la indemnizaci\u00f3n, que suele oscilar entre 25% y 40%. Algunos abogados pueden cobrar por los gastos...<\/p>","protected":false},"author":50,"featured_media":20517,"parent":20714,"menu_order":0,"comment_status":"closed","ping_status":"closed","template":"","meta":{"_acf_changed":false,"_genesis_hide_title":false,"_genesis_hide_breadcrumbs":false,"_genesis_hide_singular_image":false,"_genesis_hide_footer_widgets":false,"_genesis_custom_body_class":"","_genesis_custom_post_class":"","_genesis_layout":"","footnotes":""},"hc_faqs":[10354],"class_list":{"0":"post-20516","1":"page","2":"type-page","3":"status-publish","4":"has-post-thumbnail","6":"hc_faqs-personal-injury","7":"entry"},"acf":[],"yoast_head":"<!-- This site is optimized with the Yoast SEO plugin v27.2 - https:\/\/yoast.com\/product\/yoast-seo-wordpress\/ -->\n<title>What does It Cost to Get a Personal Injury Lawyer?<\/title>\n<meta name=\"description\" content=\"Learn what it costs to get a personal injury lawyer and how our team can guide you through the process with no upfront fees and clear terms.\" \/>\n<meta name=\"robots\" content=\"index, follow, max-snippet:-1, max-image-preview:large, max-video-preview:-1\" \/>\n<link rel=\"canonical\" href=\"https:\/\/plg-pllc.com\/es\/faqs\/how-much-does-it-cost-to-hire-a-personal-injury-lawyer\/\" \/>\n<meta property=\"og:locale\" content=\"es_MX\" \/>\n<meta property=\"og:type\" content=\"article\" \/>\n<meta property=\"og:title\" content=\"What does It Cost to Get a Personal Injury Lawyer?\" \/>\n<meta property=\"og:description\" content=\"Learn what it costs to get a personal injury lawyer and how our team can guide you through the process with no upfront fees and clear terms.\" \/>\n<meta property=\"og:url\" content=\"https:\/\/plg-pllc.com\/es\/faqs\/how-much-does-it-cost-to-hire-a-personal-injury-lawyer\/\" \/>\n<meta property=\"og:site_name\" content=\"Premier Law Group\" \/>\n<meta property=\"article:publisher\" content=\"https:\/\/www.facebook.com\/premierlawgroup\" \/>\n<meta property=\"article:modified_time\" content=\"2026-03-24T22:02:55+00:00\" \/>\n<meta property=\"og:image\" content=\"https:\/\/plg-pllc.com\/wp-content\/uploads\/2024\/09\/how-much-does-it-cost-to-hire-a-personal-injury-lawyer.jpeg\" \/>\n\t<meta property=\"og:image:width\" content=\"1000\" \/>\n\t<meta property=\"og:image:height\" content=\"667\" \/>\n\t<meta property=\"og:image:type\" content=\"image\/jpeg\" \/>\n<meta name=\"twitter:card\" content=\"summary_large_image\" \/>\n<meta name=\"twitter:site\" content=\"@premierlawgroup\" \/>\n<meta name=\"twitter:label1\" content=\"Tiempo de lectura\" \/>\n\t<meta name=\"twitter:data1\" content=\"6 minutos\" \/>\n<script type=\"application\/ld+json\" class=\"yoast-schema-graph\">{\"@context\":\"https:\/\/schema.org\",\"@graph\":[{\"@type\":\"WebPage\",\"@id\":\"https:\/\/plg-pllc.com\/faqs\/how-much-does-it-cost-to-hire-a-personal-injury-lawyer\/\",\"url\":\"https:\/\/plg-pllc.com\/faqs\/how-much-does-it-cost-to-hire-a-personal-injury-lawyer\/\",\"name\":\"What does It Cost to Get a Personal Injury Lawyer?\",\"isPartOf\":{\"@id\":\"https:\/\/plg-pllc.com\/#website\"},\"primaryImageOfPage\":{\"@id\":\"https:\/\/plg-pllc.com\/faqs\/how-much-does-it-cost-to-hire-a-personal-injury-lawyer\/#primaryimage\"},\"image\":{\"@id\":\"https:\/\/plg-pllc.com\/faqs\/how-much-does-it-cost-to-hire-a-personal-injury-lawyer\/#primaryimage\"},\"thumbnailUrl\":\"https:\/\/plg-pllc.com\/wp-content\/uploads\/2024\/09\/how-much-does-it-cost-to-hire-a-personal-injury-lawyer.jpeg\",\"datePublished\":\"2024-09-27T07:18:50+00:00\",\"dateModified\":\"2026-03-24T22:02:55+00:00\",\"description\":\"Learn what it costs to get a personal injury lawyer and how our team can guide you through the process with no upfront fees and clear terms.\",\"breadcrumb\":{\"@id\":\"https:\/\/plg-pllc.com\/faqs\/how-much-does-it-cost-to-hire-a-personal-injury-lawyer\/#breadcrumb\"},\"inLanguage\":\"es\",\"potentialAction\":[{\"@type\":\"ReadAction\",\"target\":[\"https:\/\/plg-pllc.com\/faqs\/how-much-does-it-cost-to-hire-a-personal-injury-lawyer\/\"]}]},{\"@type\":\"ImageObject\",\"inLanguage\":\"es\",\"@id\":\"https:\/\/plg-pllc.com\/faqs\/how-much-does-it-cost-to-hire-a-personal-injury-lawyer\/#primaryimage\",\"url\":\"https:\/\/plg-pllc.com\/wp-content\/uploads\/2024\/09\/how-much-does-it-cost-to-hire-a-personal-injury-lawyer.jpeg\",\"contentUrl\":\"https:\/\/plg-pllc.com\/wp-content\/uploads\/2024\/09\/how-much-does-it-cost-to-hire-a-personal-injury-lawyer.jpeg\",\"width\":1000,\"height\":667,\"caption\":\"A client pays an attorney for legal services. You can ask how much it costs.\"},{\"@type\":\"BreadcrumbList\",\"@id\":\"https:\/\/plg-pllc.com\/faqs\/how-much-does-it-cost-to-hire-a-personal-injury-lawyer\/#breadcrumb\",\"itemListElement\":[{\"@type\":\"ListItem\",\"position\":1,\"name\":\"Home\",\"item\":\"https:\/\/plg-pllc.com\/es\/\"},{\"@type\":\"ListItem\",\"position\":2,\"name\":\"FAQs\",\"item\":\"https:\/\/plg-pllc.com\/es\/faqs\/\"},{\"@type\":\"ListItem\",\"position\":3,\"name\":\"How Much does It Cost to Hire a Personal Injury Lawyer?\"}]},{\"@type\":\"WebSite\",\"@id\":\"https:\/\/plg-pllc.com\/#website\",\"url\":\"https:\/\/plg-pllc.com\/\",\"name\":\"Premier Law Group\",\"description\":\"Washington Wrongful Death and Serious Injury Lawyer\",\"publisher\":{\"@id\":\"https:\/\/plg-pllc.com\/#organization\"},\"inLanguage\":\"es\"},{\"@type\":\"Organization\",\"@id\":\"https:\/\/plg-pllc.com\/#organization\",\"name\":\"Premier Law Group\",\"url\":\"https:\/\/plg-pllc.com\/\",\"logo\":{\"@type\":\"ImageObject\",\"inLanguage\":\"es\",\"@id\":\"https:\/\/plg-pllc.com\/#\/schema\/logo\/image\/\",\"url\":\"https:\/\/plg-pllc.com\/wp-content\/uploads\/2020\/10\/plg-logo-v2.gif\",\"contentUrl\":\"https:\/\/plg-pllc.com\/wp-content\/uploads\/2020\/10\/plg-logo-v2.gif\",\"width\":592,\"height\":191,\"caption\":\"Premier Law Group\"},\"image\":{\"@id\":\"https:\/\/plg-pllc.com\/#\/schema\/logo\/image\/\"},\"sameAs\":[\"https:\/\/www.facebook.com\/premierlawgroup\",\"https:\/\/x.com\/premierlawgroup\"]}]}<\/script>\n<!-- \/ Yoast SEO plugin. -->","yoast_head_json":{"title":"\u00bfCu\u00e1nto cuesta contratar un abogado de lesiones personales?","description":"Conozca cu\u00e1nto cuesta contratar a un abogado de lesiones personales y c\u00f3mo nuestro equipo puede guiarlo a trav\u00e9s del proceso sin honorarios iniciales y con t\u00e9rminos claros.","robots":{"index":"index","follow":"follow","max-snippet":"max-snippet:-1","max-image-preview":"max-image-preview:large","max-video-preview":"max-video-preview:-1"},"canonical":"https:\/\/plg-pllc.com\/es\/faqs\/how-much-does-it-cost-to-hire-a-personal-injury-lawyer\/","og_locale":"es_MX","og_type":"article","og_title":"What does It Cost to Get a Personal Injury Lawyer?","og_description":"Learn what it costs to get a personal injury lawyer and how our team can guide you through the process with no upfront fees and clear terms.","og_url":"https:\/\/plg-pllc.com\/es\/faqs\/how-much-does-it-cost-to-hire-a-personal-injury-lawyer\/","og_site_name":"Premier Law Group","article_publisher":"https:\/\/www.facebook.com\/premierlawgroup","article_modified_time":"2026-03-24T22:02:55+00:00","og_image":[{"width":1000,"height":667,"url":"https:\/\/plg-pllc.com\/wp-content\/uploads\/2024\/09\/how-much-does-it-cost-to-hire-a-personal-injury-lawyer.jpeg","type":"image\/jpeg"}],"twitter_card":"summary_large_image","twitter_site":"@premierlawgroup","twitter_misc":{"Tiempo de lectura":"6 minutos"},"schema":{"@context":"https:\/\/schema.org","@graph":[{"@type":"WebPage","@id":"https:\/\/plg-pllc.com\/faqs\/how-much-does-it-cost-to-hire-a-personal-injury-lawyer\/","url":"https:\/\/plg-pllc.com\/faqs\/how-much-does-it-cost-to-hire-a-personal-injury-lawyer\/","name":"\u00bfCu\u00e1nto cuesta contratar un abogado de lesiones personales?","isPartOf":{"@id":"https:\/\/plg-pllc.com\/#website"},"primaryImageOfPage":{"@id":"https:\/\/plg-pllc.com\/faqs\/how-much-does-it-cost-to-hire-a-personal-injury-lawyer\/#primaryimage"},"image":{"@id":"https:\/\/plg-pllc.com\/faqs\/how-much-does-it-cost-to-hire-a-personal-injury-lawyer\/#primaryimage"},"thumbnailUrl":"https:\/\/plg-pllc.com\/wp-content\/uploads\/2024\/09\/how-much-does-it-cost-to-hire-a-personal-injury-lawyer.jpeg","datePublished":"2024-09-27T07:18:50+00:00","dateModified":"2026-03-24T22:02:55+00:00","description":"Conozca cu\u00e1nto cuesta contratar a un abogado de lesiones personales y c\u00f3mo nuestro equipo puede guiarlo a trav\u00e9s del proceso sin honorarios iniciales y con t\u00e9rminos claros.","breadcrumb":{"@id":"https:\/\/plg-pllc.com\/faqs\/how-much-does-it-cost-to-hire-a-personal-injury-lawyer\/#breadcrumb"},"inLanguage":"es","potentialAction":[{"@type":"ReadAction","target":["https:\/\/plg-pllc.com\/faqs\/how-much-does-it-cost-to-hire-a-personal-injury-lawyer\/"]}]},{"@type":"ImageObject","inLanguage":"es","@id":"https:\/\/plg-pllc.com\/faqs\/how-much-does-it-cost-to-hire-a-personal-injury-lawyer\/#primaryimage","url":"https:\/\/plg-pllc.com\/wp-content\/uploads\/2024\/09\/how-much-does-it-cost-to-hire-a-personal-injury-lawyer.jpeg","contentUrl":"https:\/\/plg-pllc.com\/wp-content\/uploads\/2024\/09\/how-much-does-it-cost-to-hire-a-personal-injury-lawyer.jpeg","width":1000,"height":667,"caption":"A client pays an attorney for legal services. You can ask how much it costs."},{"@type":"BreadcrumbList","@id":"https:\/\/plg-pllc.com\/faqs\/how-much-does-it-cost-to-hire-a-personal-injury-lawyer\/#breadcrumb","itemListElement":[{"@type":"ListItem","position":1,"name":"Home","item":"https:\/\/plg-pllc.com\/es\/"},{"@type":"ListItem","position":2,"name":"FAQs","item":"https:\/\/plg-pllc.com\/es\/faqs\/"},{"@type":"ListItem","position":3,"name":"How Much does It Cost to Hire a Personal Injury Lawyer?"}]},{"@type":"WebSite","@id":"https:\/\/plg-pllc.com\/#website","url":"https:\/\/plg-pllc.com\/","name":"Grupo de abogados Premier","description":"Abogado de muerte por negligencia y lesiones graves en Washington","publisher":{"@id":"https:\/\/plg-pllc.com\/#organization"},"inLanguage":"es"},{"@type":"Organization","@id":"https:\/\/plg-pllc.com\/#organization","name":"Grupo de abogados Premier","url":"https:\/\/plg-pllc.com\/","logo":{"@type":"ImageObject","inLanguage":"es","@id":"https:\/\/plg-pllc.com\/#\/schema\/logo\/image\/","url":"https:\/\/plg-pllc.com\/wp-content\/uploads\/2020\/10\/plg-logo-v2.gif","contentUrl":"https:\/\/plg-pllc.com\/wp-content\/uploads\/2020\/10\/plg-logo-v2.gif","width":592,"height":191,"caption":"Premier Law Group"},"image":{"@id":"https:\/\/plg-pllc.com\/#\/schema\/logo\/image\/"},"sameAs":["https:\/\/www.facebook.com\/premierlawgroup","https:\/\/x.com\/premierlawgroup"]}]}},"_links":{"self":[{"href":"https:\/\/plg-pllc.com\/es\/wp-json\/wp\/v2\/pages\/20516","targetHints":{"allow":["GET"]}}],"collection":[{"href":"https:\/\/plg-pllc.com\/es\/wp-json\/wp\/v2\/pages"}],"about":[{"href":"https:\/\/plg-pllc.com\/es\/wp-json\/wp\/v2\/types\/page"}],"author":[{"embeddable":true,"href":"https:\/\/plg-pllc.com\/es\/wp-json\/wp\/v2\/users\/50"}],"replies":[{"embeddable":true,"href":"https:\/\/plg-pllc.com\/es\/wp-json\/wp\/v2\/comments?post=20516"}],"version-history":[{"count":0,"href":"https:\/\/plg-pllc.com\/es\/wp-json\/wp\/v2\/pages\/20516\/revisions"}],"up":[{"embeddable":true,"href":"https:\/\/plg-pllc.com\/es\/wp-json\/wp\/v2\/pages\/20714"}],"wp:featuredmedia":[{"embeddable":true,"href":"https:\/\/plg-pllc.com\/es\/wp-json\/wp\/v2\/media\/20517"}],"wp:attachment":[{"href":"https:\/\/plg-pllc.com\/es\/wp-json\/wp\/v2\/media?parent=20516"}],"wp:term":[{"taxonomy":"hc_faqs","embeddable":true,"href":"https:\/\/plg-pllc.com\/es\/wp-json\/wp\/v2\/hc_faqs?post=20516"}],"curies":[{"name":"gracias","href":"https:\/\/api.w.org\/{rel}","templated":true}]}}