{"id":20716,"date":"2024-09-27T06:19:46","date_gmt":"2024-09-27T13:19:46","guid":{"rendered":"https:\/\/plg-pllc.com\/?page_id=20716"},"modified":"2026-02-27T10:51:36","modified_gmt":"2026-02-27T18:51:36","slug":"federal-way-personal-injury-lawyer","status":"publish","type":"page","link":"https:\/\/plg-pllc.com\/es\/federal-way\/personal-injury-lawyer\/","title":{"rendered":"Abogado de lesiones personales en Federal Way"},"content":{"rendered":"<p><span style=\"font-weight: 400;\">Un accidente puede afectar todos los aspectos de tu vida. Quiz\u00e1s te preguntes si puedes trabajar o no y c\u00f3mo esto afectar\u00e1 tu bienestar financiero. Adem\u00e1s, incluso podr\u00edas preguntarte si tu vida volver\u00e1 a la normalidad que conoc\u00edas antes del accidente.\u00a0<\/span><\/p>\n<p><span style=\"font-weight: 400;\">Pensar en todas estas preocupaciones puede ser abrumador. Por lo tanto, es fundamental buscar asesor\u00eda legal con un abogado especializado en lesiones personales en Federal Way de nuestro equipo en Premier Law Group. Tenemos... <\/span><b>M\u00e1s de 55 a\u00f1os de experiencia combinada<\/b><span style=\"font-weight: 400;\"> y puede ayudarle a obtener una compensaci\u00f3n financiera justa por todas sus p\u00e9rdidas.\u00a0<\/span><\/p>\n<p><span style=\"font-weight: 400;\">Nuestro equipo es lo suficientemente grande para ganar y lo suficientemente peque\u00f1o para preocuparse. Perm\u00edtanos ayudarle con su caso de lesiones personales. Para obtener m\u00e1s informaci\u00f3n, programe una consulta gratuita.\u00a0<\/span><\/p>\n<h2>\u00bfPor qu\u00e9 contratarnos para ayudarle con su caso de lesiones personales en Federal Way?<\/h2>\n<p><span style=\"font-weight: 400;\">Nuestro abogado de lesiones personales de Federal Way proteger\u00e1 sus derechos legales y sus mejores intereses. Investigaremos su caso, identificaremos a los responsables que incumplieron su deber de cuidado y buscaremos una compensaci\u00f3n por los costos del tratamiento de sus lesiones f\u00edsicas, da\u00f1os a la propiedad y otras p\u00e9rdidas. Adem\u00e1s, compartiremos <\/span><a href=\"https:\/\/plg-pllc.com\/faqs\/\"><span style=\"font-weight: 400;\">Preguntas frecuentes<\/span><\/a><span style=\"font-weight: 400;\"> y recursos y le guiaremos a trav\u00e9s del proceso legal.\u00a0<\/span><\/p>\n<p><span style=\"font-weight: 400;\">Adem\u00e1s, nos encargaremos de sus tr\u00e1mites legales y nos comunicaremos con las compa\u00f1\u00edas de seguros involucradas en su caso. Tambi\u00e9n le mantendremos informado sobre las ofertas de acuerdos de seguro.<\/span><\/p>\n<p><span style=\"font-weight: 400;\">Si no se llega a un acuerdo, llevaremos su caso a juicio. En este punto, encontraremos maneras de demostrar negligencia y le ayudaremos a obtener la mejor compensaci\u00f3n posible. <\/span><a href=\"https:\/\/plg-pllc.com\/case-results\/\"><span style=\"font-weight: 400;\">resultados del caso<\/span><\/a><span style=\"font-weight: 400;\">.<\/span><\/p>\n<p><span style=\"font-weight: 400;\">Al buscar representaci\u00f3n legal, considere lo que ofrece Premier Law Group. Nuestro equipo cuenta con... <\/span><b>historial de \u00e9xito con demandas y reclamos por lesiones personales<\/b><span style=\"font-weight: 400;\">.<\/span><\/p>\n<p><span style=\"font-weight: 400;\">Perm\u00edtanos ayudarle con sus asuntos legales mientras usted se concentra en recuperarse de su accidente y lesiones. Cont\u00e1ctenos hoy mismo para obtener m\u00e1s informaci\u00f3n sobre nuestros servicios y apoyo legal.\u00a0\u00a0<\/span><\/p>\n<h2>Tipos de casos que maneja nuestro bufete de abogados de lesiones personales del estado de Washington<\/h2>\n<p><span style=\"font-weight: 400;\">Hacemos que sea f\u00e1cil conectarse con nuestro abogado de lesiones personales en Federal Way, quien priorizar\u00e1 su caso y lo colocar\u00e1 en una excelente posici\u00f3n para obtener una compensaci\u00f3n por sus p\u00e9rdidas.<\/span><\/p>\n<p><span style=\"font-weight: 400;\">Nuestros abogados disponibles para ayudarle con su caso incluyen:<\/span><\/p>\n<ul>\n<li><a href=\"https:\/\/plg-pllc.com\/federal-way\/car-accident-lawyer\/\"><b>Abogados de accidentes de tr\u00e1fico en Federal Way<\/b><\/a>: <span style=\"font-weight: 400;\">Trabaje con abogados especializados en accidentes de tr\u00e1fico que conocen a fondo las reclamaciones de seguros y las demandas por lesiones personales. Nuestros abogados ayudan a las v\u00edctimas de accidentes de tr\u00e1fico a exigir responsabilidades a los conductores y otras partes responsables por sus p\u00e9rdidas.\u00a0<\/span><\/li>\n<li><a href=\"https:\/\/plg-pllc.com\/federal-way\/truck-accident-lawyer\/\"><b>Abogados de accidentes de camiones en Federal Way<\/b><\/a>: <span style=\"font-weight: 400;\">D\u00e9janos ense\u00f1arte sobre <\/span><a href=\"https:\/\/www.fmcsa.dot.gov\/regulations\/hours-of-service\" target=\"_blank\" rel=\"noopener\"><span style=\"font-weight: 400;\">horas de servicio (HOS)<\/span><\/a><span style=\"font-weight: 400;\"> Normas y dem\u00e1s regulaciones de la industria del transporte por carretera aplicables a su caso. A partir de aqu\u00ed, podemos preparar un argumento dise\u00f1ado para demostrarle al juez o al jurado por qu\u00e9 merece una indemnizaci\u00f3n por las p\u00e9rdidas sufridas en un accidente de cami\u00f3n. <\/span><b>\u00a0<\/b><\/li>\n<li><a href=\"https:\/\/plg-pllc.com\/federal-way\/motorcycle-accident-lawyer\/\"><b>Abogados de accidentes de motocicleta en Federal Way<\/b><\/a>: <span style=\"font-weight: 400;\">Nuestros abogados priorizan las necesidades de los motociclistas y sus familias. Le ayudaremos a obtener una compensaci\u00f3n por los costos de reparaci\u00f3n de su motocicleta, la p\u00e9rdida de ingresos y otras p\u00e9rdidas derivadas de su accidente de motocicleta.\u00a0<\/span><\/li>\n<li><a href=\"https:\/\/plg-pllc.com\/federal-way\/bicycle-accident-lawyer\/\"><b>Abogados de accidentes de bicicleta en Federal Way<\/b><\/a>: <span style=\"font-weight: 400;\">No deje nada al azar si sufre lesiones en un accidente de bicicleta y la culpa es de otra persona. Deje que nuestros abogados lo representen y defiendan mientras busca una indemnizaci\u00f3n ante las compa\u00f1\u00edas de seguros u otras partes.\u00a0<\/span><\/li>\n<li><a href=\"https:\/\/plg-pllc.com\/federal-way\/pedestrian-accident-lawyer\/\"><b>Abogados de accidentes peatonales en Federal Way<\/b><\/a>: <span style=\"font-weight: 400;\">No presente una reclamaci\u00f3n ni demanda por accidente peatonal sin la ayuda de nuestros abogados. Determinaremos el valor de su caso y trabajaremos arduamente para obtener una indemnizaci\u00f3n de las compa\u00f1\u00edas de seguros u otras partes que cumpla con sus expectativas.\u00a0<\/span><\/li>\n<li><a href=\"https:\/\/plg-pllc.com\/federal-way\/dog-bite-lawyer\/\"><b>Abogados de mordeduras de perro en Federal Way<\/b><\/a>: <span style=\"font-weight: 400;\">Emprenda acciones legales contra el due\u00f1o de un perro si su mascota lo muerde y le causa lesiones. Nuestros abogados especializados en mordeduras de perro solicitar\u00e1n una indemnizaci\u00f3n por sus gastos m\u00e9dicos, angustia emocional y otras p\u00e9rdidas cuantificables y subjetivas relacionadas con el ataque y las lesiones de su perro.\u00a0<\/span><\/li>\n<\/ul>\n<p><span style=\"font-weight: 400;\">Por <\/span><a href=\"https:\/\/plg-pllc.com\/faqs\/washington-statute-of-limitations\/\"><span style=\"font-weight: 400;\">El estatuto de limitaciones de Washington<\/span><\/a><span style=\"font-weight: 400;\">, Por lo general, tiene hasta tres a\u00f1os a partir de la fecha en que sufri\u00f3 la lesi\u00f3n para presentar una demanda o reclamo por lesiones personales.<\/span><\/p>\n<p><span style=\"font-weight: 400;\">Hable con nosotros sobre su caso de lesiones personales y le explicaremos el apoyo legal que brindamos a nuestros clientes. Despu\u00e9s, podremos comenzar a presentar su reclamaci\u00f3n al seguro o demanda por lesiones personales de inmediato.\u00a0<\/span><\/p>\n<h2>\u00bfQu\u00e9 compensaci\u00f3n puede obtener despu\u00e9s de un accidente en el estado de Washington?<\/h2>\n<p><span style=\"font-weight: 400;\">Nuestro abogado de lesiones personales en Federal Way se har\u00e1 cargo de sus <\/span><b>Da\u00f1os econ\u00f3micos y no econ\u00f3micos <\/b><span style=\"font-weight: 400;\">para determinar cu\u00e1nto vale su caso.<\/span><\/p>\n<p><span style=\"font-weight: 400;\">Podemos alentarle a solicitar da\u00f1os y perjuicios por varios motivos, tales como:<\/span><\/p>\n<ul>\n<li style=\"font-weight: 400;\" aria-level=\"1\"><span style=\"font-weight: 400;\">Facturas m\u00e9dicas actuales y futuras por lesiones cerebrales traum\u00e1ticas (LCT), lesiones de la m\u00e9dula espinal (LME) u otras lesiones catastr\u00f3ficas\u00a0<\/span><\/li>\n<li style=\"font-weight: 400;\" aria-level=\"1\"><span style=\"font-weight: 400;\">P\u00e9rdida de salarios y disminuci\u00f3n del potencial de ingresos\u00a0<\/span><\/li>\n<li style=\"font-weight: 400;\" aria-level=\"1\"><span style=\"font-weight: 400;\">Costos de reparaci\u00f3n de la propiedad\u00a0<\/span><\/li>\n<li style=\"font-weight: 400;\" aria-level=\"1\"><span style=\"font-weight: 400;\">Angustia mental, malestar f\u00edsico, depresi\u00f3n y otros dolores y sufrimientos.\u00a0<\/span><\/li>\n<li style=\"font-weight: 400;\" aria-level=\"1\"><span style=\"font-weight: 400;\">P\u00e9rdida de compa\u00f1erismo y p\u00e9rdida de consorcio<\/span><\/li>\n<\/ul>\n<p><span style=\"font-weight: 400;\">Las fotograf\u00edas de la escena del accidente, las declaraciones de testigos, los informes policiales, los registros m\u00e9dicos y otras pruebas marcan la diferencia en su caso de lesiones personales.<\/span><\/p>\n<p><span style=\"font-weight: 400;\">Si cuenta con abundantes pruebas, es cada vez m\u00e1s probable que la parte responsable ofrezca un acuerdo razonable. Por otro lado, si presenta una demanda por lesiones personales que llega a juicio, su conjunto de pruebas puede ayudarle a demostrar negligencia.\u00a0<\/span><\/p>\n\n        <div class=\"rs-content-cta long\">\n            <p>Para una consulta legal GRATUITA con un abogado de lesiones personales que preste servicios en Federal Way, llame al <a href=\"tel:+12062851743\">(206) 285-1743 <\/a><\/p>\n            <a href=\"https:\/\/plg-pllc.com\/es\/contact-us\/\" title=\"OBTENGA UNA EVALUACI\u00d3N DE CASO GRATUITA\" class=\"btn-global\">OBTENGA UNA EVALUACI\u00d3N DE CASO GRATUITA<\/a>\n                    <picture>\n                            <source srcset=\"https:\/\/plg-pllc.com\/wp-content\/themes\/plg-pllc-redesign\/assets\/app\/img\/cta-thumb.webp\" type=\"image\/webp\"\/>\n                            <img src=\"https:\/\/plg-pllc.com\/wp-content\/themes\/plg-pllc-redesign\/assets\/app\/img\/cta-thumb.png\" alt=\"Grupo de abogados Premier\" title=\"Grupo de abogados Premier\" width=\"245\" height=\"220\" loading=\"auto\" fetchpriority=\"auto\" decoding=\"async\"\/>\n        <\/picture>\n        \n        <\/div><h2>Somos personas reales comprometidas a ayudarle con su caso de lesiones personales en el estado de Washington.<\/h2>\n<p><span style=\"font-weight: 400;\">Eval\u00fae cuidadosamente sus opciones legales si no est\u00e1 seguro de si presentar una reclamaci\u00f3n o demanda por lesiones personales. Si no hace nada, ser\u00e1 responsable de sus facturas m\u00e9dicas, p\u00e9rdida de ingresos y otras p\u00e9rdidas que pueda enfrentar.<\/span><\/p>\n<p><span style=\"font-weight: 400;\">Por otro lado, si se asocia con nuestros abogados de lesiones personales de Federal Way, puede obtener la ayuda que necesita para obtener da\u00f1os y perjuicios de cualquier parte responsable.\u00a0<\/span><\/p>\n<p><span style=\"font-weight: 400;\">Premier Law Group se ha recuperado <\/span><b>m\u00e1s de $100 millones para nuestros clientes<\/b><span style=\"font-weight: 400;\">. Nuestros abogados de lesiones personales de Federal Way se enfrentar\u00e1n a las compa\u00f1\u00edas de seguros y otras partes por usted.<\/span><\/p>\n<p><span style=\"font-weight: 400;\">Abordaremos sus desaf\u00edos legales y demostraremos que su solicitud de da\u00f1os por p\u00e9rdida de salarios, dolor y sufrimiento y otras p\u00e9rdidas est\u00e1 justificada.<\/span><\/p>\n<p><span style=\"font-weight: 400;\">Para obtener m\u00e1s informaci\u00f3n, solicite una consulta telef\u00f3nica gratuita para cualquier caso de lesiones personales con un abogado. <\/span><\/p>\n\n        <div class=\"rs-content-cta\">\n            <p>Llamar o enviar mensaje de texto <a href=\"tel:+12062851743\">(206) 285-1743<\/a> o complete un formulario de evaluaci\u00f3n de caso gratuito<\/p>\n            <a href=\"https:\/\/plg-pllc.com\/es\/contact-us\/\" title=\"OBTENGA UNA EVALUACI\u00d3N DE CASO GRATUITA\" class=\"btn-global\">OBTENGA UNA EVALUACI\u00d3N DE CASO GRATUITA<\/a>\n                    <picture>\n                            <source srcset=\"https:\/\/plg-pllc.com\/wp-content\/themes\/plg-pllc-redesign\/assets\/app\/img\/cta-thumb.webp\" type=\"image\/webp\"\/>\n                            <img src=\"https:\/\/plg-pllc.com\/wp-content\/themes\/plg-pllc-redesign\/assets\/app\/img\/cta-thumb.png\" alt=\"Grupo de abogados Premier\" title=\"Grupo de abogados Premier\" width=\"245\" height=\"220\" loading=\"auto\" fetchpriority=\"auto\" decoding=\"async\"\/>\n        <\/picture>\n        \n        <\/div>","protected":false},"excerpt":{"rendered":"<p>Un accidente puede afectar todos los aspectos de tu vida. Quiz\u00e1s te preguntes si podr\u00e1s trabajar y c\u00f3mo repercutir\u00e1 esto en tu situaci\u00f3n econ\u00f3mica. Adem\u00e1s, puede que incluso te preguntes si tu vida volver\u00e1 a la normalidad que ten\u00edas antes del accidente. Todas estas preocupaciones pueden resultar abrumadoras\u2026<\/p>","protected":false},"author":49,"featured_media":0,"parent":0,"menu_order":0,"comment_status":"closed","ping_status":"closed","template":"","meta":{"_acf_changed":false,"_genesis_hide_title":false,"_genesis_hide_breadcrumbs":false,"_genesis_hide_singular_image":false,"_genesis_hide_footer_widgets":false,"_genesis_custom_body_class":"","_genesis_custom_post_class":"","_genesis_layout":"","footnotes":""},"hc_faqs":[],"class_list":{"0":"post-20716","1":"page","2":"type-page","3":"status-publish","5":"hc_city_location-federal-way","6":"entry"},"acf":[],"yoast_head":"<!-- This site is optimized with the Yoast SEO plugin v27.4 - https:\/\/yoast.com\/product\/yoast-seo-wordpress\/ -->\n<title>Personal Injury Lawyer in Federal Way | Get Legal Help Today<\/title>\n<meta name=\"description\" content=\"Partner with a Federal Way personal injury lawyer from Premier Law Group. Our team has over 55 years of combined experience. Contact us.\" \/>\n<meta name=\"robots\" content=\"index, follow, max-snippet:-1, max-image-preview:large, max-video-preview:-1\" \/>\n<link rel=\"canonical\" href=\"https:\/\/plg-pllc.com\/es\/federal-way\/personal-injury-lawyer\/\" \/>\n<meta property=\"og:locale\" content=\"es_MX\" \/>\n<meta property=\"og:type\" content=\"article\" \/>\n<meta property=\"og:title\" content=\"Personal Injury Lawyer in Federal Way | Get Legal Help Today\" \/>\n<meta property=\"og:description\" content=\"Partner with a Federal Way personal injury lawyer from Premier Law Group. Our team has over 55 years of combined experience. Contact us.\" \/>\n<meta property=\"og:url\" content=\"https:\/\/plg-pllc.com\/es\/federal-way\/personal-injury-lawyer\/\" \/>\n<meta property=\"og:site_name\" content=\"Premier Law Group\" \/>\n<meta property=\"article:publisher\" content=\"https:\/\/www.facebook.com\/premierlawgroup\" \/>\n<meta property=\"article:modified_time\" content=\"2026-02-27T18:51:36+00:00\" \/>\n<meta name=\"twitter:card\" content=\"summary_large_image\" \/>\n<meta name=\"twitter:site\" content=\"@premierlawgroup\" \/>\n<meta name=\"twitter:label1\" content=\"Tiempo de lectura\" \/>\n\t<meta name=\"twitter:data1\" content=\"5 minutos\" \/>\n<script type=\"application\/ld+json\" class=\"yoast-schema-graph\">{\"@context\":\"https:\\\/\\\/schema.org\",\"@graph\":[{\"@type\":\"WebPage\",\"@id\":\"https:\\\/\\\/plg-pllc.com\\\/federal-way\\\/personal-injury-lawyer\\\/\",\"url\":\"https:\\\/\\\/plg-pllc.com\\\/federal-way\\\/personal-injury-lawyer\\\/\",\"name\":\"Personal Injury Lawyer in Federal Way | Get Legal Help Today\",\"isPartOf\":{\"@id\":\"https:\\\/\\\/plg-pllc.com\\\/#website\"},\"datePublished\":\"2024-09-27T13:19:46+00:00\",\"dateModified\":\"2026-02-27T18:51:36+00:00\",\"description\":\"Partner with a Federal Way personal injury lawyer from Premier Law Group. Our team has over 55 years of combined experience. Contact us.\",\"breadcrumb\":{\"@id\":\"https:\\\/\\\/plg-pllc.com\\\/federal-way\\\/personal-injury-lawyer\\\/#breadcrumb\"},\"inLanguage\":\"es\",\"potentialAction\":[{\"@type\":\"ReadAction\",\"target\":[\"https:\\\/\\\/plg-pllc.com\\\/federal-way\\\/personal-injury-lawyer\\\/\"]}]},{\"@type\":\"BreadcrumbList\",\"@id\":\"https:\\\/\\\/plg-pllc.com\\\/federal-way\\\/personal-injury-lawyer\\\/#breadcrumb\",\"itemListElement\":[{\"@type\":\"ListItem\",\"position\":1,\"name\":\"Home\",\"item\":\"https:\\\/\\\/plg-pllc.com\\\/es\\\/\"},{\"@type\":\"ListItem\",\"position\":2,\"name\":\"Federal Way Personal Injury Lawyer\"}]},{\"@type\":\"WebSite\",\"@id\":\"https:\\\/\\\/plg-pllc.com\\\/#website\",\"url\":\"https:\\\/\\\/plg-pllc.com\\\/\",\"name\":\"Premier Law Group\",\"description\":\"Washington Wrongful Death and Serious Injury Lawyer\",\"publisher\":{\"@id\":\"https:\\\/\\\/plg-pllc.com\\\/#organization\"},\"inLanguage\":\"es\"},{\"@type\":\"Organization\",\"@id\":\"https:\\\/\\\/plg-pllc.com\\\/#organization\",\"name\":\"Premier Law Group\",\"url\":\"https:\\\/\\\/plg-pllc.com\\\/\",\"logo\":{\"@type\":\"ImageObject\",\"inLanguage\":\"es\",\"@id\":\"https:\\\/\\\/plg-pllc.com\\\/#\\\/schema\\\/logo\\\/image\\\/\",\"url\":\"https:\\\/\\\/plg-pllc.com\\\/wp-content\\\/uploads\\\/2020\\\/10\\\/plg-logo-v2.gif\",\"contentUrl\":\"https:\\\/\\\/plg-pllc.com\\\/wp-content\\\/uploads\\\/2020\\\/10\\\/plg-logo-v2.gif\",\"width\":592,\"height\":191,\"caption\":\"Premier Law Group\"},\"image\":{\"@id\":\"https:\\\/\\\/plg-pllc.com\\\/#\\\/schema\\\/logo\\\/image\\\/\"},\"sameAs\":[\"https:\\\/\\\/www.facebook.com\\\/premierlawgroup\",\"https:\\\/\\\/x.com\\\/premierlawgroup\"]}]}<\/script>\n<!-- \/ Yoast SEO plugin. -->","yoast_head_json":{"title":"Abogado de lesiones personales en Federal Way | Obtenga ayuda legal hoy mismo","description":"Colabore con un abogado especializado en lesiones personales de Premier Law Group en Federal Way. Nuestro equipo cuenta con m\u00e1s de 55 a\u00f1os de experiencia. Cont\u00e1ctenos.","robots":{"index":"index","follow":"follow","max-snippet":"max-snippet:-1","max-image-preview":"max-image-preview:large","max-video-preview":"max-video-preview:-1"},"canonical":"https:\/\/plg-pllc.com\/es\/federal-way\/personal-injury-lawyer\/","og_locale":"es_MX","og_type":"article","og_title":"Personal Injury Lawyer in Federal Way | Get Legal Help Today","og_description":"Partner with a Federal Way personal injury lawyer from Premier Law Group. Our team has over 55 years of combined experience. Contact us.","og_url":"https:\/\/plg-pllc.com\/es\/federal-way\/personal-injury-lawyer\/","og_site_name":"Premier Law Group","article_publisher":"https:\/\/www.facebook.com\/premierlawgroup","article_modified_time":"2026-02-27T18:51:36+00:00","twitter_card":"summary_large_image","twitter_site":"@premierlawgroup","twitter_misc":{"Tiempo de lectura":"5 minutos"},"schema":{"@context":"https:\/\/schema.org","@graph":[{"@type":"WebPage","@id":"https:\/\/plg-pllc.com\/federal-way\/personal-injury-lawyer\/","url":"https:\/\/plg-pllc.com\/federal-way\/personal-injury-lawyer\/","name":"Abogado de lesiones personales en Federal Way | Obtenga ayuda legal hoy mismo","isPartOf":{"@id":"https:\/\/plg-pllc.com\/#website"},"datePublished":"2024-09-27T13:19:46+00:00","dateModified":"2026-02-27T18:51:36+00:00","description":"Colabore con un abogado especializado en lesiones personales de Premier Law Group en Federal Way. Nuestro equipo cuenta con m\u00e1s de 55 a\u00f1os de experiencia. Cont\u00e1ctenos.","breadcrumb":{"@id":"https:\/\/plg-pllc.com\/federal-way\/personal-injury-lawyer\/#breadcrumb"},"inLanguage":"es","potentialAction":[{"@type":"ReadAction","target":["https:\/\/plg-pllc.com\/federal-way\/personal-injury-lawyer\/"]}]},{"@type":"BreadcrumbList","@id":"https:\/\/plg-pllc.com\/federal-way\/personal-injury-lawyer\/#breadcrumb","itemListElement":[{"@type":"ListItem","position":1,"name":"Home","item":"https:\/\/plg-pllc.com\/es\/"},{"@type":"ListItem","position":2,"name":"Federal Way Personal Injury Lawyer"}]},{"@type":"WebSite","@id":"https:\/\/plg-pllc.com\/#website","url":"https:\/\/plg-pllc.com\/","name":"Grupo de abogados Premier","description":"Abogado de muerte por negligencia y lesiones graves en Washington","publisher":{"@id":"https:\/\/plg-pllc.com\/#organization"},"inLanguage":"es"},{"@type":"Organization","@id":"https:\/\/plg-pllc.com\/#organization","name":"Grupo de abogados Premier","url":"https:\/\/plg-pllc.com\/","logo":{"@type":"ImageObject","inLanguage":"es","@id":"https:\/\/plg-pllc.com\/#\/schema\/logo\/image\/","url":"https:\/\/plg-pllc.com\/wp-content\/uploads\/2020\/10\/plg-logo-v2.gif","contentUrl":"https:\/\/plg-pllc.com\/wp-content\/uploads\/2020\/10\/plg-logo-v2.gif","width":592,"height":191,"caption":"Premier Law Group"},"image":{"@id":"https:\/\/plg-pllc.com\/#\/schema\/logo\/image\/"},"sameAs":["https:\/\/www.facebook.com\/premierlawgroup","https:\/\/x.com\/premierlawgroup"]}]}},"_links":{"self":[{"href":"https:\/\/plg-pllc.com\/es\/wp-json\/wp\/v2\/pages\/20716","targetHints":{"allow":["GET"]}}],"collection":[{"href":"https:\/\/plg-pllc.com\/es\/wp-json\/wp\/v2\/pages"}],"about":[{"href":"https:\/\/plg-pllc.com\/es\/wp-json\/wp\/v2\/types\/page"}],"author":[{"embeddable":true,"href":"https:\/\/plg-pllc.com\/es\/wp-json\/wp\/v2\/users\/49"}],"replies":[{"embeddable":true,"href":"https:\/\/plg-pllc.com\/es\/wp-json\/wp\/v2\/comments?post=20716"}],"version-history":[{"count":0,"href":"https:\/\/plg-pllc.com\/es\/wp-json\/wp\/v2\/pages\/20716\/revisions"}],"wp:attachment":[{"href":"https:\/\/plg-pllc.com\/es\/wp-json\/wp\/v2\/media?parent=20716"}],"wp:term":[{"taxonomy":"hc_faqs","embeddable":true,"href":"https:\/\/plg-pllc.com\/es\/wp-json\/wp\/v2\/hc_faqs?post=20716"}],"curies":[{"name":"gracias","href":"https:\/\/api.w.org\/{rel}","templated":true}]}}