{"id":20881,"date":"2024-10-24T11:04:23","date_gmt":"2024-10-24T18:04:23","guid":{"rendered":"https:\/\/plg-pllc.com\/?page_id=20881"},"modified":"2025-02-10T13:15:14","modified_gmt":"2025-02-10T21:15:14","slug":"premier-educators","status":"publish","type":"page","link":"https:\/\/plg-pllc.com\/es\/about-us\/premier-educators\/","title":{"rendered":"Educadores de primer nivel"},"content":{"rendered":"<h2>\u00a1AHORA ACEPTANDO NOMINACIONES!<\/h2>\n<h3>\u00a1Nomina a tu profesor antes del 11 de abril de 2025 y podr\u00eda ser seleccionado para ganar $500!<\/h3>\n<h2>Celebremos a nuestros educadores: educadores de primer nivel<\/h2>\n<p>En Premier Law Group, creemos en el poder de la comunidad y en el incre\u00edble impacto que tienen los docentes en la configuraci\u00f3n de nuestro futuro. Por eso, estamos encantados de anunciar nuestro <b>\u201cEducadores de primer nivel\u201d<\/b><span style=\"font-weight: 400;\"> programa, una iniciativa sincera dise\u00f1ada para honrar y celebrar a los educadores destacados del condado de King, Washington.<\/span><\/p>\n<p><span style=\"font-weight: 400;\"><span style=\"font-weight: 400;\"><strong>Cada semestre, otorgamos un premio $500 a un maestro extraordinario que va m\u00e1s all\u00e1 al guiar e inspirar a sus estudiantes.<\/strong> No se trata s\u00f3lo de reconocer la excelencia; se trata de retribuir a quienes ponen su pasi\u00f3n en moldear mentes j\u00f3venes todos los d\u00edas.<\/span><\/span><\/p>\n<h2>\u00a1Nomine a un educador Premier hoy!<\/h2>\n<p><img loading=\"lazy\" decoding=\"async\" class=\"size-medium wp-image-20884 alignright\" src=\"https:\/\/plg-pllc.com\/wp-content\/uploads\/2024\/10\/pexels-lina-1741230-300x200.jpg\" alt=\"\" width=\"300\" height=\"200\" srcset=\"https:\/\/plg-pllc.com\/wp-content\/uploads\/2024\/10\/pexels-lina-1741230-300x200.jpg 300w, https:\/\/plg-pllc.com\/wp-content\/uploads\/2024\/10\/pexels-lina-1741230-1024x683.jpg 1024w, https:\/\/plg-pllc.com\/wp-content\/uploads\/2024\/10\/pexels-lina-1741230-768x512.jpg 768w, https:\/\/plg-pllc.com\/wp-content\/uploads\/2024\/10\/pexels-lina-1741230-1536x1024.jpg 1536w, https:\/\/plg-pllc.com\/wp-content\/uploads\/2024\/10\/pexels-lina-1741230-2048x1365.jpg 2048w, https:\/\/plg-pllc.com\/wp-content\/uploads\/2024\/10\/pexels-lina-1741230-18x12.jpg 18w\" sizes=\"auto, (max-width: 300px) 100vw, 300px\" \/>\u00bfConoces a un profesor que se merezca una ovaci\u00f3n de pie? Quiz\u00e1s haya despertado en un alumno el amor por el aprendizaje o haya brindado un apoyo inquebrantable cuando m\u00e1s lo necesitaba. \u00a1Ahora es el momento de destacar sus esfuerzos! Las nominaciones est\u00e1n abiertas a todo el mundo: padres, alumnos, compa\u00f1eros docentes o incluso autonominaciones son bienvenidas.<\/p>\n<h2>C\u00f3mo nominar a un educador de primer nivel:<\/h2>\n<ul>\n<li style=\"font-weight: 400;\" aria-level=\"1\"><b>Llene el formulario:<\/b><span style=\"font-weight: 400;\"> Complete un breve formulario con sus datos de contacto y la informaci\u00f3n del profesor.<\/span><\/li>\n<li style=\"font-weight: 400;\" aria-level=\"1\"><b>Comparte su historia:<\/b><span style=\"font-weight: 400;\"> Cu\u00e9ntenos por qu\u00e9 este maestro se destaca y merece ser celebrado.<\/span><\/li>\n<li style=\"font-weight: 400;\" aria-level=\"1\"><b>Presentar antes del 1 de diciembre:<\/b><span style=\"font-weight: 400;\"> Aseg\u00farese de que su nominaci\u00f3n nos llegue antes de la medianoche del 1 de diciembre para ser considerada.<\/span><\/li>\n<\/ul>\n<p><span style=\"font-weight: 400;\">En Premier Law Group, somos m\u00e1s que un bufete de abogados; somos sus vecinos, amigos y partidarios de la comunidad. \u00danase a nosotros para mostrar gratitud a los educadores que incansablemente forman a nuestros futuros l\u00edderes.<\/span><\/p>\n<div id=\"education-form\" class=\"_form_27\"><\/div>\n<p><script src=\"https:\/\/premierlawgroup.activehosted.com\/f\/embed.php?id=27\" charset=\"utf-8\"><\/script><\/p>\n<h3>\u00a1Nomine a un Educador Premier hoy y ay\u00fadenos a hacer la diferencia!<\/h3>\n<p><span style=\"font-weight: 400;\">Juntos, enaltecemos a quienes dedican su vida a ense\u00f1ar e inspirar a la pr\u00f3xima generaci\u00f3n. \u00a1Gracias por ser parte de este maravilloso viaje con nosotros!<\/span><\/p>\n<p><img loading=\"lazy\" decoding=\"async\" class=\"alignnone wp-image-20899\" src=\"https:\/\/plg-pllc.com\/wp-content\/uploads\/2024\/10\/Jason-E.-TOM-267x300.png\" alt=\"\" width=\"691\" height=\"776\" srcset=\"https:\/\/plg-pllc.com\/wp-content\/uploads\/2024\/10\/Jason-E.-TOM-267x300.png 267w, https:\/\/plg-pllc.com\/wp-content\/uploads\/2024\/10\/Jason-E.-TOM-911x1024.png 911w, https:\/\/plg-pllc.com\/wp-content\/uploads\/2024\/10\/Jason-E.-TOM-768x863.png 768w, https:\/\/plg-pllc.com\/wp-content\/uploads\/2024\/10\/Jason-E.-TOM-11x12.png 11w, https:\/\/plg-pllc.com\/wp-content\/uploads\/2024\/10\/Jason-E.-TOM.png 1014w\" sizes=\"auto, (max-width: 691px) 100vw, 691px\" \/><\/p>\n<p style=\"text-align: center;\"><em>Jason Epstein y Marianne Nulle en la escuela secundaria Issaquah.<\/em><\/p>\n<h2>Una mirada retrospectiva a nuestro programa anterior de Maestro del Mes<\/h2>\n<p><img loading=\"lazy\" decoding=\"async\" class=\"alignnone wp-image-20898\" src=\"https:\/\/plg-pllc.com\/wp-content\/uploads\/2024\/10\/Jason-E.-TOM-2-225x300.jpg\" alt=\"\" width=\"703\" height=\"937\" srcset=\"https:\/\/plg-pllc.com\/wp-content\/uploads\/2024\/10\/Jason-E.-TOM-2-225x300.jpg 225w, https:\/\/plg-pllc.com\/wp-content\/uploads\/2024\/10\/Jason-E.-TOM-2-9x12.jpg 9w, https:\/\/plg-pllc.com\/wp-content\/uploads\/2024\/10\/Jason-E.-TOM-2.jpg 600w\" sizes=\"auto, (max-width: 703px) 100vw, 703px\" \/><\/p>\n<p style=\"text-align: center;\"><em>Jason Epstein y Marianne Nulle en la escuela secundaria Issaquah.<\/em><\/p>\n<h2>Ganadores anteriores del premio Maestro del Mes<\/h2>\n<div class=\"row\">\n<div class=\"col-lg-6 mb-4\">\n<p><script src=\"https:\/\/fast.wistia.com\/embed\/medias\/e6ytswdacw.jsonp\" async=\"\"><\/script><script src=\"https:\/\/fast.wistia.com\/assets\/external\/E-v1.js\" async=\"\"><\/script><\/p>\n<div class=\"wistia_responsive_padding\" style=\"padding: 56.25% 0 0 0; position: relative;\">\n<div class=\"wistia_responsive_wrapper\" style=\"height: 100%; left: 0; position: absolute; top: 0; width: 100%;\"><span class=\"wistia_embed wistia_async_e6ytswdacw popover=true popoverAnimateThumbnail=true videoFoam=true\" style=\"display: inline-block; height: 100%; position: relative; width: 100%;\">\u00a0<\/span><\/div>\n<\/div>\n<div class=\"teacher-winners_desc\">\n<h4 class=\"brand-red\">David Newton<\/h4>\n<p>Escuela secundaria Risdon<\/p>\n<p><a href=\"https:\/\/plg-pllc.com\/about-us\/\">Historia completa<\/a><\/p>\n<\/div>\n<\/div>\n<div class=\"col-lg-6 mb-4\">\n<p><script src=\"https:\/\/fast.wistia.com\/embed\/medias\/i7qmzak8go.jsonp\" async=\"\"><\/script><script src=\"https:\/\/fast.wistia.com\/assets\/external\/E-v1.js\" async=\"\"><\/script><\/p>\n<div class=\"wistia_responsive_padding\" style=\"padding: 56.25% 0 0 0; position: relative;\">\n<div class=\"wistia_responsive_wrapper\" style=\"height: 100%; left: 0; position: absolute; top: 0; width: 100%;\"><span class=\"wistia_embed wistia_async_i7qmzak8go popover=true popoverAnimateThumbnail=true videoFoam=true\" style=\"display: inline-block; height: 100%; position: relative; width: 100%;\">\u00a0<\/span><\/div>\n<\/div>\n<div class=\"teacher-winners_desc\">\n<h4 class=\"brand-red\">Natalia Schr\u00f6der<\/h4>\n<p>Escuela secundaria Hazen<\/p>\n<p><a href=\"https:\/\/plg-pllc.com\/community-service\/teacher-of-the-month\/\">Historia completa<\/a><\/p>\n<\/div>\n<\/div>\n<div class=\"col-lg-6 mb-4\">\n<p><script src=\"https:\/\/fast.wistia.com\/embed\/medias\/g9ql61n05m.jsonp\" async=\"\"><\/script><script src=\"https:\/\/fast.wistia.com\/assets\/external\/E-v1.js\" async=\"\"><\/script><\/p>\n<div class=\"wistia_responsive_padding\" style=\"padding: 56.25% 0 0 0; position: relative;\">\n<div class=\"wistia_responsive_wrapper\" style=\"height: 100%; left: 0; position: absolute; top: 0; width: 100%;\"><span class=\"wistia_embed wistia_async_g9ql61n05m popover=true popoverAnimateThumbnail=true videoFoam=true\" style=\"display: inline-block; height: 100%; position: relative; width: 100%;\">\u00a0<\/span><\/div>\n<\/div>\n<div class=\"teacher-winners_desc\">\n<h4 class=\"brand-red\">Thomas Coraggio<\/h4>\n<p>Escuela secundaria Mount Rainier<\/p>\n<p>Historia completa<\/p>\n<\/div>\n<\/div>\n<div class=\"col-lg-6 mb-4\">\n<p><script src=\"https:\/\/fast.wistia.com\/embed\/medias\/6y4lw1zt6p.jsonp\" async=\"\"><\/script><script src=\"https:\/\/fast.wistia.com\/assets\/external\/E-v1.js\" async=\"\"><\/script><\/p>\n<div class=\"wistia_responsive_padding\" style=\"padding: 56.25% 0 0 0; position: relative;\">\n<div class=\"wistia_responsive_wrapper\" style=\"height: 100%; left: 0; position: absolute; top: 0; width: 100%;\"><span class=\"wistia_embed wistia_async_6y4lw1zt6p popover=true popoverAnimateThumbnail=true videoFoam=true\" style=\"display: inline-block; height: 100%; position: relative; width: 100%;\">\u00a0<\/span><\/div>\n<\/div>\n<div class=\"teacher-winners_desc\">\n<h4 class=\"brand-red\">Marianne Null<\/h4>\n<p>Escuela secundaria Issaquah<\/p>\n<\/div>\n<\/div>\n<\/div>","protected":false},"excerpt":{"rendered":"<p>\u00a1AHORA ACEPTAMOS NOMINACIONES! Nomina a tu docente antes del 11 de abril de 2025 y \u00a1podr\u00eda ser seleccionado para ganar $500! Celebremos a nuestros educadores: educadores de primer nivel En Premier Law Group, creemos en el poder de la comunidad y el incre\u00edble impacto que tienen los docentes en la configuraci\u00f3n de nuestro futuro. Es por eso que estamos encantados de anunciar nuestro programa \u201cEducadores de primer nivel\u201d, un\u2026<\/p>","protected":false},"author":49,"featured_media":0,"parent":13189,"menu_order":0,"comment_status":"closed","ping_status":"closed","template":"page-nominate.php","meta":{"_acf_changed":false,"_genesis_hide_title":false,"_genesis_hide_breadcrumbs":false,"_genesis_hide_singular_image":false,"_genesis_hide_footer_widgets":false,"_genesis_custom_body_class":"","_genesis_custom_post_class":"","_genesis_layout":"full-width-content","footnotes":""},"hc_faqs":[],"class_list":{"0":"post-20881","1":"page","2":"type-page","3":"status-publish","5":"entry","6":"has-post-thumbnail"},"acf":[],"yoast_head":"<!-- This site is optimized with the Yoast SEO plugin v27.4 - https:\/\/yoast.com\/product\/yoast-seo-wordpress\/ -->\n<title>Premier Educators | Premier Law Group<\/title>\n<meta name=\"description\" content=\"At Premier Law Group, we are more than just a law firm; we are your neighbors, friends, and community supporters.\" \/>\n<meta name=\"robots\" content=\"index, follow, max-snippet:-1, max-image-preview:large, max-video-preview:-1\" \/>\n<link rel=\"canonical\" href=\"https:\/\/plg-pllc.com\/es\/about-us\/premier-educators\/\" \/>\n<meta property=\"og:locale\" content=\"es_MX\" \/>\n<meta property=\"og:type\" content=\"article\" \/>\n<meta property=\"og:title\" content=\"Premier Educators | Premier Law Group\" \/>\n<meta property=\"og:description\" content=\"At Premier Law Group, we are more than just a law firm; we are your neighbors, friends, and community supporters.\" \/>\n<meta property=\"og:url\" content=\"https:\/\/plg-pllc.com\/es\/about-us\/premier-educators\/\" \/>\n<meta property=\"og:site_name\" content=\"Premier Law Group\" \/>\n<meta property=\"article:publisher\" content=\"https:\/\/www.facebook.com\/premierlawgroup\" \/>\n<meta property=\"article:modified_time\" content=\"2025-02-10T21:15:14+00:00\" \/>\n<meta property=\"og:image\" content=\"https:\/\/plg-pllc.com\/wp-content\/uploads\/2024\/10\/pexels-lina-1741230-scaled.jpg\" \/>\n\t<meta property=\"og:image:width\" content=\"2560\" \/>\n\t<meta property=\"og:image:height\" content=\"1707\" \/>\n\t<meta property=\"og:image:type\" content=\"image\/jpeg\" \/>\n<meta name=\"twitter:card\" content=\"summary_large_image\" \/>\n<meta name=\"twitter:site\" content=\"@premierlawgroup\" \/>\n<meta name=\"twitter:label1\" content=\"Tiempo de lectura\" \/>\n\t<meta name=\"twitter:data1\" content=\"3 minutos\" \/>\n<script type=\"application\/ld+json\" class=\"yoast-schema-graph\">{\"@context\":\"https:\\\/\\\/schema.org\",\"@graph\":[{\"@type\":\"WebPage\",\"@id\":\"https:\\\/\\\/plg-pllc.com\\\/about-us\\\/premier-educators\\\/\",\"url\":\"https:\\\/\\\/plg-pllc.com\\\/about-us\\\/premier-educators\\\/\",\"name\":\"Premier Educators | Premier Law Group\",\"isPartOf\":{\"@id\":\"https:\\\/\\\/plg-pllc.com\\\/#website\"},\"primaryImageOfPage\":{\"@id\":\"https:\\\/\\\/plg-pllc.com\\\/about-us\\\/premier-educators\\\/#primaryimage\"},\"image\":{\"@id\":\"https:\\\/\\\/plg-pllc.com\\\/about-us\\\/premier-educators\\\/#primaryimage\"},\"thumbnailUrl\":\"https:\\\/\\\/plg-pllc.com\\\/wp-content\\\/uploads\\\/2024\\\/10\\\/pexels-lina-1741230-300x200.jpg\",\"datePublished\":\"2024-10-24T18:04:23+00:00\",\"dateModified\":\"2025-02-10T21:15:14+00:00\",\"description\":\"At Premier Law Group, we are more than just a law firm; we are your neighbors, friends, and community supporters.\",\"breadcrumb\":{\"@id\":\"https:\\\/\\\/plg-pllc.com\\\/about-us\\\/premier-educators\\\/#breadcrumb\"},\"inLanguage\":\"es\",\"potentialAction\":[{\"@type\":\"ReadAction\",\"target\":[\"https:\\\/\\\/plg-pllc.com\\\/about-us\\\/premier-educators\\\/\"]}]},{\"@type\":\"ImageObject\",\"inLanguage\":\"es\",\"@id\":\"https:\\\/\\\/plg-pllc.com\\\/about-us\\\/premier-educators\\\/#primaryimage\",\"url\":\"https:\\\/\\\/plg-pllc.com\\\/wp-content\\\/uploads\\\/2024\\\/10\\\/pexels-lina-1741230-300x200.jpg\",\"contentUrl\":\"https:\\\/\\\/plg-pllc.com\\\/wp-content\\\/uploads\\\/2024\\\/10\\\/pexels-lina-1741230-300x200.jpg\"},{\"@type\":\"BreadcrumbList\",\"@id\":\"https:\\\/\\\/plg-pllc.com\\\/about-us\\\/premier-educators\\\/#breadcrumb\",\"itemListElement\":[{\"@type\":\"ListItem\",\"position\":1,\"name\":\"Home\",\"item\":\"https:\\\/\\\/plg-pllc.com\\\/es\\\/\"},{\"@type\":\"ListItem\",\"position\":2,\"name\":\"About Us\",\"item\":\"https:\\\/\\\/plg-pllc.com\\\/es\\\/about-us\\\/\"},{\"@type\":\"ListItem\",\"position\":3,\"name\":\"Premier Educators\"}]},{\"@type\":\"WebSite\",\"@id\":\"https:\\\/\\\/plg-pllc.com\\\/#website\",\"url\":\"https:\\\/\\\/plg-pllc.com\\\/\",\"name\":\"Premier Law Group\",\"description\":\"Washington Wrongful Death and Serious Injury Lawyer\",\"publisher\":{\"@id\":\"https:\\\/\\\/plg-pllc.com\\\/#organization\"},\"inLanguage\":\"es\"},{\"@type\":\"Organization\",\"@id\":\"https:\\\/\\\/plg-pllc.com\\\/#organization\",\"name\":\"Premier Law Group\",\"url\":\"https:\\\/\\\/plg-pllc.com\\\/\",\"logo\":{\"@type\":\"ImageObject\",\"inLanguage\":\"es\",\"@id\":\"https:\\\/\\\/plg-pllc.com\\\/#\\\/schema\\\/logo\\\/image\\\/\",\"url\":\"https:\\\/\\\/plg-pllc.com\\\/wp-content\\\/uploads\\\/2020\\\/10\\\/plg-logo-v2.gif\",\"contentUrl\":\"https:\\\/\\\/plg-pllc.com\\\/wp-content\\\/uploads\\\/2020\\\/10\\\/plg-logo-v2.gif\",\"width\":592,\"height\":191,\"caption\":\"Premier Law Group\"},\"image\":{\"@id\":\"https:\\\/\\\/plg-pllc.com\\\/#\\\/schema\\\/logo\\\/image\\\/\"},\"sameAs\":[\"https:\\\/\\\/www.facebook.com\\\/premierlawgroup\",\"https:\\\/\\\/x.com\\\/premierlawgroup\"]}]}<\/script>\n<!-- \/ Yoast SEO plugin. -->","yoast_head_json":{"title":"Educadores de primer nivel | Grupo jur\u00eddico Premier","description":"En Premier Law Group, somos m\u00e1s que un bufete de abogados; somos sus vecinos, amigos y partidarios de la comunidad.","robots":{"index":"index","follow":"follow","max-snippet":"max-snippet:-1","max-image-preview":"max-image-preview:large","max-video-preview":"max-video-preview:-1"},"canonical":"https:\/\/plg-pllc.com\/es\/about-us\/premier-educators\/","og_locale":"es_MX","og_type":"article","og_title":"Premier Educators | Premier Law Group","og_description":"At Premier Law Group, we are more than just a law firm; we are your neighbors, friends, and community supporters.","og_url":"https:\/\/plg-pllc.com\/es\/about-us\/premier-educators\/","og_site_name":"Premier Law Group","article_publisher":"https:\/\/www.facebook.com\/premierlawgroup","article_modified_time":"2025-02-10T21:15:14+00:00","og_image":[{"width":2560,"height":1707,"url":"https:\/\/plg-pllc.com\/wp-content\/uploads\/2024\/10\/pexels-lina-1741230-scaled.jpg","type":"image\/jpeg"}],"twitter_card":"summary_large_image","twitter_site":"@premierlawgroup","twitter_misc":{"Tiempo de lectura":"3 minutos"},"schema":{"@context":"https:\/\/schema.org","@graph":[{"@type":"WebPage","@id":"https:\/\/plg-pllc.com\/about-us\/premier-educators\/","url":"https:\/\/plg-pllc.com\/about-us\/premier-educators\/","name":"Educadores de primer nivel | Grupo jur\u00eddico Premier","isPartOf":{"@id":"https:\/\/plg-pllc.com\/#website"},"primaryImageOfPage":{"@id":"https:\/\/plg-pllc.com\/about-us\/premier-educators\/#primaryimage"},"image":{"@id":"https:\/\/plg-pllc.com\/about-us\/premier-educators\/#primaryimage"},"thumbnailUrl":"https:\/\/plg-pllc.com\/wp-content\/uploads\/2024\/10\/pexels-lina-1741230-300x200.jpg","datePublished":"2024-10-24T18:04:23+00:00","dateModified":"2025-02-10T21:15:14+00:00","description":"En Premier Law Group, somos m\u00e1s que un bufete de abogados; somos sus vecinos, amigos y partidarios de la comunidad.","breadcrumb":{"@id":"https:\/\/plg-pllc.com\/about-us\/premier-educators\/#breadcrumb"},"inLanguage":"es","potentialAction":[{"@type":"ReadAction","target":["https:\/\/plg-pllc.com\/about-us\/premier-educators\/"]}]},{"@type":"ImageObject","inLanguage":"es","@id":"https:\/\/plg-pllc.com\/about-us\/premier-educators\/#primaryimage","url":"https:\/\/plg-pllc.com\/wp-content\/uploads\/2024\/10\/pexels-lina-1741230-300x200.jpg","contentUrl":"https:\/\/plg-pllc.com\/wp-content\/uploads\/2024\/10\/pexels-lina-1741230-300x200.jpg"},{"@type":"BreadcrumbList","@id":"https:\/\/plg-pllc.com\/about-us\/premier-educators\/#breadcrumb","itemListElement":[{"@type":"ListItem","position":1,"name":"Home","item":"https:\/\/plg-pllc.com\/es\/"},{"@type":"ListItem","position":2,"name":"About Us","item":"https:\/\/plg-pllc.com\/es\/about-us\/"},{"@type":"ListItem","position":3,"name":"Premier Educators"}]},{"@type":"WebSite","@id":"https:\/\/plg-pllc.com\/#website","url":"https:\/\/plg-pllc.com\/","name":"Grupo de abogados Premier","description":"Abogado de muerte por negligencia y lesiones graves en Washington","publisher":{"@id":"https:\/\/plg-pllc.com\/#organization"},"inLanguage":"es"},{"@type":"Organization","@id":"https:\/\/plg-pllc.com\/#organization","name":"Grupo de abogados Premier","url":"https:\/\/plg-pllc.com\/","logo":{"@type":"ImageObject","inLanguage":"es","@id":"https:\/\/plg-pllc.com\/#\/schema\/logo\/image\/","url":"https:\/\/plg-pllc.com\/wp-content\/uploads\/2020\/10\/plg-logo-v2.gif","contentUrl":"https:\/\/plg-pllc.com\/wp-content\/uploads\/2020\/10\/plg-logo-v2.gif","width":592,"height":191,"caption":"Premier Law Group"},"image":{"@id":"https:\/\/plg-pllc.com\/#\/schema\/logo\/image\/"},"sameAs":["https:\/\/www.facebook.com\/premierlawgroup","https:\/\/x.com\/premierlawgroup"]}]}},"_links":{"self":[{"href":"https:\/\/plg-pllc.com\/es\/wp-json\/wp\/v2\/pages\/20881","targetHints":{"allow":["GET"]}}],"collection":[{"href":"https:\/\/plg-pllc.com\/es\/wp-json\/wp\/v2\/pages"}],"about":[{"href":"https:\/\/plg-pllc.com\/es\/wp-json\/wp\/v2\/types\/page"}],"author":[{"embeddable":true,"href":"https:\/\/plg-pllc.com\/es\/wp-json\/wp\/v2\/users\/49"}],"replies":[{"embeddable":true,"href":"https:\/\/plg-pllc.com\/es\/wp-json\/wp\/v2\/comments?post=20881"}],"version-history":[{"count":0,"href":"https:\/\/plg-pllc.com\/es\/wp-json\/wp\/v2\/pages\/20881\/revisions"}],"up":[{"embeddable":true,"href":"https:\/\/plg-pllc.com\/es\/wp-json\/wp\/v2\/pages\/13189"}],"wp:attachment":[{"href":"https:\/\/plg-pllc.com\/es\/wp-json\/wp\/v2\/media?parent=20881"}],"wp:term":[{"taxonomy":"hc_faqs","embeddable":true,"href":"https:\/\/plg-pllc.com\/es\/wp-json\/wp\/v2\/hc_faqs?post=20881"}],"curies":[{"name":"gracias","href":"https:\/\/api.w.org\/{rel}","templated":true}]}}