{"id":20886,"date":"2024-10-25T00:35:03","date_gmt":"2024-10-25T07:35:03","guid":{"rendered":"https:\/\/plg-pllc.com\/?page_id=20886"},"modified":"2024-12-12T15:20:46","modified_gmt":"2024-12-12T23:20:46","slug":"federal-way-bus-accident-lawyer","status":"publish","type":"page","link":"https:\/\/plg-pllc.com\/es\/federal-way\/bus-accident-lawyer\/","title":{"rendered":"Abogado de accidentes de autob\u00fas en Federal Way"},"content":{"rendered":"<p><span style=\"font-weight: 400;\">Si ha sufrido lesiones en un accidente de autob\u00fas, probablemente le preocupe c\u00f3mo afectar\u00e1n a sus finanzas las facturas m\u00e9dicas, los salarios perdidos y los costos de reparaci\u00f3n del veh\u00edculo que enfrenta. Tambi\u00e9n puede estar lidiando con el dolor y la angustia emocional a causa del incidente. En Premier Law Group, comprendemos lo dif\u00edcil que puede ser recuperarse de una lesi\u00f3n grave.<\/span><\/p>\n<p><span style=\"font-weight: 400;\">Por eso nuestro <\/span><a href=\"https:\/\/plg-pllc.com\/federal-way\/personal-injury-lawyer\/\"><span style=\"font-weight: 400;\">Abogados de lesiones personales en Federal Way<\/span><\/a><span style=\"font-weight: 400;\"> Estamos aqu\u00ed para ayudarlo a obtener una compensaci\u00f3n por sus lesiones y p\u00e9rdidas financieras. Un abogado de accidentes de autob\u00fas de Federal Way de nuestro equipo puede manejar todos los asuntos legales para que usted pueda concentrarse en su recuperaci\u00f3n. Cuando contrate a nuestro equipo, puede tener la tranquilidad de saber que nuestros abogados han <\/span><b>M\u00e1s de 55 a\u00f1os de experiencia combinada<\/b><span style=\"font-weight: 400;\">.<\/span><\/p>\n<h2><span style=\"font-weight: 400;\">Compensaci\u00f3n que un abogado de accidentes de autob\u00fas en Federal Way puede obtener<\/span><\/h2>\n<p><span style=\"font-weight: 400;\">Como probablemente sepa, seguir adelante despu\u00e9s de un accidente de autob\u00fas puede implicar algunos contratiempos financieros y problemas emocionales. En Premier Law Group, siempre decimos: <\/span>&quot;<b>Cuando te golpean<\/b>,<b> Nosotros contraatacamos m\u00e1s fuerte<\/b>.\u201d<span style=\"font-weight: 400;\"> Eso significa que buscaremos la m\u00e1xima compensaci\u00f3n por todas las p\u00e9rdidas que ha sufrido debido al accidente de autob\u00fas.<\/span><\/p>\n<p><span style=\"font-weight: 400;\">Dependiendo de las formas en que el accidente haya impactado su vida, nuestros abogados de accidentes de autob\u00fas de Federal Way pueden reclamar cualquiera de los siguientes da\u00f1os para usted:<\/span><\/p>\n<ul>\n<li style=\"font-weight: 400;\" aria-level=\"1\"><span style=\"font-weight: 400;\">Gastos m\u00e9dicos<\/span><\/li>\n<li style=\"font-weight: 400;\" aria-level=\"1\"><span style=\"font-weight: 400;\">Costos de fisioterapia<\/span><\/li>\n<li style=\"font-weight: 400;\" aria-level=\"1\"><span style=\"font-weight: 400;\">Costos de reparaci\u00f3n de veh\u00edculos<\/span><\/li>\n<li style=\"font-weight: 400;\" aria-level=\"1\"><span style=\"font-weight: 400;\">Salarios perdidos<\/span><\/li>\n<li style=\"font-weight: 400;\" aria-level=\"1\"><span style=\"font-weight: 400;\">Disminuci\u00f3n de la capacidad de generar ingresos<\/span><\/li>\n<li style=\"font-weight: 400;\" aria-level=\"1\"><span style=\"font-weight: 400;\">Dolor y sufrimiento<\/span><\/li>\n<li style=\"font-weight: 400;\" aria-level=\"1\"><span style=\"font-weight: 400;\">Angustia emocional<\/span><\/li>\n<li style=\"font-weight: 400;\" aria-level=\"1\"><span style=\"font-weight: 400;\">P\u00e9rdida del disfrute de la vida<\/span><\/li>\n<\/ul>\n<h2><span style=\"font-weight: 400;\">Pasos que podemos tomar para que su reclamo sea exitoso<\/span><\/h2>\n<p><span style=\"font-weight: 400;\">En <\/span><a href=\"https:\/\/plg-pllc.com\/about-us\/\"><span style=\"font-weight: 400;\">Nuestra firma<\/span><\/a><span style=\"font-weight: 400;\">Estamos aqu\u00ed para hacer que su caso sea lo m\u00e1s sencillo posible. Dicho esto, no nos echaremos atr\u00e1s en una batalla legal si eso es lo que se necesita para obtener la compensaci\u00f3n que se merece. No importa lo complicado que sea su caso, lo llevaremos a cabo de principio a fin.<\/span><\/p>\n<p><span style=\"font-weight: 400;\">Esto es lo que nuestros abogados de accidentes de autob\u00fas en Federal Way pueden hacer para que su reclamo sea lo m\u00e1s exitoso posible:<\/span><\/p>\n<ul>\n<li style=\"font-weight: 400;\" aria-level=\"1\"><span style=\"font-weight: 400;\">Re\u00fana evidencia como informes policiales, testimonios de testigos, im\u00e1genes de la colisi\u00f3n, registros m\u00e9dicos y fotograf\u00edas de la escena del accidente.<\/span><\/li>\n<li style=\"font-weight: 400;\" aria-level=\"1\"><span style=\"font-weight: 400;\">Utilice evidencia para construir un reclamo s\u00f3lido o una demanda civil<\/span><\/li>\n<li style=\"font-weight: 400;\" aria-level=\"1\"><span style=\"font-weight: 400;\">Calcula la indemnizaci\u00f3n que te corresponde<\/span><\/li>\n<li style=\"font-weight: 400;\" aria-level=\"1\"><span style=\"font-weight: 400;\">Negociar un acuerdo justo con la compa\u00f1\u00eda de seguros.<\/span><\/li>\n<li style=\"font-weight: 400;\" aria-level=\"1\"><span style=\"font-weight: 400;\">Lleve su caso a los tribunales, si es necesario<\/span><\/li>\n<li style=\"font-weight: 400;\" aria-level=\"1\"><span style=\"font-weight: 400;\">Ofrecer asesoramiento jur\u00eddico comprensible y eficaz a lo largo de su caso.<\/span><\/li>\n<li style=\"font-weight: 400;\" aria-level=\"1\"><span style=\"font-weight: 400;\">Ofrecer una consulta gratuita<\/span><\/li>\n<\/ul>\n<p><span style=\"font-weight: 400;\">Seguir estos pasos puede ser un desaf\u00edo, especialmente si tiene dolor y no puede realizar tareas b\u00e1sicas debido a su lesi\u00f3n. Afortunadamente, nuestro equipo puede encargarse de todo. En nuestra firma, <\/span><b>nosotros<\/b>&#039;<b>Hemos ganado m\u00e1s de $100 millones<\/b><span style=\"font-weight: 400;\"> en <\/span><a href=\"https:\/\/plg-pllc.com\/case-results\/\"><span style=\"font-weight: 400;\">resultados del caso<\/span><\/a><span style=\"font-weight: 400;\"> Para clientes como usted. Puede contar con nosotros para obtener la m\u00e1xima compensaci\u00f3n en su nombre.<\/span><\/p>\n<h2><span style=\"font-weight: 400;\">Valoramos la comunicaci\u00f3n clara y honesta con los clientes<\/span><\/h2>\n<p><span style=\"font-weight: 400;\">Otras firmas utilizan t\u00e9rminos legales sofisticados durante su consulta para demostrarle que saben lo que hacen. En nuestra firma, creemos en <\/span><b>Comunicaci\u00f3n clara y comprensible<\/b><span style=\"font-weight: 400;\">Lo trataremos como un ser humano y tendremos una conversaci\u00f3n real con usted sobre su accidente.\u00a0<\/span><\/p>\n<p><span style=\"font-weight: 400;\">Una vez que hayamos escuchado su versi\u00f3n de los hechos y determinado cu\u00e1les son sus necesidades, nuestros abogados especializados en accidentes de autob\u00fas de Federal Way comenzar\u00e1n a trabajar en su caso. Mantendremos abiertas las l\u00edneas de comunicaci\u00f3n durante todo el proceso y le brindaremos actualizaciones oportunas sobre el estado de su reclamo a trav\u00e9s de nuestra aplicaci\u00f3n exclusiva para clientes.<\/span><\/p>\n\n        <div class=\"rs-content-cta long\">\n            <p>Para una consulta legal GRATUITA con un abogado especializado en accidentes de autob\u00fas que preste servicios en Federal Way, llame al <a href=\"tel:+12062851743\">(206) 285-1743 <\/a><\/p>\n            <a href=\"https:\/\/plg-pllc.com\/es\/contact-us\/\" title=\"OBTENGA UNA EVALUACI\u00d3N DE CASO GRATUITA\" class=\"btn-global\">OBTENGA UNA EVALUACI\u00d3N DE CASO GRATUITA<\/a>\n                    <picture>\n                            <source srcset=\"https:\/\/plg-pllc.com\/wp-content\/themes\/plg-pllc-redesign\/assets\/app\/img\/cta-thumb.webp\" type=\"image\/webp\"\/>\n                            <img src=\"https:\/\/plg-pllc.com\/wp-content\/themes\/plg-pllc-redesign\/assets\/app\/img\/cta-thumb.png\" alt=\"Grupo de abogados Premier\" title=\"Grupo de abogados Premier\" width=\"245\" height=\"220\" loading=\"auto\" fetchpriority=\"auto\" decoding=\"async\"\/>\n        <\/picture>\n        \n        <\/div><h2><span style=\"font-weight: 400;\">Fecha l\u00edmite para presentar demandas por accidentes de autob\u00fas en Washington<\/span><\/h2>\n<p><span style=\"font-weight: 400;\">Si usted o un ser querido ha resultado herido en un accidente de autob\u00fas, es posible que tenga un tiempo limitado para reclamar una indemnizaci\u00f3n por su dolor, sufrimiento y p\u00e9rdidas econ\u00f3micas. Esto se debe a que todas las demandas por lesiones personales deben presentarse dentro del plazo de prescripci\u00f3n de Washington.<\/span><\/p>\n<p><span style=\"font-weight: 400;\">Si recibe una indemnizaci\u00f3n por un reclamo de seguro, no tendr\u00e1 que preocuparse por el plazo de prescripci\u00f3n, pero querr\u00e1 comenzar a trabajar en su caso lo antes posible para asegurarse de que se conserven las pruebas. Si necesita presentar una demanda para obtener una indemnizaci\u00f3n por da\u00f1os y perjuicios, <\/span><a href=\"https:\/\/app.leg.wa.gov\/RCW\/default.aspx?cite=4.16.080\" target=\"_blank\" rel=\"noopener\"><span style=\"font-weight: 400;\">C\u00f3digo Rev. de Washington \u00a7 4.16<\/span><\/a><span style=\"font-weight: 400;\"> te da <\/span><b>tres a\u00f1os<\/b><span style=\"font-weight: 400;\"> a partir de la fecha del accidente para hacerlo.<\/span><\/p>\n<p><span style=\"font-weight: 400;\">Si no presenta una demanda civil dentro del plazo de tres a\u00f1os, no podr\u00e1 reclamar m\u00e1s da\u00f1os y perjuicios. P\u00f3ngase en contacto con nuestros abogados de accidentes de autob\u00fas en Federal Way lo antes posible y podremos presentar su demanda antes de que sea demasiado tarde.<\/span><\/p>\n<h2><span style=\"font-weight: 400;\">Re\u00fanase con uno de nuestros abogados especializados en accidentes de autob\u00fas en Federal Way de forma gratuita<\/span><\/h2>\n<p><span style=\"font-weight: 400;\">Seguir adelante despu\u00e9s de un accidente de autob\u00fas puede ser doloroso, pero no tiene por qu\u00e9 ser complicado. Eso es porque Premier Law Group est\u00e1 aqu\u00ed para <\/span><b>Simplificar el proceso de reclamaciones<\/b><span style=\"font-weight: 400;\"> y nos encargaremos de cada aspecto de su caso. Trabajaremos incansablemente para obtener la compensaci\u00f3n que se le debe para que pueda concentrarse en recuperarse de su lesi\u00f3n.<\/span><\/p>\n<p><span style=\"font-weight: 400;\">Cont\u00e1ctenos hoy para programar una consulta gratuita y conversar con un abogado con experiencia en accidentes de autob\u00fas en Federal Way. Nos reuniremos con usted para analizar su accidente, responder cualquier pregunta que pueda tener y asesorarlo sobre el mejor curso de acci\u00f3n a seguir.\u00a0<\/span><\/p>\n\n        <div class=\"rs-content-cta\">\n            <p>Llamar o enviar mensaje de texto <a href=\"tel:+12062851743\">(206) 285-1743<\/a> o complete un formulario de evaluaci\u00f3n de caso gratuito<\/p>\n            <a href=\"https:\/\/plg-pllc.com\/es\/contact-us\/\" title=\"OBTENGA UNA EVALUACI\u00d3N DE CASO GRATUITA\" class=\"btn-global\">OBTENGA UNA EVALUACI\u00d3N DE CASO GRATUITA<\/a>\n                    <picture>\n                            <source srcset=\"https:\/\/plg-pllc.com\/wp-content\/themes\/plg-pllc-redesign\/assets\/app\/img\/cta-thumb.webp\" type=\"image\/webp\"\/>\n                            <img src=\"https:\/\/plg-pllc.com\/wp-content\/themes\/plg-pllc-redesign\/assets\/app\/img\/cta-thumb.png\" alt=\"Grupo de abogados Premier\" title=\"Grupo de abogados Premier\" width=\"245\" height=\"220\" loading=\"auto\" fetchpriority=\"auto\" decoding=\"async\"\/>\n        <\/picture>\n        \n        <\/div>","protected":false},"excerpt":{"rendered":"<p>Si ha resultado herido en un accidente de autob\u00fas, probablemente le preocupe c\u00f3mo las facturas m\u00e9dicas, los salarios perdidos y los costos de reparaci\u00f3n del veh\u00edculo que enfrenta afectar\u00e1n sus finanzas. Tambi\u00e9n puede estar lidiando con el dolor y la angustia emocional a causa del incidente. En Premier Law Group, entendemos lo dif\u00edcil que puede ser recuperarse de un accidente de autob\u00fas.<\/p>","protected":false},"author":50,"featured_media":0,"parent":20716,"menu_order":0,"comment_status":"closed","ping_status":"closed","template":"","meta":{"_acf_changed":false,"_genesis_hide_title":false,"_genesis_hide_breadcrumbs":false,"_genesis_hide_singular_image":false,"_genesis_hide_footer_widgets":false,"_genesis_custom_body_class":"","_genesis_custom_post_class":"","_genesis_layout":"","footnotes":""},"hc_faqs":[],"class_list":{"0":"post-20886","1":"page","2":"type-page","3":"status-publish","5":"hc_city_location-federal-way","6":"entry"},"acf":[],"yoast_head":"<!-- This site is optimized with the Yoast SEO plugin v27.4 - https:\/\/yoast.com\/product\/yoast-seo-wordpress\/ -->\n<title>Bus Accident Lawyer in Federal Way | Free Consultation<\/title>\n<meta name=\"description\" content=\"A Federal Way bus accident lawyer can pursue compensation for your medical expenses, physical pain, lost wages, and more.\" \/>\n<meta name=\"robots\" content=\"index, follow, max-snippet:-1, max-image-preview:large, max-video-preview:-1\" \/>\n<link rel=\"canonical\" href=\"https:\/\/plg-pllc.com\/es\/federal-way\/bus-accident-lawyer\/\" \/>\n<meta property=\"og:locale\" content=\"es_MX\" \/>\n<meta property=\"og:type\" content=\"article\" \/>\n<meta property=\"og:title\" content=\"Bus Accident Lawyer in Federal Way | Free Consultation\" \/>\n<meta property=\"og:description\" content=\"A Federal Way bus accident lawyer can pursue compensation for your medical expenses, physical pain, lost wages, and more.\" \/>\n<meta property=\"og:url\" content=\"https:\/\/plg-pllc.com\/es\/federal-way\/bus-accident-lawyer\/\" \/>\n<meta property=\"og:site_name\" content=\"Premier Law Group\" \/>\n<meta property=\"article:publisher\" content=\"https:\/\/www.facebook.com\/premierlawgroup\" \/>\n<meta property=\"article:modified_time\" content=\"2024-12-12T23:20:46+00:00\" \/>\n<meta name=\"twitter:card\" content=\"summary_large_image\" \/>\n<meta name=\"twitter:site\" content=\"@premierlawgroup\" \/>\n<meta name=\"twitter:label1\" content=\"Tiempo de lectura\" \/>\n\t<meta name=\"twitter:data1\" content=\"4 minutos\" \/>\n<script type=\"application\/ld+json\" class=\"yoast-schema-graph\">{\"@context\":\"https:\\\/\\\/schema.org\",\"@graph\":[{\"@type\":\"WebPage\",\"@id\":\"https:\\\/\\\/plg-pllc.com\\\/federal-way\\\/bus-accident-lawyer\\\/\",\"url\":\"https:\\\/\\\/plg-pllc.com\\\/federal-way\\\/bus-accident-lawyer\\\/\",\"name\":\"Bus Accident Lawyer in Federal Way | Free Consultation\",\"isPartOf\":{\"@id\":\"https:\\\/\\\/plg-pllc.com\\\/#website\"},\"datePublished\":\"2024-10-25T07:35:03+00:00\",\"dateModified\":\"2024-12-12T23:20:46+00:00\",\"description\":\"A Federal Way bus accident lawyer can pursue compensation for your medical expenses, physical pain, lost wages, and more.\",\"breadcrumb\":{\"@id\":\"https:\\\/\\\/plg-pllc.com\\\/federal-way\\\/bus-accident-lawyer\\\/#breadcrumb\"},\"inLanguage\":\"es\",\"potentialAction\":[{\"@type\":\"ReadAction\",\"target\":[\"https:\\\/\\\/plg-pllc.com\\\/federal-way\\\/bus-accident-lawyer\\\/\"]}]},{\"@type\":\"BreadcrumbList\",\"@id\":\"https:\\\/\\\/plg-pllc.com\\\/federal-way\\\/bus-accident-lawyer\\\/#breadcrumb\",\"itemListElement\":[{\"@type\":\"ListItem\",\"position\":1,\"name\":\"Home\",\"item\":\"https:\\\/\\\/plg-pllc.com\\\/es\\\/\"},{\"@type\":\"ListItem\",\"position\":2,\"name\":\"Federal Way Personal Injury Lawyer\",\"item\":\"https:\\\/\\\/plg-pllc.com\\\/es\\\/federal-way\\\/personal-injury-lawyer\\\/\"},{\"@type\":\"ListItem\",\"position\":3,\"name\":\"Federal Way Bus Accident Lawyer\"}]},{\"@type\":\"WebSite\",\"@id\":\"https:\\\/\\\/plg-pllc.com\\\/#website\",\"url\":\"https:\\\/\\\/plg-pllc.com\\\/\",\"name\":\"Premier Law Group\",\"description\":\"Washington Wrongful Death and Serious Injury Lawyer\",\"publisher\":{\"@id\":\"https:\\\/\\\/plg-pllc.com\\\/#organization\"},\"inLanguage\":\"es\"},{\"@type\":\"Organization\",\"@id\":\"https:\\\/\\\/plg-pllc.com\\\/#organization\",\"name\":\"Premier Law Group\",\"url\":\"https:\\\/\\\/plg-pllc.com\\\/\",\"logo\":{\"@type\":\"ImageObject\",\"inLanguage\":\"es\",\"@id\":\"https:\\\/\\\/plg-pllc.com\\\/#\\\/schema\\\/logo\\\/image\\\/\",\"url\":\"https:\\\/\\\/plg-pllc.com\\\/wp-content\\\/uploads\\\/2020\\\/10\\\/plg-logo-v2.gif\",\"contentUrl\":\"https:\\\/\\\/plg-pllc.com\\\/wp-content\\\/uploads\\\/2020\\\/10\\\/plg-logo-v2.gif\",\"width\":592,\"height\":191,\"caption\":\"Premier Law Group\"},\"image\":{\"@id\":\"https:\\\/\\\/plg-pllc.com\\\/#\\\/schema\\\/logo\\\/image\\\/\"},\"sameAs\":[\"https:\\\/\\\/www.facebook.com\\\/premierlawgroup\",\"https:\\\/\\\/x.com\\\/premierlawgroup\"]}]}<\/script>\n<!-- \/ Yoast SEO plugin. -->","yoast_head_json":{"title":"Abogado de accidentes de autob\u00fas en Federal Way | Consulta gratuita","description":"Un abogado especializado en accidentes de autob\u00fas de Federal Way puede reclamar una compensaci\u00f3n por sus gastos m\u00e9dicos, dolor f\u00edsico, salarios perdidos y m\u00e1s.","robots":{"index":"index","follow":"follow","max-snippet":"max-snippet:-1","max-image-preview":"max-image-preview:large","max-video-preview":"max-video-preview:-1"},"canonical":"https:\/\/plg-pllc.com\/es\/federal-way\/bus-accident-lawyer\/","og_locale":"es_MX","og_type":"article","og_title":"Bus Accident Lawyer in Federal Way | Free Consultation","og_description":"A Federal Way bus accident lawyer can pursue compensation for your medical expenses, physical pain, lost wages, and more.","og_url":"https:\/\/plg-pllc.com\/es\/federal-way\/bus-accident-lawyer\/","og_site_name":"Premier Law Group","article_publisher":"https:\/\/www.facebook.com\/premierlawgroup","article_modified_time":"2024-12-12T23:20:46+00:00","twitter_card":"summary_large_image","twitter_site":"@premierlawgroup","twitter_misc":{"Tiempo de lectura":"4 minutos"},"schema":{"@context":"https:\/\/schema.org","@graph":[{"@type":"WebPage","@id":"https:\/\/plg-pllc.com\/federal-way\/bus-accident-lawyer\/","url":"https:\/\/plg-pllc.com\/federal-way\/bus-accident-lawyer\/","name":"Abogado de accidentes de autob\u00fas en Federal Way | Consulta gratuita","isPartOf":{"@id":"https:\/\/plg-pllc.com\/#website"},"datePublished":"2024-10-25T07:35:03+00:00","dateModified":"2024-12-12T23:20:46+00:00","description":"Un abogado especializado en accidentes de autob\u00fas de Federal Way puede reclamar una compensaci\u00f3n por sus gastos m\u00e9dicos, dolor f\u00edsico, salarios perdidos y m\u00e1s.","breadcrumb":{"@id":"https:\/\/plg-pllc.com\/federal-way\/bus-accident-lawyer\/#breadcrumb"},"inLanguage":"es","potentialAction":[{"@type":"ReadAction","target":["https:\/\/plg-pllc.com\/federal-way\/bus-accident-lawyer\/"]}]},{"@type":"BreadcrumbList","@id":"https:\/\/plg-pllc.com\/federal-way\/bus-accident-lawyer\/#breadcrumb","itemListElement":[{"@type":"ListItem","position":1,"name":"Home","item":"https:\/\/plg-pllc.com\/es\/"},{"@type":"ListItem","position":2,"name":"Federal Way Personal Injury Lawyer","item":"https:\/\/plg-pllc.com\/es\/federal-way\/personal-injury-lawyer\/"},{"@type":"ListItem","position":3,"name":"Federal Way Bus Accident Lawyer"}]},{"@type":"WebSite","@id":"https:\/\/plg-pllc.com\/#website","url":"https:\/\/plg-pllc.com\/","name":"Grupo de abogados Premier","description":"Abogado de muerte por negligencia y lesiones graves en Washington","publisher":{"@id":"https:\/\/plg-pllc.com\/#organization"},"inLanguage":"es"},{"@type":"Organization","@id":"https:\/\/plg-pllc.com\/#organization","name":"Grupo de abogados Premier","url":"https:\/\/plg-pllc.com\/","logo":{"@type":"ImageObject","inLanguage":"es","@id":"https:\/\/plg-pllc.com\/#\/schema\/logo\/image\/","url":"https:\/\/plg-pllc.com\/wp-content\/uploads\/2020\/10\/plg-logo-v2.gif","contentUrl":"https:\/\/plg-pllc.com\/wp-content\/uploads\/2020\/10\/plg-logo-v2.gif","width":592,"height":191,"caption":"Premier Law Group"},"image":{"@id":"https:\/\/plg-pllc.com\/#\/schema\/logo\/image\/"},"sameAs":["https:\/\/www.facebook.com\/premierlawgroup","https:\/\/x.com\/premierlawgroup"]}]}},"_links":{"self":[{"href":"https:\/\/plg-pllc.com\/es\/wp-json\/wp\/v2\/pages\/20886","targetHints":{"allow":["GET"]}}],"collection":[{"href":"https:\/\/plg-pllc.com\/es\/wp-json\/wp\/v2\/pages"}],"about":[{"href":"https:\/\/plg-pllc.com\/es\/wp-json\/wp\/v2\/types\/page"}],"author":[{"embeddable":true,"href":"https:\/\/plg-pllc.com\/es\/wp-json\/wp\/v2\/users\/50"}],"replies":[{"embeddable":true,"href":"https:\/\/plg-pllc.com\/es\/wp-json\/wp\/v2\/comments?post=20886"}],"version-history":[{"count":0,"href":"https:\/\/plg-pllc.com\/es\/wp-json\/wp\/v2\/pages\/20886\/revisions"}],"up":[{"embeddable":true,"href":"https:\/\/plg-pllc.com\/es\/wp-json\/wp\/v2\/pages\/20716"}],"wp:attachment":[{"href":"https:\/\/plg-pllc.com\/es\/wp-json\/wp\/v2\/media?parent=20886"}],"wp:term":[{"taxonomy":"hc_faqs","embeddable":true,"href":"https:\/\/plg-pllc.com\/es\/wp-json\/wp\/v2\/hc_faqs?post=20886"}],"curies":[{"name":"gracias","href":"https:\/\/api.w.org\/{rel}","templated":true}]}}