{"id":20964,"date":"2024-11-19T00:53:19","date_gmt":"2024-11-19T08:53:19","guid":{"rendered":"https:\/\/plg-pllc.com\/?page_id=20964"},"modified":"2025-02-14T14:04:44","modified_gmt":"2025-02-14T22:04:44","slug":"bellevue-uber-accident-lawyer","status":"publish","type":"page","link":"https:\/\/plg-pllc.com\/es\/bellevue\/car-accident-lawyer\/rideshare\/uber\/","title":{"rendered":"Abogado de accidentes de Uber en Bellevue"},"content":{"rendered":"<p><span style=\"font-weight: 400;\">Reservas un Uber y el conductor de tu veh\u00edculo compartido provoca un accidente que te deja con una lesi\u00f3n. O est\u00e1s conduciendo tu coche cuando un conductor de Uber choca su veh\u00edculo contra el tuyo. En cualquiera de estos casos, re\u00fanete con un abogado especializado en accidentes de Uber en Bellevue para analizar tus opciones legales.\u00a0<\/span><\/p>\n<p><span style=\"font-weight: 400;\">Premier Law Group tiene <\/span><b>M\u00e1s de 55 a\u00f1os de experiencia legal combinada <\/b><span style=\"font-weight: 400;\">En el personal. D\u00e9janos manejar tus asuntos legales para que puedas cuidar de ti mismo mientras enfrentas las consecuencias de tu accidente de Uber. Habla con un <\/span><a href=\"https:\/\/plg-pllc.com\/bellevue\/car-accident-lawyer\/rideshare\/\"><span style=\"font-weight: 400;\">Abogado de accidentes de viajes compartidos en Bellevue<\/span><\/a><span style=\"font-weight: 400;\"> De nuestro equipo.<\/span><\/p>\n<h2><span style=\"font-weight: 400;\">Qu\u00e9 hacer despu\u00e9s de un accidente de Uber<\/span><\/h2>\n<p><span style=\"font-weight: 400;\">Respira profundamente, intenta mantener la calma y resiste la tentaci\u00f3n de gritarle al conductor de Uber que podr\u00eda ser responsable. Recuerda que lo que digas y hagas en los momentos posteriores al accidente puede perjudicar tus posibilidades de cobrar da\u00f1os y perjuicios. A continuaci\u00f3n, te ofrecemos algunos consejos para protegerte despu\u00e9s del incidente:<\/span><b><\/b><\/p>\n<ul>\n<li><b>Llamada de ayuda<\/b>. <span style=\"font-weight: 400;\">Llame al 911 para llevar profesionales m\u00e9dicos y oficiales de polic\u00eda al lugar del accidente.\u00a0<\/span><\/li>\n<li><b>Recibir atenci\u00f3n m\u00e9dica<\/b>. <span style=\"font-weight: 400;\">Permita que el personal m\u00e9dico eval\u00fae y trate sus lesiones y, si es necesario, lo lleve a un hospital para recibir atenci\u00f3n adicional.\u00a0<\/span><\/li>\n<li><b>Tomar fotograf\u00edas y v\u00eddeos<\/b>. <span style=\"font-weight: 400;\">Re\u00fana pruebas visuales que resalten sus lesiones y da\u00f1os a la propiedad.\u00a0<\/span><\/li>\n<li><b>Obt\u00e9n informaci\u00f3n del conductor de Uber<\/b>. <span style=\"font-weight: 400;\">P\u00eddale a este conductor su informaci\u00f3n de contacto, licencia de conducir y seguro.<\/span><\/li>\n<\/ul>\n<p><span style=\"font-weight: 400;\">Si viaja en Uber y el conductor provoca un accidente, notifique a la empresa de viajes compartidos. Alternativamente, si un conductor de Uber choca su auto contra el suyo, informe a su aseguradora. Adem\u00e1s, comun\u00edquese con un <\/span><a href=\"https:\/\/plg-pllc.com\/bellevue\/car-accident-lawyer\/\"><span style=\"font-weight: 400;\">Abogado de accidentes de tr\u00e1fico en Bellevue<\/span><\/a><span style=\"font-weight: 400;\">, y pueden ayudarle a reclamar da\u00f1os y perjuicios a cualquier parte responsable.\u00a0<\/span><\/p>\n<h2><span style=\"font-weight: 400;\">\u00bfQui\u00e9n es responsable de un accidente de Uber?<\/span><\/h2>\n<p><span style=\"font-weight: 400;\">Un conductor de Uber o la propia empresa de viajes compartidos pueden ser responsables de un accidente. Hay ocasiones en las que un mec\u00e1nico, una entidad gubernamental u otro tercero tienen la culpa. Haga que un abogado especializado en accidentes de Uber en Bellevue examine su caso y podr\u00e1 determinar qui\u00e9n es responsable.\u00a0<\/span><\/p>\n<p><span style=\"font-weight: 400;\">Si un conductor de Uber tiene su aplicaci\u00f3n activada en el momento de un accidente, est\u00e1 trabajando para la empresa de viajes compartidos. Por lo tanto, este conductor est\u00e1 cubierto por la p\u00f3liza de seguro de autom\u00f3vil de Uber. Esto significa que podr\u00eda recuperar una compensaci\u00f3n por sus p\u00e9rdidas relacionadas con el accidente mediante una reclamaci\u00f3n al seguro.\u00a0<\/span><\/p>\n<p><span style=\"font-weight: 400;\">Premier Law Group ha ayudado a nuestros clientes <\/span><b>Asegurar m\u00e1s de $100 millones en da\u00f1os<\/b><span style=\"font-weight: 400;\">. Danos la oportunidad de examinar tu caso en detalle. Habla sobre tu caso con un abogado. <\/span><a href=\"https:\/\/plg-pllc.com\/\"><span style=\"font-weight: 400;\">Abogado de lesiones personales en Bellevue<\/span><\/a><span style=\"font-weight: 400;\"> De nuestro equipo.\u00a0<\/span><\/p>\n<h2><span style=\"font-weight: 400;\">Da\u00f1os que puede recuperar en una demanda por accidente de Uber en Bellevue<\/span><\/h2>\n<p><span style=\"font-weight: 400;\">Un abogado de accidentes de Uber en Bellevue puede solicitar <\/span><b>econ\u00f3mico <\/b><span style=\"font-weight: 400;\">y <\/span><b>no<\/b>\u2013<b>da\u00f1os econ\u00f3micos<\/b><span style=\"font-weight: 400;\"> en tu nombre. Muchos <\/span><a href=\"https:\/\/plg-pllc.com\/\"><span style=\"font-weight: 400;\">Factores que pueden afectar el valor de su caso de lesiones personales<\/span><\/a><span style=\"font-weight: 400;\">A continuaci\u00f3n se presentan las razones por las que un juez o un jurado podr\u00edan otorgarle una compensaci\u00f3n por las p\u00e9rdidas relacionadas con su accidente.\u00a0<\/span><\/p>\n<h3><span style=\"font-weight: 400;\">Reparaci\u00f3n o reemplazo de autom\u00f3vil<\/span><\/h3>\n<p><span style=\"font-weight: 400;\">Necesita reparar o reemplazar su autom\u00f3vil debido a los da\u00f1os que se produjeron en un accidente de Uber. En su demanda, su abogado contabilizar\u00e1 los gastos de reparaci\u00f3n y reemplazo de su autom\u00f3vil. Su abogado le recomendar\u00e1 que lleve un registro de las facturas del mec\u00e1nico, las tarifas de alquiler de autom\u00f3viles y otros gastos similares para que puedan incluirlos en su solicitud de indemnizaci\u00f3n por da\u00f1os y perjuicios.\u00a0<\/span><\/p>\n<h3><span style=\"font-weight: 400;\">P\u00e9rdida de ingresos<\/span><\/h3>\n<p><span style=\"font-weight: 400;\">Si su accidente de Uber le provoca una lesi\u00f3n que le impide trabajar por tiempo indefinido, no podr\u00e1 obtener los ingresos que necesita para pagar sus facturas a tiempo. Un abogado especializado en accidentes de Uber en Bellevue comprende las ramificaciones financieras que se producen tras un accidente automovil\u00edstico. Puede utilizar sus recibos de sueldo y otros documentos financieros para sumar sus salarios perdidos actuales y futuros.\u00a0<\/span><\/p>\n<h3><span style=\"font-weight: 400;\">Dolor y sufrimiento<\/span><\/h3>\n<p><span style=\"font-weight: 400;\">El dolor y sufrimiento emocional y f\u00edsico que experimente debido a su colisi\u00f3n con Uber puede afectarlo durante mucho tiempo en el futuro. Es dif\u00edcil cuantificar el impacto de estos problemas. De todos modos, su abogado se entera de ellos y los tiene en cuenta en su litigio.\u00a0<\/span><\/p>\n<p><span style=\"font-weight: 400;\">Es su responsabilidad demostrar que merece una indemnizaci\u00f3n por da\u00f1os y perjuicios. Su abogado recopilar\u00e1 fotograf\u00edas y v\u00eddeos de la escena del accidente, declaraciones de testigos y otras pruebas para respaldar su argumento. Si tiene una gran cantidad de pruebas, ser\u00e1 extremadamente dif\u00edcil para el acusado en su demanda impugnar su caso contra ellos.\u00a0<\/span><\/p>\n\n        <div class=\"rs-content-cta long\">\n            <p>Para una consulta legal GRATUITA con un abogado de accidentes de Uber que preste servicios en Bellevue, llame al <a href=\"tel:+12062851743\">(206) 285-1743 <\/a><\/p>\n            <a href=\"https:\/\/plg-pllc.com\/es\/contact-us\/\" title=\"OBTENGA UNA EVALUACI\u00d3N DE CASO GRATUITA\" class=\"btn-global\">OBTENGA UNA EVALUACI\u00d3N DE CASO GRATUITA<\/a>\n                    <picture>\n                            <source srcset=\"https:\/\/plg-pllc.com\/wp-content\/themes\/plg-pllc-redesign\/assets\/app\/img\/cta-thumb.webp\" type=\"image\/webp\"\/>\n                            <img src=\"https:\/\/plg-pllc.com\/wp-content\/themes\/plg-pllc-redesign\/assets\/app\/img\/cta-thumb.png\" alt=\"Grupo de abogados Premier\" title=\"Grupo de abogados Premier\" width=\"245\" height=\"220\" loading=\"auto\" fetchpriority=\"auto\" decoding=\"async\"\/>\n        <\/picture>\n        \n        <\/div><h2><span style=\"font-weight: 400;\">\u00bfCu\u00e1nto tiempo tienes para presentar una demanda?<\/span><\/h2>\n<p><span style=\"font-weight: 400;\">Seg\u00fan el C\u00f3digo Revisado de Washington (RCW), existen l\u00edmites sobre el tiempo que tiene despu\u00e9s de un accidente de Uber para solicitar da\u00f1os y perjuicios a una parte responsable. <\/span><a href=\"https:\/\/app.leg.wa.gov\/rcw\/default.aspx?cite=4.16.080\" target=\"_blank\" rel=\"noopener\"><span style=\"font-weight: 400;\">Ley de Armas Reconstructivas 4.16.080<\/span><\/a><span style=\"font-weight: 400;\">, el plazo de prescripci\u00f3n para la mayor\u00eda de los casos de lesiones personales es <\/span><b>tres a\u00f1os<\/b><span style=\"font-weight: 400;\">En base a esto, usted tiene tres a\u00f1os para reclamar da\u00f1os y perjuicios despu\u00e9s de un accidente de viaje compartido.\u00a0<\/span><\/p>\n<p><span style=\"font-weight: 400;\">Un abogado especializado en accidentes de viajes compartidos en Bellevue enviar\u00e1 su solicitud de indemnizaci\u00f3n por da\u00f1os y perjuicios de inmediato. Puede negociar con la parte responsable y su compa\u00f1\u00eda de seguros. Si su abogado recibe un acuerdo, compartir\u00e1 la oferta con usted.\u00a0<\/span><\/p>\n<p><span style=\"font-weight: 400;\">Llegar a un acuerdo y aceptar una oferta son dos cosas muy diferentes. Si recibe un acuerdo que no satisface sus expectativas, puede rechazarlo. A continuaci\u00f3n, usted y su abogado pueden seguir buscando formas de fortalecer su caso.\u00a0<\/span><\/p>\n<h2><span style=\"font-weight: 400;\">Nuestros abogados de accidentes de Uber en Bellevue se centran en la satisfacci\u00f3n del cliente<\/span><\/h2>\n<p><span style=\"font-weight: 400;\">La forma en que respondas despu\u00e9s de un accidente de Uber puede tener consecuencias duraderas. Si decides no emprender acciones legales contra la parte responsable, perder\u00e1s la oportunidad de obtener una indemnizaci\u00f3n por las p\u00e9rdidas relacionadas con el accidente. Por otro lado, si recibes ayuda legal, podr\u00edas recuperar la m\u00e1xima cantidad de da\u00f1os y perjuicios mediante una reclamaci\u00f3n al seguro o una demanda.\u00a0<\/span><\/p>\n<p><span style=\"font-weight: 400;\">Premier Law Group se compromete a <\/span><b>Brindando el m\u00e1s alto nivel de servicio <\/b><span style=\"font-weight: 400;\">A nuestros clientes. Durante su caso de accidente de Uber, protegeremos sus derechos legales y sus mejores intereses. Comun\u00edquese con nosotros hoy para obtener m\u00e1s informaci\u00f3n.\u00a0<\/span><\/p>\n\n        <div class=\"rs-content-cta\">\n            <p>Llamar o enviar mensaje de texto <a href=\"tel:+12062851743\">(206) 285-1743<\/a> o complete un formulario de evaluaci\u00f3n de caso gratuito<\/p>\n            <a href=\"https:\/\/plg-pllc.com\/es\/contact-us\/\" title=\"OBTENGA UNA EVALUACI\u00d3N DE CASO GRATUITA\" class=\"btn-global\">OBTENGA UNA EVALUACI\u00d3N DE CASO GRATUITA<\/a>\n                    <picture>\n                            <source srcset=\"https:\/\/plg-pllc.com\/wp-content\/themes\/plg-pllc-redesign\/assets\/app\/img\/cta-thumb.webp\" type=\"image\/webp\"\/>\n                            <img src=\"https:\/\/plg-pllc.com\/wp-content\/themes\/plg-pllc-redesign\/assets\/app\/img\/cta-thumb.png\" alt=\"Grupo de abogados Premier\" title=\"Grupo de abogados Premier\" width=\"245\" height=\"220\" loading=\"auto\" fetchpriority=\"auto\" decoding=\"async\"\/>\n        <\/picture>\n        \n        <\/div>","protected":false},"excerpt":{"rendered":"<p>Reservas un Uber y el conductor de tu veh\u00edculo compartido provoca un accidente que te deja con una lesi\u00f3n. O est\u00e1s conduciendo tu coche cuando un conductor de Uber choca su veh\u00edculo contra el tuyo. En cualquiera de estos casos, re\u00fanete con un abogado especializado en accidentes de Uber en Bellevue para revisar tus opciones legales. Premier Law Group tiene m\u00e1s de\u2026<\/p>","protected":false},"author":50,"featured_media":0,"parent":19311,"menu_order":0,"comment_status":"closed","ping_status":"closed","template":"","meta":{"_acf_changed":false,"_genesis_hide_title":false,"_genesis_hide_breadcrumbs":false,"_genesis_hide_singular_image":false,"_genesis_hide_footer_widgets":false,"_genesis_custom_body_class":"","_genesis_custom_post_class":"","_genesis_layout":"","footnotes":""},"hc_faqs":[],"class_list":{"0":"post-20964","1":"page","2":"type-page","3":"status-publish","5":"hc_city_location-bellevue","6":"entry"},"acf":[],"yoast_head":"<!-- This site is optimized with the Yoast SEO plugin v27.4 - https:\/\/yoast.com\/product\/yoast-seo-wordpress\/ -->\n<title>Uber Accident Lawyer in Bellevue | Contact Us Today<\/title>\n<meta name=\"description\" content=\"Meet with a Bellevue Uber accident lawyer from Premier Law Group. Give us the opportunity to represent you in your rideshare accident case.\" \/>\n<meta name=\"robots\" content=\"index, follow, max-snippet:-1, max-image-preview:large, max-video-preview:-1\" \/>\n<link rel=\"canonical\" href=\"https:\/\/plg-pllc.com\/es\/bellevue\/car-accident-lawyer\/rideshare\/uber\/\" \/>\n<meta property=\"og:locale\" content=\"es_MX\" \/>\n<meta property=\"og:type\" content=\"article\" \/>\n<meta property=\"og:title\" content=\"Uber Accident Lawyer in Bellevue | Contact Us Today\" \/>\n<meta property=\"og:description\" content=\"Meet with a Bellevue Uber accident lawyer from Premier Law Group. Give us the opportunity to represent you in your rideshare accident case.\" \/>\n<meta property=\"og:url\" content=\"https:\/\/plg-pllc.com\/es\/bellevue\/car-accident-lawyer\/rideshare\/uber\/\" \/>\n<meta property=\"og:site_name\" content=\"Premier Law Group\" \/>\n<meta property=\"article:publisher\" content=\"https:\/\/www.facebook.com\/premierlawgroup\" \/>\n<meta property=\"article:modified_time\" content=\"2025-02-14T22:04:44+00:00\" \/>\n<meta name=\"twitter:card\" content=\"summary_large_image\" \/>\n<meta name=\"twitter:site\" content=\"@premierlawgroup\" \/>\n<meta name=\"twitter:label1\" content=\"Tiempo de lectura\" \/>\n\t<meta name=\"twitter:data1\" content=\"5 minutos\" \/>\n<script type=\"application\/ld+json\" class=\"yoast-schema-graph\">{\"@context\":\"https:\\\/\\\/schema.org\",\"@graph\":[{\"@type\":\"WebPage\",\"@id\":\"https:\\\/\\\/plg-pllc.com\\\/bellevue\\\/car-accident-lawyer\\\/rideshare\\\/uber\\\/\",\"url\":\"https:\\\/\\\/plg-pllc.com\\\/bellevue\\\/car-accident-lawyer\\\/rideshare\\\/uber\\\/\",\"name\":\"Uber Accident Lawyer in Bellevue | Contact Us Today\",\"isPartOf\":{\"@id\":\"https:\\\/\\\/plg-pllc.com\\\/#website\"},\"datePublished\":\"2024-11-19T08:53:19+00:00\",\"dateModified\":\"2025-02-14T22:04:44+00:00\",\"description\":\"Meet with a Bellevue Uber accident lawyer from Premier Law Group. Give us the opportunity to represent you in your rideshare accident case.\",\"breadcrumb\":{\"@id\":\"https:\\\/\\\/plg-pllc.com\\\/bellevue\\\/car-accident-lawyer\\\/rideshare\\\/uber\\\/#breadcrumb\"},\"inLanguage\":\"es\",\"potentialAction\":[{\"@type\":\"ReadAction\",\"target\":[\"https:\\\/\\\/plg-pllc.com\\\/bellevue\\\/car-accident-lawyer\\\/rideshare\\\/uber\\\/\"]}]},{\"@type\":\"BreadcrumbList\",\"@id\":\"https:\\\/\\\/plg-pllc.com\\\/bellevue\\\/car-accident-lawyer\\\/rideshare\\\/uber\\\/#breadcrumb\",\"itemListElement\":[{\"@type\":\"ListItem\",\"position\":1,\"name\":\"Home\",\"item\":\"https:\\\/\\\/plg-pllc.com\\\/es\\\/\"},{\"@type\":\"ListItem\",\"position\":2,\"name\":\"Bellevue Personal Injury Lawyer\",\"item\":\"https:\\\/\\\/plg-pllc.com\\\/es\\\/\"},{\"@type\":\"ListItem\",\"position\":3,\"name\":\"Bellevue Car Accident Lawyer\",\"item\":\"https:\\\/\\\/plg-pllc.com\\\/es\\\/bellevue\\\/car-accident-lawyer\\\/\"},{\"@type\":\"ListItem\",\"position\":4,\"name\":\"Rideshare Accident\",\"item\":\"https:\\\/\\\/plg-pllc.com\\\/es\\\/bellevue\\\/car-accident-lawyer\\\/rideshare\\\/\"},{\"@type\":\"ListItem\",\"position\":5,\"name\":\"Uber Accident\"}]},{\"@type\":\"WebSite\",\"@id\":\"https:\\\/\\\/plg-pllc.com\\\/#website\",\"url\":\"https:\\\/\\\/plg-pllc.com\\\/\",\"name\":\"Premier Law Group\",\"description\":\"Washington Wrongful Death and Serious Injury Lawyer\",\"publisher\":{\"@id\":\"https:\\\/\\\/plg-pllc.com\\\/#organization\"},\"inLanguage\":\"es\"},{\"@type\":\"Organization\",\"@id\":\"https:\\\/\\\/plg-pllc.com\\\/#organization\",\"name\":\"Premier Law Group\",\"url\":\"https:\\\/\\\/plg-pllc.com\\\/\",\"logo\":{\"@type\":\"ImageObject\",\"inLanguage\":\"es\",\"@id\":\"https:\\\/\\\/plg-pllc.com\\\/#\\\/schema\\\/logo\\\/image\\\/\",\"url\":\"https:\\\/\\\/plg-pllc.com\\\/wp-content\\\/uploads\\\/2020\\\/10\\\/plg-logo-v2.gif\",\"contentUrl\":\"https:\\\/\\\/plg-pllc.com\\\/wp-content\\\/uploads\\\/2020\\\/10\\\/plg-logo-v2.gif\",\"width\":592,\"height\":191,\"caption\":\"Premier Law Group\"},\"image\":{\"@id\":\"https:\\\/\\\/plg-pllc.com\\\/#\\\/schema\\\/logo\\\/image\\\/\"},\"sameAs\":[\"https:\\\/\\\/www.facebook.com\\\/premierlawgroup\",\"https:\\\/\\\/x.com\\\/premierlawgroup\"]}]}<\/script>\n<!-- \/ Yoast SEO plugin. -->","yoast_head_json":{"title":"Abogado de accidentes de Uber en Bellevue | Cont\u00e1ctenos hoy","description":"Re\u00fanase con un abogado de accidentes de Uber en Bellevue de Premier Law Group. Denos la oportunidad de representarlo en su caso de accidente de viaje compartido.","robots":{"index":"index","follow":"follow","max-snippet":"max-snippet:-1","max-image-preview":"max-image-preview:large","max-video-preview":"max-video-preview:-1"},"canonical":"https:\/\/plg-pllc.com\/es\/bellevue\/car-accident-lawyer\/rideshare\/uber\/","og_locale":"es_MX","og_type":"article","og_title":"Uber Accident Lawyer in Bellevue | Contact Us Today","og_description":"Meet with a Bellevue Uber accident lawyer from Premier Law Group. Give us the opportunity to represent you in your rideshare accident case.","og_url":"https:\/\/plg-pllc.com\/es\/bellevue\/car-accident-lawyer\/rideshare\/uber\/","og_site_name":"Premier Law Group","article_publisher":"https:\/\/www.facebook.com\/premierlawgroup","article_modified_time":"2025-02-14T22:04:44+00:00","twitter_card":"summary_large_image","twitter_site":"@premierlawgroup","twitter_misc":{"Tiempo de lectura":"5 minutos"},"schema":{"@context":"https:\/\/schema.org","@graph":[{"@type":"WebPage","@id":"https:\/\/plg-pllc.com\/bellevue\/car-accident-lawyer\/rideshare\/uber\/","url":"https:\/\/plg-pllc.com\/bellevue\/car-accident-lawyer\/rideshare\/uber\/","name":"Abogado de accidentes de Uber en Bellevue | Cont\u00e1ctenos hoy","isPartOf":{"@id":"https:\/\/plg-pllc.com\/#website"},"datePublished":"2024-11-19T08:53:19+00:00","dateModified":"2025-02-14T22:04:44+00:00","description":"Re\u00fanase con un abogado de accidentes de Uber en Bellevue de Premier Law Group. Denos la oportunidad de representarlo en su caso de accidente de viaje compartido.","breadcrumb":{"@id":"https:\/\/plg-pllc.com\/bellevue\/car-accident-lawyer\/rideshare\/uber\/#breadcrumb"},"inLanguage":"es","potentialAction":[{"@type":"ReadAction","target":["https:\/\/plg-pllc.com\/bellevue\/car-accident-lawyer\/rideshare\/uber\/"]}]},{"@type":"BreadcrumbList","@id":"https:\/\/plg-pllc.com\/bellevue\/car-accident-lawyer\/rideshare\/uber\/#breadcrumb","itemListElement":[{"@type":"ListItem","position":1,"name":"Home","item":"https:\/\/plg-pllc.com\/es\/"},{"@type":"ListItem","position":2,"name":"Bellevue Personal Injury Lawyer","item":"https:\/\/plg-pllc.com\/es\/"},{"@type":"ListItem","position":3,"name":"Bellevue Car Accident Lawyer","item":"https:\/\/plg-pllc.com\/es\/bellevue\/car-accident-lawyer\/"},{"@type":"ListItem","position":4,"name":"Rideshare Accident","item":"https:\/\/plg-pllc.com\/es\/bellevue\/car-accident-lawyer\/rideshare\/"},{"@type":"ListItem","position":5,"name":"Uber Accident"}]},{"@type":"WebSite","@id":"https:\/\/plg-pllc.com\/#website","url":"https:\/\/plg-pllc.com\/","name":"Grupo de abogados Premier","description":"Abogado de muerte por negligencia y lesiones graves en Washington","publisher":{"@id":"https:\/\/plg-pllc.com\/#organization"},"inLanguage":"es"},{"@type":"Organization","@id":"https:\/\/plg-pllc.com\/#organization","name":"Grupo de abogados Premier","url":"https:\/\/plg-pllc.com\/","logo":{"@type":"ImageObject","inLanguage":"es","@id":"https:\/\/plg-pllc.com\/#\/schema\/logo\/image\/","url":"https:\/\/plg-pllc.com\/wp-content\/uploads\/2020\/10\/plg-logo-v2.gif","contentUrl":"https:\/\/plg-pllc.com\/wp-content\/uploads\/2020\/10\/plg-logo-v2.gif","width":592,"height":191,"caption":"Premier Law Group"},"image":{"@id":"https:\/\/plg-pllc.com\/#\/schema\/logo\/image\/"},"sameAs":["https:\/\/www.facebook.com\/premierlawgroup","https:\/\/x.com\/premierlawgroup"]}]}},"_links":{"self":[{"href":"https:\/\/plg-pllc.com\/es\/wp-json\/wp\/v2\/pages\/20964","targetHints":{"allow":["GET"]}}],"collection":[{"href":"https:\/\/plg-pllc.com\/es\/wp-json\/wp\/v2\/pages"}],"about":[{"href":"https:\/\/plg-pllc.com\/es\/wp-json\/wp\/v2\/types\/page"}],"author":[{"embeddable":true,"href":"https:\/\/plg-pllc.com\/es\/wp-json\/wp\/v2\/users\/50"}],"replies":[{"embeddable":true,"href":"https:\/\/plg-pllc.com\/es\/wp-json\/wp\/v2\/comments?post=20964"}],"version-history":[{"count":0,"href":"https:\/\/plg-pllc.com\/es\/wp-json\/wp\/v2\/pages\/20964\/revisions"}],"up":[{"embeddable":true,"href":"https:\/\/plg-pllc.com\/es\/wp-json\/wp\/v2\/pages\/19311"}],"wp:attachment":[{"href":"https:\/\/plg-pllc.com\/es\/wp-json\/wp\/v2\/media?parent=20964"}],"wp:term":[{"taxonomy":"hc_faqs","embeddable":true,"href":"https:\/\/plg-pllc.com\/es\/wp-json\/wp\/v2\/hc_faqs?post=20964"}],"curies":[{"name":"gracias","href":"https:\/\/api.w.org\/{rel}","templated":true}]}}