{"id":20965,"date":"2024-11-19T00:57:00","date_gmt":"2024-11-19T08:57:00","guid":{"rendered":"https:\/\/plg-pllc.com\/?page_id=20965"},"modified":"2024-12-12T15:20:23","modified_gmt":"2024-12-12T23:20:23","slug":"whose-insurance-pays-in-a-multi-car-accident","status":"publish","type":"page","link":"https:\/\/plg-pllc.com\/es\/faqs\/whose-insurance-pays-in-a-multi-car-accident\/","title":{"rendered":"\u00bfQui\u00e9n paga el seguro en caso de accidente con varios veh\u00edculos?"},"content":{"rendered":"<p><span style=\"font-weight: 400;\">El seguro de un conductor culpable puede pagar en caso de un accidente con varios veh\u00edculos. O bien, las compa\u00f1\u00edas de seguros de los conductores culpables pueden dividir el costo de un accidente en funci\u00f3n del porcentaje de culpa de cada conductor. Despu\u00e9s de una colisi\u00f3n con varios veh\u00edculos, trabaje con un abogado especializado en accidentes automovil\u00edsticos y \u00e9l podr\u00e1 presentar un reclamo al seguro o una demanda por lesiones personales en su nombre.\u00a0<\/span><\/p>\n<p><span style=\"font-weight: 400;\">Trabajando con <\/span><a href=\"https:\/\/plg-pllc.com\/washington\/car-accident-lawyer\/\"><span style=\"font-weight: 400;\">Abogados de accidentes automovil\u00edsticos de confianza en Washington<\/span><\/a><span style=\"font-weight: 400;\">, est\u00e1 en una buena posici\u00f3n para obtener una compensaci\u00f3n por las p\u00e9rdidas que sufra en un accidente de varios veh\u00edculos. Su abogado puede <\/span><b>Determinar qui\u00e9n es responsable de su accidente y reclamar da\u00f1os y perjuicios en consecuencia<\/b><span style=\"font-weight: 400;\">Pueden ayudarle a preparar un argumento dise\u00f1ado para demostrar que usted no es responsable del accidente.\u00a0<\/span><\/p>\n<h2><span style=\"font-weight: 400;\">\u00bfQu\u00e9 seguro paga en caso de accidente con varios veh\u00edculos en el estado de Washington?<\/span><\/h2>\n<p><span style=\"font-weight: 400;\">Usted podr\u00eda recibir un pago de la compa\u00f1\u00eda de seguros de un conductor responsable despu\u00e9s de un accidente con varios veh\u00edculos en Washington. Por ejemplo, si un conductor choca su veh\u00edculo contra el suyo y contra otros veh\u00edculos, la compa\u00f1\u00eda de seguros de este conductor podr\u00eda cubrir sus p\u00e9rdidas relacionadas con el accidente y las de los otros conductores involucrados en el choque.\u00a0<\/span><\/p>\n<p><span style=\"font-weight: 400;\">En un accidente en el que dos o m\u00e1s conductores tienen la culpa, sus respectivas compa\u00f1\u00edas de seguros podr\u00edan dividir el costo. Considere lo que puede suceder si dos conductores son igualmente responsables de un choque de varios veh\u00edculos. En este escenario, las compa\u00f1\u00edas de seguros de los conductores podr\u00edan dividir los costos de las p\u00e9rdidas relacionadas con el accidente al 50\/50.\u00a0<\/span><\/p>\n<p><span style=\"font-weight: 400;\">Cuando tenga dudas sobre qui\u00e9n es el culpable de su accidente de varios veh\u00edculos, <\/span><b>pedir ayuda legal<\/b><span style=\"font-weight: 400;\">Un abogado especializado en accidentes automovil\u00edsticos puede ayudarlo a identificar a las partes responsables. Pueden brindarle una <\/span><a href=\"https:\/\/plg-pllc.com\/washington-accident-claim-calculator\/\"><span style=\"font-weight: 400;\">Calculadora de reclamaciones por accidentes en Washington<\/span><\/a><span style=\"font-weight: 400;\"> y otras herramientas para ayudarle a determinar sus p\u00e9rdidas relacionadas con accidentes.\u00a0<\/span><\/p>\n<h2><span style=\"font-weight: 400;\">\u00bfC\u00f3mo determina el seguro qui\u00e9n paga en un accidente de varios veh\u00edculos?<\/span><\/h2>\n<p><span style=\"font-weight: 400;\">Para determinar qui\u00e9n es responsable de un accidente de tr\u00e1fico, se deben tener en cuenta los hechos del incidente. Un abogado especializado en accidentes de tr\u00e1fico puede compartir <\/span><a href=\"https:\/\/plg-pllc.com\/books\/\"><span style=\"font-weight: 400;\">Gu\u00edas legales gratuitas de Washington<\/span><\/a><span style=\"font-weight: 400;\"> y otros recursos relacionados con su accidente de varios veh\u00edculos. Pueden ayudarlo a reunir un conjunto de pruebas que dejen en claro que usted no deber\u00eda ser considerado responsable de la colisi\u00f3n.\u00a0<\/span><\/p>\n<p><span style=\"font-weight: 400;\">Lo mejor para usted es no asumir la culpa parcial o total por un accidente automovil\u00edstico que involucre a varios veh\u00edculos. En \u00faltima instancia, <\/span><b>un informe policial<\/b>,<b> Fotos y v\u00eddeos de la escena del accidente<\/b>,<b> declaraciones de testigos<\/b>,<b> y<\/b> <b>Otra prueba<\/b><span style=\"font-weight: 400;\"> Se puede utilizar para determinar la responsabilidad en caso de colisi\u00f3n de varios veh\u00edculos. Si tiene pruebas convincentes, puede demostrarle a la aseguradora que usted no tiene la culpa.<\/span><\/p>\n<p><span style=\"font-weight: 400;\">Cuando una compa\u00f1\u00eda de seguros examina su accidente de autom\u00f3vil, puede determinar qui\u00e9n tiene la culpa y qu\u00e9 compensaci\u00f3n debe proporcionarle. Desafortunadamente, una aseguradora puede disputar sus p\u00e9rdidas relacionadas con el accidente. Un abogado especializado en accidentes automovil\u00edsticos puede negociar con una compa\u00f1\u00eda de seguros en su nombre y ponerlo en una excelente posici\u00f3n para asegurar un acuerdo justo.<\/span><\/p>\n<h2><span style=\"font-weight: 400;\">\u00bfDebe presentar una reclamaci\u00f3n al seguro si est\u00e1 involucrado en un accidente con varios veh\u00edculos?<\/span><\/h2>\n<p><span style=\"font-weight: 400;\">Es conveniente informar a su compa\u00f1\u00eda de seguros sobre un accidente con varios veh\u00edculos. Washington mantiene una <\/span>&quot;<b>culpable<\/b>&quot;<b> sistema para seguro de auto<\/b><span style=\"font-weight: 400;\">Una vez que le informe a su aseguradora sobre su accidente, la empresa puede comunicarse con las compa\u00f1\u00edas de seguros de los otros conductores involucrados en el incidente y trabajar con ellos para determinar qui\u00e9n es responsable.\u00a0<\/span><\/p>\n<p><span style=\"font-weight: 400;\">Presentar una reclamaci\u00f3n al seguro no garantiza que recibir\u00e1 una compensaci\u00f3n suficiente por las p\u00e9rdidas relacionadas con el accidente. La aseguradora de un conductor responsable podr\u00eda impugnar su reclamaci\u00f3n u ofrecerle un acuerdo que no cubra los costos del tratamiento de sus lesiones y otras p\u00e9rdidas sufridas. Obtener una compensaci\u00f3n a trav\u00e9s de una demanda por lesiones puede resultar la mejor opci\u00f3n desde el punto de vista financiero.\u00a0<\/span><\/p>\n<p><span style=\"font-weight: 400;\">Un abogado de accidentes automovil\u00edsticos trabaja diligentemente para ayudar a sus clientes a lograr el resultado \u00f3ptimo. <\/span><a href=\"https:\/\/plg-pllc.com\/case-results\/\"><span style=\"font-weight: 400;\">resultados del caso<\/span><\/a><span style=\"font-weight: 400;\">Su abogado puede obtener informaci\u00f3n sobre su accidente y c\u00f3mo el incidente lo est\u00e1 afectando. Desde all\u00ed, puede presentar su demanda y ayudarlo a exigir que las partes responsables de su accidente rindan cuentas por sus p\u00e9rdidas.\u00a0<\/span><\/p>\n\n        <div class=\"rs-content-cta long\">\n            <p>Para una consulta legal GRATUITA, llame al <a href=\"tel:+12062851743\">(206) 285-1743 <\/a><\/p>\n            <a href=\"https:\/\/plg-pllc.com\/es\/contact-us\/\" title=\"OBTENGA UNA EVALUACI\u00d3N DE CASO GRATUITA\" class=\"btn-global\">OBTENGA UNA EVALUACI\u00d3N DE CASO GRATUITA<\/a>\n                    <picture>\n                            <source srcset=\"https:\/\/plg-pllc.com\/wp-content\/themes\/plg-pllc-redesign\/assets\/app\/img\/cta-thumb.webp\" type=\"image\/webp\"\/>\n                            <img src=\"https:\/\/plg-pllc.com\/wp-content\/themes\/plg-pllc-redesign\/assets\/app\/img\/cta-thumb.png\" alt=\"Grupo de abogados Premier\" title=\"Grupo de abogados Premier\" width=\"245\" height=\"220\" loading=\"auto\" fetchpriority=\"auto\" decoding=\"async\"\/>\n        <\/picture>\n        \n        <\/div><h2><span style=\"font-weight: 400;\">\u00bfQu\u00e9 da\u00f1os puede obtener en una demanda por accidente de varios veh\u00edculos?<\/span><\/h2>\n<p><span style=\"font-weight: 400;\">Podr\u00edas coleccionar <\/span><b>econ\u00f3mica y no<\/b>\u2013<b>da\u00f1os econ\u00f3micos<\/b><span style=\"font-weight: 400;\"> Si demanda a uno o m\u00e1s conductores culpables en una demanda por lesiones personales, un abogado especializado en accidentes automovil\u00edsticos lo alentar\u00e1 a solicitar una compensaci\u00f3n por sus p\u00e9rdidas cuantificables y subjetivas. Las razones por las que podr\u00eda recuperar da\u00f1os en su demanda incluyen:<\/span><\/p>\n<ul>\n<li style=\"font-weight: 400;\" aria-level=\"1\"><span style=\"font-weight: 400;\">Reparaci\u00f3n o sustituci\u00f3n de veh\u00edculos<\/span><\/li>\n<li style=\"font-weight: 400;\" aria-level=\"1\"><span style=\"font-weight: 400;\">P\u00e9rdida de ingresos<\/span><\/li>\n<li style=\"font-weight: 400;\" aria-level=\"1\"><span style=\"font-weight: 400;\">Salarios perdidos<\/span><\/li>\n<li style=\"font-weight: 400;\" aria-level=\"1\"><span style=\"font-weight: 400;\">Dolor y sufrimiento<\/span><\/li>\n<\/ul>\n<p><span style=\"font-weight: 400;\">El tiempo que tiene para solicitar una compensaci\u00f3n a cualquier persona responsable de un accidente automovil\u00edstico est\u00e1 regulado por el C\u00f3digo Revisado de Washington (RCW). <\/span><a href=\"https:\/\/app.leg.wa.gov\/rcw\/default.aspx?cite=4.16.080\" target=\"_blank\" rel=\"noopener\"><span style=\"font-weight: 400;\">Ley de Armas Reconstructivas 4.16.080<\/span><\/a><span style=\"font-weight: 400;\">Tiene hasta tres a\u00f1os a partir de la fecha en que sufri\u00f3 una lesi\u00f3n personal para presentar una demanda. Una vez que se cierra este per\u00edodo, usted es el \u00fanico responsable de las p\u00e9rdidas relacionadas con la lesi\u00f3n.\u00a0<\/span><\/p>\n<h2><span style=\"font-weight: 400;\">Contrate abogados especializados en accidentes automovil\u00edsticos con un historial de \u00e9xito<\/span><\/h2>\n<p><span style=\"font-weight: 400;\">Le preocupa qu\u00e9 compa\u00f1\u00eda de seguros pagar\u00e1 despu\u00e9s de un accidente con varios veh\u00edculos. Es abrumador pensar en obtener una compensaci\u00f3n de las compa\u00f1\u00edas de seguros de las partes responsables y no est\u00e1 seguro de c\u00f3mo proceder. En este momento, re\u00fanase con un abogado especializado en accidentes de tr\u00e1fico, que podr\u00e1 ayudarle a solicitar una compensaci\u00f3n a cualquiera que haya contribuido a su accidente.\u00a0<\/span><\/p>\n<p><span style=\"font-weight: 400;\">Premier Law Group tiene <\/span><b>M\u00e1s de 55 a\u00f1os de experiencia legal combinada <\/b><span style=\"font-weight: 400;\">A nuestra disposici\u00f3n. Deje que nuestros abogados especializados en accidentes de tr\u00e1fico eval\u00faen su caso y le gu\u00eden en el proceso de solicitar una indemnizaci\u00f3n mediante una reclamaci\u00f3n al seguro o una demanda por lesiones personales. P\u00f3ngase en contacto con nosotros hoy mismo para obtener m\u00e1s informaci\u00f3n.<\/span><\/p>\n\n        <div class=\"rs-content-cta\">\n            <p>Llamar o enviar mensaje de texto <a href=\"tel:+12062851743\">(206) 285-1743<\/a> o complete un formulario de evaluaci\u00f3n de caso gratuito<\/p>\n            <a href=\"https:\/\/plg-pllc.com\/es\/contact-us\/\" title=\"OBTENGA UNA EVALUACI\u00d3N DE CASO GRATUITA\" class=\"btn-global\">OBTENGA UNA EVALUACI\u00d3N DE CASO GRATUITA<\/a>\n                    <picture>\n                            <source srcset=\"https:\/\/plg-pllc.com\/wp-content\/themes\/plg-pllc-redesign\/assets\/app\/img\/cta-thumb.webp\" type=\"image\/webp\"\/>\n                            <img src=\"https:\/\/plg-pllc.com\/wp-content\/themes\/plg-pllc-redesign\/assets\/app\/img\/cta-thumb.png\" alt=\"Grupo de abogados Premier\" title=\"Grupo de abogados Premier\" width=\"245\" height=\"220\" loading=\"auto\" fetchpriority=\"auto\" decoding=\"async\"\/>\n        <\/picture>\n        \n        <\/div>","protected":false},"excerpt":{"rendered":"<p>El seguro de un conductor culpable puede pagar en caso de un accidente con varios veh\u00edculos. O bien, las compa\u00f1\u00edas de seguros de los conductores culpables pueden dividir el costo de un accidente en funci\u00f3n del porcentaje de culpa de cada conductor. Despu\u00e9s de una colisi\u00f3n con varios veh\u00edculos, trabaje con un abogado especializado en accidentes automovil\u00edsticos y \u00e9l podr\u00e1 presentar un reclamo al seguro o una demanda por lesiones personales en su nombre. \u2026<\/p>","protected":false},"author":50,"featured_media":20966,"parent":20714,"menu_order":0,"comment_status":"closed","ping_status":"closed","template":"","meta":{"_acf_changed":false,"_genesis_hide_title":false,"_genesis_hide_breadcrumbs":false,"_genesis_hide_singular_image":false,"_genesis_hide_footer_widgets":false,"_genesis_custom_body_class":"","_genesis_custom_post_class":"","_genesis_layout":"","footnotes":""},"hc_faqs":[10344],"class_list":{"0":"post-20965","1":"page","2":"type-page","3":"status-publish","4":"has-post-thumbnail","6":"hc_faqs-car-accident","7":"entry"},"acf":[],"yoast_head":"<!-- This site is optimized with the Yoast SEO plugin v27.4 - https:\/\/yoast.com\/product\/yoast-seo-wordpress\/ -->\n<title>Whose Insurance Pays in a Multi-Vehicle Accident?<\/title>\n<meta name=\"description\" content=\"Whose insurance pays in a multi-car accident? Here is everything you need to know about liability in a multi-vehicle collision.\" \/>\n<meta name=\"robots\" content=\"index, follow, max-snippet:-1, max-image-preview:large, max-video-preview:-1\" \/>\n<link rel=\"canonical\" href=\"https:\/\/plg-pllc.com\/es\/faqs\/whose-insurance-pays-in-a-multi-car-accident\/\" \/>\n<meta property=\"og:locale\" content=\"es_MX\" \/>\n<meta property=\"og:type\" content=\"article\" \/>\n<meta property=\"og:title\" content=\"Whose Insurance Pays in a Multi-Vehicle Accident?\" \/>\n<meta property=\"og:description\" content=\"Whose insurance pays in a multi-car accident? Here is everything you need to know about liability in a multi-vehicle collision.\" \/>\n<meta property=\"og:url\" content=\"https:\/\/plg-pllc.com\/es\/faqs\/whose-insurance-pays-in-a-multi-car-accident\/\" \/>\n<meta property=\"og:site_name\" content=\"Premier Law Group\" \/>\n<meta property=\"article:publisher\" content=\"https:\/\/www.facebook.com\/premierlawgroup\" \/>\n<meta property=\"article:modified_time\" content=\"2024-12-12T23:20:23+00:00\" \/>\n<meta property=\"og:image\" content=\"https:\/\/plg-pllc.com\/wp-content\/uploads\/2024\/11\/whose-insurance-pays-in-a-multi-car-accident-.jpeg\" \/>\n\t<meta property=\"og:image:width\" content=\"1000\" \/>\n\t<meta property=\"og:image:height\" content=\"667\" \/>\n\t<meta property=\"og:image:type\" content=\"image\/jpeg\" \/>\n<meta name=\"twitter:card\" content=\"summary_large_image\" \/>\n<meta name=\"twitter:site\" content=\"@premierlawgroup\" \/>\n<meta name=\"twitter:label1\" content=\"Tiempo de lectura\" \/>\n\t<meta name=\"twitter:data1\" content=\"4 minutos\" \/>\n<script type=\"application\/ld+json\" class=\"yoast-schema-graph\">{\"@context\":\"https:\\\/\\\/schema.org\",\"@graph\":[{\"@type\":\"WebPage\",\"@id\":\"https:\\\/\\\/plg-pllc.com\\\/es\\\/faqs\\\/whose-insurance-pays-in-a-multi-car-accident\\\/\",\"url\":\"https:\\\/\\\/plg-pllc.com\\\/es\\\/faqs\\\/whose-insurance-pays-in-a-multi-car-accident\\\/\",\"name\":\"Whose Insurance Pays in a Multi-Vehicle Accident?\",\"isPartOf\":{\"@id\":\"https:\\\/\\\/plg-pllc.com\\\/#website\"},\"primaryImageOfPage\":{\"@id\":\"https:\\\/\\\/plg-pllc.com\\\/es\\\/faqs\\\/whose-insurance-pays-in-a-multi-car-accident\\\/#primaryimage\"},\"image\":{\"@id\":\"https:\\\/\\\/plg-pllc.com\\\/es\\\/faqs\\\/whose-insurance-pays-in-a-multi-car-accident\\\/#primaryimage\"},\"thumbnailUrl\":\"https:\\\/\\\/plg-pllc.com\\\/wp-content\\\/uploads\\\/2024\\\/11\\\/whose-insurance-pays-in-a-multi-car-accident-.jpeg\",\"datePublished\":\"2024-11-19T08:57:00+00:00\",\"dateModified\":\"2024-12-12T23:20:23+00:00\",\"description\":\"Whose insurance pays in a multi-car accident? Here is everything you need to know about liability in a multi-vehicle collision.\",\"breadcrumb\":{\"@id\":\"https:\\\/\\\/plg-pllc.com\\\/es\\\/faqs\\\/whose-insurance-pays-in-a-multi-car-accident\\\/#breadcrumb\"},\"inLanguage\":\"es\",\"potentialAction\":[{\"@type\":\"ReadAction\",\"target\":[\"https:\\\/\\\/plg-pllc.com\\\/es\\\/faqs\\\/whose-insurance-pays-in-a-multi-car-accident\\\/\"]}]},{\"@type\":\"ImageObject\",\"inLanguage\":\"es\",\"@id\":\"https:\\\/\\\/plg-pllc.com\\\/es\\\/faqs\\\/whose-insurance-pays-in-a-multi-car-accident\\\/#primaryimage\",\"url\":\"https:\\\/\\\/plg-pllc.com\\\/wp-content\\\/uploads\\\/2024\\\/11\\\/whose-insurance-pays-in-a-multi-car-accident-.jpeg\",\"contentUrl\":\"https:\\\/\\\/plg-pllc.com\\\/wp-content\\\/uploads\\\/2024\\\/11\\\/whose-insurance-pays-in-a-multi-car-accident-.jpeg\",\"width\":1000,\"height\":667,\"caption\":\"Three cars were involved in a crash, with the drivers of the vehicles unsure of whose insurance pays in a multi-car accident\"},{\"@type\":\"BreadcrumbList\",\"@id\":\"https:\\\/\\\/plg-pllc.com\\\/es\\\/faqs\\\/whose-insurance-pays-in-a-multi-car-accident\\\/#breadcrumb\",\"itemListElement\":[{\"@type\":\"ListItem\",\"position\":1,\"name\":\"Home\",\"item\":\"https:\\\/\\\/plg-pllc.com\\\/es\\\/\"},{\"@type\":\"ListItem\",\"position\":2,\"name\":\"FAQs\",\"item\":\"https:\\\/\\\/plg-pllc.com\\\/es\\\/faqs\\\/\"},{\"@type\":\"ListItem\",\"position\":3,\"name\":\"Whose Insurance Pays in a Multi-Car Accident?\"}]},{\"@type\":\"WebSite\",\"@id\":\"https:\\\/\\\/plg-pllc.com\\\/#website\",\"url\":\"https:\\\/\\\/plg-pllc.com\\\/\",\"name\":\"Premier Law Group\",\"description\":\"Washington Wrongful Death and Serious Injury Lawyer\",\"publisher\":{\"@id\":\"https:\\\/\\\/plg-pllc.com\\\/#organization\"},\"inLanguage\":\"es\"},{\"@type\":\"Organization\",\"@id\":\"https:\\\/\\\/plg-pllc.com\\\/#organization\",\"name\":\"Premier Law Group\",\"url\":\"https:\\\/\\\/plg-pllc.com\\\/\",\"logo\":{\"@type\":\"ImageObject\",\"inLanguage\":\"es\",\"@id\":\"https:\\\/\\\/plg-pllc.com\\\/#\\\/schema\\\/logo\\\/image\\\/\",\"url\":\"https:\\\/\\\/plg-pllc.com\\\/wp-content\\\/uploads\\\/2020\\\/10\\\/plg-logo-v2.gif\",\"contentUrl\":\"https:\\\/\\\/plg-pllc.com\\\/wp-content\\\/uploads\\\/2020\\\/10\\\/plg-logo-v2.gif\",\"width\":592,\"height\":191,\"caption\":\"Premier Law Group\"},\"image\":{\"@id\":\"https:\\\/\\\/plg-pllc.com\\\/#\\\/schema\\\/logo\\\/image\\\/\"},\"sameAs\":[\"https:\\\/\\\/www.facebook.com\\\/premierlawgroup\",\"https:\\\/\\\/x.com\\\/premierlawgroup\"]}]}<\/script>\n<!-- \/ Yoast SEO plugin. -->","yoast_head_json":{"title":"\u00bfQu\u00e9 seguro paga en caso de accidente de varios veh\u00edculos?","description":"\u00bfQui\u00e9n paga el seguro en caso de accidente con varios veh\u00edculos? Aqu\u00ed encontrar\u00e1 todo lo que necesita saber sobre la responsabilidad en caso de colisi\u00f3n con varios veh\u00edculos.","robots":{"index":"index","follow":"follow","max-snippet":"max-snippet:-1","max-image-preview":"max-image-preview:large","max-video-preview":"max-video-preview:-1"},"canonical":"https:\/\/plg-pllc.com\/es\/faqs\/whose-insurance-pays-in-a-multi-car-accident\/","og_locale":"es_MX","og_type":"article","og_title":"Whose Insurance Pays in a Multi-Vehicle Accident?","og_description":"Whose insurance pays in a multi-car accident? Here is everything you need to know about liability in a multi-vehicle collision.","og_url":"https:\/\/plg-pllc.com\/es\/faqs\/whose-insurance-pays-in-a-multi-car-accident\/","og_site_name":"Premier Law Group","article_publisher":"https:\/\/www.facebook.com\/premierlawgroup","article_modified_time":"2024-12-12T23:20:23+00:00","og_image":[{"width":1000,"height":667,"url":"https:\/\/plg-pllc.com\/wp-content\/uploads\/2024\/11\/whose-insurance-pays-in-a-multi-car-accident-.jpeg","type":"image\/jpeg"}],"twitter_card":"summary_large_image","twitter_site":"@premierlawgroup","twitter_misc":{"Tiempo de lectura":"4 minutos"},"schema":{"@context":"https:\/\/schema.org","@graph":[{"@type":"WebPage","@id":"https:\/\/plg-pllc.com\/es\/faqs\/whose-insurance-pays-in-a-multi-car-accident\/","url":"https:\/\/plg-pllc.com\/es\/faqs\/whose-insurance-pays-in-a-multi-car-accident\/","name":"\u00bfQu\u00e9 seguro paga en caso de accidente de varios veh\u00edculos?","isPartOf":{"@id":"https:\/\/plg-pllc.com\/#website"},"primaryImageOfPage":{"@id":"https:\/\/plg-pllc.com\/es\/faqs\/whose-insurance-pays-in-a-multi-car-accident\/#primaryimage"},"image":{"@id":"https:\/\/plg-pllc.com\/es\/faqs\/whose-insurance-pays-in-a-multi-car-accident\/#primaryimage"},"thumbnailUrl":"https:\/\/plg-pllc.com\/wp-content\/uploads\/2024\/11\/whose-insurance-pays-in-a-multi-car-accident-.jpeg","datePublished":"2024-11-19T08:57:00+00:00","dateModified":"2024-12-12T23:20:23+00:00","description":"\u00bfQui\u00e9n paga el seguro en caso de accidente con varios veh\u00edculos? Aqu\u00ed encontrar\u00e1 todo lo que necesita saber sobre la responsabilidad en caso de colisi\u00f3n con varios veh\u00edculos.","breadcrumb":{"@id":"https:\/\/plg-pllc.com\/es\/faqs\/whose-insurance-pays-in-a-multi-car-accident\/#breadcrumb"},"inLanguage":"es","potentialAction":[{"@type":"ReadAction","target":["https:\/\/plg-pllc.com\/es\/faqs\/whose-insurance-pays-in-a-multi-car-accident\/"]}]},{"@type":"ImageObject","inLanguage":"es","@id":"https:\/\/plg-pllc.com\/es\/faqs\/whose-insurance-pays-in-a-multi-car-accident\/#primaryimage","url":"https:\/\/plg-pllc.com\/wp-content\/uploads\/2024\/11\/whose-insurance-pays-in-a-multi-car-accident-.jpeg","contentUrl":"https:\/\/plg-pllc.com\/wp-content\/uploads\/2024\/11\/whose-insurance-pays-in-a-multi-car-accident-.jpeg","width":1000,"height":667,"caption":"Three cars were involved in a crash, with the drivers of the vehicles unsure of whose insurance pays in a multi-car accident"},{"@type":"BreadcrumbList","@id":"https:\/\/plg-pllc.com\/es\/faqs\/whose-insurance-pays-in-a-multi-car-accident\/#breadcrumb","itemListElement":[{"@type":"ListItem","position":1,"name":"Home","item":"https:\/\/plg-pllc.com\/es\/"},{"@type":"ListItem","position":2,"name":"FAQs","item":"https:\/\/plg-pllc.com\/es\/faqs\/"},{"@type":"ListItem","position":3,"name":"Whose Insurance Pays in a Multi-Car Accident?"}]},{"@type":"WebSite","@id":"https:\/\/plg-pllc.com\/#website","url":"https:\/\/plg-pllc.com\/","name":"Grupo de abogados Premier","description":"Abogado de muerte por negligencia y lesiones graves en Washington","publisher":{"@id":"https:\/\/plg-pllc.com\/#organization"},"inLanguage":"es"},{"@type":"Organization","@id":"https:\/\/plg-pllc.com\/#organization","name":"Grupo de abogados Premier","url":"https:\/\/plg-pllc.com\/","logo":{"@type":"ImageObject","inLanguage":"es","@id":"https:\/\/plg-pllc.com\/#\/schema\/logo\/image\/","url":"https:\/\/plg-pllc.com\/wp-content\/uploads\/2020\/10\/plg-logo-v2.gif","contentUrl":"https:\/\/plg-pllc.com\/wp-content\/uploads\/2020\/10\/plg-logo-v2.gif","width":592,"height":191,"caption":"Premier Law Group"},"image":{"@id":"https:\/\/plg-pllc.com\/#\/schema\/logo\/image\/"},"sameAs":["https:\/\/www.facebook.com\/premierlawgroup","https:\/\/x.com\/premierlawgroup"]}]}},"_links":{"self":[{"href":"https:\/\/plg-pllc.com\/es\/wp-json\/wp\/v2\/pages\/20965","targetHints":{"allow":["GET"]}}],"collection":[{"href":"https:\/\/plg-pllc.com\/es\/wp-json\/wp\/v2\/pages"}],"about":[{"href":"https:\/\/plg-pllc.com\/es\/wp-json\/wp\/v2\/types\/page"}],"author":[{"embeddable":true,"href":"https:\/\/plg-pllc.com\/es\/wp-json\/wp\/v2\/users\/50"}],"replies":[{"embeddable":true,"href":"https:\/\/plg-pllc.com\/es\/wp-json\/wp\/v2\/comments?post=20965"}],"version-history":[{"count":0,"href":"https:\/\/plg-pllc.com\/es\/wp-json\/wp\/v2\/pages\/20965\/revisions"}],"up":[{"embeddable":true,"href":"https:\/\/plg-pllc.com\/es\/wp-json\/wp\/v2\/pages\/20714"}],"wp:featuredmedia":[{"embeddable":true,"href":"https:\/\/plg-pllc.com\/es\/wp-json\/wp\/v2\/media\/20966"}],"wp:attachment":[{"href":"https:\/\/plg-pllc.com\/es\/wp-json\/wp\/v2\/media?parent=20965"}],"wp:term":[{"taxonomy":"hc_faqs","embeddable":true,"href":"https:\/\/plg-pllc.com\/es\/wp-json\/wp\/v2\/hc_faqs?post=20965"}],"curies":[{"name":"gracias","href":"https:\/\/api.w.org\/{rel}","templated":true}]}}