{"id":21015,"date":"2024-12-03T00:19:20","date_gmt":"2024-12-03T08:19:20","guid":{"rendered":"https:\/\/plg-pllc.com\/?page_id=21015"},"modified":"2026-03-24T15:01:47","modified_gmt":"2026-03-24T22:01:47","slug":"why-is-my-car-accident-settlement-taking-so-long","status":"publish","type":"page","link":"https:\/\/plg-pllc.com\/es\/faqs\/why-is-my-car-accident-settlement-taking-so-long\/","title":{"rendered":"\u00bfPor qu\u00e9 est\u00e1 tardando tanto el acuerdo por mi accidente automovil\u00edstico?"},"content":{"rendered":"<p><span style=\"font-weight: 400;\">Los acuerdos por accidentes de tr\u00e1fico pueden llevar mucho tiempo porque suelen implicar la resoluci\u00f3n de detalles importantes, como qui\u00e9n caus\u00f3 el accidente y cu\u00e1nto valen las lesiones. Cada caso es diferente, por lo que el tiempo que lleva puede variar.\u00a0<\/span><\/p>\n<p><span style=\"font-weight: 400;\">A veces, todas las partes deben ser pacientes mientras todos trabajan para llegar a un acuerdo justo. Si est\u00e1 esperando un acuerdo, nuestro <\/span><a href=\"https:\/\/plg-pllc.com\/bellevue\/car-accident-lawyer\/\"><span style=\"font-weight: 400;\">Abogados de accidentes de tr\u00e1fico en Bellevue<\/span><\/a><span style=\"font-weight: 400;\"> Puede ayudarle explic\u00e1ndole el proceso y d\u00e1ndole una idea de cu\u00e1nto tiempo podr\u00eda llevar su acuerdo seg\u00fan su caso.\u00a0<\/span><\/p>\n<p><span style=\"font-weight: 400;\">Podemos explicarle el cronograma de su caso y m\u00e1s durante una consulta gratuita.<\/span><\/p>\n<h2><span style=\"font-weight: 400;\">Varios factores pueden retrasar la liquidaci\u00f3n de su accidente automovil\u00edstico<\/span><\/h2>\n<p><span style=\"font-weight: 400;\">Puede parecer que los acuerdos por accidentes automovil\u00edsticos demoran tanto por algunas razones comunes, que incluyen:<\/span><\/p>\n<ul>\n<li style=\"font-weight: 400;\" aria-level=\"1\"><b>\u00bfQu\u00e9 tan graves son las lesiones?<\/b><span style=\"font-weight: 400;\">:Las lesiones graves pueden requerir m\u00e1s tiempo para su tratamiento y para calcular los costos m\u00e9dicos futuros.<\/span><\/li>\n<li style=\"font-weight: 400;\" aria-level=\"1\"><b>Desacuerdos sobre qui\u00e9n tiene la culpa<\/b><span style=\"font-weight: 400;\">:Si hay una disputa sobre qui\u00e9n caus\u00f3 el accidente, las compa\u00f1\u00edas de seguros pueden necesitar m\u00e1s tiempo para investigar.<\/span><\/li>\n<li style=\"font-weight: 400;\" aria-level=\"1\"><b>Casos que involucran a varias personas<\/b><span style=\"font-weight: 400;\">:Los accidentes con varias personas o veh\u00edculos involucrados toman m\u00e1s tiempo porque hay que revisar el papel de cada uno.<\/span><\/li>\n<li style=\"font-weight: 400;\" aria-level=\"1\"><b>Montos elevados de liquidaci\u00f3n<\/b><span style=\"font-weight: 400;\">:Los reclamos por acuerdos m\u00e1s altos a menudo implican un mayor escrutinio por parte de las compa\u00f1\u00edas de seguros antes de aceptar pagar.<\/span><\/li>\n<li style=\"font-weight: 400;\" aria-level=\"1\"><b>Largas negociaciones<\/b><span style=\"font-weight: 400;\">:Las negociaciones de conciliaci\u00f3n entre abogados y compa\u00f1\u00edas de seguros pueden llevar tiempo. Si las ofertas iniciales son bajas o poco razonables, el tira y afloja para llegar a un acuerdo justo puede causar demoras.<\/span><\/li>\n<li style=\"font-weight: 400;\" aria-level=\"1\"><b>T\u00e1cticas de demora de las compa\u00f1\u00edas de seguros<\/b><span style=\"font-weight: 400;\">:A veces, las compa\u00f1\u00edas de seguros ralentizan intencionalmente el proceso para fomentar acuerdos con montos m\u00e1s bajos.<\/span><\/li>\n<li style=\"font-weight: 400;\" aria-level=\"1\"><b>Atraso judicial <\/b>(<b>Si hay litigio de por medio<\/b>)<span style=\"font-weight: 400;\">:Si su caso tiene que ir a la corte, los retrasos en la programaci\u00f3n pueden causar demoras adicionales.<\/span><\/li>\n<\/ul>\n<p><span style=\"font-weight: 400;\">En el estado de Washington, ciertas leyes y normas locales tambi\u00e9n pueden afectar la duraci\u00f3n del proceso. Si bien cada caso es diferente, conocer estos motivos puede ayudarlo a comprender por qu\u00e9 puede haber una demora. Mantendremos su caso encaminado hacia una resoluci\u00f3n.<\/span><\/p>\n<h2><span style=\"font-weight: 400;\">C\u00f3mo nuestros abogados pueden ayudar a que su caso de accidente de tr\u00e1fico siga su curso\u00a0<\/span><\/h2>\n<p><span style=\"font-weight: 400;\">Nuestros abogados saben que esperar una indemnizaci\u00f3n por accidente de tr\u00e1fico puede ser frustrante, por eso trabajamos arduamente para que su caso siga adelante. As\u00ed es como lo ayudamos:<\/span><\/p>\n<ul>\n<li style=\"font-weight: 400;\" aria-level=\"1\"><b>Experiencia con el estado<\/b>\u2013<b>leyes espec\u00edficas<\/b><span style=\"font-weight: 400;\">:Washington tiene reglas \u00fanicas, como la negligencia comparativa y las regulaciones de seguros, que pueden afectar su caso. Nuestros abogados conocen estas leyes y las usar\u00e1n para guiar su caso a trav\u00e9s de cualquier desaf\u00edo.<\/span><\/li>\n<li style=\"font-weight: 400;\" aria-level=\"1\"><b>Proceso acelerado<\/b><span style=\"font-weight: 400;\">: <\/span><span style=\"font-weight: 400;\">Nos encargamos de todas las comunicaciones, negociaciones y papeleo para usted, cumpliendo todos los plazos para que su caso no se ralentice.<\/span><\/li>\n<li style=\"font-weight: 400;\" aria-level=\"1\"><b>Investigaci\u00f3n exhaustiva<\/b><span style=\"font-weight: 400;\">Recopilaremos todas las pruebas necesarias para demostrar qui\u00e9n es el culpable. Esto puede evitar demoras causadas por desacuerdos sobre la responsabilidad.<\/span><\/li>\n<li style=\"font-weight: 400;\" aria-level=\"1\"><b>Evaluaci\u00f3n precisa de su reclamaci\u00f3n<\/b><span style=\"font-weight: 400;\">Calculamos el monto total de su reclamo, incluidas las facturas m\u00e9dicas, la p\u00e9rdida de ingresos y el dolor y sufrimiento. Esto confirma que no se le presiona para que acepte menos de lo que merece.<\/span><\/li>\n<li style=\"font-weight: 400;\" aria-level=\"1\"><b>Manejo de t\u00e1cticas de seguros<\/b><span style=\"font-weight: 400;\">:Las compa\u00f1\u00edas de seguros a veces demoran los casos para lograr que aceptes una compensaci\u00f3n menor. Desafiamos estas t\u00e1cticas para mantener el proceso justo y encaminado.<\/span><\/li>\n<li style=\"font-weight: 400;\" aria-level=\"1\"><b>Negociaci\u00f3n de acuerdos justos<\/b><span style=\"font-weight: 400;\">:Nuestros abogados trabajan arduamente para conseguirle un acuerdo justo que refleje el valor real de su reclamo. Si es necesario, estamos preparados para llevar su caso a los tribunales para obtener el mejor resultado para usted.<\/span><\/li>\n<\/ul>\n<p><span style=\"font-weight: 400;\">Con nuestra experiencia y dedicaci\u00f3n, nuestros <\/span><a href=\"https:\/\/plg-pllc.com\/\"><span style=\"font-weight: 400;\">Abogados de lesiones personales en Bellevue<\/span><\/a><span style=\"font-weight: 400;\"> Trabajar duro para mantener los casos en marcha y esforzarse por alcanzar acuerdos justos de la manera m\u00e1s eficiente posible.<\/span><\/p>\n<h2><span style=\"font-weight: 400;\">\u00bfPuedo obtener un acuerdo si fui parcialmente culpable del accidente?<\/span><\/h2>\n<p><span style=\"font-weight: 400;\">T\u00fa <\/span><b>Todav\u00eda se puede llegar a un acuerdo<\/b><span style=\"font-weight: 400;\"> Incluso si usted fue parcialmente culpable del accidente automovil\u00edstico, Washington sigue una regla de \u201cnegligencia comparativa\u201d. Esto significa que si usted fue parcialmente responsable, su indemnizaci\u00f3n podr\u00eda reducirse en el porcentaje de su culpa.<\/span><\/p>\n<p><span style=\"font-weight: 400;\">Por ejemplo, si se determina que usted tuvo la culpa del accidente, a\u00fan podr\u00eda recibir el 80% del monto total del acuerdo. Por lo tanto, incluso si cree que puede tener parte de culpa, a\u00fan tiene la oportunidad de recuperar dinero por sus lesiones y otros da\u00f1os.\u00a0<\/span><\/p>\n<p><span style=\"font-weight: 400;\">Podemos trabajar para demostrar cu\u00e1nta culpa tuvo la otra parte, lo que puede mejorar sus posibilidades de obtener un acuerdo justo.<\/span><\/p>\n\n        <div class=\"rs-content-cta long\">\n            <p>Para una consulta legal GRATUITA, llame al <a href=\"tel:+12062851743\">(206) 285-1743 <\/a><\/p>\n            <a href=\"https:\/\/plg-pllc.com\/es\/contact-us\/\" title=\"OBTENGA UNA EVALUACI\u00d3N DE CASO GRATUITA\" class=\"btn-global\">OBTENGA UNA EVALUACI\u00d3N DE CASO GRATUITA<\/a>\n                    <picture>\n                            <source srcset=\"https:\/\/plg-pllc.com\/wp-content\/themes\/plg-pllc-redesign\/assets\/app\/img\/cta-thumb.webp\" type=\"image\/webp\"\/>\n                            <img src=\"https:\/\/plg-pllc.com\/wp-content\/themes\/plg-pllc-redesign\/assets\/app\/img\/cta-thumb.png\" alt=\"Grupo de abogados Premier\" title=\"Grupo de abogados Premier\" width=\"245\" height=\"220\" loading=\"auto\" fetchpriority=\"auto\" decoding=\"async\"\/>\n        <\/picture>\n        \n        <\/div><h2><span style=\"font-weight: 400;\">Qu\u00e9 esperar si su caso de accidente automovil\u00edstico llega a los tribunales<\/span><\/h2>\n<p><span style=\"font-weight: 400;\">La mayor\u00eda de los casos de accidentes automovil\u00edsticos se resuelven fuera de los tribunales, pero a veces ambas partes no pueden ponerse de acuerdo sobre lo que es justo. Cuando esto sucede, acudir a los tribunales puede ser la \u00fanica forma de obtener un resultado justo.\u00a0<\/span><\/p>\n<p><span style=\"font-weight: 400;\">Si su caso llega a los tribunales, nuestros abogados lo representar\u00e1n y probar\u00e1n su caso. Presentaremos pruebas, incluidas declaraciones de testigos, informes de accidentes y registros m\u00e9dicos, para demostrar lo que sucedi\u00f3 y por qu\u00e9 usted merece una compensaci\u00f3n.<\/span><\/p>\n<p><span style=\"font-weight: 400;\">Presentaremos argumentos en su nombre, responderemos preguntas y explicaremos su versi\u00f3n de los hechos al juez o al jurado. Ir a los tribunales puede llevar m\u00e1s tiempo, pero contar con representaci\u00f3n legal puede ayudarlo a sentirse seguro de que est\u00e1 luchando por el mejor resultado posible.<\/span><\/p>\n<h2><span style=\"font-weight: 400;\">\u00bfCu\u00e1nto tiempo tengo para demandar por un accidente automovil\u00edstico en el estado de Washington?<\/span><\/h2>\n<p><span style=\"font-weight: 400;\">En Washington, tienes <\/span><b>tres a\u00f1os<\/b><span style=\"font-weight: 400;\"> desde la fecha del accidente para presentar una demanda por lesiones personales. Este plazo se denomina plazo de prescripci\u00f3n y lo establece la ley <\/span><a href=\"https:\/\/app.leg.wa.gov\/rcw\/default.aspx?cite=4.16.080\/\" target=\"_blank\" rel=\"noopener\"><span style=\"font-weight: 400;\">C\u00f3digo Revisado de Washington \u00a7 4.16.080<\/span><\/a><span style=\"font-weight: 400;\">.\u00a0<\/span><\/p>\n<p><span style=\"font-weight: 400;\">Si no cumple con este plazo, es probable que no pueda presentar una demanda por da\u00f1os y perjuicios relacionados con el accidente. Por eso es importante iniciar su caso lo antes posible.<\/span><\/p>\n<h2><span style=\"font-weight: 400;\">\u00bfEst\u00e1 tardando demasiado la indemnizaci\u00f3n por su accidente de tr\u00e1fico? Ll\u00e1menos\u00a0<\/span><\/h2>\n<p><span style=\"font-weight: 400;\">En Premier Law Group, hemos ayudado <\/span><b>Miles de clientes con casos de lesiones durante casi 25 a\u00f1os<\/b><span style=\"font-weight: 400;\">Nuestros abogados cuentan con m\u00e1s de 55 a\u00f1os de experiencia combinada en casos de accidentes automovil\u00edsticos. Entendemos lo frustrantes que pueden ser las demoras y estamos aqu\u00ed para ayudarlo a avanzar con su caso.\u00a0<\/span><\/p>\n<p><span style=\"font-weight: 400;\">Cuando nos llame, tendr\u00e1 la oportunidad de hablar directamente con un abogado de nuestro equipo durante una consulta gratuita, para que pueda obtener la orientaci\u00f3n que necesita sin preocuparse por el costo. Tambi\u00e9n puede ver nuestra <\/span><a href=\"https:\/\/plg-pllc.com\/case-results\/\"><span style=\"font-weight: 400;\">resultados del caso<\/span><\/a><span style=\"font-weight: 400;\"> Para ver c\u00f3mo hemos ayudado a otros, comun\u00edquese hoy mismo para ver c\u00f3mo podemos ayudarlo.\u00a0<\/span><\/p>\n\n        <div class=\"rs-content-cta\">\n            <p>Llamar o enviar mensaje de texto <a href=\"tel:+12062851743\">(206) 285-1743<\/a> o complete un formulario de evaluaci\u00f3n de caso gratuito<\/p>\n            <a href=\"https:\/\/plg-pllc.com\/es\/contact-us\/\" title=\"OBTENGA UNA EVALUACI\u00d3N DE CASO GRATUITA\" class=\"btn-global\">OBTENGA UNA EVALUACI\u00d3N DE CASO GRATUITA<\/a>\n                    <picture>\n                            <source srcset=\"https:\/\/plg-pllc.com\/wp-content\/themes\/plg-pllc-redesign\/assets\/app\/img\/cta-thumb.webp\" type=\"image\/webp\"\/>\n                            <img src=\"https:\/\/plg-pllc.com\/wp-content\/themes\/plg-pllc-redesign\/assets\/app\/img\/cta-thumb.png\" alt=\"Grupo de abogados Premier\" title=\"Grupo de abogados Premier\" width=\"245\" height=\"220\" loading=\"auto\" fetchpriority=\"auto\" decoding=\"async\"\/>\n        <\/picture>\n        \n        <\/div>","protected":false},"excerpt":{"rendered":"<p>Los acuerdos por accidentes de tr\u00e1fico pueden llevar mucho tiempo porque a menudo implican resolver detalles importantes, como qui\u00e9n caus\u00f3 el accidente y cu\u00e1nto valen las lesiones. Cada caso es diferente, por lo que el tiempo que lleva puede variar. A veces, todas las partes deben ser pacientes mientras todos trabajan para llegar a un acuerdo justo. Si \u2026<\/p>","protected":false},"author":50,"featured_media":21016,"parent":20714,"menu_order":0,"comment_status":"closed","ping_status":"closed","template":"","meta":{"_acf_changed":false,"_genesis_hide_title":false,"_genesis_hide_breadcrumbs":false,"_genesis_hide_singular_image":false,"_genesis_hide_footer_widgets":false,"_genesis_custom_body_class":"","_genesis_custom_post_class":"","_genesis_layout":"","footnotes":""},"hc_faqs":[10344],"class_list":{"0":"post-21015","1":"page","2":"type-page","3":"status-publish","4":"has-post-thumbnail","6":"hc_faqs-car-accident","7":"entry"},"acf":[],"yoast_head":"<!-- This site is optimized with the Yoast SEO plugin v27.4 - https:\/\/yoast.com\/product\/yoast-seo-wordpress\/ -->\n<title>Why Is My Car Accident Claim Taking So Long?<\/title>\n<meta name=\"description\" content=\"Wondering why your car accident settlement is taking so long? Learn about common delays and how an attorney can help move your case forward.\" \/>\n<meta name=\"robots\" content=\"index, follow, max-snippet:-1, max-image-preview:large, max-video-preview:-1\" \/>\n<link rel=\"canonical\" href=\"https:\/\/plg-pllc.com\/es\/faqs\/why-is-my-car-accident-settlement-taking-so-long\/\" \/>\n<meta property=\"og:locale\" content=\"es_MX\" \/>\n<meta property=\"og:type\" content=\"article\" \/>\n<meta property=\"og:title\" content=\"Why Is My Car Accident Claim Taking So Long?\" \/>\n<meta property=\"og:description\" content=\"Wondering why your car accident settlement is taking so long? Learn about common delays and how an attorney can help move your case forward.\" \/>\n<meta property=\"og:url\" content=\"https:\/\/plg-pllc.com\/es\/faqs\/why-is-my-car-accident-settlement-taking-so-long\/\" \/>\n<meta property=\"og:site_name\" content=\"Premier Law Group\" \/>\n<meta property=\"article:publisher\" content=\"https:\/\/www.facebook.com\/premierlawgroup\" \/>\n<meta property=\"article:modified_time\" content=\"2026-03-24T22:01:47+00:00\" \/>\n<meta property=\"og:image\" content=\"https:\/\/plg-pllc.com\/wp-content\/uploads\/2024\/12\/why-is-my-car-accident-taking-so-long.jpeg\" \/>\n\t<meta property=\"og:image:width\" content=\"1000\" \/>\n\t<meta property=\"og:image:height\" content=\"667\" \/>\n\t<meta property=\"og:image:type\" content=\"image\/jpeg\" \/>\n<meta name=\"twitter:card\" content=\"summary_large_image\" \/>\n<meta name=\"twitter:site\" content=\"@premierlawgroup\" \/>\n<meta name=\"twitter:label1\" content=\"Tiempo de lectura\" \/>\n\t<meta name=\"twitter:data1\" content=\"5 minutos\" \/>\n<script type=\"application\/ld+json\" class=\"yoast-schema-graph\">{\"@context\":\"https:\\\/\\\/schema.org\",\"@graph\":[{\"@type\":\"WebPage\",\"@id\":\"https:\\\/\\\/plg-pllc.com\\\/faqs\\\/why-is-my-car-accident-settlement-taking-so-long\\\/\",\"url\":\"https:\\\/\\\/plg-pllc.com\\\/faqs\\\/why-is-my-car-accident-settlement-taking-so-long\\\/\",\"name\":\"Why Is My Car Accident Claim Taking So Long?\",\"isPartOf\":{\"@id\":\"https:\\\/\\\/plg-pllc.com\\\/#website\"},\"primaryImageOfPage\":{\"@id\":\"https:\\\/\\\/plg-pllc.com\\\/faqs\\\/why-is-my-car-accident-settlement-taking-so-long\\\/#primaryimage\"},\"image\":{\"@id\":\"https:\\\/\\\/plg-pllc.com\\\/faqs\\\/why-is-my-car-accident-settlement-taking-so-long\\\/#primaryimage\"},\"thumbnailUrl\":\"https:\\\/\\\/plg-pllc.com\\\/wp-content\\\/uploads\\\/2024\\\/12\\\/why-is-my-car-accident-taking-so-long.jpeg\",\"datePublished\":\"2024-12-03T08:19:20+00:00\",\"dateModified\":\"2026-03-24T22:01:47+00:00\",\"description\":\"Wondering why your car accident settlement is taking so long? Learn about common delays and how an attorney can help move your case forward.\",\"breadcrumb\":{\"@id\":\"https:\\\/\\\/plg-pllc.com\\\/faqs\\\/why-is-my-car-accident-settlement-taking-so-long\\\/#breadcrumb\"},\"inLanguage\":\"es\",\"potentialAction\":[{\"@type\":\"ReadAction\",\"target\":[\"https:\\\/\\\/plg-pllc.com\\\/faqs\\\/why-is-my-car-accident-settlement-taking-so-long\\\/\"]}]},{\"@type\":\"ImageObject\",\"inLanguage\":\"es\",\"@id\":\"https:\\\/\\\/plg-pllc.com\\\/faqs\\\/why-is-my-car-accident-settlement-taking-so-long\\\/#primaryimage\",\"url\":\"https:\\\/\\\/plg-pllc.com\\\/wp-content\\\/uploads\\\/2024\\\/12\\\/why-is-my-car-accident-taking-so-long.jpeg\",\"contentUrl\":\"https:\\\/\\\/plg-pllc.com\\\/wp-content\\\/uploads\\\/2024\\\/12\\\/why-is-my-car-accident-taking-so-long.jpeg\",\"width\":1000,\"height\":667,\"caption\":\"A woman waiting to receive news about a car accident settlement checks her watch for the time. Settlements for a crash can take so long because they involve sorting out key details. Consult an injury attorney who can advise you on your case's timeline.\"},{\"@type\":\"BreadcrumbList\",\"@id\":\"https:\\\/\\\/plg-pllc.com\\\/faqs\\\/why-is-my-car-accident-settlement-taking-so-long\\\/#breadcrumb\",\"itemListElement\":[{\"@type\":\"ListItem\",\"position\":1,\"name\":\"Home\",\"item\":\"https:\\\/\\\/plg-pllc.com\\\/es\\\/\"},{\"@type\":\"ListItem\",\"position\":2,\"name\":\"FAQs\",\"item\":\"https:\\\/\\\/plg-pllc.com\\\/es\\\/faqs\\\/\"},{\"@type\":\"ListItem\",\"position\":3,\"name\":\"Why Is My Car Accident Settlement Taking So Long?\"}]},{\"@type\":\"WebSite\",\"@id\":\"https:\\\/\\\/plg-pllc.com\\\/#website\",\"url\":\"https:\\\/\\\/plg-pllc.com\\\/\",\"name\":\"Premier Law Group\",\"description\":\"Washington Wrongful Death and Serious Injury Lawyer\",\"publisher\":{\"@id\":\"https:\\\/\\\/plg-pllc.com\\\/#organization\"},\"inLanguage\":\"es\"},{\"@type\":\"Organization\",\"@id\":\"https:\\\/\\\/plg-pllc.com\\\/#organization\",\"name\":\"Premier Law Group\",\"url\":\"https:\\\/\\\/plg-pllc.com\\\/\",\"logo\":{\"@type\":\"ImageObject\",\"inLanguage\":\"es\",\"@id\":\"https:\\\/\\\/plg-pllc.com\\\/#\\\/schema\\\/logo\\\/image\\\/\",\"url\":\"https:\\\/\\\/plg-pllc.com\\\/wp-content\\\/uploads\\\/2020\\\/10\\\/plg-logo-v2.gif\",\"contentUrl\":\"https:\\\/\\\/plg-pllc.com\\\/wp-content\\\/uploads\\\/2020\\\/10\\\/plg-logo-v2.gif\",\"width\":592,\"height\":191,\"caption\":\"Premier Law Group\"},\"image\":{\"@id\":\"https:\\\/\\\/plg-pllc.com\\\/#\\\/schema\\\/logo\\\/image\\\/\"},\"sameAs\":[\"https:\\\/\\\/www.facebook.com\\\/premierlawgroup\",\"https:\\\/\\\/x.com\\\/premierlawgroup\"]}]}<\/script>\n<!-- \/ Yoast SEO plugin. -->","yoast_head_json":{"title":"\u00bfPor qu\u00e9 mi reclamo por accidente automovil\u00edstico est\u00e1 tardando tanto?","description":"\u00bfSe pregunta por qu\u00e9 la resoluci\u00f3n de su accidente de tr\u00e1fico est\u00e1 tardando tanto? Conozca los retrasos m\u00e1s habituales y c\u00f3mo un abogado puede ayudarle a avanzar con su caso.","robots":{"index":"index","follow":"follow","max-snippet":"max-snippet:-1","max-image-preview":"max-image-preview:large","max-video-preview":"max-video-preview:-1"},"canonical":"https:\/\/plg-pllc.com\/es\/faqs\/why-is-my-car-accident-settlement-taking-so-long\/","og_locale":"es_MX","og_type":"article","og_title":"Why Is My Car Accident Claim Taking So Long?","og_description":"Wondering why your car accident settlement is taking so long? Learn about common delays and how an attorney can help move your case forward.","og_url":"https:\/\/plg-pllc.com\/es\/faqs\/why-is-my-car-accident-settlement-taking-so-long\/","og_site_name":"Premier Law Group","article_publisher":"https:\/\/www.facebook.com\/premierlawgroup","article_modified_time":"2026-03-24T22:01:47+00:00","og_image":[{"width":1000,"height":667,"url":"https:\/\/plg-pllc.com\/wp-content\/uploads\/2024\/12\/why-is-my-car-accident-taking-so-long.jpeg","type":"image\/jpeg"}],"twitter_card":"summary_large_image","twitter_site":"@premierlawgroup","twitter_misc":{"Tiempo de lectura":"5 minutos"},"schema":{"@context":"https:\/\/schema.org","@graph":[{"@type":"WebPage","@id":"https:\/\/plg-pllc.com\/faqs\/why-is-my-car-accident-settlement-taking-so-long\/","url":"https:\/\/plg-pllc.com\/faqs\/why-is-my-car-accident-settlement-taking-so-long\/","name":"\u00bfPor qu\u00e9 mi reclamo por accidente automovil\u00edstico est\u00e1 tardando tanto?","isPartOf":{"@id":"https:\/\/plg-pllc.com\/#website"},"primaryImageOfPage":{"@id":"https:\/\/plg-pllc.com\/faqs\/why-is-my-car-accident-settlement-taking-so-long\/#primaryimage"},"image":{"@id":"https:\/\/plg-pllc.com\/faqs\/why-is-my-car-accident-settlement-taking-so-long\/#primaryimage"},"thumbnailUrl":"https:\/\/plg-pllc.com\/wp-content\/uploads\/2024\/12\/why-is-my-car-accident-taking-so-long.jpeg","datePublished":"2024-12-03T08:19:20+00:00","dateModified":"2026-03-24T22:01:47+00:00","description":"\u00bfSe pregunta por qu\u00e9 la resoluci\u00f3n de su accidente de tr\u00e1fico est\u00e1 tardando tanto? Conozca los retrasos m\u00e1s habituales y c\u00f3mo un abogado puede ayudarle a avanzar con su caso.","breadcrumb":{"@id":"https:\/\/plg-pllc.com\/faqs\/why-is-my-car-accident-settlement-taking-so-long\/#breadcrumb"},"inLanguage":"es","potentialAction":[{"@type":"ReadAction","target":["https:\/\/plg-pllc.com\/faqs\/why-is-my-car-accident-settlement-taking-so-long\/"]}]},{"@type":"ImageObject","inLanguage":"es","@id":"https:\/\/plg-pllc.com\/faqs\/why-is-my-car-accident-settlement-taking-so-long\/#primaryimage","url":"https:\/\/plg-pllc.com\/wp-content\/uploads\/2024\/12\/why-is-my-car-accident-taking-so-long.jpeg","contentUrl":"https:\/\/plg-pllc.com\/wp-content\/uploads\/2024\/12\/why-is-my-car-accident-taking-so-long.jpeg","width":1000,"height":667,"caption":"A woman waiting to receive news about a car accident settlement checks her watch for the time. Settlements for a crash can take so long because they involve sorting out key details. Consult an injury attorney who can advise you on your case's timeline."},{"@type":"BreadcrumbList","@id":"https:\/\/plg-pllc.com\/faqs\/why-is-my-car-accident-settlement-taking-so-long\/#breadcrumb","itemListElement":[{"@type":"ListItem","position":1,"name":"Home","item":"https:\/\/plg-pllc.com\/es\/"},{"@type":"ListItem","position":2,"name":"FAQs","item":"https:\/\/plg-pllc.com\/es\/faqs\/"},{"@type":"ListItem","position":3,"name":"Why Is My Car Accident Settlement Taking So Long?"}]},{"@type":"WebSite","@id":"https:\/\/plg-pllc.com\/#website","url":"https:\/\/plg-pllc.com\/","name":"Grupo de abogados Premier","description":"Abogado de muerte por negligencia y lesiones graves en Washington","publisher":{"@id":"https:\/\/plg-pllc.com\/#organization"},"inLanguage":"es"},{"@type":"Organization","@id":"https:\/\/plg-pllc.com\/#organization","name":"Grupo de abogados Premier","url":"https:\/\/plg-pllc.com\/","logo":{"@type":"ImageObject","inLanguage":"es","@id":"https:\/\/plg-pllc.com\/#\/schema\/logo\/image\/","url":"https:\/\/plg-pllc.com\/wp-content\/uploads\/2020\/10\/plg-logo-v2.gif","contentUrl":"https:\/\/plg-pllc.com\/wp-content\/uploads\/2020\/10\/plg-logo-v2.gif","width":592,"height":191,"caption":"Premier Law Group"},"image":{"@id":"https:\/\/plg-pllc.com\/#\/schema\/logo\/image\/"},"sameAs":["https:\/\/www.facebook.com\/premierlawgroup","https:\/\/x.com\/premierlawgroup"]}]}},"_links":{"self":[{"href":"https:\/\/plg-pllc.com\/es\/wp-json\/wp\/v2\/pages\/21015","targetHints":{"allow":["GET"]}}],"collection":[{"href":"https:\/\/plg-pllc.com\/es\/wp-json\/wp\/v2\/pages"}],"about":[{"href":"https:\/\/plg-pllc.com\/es\/wp-json\/wp\/v2\/types\/page"}],"author":[{"embeddable":true,"href":"https:\/\/plg-pllc.com\/es\/wp-json\/wp\/v2\/users\/50"}],"replies":[{"embeddable":true,"href":"https:\/\/plg-pllc.com\/es\/wp-json\/wp\/v2\/comments?post=21015"}],"version-history":[{"count":0,"href":"https:\/\/plg-pllc.com\/es\/wp-json\/wp\/v2\/pages\/21015\/revisions"}],"up":[{"embeddable":true,"href":"https:\/\/plg-pllc.com\/es\/wp-json\/wp\/v2\/pages\/20714"}],"wp:featuredmedia":[{"embeddable":true,"href":"https:\/\/plg-pllc.com\/es\/wp-json\/wp\/v2\/media\/21016"}],"wp:attachment":[{"href":"https:\/\/plg-pllc.com\/es\/wp-json\/wp\/v2\/media?parent=21015"}],"wp:term":[{"taxonomy":"hc_faqs","embeddable":true,"href":"https:\/\/plg-pllc.com\/es\/wp-json\/wp\/v2\/hc_faqs?post=21015"}],"curies":[{"name":"gracias","href":"https:\/\/api.w.org\/{rel}","templated":true}]}}