{"id":21017,"date":"2024-12-03T00:23:17","date_gmt":"2024-12-03T08:23:17","guid":{"rendered":"https:\/\/plg-pllc.com\/?page_id=21017"},"modified":"2026-03-24T15:01:43","modified_gmt":"2026-03-24T22:01:43","slug":"federal-way-uber-accident-lawyer","status":"publish","type":"page","link":"https:\/\/plg-pllc.com\/es\/federal-way\/car-accident-lawyer\/rideshare\/uber\/","title":{"rendered":"Abogado de accidentes de Uber en Federal Way"},"content":{"rendered":"<p><span style=\"font-weight: 400;\">Recuperarse de un accidente de Uber puede ser un proceso doloroso y confuso. Afortunadamente, usted tiene derecho a reclamar una compensaci\u00f3n por las p\u00e9rdidas econ\u00f3micas, el dolor y la angustia emocional que el accidente le haya causado. Dicho esto, sin un equipo de profesionales cualificados <a href=\"https:\/\/plg-pllc.com\/federal-way\/car-accident-lawyer\/rideshare\/\">Abogados de accidentes en viajes compartidos en Federal Way<\/a> A tu lado, obtener la compensaci\u00f3n que te corresponde puede ser extremadamente dif\u00edcil.<\/span><\/p>\n<p><span style=\"font-weight: 400;\">El equipo de Premier Law Group ha ganado <\/span><b>M\u00e1s de $100 millones<\/b><span style=\"font-weight: 400;\"> para v\u00edctimas de accidentes en el pasado. Sabemos exactamente qu\u00e9 se debe hacer para obtener la compensaci\u00f3n de alto valor que se merece.<\/span><\/p>\n<p><span style=\"font-weight: 400;\">No importa cu\u00e1n costosas sean sus facturas m\u00e9dicas o cu\u00e1n extensas sean sus lesiones, puede contar con un abogado de accidentes de Uber en Federal Way de nuestro equipo para obtener los mejores resultados posibles.<\/span><\/p>\n<h2><span style=\"font-weight: 400;\">La indemnizaci\u00f3n que puede obtener un abogado de accidentes de Uber en Federal Way<\/span><\/h2>\n<p><span style=\"font-weight: 400;\">Una de las primeras cosas en las que piensas despu\u00e9s de un accidente es c\u00f3mo conseguir el dinero que necesitas para cubrir las reparaciones del veh\u00edculo, las facturas m\u00e9dicas y todos los dem\u00e1s gastos que surgen de un accidente automovil\u00edstico. En Premier Law Group, sabemos lo abrumador que puede ser enfrentar estos reveses financieros inesperados mientras se lidia con una lesi\u00f3n.<\/span><\/p>\n<p><span style=\"font-weight: 400;\">Por eso nuestro <\/span><a href=\"https:\/\/plg-pllc.com\/federal-way\/car-accident-lawyer\/\"><span style=\"font-weight: 400;\">Abogados de accidentes de tr\u00e1fico en Federal Way<\/span><\/a><span style=\"font-weight: 400;\"> Estamos aqu\u00ed para ayudarlo a obtener la compensaci\u00f3n que necesita para cubrir todas sus p\u00e9rdidas econ\u00f3micas y hacer frente al dolor y sufrimiento que est\u00e1 experimentando. Trabajaremos arduamente para calcular el valor de su reclamo y reclamaremos los siguientes da\u00f1os en su nombre:<\/span><\/p>\n<ul>\n<li style=\"font-weight: 400;\" aria-level=\"1\"><span style=\"font-weight: 400;\">Gastos m\u00e9dicos<\/span><\/li>\n<li style=\"font-weight: 400;\" aria-level=\"1\"><span style=\"font-weight: 400;\">Costos de reparaci\u00f3n de veh\u00edculos u otros da\u00f1os a la propiedad<\/span><\/li>\n<li style=\"font-weight: 400;\" aria-level=\"1\"><span style=\"font-weight: 400;\">Salarios perdidos<\/span><\/li>\n<li style=\"font-weight: 400;\" aria-level=\"1\"><span style=\"font-weight: 400;\">Disminuci\u00f3n de la capacidad de generar ingresos<\/span><\/li>\n<li style=\"font-weight: 400;\" aria-level=\"1\"><span style=\"font-weight: 400;\">Dolor y sufrimiento<\/span><\/li>\n<li style=\"font-weight: 400;\" aria-level=\"1\"><span style=\"font-weight: 400;\">Angustia emocional<\/span><\/li>\n<li style=\"font-weight: 400;\" aria-level=\"1\"><span style=\"font-weight: 400;\">P\u00e9rdida del disfrute de la vida<\/span><\/li>\n<\/ul>\n<h2><span style=\"font-weight: 400;\">Partes que pueden ser consideradas responsables de sus lesiones y p\u00e9rdidas<\/span><\/h2>\n<p><span style=\"font-weight: 400;\">Si ha sufrido lesiones en un accidente de transporte compartido, es posible que se pregunte qui\u00e9n cubrir\u00e1 sus gastos m\u00e9dicos y otras p\u00e9rdidas. En la mayor\u00eda de los casos, recibir\u00e1 una compensaci\u00f3n de la empresa de transporte compartido o del proveedor de seguros del conductor.\u00a0<\/span><\/p>\n<p><span style=\"font-weight: 400;\">El conductor es responsable si te choca mientras no est\u00e1 conectado a la aplicaci\u00f3n de Uber o mientras transporta a un cliente. Uber ser\u00e1 responsable si el conductor estaba conectado a la aplicaci\u00f3n y estaba transportando a un cliente cuando choca contigo.<\/span><\/p>\n<p><span style=\"font-weight: 400;\">Nuestro <\/span><a href=\"https:\/\/plg-pllc.com\/federal-way\/personal-injury-lawyer\/\"><span style=\"font-weight: 400;\">Abogados de lesiones personales en Federal Way<\/span><\/a><span style=\"font-weight: 400;\"> Podemos realizar una investigaci\u00f3n exhaustiva del accidente para determinar qui\u00e9n es responsable y reunir las pruebas necesarias para presentar una reclamaci\u00f3n s\u00f3lida ante la compa\u00f1\u00eda de seguros adecuada. No importa lo complejo que haya sido su accidente, haremos todo lo posible para averiguar qui\u00e9n es el culpable y responsabilizarlo por sus p\u00e9rdidas y sufrimiento.\u00a0<\/span><\/p>\n<h2><span style=\"font-weight: 400;\">Plazo de prescripci\u00f3n para demandas por accidentes de Uber en Federal Way, WA<\/span><\/h2>\n<p><span style=\"font-weight: 400;\">Si un conductor de Uber descuidado lo atropell\u00f3 en Federal Way, le conviene conocer el plazo de prescripci\u00f3n de Washington para los casos relacionados con lesiones. <\/span><a href=\"https:\/\/app.leg.wa.gov\/rcw\/default.aspx?cite=4.16.080\/\" target=\"_blank\" rel=\"noopener\"><span style=\"font-weight: 400;\">C\u00f3digo Rev. de Washington \u00a7 4.16<\/span><\/a><span style=\"font-weight: 400;\">, tienes<\/span><b> tres a\u00f1os<\/b><span style=\"font-weight: 400;\"> desde la fecha del accidente para presentar una demanda contra la parte culpable, ya sea el conductor o la compa\u00f1\u00eda de viajes compartidos.<\/span><\/p>\n<p><span style=\"font-weight: 400;\">Si no emprende acciones legales antes de la fecha l\u00edmite, no recibir\u00e1 la compensaci\u00f3n que necesita para pagar sus cuentas y seguir adelante con su vida. No permita que este requisito le impida obtener la compensaci\u00f3n que merece. En su lugar, comun\u00edquese con nuestros abogados de accidentes de Uber en Federal Way lo antes posible. Trabajaremos incansablemente para garantizar que su demanda se presente a tiempo.\u00a0<\/span><\/p>\n\n        <div class=\"rs-content-cta long\">\n            <p>Para una consulta legal GRATUITA con un abogado de accidentes de Uber que preste servicios en Federal Way, llame al <a href=\"tel:+12062851743\">(206) 285-1743 <\/a><\/p>\n            <a href=\"https:\/\/plg-pllc.com\/es\/contact-us\/\" title=\"OBTENGA UNA EVALUACI\u00d3N DE CASO GRATUITA\" class=\"btn-global\">OBTENGA UNA EVALUACI\u00d3N DE CASO GRATUITA<\/a>\n                    <picture>\n                            <source srcset=\"https:\/\/plg-pllc.com\/wp-content\/themes\/plg-pllc-redesign\/assets\/app\/img\/cta-thumb.webp\" type=\"image\/webp\"\/>\n                            <img src=\"https:\/\/plg-pllc.com\/wp-content\/themes\/plg-pllc-redesign\/assets\/app\/img\/cta-thumb.png\" alt=\"Grupo de abogados Premier\" title=\"Grupo de abogados Premier\" width=\"245\" height=\"220\" loading=\"auto\" fetchpriority=\"auto\" decoding=\"async\"\/>\n        <\/picture>\n        \n        <\/div><h2><span style=\"font-weight: 400;\">Por qu\u00e9 nuestra firma es la opci\u00f3n m\u00e1s inteligente para su caso<\/span><\/h2>\n<p><span style=\"font-weight: 400;\">Cuando necesite obtener una indemnizaci\u00f3n por un accidente, querr\u00e1 contratar a un equipo legal que tenga experiencia, sepa c\u00f3mo obtener resultados significativos y sea respetado por sus clientes anteriores. En Premier Law Group, tenemos <\/span><b>M\u00e1s de 55 a\u00f1os de experiencia combinada<\/b><span style=\"font-weight: 400;\">Hemos obtenido resultados impresionantes en casos para innumerables v\u00edctimas de accidentes, muchas de las cuales nos han dejado radiantes. <\/span><a href=\"https:\/\/plg-pllc.com\/client-reviews\/\"><span style=\"font-weight: 400;\">Rese\u00f1as<\/span><\/a><span style=\"font-weight: 400;\">.<\/span><\/p>\n<p><span style=\"font-weight: 400;\">En nuestra firma, nos gusta decir que somos lo suficientemente grandes para ganar, pero lo suficientemente peque\u00f1os para preocuparnos. Esto significa que podemos utilizar los amplios recursos de nuestra firma para ganar su caso y, al mismo tiempo, brindarle la asistencia personalizada que necesita para tener una excelente experiencia como cliente.<\/span><\/p>\n<p><span style=\"font-weight: 400;\">Cuando elija nuestra firma, se beneficiar\u00e1 de una consulta gratuita, una pol\u00edtica de pago de honorarios contingentes y la aplicaci\u00f3n para clientes que utilizamos para mantenerlo actualizado sobre el estado de su caso. Programe una consulta gratuita con un abogado de accidentes de Uber en Federal Way hoy mismo para obtener m\u00e1s informaci\u00f3n sobre las ventajas que disfrutar\u00e1 al trabajar con <\/span><a href=\"https:\/\/plg-pllc.com\/about-us\/\"><span style=\"font-weight: 400;\">Nuestra firma<\/span><\/a><span style=\"font-weight: 400;\">.\u00a0<\/span><\/p>\n<h2><span style=\"font-weight: 400;\">Re\u00fanase con un abogado de confianza especializado en accidentes de Uber de forma gratuita<\/span><\/h2>\n<p><span style=\"font-weight: 400;\">Seguir adelante despu\u00e9s de un grave accidente de Uber puede ser un desaf\u00edo sin la ayuda de un abogado especializado. Afortunadamente, los abogados de Premier Law Group est\u00e1n aqu\u00ed para ayudarlo a obtener la indemnizaci\u00f3n que necesita para respaldar su recuperaci\u00f3n. Ya sea que est\u00e9 lidiando con costosas facturas m\u00e9dicas, dolor intenso, angustia emocional o todo lo anterior, lucharemos para obtener un resultado positivo.<\/span><\/p>\n<p><span style=\"font-weight: 400;\">Cont\u00e1ctenos hoy para programar una <\/span><b>consulta gratis<\/b><span style=\"font-weight: 400;\"> Con un abogado especializado en accidentes de Uber en Federal Way. Nos reuniremos con usted para hablar sobre su accidente, los da\u00f1os que se le deben y lo que podemos hacer para ayudarlo a recuperar su vida. Esperamos poder hablar con usted pronto.\u00a0<\/span><\/p>\n\n        <div class=\"rs-content-cta\">\n            <p>Llamar o enviar mensaje de texto <a href=\"tel:+12062851743\">(206) 285-1743<\/a> o complete un formulario de evaluaci\u00f3n de caso gratuito<\/p>\n            <a href=\"https:\/\/plg-pllc.com\/es\/contact-us\/\" title=\"OBTENGA UNA EVALUACI\u00d3N DE CASO GRATUITA\" class=\"btn-global\">OBTENGA UNA EVALUACI\u00d3N DE CASO GRATUITA<\/a>\n                    <picture>\n                            <source srcset=\"https:\/\/plg-pllc.com\/wp-content\/themes\/plg-pllc-redesign\/assets\/app\/img\/cta-thumb.webp\" type=\"image\/webp\"\/>\n                            <img src=\"https:\/\/plg-pllc.com\/wp-content\/themes\/plg-pllc-redesign\/assets\/app\/img\/cta-thumb.png\" alt=\"Grupo de abogados Premier\" title=\"Grupo de abogados Premier\" width=\"245\" height=\"220\" loading=\"auto\" fetchpriority=\"auto\" decoding=\"async\"\/>\n        <\/picture>\n        \n        <\/div>","protected":false},"excerpt":{"rendered":"<p>Recuperarse de un accidente de Uber puede ser un proceso doloroso y confuso. Afortunadamente, tiene derecho a reclamar una compensaci\u00f3n por las p\u00e9rdidas econ\u00f3micas, el dolor y la angustia emocional que le haya causado el accidente. Dicho esto, sin un equipo de abogados expertos en accidentes de viajes compartidos en Federal Way a su lado, obtener la compensaci\u00f3n que se le debe puede...<\/p>","protected":false},"author":50,"featured_media":0,"parent":20727,"menu_order":0,"comment_status":"closed","ping_status":"closed","template":"","meta":{"_acf_changed":false,"_genesis_hide_title":false,"_genesis_hide_breadcrumbs":false,"_genesis_hide_singular_image":false,"_genesis_hide_footer_widgets":false,"_genesis_custom_body_class":"","_genesis_custom_post_class":"","_genesis_layout":"","footnotes":""},"hc_faqs":[],"class_list":{"0":"post-21017","1":"page","2":"type-page","3":"status-publish","5":"hc_city_location-federal-way","6":"entry"},"acf":[],"yoast_head":"<!-- This site is optimized with the Yoast SEO plugin v27.4 - https:\/\/yoast.com\/product\/yoast-seo-wordpress\/ -->\n<title>Uber Accident Lawyer in Federal Way | Free Consult<\/title>\n<meta name=\"description\" content=\"A Federal Way Uber accident lawyer can guide you through the claims process and demand the damages you need to support your recovery.\" \/>\n<meta name=\"robots\" content=\"index, follow, max-snippet:-1, max-image-preview:large, max-video-preview:-1\" \/>\n<link rel=\"canonical\" href=\"https:\/\/plg-pllc.com\/es\/federal-way\/car-accident-lawyer\/rideshare\/uber\/\" \/>\n<meta property=\"og:locale\" content=\"es_MX\" \/>\n<meta property=\"og:type\" content=\"article\" \/>\n<meta property=\"og:title\" content=\"Uber Accident Lawyer in Federal Way | Free Consult\" \/>\n<meta property=\"og:description\" content=\"A Federal Way Uber accident lawyer can guide you through the claims process and demand the damages you need to support your recovery.\" \/>\n<meta property=\"og:url\" content=\"https:\/\/plg-pllc.com\/es\/federal-way\/car-accident-lawyer\/rideshare\/uber\/\" \/>\n<meta property=\"og:site_name\" content=\"Premier Law Group\" \/>\n<meta property=\"article:publisher\" content=\"https:\/\/www.facebook.com\/premierlawgroup\" \/>\n<meta property=\"article:modified_time\" content=\"2026-03-24T22:01:43+00:00\" \/>\n<meta name=\"twitter:card\" content=\"summary_large_image\" \/>\n<meta name=\"twitter:site\" content=\"@premierlawgroup\" \/>\n<meta name=\"twitter:label1\" content=\"Tiempo de lectura\" \/>\n\t<meta name=\"twitter:data1\" content=\"4 minutos\" \/>\n<script type=\"application\/ld+json\" class=\"yoast-schema-graph\">{\"@context\":\"https:\\\/\\\/schema.org\",\"@graph\":[{\"@type\":\"WebPage\",\"@id\":\"https:\\\/\\\/plg-pllc.com\\\/federal-way\\\/car-accident-lawyer\\\/rideshare\\\/uber\\\/\",\"url\":\"https:\\\/\\\/plg-pllc.com\\\/federal-way\\\/car-accident-lawyer\\\/rideshare\\\/uber\\\/\",\"name\":\"Uber Accident Lawyer in Federal Way | Free Consult\",\"isPartOf\":{\"@id\":\"https:\\\/\\\/plg-pllc.com\\\/#website\"},\"datePublished\":\"2024-12-03T08:23:17+00:00\",\"dateModified\":\"2026-03-24T22:01:43+00:00\",\"description\":\"A Federal Way Uber accident lawyer can guide you through the claims process and demand the damages you need to support your recovery.\",\"breadcrumb\":{\"@id\":\"https:\\\/\\\/plg-pllc.com\\\/federal-way\\\/car-accident-lawyer\\\/rideshare\\\/uber\\\/#breadcrumb\"},\"inLanguage\":\"es\",\"potentialAction\":[{\"@type\":\"ReadAction\",\"target\":[\"https:\\\/\\\/plg-pllc.com\\\/federal-way\\\/car-accident-lawyer\\\/rideshare\\\/uber\\\/\"]}]},{\"@type\":\"BreadcrumbList\",\"@id\":\"https:\\\/\\\/plg-pllc.com\\\/federal-way\\\/car-accident-lawyer\\\/rideshare\\\/uber\\\/#breadcrumb\",\"itemListElement\":[{\"@type\":\"ListItem\",\"position\":1,\"name\":\"Home\",\"item\":\"https:\\\/\\\/plg-pllc.com\\\/es\\\/\"},{\"@type\":\"ListItem\",\"position\":2,\"name\":\"Federal Way Personal Injury Lawyer\",\"item\":\"https:\\\/\\\/plg-pllc.com\\\/es\\\/federal-way\\\/personal-injury-lawyer\\\/\"},{\"@type\":\"ListItem\",\"position\":3,\"name\":\"Federal Way Car Accident Lawyer\",\"item\":\"https:\\\/\\\/plg-pllc.com\\\/es\\\/federal-way\\\/car-accident-lawyer\\\/\"},{\"@type\":\"ListItem\",\"position\":4,\"name\":\"Rideshare Accident\",\"item\":\"https:\\\/\\\/plg-pllc.com\\\/es\\\/federal-way\\\/car-accident-lawyer\\\/rideshare\\\/\"},{\"@type\":\"ListItem\",\"position\":5,\"name\":\"Uber Accident\"}]},{\"@type\":\"WebSite\",\"@id\":\"https:\\\/\\\/plg-pllc.com\\\/#website\",\"url\":\"https:\\\/\\\/plg-pllc.com\\\/\",\"name\":\"Premier Law Group\",\"description\":\"Washington Wrongful Death and Serious Injury Lawyer\",\"publisher\":{\"@id\":\"https:\\\/\\\/plg-pllc.com\\\/#organization\"},\"inLanguage\":\"es\"},{\"@type\":\"Organization\",\"@id\":\"https:\\\/\\\/plg-pllc.com\\\/#organization\",\"name\":\"Premier Law Group\",\"url\":\"https:\\\/\\\/plg-pllc.com\\\/\",\"logo\":{\"@type\":\"ImageObject\",\"inLanguage\":\"es\",\"@id\":\"https:\\\/\\\/plg-pllc.com\\\/#\\\/schema\\\/logo\\\/image\\\/\",\"url\":\"https:\\\/\\\/plg-pllc.com\\\/wp-content\\\/uploads\\\/2020\\\/10\\\/plg-logo-v2.gif\",\"contentUrl\":\"https:\\\/\\\/plg-pllc.com\\\/wp-content\\\/uploads\\\/2020\\\/10\\\/plg-logo-v2.gif\",\"width\":592,\"height\":191,\"caption\":\"Premier Law Group\"},\"image\":{\"@id\":\"https:\\\/\\\/plg-pllc.com\\\/#\\\/schema\\\/logo\\\/image\\\/\"},\"sameAs\":[\"https:\\\/\\\/www.facebook.com\\\/premierlawgroup\",\"https:\\\/\\\/x.com\\\/premierlawgroup\"]}]}<\/script>\n<!-- \/ Yoast SEO plugin. -->","yoast_head_json":{"title":"Abogado de accidentes de Uber en Federal Way | Consulta gratuita","description":"Un abogado especializado en accidentes de Uber en Federal Way puede guiarlo a trav\u00e9s del proceso de reclamos y exigir los da\u00f1os que necesita para respaldar su recuperaci\u00f3n.","robots":{"index":"index","follow":"follow","max-snippet":"max-snippet:-1","max-image-preview":"max-image-preview:large","max-video-preview":"max-video-preview:-1"},"canonical":"https:\/\/plg-pllc.com\/es\/federal-way\/car-accident-lawyer\/rideshare\/uber\/","og_locale":"es_MX","og_type":"article","og_title":"Uber Accident Lawyer in Federal Way | Free Consult","og_description":"A Federal Way Uber accident lawyer can guide you through the claims process and demand the damages you need to support your recovery.","og_url":"https:\/\/plg-pllc.com\/es\/federal-way\/car-accident-lawyer\/rideshare\/uber\/","og_site_name":"Premier Law Group","article_publisher":"https:\/\/www.facebook.com\/premierlawgroup","article_modified_time":"2026-03-24T22:01:43+00:00","twitter_card":"summary_large_image","twitter_site":"@premierlawgroup","twitter_misc":{"Tiempo de lectura":"4 minutos"},"schema":{"@context":"https:\/\/schema.org","@graph":[{"@type":"WebPage","@id":"https:\/\/plg-pllc.com\/federal-way\/car-accident-lawyer\/rideshare\/uber\/","url":"https:\/\/plg-pllc.com\/federal-way\/car-accident-lawyer\/rideshare\/uber\/","name":"Abogado de accidentes de Uber en Federal Way | Consulta gratuita","isPartOf":{"@id":"https:\/\/plg-pllc.com\/#website"},"datePublished":"2024-12-03T08:23:17+00:00","dateModified":"2026-03-24T22:01:43+00:00","description":"Un abogado especializado en accidentes de Uber en Federal Way puede guiarlo a trav\u00e9s del proceso de reclamos y exigir los da\u00f1os que necesita para respaldar su recuperaci\u00f3n.","breadcrumb":{"@id":"https:\/\/plg-pllc.com\/federal-way\/car-accident-lawyer\/rideshare\/uber\/#breadcrumb"},"inLanguage":"es","potentialAction":[{"@type":"ReadAction","target":["https:\/\/plg-pllc.com\/federal-way\/car-accident-lawyer\/rideshare\/uber\/"]}]},{"@type":"BreadcrumbList","@id":"https:\/\/plg-pllc.com\/federal-way\/car-accident-lawyer\/rideshare\/uber\/#breadcrumb","itemListElement":[{"@type":"ListItem","position":1,"name":"Home","item":"https:\/\/plg-pllc.com\/es\/"},{"@type":"ListItem","position":2,"name":"Federal Way Personal Injury Lawyer","item":"https:\/\/plg-pllc.com\/es\/federal-way\/personal-injury-lawyer\/"},{"@type":"ListItem","position":3,"name":"Federal Way Car Accident Lawyer","item":"https:\/\/plg-pllc.com\/es\/federal-way\/car-accident-lawyer\/"},{"@type":"ListItem","position":4,"name":"Rideshare Accident","item":"https:\/\/plg-pllc.com\/es\/federal-way\/car-accident-lawyer\/rideshare\/"},{"@type":"ListItem","position":5,"name":"Uber Accident"}]},{"@type":"WebSite","@id":"https:\/\/plg-pllc.com\/#website","url":"https:\/\/plg-pllc.com\/","name":"Grupo de abogados Premier","description":"Abogado de muerte por negligencia y lesiones graves en Washington","publisher":{"@id":"https:\/\/plg-pllc.com\/#organization"},"inLanguage":"es"},{"@type":"Organization","@id":"https:\/\/plg-pllc.com\/#organization","name":"Grupo de abogados Premier","url":"https:\/\/plg-pllc.com\/","logo":{"@type":"ImageObject","inLanguage":"es","@id":"https:\/\/plg-pllc.com\/#\/schema\/logo\/image\/","url":"https:\/\/plg-pllc.com\/wp-content\/uploads\/2020\/10\/plg-logo-v2.gif","contentUrl":"https:\/\/plg-pllc.com\/wp-content\/uploads\/2020\/10\/plg-logo-v2.gif","width":592,"height":191,"caption":"Premier Law Group"},"image":{"@id":"https:\/\/plg-pllc.com\/#\/schema\/logo\/image\/"},"sameAs":["https:\/\/www.facebook.com\/premierlawgroup","https:\/\/x.com\/premierlawgroup"]}]}},"_links":{"self":[{"href":"https:\/\/plg-pllc.com\/es\/wp-json\/wp\/v2\/pages\/21017","targetHints":{"allow":["GET"]}}],"collection":[{"href":"https:\/\/plg-pllc.com\/es\/wp-json\/wp\/v2\/pages"}],"about":[{"href":"https:\/\/plg-pllc.com\/es\/wp-json\/wp\/v2\/types\/page"}],"author":[{"embeddable":true,"href":"https:\/\/plg-pllc.com\/es\/wp-json\/wp\/v2\/users\/50"}],"replies":[{"embeddable":true,"href":"https:\/\/plg-pllc.com\/es\/wp-json\/wp\/v2\/comments?post=21017"}],"version-history":[{"count":0,"href":"https:\/\/plg-pllc.com\/es\/wp-json\/wp\/v2\/pages\/21017\/revisions"}],"up":[{"embeddable":true,"href":"https:\/\/plg-pllc.com\/es\/wp-json\/wp\/v2\/pages\/20727"}],"wp:attachment":[{"href":"https:\/\/plg-pllc.com\/es\/wp-json\/wp\/v2\/media?parent=21017"}],"wp:term":[{"taxonomy":"hc_faqs","embeddable":true,"href":"https:\/\/plg-pllc.com\/es\/wp-json\/wp\/v2\/hc_faqs?post=21017"}],"curies":[{"name":"gracias","href":"https:\/\/api.w.org\/{rel}","templated":true}]}}