{"id":21019,"date":"2024-12-03T00:25:58","date_gmt":"2024-12-03T08:25:58","guid":{"rendered":"https:\/\/plg-pllc.com\/?page_id=21019"},"modified":"2026-03-24T15:01:40","modified_gmt":"2026-03-24T22:01:40","slug":"renton-lyft-accident-lawyer","status":"publish","type":"page","link":"https:\/\/plg-pllc.com\/es\/enton\/car-accident-lawyer\/rideshare\/lyft\/","title":{"rendered":"Abogado de accidentes de Lyft en Renton"},"content":{"rendered":"<p><span style=\"font-weight: 400;\">Si ha resultado herido en un accidente con un conductor de Lyft, puede ser elegible para solicitar una compensaci\u00f3n por sus facturas m\u00e9dicas, salarios perdidos, dolor f\u00edsico y m\u00e1s. En Premier Law Group, entendemos lo dif\u00edcil que puede ser seguir adelante despu\u00e9s de un accidente grave. Es por eso que nuestro equipo de abogados est\u00e1 a cargo de la defensa de sus clientes. <\/span><a href=\"https:\/\/plg-pllc.com\/renton\/car-accident-lawyer\/rideshare\/\"><span style=\"font-weight: 400;\">Abogados de accidentes de viajes compartidos en Renton<\/span><\/a><span style=\"font-weight: 400;\"> Estamos aqu\u00ed para guiarle a trav\u00e9s del proceso de reclamaciones.<\/span><\/p>\n<p><span style=\"font-weight: 400;\">Nuestra firma cuenta con <\/span><b>M\u00e1s de 55 a\u00f1os de experiencia combinada<\/b><span style=\"font-weight: 400;\"> Investigamos accidentes, presentamos reclamos y ganamos acuerdos de alto valor para personas como usted. Puede confiar en nuestros abogados de accidentes de Lyft en Renton para que representen sus mejores intereses durante todo el proceso legal y luchen por los resultados que se merece.<\/span><\/p>\n<h2><span style=\"font-weight: 400;\">Da\u00f1os que un abogado de accidentes de Lyft en Renton puede ganar por usted<\/span><\/h2>\n<p><span style=\"font-weight: 400;\">Despu\u00e9s de un accidente con un conductor de Lyft, puede enfrentar facturas m\u00e9dicas enormes, reparaciones costosas del veh\u00edculo y muchos otros desaf\u00edos. Afortunadamente, nuestro <\/span><a href=\"https:\/\/plg-pllc.com\/renton\/car-accident-lawyer\/\"><span style=\"font-weight: 400;\">Abogados de accidentes de tr\u00e1fico en Renton<\/span><\/a><span style=\"font-weight: 400;\"> Puede trabajar con usted para identificar todas las p\u00e9rdidas financieras y los desaf\u00edos intangibles que ha tenido que afrontar debido al accidente.<\/span><\/p>\n<p><span style=\"font-weight: 400;\">Obtendremos una imagen clara de c\u00f3mo este accidente ha afectado su vida y determinaremos cu\u00e1nto dinero necesita para compensar las p\u00e9rdidas y dificultades que enfrenta. Si su reclamo tiene \u00e9xito, podr\u00eda recibir cualquiera de los siguientes da\u00f1os:<\/span><\/p>\n<ul>\n<li style=\"font-weight: 400;\" aria-level=\"1\"><span style=\"font-weight: 400;\">Gastos m\u00e9dicos<\/span><\/li>\n<li style=\"font-weight: 400;\" aria-level=\"1\"><span style=\"font-weight: 400;\">Costos de fisioterapia<\/span><\/li>\n<li style=\"font-weight: 400;\" aria-level=\"1\"><span style=\"font-weight: 400;\">Facturas de reparaci\u00f3n de veh\u00edculos<\/span><\/li>\n<li style=\"font-weight: 400;\" aria-level=\"1\"><span style=\"font-weight: 400;\">Salarios perdidos<\/span><\/li>\n<li style=\"font-weight: 400;\" aria-level=\"1\"><span style=\"font-weight: 400;\">Disminuci\u00f3n de la capacidad de generar ingresos<\/span><\/li>\n<li style=\"font-weight: 400;\" aria-level=\"1\"><span style=\"font-weight: 400;\">Dolor y sufrimiento<\/span><\/li>\n<li style=\"font-weight: 400;\" aria-level=\"1\"><span style=\"font-weight: 400;\">Angustia emocional<\/span><\/li>\n<li style=\"font-weight: 400;\" aria-level=\"1\"><span style=\"font-weight: 400;\">P\u00e9rdida del disfrute de la vida<\/span><\/li>\n<\/ul>\n<p><span style=\"font-weight: 400;\">Estos da\u00f1os pueden ofrecer un apoyo que cambie la vida despu\u00e9s de un accidente grave. Dicho esto, puede ser dif\u00edcil obtener estos da\u00f1os sin la ayuda de un abogado experimentado. No busque m\u00e1s que nuestros abogados de accidentes de Lyft en Renton para obtener la asistencia que necesita para lograr una recuperaci\u00f3n financiera completa.\u00a0<\/span><\/p>\n<h2><span style=\"font-weight: 400;\">Partes que pueden ser consideradas responsables de su accidente de Lyft<\/span><\/h2>\n<p><span style=\"font-weight: 400;\">En Premier Law Group, nos gusta decir: <\/span>&quot;<b>Cuando te golpean<\/b>,<b> Nosotros contraatacamos m\u00e1s fuerte<\/b>.\u201d<span style=\"font-weight: 400;\"> Por eso nuestro <\/span><a href=\"https:\/\/plg-pllc.com\/renton\/personal-injury-lawyer\/\"><span style=\"font-weight: 400;\">Abogados de lesiones personales en Renton<\/span><\/a><span style=\"font-weight: 400;\"> Trabajar\u00e1 incansablemente para investigar su caso y determinar qui\u00e9n debe ser considerado responsable de sus p\u00e9rdidas relacionadas con el accidente.\u00a0<\/span><\/p>\n<p><span style=\"font-weight: 400;\">Esta es una parte importante del proceso de reclamaci\u00f3n porque la \u00fanica forma de obtener los da\u00f1os que se merece es presentando una reclamaci\u00f3n al seguro de la parte culpable o llevando a la parte culpable a los tribunales. Nuestro equipo revisar\u00e1 todas las pruebas e informaci\u00f3n disponibles para determinar cu\u00e1l de las siguientes partes debe ser considerada responsable:<\/span><\/p>\n<ul>\n<li style=\"font-weight: 400;\" aria-level=\"1\"><span style=\"font-weight: 400;\">El conductor de Lyft<\/span><\/li>\n<li style=\"font-weight: 400;\" aria-level=\"1\"><span style=\"font-weight: 400;\">Lyft<\/span><\/li>\n<li style=\"font-weight: 400;\" aria-level=\"1\"><span style=\"font-weight: 400;\">Otro automovilista que estuvo involucrado en el accidente<\/span><\/li>\n<\/ul>\n<p><span style=\"font-weight: 400;\">Si el conductor de Lyft estaba conectado a la aplicaci\u00f3n de Lyft y transportaba a un cliente en el momento del accidente, lo m\u00e1s probable es que la empresa de viajes compartidos sea responsable de sus lesiones y p\u00e9rdidas. Si el conductor de Lyft no estaba conectado a la aplicaci\u00f3n cuando choc\u00f3 contra usted, es probable que deba pagar los da\u00f1os.<\/span><\/p>\n<h2><span style=\"font-weight: 400;\">Los resultados de nuestros casos hablan por s\u00ed solos<\/span><\/h2>\n<p><span style=\"font-weight: 400;\">Cuando necesite obtener una compensaci\u00f3n por las lesiones y p\u00e9rdidas sufridas en una colisi\u00f3n de Lyft u otro tipo de accidente automovil\u00edstico, querr\u00e1 trabajar con un equipo legal que sepa c\u00f3mo obtener resultados reales. En nuestra firma, tenemos la experiencia y los recursos necesarios para obtener la mayor cantidad de compensaci\u00f3n posible para usted.<\/span><\/p>\n<p><span style=\"font-weight: 400;\">Nuestro <\/span><a href=\"https:\/\/plg-pllc.com\/case-results\/\"><span style=\"font-weight: 400;\">resultados del caso<\/span><\/a><span style=\"font-weight: 400;\"> Incluyen muchos acuerdos y veredictos de alto valor que cambiaron la vida de personas como usted. Cuando contrata a nuestros abogados de accidentes de Lyft en Renton, puede tener la tranquilidad de saber que un equipo de abogados altamente capacitados est\u00e1 luchando por el mejor resultado posible.<\/span><\/p>\n\n        <div class=\"rs-content-cta long\">\n            <p>Para una consulta legal GRATUITA con un abogado de accidentes de Lyft que atiende en Renton, llame al <a href=\"tel:+12062851743\">(206) 285-1743 <\/a><\/p>\n            <a href=\"https:\/\/plg-pllc.com\/es\/contact-us\/\" title=\"OBTENGA UNA EVALUACI\u00d3N DE CASO GRATUITA\" class=\"btn-global\">OBTENGA UNA EVALUACI\u00d3N DE CASO GRATUITA<\/a>\n                    <picture>\n                            <source srcset=\"https:\/\/plg-pllc.com\/wp-content\/themes\/plg-pllc-redesign\/assets\/app\/img\/cta-thumb.webp\" type=\"image\/webp\"\/>\n                            <img src=\"https:\/\/plg-pllc.com\/wp-content\/themes\/plg-pllc-redesign\/assets\/app\/img\/cta-thumb.png\" alt=\"Grupo de abogados Premier\" title=\"Grupo de abogados Premier\" width=\"245\" height=\"220\" loading=\"auto\" fetchpriority=\"auto\" decoding=\"async\"\/>\n        <\/picture>\n        \n        <\/div><h2><span style=\"font-weight: 400;\">Fecha l\u00edmite para presentar demandas por accidentes de Lyft en Renton, WA<\/span><\/h2>\n<p><span style=\"font-weight: 400;\">Si usted o un ser querido ha resultado herido en una colisi\u00f3n con un conductor descuidado de Lyft, una de las cosas m\u00e1s importantes que puede hacer es comenzar a tramitar su demanda pronto. Esto se debe a que el estado de Washington tiene un estatuto de limitaciones que se aplica a todas las demandas por accidentes de viajes compartidos.<\/span><\/p>\n<p><span style=\"font-weight: 400;\">Bajo <\/span><a href=\"https:\/\/app.leg.wa.gov\/rcw\/default.aspx?cite=4.16.080\/\" target=\"_blank\" rel=\"noopener\"><span style=\"font-weight: 400;\">C\u00f3digo Rev. de Washington \u00a7 4.16.080<\/span><\/a><span style=\"font-weight: 400;\">, tienes <\/span><b>tres a\u00f1os<\/b><span style=\"font-weight: 400;\"> Desde la fecha del accidente hasta la demanda. Si no presenta una demanda contra la parte culpable en un plazo de tres a\u00f1os, es probable que no pueda obtener la indemnizaci\u00f3n que necesita para cubrir sus gastos m\u00e9dicos y volver a su estilo de vida normal.<\/span><\/p>\n<p><span style=\"font-weight: 400;\">Programe una consulta gratuita con nuestros abogados especializados en accidentes de Lyft en Renton para obtener m\u00e1s informaci\u00f3n sobre el proceso legal y los requisitos que se aplican a su caso. Le brindaremos la informaci\u00f3n que necesita para tomar decisiones informadas y mejorar sus posibilidades de obtener la m\u00e1xima compensaci\u00f3n.<\/span><\/p>\n<h2><span style=\"font-weight: 400;\">Programe una consulta gratuita con un abogado especializado en accidentes de Lyft en Renton<\/span><\/h2>\n<p><span style=\"font-weight: 400;\">En Premier Law Group, <\/span><b>nosotros<\/b>&#039;<b>Somos lo suficientemente grandes para ganar pero lo suficientemente peque\u00f1os para preocuparnos.<\/b><span style=\"font-weight: 400;\">Eso significa que le brindaremos a su caso la atenci\u00f3n personalizada que necesita y, al mismo tiempo, aprovecharemos la experiencia y los recursos de nuestra firma para obtener los mejores resultados posibles. No importa cu\u00e1n graves sean sus p\u00e9rdidas, puede contar con nosotros para obtener la compensaci\u00f3n que se merece.<\/span><\/p>\n<p><span style=\"font-weight: 400;\">Cont\u00e1ctenos hoy para programar una consulta gratuita con un abogado especializado en accidentes de Lyft en Renton. Nos reuniremos con usted para analizar sus acciones relacionadas con viajes compartidos, sus lesiones y sus opciones de recuperaci\u00f3n. Tambi\u00e9n podemos responder cualquier pregunta que tenga sobre el proceso legal y ayudarlo a comprender su caso. Esperamos tener noticias suyas pronto.\u00a0<\/span><\/p>\n\n        <div class=\"rs-content-cta\">\n            <p>Llamar o enviar mensaje de texto <a href=\"tel:+12062851743\">(206) 285-1743<\/a> o complete un formulario de evaluaci\u00f3n de caso gratuito<\/p>\n            <a href=\"https:\/\/plg-pllc.com\/es\/contact-us\/\" title=\"OBTENGA UNA EVALUACI\u00d3N DE CASO GRATUITA\" class=\"btn-global\">OBTENGA UNA EVALUACI\u00d3N DE CASO GRATUITA<\/a>\n                    <picture>\n                            <source srcset=\"https:\/\/plg-pllc.com\/wp-content\/themes\/plg-pllc-redesign\/assets\/app\/img\/cta-thumb.webp\" type=\"image\/webp\"\/>\n                            <img src=\"https:\/\/plg-pllc.com\/wp-content\/themes\/plg-pllc-redesign\/assets\/app\/img\/cta-thumb.png\" alt=\"Grupo de abogados Premier\" title=\"Grupo de abogados Premier\" width=\"245\" height=\"220\" loading=\"auto\" fetchpriority=\"auto\" decoding=\"async\"\/>\n        <\/picture>\n        \n        <\/div>","protected":false},"excerpt":{"rendered":"<p>Si ha resultado herido en un accidente con un conductor de Lyft, puede ser elegible para reclamar una compensaci\u00f3n por sus facturas m\u00e9dicas, salarios perdidos, dolor f\u00edsico y m\u00e1s. En Premier Law Group, entendemos lo dif\u00edcil que puede ser seguir adelante despu\u00e9s de un accidente grave. Es por eso que nuestros abogados de accidentes de viajes compartidos en Renton est\u00e1n aqu\u00ed...<\/p>","protected":false},"author":50,"featured_media":0,"parent":19604,"menu_order":0,"comment_status":"closed","ping_status":"closed","template":"","meta":{"_acf_changed":false,"_genesis_hide_title":false,"_genesis_hide_breadcrumbs":false,"_genesis_hide_singular_image":false,"_genesis_hide_footer_widgets":false,"_genesis_custom_body_class":"","_genesis_custom_post_class":"","_genesis_layout":"","footnotes":""},"hc_faqs":[],"class_list":{"0":"post-21019","1":"page","2":"type-page","3":"status-publish","5":"hc_city_location-renton","6":"entry"},"acf":[],"yoast_head":"<!-- This site is optimized with the Yoast SEO plugin v27.4 - https:\/\/yoast.com\/product\/yoast-seo-wordpress\/ -->\n<title>Lyft Accident Lawyer in Renton | No Win, No Fee<\/title>\n<meta name=\"description\" content=\"A Renton Lyft accident lawyer can investigate your accident and pursue the damages you need to get your life back on track.\" \/>\n<meta name=\"robots\" content=\"index, follow, max-snippet:-1, max-image-preview:large, max-video-preview:-1\" \/>\n<link rel=\"canonical\" href=\"https:\/\/plg-pllc.com\/es\/enton\/car-accident-lawyer\/rideshare\/lyft\/\" \/>\n<meta property=\"og:locale\" content=\"es_MX\" \/>\n<meta property=\"og:type\" content=\"article\" \/>\n<meta property=\"og:title\" content=\"Lyft Accident Lawyer in Renton | No Win, No Fee\" \/>\n<meta property=\"og:description\" content=\"A Renton Lyft accident lawyer can investigate your accident and pursue the damages you need to get your life back on track.\" \/>\n<meta property=\"og:url\" content=\"https:\/\/plg-pllc.com\/es\/enton\/car-accident-lawyer\/rideshare\/lyft\/\" \/>\n<meta property=\"og:site_name\" content=\"Premier Law Group\" \/>\n<meta property=\"article:publisher\" content=\"https:\/\/www.facebook.com\/premierlawgroup\" \/>\n<meta property=\"article:modified_time\" content=\"2026-03-24T22:01:40+00:00\" \/>\n<meta name=\"twitter:card\" content=\"summary_large_image\" \/>\n<meta name=\"twitter:site\" content=\"@premierlawgroup\" \/>\n<meta name=\"twitter:label1\" content=\"Tiempo de lectura\" \/>\n\t<meta name=\"twitter:data1\" content=\"4 minutos\" \/>\n<script type=\"application\/ld+json\" class=\"yoast-schema-graph\">{\"@context\":\"https:\\\/\\\/schema.org\",\"@graph\":[{\"@type\":\"WebPage\",\"@id\":\"https:\\\/\\\/plg-pllc.com\\\/enton\\\/car-accident-lawyer\\\/rideshare\\\/lyft\\\/\",\"url\":\"https:\\\/\\\/plg-pllc.com\\\/enton\\\/car-accident-lawyer\\\/rideshare\\\/lyft\\\/\",\"name\":\"Lyft Accident Lawyer in Renton | No Win, No Fee\",\"isPartOf\":{\"@id\":\"https:\\\/\\\/plg-pllc.com\\\/#website\"},\"datePublished\":\"2024-12-03T08:25:58+00:00\",\"dateModified\":\"2026-03-24T22:01:40+00:00\",\"description\":\"A Renton Lyft accident lawyer can investigate your accident and pursue the damages you need to get your life back on track.\",\"breadcrumb\":{\"@id\":\"https:\\\/\\\/plg-pllc.com\\\/enton\\\/car-accident-lawyer\\\/rideshare\\\/lyft\\\/#breadcrumb\"},\"inLanguage\":\"es\",\"potentialAction\":[{\"@type\":\"ReadAction\",\"target\":[\"https:\\\/\\\/plg-pllc.com\\\/enton\\\/car-accident-lawyer\\\/rideshare\\\/lyft\\\/\"]}]},{\"@type\":\"BreadcrumbList\",\"@id\":\"https:\\\/\\\/plg-pllc.com\\\/enton\\\/car-accident-lawyer\\\/rideshare\\\/lyft\\\/#breadcrumb\",\"itemListElement\":[{\"@type\":\"ListItem\",\"position\":1,\"name\":\"Home\",\"item\":\"https:\\\/\\\/plg-pllc.com\\\/es\\\/\"},{\"@type\":\"ListItem\",\"position\":2,\"name\":\"Renton Personal Injury Lawyer\",\"item\":\"https:\\\/\\\/plg-pllc.com\\\/es\\\/renton\\\/personal-injury-lawyer\\\/\"},{\"@type\":\"ListItem\",\"position\":3,\"name\":\"Renton Car Accident Lawyer\",\"item\":\"https:\\\/\\\/plg-pllc.com\\\/es\\\/renton\\\/car-accident-lawyer\\\/\"},{\"@type\":\"ListItem\",\"position\":4,\"name\":\"Rideshare Accident\",\"item\":\"https:\\\/\\\/plg-pllc.com\\\/es\\\/renton\\\/car-accident-lawyer\\\/rideshare\\\/\"},{\"@type\":\"ListItem\",\"position\":5,\"name\":\"Lyft Accident\"}]},{\"@type\":\"WebSite\",\"@id\":\"https:\\\/\\\/plg-pllc.com\\\/#website\",\"url\":\"https:\\\/\\\/plg-pllc.com\\\/\",\"name\":\"Premier Law Group\",\"description\":\"Washington Wrongful Death and Serious Injury Lawyer\",\"publisher\":{\"@id\":\"https:\\\/\\\/plg-pllc.com\\\/#organization\"},\"inLanguage\":\"es\"},{\"@type\":\"Organization\",\"@id\":\"https:\\\/\\\/plg-pllc.com\\\/#organization\",\"name\":\"Premier Law Group\",\"url\":\"https:\\\/\\\/plg-pllc.com\\\/\",\"logo\":{\"@type\":\"ImageObject\",\"inLanguage\":\"es\",\"@id\":\"https:\\\/\\\/plg-pllc.com\\\/#\\\/schema\\\/logo\\\/image\\\/\",\"url\":\"https:\\\/\\\/plg-pllc.com\\\/wp-content\\\/uploads\\\/2020\\\/10\\\/plg-logo-v2.gif\",\"contentUrl\":\"https:\\\/\\\/plg-pllc.com\\\/wp-content\\\/uploads\\\/2020\\\/10\\\/plg-logo-v2.gif\",\"width\":592,\"height\":191,\"caption\":\"Premier Law Group\"},\"image\":{\"@id\":\"https:\\\/\\\/plg-pllc.com\\\/#\\\/schema\\\/logo\\\/image\\\/\"},\"sameAs\":[\"https:\\\/\\\/www.facebook.com\\\/premierlawgroup\",\"https:\\\/\\\/x.com\\\/premierlawgroup\"]}]}<\/script>\n<!-- \/ Yoast SEO plugin. -->","yoast_head_json":{"title":"Abogado de accidentes de Lyft en Renton | Sin victoria, sin honorarios","description":"Un abogado especializado en accidentes de Lyft en Renton puede investigar su accidente y reclamar los da\u00f1os que necesita para volver a encarrilar su vida.","robots":{"index":"index","follow":"follow","max-snippet":"max-snippet:-1","max-image-preview":"max-image-preview:large","max-video-preview":"max-video-preview:-1"},"canonical":"https:\/\/plg-pllc.com\/es\/enton\/car-accident-lawyer\/rideshare\/lyft\/","og_locale":"es_MX","og_type":"article","og_title":"Lyft Accident Lawyer in Renton | No Win, No Fee","og_description":"A Renton Lyft accident lawyer can investigate your accident and pursue the damages you need to get your life back on track.","og_url":"https:\/\/plg-pllc.com\/es\/enton\/car-accident-lawyer\/rideshare\/lyft\/","og_site_name":"Premier Law Group","article_publisher":"https:\/\/www.facebook.com\/premierlawgroup","article_modified_time":"2026-03-24T22:01:40+00:00","twitter_card":"summary_large_image","twitter_site":"@premierlawgroup","twitter_misc":{"Tiempo de lectura":"4 minutos"},"schema":{"@context":"https:\/\/schema.org","@graph":[{"@type":"WebPage","@id":"https:\/\/plg-pllc.com\/enton\/car-accident-lawyer\/rideshare\/lyft\/","url":"https:\/\/plg-pllc.com\/enton\/car-accident-lawyer\/rideshare\/lyft\/","name":"Abogado de accidentes de Lyft en Renton | Sin victoria, sin honorarios","isPartOf":{"@id":"https:\/\/plg-pllc.com\/#website"},"datePublished":"2024-12-03T08:25:58+00:00","dateModified":"2026-03-24T22:01:40+00:00","description":"Un abogado especializado en accidentes de Lyft en Renton puede investigar su accidente y reclamar los da\u00f1os que necesita para volver a encarrilar su vida.","breadcrumb":{"@id":"https:\/\/plg-pllc.com\/enton\/car-accident-lawyer\/rideshare\/lyft\/#breadcrumb"},"inLanguage":"es","potentialAction":[{"@type":"ReadAction","target":["https:\/\/plg-pllc.com\/enton\/car-accident-lawyer\/rideshare\/lyft\/"]}]},{"@type":"BreadcrumbList","@id":"https:\/\/plg-pllc.com\/enton\/car-accident-lawyer\/rideshare\/lyft\/#breadcrumb","itemListElement":[{"@type":"ListItem","position":1,"name":"Home","item":"https:\/\/plg-pllc.com\/es\/"},{"@type":"ListItem","position":2,"name":"Renton Personal Injury Lawyer","item":"https:\/\/plg-pllc.com\/es\/renton\/personal-injury-lawyer\/"},{"@type":"ListItem","position":3,"name":"Renton Car Accident Lawyer","item":"https:\/\/plg-pllc.com\/es\/renton\/car-accident-lawyer\/"},{"@type":"ListItem","position":4,"name":"Rideshare Accident","item":"https:\/\/plg-pllc.com\/es\/renton\/car-accident-lawyer\/rideshare\/"},{"@type":"ListItem","position":5,"name":"Lyft Accident"}]},{"@type":"WebSite","@id":"https:\/\/plg-pllc.com\/#website","url":"https:\/\/plg-pllc.com\/","name":"Grupo de abogados Premier","description":"Abogado de muerte por negligencia y lesiones graves en Washington","publisher":{"@id":"https:\/\/plg-pllc.com\/#organization"},"inLanguage":"es"},{"@type":"Organization","@id":"https:\/\/plg-pllc.com\/#organization","name":"Grupo de abogados Premier","url":"https:\/\/plg-pllc.com\/","logo":{"@type":"ImageObject","inLanguage":"es","@id":"https:\/\/plg-pllc.com\/#\/schema\/logo\/image\/","url":"https:\/\/plg-pllc.com\/wp-content\/uploads\/2020\/10\/plg-logo-v2.gif","contentUrl":"https:\/\/plg-pllc.com\/wp-content\/uploads\/2020\/10\/plg-logo-v2.gif","width":592,"height":191,"caption":"Premier Law Group"},"image":{"@id":"https:\/\/plg-pllc.com\/#\/schema\/logo\/image\/"},"sameAs":["https:\/\/www.facebook.com\/premierlawgroup","https:\/\/x.com\/premierlawgroup"]}]}},"_links":{"self":[{"href":"https:\/\/plg-pllc.com\/es\/wp-json\/wp\/v2\/pages\/21019","targetHints":{"allow":["GET"]}}],"collection":[{"href":"https:\/\/plg-pllc.com\/es\/wp-json\/wp\/v2\/pages"}],"about":[{"href":"https:\/\/plg-pllc.com\/es\/wp-json\/wp\/v2\/types\/page"}],"author":[{"embeddable":true,"href":"https:\/\/plg-pllc.com\/es\/wp-json\/wp\/v2\/users\/50"}],"replies":[{"embeddable":true,"href":"https:\/\/plg-pllc.com\/es\/wp-json\/wp\/v2\/comments?post=21019"}],"version-history":[{"count":0,"href":"https:\/\/plg-pllc.com\/es\/wp-json\/wp\/v2\/pages\/21019\/revisions"}],"up":[{"embeddable":true,"href":"https:\/\/plg-pllc.com\/es\/wp-json\/wp\/v2\/pages\/19604"}],"wp:attachment":[{"href":"https:\/\/plg-pllc.com\/es\/wp-json\/wp\/v2\/media?parent=21019"}],"wp:term":[{"taxonomy":"hc_faqs","embeddable":true,"href":"https:\/\/plg-pllc.com\/es\/wp-json\/wp\/v2\/hc_faqs?post=21019"}],"curies":[{"name":"gracias","href":"https:\/\/api.w.org\/{rel}","templated":true}]}}