{"id":21020,"date":"2024-12-03T00:28:57","date_gmt":"2024-12-03T08:28:57","guid":{"rendered":"https:\/\/plg-pllc.com\/?page_id=21020"},"modified":"2026-03-24T15:01:36","modified_gmt":"2026-03-24T22:01:36","slug":"renton-uber-accident-lawyer","status":"publish","type":"page","link":"https:\/\/plg-pllc.com\/es\/renton\/car-accident-lawyer\/rideshare\/uber\/","title":{"rendered":"Abogado de accidentes de Uber en Renton"},"content":{"rendered":"<p><span style=\"font-weight: 400;\">Si se est\u00e1 recuperando de las lesiones sufridas en un accidente de Uber o de viaje compartido en Renton, puede enfrentar problemas legales con el seguro y la responsabilidad que podr\u00edan afectar su capacidad de obtener una compensaci\u00f3n por sus facturas m\u00e9dicas, p\u00e9rdida de salario y dolor y sufrimiento.<\/span><\/p>\n<p><span style=\"font-weight: 400;\">Nuestro <\/span><a href=\"https:\/\/plg-pllc.com\/renton\/car-accident-lawyer\/rideshare\/\"><span style=\"font-weight: 400;\">Abogados de accidentes de viajes compartidos en Renton<\/span><\/a><span style=\"font-weight: 400;\"> Entendemos la naturaleza compleja de estos accidentes y podemos buscar una compensaci\u00f3n para usted. En Premier Law Group, nuestros abogados tienen m\u00e1s de 55 a\u00f1os de experiencia combinada.<\/span><b>.<\/b><span style=\"font-weight: 400;\"> Hasta la fecha, hemos<\/span> <span style=\"font-weight: 400;\">ayud\u00f3 a la gente a recuperarse<\/span><b> $100 millones<\/b>\u2013<b>m\u00e1s<\/b><span style=\"font-weight: 400;\"> por sus p\u00e9rdidas causadas por las partes responsables.<\/span><\/p>\n<p><span style=\"font-weight: 400;\">Le explicaremos sus derechos y opciones legales y c\u00f3mo nuestros abogados de accidentes de Uber en Renton pueden llevar su caso. Le brindaremos las respuestas que necesita y la justicia que merece. Ll\u00e1menos para una consulta gratuita.<\/span><\/p>\n<h2><span style=\"font-weight: 400;\">C\u00f3mo nuestros abogados de accidentes de Uber en Renton pueden dirigir su caso<\/span><\/h2>\n<p><span style=\"font-weight: 400;\">Los accidentes de viajes compartidos son diferentes de otros accidentes automovil\u00edsticos en varios aspectos, por lo que tener un profesional legal que se encargue de su caso puede aumentar sus posibilidades de resolverlo.<\/span><\/p>\n<p><span style=\"font-weight: 400;\">Una vez que lo representemos, haremos lo siguiente:<\/span><\/p>\n<ul>\n<li style=\"font-weight: 400;\" aria-level=\"1\"><b>Investigar el accidente y reunir pruebas.<\/b><span style=\"font-weight: 400;\">Recopilaremos fotograf\u00edas, informes policiales y declaraciones de testigos para construir un caso s\u00f3lido.<\/span><\/li>\n<li style=\"font-weight: 400;\" aria-level=\"1\"><b>Identificar a todas las partes responsables<\/b><span style=\"font-weight: 400;\">:Determinaremos qui\u00e9nes son todos los responsables del accidente, incluido el conductor del viaje compartido, Uber o Lyft, otros conductores o incluso terceros, para garantizar que busquemos todas las fuentes de compensaci\u00f3n.<\/span><\/li>\n<li style=\"font-weight: 400;\" aria-level=\"1\"><b>Eval\u00fae sus p\u00e9rdidas<\/b><span style=\"font-weight: 400;\">Evaluaremos cuidadosamente todos los da\u00f1os causados por el accidente y solicitaremos una compensaci\u00f3n completa.<\/span><\/li>\n<li style=\"font-weight: 400;\" aria-level=\"1\"><b>Liderar las negociaciones con las aseguradoras<\/b><span style=\"font-weight: 400;\">:Nos encargaremos de la comunicaci\u00f3n con las aseguradoras para garantizar que usted reciba un acuerdo justo.<\/span><\/li>\n<li style=\"font-weight: 400;\" aria-level=\"1\"><b>Acudir a los tribunales si es necesario<\/b><span style=\"font-weight: 400;\">Le representaremos ante el tribunal para luchar por la compensaci\u00f3n que usted merece.<\/span><\/li>\n<li style=\"font-weight: 400;\" aria-level=\"1\"><b>Buscamos la m\u00e1xima compensaci\u00f3n para usted<\/b><span style=\"font-weight: 400;\">Calcularemos con precisi\u00f3n sus p\u00e9rdidas para garantizar que reciba el monto total que se le debe.<\/span><\/li>\n<\/ul>\n<p><span style=\"font-weight: 400;\">Tambi\u00e9n le explicaremos cada paso del proceso legal, responderemos sus preguntas y lo mantendremos informado sobre el progreso de su caso. Nuestros abogados de Renton que se ocupan de accidentes de Uber tienen como objetivo hacer que el proceso sea libre de estr\u00e9s para que usted pueda concentrarse en su recuperaci\u00f3n mientras luchamos por su compensaci\u00f3n.\u00a0<\/span><\/p>\n<p><span style=\"font-weight: 400;\">Ll\u00e1manos para hablar sobre c\u00f3mo nuestro<\/span> <a href=\"https:\/\/plg-pllc.com\/renton\/car-accident-lawyer\/\"><span style=\"font-weight: 400;\">Abogados de accidentes de tr\u00e1fico en Renton<\/span><\/a><span style=\"font-weight: 400;\"> Puede ayudar. Durante una consulta telef\u00f3nica gratuita y sin compromiso, hablar\u00e1 con un abogado.<\/span><\/p>\n<h2><span style=\"font-weight: 400;\">Por qu\u00e9 los accidentes de Uber son diferentes a otros accidentes<\/span><\/h2>\n<p><span style=\"font-weight: 400;\">Los accidentes en Uber siguen reglas exclusivas de los servicios de viajes compartidos. En primer lugar, es importante saber que las empresas de viajes compartidos generalmente contratan a contratistas, no a empleados. Dado que los conductores no trabajan directamente para Uber, pueden surgir disputas sobre qu\u00e9 seguro debe cubrir los da\u00f1os causados por el accidente.<\/span><\/p>\n<h3><span style=\"font-weight: 400;\">Cobertura de seguro por niveles<\/span><\/h3>\n<p><span style=\"font-weight: 400;\">En el caso de los accidentes de Uber, la cobertura del seguro funciona de forma diferente seg\u00fan el estatus del conductor en el momento del accidente. A continuaci\u00f3n, se detalla c\u00f3mo funciona:<\/span><\/p>\n<ul>\n<li style=\"font-weight: 400;\" aria-level=\"1\"><b>Si la aplicaci\u00f3n Uber est\u00e1 desactivada<\/b>: <span style=\"font-weight: 400;\">Cuando el conductor no est\u00e1 conectado a la aplicaci\u00f3n de Uber, se lo considera un conductor habitual. Esto significa que se aplica su p\u00f3liza de seguro de autom\u00f3vil personal y no entra en juego la cobertura de Uber.<\/span><\/li>\n<li style=\"font-weight: 400;\" aria-level=\"1\"><b>Si la aplicaci\u00f3n Uber est\u00e1 activada<\/b>,<b> pero a\u00fan no hay pasajeros<\/b>: <span style=\"font-weight: 400;\">Cuando el conductor est\u00e1 conectado a la aplicaci\u00f3n de Uber y espera una solicitud de viaje, Uber ofrece cierta cobertura, pero es limitada. El seguro personal del conductor tambi\u00e9n puede aplicarse, seg\u00fan la p\u00f3liza.<\/span><\/li>\n<li style=\"font-weight: 400;\" aria-level=\"1\"><b>Si el conductor lleva un pasajero o va en camino a recoger uno<\/b>: <span style=\"font-weight: 400;\">Una vez que un conductor acepta una solicitud de viaje o tiene un pasajero en el autom\u00f3vil, entra en vigencia la cobertura de seguro completa de Uber. Esto incluye $1,000,000 en cobertura de responsabilidad civil, cobertura para conductores sin seguro o con seguro insuficiente y cobertura de colisi\u00f3n contingente.<\/span><\/li>\n<\/ul>\n<h3><span style=\"font-weight: 400;\">Las cuestiones de responsabilidad pueden ser complejas en los casos de viajes compartidos<\/span><\/h3>\n<p><span style=\"font-weight: 400;\">Determinar qui\u00e9n es responsable en un accidente de Uber puede ser mucho m\u00e1s complejo que en un accidente de coche normal. A continuaci\u00f3n, te explicamos por qu\u00e9:<\/span><\/p>\n<ul>\n<li style=\"font-weight: 400;\" aria-level=\"1\"><b>El conductor<\/b><span style=\"font-weight: 400;\">:Si el conductor fue negligente (por ejemplo, por exceso de velocidad, enviar mensajes de texto o pasar una luz roja), puede ser considerado responsable del accidente.<\/span><\/li>\n<li style=\"font-weight: 400;\" aria-level=\"1\"><b>Uber<\/b><span style=\"font-weight: 400;\">:En algunos casos, Uber podr\u00eda compartir la responsabilidad, especialmente si el accidente ocurri\u00f3 mientras el conductor estaba usando la aplicaci\u00f3n. Sin embargo, Uber suele argumentar que sus conductores son contratistas independientes, no empleados, lo que puede complicar las reclamaciones.<\/span><\/li>\n<li style=\"font-weight: 400;\" aria-level=\"1\"><b>Otras fiestas<\/b><span style=\"font-weight: 400;\">:A veces, otro conductor, un peat\u00f3n o incluso una carretera en mal estado podr\u00edan ser en parte culpables del accidente.<\/span><\/li>\n<\/ul>\n<p><span style=\"font-weight: 400;\">Resolver estos factores a menudo requiere ayuda legal, ya que las compa\u00f1\u00edas de seguros y Uber pueden intentar desviar la culpa o reducir sus pagos. <\/span><a href=\"https:\/\/plg-pllc.com\/renton\/personal-injury-lawyer\/\"><span style=\"font-weight: 400;\">Abogados de lesiones personales en Renton<\/span><\/a><span style=\"font-weight: 400;\"> En Premier Law Group trabajaremos para identificar qui\u00e9n es responsable del accidente y reclamarle da\u00f1os y perjuicios.<\/span><\/p>\n<h2><span style=\"font-weight: 400;\">Da\u00f1os recuperables por accidentes de Uber en Renton, WA<\/span><\/h2>\n<p><span style=\"font-weight: 400;\">Si result\u00f3 herido en un accidente de Uber en Renton, WA, es posible que pueda recuperar dinero para cubrir sus p\u00e9rdidas. Sus da\u00f1os generalmente se dividir\u00e1n en dos tipos: da\u00f1os econ\u00f3micos y no econ\u00f3micos.<\/span><\/p>\n<h3><span style=\"font-weight: 400;\">Da\u00f1os econ\u00f3micos<\/span><\/h3>\n<p><span style=\"font-weight: 400;\">Estas son p\u00e9rdidas financieras que puedes comprobar con recibos o facturas:<\/span><\/p>\n<ul>\n<li style=\"font-weight: 400;\" aria-level=\"1\"><b>Gastos m\u00e9dicos<\/b><span style=\"font-weight: 400;\">:<\/span>\n<ul>\n<li style=\"font-weight: 400;\" aria-level=\"2\"><span style=\"font-weight: 400;\">Visitas a la sala de emergencias, cirug\u00edas, estad\u00edas en el hospital, atenci\u00f3n de seguimiento y medicamentos.<\/span><\/li>\n<li style=\"font-weight: 400;\" aria-level=\"2\"><span style=\"font-weight: 400;\">Costos m\u00e9dicos futuros del tratamiento continuo<\/span><\/li>\n<\/ul>\n<\/li>\n<li style=\"font-weight: 400;\" aria-level=\"1\"><b>P\u00e9rdida de salarios y capacidad de generar ingresos<\/b><span style=\"font-weight: 400;\">:<\/span>\n<ul>\n<li style=\"font-weight: 400;\" aria-level=\"2\"><span style=\"font-weight: 400;\">Ingresos perdidos durante la recuperaci\u00f3n<\/span><\/li>\n<li style=\"font-weight: 400;\" aria-level=\"2\"><span style=\"font-weight: 400;\">Compensaci\u00f3n si las lesiones reducen su capacidad para trabajar en el futuro<\/span><\/li>\n<\/ul>\n<\/li>\n<li style=\"font-weight: 400;\" aria-level=\"1\"><b>Da\u00f1os a la propiedad<\/b><span style=\"font-weight: 400;\">:<\/span>\n<ul>\n<li style=\"font-weight: 400;\" aria-level=\"2\"><span style=\"font-weight: 400;\">Costos de reparaci\u00f3n o reemplazo de su veh\u00edculo o pertenencias personales da\u00f1adas en el accidente.<\/span><\/li>\n<\/ul>\n<\/li>\n<\/ul>\n<h3><span style=\"font-weight: 400;\">Da\u00f1os no econ\u00f3micos<\/span><\/h3>\n<p><span style=\"font-weight: 400;\">Estos da\u00f1os compensan los impactos en tu vida que no se pueden medir f\u00e1cilmente:<\/span><\/p>\n<ul>\n<li style=\"font-weight: 400;\" aria-level=\"1\"><b>Dolor y sufrimiento<\/b><span style=\"font-weight: 400;\">:<\/span>\n<ul>\n<li style=\"font-weight: 400;\" aria-level=\"2\"><span style=\"font-weight: 400;\">Dolor f\u00edsico por lesiones, incluido el dolor cr\u00f3nico o de largo plazo.<\/span><\/li>\n<\/ul>\n<\/li>\n<li style=\"font-weight: 400;\" aria-level=\"1\"><b>Angustia emocional<\/b><span style=\"font-weight: 400;\">:<\/span>\n<ul>\n<li style=\"font-weight: 400;\" aria-level=\"2\"><span style=\"font-weight: 400;\">Ansiedad, depresi\u00f3n o trastorno de estr\u00e9s postraum\u00e1tico (TEPT) causado por el accidente.<\/span><\/li>\n<\/ul>\n<\/li>\n<li style=\"font-weight: 400;\" aria-level=\"1\"><b>P\u00e9rdida del disfrute de la vida<\/b><span style=\"font-weight: 400;\">:<\/span>\n<ul>\n<li style=\"font-weight: 400;\" aria-level=\"2\"><span style=\"font-weight: 400;\">Cuando las lesiones le impiden disfrutar de pasatiempos o actividades que ama o disfruta<\/span><\/li>\n<\/ul>\n<\/li>\n<li style=\"font-weight: 400;\" aria-level=\"1\"><b>P\u00e9rdida del consorcio<\/b><span style=\"font-weight: 400;\">:<\/span>\n<ul>\n<li style=\"font-weight: 400;\" aria-level=\"2\"><span style=\"font-weight: 400;\">Da\u00f1os por c\u00f3mo el accidente afecta su relaci\u00f3n con su c\u00f3nyuge o familia<\/span><\/li>\n<\/ul>\n<\/li>\n<\/ul>\n<p><span style=\"font-weight: 400;\">Revisaremos todas las p\u00e9rdidas que sufri\u00f3 en el accidente y determinaremos cu\u00e1les son las que podemos reclamarle a la parte responsable. Consideraremos todas sus p\u00e9rdidas y demostraremos c\u00f3mo la parte responsable debe cubrirlas.<\/span><\/p>\n\n        <div class=\"rs-content-cta long\">\n            <p>Para una consulta legal GRATUITA con un abogado de accidentes de Uber que preste servicios en Renton, llame al <a href=\"tel:+12062851743\">(206) 285-1743 <\/a><\/p>\n            <a href=\"https:\/\/plg-pllc.com\/es\/contact-us\/\" title=\"OBTENGA UNA EVALUACI\u00d3N DE CASO GRATUITA\" class=\"btn-global\">OBTENGA UNA EVALUACI\u00d3N DE CASO GRATUITA<\/a>\n                    <picture>\n                            <source srcset=\"https:\/\/plg-pllc.com\/wp-content\/themes\/plg-pllc-redesign\/assets\/app\/img\/cta-thumb.webp\" type=\"image\/webp\"\/>\n                            <img src=\"https:\/\/plg-pllc.com\/wp-content\/themes\/plg-pllc-redesign\/assets\/app\/img\/cta-thumb.png\" alt=\"Grupo de abogados Premier\" title=\"Grupo de abogados Premier\" width=\"245\" height=\"220\" loading=\"auto\" fetchpriority=\"auto\" decoding=\"async\"\/>\n        <\/picture>\n        \n        <\/div><h2><span style=\"font-weight: 400;\">Se aplican plazos de presentaci\u00f3n de solicitudes para accidentes de viajes compartidos en el estado de Washington<\/span><\/h2>\n<p><span style=\"font-weight: 400;\">En Washington, los demandantes deben presentar sus demandas por lesiones y da\u00f1os antes de un plazo determinado. Esto se denomina plazo de prescripci\u00f3n y es <\/span><b>tres a\u00f1os<\/b><span style=\"font-weight: 400;\"> a partir de la fecha del accidente, por <\/span><a href=\"https:\/\/app.leg.wa.gov\/rcw\/default.aspx?cite=4.16.080\/\" target=\"_blank\" rel=\"noopener\"><span style=\"font-weight: 400;\">Secci\u00f3n 4.14.080 del C\u00f3digo Civil<\/span><\/a><span style=\"font-weight: 400;\">.\u00a0<\/span><\/p>\n<p><span style=\"font-weight: 400;\">Si no cumple con este plazo, puede perder la oportunidad de obtener una indemnizaci\u00f3n. Le recomendamos que act\u00fae r\u00e1pidamente y hable con nuestros abogados especializados en colisiones de Uber en Renton lo antes posible.\u00a0<\/span><\/p>\n<p><span style=\"font-weight: 400;\">Podemos asesorarlo sobre cu\u00e1nto tiempo le queda para presentar la solicitud, si se aplican excepciones al plazo a su caso y cu\u00e1nto tiempo puede esperar que tome su caso.<\/span><\/p>\n<h2><span style=\"font-weight: 400;\">Nuestros abogados de accidentes de Uber en Renton est\u00e1n listos para representarlo<\/span><\/h2>\n<p><span style=\"font-weight: 400;\">En Premier Law Group, combinamos la solidez de una gran firma con el cuidado y la dedicaci\u00f3n de una peque\u00f1a firma. Esto significa que nuestros abogados de accidentes de Uber en Renton le brindar\u00e1n a su caso la atenci\u00f3n especializada que merece y la experiencia y los recursos necesarios para asegurar un resultado favorable.\u00a0<\/span><\/p>\n<p><span style=\"font-weight: 400;\">No importa el alcance de sus p\u00e9rdidas, puede confiar en nosotros para luchar por la compensaci\u00f3n total que tiene derecho a recibir. Nos encargaremos de todos los asuntos legales para que usted pueda concentrarse en su recuperaci\u00f3n y <\/span><b>T\u00fa ganaste<\/b>&#039;<b>No pague ni un centavo a menos que ganemos su caso<\/b><span style=\"font-weight: 400;\">Ll\u00e1manos ahora para una consulta gratuita.<\/span><\/p>\n\n        <div class=\"rs-content-cta\">\n            <p>Llamar o enviar mensaje de texto <a href=\"tel:+12062851743\">(206) 285-1743<\/a> o complete un formulario de evaluaci\u00f3n de caso gratuito<\/p>\n            <a href=\"https:\/\/plg-pllc.com\/es\/contact-us\/\" title=\"OBTENGA UNA EVALUACI\u00d3N DE CASO GRATUITA\" class=\"btn-global\">OBTENGA UNA EVALUACI\u00d3N DE CASO GRATUITA<\/a>\n                    <picture>\n                            <source srcset=\"https:\/\/plg-pllc.com\/wp-content\/themes\/plg-pllc-redesign\/assets\/app\/img\/cta-thumb.webp\" type=\"image\/webp\"\/>\n                            <img src=\"https:\/\/plg-pllc.com\/wp-content\/themes\/plg-pllc-redesign\/assets\/app\/img\/cta-thumb.png\" alt=\"Grupo de abogados Premier\" title=\"Grupo de abogados Premier\" width=\"245\" height=\"220\" loading=\"auto\" fetchpriority=\"auto\" decoding=\"async\"\/>\n        <\/picture>\n        \n        <\/div>","protected":false},"excerpt":{"rendered":"<p>Si se est\u00e1 recuperando de las lesiones sufridas en un accidente de Uber o de transporte compartido en Renton, puede enfrentar problemas legales con el seguro y la responsabilidad civil que podr\u00edan afectar su capacidad para obtener una compensaci\u00f3n por sus facturas m\u00e9dicas, p\u00e9rdida de salario y dolor y sufrimiento. Nuestros abogados de accidentes de transporte compartido en Renton comprenden la naturaleza compleja de estos accidentes y pueden buscar...<\/p>","protected":false},"author":50,"featured_media":0,"parent":19604,"menu_order":0,"comment_status":"closed","ping_status":"closed","template":"","meta":{"_acf_changed":false,"_genesis_hide_title":false,"_genesis_hide_breadcrumbs":false,"_genesis_hide_singular_image":false,"_genesis_hide_footer_widgets":false,"_genesis_custom_body_class":"","_genesis_custom_post_class":"","_genesis_layout":"","footnotes":""},"hc_faqs":[],"class_list":{"0":"post-21020","1":"page","2":"type-page","3":"status-publish","5":"hc_city_location-renton","6":"entry"},"acf":[],"yoast_head":"<!-- This site is optimized with the Yoast SEO plugin v27.4 - https:\/\/yoast.com\/product\/yoast-seo-wordpress\/ -->\n<title>Uber Accident Lawyer in Renton | Call Us - Free Consultation<\/title>\n<meta name=\"description\" content=\"Our Renton Uber accident lawyer will pursue compensation for your medical bills, lost pay, pain and suffering, and more.\" \/>\n<meta name=\"robots\" content=\"index, follow, max-snippet:-1, max-image-preview:large, max-video-preview:-1\" \/>\n<link rel=\"canonical\" href=\"https:\/\/plg-pllc.com\/es\/renton\/car-accident-lawyer\/rideshare\/uber\/\" \/>\n<meta property=\"og:locale\" content=\"es_MX\" \/>\n<meta property=\"og:type\" content=\"article\" \/>\n<meta property=\"og:title\" content=\"Uber Accident Lawyer in Renton | Call Us - Free Consultation\" \/>\n<meta property=\"og:description\" content=\"Our Renton Uber accident lawyer will pursue compensation for your medical bills, lost pay, pain and suffering, and more.\" \/>\n<meta property=\"og:url\" content=\"https:\/\/plg-pllc.com\/es\/renton\/car-accident-lawyer\/rideshare\/uber\/\" \/>\n<meta property=\"og:site_name\" content=\"Premier Law Group\" \/>\n<meta property=\"article:publisher\" content=\"https:\/\/www.facebook.com\/premierlawgroup\" \/>\n<meta property=\"article:modified_time\" content=\"2026-03-24T22:01:36+00:00\" \/>\n<meta name=\"twitter:card\" content=\"summary_large_image\" \/>\n<meta name=\"twitter:site\" content=\"@premierlawgroup\" \/>\n<meta name=\"twitter:label1\" content=\"Tiempo de lectura\" \/>\n\t<meta name=\"twitter:data1\" content=\"6 minutos\" \/>\n<script type=\"application\/ld+json\" class=\"yoast-schema-graph\">{\"@context\":\"https:\\\/\\\/schema.org\",\"@graph\":[{\"@type\":\"WebPage\",\"@id\":\"https:\\\/\\\/plg-pllc.com\\\/renton\\\/car-accident-lawyer\\\/rideshare\\\/uber\\\/\",\"url\":\"https:\\\/\\\/plg-pllc.com\\\/renton\\\/car-accident-lawyer\\\/rideshare\\\/uber\\\/\",\"name\":\"Uber Accident Lawyer in Renton | Call Us - Free Consultation\",\"isPartOf\":{\"@id\":\"https:\\\/\\\/plg-pllc.com\\\/#website\"},\"datePublished\":\"2024-12-03T08:28:57+00:00\",\"dateModified\":\"2026-03-24T22:01:36+00:00\",\"description\":\"Our Renton Uber accident lawyer will pursue compensation for your medical bills, lost pay, pain and suffering, and more.\",\"breadcrumb\":{\"@id\":\"https:\\\/\\\/plg-pllc.com\\\/renton\\\/car-accident-lawyer\\\/rideshare\\\/uber\\\/#breadcrumb\"},\"inLanguage\":\"es\",\"potentialAction\":[{\"@type\":\"ReadAction\",\"target\":[\"https:\\\/\\\/plg-pllc.com\\\/renton\\\/car-accident-lawyer\\\/rideshare\\\/uber\\\/\"]}]},{\"@type\":\"BreadcrumbList\",\"@id\":\"https:\\\/\\\/plg-pllc.com\\\/renton\\\/car-accident-lawyer\\\/rideshare\\\/uber\\\/#breadcrumb\",\"itemListElement\":[{\"@type\":\"ListItem\",\"position\":1,\"name\":\"Home\",\"item\":\"https:\\\/\\\/plg-pllc.com\\\/es\\\/\"},{\"@type\":\"ListItem\",\"position\":2,\"name\":\"Renton Personal Injury Lawyer\",\"item\":\"https:\\\/\\\/plg-pllc.com\\\/es\\\/renton\\\/personal-injury-lawyer\\\/\"},{\"@type\":\"ListItem\",\"position\":3,\"name\":\"Renton Car Accident Lawyer\",\"item\":\"https:\\\/\\\/plg-pllc.com\\\/es\\\/renton\\\/car-accident-lawyer\\\/\"},{\"@type\":\"ListItem\",\"position\":4,\"name\":\"Rideshare Accident\",\"item\":\"https:\\\/\\\/plg-pllc.com\\\/es\\\/renton\\\/car-accident-lawyer\\\/rideshare\\\/\"},{\"@type\":\"ListItem\",\"position\":5,\"name\":\"Uber Accident\"}]},{\"@type\":\"WebSite\",\"@id\":\"https:\\\/\\\/plg-pllc.com\\\/#website\",\"url\":\"https:\\\/\\\/plg-pllc.com\\\/\",\"name\":\"Premier Law Group\",\"description\":\"Washington Wrongful Death and Serious Injury Lawyer\",\"publisher\":{\"@id\":\"https:\\\/\\\/plg-pllc.com\\\/#organization\"},\"inLanguage\":\"es\"},{\"@type\":\"Organization\",\"@id\":\"https:\\\/\\\/plg-pllc.com\\\/#organization\",\"name\":\"Premier Law Group\",\"url\":\"https:\\\/\\\/plg-pllc.com\\\/\",\"logo\":{\"@type\":\"ImageObject\",\"inLanguage\":\"es\",\"@id\":\"https:\\\/\\\/plg-pllc.com\\\/#\\\/schema\\\/logo\\\/image\\\/\",\"url\":\"https:\\\/\\\/plg-pllc.com\\\/wp-content\\\/uploads\\\/2020\\\/10\\\/plg-logo-v2.gif\",\"contentUrl\":\"https:\\\/\\\/plg-pllc.com\\\/wp-content\\\/uploads\\\/2020\\\/10\\\/plg-logo-v2.gif\",\"width\":592,\"height\":191,\"caption\":\"Premier Law Group\"},\"image\":{\"@id\":\"https:\\\/\\\/plg-pllc.com\\\/#\\\/schema\\\/logo\\\/image\\\/\"},\"sameAs\":[\"https:\\\/\\\/www.facebook.com\\\/premierlawgroup\",\"https:\\\/\\\/x.com\\\/premierlawgroup\"]}]}<\/script>\n<!-- \/ Yoast SEO plugin. -->","yoast_head_json":{"title":"Abogado de accidentes de Uber en Renton | Ll\u00e1menos - Consulta gratuita","description":"Nuestro abogado de accidentes de Uber en Renton buscar\u00e1 una compensaci\u00f3n por sus facturas m\u00e9dicas, p\u00e9rdida de salario, dolor y sufrimiento, y m\u00e1s.","robots":{"index":"index","follow":"follow","max-snippet":"max-snippet:-1","max-image-preview":"max-image-preview:large","max-video-preview":"max-video-preview:-1"},"canonical":"https:\/\/plg-pllc.com\/es\/renton\/car-accident-lawyer\/rideshare\/uber\/","og_locale":"es_MX","og_type":"article","og_title":"Uber Accident Lawyer in Renton | Call Us - Free Consultation","og_description":"Our Renton Uber accident lawyer will pursue compensation for your medical bills, lost pay, pain and suffering, and more.","og_url":"https:\/\/plg-pllc.com\/es\/renton\/car-accident-lawyer\/rideshare\/uber\/","og_site_name":"Premier Law Group","article_publisher":"https:\/\/www.facebook.com\/premierlawgroup","article_modified_time":"2026-03-24T22:01:36+00:00","twitter_card":"summary_large_image","twitter_site":"@premierlawgroup","twitter_misc":{"Tiempo de lectura":"6 minutos"},"schema":{"@context":"https:\/\/schema.org","@graph":[{"@type":"WebPage","@id":"https:\/\/plg-pllc.com\/renton\/car-accident-lawyer\/rideshare\/uber\/","url":"https:\/\/plg-pllc.com\/renton\/car-accident-lawyer\/rideshare\/uber\/","name":"Abogado de accidentes de Uber en Renton | Ll\u00e1menos - Consulta gratuita","isPartOf":{"@id":"https:\/\/plg-pllc.com\/#website"},"datePublished":"2024-12-03T08:28:57+00:00","dateModified":"2026-03-24T22:01:36+00:00","description":"Nuestro abogado de accidentes de Uber en Renton buscar\u00e1 una compensaci\u00f3n por sus facturas m\u00e9dicas, p\u00e9rdida de salario, dolor y sufrimiento, y m\u00e1s.","breadcrumb":{"@id":"https:\/\/plg-pllc.com\/renton\/car-accident-lawyer\/rideshare\/uber\/#breadcrumb"},"inLanguage":"es","potentialAction":[{"@type":"ReadAction","target":["https:\/\/plg-pllc.com\/renton\/car-accident-lawyer\/rideshare\/uber\/"]}]},{"@type":"BreadcrumbList","@id":"https:\/\/plg-pllc.com\/renton\/car-accident-lawyer\/rideshare\/uber\/#breadcrumb","itemListElement":[{"@type":"ListItem","position":1,"name":"Home","item":"https:\/\/plg-pllc.com\/es\/"},{"@type":"ListItem","position":2,"name":"Renton Personal Injury Lawyer","item":"https:\/\/plg-pllc.com\/es\/renton\/personal-injury-lawyer\/"},{"@type":"ListItem","position":3,"name":"Renton Car Accident Lawyer","item":"https:\/\/plg-pllc.com\/es\/renton\/car-accident-lawyer\/"},{"@type":"ListItem","position":4,"name":"Rideshare Accident","item":"https:\/\/plg-pllc.com\/es\/renton\/car-accident-lawyer\/rideshare\/"},{"@type":"ListItem","position":5,"name":"Uber Accident"}]},{"@type":"WebSite","@id":"https:\/\/plg-pllc.com\/#website","url":"https:\/\/plg-pllc.com\/","name":"Grupo de abogados Premier","description":"Abogado de muerte por negligencia y lesiones graves en Washington","publisher":{"@id":"https:\/\/plg-pllc.com\/#organization"},"inLanguage":"es"},{"@type":"Organization","@id":"https:\/\/plg-pllc.com\/#organization","name":"Grupo de abogados Premier","url":"https:\/\/plg-pllc.com\/","logo":{"@type":"ImageObject","inLanguage":"es","@id":"https:\/\/plg-pllc.com\/#\/schema\/logo\/image\/","url":"https:\/\/plg-pllc.com\/wp-content\/uploads\/2020\/10\/plg-logo-v2.gif","contentUrl":"https:\/\/plg-pllc.com\/wp-content\/uploads\/2020\/10\/plg-logo-v2.gif","width":592,"height":191,"caption":"Premier Law Group"},"image":{"@id":"https:\/\/plg-pllc.com\/#\/schema\/logo\/image\/"},"sameAs":["https:\/\/www.facebook.com\/premierlawgroup","https:\/\/x.com\/premierlawgroup"]}]}},"_links":{"self":[{"href":"https:\/\/plg-pllc.com\/es\/wp-json\/wp\/v2\/pages\/21020","targetHints":{"allow":["GET"]}}],"collection":[{"href":"https:\/\/plg-pllc.com\/es\/wp-json\/wp\/v2\/pages"}],"about":[{"href":"https:\/\/plg-pllc.com\/es\/wp-json\/wp\/v2\/types\/page"}],"author":[{"embeddable":true,"href":"https:\/\/plg-pllc.com\/es\/wp-json\/wp\/v2\/users\/50"}],"replies":[{"embeddable":true,"href":"https:\/\/plg-pllc.com\/es\/wp-json\/wp\/v2\/comments?post=21020"}],"version-history":[{"count":0,"href":"https:\/\/plg-pllc.com\/es\/wp-json\/wp\/v2\/pages\/21020\/revisions"}],"up":[{"embeddable":true,"href":"https:\/\/plg-pllc.com\/es\/wp-json\/wp\/v2\/pages\/19604"}],"wp:attachment":[{"href":"https:\/\/plg-pllc.com\/es\/wp-json\/wp\/v2\/media?parent=21020"}],"wp:term":[{"taxonomy":"hc_faqs","embeddable":true,"href":"https:\/\/plg-pllc.com\/es\/wp-json\/wp\/v2\/hc_faqs?post=21020"}],"curies":[{"name":"gracias","href":"https:\/\/api.w.org\/{rel}","templated":true}]}}