{"id":21021,"date":"2024-12-03T00:31:58","date_gmt":"2024-12-03T08:31:58","guid":{"rendered":"https:\/\/plg-pllc.com\/?page_id=21021"},"modified":"2026-03-24T15:01:32","modified_gmt":"2026-03-24T22:01:32","slug":"bellevue-lyft-accident-lawyer","status":"publish","type":"page","link":"https:\/\/plg-pllc.com\/es\/bellevue\/car-accident-lawyer\/rideshare\/lyft\/","title":{"rendered":"Abogado de accidentes de Lyft en Bellevue"},"content":{"rendered":"<p><span style=\"font-weight: 400;\">Si usted era un pasajero en un Lyft cuando se estrell\u00f3, es posible que se pregunte c\u00f3mo pagar\u00e1 las facturas m\u00e9dicas, los salarios perdidos y otros gastos que ha tenido que afrontar debido a la colisi\u00f3n.<\/span><\/p>\n<p><span style=\"font-weight: 400;\">La buena noticia es que las v\u00edctimas de accidentes como usted tienen derecho a reclamar una indemnizaci\u00f3n despu\u00e9s de un accidente. Dicho esto, necesitar\u00e1 un equipo de profesionales cualificados. <\/span><a href=\"https:\/\/plg-pllc.com\/bellevue\/car-accident-lawyer\/rideshare\/\"><span style=\"font-weight: 400;\">Abogados de accidentes de viajes compartidos en Bellevue<\/span><\/a><span style=\"font-weight: 400;\"> para hacerlo.<\/span><\/p>\n<p><span style=\"font-weight: 400;\">En Premier Law Group, nuestros abogados representan a v\u00edctimas de accidentes de viajes compartidos, accidentes de motocicleta y otros tipos de colisiones. Hemos ganado <\/span><b>M\u00e1s de $100 millones<\/b><span style=\"font-weight: 400;\"> para nuestros clientes y podemos luchar por un acuerdo de alto valor para usted. Nuestros abogados de accidentes de Lyft en Bellevue trabajar\u00e1n incansablemente para obtener la indemnizaci\u00f3n que necesita para recuperarse.\u00a0<\/span><\/p>\n<h2><span style=\"font-weight: 400;\">Compensaci\u00f3n que un abogado de accidentes de Lyft en Bellevue puede conseguir para usted<\/span><\/h2>\n<p><span style=\"font-weight: 400;\">Mientras usted est\u00e1 ocupado asistiendo a citas m\u00e9dicas y obteniendo el descanso que necesita para recuperarse de su lesi\u00f3n, nuestro <\/span><a href=\"https:\/\/plg-pllc.com\/bellevue\/car-accident-lawyer\/\"><span style=\"font-weight: 400;\">Abogados de accidentes de tr\u00e1fico en Bellevue<\/span><\/a><span style=\"font-weight: 400;\"> Nos centraremos en conseguir la compensaci\u00f3n que se le debe. Evaluaremos las p\u00e9rdidas financieras y otros desaf\u00edos que ha asumido debido al accidente y calcularemos la compensaci\u00f3n que deber\u00eda recibir.<\/span><\/p>\n<p><span style=\"font-weight: 400;\">Luego, presentaremos una reclamaci\u00f3n ante el proveedor de seguros de la parte culpable y negociaremos un acuerdo que le ayude a cubrir los gastos m\u00e9dicos y a lidiar con otros problemas causados por el accidente. Seg\u00fan la forma en que este accidente haya afectado su vida, podr\u00eda recibir cualquiera de los siguientes da\u00f1os si la reclamaci\u00f3n es efectiva:<\/span><\/p>\n<ul>\n<li style=\"font-weight: 400;\" aria-level=\"1\"><span style=\"font-weight: 400;\">Gastos m\u00e9dicos<\/span><\/li>\n<li style=\"font-weight: 400;\" aria-level=\"1\"><span style=\"font-weight: 400;\">Costos de fisioterapia<\/span><\/li>\n<li style=\"font-weight: 400;\" aria-level=\"1\"><span style=\"font-weight: 400;\">Facturas de reparaci\u00f3n de veh\u00edculos<\/span><\/li>\n<li style=\"font-weight: 400;\" aria-level=\"1\"><span style=\"font-weight: 400;\">Salarios perdidos\u00a0<\/span><\/li>\n<li style=\"font-weight: 400;\" aria-level=\"1\"><span style=\"font-weight: 400;\">Disminuci\u00f3n de la capacidad de generar ingresos<\/span><\/li>\n<li style=\"font-weight: 400;\" aria-level=\"1\"><span style=\"font-weight: 400;\">Dolor y sufrimiento<\/span><\/li>\n<li style=\"font-weight: 400;\" aria-level=\"1\"><span style=\"font-weight: 400;\">Angustia emocional<\/span><\/li>\n<li style=\"font-weight: 400;\" aria-level=\"1\"><span style=\"font-weight: 400;\">P\u00e9rdida del disfrute de la vida<\/span><\/li>\n<\/ul>\n<h2><span style=\"font-weight: 400;\">Pasos que podemos tomar para ganar su caso de accidente de Lyft<\/span><\/h2>\n<p><span style=\"font-weight: 400;\">En Premier Law Group, tenemos <\/span><b>M\u00e1s de 55 a\u00f1os de experiencia combinada<\/b><span style=\"font-weight: 400;\"> Tramitaci\u00f3n de reclamaciones por accidentes de tr\u00e1fico. Conocemos a fondo el proceso y podemos aprovechar nuestros conocimientos para que su reclamaci\u00f3n sea lo m\u00e1s satisfactoria posible.<\/span><\/p>\n<p><span style=\"font-weight: 400;\">Nuestro <\/span><a href=\"https:\/\/plg-pllc.com\/\"><span style=\"font-weight: 400;\">Abogados de lesiones personales en Bellevue<\/span><\/a><span style=\"font-weight: 400;\"> Podemos encargarnos de todo el proceso de reclamaci\u00f3n para que usted tenga el tiempo que necesita para centrarse en su recuperaci\u00f3n f\u00edsica y su sanaci\u00f3n. Esto es lo que haremos para obtener la indemnizaci\u00f3n que necesita para superar este momento dif\u00edcil:<\/span><\/p>\n<ul>\n<li style=\"font-weight: 400;\" aria-level=\"1\"><span style=\"font-weight: 400;\">Re\u00fana evidencia del accidente y entreviste a testigos presenciales.<\/span><\/li>\n<li style=\"font-weight: 400;\" aria-level=\"1\"><span style=\"font-weight: 400;\">Analizar informes de accidentes, im\u00e1genes del choque y otras pruebas relevantes.<\/span><\/li>\n<li style=\"font-weight: 400;\" aria-level=\"1\"><span style=\"font-weight: 400;\">Prepare un reclamo s\u00f3lido y pres\u00e9ntelo ante la aseguradora del conductor o de la empresa de viajes compartidos.<\/span><\/li>\n<li style=\"font-weight: 400;\" aria-level=\"1\"><span style=\"font-weight: 400;\">Negociar un acuerdo que cubra sus p\u00e9rdidas<\/span><\/li>\n<li style=\"font-weight: 400;\" aria-level=\"1\"><span style=\"font-weight: 400;\">Lleva tu caso a juicio si es necesario<\/span><\/li>\n<\/ul>\n<p><span style=\"font-weight: 400;\">Sin la ayuda legal adecuada, podr\u00eda cometer errores en su reclamo que le costar\u00edan la indemnizaci\u00f3n. En lugar de arriesgar su recuperaci\u00f3n al manejar su reclamo usted mismo, deje su caso en manos de nuestro equipo. Nos encargaremos de su caso de principio a fin, protegiendo sus intereses en cada paso del proceso.\u00a0<\/span><\/p>\n<h2><span style=\"font-weight: 400;\">Plazo de prescripci\u00f3n para demandas por accidentes de Lyft en Bellevue, WA<\/span><\/h2>\n<p><span style=\"font-weight: 400;\">Lo \u00faltimo que quieres hacer despu\u00e9s de un accidente es esperar demasiado para contratar a un abogado y comenzar a trabajar en tu caso. Esto se debe a que el estado de Washington tiene un estatuto de limitaciones que se aplica a todas las demandas por accidentes de Lyft y viajes compartidos. Seg\u00fan <\/span><a href=\"https:\/\/app.leg.wa.gov\/rcw\/default.aspx?cite=4.16.080\/\" target=\"_blank\" rel=\"noopener\"><span style=\"font-weight: 400;\">C\u00f3digo Rev. de Washington \u00a7 4.16.080<\/span><\/a><span style=\"font-weight: 400;\">, tienes t<\/span><b>tres a\u00f1os<\/b><span style=\"font-weight: 400;\"> a partir de la fecha de su accidente para demandar al conductor o a la compa\u00f1\u00eda de viajes compartidos.<\/span><\/p>\n<p><span style=\"font-weight: 400;\">Si no emprende acciones legales a tiempo, es posible que no pueda obtener la compensaci\u00f3n que necesita para volver a encarrilar su vida. Comun\u00edquese hoy mismo con nuestro bufete de abogados especializado en accidentes de Lyft en Bellevue para asegurarse de que todos los documentos importantes se presenten a tiempo. Trabajaremos incansablemente para cumplir con los requisitos de presentaci\u00f3n estatales, lo que le brindar\u00e1 la mejor posibilidad posible de recuperarse por completo.\u00a0<\/span><\/p>\n\n        <div class=\"rs-content-cta long\">\n            <p>Para una consulta legal GRATUITA con un abogado especializado en accidentes de Lyft que preste servicios en Bellevue, llame al <a href=\"tel:+12062851743\">(206) 285-1743 <\/a><\/p>\n            <a href=\"https:\/\/plg-pllc.com\/es\/contact-us\/\" title=\"OBTENGA UNA EVALUACI\u00d3N DE CASO GRATUITA\" class=\"btn-global\">OBTENGA UNA EVALUACI\u00d3N DE CASO GRATUITA<\/a>\n                    <picture>\n                            <source srcset=\"https:\/\/plg-pllc.com\/wp-content\/themes\/plg-pllc-redesign\/assets\/app\/img\/cta-thumb.webp\" type=\"image\/webp\"\/>\n                            <img src=\"https:\/\/plg-pllc.com\/wp-content\/themes\/plg-pllc-redesign\/assets\/app\/img\/cta-thumb.png\" alt=\"Grupo de abogados Premier\" title=\"Grupo de abogados Premier\" width=\"245\" height=\"220\" loading=\"auto\" fetchpriority=\"auto\" decoding=\"async\"\/>\n        <\/picture>\n        \n        <\/div><h2><span style=\"font-weight: 400;\">Sin cargos iniciales ni de bolsillo<\/span><\/h2>\n<p><span style=\"font-weight: 400;\">En <\/span><a href=\"https:\/\/plg-pllc.com\/about-us\/\"><span style=\"font-weight: 400;\">Nuestra firma<\/span><\/a><span style=\"font-weight: 400;\">No queremos que los costosos honorarios legales impidan que las v\u00edctimas de accidentes obtengan la ayuda que necesitan. Por eso, no cobramos honorarios por adelantado ni de bolsillo por nuestra asistencia. En cambio, trabajamos con honorarios contingentes. Eso significa que tomaremos un porcentaje del dinero que reciba de su reclamo o demanda.<\/span><\/p>\n<p><span style=\"font-weight: 400;\">Si no recibe una compensaci\u00f3n, no le cobraremos nada. Nuestros abogados de accidentes de Lyft en Bellevue tambi\u00e9n ofrecen consultas gratuitas y sin compromiso, por lo que no hay motivo para no hablar con un representante legal. Programe una consulta gratuita con nosotros para obtener m\u00e1s informaci\u00f3n sobre nuestra pol\u00edtica de honorarios y sus opciones legales.<\/span><\/p>\n<h2><span style=\"font-weight: 400;\">Programe una consulta gratuita con un abogado experto en accidentes de Lyft<\/span><\/h2>\n<p><span style=\"font-weight: 400;\">Una dolorosa lesi\u00f3n por accidente de Lyft puede costarle miles de d\u00f3lares en gastos m\u00e9dicos, impedirle ir a trabajar y afectar otras \u00e1reas de su vida. Afortunadamente, cuando lo golpean, contraatacamos con m\u00e1s fuerza. Nuestra firma luchar\u00e1 sin descanso para obtener los da\u00f1os y la justicia que usted merece.<\/span><\/p>\n<p><span style=\"font-weight: 400;\">Independientemente de la gravedad de sus lesiones o p\u00e9rdidas econ\u00f3micas, buscaremos los mejores resultados posibles. P\u00f3ngase en contacto con nosotros hoy mismo para programar una consulta gratuita con nuestros abogados especializados en accidentes de Lyft en Bellevue.<\/span><\/p>\n<p><span style=\"font-weight: 400;\">Nos reuniremos con usted para analizar su accidente y ayudarlo a comenzar con su reclamo. Esperamos tener noticias suyas pronto.\u00a0<\/span><\/p>\n\n        <div class=\"rs-content-cta\">\n            <p>Llamar o enviar mensaje de texto <a href=\"tel:+12062851743\">(206) 285-1743<\/a> o complete un formulario de evaluaci\u00f3n de caso gratuito<\/p>\n            <a href=\"https:\/\/plg-pllc.com\/es\/contact-us\/\" title=\"OBTENGA UNA EVALUACI\u00d3N DE CASO GRATUITA\" class=\"btn-global\">OBTENGA UNA EVALUACI\u00d3N DE CASO GRATUITA<\/a>\n                    <picture>\n                            <source srcset=\"https:\/\/plg-pllc.com\/wp-content\/themes\/plg-pllc-redesign\/assets\/app\/img\/cta-thumb.webp\" type=\"image\/webp\"\/>\n                            <img src=\"https:\/\/plg-pllc.com\/wp-content\/themes\/plg-pllc-redesign\/assets\/app\/img\/cta-thumb.png\" alt=\"Grupo de abogados Premier\" title=\"Grupo de abogados Premier\" width=\"245\" height=\"220\" loading=\"auto\" fetchpriority=\"auto\" decoding=\"async\"\/>\n        <\/picture>\n        \n        <\/div>","protected":false},"excerpt":{"rendered":"<p>Si viajaba como pasajero en un Lyft cuando se estrell\u00f3, es posible que se pregunte c\u00f3mo pagar\u00e1 las facturas m\u00e9dicas, los salarios perdidos y otros gastos que ha tenido que afrontar debido a la colisi\u00f3n. La buena noticia es que las v\u00edctimas de accidentes como usted tienen derecho a reclamar una indemnizaci\u00f3n despu\u00e9s de un accidente. Dicho esto, tendr\u00e1 que pagar las facturas m\u00e9dicas, los salarios perdidos y otros gastos que haya tenido que afrontar debido a la colisi\u00f3n.<\/p>","protected":false},"author":50,"featured_media":0,"parent":19311,"menu_order":0,"comment_status":"closed","ping_status":"closed","template":"","meta":{"_acf_changed":false,"_genesis_hide_title":false,"_genesis_hide_breadcrumbs":false,"_genesis_hide_singular_image":false,"_genesis_hide_footer_widgets":false,"_genesis_custom_body_class":"","_genesis_custom_post_class":"","_genesis_layout":"","footnotes":""},"hc_faqs":[],"class_list":{"0":"post-21021","1":"page","2":"type-page","3":"status-publish","5":"hc_city_location-bellevue","6":"entry"},"acf":[],"yoast_head":"<!-- This site is optimized with the Yoast SEO plugin v27.4 - https:\/\/yoast.com\/product\/yoast-seo-wordpress\/ -->\n<title>Lyft Accident Lawyer in Bellevue | Free Consultation<\/title>\n<meta name=\"description\" content=\"A Bellevue Lyft accident lawyer can file a claim on your behalf and fight for the compensation you need to cover your losses.\" \/>\n<meta name=\"robots\" content=\"index, follow, max-snippet:-1, max-image-preview:large, max-video-preview:-1\" \/>\n<link rel=\"canonical\" href=\"https:\/\/plg-pllc.com\/es\/bellevue\/car-accident-lawyer\/rideshare\/lyft\/\" \/>\n<meta property=\"og:locale\" content=\"es_MX\" \/>\n<meta property=\"og:type\" content=\"article\" \/>\n<meta property=\"og:title\" content=\"Lyft Accident Lawyer in Bellevue | Free Consultation\" \/>\n<meta property=\"og:description\" content=\"A Bellevue Lyft accident lawyer can file a claim on your behalf and fight for the compensation you need to cover your losses.\" \/>\n<meta property=\"og:url\" content=\"https:\/\/plg-pllc.com\/es\/bellevue\/car-accident-lawyer\/rideshare\/lyft\/\" \/>\n<meta property=\"og:site_name\" content=\"Premier Law Group\" \/>\n<meta property=\"article:publisher\" content=\"https:\/\/www.facebook.com\/premierlawgroup\" \/>\n<meta property=\"article:modified_time\" content=\"2026-03-24T22:01:32+00:00\" \/>\n<meta name=\"twitter:card\" content=\"summary_large_image\" \/>\n<meta name=\"twitter:site\" content=\"@premierlawgroup\" \/>\n<meta name=\"twitter:label1\" content=\"Tiempo de lectura\" \/>\n\t<meta name=\"twitter:data1\" content=\"4 minutos\" \/>\n<script type=\"application\/ld+json\" class=\"yoast-schema-graph\">{\"@context\":\"https:\\\/\\\/schema.org\",\"@graph\":[{\"@type\":\"WebPage\",\"@id\":\"https:\\\/\\\/plg-pllc.com\\\/bellevue\\\/car-accident-lawyer\\\/rideshare\\\/lyft\\\/\",\"url\":\"https:\\\/\\\/plg-pllc.com\\\/bellevue\\\/car-accident-lawyer\\\/rideshare\\\/lyft\\\/\",\"name\":\"Lyft Accident Lawyer in Bellevue | Free Consultation\",\"isPartOf\":{\"@id\":\"https:\\\/\\\/plg-pllc.com\\\/#website\"},\"datePublished\":\"2024-12-03T08:31:58+00:00\",\"dateModified\":\"2026-03-24T22:01:32+00:00\",\"description\":\"A Bellevue Lyft accident lawyer can file a claim on your behalf and fight for the compensation you need to cover your losses.\",\"breadcrumb\":{\"@id\":\"https:\\\/\\\/plg-pllc.com\\\/bellevue\\\/car-accident-lawyer\\\/rideshare\\\/lyft\\\/#breadcrumb\"},\"inLanguage\":\"es\",\"potentialAction\":[{\"@type\":\"ReadAction\",\"target\":[\"https:\\\/\\\/plg-pllc.com\\\/bellevue\\\/car-accident-lawyer\\\/rideshare\\\/lyft\\\/\"]}]},{\"@type\":\"BreadcrumbList\",\"@id\":\"https:\\\/\\\/plg-pllc.com\\\/bellevue\\\/car-accident-lawyer\\\/rideshare\\\/lyft\\\/#breadcrumb\",\"itemListElement\":[{\"@type\":\"ListItem\",\"position\":1,\"name\":\"Home\",\"item\":\"https:\\\/\\\/plg-pllc.com\\\/es\\\/\"},{\"@type\":\"ListItem\",\"position\":2,\"name\":\"Bellevue Personal Injury Lawyer\",\"item\":\"https:\\\/\\\/plg-pllc.com\\\/es\\\/\"},{\"@type\":\"ListItem\",\"position\":3,\"name\":\"Bellevue Car Accident Lawyer\",\"item\":\"https:\\\/\\\/plg-pllc.com\\\/es\\\/bellevue\\\/car-accident-lawyer\\\/\"},{\"@type\":\"ListItem\",\"position\":4,\"name\":\"Rideshare Accident\",\"item\":\"https:\\\/\\\/plg-pllc.com\\\/es\\\/bellevue\\\/car-accident-lawyer\\\/rideshare\\\/\"},{\"@type\":\"ListItem\",\"position\":5,\"name\":\"Lyft Accident\"}]},{\"@type\":\"WebSite\",\"@id\":\"https:\\\/\\\/plg-pllc.com\\\/#website\",\"url\":\"https:\\\/\\\/plg-pllc.com\\\/\",\"name\":\"Premier Law Group\",\"description\":\"Washington Wrongful Death and Serious Injury Lawyer\",\"publisher\":{\"@id\":\"https:\\\/\\\/plg-pllc.com\\\/#organization\"},\"inLanguage\":\"es\"},{\"@type\":\"Organization\",\"@id\":\"https:\\\/\\\/plg-pllc.com\\\/#organization\",\"name\":\"Premier Law Group\",\"url\":\"https:\\\/\\\/plg-pllc.com\\\/\",\"logo\":{\"@type\":\"ImageObject\",\"inLanguage\":\"es\",\"@id\":\"https:\\\/\\\/plg-pllc.com\\\/#\\\/schema\\\/logo\\\/image\\\/\",\"url\":\"https:\\\/\\\/plg-pllc.com\\\/wp-content\\\/uploads\\\/2020\\\/10\\\/plg-logo-v2.gif\",\"contentUrl\":\"https:\\\/\\\/plg-pllc.com\\\/wp-content\\\/uploads\\\/2020\\\/10\\\/plg-logo-v2.gif\",\"width\":592,\"height\":191,\"caption\":\"Premier Law Group\"},\"image\":{\"@id\":\"https:\\\/\\\/plg-pllc.com\\\/#\\\/schema\\\/logo\\\/image\\\/\"},\"sameAs\":[\"https:\\\/\\\/www.facebook.com\\\/premierlawgroup\",\"https:\\\/\\\/x.com\\\/premierlawgroup\"]}]}<\/script>\n<!-- \/ Yoast SEO plugin. -->","yoast_head_json":{"title":"Abogado de accidentes de Lyft en Bellevue | Consulta gratuita","description":"Un abogado especializado en accidentes de Lyft en Bellevue puede presentar un reclamo en su nombre y luchar por la compensaci\u00f3n que necesita para cubrir sus p\u00e9rdidas.","robots":{"index":"index","follow":"follow","max-snippet":"max-snippet:-1","max-image-preview":"max-image-preview:large","max-video-preview":"max-video-preview:-1"},"canonical":"https:\/\/plg-pllc.com\/es\/bellevue\/car-accident-lawyer\/rideshare\/lyft\/","og_locale":"es_MX","og_type":"article","og_title":"Lyft Accident Lawyer in Bellevue | Free Consultation","og_description":"A Bellevue Lyft accident lawyer can file a claim on your behalf and fight for the compensation you need to cover your losses.","og_url":"https:\/\/plg-pllc.com\/es\/bellevue\/car-accident-lawyer\/rideshare\/lyft\/","og_site_name":"Premier Law Group","article_publisher":"https:\/\/www.facebook.com\/premierlawgroup","article_modified_time":"2026-03-24T22:01:32+00:00","twitter_card":"summary_large_image","twitter_site":"@premierlawgroup","twitter_misc":{"Tiempo de lectura":"4 minutos"},"schema":{"@context":"https:\/\/schema.org","@graph":[{"@type":"WebPage","@id":"https:\/\/plg-pllc.com\/bellevue\/car-accident-lawyer\/rideshare\/lyft\/","url":"https:\/\/plg-pllc.com\/bellevue\/car-accident-lawyer\/rideshare\/lyft\/","name":"Abogado de accidentes de Lyft en Bellevue | Consulta gratuita","isPartOf":{"@id":"https:\/\/plg-pllc.com\/#website"},"datePublished":"2024-12-03T08:31:58+00:00","dateModified":"2026-03-24T22:01:32+00:00","description":"Un abogado especializado en accidentes de Lyft en Bellevue puede presentar un reclamo en su nombre y luchar por la compensaci\u00f3n que necesita para cubrir sus p\u00e9rdidas.","breadcrumb":{"@id":"https:\/\/plg-pllc.com\/bellevue\/car-accident-lawyer\/rideshare\/lyft\/#breadcrumb"},"inLanguage":"es","potentialAction":[{"@type":"ReadAction","target":["https:\/\/plg-pllc.com\/bellevue\/car-accident-lawyer\/rideshare\/lyft\/"]}]},{"@type":"BreadcrumbList","@id":"https:\/\/plg-pllc.com\/bellevue\/car-accident-lawyer\/rideshare\/lyft\/#breadcrumb","itemListElement":[{"@type":"ListItem","position":1,"name":"Home","item":"https:\/\/plg-pllc.com\/es\/"},{"@type":"ListItem","position":2,"name":"Bellevue Personal Injury Lawyer","item":"https:\/\/plg-pllc.com\/es\/"},{"@type":"ListItem","position":3,"name":"Bellevue Car Accident Lawyer","item":"https:\/\/plg-pllc.com\/es\/bellevue\/car-accident-lawyer\/"},{"@type":"ListItem","position":4,"name":"Rideshare Accident","item":"https:\/\/plg-pllc.com\/es\/bellevue\/car-accident-lawyer\/rideshare\/"},{"@type":"ListItem","position":5,"name":"Lyft Accident"}]},{"@type":"WebSite","@id":"https:\/\/plg-pllc.com\/#website","url":"https:\/\/plg-pllc.com\/","name":"Grupo de abogados Premier","description":"Abogado de muerte por negligencia y lesiones graves en Washington","publisher":{"@id":"https:\/\/plg-pllc.com\/#organization"},"inLanguage":"es"},{"@type":"Organization","@id":"https:\/\/plg-pllc.com\/#organization","name":"Grupo de abogados Premier","url":"https:\/\/plg-pllc.com\/","logo":{"@type":"ImageObject","inLanguage":"es","@id":"https:\/\/plg-pllc.com\/#\/schema\/logo\/image\/","url":"https:\/\/plg-pllc.com\/wp-content\/uploads\/2020\/10\/plg-logo-v2.gif","contentUrl":"https:\/\/plg-pllc.com\/wp-content\/uploads\/2020\/10\/plg-logo-v2.gif","width":592,"height":191,"caption":"Premier Law Group"},"image":{"@id":"https:\/\/plg-pllc.com\/#\/schema\/logo\/image\/"},"sameAs":["https:\/\/www.facebook.com\/premierlawgroup","https:\/\/x.com\/premierlawgroup"]}]}},"_links":{"self":[{"href":"https:\/\/plg-pllc.com\/es\/wp-json\/wp\/v2\/pages\/21021","targetHints":{"allow":["GET"]}}],"collection":[{"href":"https:\/\/plg-pllc.com\/es\/wp-json\/wp\/v2\/pages"}],"about":[{"href":"https:\/\/plg-pllc.com\/es\/wp-json\/wp\/v2\/types\/page"}],"author":[{"embeddable":true,"href":"https:\/\/plg-pllc.com\/es\/wp-json\/wp\/v2\/users\/50"}],"replies":[{"embeddable":true,"href":"https:\/\/plg-pllc.com\/es\/wp-json\/wp\/v2\/comments?post=21021"}],"version-history":[{"count":0,"href":"https:\/\/plg-pllc.com\/es\/wp-json\/wp\/v2\/pages\/21021\/revisions"}],"up":[{"embeddable":true,"href":"https:\/\/plg-pllc.com\/es\/wp-json\/wp\/v2\/pages\/19311"}],"wp:attachment":[{"href":"https:\/\/plg-pllc.com\/es\/wp-json\/wp\/v2\/media?parent=21021"}],"wp:term":[{"taxonomy":"hc_faqs","embeddable":true,"href":"https:\/\/plg-pllc.com\/es\/wp-json\/wp\/v2\/hc_faqs?post=21021"}],"curies":[{"name":"gracias","href":"https:\/\/api.w.org\/{rel}","templated":true}]}}