{"id":21058,"date":"2025-01-09T11:37:24","date_gmt":"2025-01-09T19:37:24","guid":{"rendered":"https:\/\/plg-pllc.com\/?page_id=21058"},"modified":"2025-01-09T11:37:35","modified_gmt":"2025-01-09T19:37:35","slug":"renton-burn-injury-lawyer","status":"publish","type":"page","link":"https:\/\/plg-pllc.com\/es\/renton\/burn-injury-lawyer\/","title":{"rendered":"Abogado de lesiones por quemaduras en Renton"},"content":{"rendered":"<p><span style=\"font-weight: 400;\">Sufre una quemadura grave debido a las acciones de otra persona. En este caso, busque atenci\u00f3n m\u00e9dica de inmediato. A los pocos d\u00edas de sufrir la lesi\u00f3n, re\u00fanase con un abogado especializado en lesiones por quemaduras de Renton para analizar sus opciones legales.\u00a0<\/span><\/p>\n<p><span style=\"font-weight: 400;\">Premier Law Group ha ayudado a los demandantes en casos de lesiones personales <\/span><b>recuperarse sobre <\/b>$<b>100 millones en da\u00f1os compensatorios<\/b><span style=\"font-weight: 400;\">Deja un <\/span><a href=\"https:\/\/plg-pllc.com\/renton\/personal-injury-lawyer\/\"><span style=\"font-weight: 400;\">abogado de lesiones personales en Renton<\/span><\/a><span style=\"font-weight: 400;\"> Nuestro equipo te ayudar\u00e1. Programa una consulta con nosotros.\u00a0<\/span><\/p>\n<h2><span style=\"font-weight: 400;\">Qu\u00e9 hacer si sufre una quemadura<\/span><\/h2>\n<p><span style=\"font-weight: 400;\">Llame al 911 si sufre una quemadura grave, ya que la lesi\u00f3n podr\u00eda agravarse r\u00e1pidamente. Reciba atenci\u00f3n m\u00e9dica y tome fotograf\u00edas y videos de su lesi\u00f3n. Tambi\u00e9n debe comunicarse con cualquier testigo que lo haya visto lesionado, ya que estas personas podr\u00edan testificar a su favor si demanda a la parte culpable.\u00a0<\/span><\/p>\n<p><span style=\"font-weight: 400;\">Es posible que crea que es el \u00fanico responsable de su lesi\u00f3n y de todas las p\u00e9rdidas asociadas. Sin embargo, es posible que una persona o una empresa hayan hecho algo para provocar su lesi\u00f3n. Por ello, es importante que analice su caso con un abogado especializado en lesiones por quemaduras de Renton para determinar si tiene motivos para presentar una demanda contra alguna de las partes responsables.\u00a0<\/span><\/p>\n<p><span style=\"font-weight: 400;\">El equipo de Premier Law Group tiene <\/span><b>M\u00e1s de 55 a\u00f1os de experiencia legal combinada<\/b><span style=\"font-weight: 400;\">Ofrecemos una <\/span><a href=\"https:\/\/plg-pllc.com\/washington-accident-claim-calculator\/\"><span style=\"font-weight: 400;\">Calculadora de reclamaciones por accidentes en Washington<\/span><\/a><span style=\"font-weight: 400;\"> y otras herramientas y recursos para ayudarlo a decidir si reclamar\u00e1 da\u00f1os y perjuicios a cualquier persona que haya contribuido a su lesi\u00f3n por quemadura. Solicite una consulta de caso con nuestro equipo.\u00a0<\/span><\/p>\n<h2><span style=\"font-weight: 400;\">Tipos de representaci\u00f3n legal disponibles para una demanda por quemaduras en Renton<\/span><\/h2>\n<p><span style=\"font-weight: 400;\">Si te est\u00e1s preguntando si <\/span><a href=\"https:\/\/plg-pllc.com\/blog\/do-i-have-a-personal-injury-case\/\"><span style=\"font-weight: 400;\">Tienes un caso de lesiones personales<\/span><\/a><span style=\"font-weight: 400;\">Consulte con un abogado que tenga experiencia en casos relevantes. Un abogado especializado en lesiones por quemaduras en Renton representa a los demandantes en una amplia variedad de casos. Los abogados que podr\u00edan ayudarlo con su caso incluyen:<\/span><\/p>\n<ul>\n<li><a href=\"https:\/\/plg-pllc.com\/renton\/car-accident-lawyer\/\"><b>Abogados de accidentes de tr\u00e1fico en Renton<\/b><\/a>: <span style=\"font-weight: 400;\">Un conductor negligente choca su veh\u00edculo contra el suyo y usted sufre quemaduras y otras lesiones. Trabaje con un abogado especializado en accidentes automovil\u00edsticos que pueda ayudarlo a obtener una indemnizaci\u00f3n por da\u00f1os y perjuicios del conductor culpable.\u00a0<\/span><\/li>\n<li><a href=\"https:\/\/plg-pllc.com\/renton\/motorcycle-accident-lawyer\/\"><b>Abogados de accidentes de motocicleta en Renton<\/b><\/a>: <span style=\"font-weight: 400;\">Usted conduce su motocicleta de manera segura, pero un conductor decide ignorar las reglas de tr\u00e1nsito y provoca un accidente que le deja con quemaduras. Despu\u00e9s de la colisi\u00f3n, obtenga ayuda de un abogado especializado en accidentes de motocicleta que le dar\u00e1 a su caso la atenci\u00f3n que merece.\u00a0<\/span><\/li>\n<li><a href=\"https:\/\/plg-pllc.com\/renton\/truck-accident-lawyer\/\"><b>Abogados de accidentes de camiones en Renton<\/b><\/a>: <span style=\"font-weight: 400;\">Es responsabilidad del conductor de un cami\u00f3n y de su empleador cumplir con las normas federales y estatales. Si un camionero infringe alguna de estas normas y es responsable de un accidente en el que usted sufre quemaduras y otras lesiones, trabaje con un abogado especializado en accidentes de camiones que pueda ayudarlo a responsabilizar a esta persona o a su empleador.\u00a0<\/span><\/li>\n<li><a href=\"https:\/\/plg-pllc.com\/renton\/construction-accident-lawyer\/\"><b>Abogados de accidentes de construcci\u00f3n en Renton<\/b><\/a>: <span style=\"font-weight: 400;\">Las quemaduras pueden ocurrir en las obras de construcci\u00f3n. Si trabaja en una de estas obras y sufre estas lesiones o lesiones similares, un abogado especializado en accidentes de construcci\u00f3n puede explicarle c\u00f3mo puede solicitar una compensaci\u00f3n por sus p\u00e9rdidas.\u00a0<\/span><\/li>\n<li><a href=\"https:\/\/plg-pllc.com\/renton\/wrongful-death-lawyer\/\"><b>Abogados de muerte por negligencia en Renton<\/b><\/a>: <span style=\"font-weight: 400;\">Lamentablemente, una lesi\u00f3n por quemadura puede ser fatal. Si un miembro de su familia muere como resultado de una quemadura provocada por otra persona, un abogado especializado en muerte por negligencia podr\u00eda ayudarlo a solicitar una indemnizaci\u00f3n por da\u00f1os y perjuicios mediante una demanda. <\/span><b>\u00a0\u00a0<\/b><\/li>\n<\/ul>\n<p><span style=\"font-weight: 400;\">La persona que contrate como su representante legal puede marcar una gran diferencia en su demanda por lesiones personales. Lo ideal es que su abogado especializado en lesiones por quemaduras en Renton le asigne tiempo y recursos importantes a su caso.<\/span><\/p>\n<p><span style=\"font-weight: 400;\">Examinar\u00e1n los hechos de su caso, determinar\u00e1n la viabilidad de una demanda y se asegurar\u00e1n de que su reclamo se presente de acuerdo con las <\/span><a href=\"https:\/\/app.leg.wa.gov\/rcw\/\" target=\"_blank\" rel=\"noopener\"><span style=\"font-weight: 400;\">C\u00f3digo Revisado de Washington (RCW)<\/span><\/a><span style=\"font-weight: 400;\">.\u00a0<\/span><\/p>\n<h2><span style=\"font-weight: 400;\">\u00bfCu\u00e1nto tiempo tienes para presentar una demanda por quemaduras?<\/span><\/h2>\n<p><span style=\"font-weight: 400;\">El C\u00f3digo Revisado de Washington define cu\u00e1nto tiempo tiene para presentar su demanda. Seg\u00fan RCW 4.16.080, el plazo de prescripci\u00f3n es<\/span><b> tres a\u00f1os<\/b><span style=\"font-weight: 400;\">Una vez que se cierre este per\u00edodo, usted no ser\u00e1 elegible para solicitar da\u00f1os y perjuicios a ninguna persona responsable de su lesi\u00f3n por quemadura.\u00a0<\/span><\/p>\n<p><span style=\"font-weight: 400;\">Un abogado especializado en lesiones personales de Renton puede ayudarlo a presentar su demanda antes de que transcurra el plazo permitido para hacerlo. Recopilar\u00e1 pruebas para respaldar su caso. Su conjunto de pruebas podr\u00eda incluir registros m\u00e9dicos, declaraciones de testigos y fotograf\u00edas y videos de la escena del accidente.\u00a0<\/span><\/p>\n<p><span style=\"font-weight: 400;\">El acusado en su caso podr\u00eda tener dudas sobre sus pruebas hasta el punto de ofrecerle un acuerdo justo. Si el acusado propone un acuerdo, puede hablarlo con su abogado. Usted tiene la \u00faltima palabra sobre qu\u00e9 hacer con una oferta y, si la rechaza, su abogado seguir\u00e1 ayud\u00e1ndolo a reclamar la m\u00e1xima indemnizaci\u00f3n por da\u00f1os y perjuicios.\u00a0<\/span><\/p>\n\n        <div class=\"rs-content-cta long\">\n            <p>Para una consulta legal GRATUITA con un abogado especializado en lesiones por quemaduras que preste servicios en Renton, llame al <a href=\"tel:+12062851743\">(206) 285-1743 <\/a><\/p>\n            <a href=\"https:\/\/plg-pllc.com\/es\/contact-us\/\" title=\"OBTENGA UNA EVALUACI\u00d3N DE CASO GRATUITA\" class=\"btn-global\">OBTENGA UNA EVALUACI\u00d3N DE CASO GRATUITA<\/a>\n                    <picture>\n                            <source srcset=\"https:\/\/plg-pllc.com\/wp-content\/themes\/plg-pllc-redesign\/assets\/app\/img\/cta-thumb.webp\" type=\"image\/webp\"\/>\n                            <img src=\"https:\/\/plg-pllc.com\/wp-content\/themes\/plg-pllc-redesign\/assets\/app\/img\/cta-thumb.png\" alt=\"Grupo de abogados Premier\" title=\"Grupo de abogados Premier\" width=\"245\" height=\"220\" loading=\"auto\" fetchpriority=\"auto\" decoding=\"async\"\/>\n        <\/picture>\n        \n        <\/div><h2><span style=\"font-weight: 400;\">Nuestros abogados especializados en lesiones por quemaduras en Renton brindan servicios y asistencia legal de m\u00e1xima calidad<\/span><\/h2>\n<p><span style=\"font-weight: 400;\">El proceso legal puede ser dif\u00edcil, en particular para quienes buscan una indemnizaci\u00f3n por da\u00f1os y perjuicios en demandas por quemaduras. Puede creer que tiene un caso s\u00f3lido, pero el acusado podr\u00eda hacer todo lo que est\u00e9 a su alcance para refutar su argumento. Afortunadamente, un abogado especializado en lesiones por quemaduras sabe c\u00f3mo funciona el sistema legal y utilizar\u00e1 su conocimiento para ayudarlo en todo lo que pueda.\u00a0<\/span><\/p>\n<p><span style=\"font-weight: 400;\">Premier Law Group se encargar\u00e1 de <\/span><b>Manejar sus asuntos legales para que usted pueda concentrarse en recuperarse de su lesi\u00f3n por quemadura.<\/b><span style=\"font-weight: 400;\">Estamos aqu\u00ed para ayudarle con su caso de lesiones personales. P\u00f3ngase en contacto con nosotros hoy mismo para obtener m\u00e1s informaci\u00f3n.\u00a0<\/span><\/p>\n\n        <div class=\"rs-content-cta\">\n            <p>Llamar o enviar mensaje de texto <a href=\"tel:+12062851743\">(206) 285-1743<\/a> o complete un formulario de evaluaci\u00f3n de caso gratuito<\/p>\n            <a href=\"https:\/\/plg-pllc.com\/es\/contact-us\/\" title=\"OBTENGA UNA EVALUACI\u00d3N DE CASO GRATUITA\" class=\"btn-global\">OBTENGA UNA EVALUACI\u00d3N DE CASO GRATUITA<\/a>\n                    <picture>\n                            <source srcset=\"https:\/\/plg-pllc.com\/wp-content\/themes\/plg-pllc-redesign\/assets\/app\/img\/cta-thumb.webp\" type=\"image\/webp\"\/>\n                            <img src=\"https:\/\/plg-pllc.com\/wp-content\/themes\/plg-pllc-redesign\/assets\/app\/img\/cta-thumb.png\" alt=\"Grupo de abogados Premier\" title=\"Grupo de abogados Premier\" width=\"245\" height=\"220\" loading=\"auto\" fetchpriority=\"auto\" decoding=\"async\"\/>\n        <\/picture>\n        \n        <\/div>","protected":false},"excerpt":{"rendered":"<p>Sufre una quemadura grave debido a las acciones de otra persona. En este escenario, busque atenci\u00f3n m\u00e9dica de inmediato. A los pocos d\u00edas de sufrir la lesi\u00f3n, re\u00fanase con un abogado especializado en lesiones por quemaduras de Renton para revisar sus opciones legales. Premier Law Group ha ayudado a los demandantes en casos de lesiones personales a recuperar m\u00e1s de 100 millones de d\u00f3lares en da\u00f1os compensatorios. Deje que un abogado \u2026<\/p>","protected":false},"author":42,"featured_media":0,"parent":15618,"menu_order":0,"comment_status":"closed","ping_status":"closed","template":"","meta":{"_acf_changed":false,"_genesis_hide_title":false,"_genesis_hide_breadcrumbs":false,"_genesis_hide_singular_image":false,"_genesis_hide_footer_widgets":false,"_genesis_custom_body_class":"","_genesis_custom_post_class":"","_genesis_layout":"","footnotes":""},"hc_faqs":[],"class_list":{"0":"post-21058","1":"page","2":"type-page","3":"status-publish","5":"hc_city_location-renton","6":"entry"},"acf":[],"yoast_head":"<!-- This site is optimized with the Yoast SEO plugin v27.4 - https:\/\/yoast.com\/product\/yoast-seo-wordpress\/ -->\n<title>Burn Injury Lawyer in Renton | Contact Us Today<\/title>\n<meta name=\"description\" content=\"Trust a Renton burn injury lawyer from Premier Law Group to assist you with your case. Schedule a consultation with our legal team.\" \/>\n<meta name=\"robots\" content=\"index, follow, max-snippet:-1, max-image-preview:large, max-video-preview:-1\" \/>\n<link rel=\"canonical\" href=\"https:\/\/plg-pllc.com\/es\/renton\/burn-injury-lawyer\/\" \/>\n<meta property=\"og:locale\" content=\"es_MX\" \/>\n<meta property=\"og:type\" content=\"article\" \/>\n<meta property=\"og:title\" content=\"Burn Injury Lawyer in Renton | Contact Us Today\" \/>\n<meta property=\"og:description\" content=\"Trust a Renton burn injury lawyer from Premier Law Group to assist you with your case. Schedule a consultation with our legal team.\" \/>\n<meta property=\"og:url\" content=\"https:\/\/plg-pllc.com\/es\/renton\/burn-injury-lawyer\/\" \/>\n<meta property=\"og:site_name\" content=\"Premier Law Group\" \/>\n<meta property=\"article:publisher\" content=\"https:\/\/www.facebook.com\/premierlawgroup\" \/>\n<meta property=\"article:modified_time\" content=\"2025-01-09T19:37:35+00:00\" \/>\n<meta name=\"twitter:card\" content=\"summary_large_image\" \/>\n<meta name=\"twitter:site\" content=\"@premierlawgroup\" \/>\n<meta name=\"twitter:label1\" content=\"Tiempo de lectura\" \/>\n\t<meta name=\"twitter:data1\" content=\"4 minutos\" \/>\n<script type=\"application\/ld+json\" class=\"yoast-schema-graph\">{\"@context\":\"https:\\\/\\\/schema.org\",\"@graph\":[{\"@type\":\"WebPage\",\"@id\":\"https:\\\/\\\/plg-pllc.com\\\/renton\\\/burn-injury-lawyer\\\/\",\"url\":\"https:\\\/\\\/plg-pllc.com\\\/renton\\\/burn-injury-lawyer\\\/\",\"name\":\"Burn Injury Lawyer in Renton | Contact Us Today\",\"isPartOf\":{\"@id\":\"https:\\\/\\\/plg-pllc.com\\\/#website\"},\"datePublished\":\"2025-01-09T19:37:24+00:00\",\"dateModified\":\"2025-01-09T19:37:35+00:00\",\"description\":\"Trust a Renton burn injury lawyer from Premier Law Group to assist you with your case. Schedule a consultation with our legal team.\",\"breadcrumb\":{\"@id\":\"https:\\\/\\\/plg-pllc.com\\\/renton\\\/burn-injury-lawyer\\\/#breadcrumb\"},\"inLanguage\":\"es\",\"potentialAction\":[{\"@type\":\"ReadAction\",\"target\":[\"https:\\\/\\\/plg-pllc.com\\\/renton\\\/burn-injury-lawyer\\\/\"]}]},{\"@type\":\"BreadcrumbList\",\"@id\":\"https:\\\/\\\/plg-pllc.com\\\/renton\\\/burn-injury-lawyer\\\/#breadcrumb\",\"itemListElement\":[{\"@type\":\"ListItem\",\"position\":1,\"name\":\"Home\",\"item\":\"https:\\\/\\\/plg-pllc.com\\\/es\\\/\"},{\"@type\":\"ListItem\",\"position\":2,\"name\":\"Renton Personal Injury Lawyer\",\"item\":\"https:\\\/\\\/plg-pllc.com\\\/es\\\/renton\\\/personal-injury-lawyer\\\/\"},{\"@type\":\"ListItem\",\"position\":3,\"name\":\"Renton Burn Injury Lawyer\"}]},{\"@type\":\"WebSite\",\"@id\":\"https:\\\/\\\/plg-pllc.com\\\/#website\",\"url\":\"https:\\\/\\\/plg-pllc.com\\\/\",\"name\":\"Premier Law Group\",\"description\":\"Washington Wrongful Death and Serious Injury Lawyer\",\"publisher\":{\"@id\":\"https:\\\/\\\/plg-pllc.com\\\/#organization\"},\"inLanguage\":\"es\"},{\"@type\":\"Organization\",\"@id\":\"https:\\\/\\\/plg-pllc.com\\\/#organization\",\"name\":\"Premier Law Group\",\"url\":\"https:\\\/\\\/plg-pllc.com\\\/\",\"logo\":{\"@type\":\"ImageObject\",\"inLanguage\":\"es\",\"@id\":\"https:\\\/\\\/plg-pllc.com\\\/#\\\/schema\\\/logo\\\/image\\\/\",\"url\":\"https:\\\/\\\/plg-pllc.com\\\/wp-content\\\/uploads\\\/2020\\\/10\\\/plg-logo-v2.gif\",\"contentUrl\":\"https:\\\/\\\/plg-pllc.com\\\/wp-content\\\/uploads\\\/2020\\\/10\\\/plg-logo-v2.gif\",\"width\":592,\"height\":191,\"caption\":\"Premier Law Group\"},\"image\":{\"@id\":\"https:\\\/\\\/plg-pllc.com\\\/#\\\/schema\\\/logo\\\/image\\\/\"},\"sameAs\":[\"https:\\\/\\\/www.facebook.com\\\/premierlawgroup\",\"https:\\\/\\\/x.com\\\/premierlawgroup\"]}]}<\/script>\n<!-- \/ Yoast SEO plugin. -->","yoast_head_json":{"title":"Abogado de lesiones por quemaduras en Renton | Cont\u00e1ctenos hoy","description":"Conf\u00ede en un abogado especializado en quemaduras de Renton de Premier Law Group para que lo ayude con su caso. Programe una consulta con nuestro equipo legal.","robots":{"index":"index","follow":"follow","max-snippet":"max-snippet:-1","max-image-preview":"max-image-preview:large","max-video-preview":"max-video-preview:-1"},"canonical":"https:\/\/plg-pllc.com\/es\/renton\/burn-injury-lawyer\/","og_locale":"es_MX","og_type":"article","og_title":"Burn Injury Lawyer in Renton | Contact Us Today","og_description":"Trust a Renton burn injury lawyer from Premier Law Group to assist you with your case. Schedule a consultation with our legal team.","og_url":"https:\/\/plg-pllc.com\/es\/renton\/burn-injury-lawyer\/","og_site_name":"Premier Law Group","article_publisher":"https:\/\/www.facebook.com\/premierlawgroup","article_modified_time":"2025-01-09T19:37:35+00:00","twitter_card":"summary_large_image","twitter_site":"@premierlawgroup","twitter_misc":{"Tiempo de lectura":"4 minutos"},"schema":{"@context":"https:\/\/schema.org","@graph":[{"@type":"WebPage","@id":"https:\/\/plg-pllc.com\/renton\/burn-injury-lawyer\/","url":"https:\/\/plg-pllc.com\/renton\/burn-injury-lawyer\/","name":"Abogado de lesiones por quemaduras en Renton | Cont\u00e1ctenos hoy","isPartOf":{"@id":"https:\/\/plg-pllc.com\/#website"},"datePublished":"2025-01-09T19:37:24+00:00","dateModified":"2025-01-09T19:37:35+00:00","description":"Conf\u00ede en un abogado especializado en quemaduras de Renton de Premier Law Group para que lo ayude con su caso. Programe una consulta con nuestro equipo legal.","breadcrumb":{"@id":"https:\/\/plg-pllc.com\/renton\/burn-injury-lawyer\/#breadcrumb"},"inLanguage":"es","potentialAction":[{"@type":"ReadAction","target":["https:\/\/plg-pllc.com\/renton\/burn-injury-lawyer\/"]}]},{"@type":"BreadcrumbList","@id":"https:\/\/plg-pllc.com\/renton\/burn-injury-lawyer\/#breadcrumb","itemListElement":[{"@type":"ListItem","position":1,"name":"Home","item":"https:\/\/plg-pllc.com\/es\/"},{"@type":"ListItem","position":2,"name":"Renton Personal Injury Lawyer","item":"https:\/\/plg-pllc.com\/es\/renton\/personal-injury-lawyer\/"},{"@type":"ListItem","position":3,"name":"Renton Burn Injury Lawyer"}]},{"@type":"WebSite","@id":"https:\/\/plg-pllc.com\/#website","url":"https:\/\/plg-pllc.com\/","name":"Grupo de abogados Premier","description":"Abogado de muerte por negligencia y lesiones graves en Washington","publisher":{"@id":"https:\/\/plg-pllc.com\/#organization"},"inLanguage":"es"},{"@type":"Organization","@id":"https:\/\/plg-pllc.com\/#organization","name":"Grupo de abogados Premier","url":"https:\/\/plg-pllc.com\/","logo":{"@type":"ImageObject","inLanguage":"es","@id":"https:\/\/plg-pllc.com\/#\/schema\/logo\/image\/","url":"https:\/\/plg-pllc.com\/wp-content\/uploads\/2020\/10\/plg-logo-v2.gif","contentUrl":"https:\/\/plg-pllc.com\/wp-content\/uploads\/2020\/10\/plg-logo-v2.gif","width":592,"height":191,"caption":"Premier Law Group"},"image":{"@id":"https:\/\/plg-pllc.com\/#\/schema\/logo\/image\/"},"sameAs":["https:\/\/www.facebook.com\/premierlawgroup","https:\/\/x.com\/premierlawgroup"]}]}},"_links":{"self":[{"href":"https:\/\/plg-pllc.com\/es\/wp-json\/wp\/v2\/pages\/21058","targetHints":{"allow":["GET"]}}],"collection":[{"href":"https:\/\/plg-pllc.com\/es\/wp-json\/wp\/v2\/pages"}],"about":[{"href":"https:\/\/plg-pllc.com\/es\/wp-json\/wp\/v2\/types\/page"}],"author":[{"embeddable":true,"href":"https:\/\/plg-pllc.com\/es\/wp-json\/wp\/v2\/users\/42"}],"replies":[{"embeddable":true,"href":"https:\/\/plg-pllc.com\/es\/wp-json\/wp\/v2\/comments?post=21058"}],"version-history":[{"count":0,"href":"https:\/\/plg-pllc.com\/es\/wp-json\/wp\/v2\/pages\/21058\/revisions"}],"up":[{"embeddable":true,"href":"https:\/\/plg-pllc.com\/es\/wp-json\/wp\/v2\/pages\/15618"}],"wp:attachment":[{"href":"https:\/\/plg-pllc.com\/es\/wp-json\/wp\/v2\/media?parent=21058"}],"wp:term":[{"taxonomy":"hc_faqs","embeddable":true,"href":"https:\/\/plg-pllc.com\/es\/wp-json\/wp\/v2\/hc_faqs?post=21058"}],"curies":[{"name":"gracias","href":"https:\/\/api.w.org\/{rel}","templated":true}]}}