{"id":21059,"date":"2025-01-09T11:41:27","date_gmt":"2025-01-09T19:41:27","guid":{"rendered":"https:\/\/plg-pllc.com\/?page_id=21059"},"modified":"2025-01-09T11:41:41","modified_gmt":"2025-01-09T19:41:41","slug":"federal-way-lyft-accident-lawyer","status":"publish","type":"page","link":"https:\/\/plg-pllc.com\/es\/federal-way\/car-accident-lawyer\/rideshare\/lyft\/","title":{"rendered":"Abogado de accidentes de Lyft en Federal Way"},"content":{"rendered":"<p><span style=\"font-weight: 400;\">Est\u00e1s conduciendo tu auto cuando un conductor de Lyft quita la vista de la carretera y choca su veh\u00edculo contra el tuyo. O resultas herido durante un accidente cuando viajas en un veh\u00edculo compartido. Un abogado especializado en accidentes de Lyft en Federal Way, WA, puede ayudarte a lidiar con las consecuencias de estas situaciones y otras similares.\u00a0<\/span><\/p>\n<p><span style=\"font-weight: 400;\">Premier Law Group tiene <\/span><b>M\u00e1s de 55 a\u00f1os de experiencia legal combinada <\/b><span style=\"font-weight: 400;\">en el personal. Conf\u00eda en un <\/span><a href=\"https:\/\/plg-pllc.com\/federal-way\/car-accident-lawyer\/rideshare\/\"><span style=\"font-weight: 400;\">Abogado de accidentes en viajes compartidos en Federal Way<\/span><\/a><span style=\"font-weight: 400;\"> de nuestro equipo para ayudarlo con su caso de accidente de Lyft. Cont\u00e1ctenos hoy para comenzar.\u00a0<\/span><\/p>\n<h2><span style=\"font-weight: 400;\">Qu\u00e9 hacer si un conductor de Lyft choca su auto contra el suyo<\/span><\/h2>\n<p><span style=\"font-weight: 400;\">Respira profundamente e intenta mantener la calma en los momentos posteriores al accidente. Recuerda que la colisi\u00f3n puede parecer el fin del mundo, pero puedes tomar medidas contra el conductor de Lyft responsable y cualquier otra parte culpable. Usa estos consejos para mantenerte a salvo despu\u00e9s del accidente:<\/span><\/p>\n<ul>\n<li><b>Llama al 911<\/b>. <span style=\"font-weight: 400;\">Minutos despu\u00e9s, personal m\u00e9dico y polic\u00edas llegar\u00e1n al lugar para asistirlo a usted y a otras personas que puedan resultar heridas.\u00a0<\/span><\/li>\n<li><b>Trata tus lesiones<\/b>. <span style=\"font-weight: 400;\">Deje que profesionales m\u00e9dicos realicen una evaluaci\u00f3n, atiendan sus lesiones y, si es necesario, lo lleven a un hospital.<\/span><\/li>\n<li><b>Hablar con la polic\u00eda<\/b>. <span style=\"font-weight: 400;\">Expl\u00edqueles a los oficiales de polic\u00eda lo que sucedi\u00f3 durante su accidente y ellos utilizar\u00e1n la informaci\u00f3n que usted proporcione para preparar un informe del accidente.\u00a0<\/span><\/li>\n<li><b>Consigue el otro conductor<\/b>&#039;<b>s informaci\u00f3n<\/b>. <span style=\"font-weight: 400;\">P\u00eddale al conductor su informaci\u00f3n de contacto, licencia de conducir e informaci\u00f3n del seguro del autom\u00f3vil.\u00a0<\/span><\/li>\n<li><b>Recopilar evidencia<\/b>. <span style=\"font-weight: 400;\">Tome fotograf\u00edas y videos de la escena y de sus lesiones.\u00a0<\/span><\/li>\n<li><b>Informe a su compa\u00f1\u00eda de seguros sobre su accidente<\/b>. <span style=\"font-weight: 400;\">Informe a su aseguradora de autom\u00f3vil sobre su accidente y la empresa abrir\u00e1 un reclamo.\u00a0<\/span><\/li>\n<\/ul>\n<p><span style=\"font-weight: 400;\">A los pocos d\u00edas de sufrir el accidente, comun\u00edquese con Premier Law Group. Desde aqu\u00ed, un abogado especializado en accidentes de Lyft en Federal Way puede evaluar su caso y explicarle si tiene motivos para presentar una demanda por lesiones contra el conductor culpable o cualquier otra parte. Re\u00fanase con un abogado especializado en accidentes de Lyft en Federal Way. <\/span><a href=\"https:\/\/plg-pllc.com\/federal-way\/car-accident-lawyer\/\"><span style=\"font-weight: 400;\">Abogado de accidentes de tr\u00e1fico en Federal Way<\/span><\/a><span style=\"font-weight: 400;\"> De nuestro equipo.\u00a0<\/span><\/p>\n<h2><span style=\"font-weight: 400;\">C\u00f3mo responder si un conductor de Lyft provoca un accidente durante un viaje compartido<\/span><\/h2>\n<p><span style=\"font-weight: 400;\">Llama al 911 y consulta con profesionales m\u00e9dicos y oficiales de polic\u00eda cuando lleguen. Re\u00fane evidencia relacionada con tu accidente y lesiones, ya que esto puede ayudarte si presentas una reclamaci\u00f3n por lesiones. Informa el accidente a Lyft y la empresa de viajes compartidos puede ayudarte a obtener una compensaci\u00f3n por cualquier p\u00e9rdida relacionada con el accidente.\u00a0<\/span><\/p>\n<p><span style=\"font-weight: 400;\">Lo ideal es que Lyft asuma la responsabilidad total por tu accidente. Sin embargo, una empresa de viajes compartidos o su aseguradora podr\u00edan ofrecer una cantidad menor a la que vale tu reclamo. Si esto sucede, es \u00fatil contar con un profesional experimentado. <\/span><a href=\"https:\/\/plg-pllc.com\/federal-way\/personal-injury-lawyer\/\"><span style=\"font-weight: 400;\">Abogado de lesiones personales en Federal Way<\/span><\/a><span style=\"font-weight: 400;\"> A tu lado.\u00a0<\/span><\/p>\n<p><span style=\"font-weight: 400;\">Contrate a un abogado de accidentes de Lyft en Federal Way para que lo represente en su caso de accidente de viaje compartido. Su abogado puede examinar su accidente en detalle y explicarle <\/span><a href=\"https:\/\/app.leg.wa.gov\/rcw\/\" target=\"_blank\" rel=\"noopener\"><span style=\"font-weight: 400;\">C\u00f3digo Revisado de Washington (RCW)<\/span><\/a><span style=\"font-weight: 400;\"> y c\u00f3mo se relaciona con su caso. Pueden <\/span><b>Calcule sus p\u00e9rdidas y negocie un acuerdo en su nombre<\/b><span style=\"font-weight: 400;\">.\u00a0<\/span><\/p>\n<h2><span style=\"font-weight: 400;\">Da\u00f1os que puede solicitar en su caso de accidente de Lyft en Federal Way<\/span><\/h2>\n<p><span style=\"font-weight: 400;\">Un abogado de accidentes de Lyft en Federal Way lo alentar\u00e1 a solicitar <\/span><b>Da\u00f1os econ\u00f3micos y no econ\u00f3micos<\/b><span style=\"font-weight: 400;\">Ellos pueden proporcionarle una <\/span><a href=\"https:\/\/plg-pllc.com\/washington-accident-claim-calculator\/\"><span style=\"font-weight: 400;\">Calculadora de reclamaciones por accidentes en Washington<\/span><\/a><span style=\"font-weight: 400;\"> y otras herramientas que le ayudar\u00e1n a determinar la cantidad de indemnizaci\u00f3n que debe solicitar. Las razones por las que un juez o un jurado podr\u00edan conceder da\u00f1os y perjuicios incluyen:<\/span><\/p>\n<h3><span style=\"font-weight: 400;\">Facturas m\u00e9dicas<\/span><\/h3>\n<p><span style=\"font-weight: 400;\">Su accidente le deja lesiones que podr\u00edan afectarle a largo plazo. En su caso, su abogado se har\u00e1 cargo de sus gastos m\u00e9dicos y otras p\u00e9rdidas relacionadas con lesiones que sufra.<\/span><\/p>\n<p><span style=\"font-weight: 400;\">Pueden usar sus registros m\u00e9dicos y pruebas comparables para construir un argumento dise\u00f1ado para demostrarle a un juez o jurado que usted deber\u00eda recibir una compensaci\u00f3n por estas p\u00e9rdidas.\u00a0<\/span><\/p>\n<h3><span style=\"font-weight: 400;\">P\u00e9rdida de ingresos<\/span><\/h3>\n<p><span style=\"font-weight: 400;\">Puede resultar complicado seguir trabajando si sufre lesiones en un accidente de transporte compartido. Su abogado tendr\u00e1 en cuenta la p\u00e9rdida de ingresos. Puede identificar <\/span><a href=\"https:\/\/plg-pllc.com\/faqs\/who-is-liable-for-an-uber-or-lyft-accident\/\"><span style=\"font-weight: 400;\">\u00bfQui\u00e9n es responsable de un accidente de Uber o Lyft?<\/span><\/a><span style=\"font-weight: 400;\"> y ponerlo en posici\u00f3n de asegurar una compensaci\u00f3n por su salario perdido de cualquier persona que haya contribuido a su accidente.<\/span><\/p>\n<h3><span style=\"font-weight: 400;\">Dolor y sufrimiento<\/span><\/h3>\n<p><span style=\"font-weight: 400;\">Si su accidente le est\u00e1 afectando f\u00edsica, emocional y psicol\u00f3gicamente, inf\u00f3rmele a su abogado c\u00f3mo se siente. Su abogado quiere informaci\u00f3n sobre su dolor y sufrimiento. De esa manera, puede incluir estas p\u00e9rdidas subjetivas en su solicitud de indemnizaci\u00f3n por da\u00f1os y perjuicios.\u00a0<\/span><\/p>\n<p><span style=\"font-weight: 400;\">El C\u00f3digo Revisado de Washington limita el tiempo que tiene para solicitar da\u00f1os y perjuicios. Seg\u00fan RCW 4.16.080, existe un <\/span><b>tres<\/b>\u2013<b>a\u00f1o de prescripci\u00f3n<\/b><span style=\"font-weight: 400;\">Adem\u00e1s de esto, no tendr\u00e1 derecho a reclamar da\u00f1os y perjuicios a ninguna de las partes responsables de su accidente de viaje compartido.\u00a0<\/span><\/p>\n\n        <div class=\"rs-content-cta long\">\n            <p>Para una consulta legal GRATUITA con un abogado especializado en accidentes de Lyft que preste servicios en Federal Way, llame al <a href=\"tel:+12062851743\">(206) 285-1743 <\/a><\/p>\n            <a href=\"https:\/\/plg-pllc.com\/es\/contact-us\/\" title=\"OBTENGA UNA EVALUACI\u00d3N DE CASO GRATUITA\" class=\"btn-global\">OBTENGA UNA EVALUACI\u00d3N DE CASO GRATUITA<\/a>\n                    <picture>\n                            <source srcset=\"https:\/\/plg-pllc.com\/wp-content\/themes\/plg-pllc-redesign\/assets\/app\/img\/cta-thumb.webp\" type=\"image\/webp\"\/>\n                            <img src=\"https:\/\/plg-pllc.com\/wp-content\/themes\/plg-pllc-redesign\/assets\/app\/img\/cta-thumb.png\" alt=\"Grupo de abogados Premier\" title=\"Grupo de abogados Premier\" width=\"245\" height=\"220\" loading=\"auto\" fetchpriority=\"auto\" decoding=\"async\"\/>\n        <\/picture>\n        \n        <\/div><h2><span style=\"font-weight: 400;\">Nuestros abogados especializados en accidentes de Lyft en Federal Way pueden ayudarle a obtener la compensaci\u00f3n que se merece<\/span><\/h2>\n<p><span style=\"font-weight: 400;\">Un accidente de Lyft puede ser abrumador, en especial si desea recuperar los da\u00f1os a trav\u00e9s de una reclamaci\u00f3n al seguro o una demanda por lesiones. Desafortunadamente, una parte responsable podr\u00eda decir que usted es responsable del incidente y tratar de responsabilizarlo por sus p\u00e9rdidas. Afortunadamente, un abogado especializado en accidentes de viajes compartidos puede ayudarlo a lidiar con estos problemas y muchos otros.<\/span><\/p>\n<p><span style=\"font-weight: 400;\">Premier Law Group ofrece <\/span><b>alto<\/b>\u2013<b>Servicios legales de calidad con compasi\u00f3n.<\/b>,<b> respeto e integridad<\/b><span style=\"font-weight: 400;\">Protegeremos sus derechos legales.<\/span> <span style=\"font-weight: 400;\">Durante todo el proceso de su accidente de Lyft. Programe una consulta con nosotros.\u00a0\u00a0<\/span><\/p>\n\n        <div class=\"rs-content-cta\">\n            <p>Llamar o enviar mensaje de texto <a href=\"tel:+12062851743\">(206) 285-1743<\/a> o complete un formulario de evaluaci\u00f3n de caso gratuito<\/p>\n            <a href=\"https:\/\/plg-pllc.com\/es\/contact-us\/\" title=\"OBTENGA UNA EVALUACI\u00d3N DE CASO GRATUITA\" class=\"btn-global\">OBTENGA UNA EVALUACI\u00d3N DE CASO GRATUITA<\/a>\n                    <picture>\n                            <source srcset=\"https:\/\/plg-pllc.com\/wp-content\/themes\/plg-pllc-redesign\/assets\/app\/img\/cta-thumb.webp\" type=\"image\/webp\"\/>\n                            <img src=\"https:\/\/plg-pllc.com\/wp-content\/themes\/plg-pllc-redesign\/assets\/app\/img\/cta-thumb.png\" alt=\"Grupo de abogados Premier\" title=\"Grupo de abogados Premier\" width=\"245\" height=\"220\" loading=\"auto\" fetchpriority=\"auto\" decoding=\"async\"\/>\n        <\/picture>\n        \n        <\/div>","protected":false},"excerpt":{"rendered":"<p>Est\u00e1s conduciendo tu auto cuando un conductor de Lyft quita la vista de la carretera y choca su veh\u00edculo contra el tuyo. O resultas herido durante un accidente cuando viajas en un veh\u00edculo compartido. Un abogado especializado en accidentes de Lyft en Federal Way, WA, puede ayudarte a lidiar con las consecuencias de estas situaciones...<\/p>","protected":false},"author":42,"featured_media":0,"parent":20727,"menu_order":0,"comment_status":"closed","ping_status":"closed","template":"","meta":{"_acf_changed":false,"_genesis_hide_title":false,"_genesis_hide_breadcrumbs":false,"_genesis_hide_singular_image":false,"_genesis_hide_footer_widgets":false,"_genesis_custom_body_class":"","_genesis_custom_post_class":"","_genesis_layout":"","footnotes":""},"hc_faqs":[],"class_list":{"0":"post-21059","1":"page","2":"type-page","3":"status-publish","5":"hc_city_location-federal-way","6":"entry"},"acf":[],"yoast_head":"<!-- This site is optimized with the Yoast SEO plugin v27.4 - https:\/\/yoast.com\/product\/yoast-seo-wordpress\/ -->\n<title>Lyft Accident Lawyer in Federal Way | Contact Us Today<\/title>\n<meta name=\"description\" content=\"Hire a Federal Way Lyft accident lawyer from Premier Law Group to help you with your personal injury case. Schedule a consultation with us.\" \/>\n<meta name=\"robots\" content=\"index, follow, max-snippet:-1, max-image-preview:large, max-video-preview:-1\" \/>\n<link rel=\"canonical\" href=\"https:\/\/plg-pllc.com\/es\/federal-way\/car-accident-lawyer\/rideshare\/lyft\/\" \/>\n<meta property=\"og:locale\" content=\"es_MX\" \/>\n<meta property=\"og:type\" content=\"article\" \/>\n<meta property=\"og:title\" content=\"Lyft Accident Lawyer in Federal Way | Contact Us Today\" \/>\n<meta property=\"og:description\" content=\"Hire a Federal Way Lyft accident lawyer from Premier Law Group to help you with your personal injury case. Schedule a consultation with us.\" \/>\n<meta property=\"og:url\" content=\"https:\/\/plg-pllc.com\/es\/federal-way\/car-accident-lawyer\/rideshare\/lyft\/\" \/>\n<meta property=\"og:site_name\" content=\"Premier Law Group\" \/>\n<meta property=\"article:publisher\" content=\"https:\/\/www.facebook.com\/premierlawgroup\" \/>\n<meta property=\"article:modified_time\" content=\"2025-01-09T19:41:41+00:00\" \/>\n<meta name=\"twitter:card\" content=\"summary_large_image\" \/>\n<meta name=\"twitter:site\" content=\"@premierlawgroup\" \/>\n<meta name=\"twitter:label1\" content=\"Tiempo de lectura\" \/>\n\t<meta name=\"twitter:data1\" content=\"4 minutos\" \/>\n<script type=\"application\/ld+json\" class=\"yoast-schema-graph\">{\"@context\":\"https:\\\/\\\/schema.org\",\"@graph\":[{\"@type\":\"WebPage\",\"@id\":\"https:\\\/\\\/plg-pllc.com\\\/es\\\/federal-way\\\/car-accident-lawyer\\\/rideshare\\\/lyft\\\/\",\"url\":\"https:\\\/\\\/plg-pllc.com\\\/es\\\/federal-way\\\/car-accident-lawyer\\\/rideshare\\\/lyft\\\/\",\"name\":\"Lyft Accident Lawyer in Federal Way | Contact Us Today\",\"isPartOf\":{\"@id\":\"https:\\\/\\\/plg-pllc.com\\\/#website\"},\"datePublished\":\"2025-01-09T19:41:27+00:00\",\"dateModified\":\"2025-01-09T19:41:41+00:00\",\"description\":\"Hire a Federal Way Lyft accident lawyer from Premier Law Group to help you with your personal injury case. Schedule a consultation with us.\",\"breadcrumb\":{\"@id\":\"https:\\\/\\\/plg-pllc.com\\\/es\\\/federal-way\\\/car-accident-lawyer\\\/rideshare\\\/lyft\\\/#breadcrumb\"},\"inLanguage\":\"es\",\"potentialAction\":[{\"@type\":\"ReadAction\",\"target\":[\"https:\\\/\\\/plg-pllc.com\\\/es\\\/federal-way\\\/car-accident-lawyer\\\/rideshare\\\/lyft\\\/\"]}]},{\"@type\":\"BreadcrumbList\",\"@id\":\"https:\\\/\\\/plg-pllc.com\\\/es\\\/federal-way\\\/car-accident-lawyer\\\/rideshare\\\/lyft\\\/#breadcrumb\",\"itemListElement\":[{\"@type\":\"ListItem\",\"position\":1,\"name\":\"Home\",\"item\":\"https:\\\/\\\/plg-pllc.com\\\/es\\\/\"},{\"@type\":\"ListItem\",\"position\":2,\"name\":\"Federal Way Personal Injury Lawyer\",\"item\":\"https:\\\/\\\/plg-pllc.com\\\/es\\\/federal-way\\\/personal-injury-lawyer\\\/\"},{\"@type\":\"ListItem\",\"position\":3,\"name\":\"Federal Way Car Accident Lawyer\",\"item\":\"https:\\\/\\\/plg-pllc.com\\\/es\\\/federal-way\\\/car-accident-lawyer\\\/\"},{\"@type\":\"ListItem\",\"position\":4,\"name\":\"Rideshare Accident\",\"item\":\"https:\\\/\\\/plg-pllc.com\\\/es\\\/federal-way\\\/car-accident-lawyer\\\/rideshare\\\/\"},{\"@type\":\"ListItem\",\"position\":5,\"name\":\"Lyft Accident\"}]},{\"@type\":\"WebSite\",\"@id\":\"https:\\\/\\\/plg-pllc.com\\\/#website\",\"url\":\"https:\\\/\\\/plg-pllc.com\\\/\",\"name\":\"Premier Law Group\",\"description\":\"Washington Wrongful Death and Serious Injury Lawyer\",\"publisher\":{\"@id\":\"https:\\\/\\\/plg-pllc.com\\\/#organization\"},\"inLanguage\":\"es\"},{\"@type\":\"Organization\",\"@id\":\"https:\\\/\\\/plg-pllc.com\\\/#organization\",\"name\":\"Premier Law Group\",\"url\":\"https:\\\/\\\/plg-pllc.com\\\/\",\"logo\":{\"@type\":\"ImageObject\",\"inLanguage\":\"es\",\"@id\":\"https:\\\/\\\/plg-pllc.com\\\/#\\\/schema\\\/logo\\\/image\\\/\",\"url\":\"https:\\\/\\\/plg-pllc.com\\\/wp-content\\\/uploads\\\/2020\\\/10\\\/plg-logo-v2.gif\",\"contentUrl\":\"https:\\\/\\\/plg-pllc.com\\\/wp-content\\\/uploads\\\/2020\\\/10\\\/plg-logo-v2.gif\",\"width\":592,\"height\":191,\"caption\":\"Premier Law Group\"},\"image\":{\"@id\":\"https:\\\/\\\/plg-pllc.com\\\/#\\\/schema\\\/logo\\\/image\\\/\"},\"sameAs\":[\"https:\\\/\\\/www.facebook.com\\\/premierlawgroup\",\"https:\\\/\\\/x.com\\\/premierlawgroup\"]}]}<\/script>\n<!-- \/ Yoast SEO plugin. -->","yoast_head_json":{"title":"Abogado de accidentes de Lyft en Federal Way | Cont\u00e1ctenos hoy","description":"Contrate a un abogado especializado en accidentes de Lyft en Federal Way de Premier Law Group para que lo ayude con su caso de lesiones personales. Programe una consulta con nosotros.","robots":{"index":"index","follow":"follow","max-snippet":"max-snippet:-1","max-image-preview":"max-image-preview:large","max-video-preview":"max-video-preview:-1"},"canonical":"https:\/\/plg-pllc.com\/es\/federal-way\/car-accident-lawyer\/rideshare\/lyft\/","og_locale":"es_MX","og_type":"article","og_title":"Lyft Accident Lawyer in Federal Way | Contact Us Today","og_description":"Hire a Federal Way Lyft accident lawyer from Premier Law Group to help you with your personal injury case. Schedule a consultation with us.","og_url":"https:\/\/plg-pllc.com\/es\/federal-way\/car-accident-lawyer\/rideshare\/lyft\/","og_site_name":"Premier Law Group","article_publisher":"https:\/\/www.facebook.com\/premierlawgroup","article_modified_time":"2025-01-09T19:41:41+00:00","twitter_card":"summary_large_image","twitter_site":"@premierlawgroup","twitter_misc":{"Tiempo de lectura":"4 minutos"},"schema":{"@context":"https:\/\/schema.org","@graph":[{"@type":"WebPage","@id":"https:\/\/plg-pllc.com\/es\/federal-way\/car-accident-lawyer\/rideshare\/lyft\/","url":"https:\/\/plg-pllc.com\/es\/federal-way\/car-accident-lawyer\/rideshare\/lyft\/","name":"Abogado de accidentes de Lyft en Federal Way | Cont\u00e1ctenos hoy","isPartOf":{"@id":"https:\/\/plg-pllc.com\/#website"},"datePublished":"2025-01-09T19:41:27+00:00","dateModified":"2025-01-09T19:41:41+00:00","description":"Contrate a un abogado especializado en accidentes de Lyft en Federal Way de Premier Law Group para que lo ayude con su caso de lesiones personales. Programe una consulta con nosotros.","breadcrumb":{"@id":"https:\/\/plg-pllc.com\/es\/federal-way\/car-accident-lawyer\/rideshare\/lyft\/#breadcrumb"},"inLanguage":"es","potentialAction":[{"@type":"ReadAction","target":["https:\/\/plg-pllc.com\/es\/federal-way\/car-accident-lawyer\/rideshare\/lyft\/"]}]},{"@type":"BreadcrumbList","@id":"https:\/\/plg-pllc.com\/es\/federal-way\/car-accident-lawyer\/rideshare\/lyft\/#breadcrumb","itemListElement":[{"@type":"ListItem","position":1,"name":"Home","item":"https:\/\/plg-pllc.com\/es\/"},{"@type":"ListItem","position":2,"name":"Federal Way Personal Injury Lawyer","item":"https:\/\/plg-pllc.com\/es\/federal-way\/personal-injury-lawyer\/"},{"@type":"ListItem","position":3,"name":"Federal Way Car Accident Lawyer","item":"https:\/\/plg-pllc.com\/es\/federal-way\/car-accident-lawyer\/"},{"@type":"ListItem","position":4,"name":"Rideshare Accident","item":"https:\/\/plg-pllc.com\/es\/federal-way\/car-accident-lawyer\/rideshare\/"},{"@type":"ListItem","position":5,"name":"Lyft Accident"}]},{"@type":"WebSite","@id":"https:\/\/plg-pllc.com\/#website","url":"https:\/\/plg-pllc.com\/","name":"Grupo de abogados Premier","description":"Abogado de muerte por negligencia y lesiones graves en Washington","publisher":{"@id":"https:\/\/plg-pllc.com\/#organization"},"inLanguage":"es"},{"@type":"Organization","@id":"https:\/\/plg-pllc.com\/#organization","name":"Grupo de abogados Premier","url":"https:\/\/plg-pllc.com\/","logo":{"@type":"ImageObject","inLanguage":"es","@id":"https:\/\/plg-pllc.com\/#\/schema\/logo\/image\/","url":"https:\/\/plg-pllc.com\/wp-content\/uploads\/2020\/10\/plg-logo-v2.gif","contentUrl":"https:\/\/plg-pllc.com\/wp-content\/uploads\/2020\/10\/plg-logo-v2.gif","width":592,"height":191,"caption":"Premier Law Group"},"image":{"@id":"https:\/\/plg-pllc.com\/#\/schema\/logo\/image\/"},"sameAs":["https:\/\/www.facebook.com\/premierlawgroup","https:\/\/x.com\/premierlawgroup"]}]}},"_links":{"self":[{"href":"https:\/\/plg-pllc.com\/es\/wp-json\/wp\/v2\/pages\/21059","targetHints":{"allow":["GET"]}}],"collection":[{"href":"https:\/\/plg-pllc.com\/es\/wp-json\/wp\/v2\/pages"}],"about":[{"href":"https:\/\/plg-pllc.com\/es\/wp-json\/wp\/v2\/types\/page"}],"author":[{"embeddable":true,"href":"https:\/\/plg-pllc.com\/es\/wp-json\/wp\/v2\/users\/42"}],"replies":[{"embeddable":true,"href":"https:\/\/plg-pllc.com\/es\/wp-json\/wp\/v2\/comments?post=21059"}],"version-history":[{"count":0,"href":"https:\/\/plg-pllc.com\/es\/wp-json\/wp\/v2\/pages\/21059\/revisions"}],"up":[{"embeddable":true,"href":"https:\/\/plg-pllc.com\/es\/wp-json\/wp\/v2\/pages\/20727"}],"wp:attachment":[{"href":"https:\/\/plg-pllc.com\/es\/wp-json\/wp\/v2\/media?parent=21059"}],"wp:term":[{"taxonomy":"hc_faqs","embeddable":true,"href":"https:\/\/plg-pllc.com\/es\/wp-json\/wp\/v2\/hc_faqs?post=21059"}],"curies":[{"name":"gracias","href":"https:\/\/api.w.org\/{rel}","templated":true}]}}