{"id":21073,"date":"2025-01-17T06:49:07","date_gmt":"2025-01-17T14:49:07","guid":{"rendered":"https:\/\/plg-pllc.com\/?page_id=21073"},"modified":"2026-03-24T15:01:18","modified_gmt":"2026-03-24T22:01:18","slug":"risks-facing-child-influencers-from-online-predators","status":"publish","type":"page","link":"https:\/\/plg-pllc.com\/es\/research\/child-influencers-and-online-predators\/","title":{"rendered":"Riesgos que enfrentan los ni\u00f1os influencers por parte de los depredadores en l\u00ednea"},"content":{"rendered":"<p><span style=\"font-weight: 400;\">Solo en 2023, se estima que 213.592 personas fueron v\u00edctimas de un delito sexual en los Estados Unidos de Am\u00e9rica. Los ni\u00f1os de 10 a\u00f1os o menos representaron 38.444 de esas v\u00edctimas, y los ni\u00f1os de entre 11 y 15 a\u00f1os representaron 56.682.\u00a0<\/span><\/p>\n<p><span style=\"font-weight: 400;\">Entre estas v\u00edctimas, los ni\u00f1os influencers se est\u00e1n convirtiendo en objetivos prioritarios debido a su gran visibilidad p\u00fablica y a su gran cantidad de seguidores en l\u00ednea. A medida que los ni\u00f1os utilizan las plataformas de redes sociales para promocionar sus marcas p\u00fablicas, se convierten en objetivos prioritarios para los depredadores en l\u00ednea.<\/span><\/p>\n<p><span style=\"font-weight: 400;\">Esta cruda realidad subraya la urgente necesidad de mejorar las medidas de seguridad para proteger a nuestros ni\u00f1os en la era digital.<\/span><\/p>\n<h2><span style=\"font-weight: 400;\">Principales conclusiones: Los riesgos de las redes sociales<\/span><\/h2>\n<p><span style=\"font-weight: 400;\">Las redes sociales son una parte integral de la vida de los adolescentes, con<\/span><b> 81% de adolescentes utilizan activamente estas plataformas y 65% inician sesi\u00f3n varias veces al d\u00eda<\/b><span style=\"font-weight: 400;\">Esta interacci\u00f3n constante aumenta significativamente su exposici\u00f3n a los depredadores en l\u00ednea, lo que hace que los riesgos asociados sean particularmente preocupantes.<\/span><\/p>\n<p><span style=\"font-weight: 400;\">Analizamos los datos m\u00e1s recientes de <\/span><span style=\"font-weight: 400;\">La Oficina para V\u00edctimas del Delito (OVC), un componente de la Oficina de Programas de Justicia <\/span><span style=\"font-weight: 400;\">que revel\u00f3:<\/span><\/p>\n<ul>\n<li style=\"font-weight: 400;\" aria-level=\"1\"><b>59% de los traficantes sexuales utilizan Internet<\/b><span style=\"font-weight: 400;\"> para conectar con compradores de servicios ilegales.<\/span><\/li>\n<li style=\"font-weight: 400;\" aria-level=\"1\"><b>82% de los depredadores en l\u00ednea utilizan las redes sociales<\/b><span style=\"font-weight: 400;\"> para encontrar informaci\u00f3n sobre posibles v\u00edctimas.<\/span><\/li>\n<li style=\"font-weight: 400;\" aria-level=\"1\"><b>Uno de cada siete j\u00f3venes<\/b><span style=\"font-weight: 400;\"> Ha recibido mensajes sexuales en l\u00ednea.<\/span><\/li>\n<li style=\"font-weight: 400;\" aria-level=\"1\"><b>Uno de cada 33 j\u00f3venes<\/b><span style=\"font-weight: 400;\"> Ha experimentado avances sexuales agresivos.<\/span><\/li>\n<\/ul>\n<p><span style=\"font-weight: 400;\">El uso frecuente de las redes sociales por parte de los adolescentes, combinado con la dependencia de estas plataformas por parte de los depredadores, muestra la necesidad urgente de medidas de seguridad m\u00e1s fuertes para proteger a los usuarios j\u00f3venes.<\/span><\/p>\n<h3><span style=\"font-weight: 400;\">Riesgos de las redes sociales y exposici\u00f3n de los ni\u00f1os<\/span><\/h3>\n<p><span style=\"font-weight: 400;\">Seg\u00fan los datos <\/span><b>40% de ni\u00f1os de cuarto a octavo grado <\/b><span style=\"font-weight: 400;\">informaron haber chateado con desconocidos en l\u00ednea. Un an\u00e1lisis del uso de Internet entre los j\u00f3venes revel\u00f3 lo siguiente:<\/span><\/p>\n<ul>\n<li style=\"font-weight: 400;\" aria-level=\"1\"><span style=\"font-weight: 400;\">53% revel\u00f3 sus n\u00fameros de tel\u00e9fono.<\/span><\/li>\n<li style=\"font-weight: 400;\" aria-level=\"1\"><span style=\"font-weight: 400;\">21% habl\u00f3 por tel\u00e9fono.<\/span><\/li>\n<li style=\"font-weight: 400;\" aria-level=\"1\"><span style=\"font-weight: 400;\">15% intent\u00f3 conocer a desconocidos en persona.<\/span><\/li>\n<li style=\"font-weight: 400;\" aria-level=\"1\"><span style=\"font-weight: 400;\">11% conoci\u00f3 a un extra\u00f1o en su casa, en la casa de un extra\u00f1o, en un parque, centro comercial o restaurante.<\/span><\/li>\n<li style=\"font-weight: 400;\" aria-level=\"1\"><span style=\"font-weight: 400;\">30% envi\u00f3 un mensaje de texto a un extra\u00f1o desde su tel\u00e9fono.<\/span><\/li>\n<li style=\"font-weight: 400;\" aria-level=\"1\"><span style=\"font-weight: 400;\">6% comparti\u00f3 sus direcciones de domicilio, exponi\u00e9ndolos a\u00fan m\u00e1s a da\u00f1os.<\/span><\/li>\n<\/ul>\n<h2><span style=\"font-weight: 400;\">\u00bfQui\u00e9nes son los ni\u00f1os influyentes?<\/span><\/h2>\n<p><span style=\"font-weight: 400;\">Los influencers infantiles son menores de edad que consiguen un gran n\u00famero de seguidores en plataformas en l\u00ednea como Instagram, TikTok y YouTube. Aumentan su audiencia compartiendo contenido relacionado con juegos, juguetes, moda o actividades familiares.<\/span><\/p>\n<ul>\n<li style=\"font-weight: 400;\" aria-level=\"1\"><span style=\"font-weight: 400;\">Los padres administran muchas de estas cuentas, actuando como moderadores y administradores comerciales.<\/span><\/li>\n<li style=\"font-weight: 400;\" aria-level=\"1\"><span style=\"font-weight: 400;\">Algunos ni\u00f1os influencers obtienen ingresos significativos, y los principales creadores ganan hasta <\/span><b>$26 millones anuales<\/b><span style=\"font-weight: 400;\">, seg\u00fan un estudio realizado <\/span><a href=\"https:\/\/www.humanium.org\/en\/kidfluencers-and-social-media-the-evolution-of-child-exploitation-in-the-digital-age\" target=\"_blank\" rel=\"noopener\"><span style=\"font-weight: 400;\">Humanium<\/span><\/a><span style=\"font-weight: 400;\">.<\/span><\/li>\n<\/ul>\n<p><span style=\"font-weight: 400;\">Sin embargo, t<\/span><span style=\"font-weight: 400;\">Los perfiles p\u00fablicos de estos ni\u00f1os los exponen a riesgos que van m\u00e1s all\u00e1 de las experiencias t\u00edpicas en l\u00ednea.<\/span> <span style=\"font-weight: 400;\">Por ejemplo, nuestra investigaci\u00f3n encontr\u00f3 que <\/span><a href=\"https:\/\/www.statista.com\/topics\/12941\/video-gaming-of-children-and-teens-in-the-united-states\/?__sso_cookie_checker=failed\/\" target=\"_blank\" rel=\"noopener\"><span style=\"font-weight: 400;\">Ni\u00f1os de 13 a 17 a\u00f1os<\/span><\/a><span style=\"font-weight: 400;\"> tienen m\u00e1s probabilidades de enfrentar amenazas f\u00edsicas, mientras que las ni\u00f1as tienen m\u00e1s probabilidades de recibir mensajes sexualmente expl\u00edcitos no deseados.<\/span><\/p>\n<h2><span style=\"font-weight: 400;\">Por qu\u00e9 los ni\u00f1os que ejercen influencia son especialmente vulnerables en Internet<\/span><\/h2>\n<p><span style=\"font-weight: 400;\">Los ni\u00f1os influencers enfrentan desaf\u00edos \u00fanicos debido a su visibilidad p\u00fablica y al contenido personal que comparten en l\u00ednea. A diferencia del ni\u00f1o promedio, comparten detalles personales, rutinas y preferencias con una gran audiencia, lo que los convierte en blancos f\u00e1ciles para los depredadores que usan t\u00e1cticas como la manipulaci\u00f3n y el acoso.<\/span><\/p>\n<p><span style=\"font-weight: 400;\">Los riesgos principales incluyen:<\/span><\/p>\n<ul>\n<li style=\"font-weight: 400;\" aria-level=\"1\"><b>Visibilidad p\u00fablica<\/b>:<span style=\"font-weight: 400;\"> Los influencers infantiles a menudo carecen de configuraciones de privacidad, lo que facilita que los depredadores accedan a su informaci\u00f3n.<\/span><\/li>\n<li style=\"font-weight: 400;\" aria-level=\"1\"><b>Cuentas falsas<\/b>:<span style=\"font-weight: 400;\"> Los depredadores pueden hacerse pasar por fan\u00e1ticos, compa\u00f1eros o profesionales para ganar confianza.<\/span><\/li>\n<li style=\"font-weight: 400;\" aria-level=\"1\"><b>Inmadurez emocional<\/b>:<span style=\"font-weight: 400;\"> Los ni\u00f1os est\u00e1n menos preparados para reconocer y responder ante comportamientos inapropiados en l\u00ednea.<\/span><\/li>\n<\/ul>\n<p><span style=\"font-weight: 400;\">Las plataformas de redes sociales agravan el problema. Sus algoritmos se centran en la interacci\u00f3n y la visibilidad, pero a menudo pasan por alto la seguridad del usuario. Una moderaci\u00f3n d\u00e9bil permite que se cuelen mensajes da\u00f1inos, cuentas falsas y explotaci\u00f3n.<\/span><\/p>\n<h2><span style=\"font-weight: 400;\">Los preadolescentes aspiran a convertirse en influencers de las redes sociales<\/span><\/h2>\n<p><span style=\"font-weight: 400;\">Seg\u00fan un informe de PBS News, muchos j\u00f3venes ahora aspiran a <\/span><a href=\"https:\/\/www.pbs.org\/newshour\/show\/the-dangers-of-parents-sharing-their-childrens-lives-on-social-media#:~:text=A%20new%20investigation%20looks%20at,York%20Times%20reporter%20Michael%20Keller.\" target=\"_blank\" rel=\"noopener\"><span style=\"font-weight: 400;\">fama en las redes sociales<\/span><\/a><span style=\"font-weight: 400;\">, y uno de cada tres preadolescentes dice que quiere ser influenciador. Si bien esto puede traer beneficios creativos y financieros, tambi\u00e9n aumenta la exposici\u00f3n a riesgos graves.<\/span><\/p>\n<h3><span style=\"font-weight: 400;\">Importancia de abordar esta cuesti\u00f3n<\/span><\/h3>\n<p><span style=\"font-weight: 400;\">Los riesgos que corren los ni\u00f1os que ejercen influencia ponen de relieve problemas m\u00e1s amplios relacionados con la seguridad en l\u00ednea de los ni\u00f1os. Las plataformas de redes sociales suelen pasar por alto la seguridad infantil, lo que deja a los usuarios j\u00f3venes en una situaci\u00f3n de vulnerabilidad.<\/span><\/p>\n<p><span style=\"font-weight: 400;\">Nuestro an\u00e1lisis de los datos presentados por Statista revela una realidad preocupante:<\/span><\/p>\n<ul>\n<li style=\"font-weight: 400;\" aria-level=\"1\"><b>26% de ni\u00f1os de 9 a\u00f1os<\/b>\u2013<b>17 denuncian experiencias nocivas<\/b><span style=\"font-weight: 400;\"> en plataformas como Instagram y Snapchat, con 16% reportando interacciones sexuales en l\u00ednea.<\/span><\/li>\n<li style=\"font-weight: 400;\" aria-level=\"1\"><span style=\"font-weight: 400;\">Snapchat estuvo vinculado a tres casos criminales de tr\u00e1fico sexual en los EE. UU. en 2023. Otro sitio web, Skip the Games, fue identificado en nueve casos criminales de tr\u00e1fico sexual en el mismo a\u00f1o.<\/span><\/li>\n<li style=\"font-weight: 400;\" aria-level=\"1\"><span style=\"font-weight: 400;\">Adem\u00e1s, en 2023, 213.592 personas fueron v\u00edctimas de delitos sexuales, incluidos m\u00e1s de 95.000 ni\u00f1os de 15 a\u00f1os o menos.<\/span><\/li>\n<\/ul>\n<h2><span style=\"font-weight: 400;\">El papel de los padres en la protecci\u00f3n de los ni\u00f1os que ejercen influencia<\/span><\/h2>\n<p><span style=\"font-weight: 400;\">Los padres desempe\u00f1an un papel fundamental en la protecci\u00f3n de la presencia en l\u00ednea de sus hijos. Los padres gestionan muchas cuentas de influencers infantiles, pero ni siquiera la supervisi\u00f3n m\u00e1s atenta puede evitar todos los riesgos.<\/span><\/p>\n<p><span style=\"font-weight: 400;\">Para reducir los peligros, los padres deben:<\/span><\/p>\n<ul>\n<li style=\"font-weight: 400;\" aria-level=\"1\"><b>Establezca l\u00edmites claros<\/b><span style=\"font-weight: 400;\"> sobre qu\u00e9 informaci\u00f3n personal se puede compartir en l\u00ednea.<\/span><\/li>\n<li style=\"font-weight: 400;\" aria-level=\"1\"><b>Monitorizar todas las interacciones<\/b>,<span style=\"font-weight: 400;\"> Incluyendo comentarios, mensajes y actividad de seguidores.<\/span><\/li>\n<li style=\"font-weight: 400;\" aria-level=\"1\"><b>Utilizar la configuraci\u00f3n de privacidad<\/b><span style=\"font-weight: 400;\"> para limitar qui\u00e9n puede ver e interactuar con el contenido de sus hijos.<\/span><\/li>\n<li style=\"font-weight: 400;\" aria-level=\"1\"><b>Educar a los ni\u00f1os<\/b><span style=\"font-weight: 400;\"> sobre seguridad en l\u00ednea, incluido el reconocimiento de se\u00f1ales de alerta como mensajes inapropiados o intentos de acoso.<\/span><\/li>\n<\/ul>\n<h2><span style=\"font-weight: 400;\">Los efectos de las redes sociales en la salud mental de los ni\u00f1os<\/span><\/h2>\n<p><span style=\"font-weight: 400;\">Adem\u00e1s de los riesgos de explotaci\u00f3n, las redes sociales tienen importantes consecuencias para la salud mental de los j\u00f3venes. Nuestra investigaci\u00f3n muestra que <\/span><b>55% de los adultos est\u00e1n preocupados por sus efectos en los ni\u00f1os<\/b><span style=\"font-weight: 400;\">, incluyendo ansiedad, depresi\u00f3n y presi\u00f3n para mantener una imagen p\u00fablica.<\/span><\/p>\n<p><span style=\"font-weight: 400;\">La comparaci\u00f3n constante con los dem\u00e1s y la necesidad de parecer perfectos en l\u00ednea pueden generar baja autoestima y estr\u00e9s emocional. Estos desaf\u00edos resaltan la importancia de crear un entorno digital m\u00e1s saludable para los usuarios j\u00f3venes.<\/span><\/p>\n<h2><span style=\"font-weight: 400;\">Qu\u00e9 debe cambiar para proteger a los ni\u00f1os influencers y a los j\u00f3venes usuarios de las redes sociales<\/span><\/h2>\n<p><span style=\"font-weight: 400;\">El mundo digital ofrece oportunidades apasionantes para que los j\u00f3venes expresen su creatividad y desarrollen sus carreras. Sin embargo, tambi\u00e9n entra\u00f1a una serie de peligros que es necesario abordar.<\/span><\/p>\n<p><span style=\"font-weight: 400;\">Es necesario que todos los sectores tomen medidas para proteger a los ni\u00f1os que ejercen influencia y a otros usuarios j\u00f3venes. Hemos llegado a la conclusi\u00f3n de que las siguientes \u00e1reas requieren atenci\u00f3n inmediata:<\/span><\/p>\n<ul>\n<li style=\"font-weight: 400;\" aria-level=\"1\"><b>Plataformas de redes sociales<\/b>:\n<ul>\n<li style=\"font-weight: 400;\" aria-level=\"2\"><span style=\"font-weight: 400;\">Fortalecer la configuraci\u00f3n de privacidad y la moderaci\u00f3n de contenido.<\/span><\/li>\n<li style=\"font-weight: 400;\" aria-level=\"2\"><span style=\"font-weight: 400;\">Desarrollar herramientas para que los padres puedan monitorear las cuentas de manera efectiva.<\/span><\/li>\n<\/ul>\n<\/li>\n<li style=\"font-weight: 400;\" aria-level=\"1\"><b>Padres y educadores<\/b>:\n<ul>\n<li style=\"font-weight: 400;\" aria-level=\"2\"><span style=\"font-weight: 400;\">Ense\u00f1e a los ni\u00f1os sobre la seguridad en l\u00ednea y los riesgos de compartir informaci\u00f3n personal.<\/span><\/li>\n<li style=\"font-weight: 400;\" aria-level=\"2\"><span style=\"font-weight: 400;\">Abogar por regulaciones m\u00e1s estrictas para proteger a los usuarios j\u00f3venes.<\/span><\/li>\n<\/ul>\n<\/li>\n<li style=\"font-weight: 400;\" aria-level=\"1\"><b>Comunidades y formuladores de pol\u00edticas<\/b>:\n<ul>\n<li style=\"font-weight: 400;\" aria-level=\"2\"><span style=\"font-weight: 400;\">Aumentar la conciencia sobre los peligros que enfrentan los ni\u00f1os en l\u00ednea.<\/span><\/li>\n<li style=\"font-weight: 400;\" aria-level=\"2\"><span style=\"font-weight: 400;\">Apoye iniciativas que prioricen la seguridad de los ni\u00f1os en las redes sociales.<\/span><\/li>\n<\/ul>\n<\/li>\n<\/ul>\n<h2><span style=\"font-weight: 400;\">El futuro: crear espacios en l\u00ednea seguros para los ni\u00f1os influencers\u00a0<\/span><\/h2>\n<p><span style=\"font-weight: 400;\">El mundo digital ofrece a los ni\u00f1os formas interesantes de ser creativos y construir su futuro, pero su seguridad debe ser lo primero. Los padres, los maestros y las empresas de redes sociales pueden trabajar juntos para hacer que los espacios en l\u00ednea sean m\u00e1s seguros mediante el uso de configuraciones de privacidad, el control de las cuentas y la ense\u00f1anza a los ni\u00f1os para detectar las se\u00f1ales de alerta.<\/span><\/p>\n<p><span style=\"font-weight: 400;\">Las familias que enfrentan desaf\u00edos relacionados con la explotaci\u00f3n o el da\u00f1o en l\u00ednea pueden beneficiarse de la orientaci\u00f3n legal. <\/span><a href=\"https:\/\/plg-pllc.com\/\"><span style=\"font-weight: 400;\">Abogados de lesiones personales en Bellevue<\/span><\/a><span style=\"font-weight: 400;\"> Comprender estas situaciones dif\u00edciles y trabajar para proteger los derechos y el bienestar de los ni\u00f1os para que puedan prosperar en un entorno seguro y de apoyo.<\/span><\/p>","protected":false},"excerpt":{"rendered":"<p>Solo en 2023, se estima que 213.592 personas fueron v\u00edctimas de un delito sexual en los Estados Unidos de Am\u00e9rica. Los ni\u00f1os de 10 a\u00f1os o menos representaron 38.444 de esas v\u00edctimas, y los ni\u00f1os de entre 11 y 15 a\u00f1os representaron 56.682. Entre estas v\u00edctimas, los ni\u00f1os influencers se est\u00e1n convirtiendo en objetivos principales debido a su alta visibilidad p\u00fablica y \u2026<\/p>","protected":false},"author":42,"featured_media":0,"parent":0,"menu_order":0,"comment_status":"closed","ping_status":"closed","template":"","meta":{"_acf_changed":false,"_genesis_hide_title":false,"_genesis_hide_breadcrumbs":false,"_genesis_hide_singular_image":false,"_genesis_hide_footer_widgets":false,"_genesis_custom_body_class":"","_genesis_custom_post_class":"","_genesis_layout":"","footnotes":""},"hc_faqs":[],"class_list":{"0":"post-21073","1":"page","2":"type-page","3":"status-publish","5":"entry"},"acf":[],"yoast_head":"<!-- This site is optimized with the Yoast SEO plugin v27.5 - https:\/\/yoast.com\/product\/yoast-seo-wordpress\/ -->\n<title>New Study: Online Predator Risks for Child Influencers<\/title>\n<meta name=\"description\" content=\"A study uncovers that 59% of traffickers use the internet, putting child influencers at risk of online predators and exploitation.\" \/>\n<meta name=\"robots\" content=\"index, follow, max-snippet:-1, max-image-preview:large, max-video-preview:-1\" \/>\n<link rel=\"canonical\" href=\"https:\/\/plg-pllc.com\/es\/research\/child-influencers-and-online-predators\/\" \/>\n<meta property=\"og:locale\" content=\"es_MX\" \/>\n<meta property=\"og:type\" content=\"article\" \/>\n<meta property=\"og:title\" content=\"New Study: Online Predator Risks for Child Influencers\" \/>\n<meta property=\"og:description\" content=\"A study uncovers that 59% of traffickers use the internet, putting child influencers at risk of online predators and exploitation.\" \/>\n<meta property=\"og:url\" content=\"https:\/\/plg-pllc.com\/es\/research\/child-influencers-and-online-predators\/\" \/>\n<meta property=\"og:site_name\" content=\"Premier Law Group\" \/>\n<meta property=\"article:publisher\" content=\"https:\/\/www.facebook.com\/premierlawgroup\" \/>\n<meta property=\"article:modified_time\" content=\"2026-03-24T22:01:18+00:00\" \/>\n<meta name=\"twitter:card\" content=\"summary_large_image\" \/>\n<meta name=\"twitter:site\" content=\"@premierlawgroup\" \/>\n<meta name=\"twitter:label1\" content=\"Tiempo de lectura\" \/>\n\t<meta name=\"twitter:data1\" content=\"5 minutos\" \/>\n<script type=\"application\/ld+json\" class=\"yoast-schema-graph\">{\"@context\":\"https:\\\/\\\/schema.org\",\"@graph\":[{\"@type\":\"WebPage\",\"@id\":\"https:\\\/\\\/plg-pllc.com\\\/research\\\/child-influencers-and-online-predators\\\/\",\"url\":\"https:\\\/\\\/plg-pllc.com\\\/research\\\/child-influencers-and-online-predators\\\/\",\"name\":\"New Study: Online Predator Risks for Child Influencers\",\"isPartOf\":{\"@id\":\"https:\\\/\\\/plg-pllc.com\\\/#website\"},\"datePublished\":\"2025-01-17T14:49:07+00:00\",\"dateModified\":\"2026-03-24T22:01:18+00:00\",\"description\":\"A study uncovers that 59% of traffickers use the internet, putting child influencers at risk of online predators and exploitation.\",\"breadcrumb\":{\"@id\":\"https:\\\/\\\/plg-pllc.com\\\/research\\\/child-influencers-and-online-predators\\\/#breadcrumb\"},\"inLanguage\":\"es\",\"potentialAction\":[{\"@type\":\"ReadAction\",\"target\":[\"https:\\\/\\\/plg-pllc.com\\\/research\\\/child-influencers-and-online-predators\\\/\"]}]},{\"@type\":\"BreadcrumbList\",\"@id\":\"https:\\\/\\\/plg-pllc.com\\\/research\\\/child-influencers-and-online-predators\\\/#breadcrumb\",\"itemListElement\":[{\"@type\":\"ListItem\",\"position\":1,\"name\":\"Home\",\"item\":\"https:\\\/\\\/plg-pllc.com\\\/es\\\/\"},{\"@type\":\"ListItem\",\"position\":2,\"name\":\"Risks Facing Child Influencers From Online Predators\"}]},{\"@type\":\"WebSite\",\"@id\":\"https:\\\/\\\/plg-pllc.com\\\/#website\",\"url\":\"https:\\\/\\\/plg-pllc.com\\\/\",\"name\":\"Premier Law Group\",\"description\":\"Washington Wrongful Death and Serious Injury Lawyer\",\"publisher\":{\"@id\":\"https:\\\/\\\/plg-pllc.com\\\/#organization\"},\"inLanguage\":\"es\"},{\"@type\":\"Organization\",\"@id\":\"https:\\\/\\\/plg-pllc.com\\\/#organization\",\"name\":\"Premier Law Group\",\"url\":\"https:\\\/\\\/plg-pllc.com\\\/\",\"logo\":{\"@type\":\"ImageObject\",\"inLanguage\":\"es\",\"@id\":\"https:\\\/\\\/plg-pllc.com\\\/#\\\/schema\\\/logo\\\/image\\\/\",\"url\":\"https:\\\/\\\/plg-pllc.com\\\/wp-content\\\/uploads\\\/2020\\\/10\\\/plg-logo-v2.gif\",\"contentUrl\":\"https:\\\/\\\/plg-pllc.com\\\/wp-content\\\/uploads\\\/2020\\\/10\\\/plg-logo-v2.gif\",\"width\":592,\"height\":191,\"caption\":\"Premier Law Group\"},\"image\":{\"@id\":\"https:\\\/\\\/plg-pllc.com\\\/#\\\/schema\\\/logo\\\/image\\\/\"},\"sameAs\":[\"https:\\\/\\\/www.facebook.com\\\/premierlawgroup\",\"https:\\\/\\\/x.com\\\/premierlawgroup\"]}]}<\/script>\n<!-- \/ Yoast SEO plugin. -->","yoast_head_json":{"title":"Nuevo estudio: Riesgos de depredadores en l\u00ednea para ni\u00f1os influencers","description":"Un estudio revela que el 591% de los traficantes utilizan Internet, lo que pone a los ni\u00f1os influenciadores en riesgo de ser v\u00edctimas de depredadores y explotaci\u00f3n en l\u00ednea.","robots":{"index":"index","follow":"follow","max-snippet":"max-snippet:-1","max-image-preview":"max-image-preview:large","max-video-preview":"max-video-preview:-1"},"canonical":"https:\/\/plg-pllc.com\/es\/research\/child-influencers-and-online-predators\/","og_locale":"es_MX","og_type":"article","og_title":"New Study: Online Predator Risks for Child Influencers","og_description":"A study uncovers that 59% of traffickers use the internet, putting child influencers at risk of online predators and exploitation.","og_url":"https:\/\/plg-pllc.com\/es\/research\/child-influencers-and-online-predators\/","og_site_name":"Premier Law Group","article_publisher":"https:\/\/www.facebook.com\/premierlawgroup","article_modified_time":"2026-03-24T22:01:18+00:00","twitter_card":"summary_large_image","twitter_site":"@premierlawgroup","twitter_misc":{"Tiempo de lectura":"5 minutos"},"schema":{"@context":"https:\/\/schema.org","@graph":[{"@type":"WebPage","@id":"https:\/\/plg-pllc.com\/research\/child-influencers-and-online-predators\/","url":"https:\/\/plg-pllc.com\/research\/child-influencers-and-online-predators\/","name":"Nuevo estudio: Riesgos de depredadores en l\u00ednea para ni\u00f1os influencers","isPartOf":{"@id":"https:\/\/plg-pllc.com\/#website"},"datePublished":"2025-01-17T14:49:07+00:00","dateModified":"2026-03-24T22:01:18+00:00","description":"Un estudio revela que el 591% de los traficantes utilizan Internet, lo que pone a los ni\u00f1os influenciadores en riesgo de ser v\u00edctimas de depredadores y explotaci\u00f3n en l\u00ednea.","breadcrumb":{"@id":"https:\/\/plg-pllc.com\/research\/child-influencers-and-online-predators\/#breadcrumb"},"inLanguage":"es","potentialAction":[{"@type":"ReadAction","target":["https:\/\/plg-pllc.com\/research\/child-influencers-and-online-predators\/"]}]},{"@type":"BreadcrumbList","@id":"https:\/\/plg-pllc.com\/research\/child-influencers-and-online-predators\/#breadcrumb","itemListElement":[{"@type":"ListItem","position":1,"name":"Home","item":"https:\/\/plg-pllc.com\/es\/"},{"@type":"ListItem","position":2,"name":"Risks Facing Child Influencers From Online Predators"}]},{"@type":"WebSite","@id":"https:\/\/plg-pllc.com\/#website","url":"https:\/\/plg-pllc.com\/","name":"Grupo de abogados Premier","description":"Abogado de muerte por negligencia y lesiones graves en Washington","publisher":{"@id":"https:\/\/plg-pllc.com\/#organization"},"inLanguage":"es"},{"@type":"Organization","@id":"https:\/\/plg-pllc.com\/#organization","name":"Grupo de abogados Premier","url":"https:\/\/plg-pllc.com\/","logo":{"@type":"ImageObject","inLanguage":"es","@id":"https:\/\/plg-pllc.com\/#\/schema\/logo\/image\/","url":"https:\/\/plg-pllc.com\/wp-content\/uploads\/2020\/10\/plg-logo-v2.gif","contentUrl":"https:\/\/plg-pllc.com\/wp-content\/uploads\/2020\/10\/plg-logo-v2.gif","width":592,"height":191,"caption":"Premier Law Group"},"image":{"@id":"https:\/\/plg-pllc.com\/#\/schema\/logo\/image\/"},"sameAs":["https:\/\/www.facebook.com\/premierlawgroup","https:\/\/x.com\/premierlawgroup"]}]}},"_links":{"self":[{"href":"https:\/\/plg-pllc.com\/es\/wp-json\/wp\/v2\/pages\/21073","targetHints":{"allow":["GET"]}}],"collection":[{"href":"https:\/\/plg-pllc.com\/es\/wp-json\/wp\/v2\/pages"}],"about":[{"href":"https:\/\/plg-pllc.com\/es\/wp-json\/wp\/v2\/types\/page"}],"author":[{"embeddable":true,"href":"https:\/\/plg-pllc.com\/es\/wp-json\/wp\/v2\/users\/42"}],"replies":[{"embeddable":true,"href":"https:\/\/plg-pllc.com\/es\/wp-json\/wp\/v2\/comments?post=21073"}],"version-history":[{"count":0,"href":"https:\/\/plg-pllc.com\/es\/wp-json\/wp\/v2\/pages\/21073\/revisions"}],"wp:attachment":[{"href":"https:\/\/plg-pllc.com\/es\/wp-json\/wp\/v2\/media?parent=21073"}],"wp:term":[{"taxonomy":"hc_faqs","embeddable":true,"href":"https:\/\/plg-pllc.com\/es\/wp-json\/wp\/v2\/hc_faqs?post=21073"}],"curies":[{"name":"gracias","href":"https:\/\/api.w.org\/{rel}","templated":true}]}}