{"id":21109,"date":"2025-02-10T08:28:24","date_gmt":"2025-02-10T16:28:24","guid":{"rendered":"https:\/\/plg-pllc.com\/?page_id=21109"},"modified":"2025-02-14T14:03:55","modified_gmt":"2025-02-14T22:03:55","slug":"when-is-it-too-late-to-get-a-lawyer-for-a-car-accident","status":"publish","type":"page","link":"https:\/\/plg-pllc.com\/es\/faqs\/when-is-it-too-late-to-get-a-lawyer-for-a-car-accident\/","title":{"rendered":"\u00bfCu\u00e1ndo es demasiado tarde para contratar un abogado en caso de accidente automovil\u00edstico?"},"content":{"rendered":"<p><span style=\"font-weight: 400;\">Si bien no existe un momento adecuado o inadecuado para ponerse en contacto con un abogado especializado en accidentes automovil\u00edsticos, hay momentos que son peores que otros. Por ejemplo, si desea presentar una demanda por accidente automovil\u00edstico pero descubre que el plazo de prescripci\u00f3n correspondiente a su caso ha expirado, puede pensar que es demasiado tarde para contratar a un abogado para su caso de accidente automovil\u00edstico.<\/span><\/p>\n<p><span style=\"font-weight: 400;\">Dicho esto, siempre es<\/span> <span style=\"font-weight: 400;\">Vale la pena contactar a un abogado despu\u00e9s de un accidente automovil\u00edstico. <\/span><a href=\"https:\/\/plg-pllc.com\/bellevue\/car-accident-lawyer\/\"><span style=\"font-weight: 400;\">Abogados de accidentes de tr\u00e1fico en Bellevue<\/span><\/a><span style=\"font-weight: 400;\"> Puede ayudarle a determinar qu\u00e9 estatuto de limitaciones se aplica a su caso, si el estatuto ha expirado o no y c\u00f3mo a\u00fan puede recuperar da\u00f1os si su fecha l\u00edmite de presentaci\u00f3n ha vencido.<\/span><\/p>\n<p><span style=\"font-weight: 400;\">Nos esforzamos por explorar las excepciones legales y las indulgencias que pueden permitir que nuestros clientes obtengan el apoyo financiero que merecen despu\u00e9s de accidentes devastadores. En otras palabras, nuestro equipo cree que es <\/span><b>Nunca es tarde para contratar a un abogado especializado en accidentes de tr\u00e1fico<\/b><span style=\"font-weight: 400;\">.<\/span><\/p>\n<h2><span style=\"font-weight: 400;\">Familiarizarse con el estatuto de limitaciones del estado de Washington<\/span><\/h2>\n<p><span style=\"font-weight: 400;\">El estado de Washington establece un plazo de prescripci\u00f3n para todos los casos de lesiones personales. Seg\u00fan <\/span><a href=\"https:\/\/app.leg.wa.gov\/rcw\/default.aspx?cite=4.16.080\" target=\"_blank\" rel=\"noopener\"><span style=\"font-weight: 400;\">Ley de Armas Reconstructivas 4.16.080<\/span><\/a><span style=\"font-weight: 400;\">, t\u00fa <\/span><b>debe <\/b><span style=\"font-weight: 400;\">Presentar cualquier reclamaci\u00f3n que desee presentar antes del <\/span><b>tercero <\/b><span style=\"font-weight: 400;\">Aniversario de su accidente. Si no puede presentar su reclamo dentro de los tres a\u00f1os posteriores a un accidente automovil\u00edstico devastador, puede perder el derecho a exigir responsabilidades a los conductores negligentes por sus p\u00e9rdidas.<\/span><\/p>\n<p><span style=\"font-weight: 400;\">Este estatuto de limitaciones supuestamente conserva los datos necesarios para demostrar su derecho a una indemnizaci\u00f3n pertinente a su caso. Los tribunales de Washington sostienen que los casos presentados despu\u00e9s de que expire un estatuto de limitaciones reflejar\u00e1n de manera incorrecta los eventos que llevaron al accidente de la v\u00edctima.<\/span><\/p>\n<p><span style=\"font-weight: 400;\">Es con el estatuto de limitaciones en mente que nuestro <\/span><a href=\"https:\/\/plg-pllc.com\/\"><span style=\"font-weight: 400;\">Abogados de lesiones personales en Bellevue<\/span><\/a><span style=\"font-weight: 400;\"> Le recomiendo que se ponga en contacto con un abogado incluso si no est\u00e1 seguro de si desea o no obtener una compensaci\u00f3n por sus p\u00e9rdidas.<\/span><\/p>\n<p><span style=\"font-weight: 400;\">Las consultas gratuitas le permiten conocer m\u00e1s sobre sus derechos y comenzar a construir su reclamo mucho antes de que expire su plazo de prescripci\u00f3n.<\/span><\/p>\n<h2><span style=\"font-weight: 400;\">Desglosando las excepciones del estatuto<\/span><\/h2>\n<p><span style=\"font-weight: 400;\">\u00bfEs demasiado tarde para contratar un abogado por un accidente de tr\u00e1fico si ya ha vencido el plazo de prescripci\u00f3n? No necesariamente. Existen algunas excepciones al plazo de prescripci\u00f3n de lesiones personales de Washington que pueden ampliar el tiempo que tiene para presentar una reclamaci\u00f3n.\u00a0<\/span><\/p>\n<p><span style=\"font-weight: 400;\">Por ejemplo, <\/span><b>Cualquier persona menor de 18 a\u00f1os en el momento de un accidente tiene hasta que cumpla 21 a\u00f1os.<\/b><span style=\"font-weight: 400;\"> Para emprender acciones legales contra una parte negligente. Si alguien tiene 13 a\u00f1os cuando sufre un accidente, eso significa que tiene ocho a\u00f1os para presentar una demanda contra otra parte.<\/span><\/p>\n<p><span style=\"font-weight: 400;\">De manera similar, si le llev\u00f3 una cantidad de tiempo inusual detectar lesiones o afecciones graves, podr\u00eda argumentar que el plazo de prescripci\u00f3n de su caso deber\u00eda comenzar el d\u00eda en que descubri\u00f3 su afecci\u00f3n. Nuestro equipo puede ayudarlo a solicitar una excepci\u00f3n para su caso en funci\u00f3n de sus circunstancias.<\/span><\/p>\n<h2><span style=\"font-weight: 400;\">Cuestionando las acusaciones de culpa compartida<\/span><\/h2>\n<p><span style=\"font-weight: 400;\">El plazo de prescripci\u00f3n es la fecha l\u00edmite m\u00e1s urgente que debe tener en cuenta cuando se pregunta si es demasiado tarde o no para conseguir un abogado por un accidente de tr\u00e1fico.<\/span> <span style=\"font-weight: 400;\">No debe preocuparse de si ya le han acusado o no de contribuir a su accidente.<\/span><\/p>\n<p><span style=\"font-weight: 400;\">Las dem\u00e1s personas implicadas en su accidente no quieren asumir la culpa por sus p\u00e9rdidas. Una parte que act\u00fae con rapidez puede ponerse en contacto con un abogado propio y presentar acusaciones de culpa contra usted antes de que usted tenga tiempo de hacer lo mismo.\u00a0<\/span><\/p>\n<p><span style=\"font-weight: 400;\">Si bien a\u00fan puede comunicarse con un abogado despu\u00e9s de que alguien lo haya acusado de causar su accidente, hacerlo lo pone en una posici\u00f3n defensiva. Es posible que deba dedicar una cantidad considerable de tiempo a refutar los cargos presentados en su contra en lugar de defender su derecho a una compensaci\u00f3n basada en p\u00e9rdidas. Aun as\u00ed, <\/span><b>\u00e9l<\/b>&#039;<b>Todav\u00eda vale la pena llamar a un abogado de accidentes automovil\u00edsticos de Bellevue<\/b><span style=\"font-weight: 400;\">.\u00a0<\/span><\/p>\n\n        <div class=\"rs-content-cta long\">\n            <p>Para una consulta legal GRATUITA, llame al <a href=\"tel:+12062851743\">(206) 285-1743 <\/a><\/p>\n            <a href=\"https:\/\/plg-pllc.com\/es\/contact-us\/\" title=\"OBTENGA UNA EVALUACI\u00d3N DE CASO GRATUITA\" class=\"btn-global\">OBTENGA UNA EVALUACI\u00d3N DE CASO GRATUITA<\/a>\n                    <picture>\n                            <source srcset=\"https:\/\/plg-pllc.com\/wp-content\/themes\/plg-pllc-redesign\/assets\/app\/img\/cta-thumb.webp\" type=\"image\/webp\"\/>\n                            <img src=\"https:\/\/plg-pllc.com\/wp-content\/themes\/plg-pllc-redesign\/assets\/app\/img\/cta-thumb.png\" alt=\"Grupo de abogados Premier\" title=\"Grupo de abogados Premier\" width=\"245\" height=\"220\" loading=\"auto\" fetchpriority=\"auto\" decoding=\"async\"\/>\n        <\/picture>\n        \n        <\/div><h2><span style=\"font-weight: 400;\">C\u00f3mo encontrar las pruebas necesarias para presentar su caso a tiempo<\/span><\/h2>\n<p><span style=\"font-weight: 400;\">Las pruebas relevantes de su accidente no permanecer\u00e1n all\u00ed para siempre. Si desea presentar una demanda para obtener una indemnizaci\u00f3n contra otra persona, le recomendamos que se ponga en contacto con un abogado antes de que desaparezcan las pruebas de la negligencia de esa persona en la escena del accidente.\u00a0<\/span><\/p>\n<p><span style=\"font-weight: 400;\">Cuanto antes llame a un abogado al lugar de la colisi\u00f3n, antes podremos reunir los restos f\u00edsicos y los datos electr\u00f3nicos necesarios para demostrar que la negligencia contribuy\u00f3 a sus p\u00e9rdidas. Asimismo, podemos ponernos en contacto con los transe\u00fantes antes, lo que garantizar\u00e1 que sus recuerdos de su accidente est\u00e9n m\u00e1s frescos.<\/span><\/p>\n<p><span style=\"font-weight: 400;\">Lamentablemente, cuanto m\u00e1s espere para ponerse en contacto con un abogado, menos fiables ser\u00e1n las pruebas necesarias para demostrar su derecho a presentar un caso. Dicho esto, deber\u00eda ponerse en contacto con un abogado si, dos a\u00f1os despu\u00e9s, decide que quiere presentar un caso. Estamos preparados para hacer el trabajo preliminar adicional necesario para preparar su caso, incluso si ya tiene algunos a\u00f1os.<\/span><\/p>\n<h2><span style=\"font-weight: 400;\">Puede ponerse en contacto con un abogado especializado en accidentes automovil\u00edsticos en Bellevue hoy mismo<\/span><\/h2>\n<p><span style=\"font-weight: 400;\">Si cree que tiene derecho a emprender acciones legales contra la persona o las partes responsables de su reciente accidente automovil\u00edstico, no espere a ponerse en contacto con un abogado especializado en accidentes automovil\u00edsticos de Bellevue. Su derecho a reclamar da\u00f1os y perjuicios por p\u00e9rdidas depende de su capacidad para cumplir con los plazos de reclamaci\u00f3n pertinentes.<\/span><\/p>\n<p><span style=\"font-weight: 400;\">Nuestro equipo cree que nunca es demasiado tarde para contratar a un abogado para su accidente de tr\u00e1fico. Hacemos que sea f\u00e1cil reunirse con un abogado experimentado y compasivo sin tener que gastar una fortuna. Puede reservar una consulta telef\u00f3nica gratuita y sin compromiso con nuestro personal hoy mismo para hablar sobre la negligencia que provoc\u00f3 su accidente.<\/span><\/p>\n<p><span style=\"font-weight: 400;\">Cuanto antes se ponga en contacto con nosotros, m\u00e1s f\u00e1cil ser\u00e1 preservar su derecho a emprender acciones legales contra una parte negligente. Estamos listos para trabajar para usted; todo lo que tiene que hacer es llamarnos. <\/span><b>\u00c9l<\/b>&#039;<b>No es una consulta<\/b>,<b> \u00e9l<\/b>&#039;<b>Una conversaci\u00f3n<\/b><span style=\"font-weight: 400;\">.<\/span><\/p>\n\n        <div class=\"rs-content-cta\">\n            <p>Llamar o enviar mensaje de texto <a href=\"tel:+12062851743\">(206) 285-1743<\/a> o complete un formulario de evaluaci\u00f3n de caso gratuito<\/p>\n            <a href=\"https:\/\/plg-pllc.com\/es\/contact-us\/\" title=\"OBTENGA UNA EVALUACI\u00d3N DE CASO GRATUITA\" class=\"btn-global\">OBTENGA UNA EVALUACI\u00d3N DE CASO GRATUITA<\/a>\n                    <picture>\n                            <source srcset=\"https:\/\/plg-pllc.com\/wp-content\/themes\/plg-pllc-redesign\/assets\/app\/img\/cta-thumb.webp\" type=\"image\/webp\"\/>\n                            <img src=\"https:\/\/plg-pllc.com\/wp-content\/themes\/plg-pllc-redesign\/assets\/app\/img\/cta-thumb.png\" alt=\"Grupo de abogados Premier\" title=\"Grupo de abogados Premier\" width=\"245\" height=\"220\" loading=\"auto\" fetchpriority=\"auto\" decoding=\"async\"\/>\n        <\/picture>\n        \n        <\/div>","protected":false},"excerpt":{"rendered":"<p>Si bien no existe un momento adecuado o inadecuado para ponerse en contacto con un abogado especializado en accidentes automovil\u00edsticos, hay momentos que son peores que otros. Por ejemplo, si desea presentar una demanda por accidente automovil\u00edstico pero descubre que el plazo de prescripci\u00f3n correspondiente a su caso ha expirado, es posible que piense que es demasiado tarde para\u2026<\/p>","protected":false},"author":42,"featured_media":21110,"parent":20714,"menu_order":0,"comment_status":"closed","ping_status":"closed","template":"","meta":{"_acf_changed":false,"_genesis_hide_title":false,"_genesis_hide_breadcrumbs":false,"_genesis_hide_singular_image":false,"_genesis_hide_footer_widgets":false,"_genesis_custom_body_class":"","_genesis_custom_post_class":"","_genesis_layout":"","footnotes":""},"hc_faqs":[10344],"class_list":{"0":"post-21109","1":"page","2":"type-page","3":"status-publish","4":"has-post-thumbnail","6":"hc_faqs-car-accident","7":"entry"},"acf":[],"yoast_head":"<!-- This site is optimized with the Yoast SEO plugin v27.4 - https:\/\/yoast.com\/product\/yoast-seo-wordpress\/ -->\n<title>When Is It Too Late to Get a Lawyer for a Car Accident?<\/title>\n<meta name=\"description\" content=\"Asking yourself: &quot;When is it too late to get a lawyer for a car accident?&quot; Book a free consultation with our team to beat your deadlines.\" \/>\n<meta name=\"robots\" content=\"index, follow, max-snippet:-1, max-image-preview:large, max-video-preview:-1\" \/>\n<link rel=\"canonical\" href=\"https:\/\/plg-pllc.com\/es\/faqs\/when-is-it-too-late-to-get-a-lawyer-for-a-car-accident\/\" \/>\n<meta property=\"og:locale\" content=\"es_MX\" \/>\n<meta property=\"og:type\" content=\"article\" \/>\n<meta property=\"og:title\" content=\"When Is It Too Late to Get a Lawyer for a Car Accident?\" \/>\n<meta property=\"og:description\" content=\"Asking yourself: &quot;When is it too late to get a lawyer for a car accident?&quot; Book a free consultation with our team to beat your deadlines.\" \/>\n<meta property=\"og:url\" content=\"https:\/\/plg-pllc.com\/es\/faqs\/when-is-it-too-late-to-get-a-lawyer-for-a-car-accident\/\" \/>\n<meta property=\"og:site_name\" content=\"Premier Law Group\" \/>\n<meta property=\"article:publisher\" content=\"https:\/\/www.facebook.com\/premierlawgroup\" \/>\n<meta property=\"article:modified_time\" content=\"2025-02-14T22:03:55+00:00\" \/>\n<meta property=\"og:image\" content=\"https:\/\/plg-pllc.com\/wp-content\/uploads\/2025\/02\/when-is-it-too-late-to-get-a-lawyer-for-a-car-accident.jpeg\" \/>\n\t<meta property=\"og:image:width\" content=\"1000\" \/>\n\t<meta property=\"og:image:height\" content=\"667\" \/>\n\t<meta property=\"og:image:type\" content=\"image\/jpeg\" \/>\n<meta name=\"twitter:card\" content=\"summary_large_image\" \/>\n<meta name=\"twitter:site\" content=\"@premierlawgroup\" \/>\n<meta name=\"twitter:label1\" content=\"Tiempo de lectura\" \/>\n\t<meta name=\"twitter:data1\" content=\"5 minutos\" \/>\n<script type=\"application\/ld+json\" class=\"yoast-schema-graph\">{\"@context\":\"https:\\\/\\\/schema.org\",\"@graph\":[{\"@type\":\"WebPage\",\"@id\":\"https:\\\/\\\/plg-pllc.com\\\/faqs\\\/when-is-it-too-late-to-get-a-lawyer-for-a-car-accident\\\/\",\"url\":\"https:\\\/\\\/plg-pllc.com\\\/faqs\\\/when-is-it-too-late-to-get-a-lawyer-for-a-car-accident\\\/\",\"name\":\"When Is It Too Late to Get a Lawyer for a Car Accident?\",\"isPartOf\":{\"@id\":\"https:\\\/\\\/plg-pllc.com\\\/#website\"},\"primaryImageOfPage\":{\"@id\":\"https:\\\/\\\/plg-pllc.com\\\/faqs\\\/when-is-it-too-late-to-get-a-lawyer-for-a-car-accident\\\/#primaryimage\"},\"image\":{\"@id\":\"https:\\\/\\\/plg-pllc.com\\\/faqs\\\/when-is-it-too-late-to-get-a-lawyer-for-a-car-accident\\\/#primaryimage\"},\"thumbnailUrl\":\"https:\\\/\\\/plg-pllc.com\\\/wp-content\\\/uploads\\\/2025\\\/02\\\/when-is-it-too-late-to-get-a-lawyer-for-a-car-accident.jpeg\",\"datePublished\":\"2025-02-10T16:28:24+00:00\",\"dateModified\":\"2025-02-14T22:03:55+00:00\",\"description\":\"Asking yourself: \\\"When is it too late to get a lawyer for a car accident?\\\" Book a free consultation with our team to beat your deadlines.\",\"breadcrumb\":{\"@id\":\"https:\\\/\\\/plg-pllc.com\\\/faqs\\\/when-is-it-too-late-to-get-a-lawyer-for-a-car-accident\\\/#breadcrumb\"},\"inLanguage\":\"es\",\"potentialAction\":[{\"@type\":\"ReadAction\",\"target\":[\"https:\\\/\\\/plg-pllc.com\\\/faqs\\\/when-is-it-too-late-to-get-a-lawyer-for-a-car-accident\\\/\"]}]},{\"@type\":\"ImageObject\",\"inLanguage\":\"es\",\"@id\":\"https:\\\/\\\/plg-pllc.com\\\/faqs\\\/when-is-it-too-late-to-get-a-lawyer-for-a-car-accident\\\/#primaryimage\",\"url\":\"https:\\\/\\\/plg-pllc.com\\\/wp-content\\\/uploads\\\/2025\\\/02\\\/when-is-it-too-late-to-get-a-lawyer-for-a-car-accident.jpeg\",\"contentUrl\":\"https:\\\/\\\/plg-pllc.com\\\/wp-content\\\/uploads\\\/2025\\\/02\\\/when-is-it-too-late-to-get-a-lawyer-for-a-car-accident.jpeg\",\"width\":1000,\"height\":667,\"caption\":\"A lawyer and client discuss a car accident behind a recreation of the crash made with wooden models of cars.\"},{\"@type\":\"BreadcrumbList\",\"@id\":\"https:\\\/\\\/plg-pllc.com\\\/faqs\\\/when-is-it-too-late-to-get-a-lawyer-for-a-car-accident\\\/#breadcrumb\",\"itemListElement\":[{\"@type\":\"ListItem\",\"position\":1,\"name\":\"Home\",\"item\":\"https:\\\/\\\/plg-pllc.com\\\/es\\\/\"},{\"@type\":\"ListItem\",\"position\":2,\"name\":\"FAQs\",\"item\":\"https:\\\/\\\/plg-pllc.com\\\/es\\\/faqs\\\/\"},{\"@type\":\"ListItem\",\"position\":3,\"name\":\"When Is It Too Late to Get a Lawyer for a Car Accident?\"}]},{\"@type\":\"WebSite\",\"@id\":\"https:\\\/\\\/plg-pllc.com\\\/#website\",\"url\":\"https:\\\/\\\/plg-pllc.com\\\/\",\"name\":\"Premier Law Group\",\"description\":\"Washington Wrongful Death and Serious Injury Lawyer\",\"publisher\":{\"@id\":\"https:\\\/\\\/plg-pllc.com\\\/#organization\"},\"inLanguage\":\"es\"},{\"@type\":\"Organization\",\"@id\":\"https:\\\/\\\/plg-pllc.com\\\/#organization\",\"name\":\"Premier Law Group\",\"url\":\"https:\\\/\\\/plg-pllc.com\\\/\",\"logo\":{\"@type\":\"ImageObject\",\"inLanguage\":\"es\",\"@id\":\"https:\\\/\\\/plg-pllc.com\\\/#\\\/schema\\\/logo\\\/image\\\/\",\"url\":\"https:\\\/\\\/plg-pllc.com\\\/wp-content\\\/uploads\\\/2020\\\/10\\\/plg-logo-v2.gif\",\"contentUrl\":\"https:\\\/\\\/plg-pllc.com\\\/wp-content\\\/uploads\\\/2020\\\/10\\\/plg-logo-v2.gif\",\"width\":592,\"height\":191,\"caption\":\"Premier Law Group\"},\"image\":{\"@id\":\"https:\\\/\\\/plg-pllc.com\\\/#\\\/schema\\\/logo\\\/image\\\/\"},\"sameAs\":[\"https:\\\/\\\/www.facebook.com\\\/premierlawgroup\",\"https:\\\/\\\/x.com\\\/premierlawgroup\"]}]}<\/script>\n<!-- \/ Yoast SEO plugin. -->","yoast_head_json":{"title":"\u00bfCu\u00e1ndo es demasiado tarde para contratar un abogado en caso de accidente automovil\u00edstico?","description":"\u00bfSe pregunta cu\u00e1ndo es demasiado tarde para contratar a un abogado por un accidente de tr\u00e1fico? Reserve una consulta gratuita con nuestro equipo para cumplir los plazos.","robots":{"index":"index","follow":"follow","max-snippet":"max-snippet:-1","max-image-preview":"max-image-preview:large","max-video-preview":"max-video-preview:-1"},"canonical":"https:\/\/plg-pllc.com\/es\/faqs\/when-is-it-too-late-to-get-a-lawyer-for-a-car-accident\/","og_locale":"es_MX","og_type":"article","og_title":"When Is It Too Late to Get a Lawyer for a Car Accident?","og_description":"Asking yourself: \"When is it too late to get a lawyer for a car accident?\" Book a free consultation with our team to beat your deadlines.","og_url":"https:\/\/plg-pllc.com\/es\/faqs\/when-is-it-too-late-to-get-a-lawyer-for-a-car-accident\/","og_site_name":"Premier Law Group","article_publisher":"https:\/\/www.facebook.com\/premierlawgroup","article_modified_time":"2025-02-14T22:03:55+00:00","og_image":[{"width":1000,"height":667,"url":"https:\/\/plg-pllc.com\/wp-content\/uploads\/2025\/02\/when-is-it-too-late-to-get-a-lawyer-for-a-car-accident.jpeg","type":"image\/jpeg"}],"twitter_card":"summary_large_image","twitter_site":"@premierlawgroup","twitter_misc":{"Tiempo de lectura":"5 minutos"},"schema":{"@context":"https:\/\/schema.org","@graph":[{"@type":"WebPage","@id":"https:\/\/plg-pllc.com\/faqs\/when-is-it-too-late-to-get-a-lawyer-for-a-car-accident\/","url":"https:\/\/plg-pllc.com\/faqs\/when-is-it-too-late-to-get-a-lawyer-for-a-car-accident\/","name":"\u00bfCu\u00e1ndo es demasiado tarde para contratar un abogado en caso de accidente automovil\u00edstico?","isPartOf":{"@id":"https:\/\/plg-pllc.com\/#website"},"primaryImageOfPage":{"@id":"https:\/\/plg-pllc.com\/faqs\/when-is-it-too-late-to-get-a-lawyer-for-a-car-accident\/#primaryimage"},"image":{"@id":"https:\/\/plg-pllc.com\/faqs\/when-is-it-too-late-to-get-a-lawyer-for-a-car-accident\/#primaryimage"},"thumbnailUrl":"https:\/\/plg-pllc.com\/wp-content\/uploads\/2025\/02\/when-is-it-too-late-to-get-a-lawyer-for-a-car-accident.jpeg","datePublished":"2025-02-10T16:28:24+00:00","dateModified":"2025-02-14T22:03:55+00:00","description":"\u00bfSe pregunta cu\u00e1ndo es demasiado tarde para contratar a un abogado por un accidente de tr\u00e1fico? Reserve una consulta gratuita con nuestro equipo para cumplir los plazos.","breadcrumb":{"@id":"https:\/\/plg-pllc.com\/faqs\/when-is-it-too-late-to-get-a-lawyer-for-a-car-accident\/#breadcrumb"},"inLanguage":"es","potentialAction":[{"@type":"ReadAction","target":["https:\/\/plg-pllc.com\/faqs\/when-is-it-too-late-to-get-a-lawyer-for-a-car-accident\/"]}]},{"@type":"ImageObject","inLanguage":"es","@id":"https:\/\/plg-pllc.com\/faqs\/when-is-it-too-late-to-get-a-lawyer-for-a-car-accident\/#primaryimage","url":"https:\/\/plg-pllc.com\/wp-content\/uploads\/2025\/02\/when-is-it-too-late-to-get-a-lawyer-for-a-car-accident.jpeg","contentUrl":"https:\/\/plg-pllc.com\/wp-content\/uploads\/2025\/02\/when-is-it-too-late-to-get-a-lawyer-for-a-car-accident.jpeg","width":1000,"height":667,"caption":"A lawyer and client discuss a car accident behind a recreation of the crash made with wooden models of cars."},{"@type":"BreadcrumbList","@id":"https:\/\/plg-pllc.com\/faqs\/when-is-it-too-late-to-get-a-lawyer-for-a-car-accident\/#breadcrumb","itemListElement":[{"@type":"ListItem","position":1,"name":"Home","item":"https:\/\/plg-pllc.com\/es\/"},{"@type":"ListItem","position":2,"name":"FAQs","item":"https:\/\/plg-pllc.com\/es\/faqs\/"},{"@type":"ListItem","position":3,"name":"When Is It Too Late to Get a Lawyer for a Car Accident?"}]},{"@type":"WebSite","@id":"https:\/\/plg-pllc.com\/#website","url":"https:\/\/plg-pllc.com\/","name":"Grupo de abogados Premier","description":"Abogado de muerte por negligencia y lesiones graves en Washington","publisher":{"@id":"https:\/\/plg-pllc.com\/#organization"},"inLanguage":"es"},{"@type":"Organization","@id":"https:\/\/plg-pllc.com\/#organization","name":"Grupo de abogados Premier","url":"https:\/\/plg-pllc.com\/","logo":{"@type":"ImageObject","inLanguage":"es","@id":"https:\/\/plg-pllc.com\/#\/schema\/logo\/image\/","url":"https:\/\/plg-pllc.com\/wp-content\/uploads\/2020\/10\/plg-logo-v2.gif","contentUrl":"https:\/\/plg-pllc.com\/wp-content\/uploads\/2020\/10\/plg-logo-v2.gif","width":592,"height":191,"caption":"Premier Law Group"},"image":{"@id":"https:\/\/plg-pllc.com\/#\/schema\/logo\/image\/"},"sameAs":["https:\/\/www.facebook.com\/premierlawgroup","https:\/\/x.com\/premierlawgroup"]}]}},"_links":{"self":[{"href":"https:\/\/plg-pllc.com\/es\/wp-json\/wp\/v2\/pages\/21109","targetHints":{"allow":["GET"]}}],"collection":[{"href":"https:\/\/plg-pllc.com\/es\/wp-json\/wp\/v2\/pages"}],"about":[{"href":"https:\/\/plg-pllc.com\/es\/wp-json\/wp\/v2\/types\/page"}],"author":[{"embeddable":true,"href":"https:\/\/plg-pllc.com\/es\/wp-json\/wp\/v2\/users\/42"}],"replies":[{"embeddable":true,"href":"https:\/\/plg-pllc.com\/es\/wp-json\/wp\/v2\/comments?post=21109"}],"version-history":[{"count":0,"href":"https:\/\/plg-pllc.com\/es\/wp-json\/wp\/v2\/pages\/21109\/revisions"}],"up":[{"embeddable":true,"href":"https:\/\/plg-pllc.com\/es\/wp-json\/wp\/v2\/pages\/20714"}],"wp:featuredmedia":[{"embeddable":true,"href":"https:\/\/plg-pllc.com\/es\/wp-json\/wp\/v2\/media\/21110"}],"wp:attachment":[{"href":"https:\/\/plg-pllc.com\/es\/wp-json\/wp\/v2\/media?parent=21109"}],"wp:term":[{"taxonomy":"hc_faqs","embeddable":true,"href":"https:\/\/plg-pllc.com\/es\/wp-json\/wp\/v2\/hc_faqs?post=21109"}],"curies":[{"name":"gracias","href":"https:\/\/api.w.org\/{rel}","templated":true}]}}