{"id":21149,"date":"2025-03-03T10:58:16","date_gmt":"2025-03-03T18:58:16","guid":{"rendered":"https:\/\/plg-pllc.com\/?page_id=21149"},"modified":"2025-03-06T08:37:25","modified_gmt":"2025-03-06T16:37:25","slug":"what-to-do-after-a-motorcycle-accident-in-washington","status":"publish","type":"page","link":"https:\/\/plg-pllc.com\/es\/faqs\/what-to-do-after-a-motorcycle-accident-in-washington\/","title":{"rendered":"Qu\u00e9 hacer despu\u00e9s de un accidente de motocicleta en Washington"},"content":{"rendered":"<p><span style=\"font-weight: 400;\">Despu\u00e9s de un accidente de motocicleta en Washington, su prioridad debe ser su seguridad. <\/span><b>Aseg\u00farate de estar fuera de peligro<\/b>&#039;<b>a mi manera<\/b>,<b> Luego reporta el accidente<\/b><span style=\"font-weight: 400;\"> A la polic\u00eda y a su compa\u00f1\u00eda de seguros. Incluso si se siente bien, debe buscar atenci\u00f3n m\u00e9dica porque podr\u00eda tener lesiones con s\u00edntomas retardados.\u00a0<\/span><\/p>\n<p><span style=\"font-weight: 400;\">Los pasos que tome inmediatamente despu\u00e9s de la colisi\u00f3n influir\u00e1n en el valor de su reclamo. <\/span><a href=\"https:\/\/plg-pllc.com\/bellevue\/motorcycle-accident-lawyer\/\"><span style=\"font-weight: 400;\">Abogado de accidentes de motocicleta en Bellevue<\/span><\/a><span style=\"font-weight: 400;\"> Le informaremos todo lo que necesita saber para tomar decisiones informadas sobre su caso.<\/span><\/p>\n<h2><span style=\"font-weight: 400;\">Mu\u00e9vete a un lugar seguro<\/span><\/h2>\n<p><span style=\"font-weight: 400;\">Si puede moverse, salga de la carretera para evitar mayores peligros por parte de los veh\u00edculos que pasan. <\/span><b>Intenta moverte hacia el hombro.<\/b>,<b> una acera<\/b>,<b> o cualquier zona segura cercana<\/b><span style=\"font-weight: 400;\">Si no puede moverse debido a lesiones, qu\u00e9dese donde est\u00e1 y espere a que llegue el personal de emergencia.<\/span><\/p>\n<p><span style=\"font-weight: 400;\">Encienda las luces de emergencia o use una linterna para hacerse m\u00e1s visible, especialmente en condiciones de poca luz. No se pare demasiado cerca del tr\u00e1fico ni permanezca en un punto ciego donde otros conductores puedan no verlo.<\/span><\/p>\n<h2><span style=\"font-weight: 400;\">Llama a la polic\u00eda para denunciar el accidente de motocicleta en Washington<\/span><\/h2>\n<p><span style=\"font-weight: 400;\">La polic\u00eda crear\u00e1 un informe oficial del accidente, que puede ser \u00fatil para reclamos de seguros y asuntos legales. La ley de Washington requiere <\/span><b>Informar de accidentes que resulten en lesiones<\/b><span style=\"font-weight: 400;\">, muerte o da\u00f1os a la propiedad superiores a $1,000.<\/span><\/p>\n<p><span style=\"font-weight: 400;\">Los agentes documentar\u00e1n la escena, recopilar\u00e1n declaraciones de testigos y determinar\u00e1n si se infringieron las normas de tr\u00e1nsito. Su informe proporciona un relato imparcial de lo sucedido. Incluso si el accidente parece menor, tener un informe policial puede evitar disputas.<\/span><\/p>\n<h2><span style=\"font-weight: 400;\">Intercambio de informaci\u00f3n con las dem\u00e1s partes involucradas<\/span><\/h2>\n<p><span style=\"font-weight: 400;\">El intercambio de informaci\u00f3n con los dem\u00e1s conductores implicados en el accidente es esencial para reclamar al seguro y a efectos legales. Si el otro conductor se niega a compartir sus datos, espere a que llegue la polic\u00eda y documente la situaci\u00f3n.<\/span><\/p>\n<p><span style=\"font-weight: 400;\">Deber\u00edas obtener lo siguiente del otro conductor:<\/span><\/p>\n<ul>\n<li style=\"font-weight: 400;\" aria-level=\"1\"><span style=\"font-weight: 400;\">Nombre<\/span><\/li>\n<li style=\"font-weight: 400;\" aria-level=\"1\"><span style=\"font-weight: 400;\">Datos de contacto<\/span><\/li>\n<li style=\"font-weight: 400;\" aria-level=\"1\"><span style=\"font-weight: 400;\">N\u00famero de licencia de conducir<\/span><\/li>\n<li style=\"font-weight: 400;\" aria-level=\"1\"><span style=\"font-weight: 400;\">N\u00famero de matr\u00edcula<\/span><\/li>\n<li style=\"font-weight: 400;\" aria-level=\"1\"><span style=\"font-weight: 400;\">Informaci\u00f3n de seguros<\/span><\/li>\n<\/ul>\n<p><span style=\"font-weight: 400;\">La ley tambi\u00e9n exige que proporciones tu propia informaci\u00f3n. Este intercambio ayuda a garantizar que todas las partes puedan informar correctamente del accidente a sus compa\u00f1\u00edas de seguros.<\/span><\/p>\n\n        <div class=\"rs-content-cta long\">\n            <p>Para una consulta legal GRATUITA, llame al <a href=\"tel:+12062851743\">(206) 285-1743 <\/a><\/p>\n            <a href=\"https:\/\/plg-pllc.com\/es\/contact-us\/\" title=\"OBTENGA UNA EVALUACI\u00d3N DE CASO GRATUITA\" class=\"btn-global\">OBTENGA UNA EVALUACI\u00d3N DE CASO GRATUITA<\/a>\n                    <picture>\n                            <source srcset=\"https:\/\/plg-pllc.com\/wp-content\/themes\/plg-pllc-redesign\/assets\/app\/img\/cta-thumb.webp\" type=\"image\/webp\"\/>\n                            <img src=\"https:\/\/plg-pllc.com\/wp-content\/themes\/plg-pllc-redesign\/assets\/app\/img\/cta-thumb.png\" alt=\"Grupo de abogados Premier\" title=\"Grupo de abogados Premier\" width=\"245\" height=\"220\" loading=\"auto\" fetchpriority=\"auto\" decoding=\"async\"\/>\n        <\/picture>\n        \n        <\/div><h2><span style=\"font-weight: 400;\">Recopilar evidencia en la escena del accidente de motocicleta<\/span><\/h2>\n<p><span style=\"font-weight: 400;\">Las pruebas nuevas en el lugar del accidente de motocicleta reforzar\u00e1n su demanda al proporcionar detalles claros y precisos sobre lo que sucedi\u00f3. Escriba sus propios recuerdos del accidente mientras los detalles a\u00fan est\u00e9n frescos en su mente.<\/span><\/p>\n<p><span style=\"font-weight: 400;\">Inmediatamente despu\u00e9s del accidente, tome fotograf\u00edas y videos de:<\/span><\/p>\n<ul>\n<li style=\"font-weight: 400;\" aria-level=\"1\"><span style=\"font-weight: 400;\">Veh\u00edculos<\/span><\/li>\n<li style=\"font-weight: 400;\" aria-level=\"1\"><span style=\"font-weight: 400;\">Condiciones de la carretera<\/span><\/li>\n<li style=\"font-weight: 400;\" aria-level=\"1\"><span style=\"font-weight: 400;\">Se\u00f1ales de tr\u00e1fico<\/span><\/li>\n<li style=\"font-weight: 400;\" aria-level=\"1\"><span style=\"font-weight: 400;\">Marcas de derrape<\/span><\/li>\n<li style=\"font-weight: 400;\" aria-level=\"1\"><span style=\"font-weight: 400;\">Cualquier lesi\u00f3n visible<\/span><\/li>\n<\/ul>\n<p><span style=\"font-weight: 400;\">Las declaraciones de testigos pueden ayudar a respaldar su versi\u00f3n de los hechos. Si alguien vio lo que sucedi\u00f3, p\u00eddale su nombre, n\u00famero de tel\u00e9fono y direcci\u00f3n de correo electr\u00f3nico para poder contactarlo m\u00e1s tarde si es necesario.<\/span><\/p>\n<p><span style=\"font-weight: 400;\">Cuanto antes re\u00fana pruebas, menos probabilidades habr\u00e1 de que se pierdan, se modifiquen o se olviden. Una prueba s\u00f3lida puede respaldar su reclamaci\u00f3n al seguro o su caso legal, lo que ayudar\u00e1 a demostrar la culpa y a garantizar una indemnizaci\u00f3n justa.<\/span><\/p>\n<h2><span style=\"font-weight: 400;\">No admita culpas ni haga declaraciones a los dem\u00e1s<\/span><\/h2>\n<p><span style=\"font-weight: 400;\">Despu\u00e9s de un accidente de motocicleta, debe evitar admitir la culpa o hacer declaraciones a otras personas, ya que cualquier cosa que diga podr\u00eda usarse en su contra m\u00e1s adelante. Incluso si cree que puede ser responsable, es posible que no tenga todos los hechos y otros factores (como las condiciones de la carretera, las se\u00f1ales de tr\u00e1nsito o las acciones del otro conductor) podr\u00edan haber contribuido al accidente.<\/span><\/p>\n<p><b>Admitir la culpa puede perjudicar sus posibilidades de recibir una compensaci\u00f3n justa<\/b><span style=\"font-weight: 400;\"> de las compa\u00f1\u00edas de seguros o en un caso de lesiones personales. En lugar de eso, ap\u00e9guese a los hechos cuando hable con la polic\u00eda y su compa\u00f1\u00eda de seguros.<\/span><\/p>\n<h2><span style=\"font-weight: 400;\">Busque atenci\u00f3n m\u00e9dica<\/span><\/h2>\n<p><span style=\"font-weight: 400;\">Debe buscar atenci\u00f3n m\u00e9dica despu\u00e9s de un accidente de motocicleta incluso si se siente bien porque algunas lesiones pueden no mostrar s\u00edntomas de inmediato. La adrenalina y el shock pueden enmascarar el dolor, lo que dificulta saber si est\u00e1 herido. Lesiones como <\/span><a href=\"https:\/\/www.mayoclinic.org\/diseases-conditions\/concussion\/symptoms-causes\/syc-20355594\" target=\"_blank\" rel=\"noopener\"><span style=\"font-weight: 400;\">conmociones cerebrales<\/span><\/a><span style=\"font-weight: 400;\">, El sangrado interno o el da\u00f1o a los tejidos blandos pueden tardar horas o incluso d\u00edas en hacerse evidentes.<\/span><\/p>\n<p><span style=\"font-weight: 400;\">Mantenga registros de las facturas m\u00e9dicas y los salarios perdidos despu\u00e9s de un accidente de motocicleta para demostrar el impacto financiero de sus lesiones. Las facturas m\u00e9dicas muestran el costo del tratamiento, incluidas las visitas al hospital, los medicamentos, la fisioterapia y cualquier atenci\u00f3n continua. Los registros de salarios perdidos ayudan a demostrar cu\u00e1nto ingreso perdi\u00f3 debido a sus lesiones.<\/span><\/p>\n<h2><span style=\"font-weight: 400;\">Notifique a su compa\u00f1\u00eda de seguros despu\u00e9s de un accidente de motocicleta en Washington<\/span><\/h2>\n<p><span style=\"font-weight: 400;\">La mayor\u00eda de las p\u00f3lizas de seguro exigen que se informe de los accidentes con prontitud, y una demora podr\u00eda afectar su capacidad para presentar una reclamaci\u00f3n. Cuando hable con su aseguradora, <\/span><b>Proporcionar datos b\u00e1sicos<\/b><span style=\"font-weight: 400;\"> sobre el accidente, pero evite admitir culpa o especular sobre lo que sucedi\u00f3.<\/span><\/p>\n<p><span style=\"font-weight: 400;\">La compa\u00f1\u00eda de seguros revisar\u00e1 su reclamo, evaluar\u00e1 los da\u00f1os y determinar\u00e1 la cobertura seg\u00fan su p\u00f3liza. Incluso si el accidente no fue su culpa, informarlo ayuda a proteger sus derechos y garantiza que reciba todos los beneficios a los que tiene derecho, como cobertura m\u00e9dica o reparaciones del veh\u00edculo.<\/span><\/p>\n<h2><span style=\"font-weight: 400;\">Consulte a un abogado especializado en accidentes de motocicleta en Washington<\/span><\/h2>\n<p><span style=\"font-weight: 400;\">No atraviese solo las consecuencias legales de un accidente de motocicleta. Puede confiar en nuestros abogados de lesiones personales para que se ocupen de todos los aspectos legales de su caso mientras usted se concentra en recuperarse. Lucharemos para obtener la compensaci\u00f3n que necesita para reconstruir su vida.<\/span><\/p>\n<p><span style=\"font-weight: 400;\">En Premier Law Group, nuestro equipo legal tiene m\u00e1s de <\/span><b>55 a\u00f1os de experiencia jur\u00eddica combinada<\/b><span style=\"font-weight: 400;\">Hemos recuperado m\u00e1s de 100 millones de TWD para nuestros clientes y seguimos ganando casos.<\/span><\/p>\n<p><span style=\"font-weight: 400;\">La reuni\u00f3n con un abogado debe sentirse como una conversaci\u00f3n, no solo como una consulta. Nos tomamos el tiempo para escuchar su historia, comprender sus inquietudes y responder sus preguntas sin presi\u00f3n ni obligaci\u00f3n. Cont\u00e1ctenos hoy para compartir su experiencia con nuestros abogados de accidentes de motocicleta en Washington.<\/span><\/p>\n\n        <div class=\"rs-content-cta\">\n            <p>Llamar o enviar mensaje de texto <a href=\"tel:+12062851743\">(206) 285-1743<\/a> o complete un formulario de evaluaci\u00f3n de caso gratuito<\/p>\n            <a href=\"https:\/\/plg-pllc.com\/es\/contact-us\/\" title=\"OBTENGA UNA EVALUACI\u00d3N DE CASO GRATUITA\" class=\"btn-global\">OBTENGA UNA EVALUACI\u00d3N DE CASO GRATUITA<\/a>\n                    <picture>\n                            <source srcset=\"https:\/\/plg-pllc.com\/wp-content\/themes\/plg-pllc-redesign\/assets\/app\/img\/cta-thumb.webp\" type=\"image\/webp\"\/>\n                            <img src=\"https:\/\/plg-pllc.com\/wp-content\/themes\/plg-pllc-redesign\/assets\/app\/img\/cta-thumb.png\" alt=\"Grupo de abogados Premier\" title=\"Grupo de abogados Premier\" width=\"245\" height=\"220\" loading=\"auto\" fetchpriority=\"auto\" decoding=\"async\"\/>\n        <\/picture>\n        \n        <\/div>","protected":false},"excerpt":{"rendered":"<p>Despu\u00e9s de un accidente de motocicleta en Washington, su prioridad debe ser su seguridad. Aseg\u00farese de estar fuera de peligro y luego informe el accidente a la polic\u00eda y a su compa\u00f1\u00eda de seguros. Incluso si se siente bien, debe buscar atenci\u00f3n m\u00e9dica porque podr\u00eda tener lesiones con s\u00edntomas retardados. Los pasos que tome ahora mismo...<\/p>","protected":false},"author":59,"featured_media":21150,"parent":20714,"menu_order":0,"comment_status":"closed","ping_status":"closed","template":"","meta":{"_acf_changed":false,"_genesis_hide_title":false,"_genesis_hide_breadcrumbs":false,"_genesis_hide_singular_image":false,"_genesis_hide_footer_widgets":false,"_genesis_custom_body_class":"","_genesis_custom_post_class":"","_genesis_layout":"","footnotes":""},"hc_faqs":[10366],"class_list":{"0":"post-21149","1":"page","2":"type-page","3":"status-publish","4":"has-post-thumbnail","6":"hc_faqs-motorcycle-accident","7":"entry"},"acf":[],"yoast_head":"<!-- This site is optimized with the Yoast SEO plugin v27.4 - https:\/\/yoast.com\/product\/yoast-seo-wordpress\/ -->\n<title>What You Should Do After a Motorcycle Accident in Washington<\/title>\n<meta name=\"description\" content=\"Find out from experienced personal injury lawyers what to do after a motorcycle accident in Washington to protect the value of your claim.\" \/>\n<meta name=\"robots\" content=\"index, follow, max-snippet:-1, max-image-preview:large, max-video-preview:-1\" \/>\n<link rel=\"canonical\" href=\"https:\/\/plg-pllc.com\/es\/faqs\/what-to-do-after-a-motorcycle-accident-in-washington\/\" \/>\n<meta property=\"og:locale\" content=\"es_MX\" \/>\n<meta property=\"og:type\" content=\"article\" \/>\n<meta property=\"og:title\" content=\"What You Should Do After a Motorcycle Accident in Washington\" \/>\n<meta property=\"og:description\" content=\"Find out from experienced personal injury lawyers what to do after a motorcycle accident in Washington to protect the value of your claim.\" \/>\n<meta property=\"og:url\" content=\"https:\/\/plg-pllc.com\/es\/faqs\/what-to-do-after-a-motorcycle-accident-in-washington\/\" \/>\n<meta property=\"og:site_name\" content=\"Premier Law Group\" \/>\n<meta property=\"article:publisher\" content=\"https:\/\/www.facebook.com\/premierlawgroup\" \/>\n<meta property=\"article:modified_time\" content=\"2025-03-06T16:37:25+00:00\" \/>\n<meta property=\"og:image\" content=\"https:\/\/plg-pllc.com\/wp-content\/uploads\/2025\/03\/what-to-do-after-a-motorcycle-accident-in-washington.jpg\" \/>\n\t<meta property=\"og:image:width\" content=\"1000\" \/>\n\t<meta property=\"og:image:height\" content=\"667\" \/>\n\t<meta property=\"og:image:type\" content=\"image\/jpeg\" \/>\n<meta name=\"twitter:card\" content=\"summary_large_image\" \/>\n<meta name=\"twitter:site\" content=\"@premierlawgroup\" \/>\n<meta name=\"twitter:label1\" content=\"Tiempo de lectura\" \/>\n\t<meta name=\"twitter:data1\" content=\"5 minutos\" \/>\n<script type=\"application\/ld+json\" class=\"yoast-schema-graph\">{\"@context\":\"https:\\\/\\\/schema.org\",\"@graph\":[{\"@type\":\"WebPage\",\"@id\":\"https:\\\/\\\/plg-pllc.com\\\/faqs\\\/what-to-do-after-a-motorcycle-accident-in-washington\\\/\",\"url\":\"https:\\\/\\\/plg-pllc.com\\\/faqs\\\/what-to-do-after-a-motorcycle-accident-in-washington\\\/\",\"name\":\"What You Should Do After a Motorcycle Accident in Washington\",\"isPartOf\":{\"@id\":\"https:\\\/\\\/plg-pllc.com\\\/#website\"},\"primaryImageOfPage\":{\"@id\":\"https:\\\/\\\/plg-pllc.com\\\/faqs\\\/what-to-do-after-a-motorcycle-accident-in-washington\\\/#primaryimage\"},\"image\":{\"@id\":\"https:\\\/\\\/plg-pllc.com\\\/faqs\\\/what-to-do-after-a-motorcycle-accident-in-washington\\\/#primaryimage\"},\"thumbnailUrl\":\"https:\\\/\\\/plg-pllc.com\\\/wp-content\\\/uploads\\\/2025\\\/03\\\/what-to-do-after-a-motorcycle-accident-in-washington.jpg\",\"datePublished\":\"2025-03-03T18:58:16+00:00\",\"dateModified\":\"2025-03-06T16:37:25+00:00\",\"description\":\"Find out from experienced personal injury lawyers what to do after a motorcycle accident in Washington to protect the value of your claim.\",\"breadcrumb\":{\"@id\":\"https:\\\/\\\/plg-pllc.com\\\/faqs\\\/what-to-do-after-a-motorcycle-accident-in-washington\\\/#breadcrumb\"},\"inLanguage\":\"es\",\"potentialAction\":[{\"@type\":\"ReadAction\",\"target\":[\"https:\\\/\\\/plg-pllc.com\\\/faqs\\\/what-to-do-after-a-motorcycle-accident-in-washington\\\/\"]}]},{\"@type\":\"ImageObject\",\"inLanguage\":\"es\",\"@id\":\"https:\\\/\\\/plg-pllc.com\\\/faqs\\\/what-to-do-after-a-motorcycle-accident-in-washington\\\/#primaryimage\",\"url\":\"https:\\\/\\\/plg-pllc.com\\\/wp-content\\\/uploads\\\/2025\\\/03\\\/what-to-do-after-a-motorcycle-accident-in-washington.jpg\",\"contentUrl\":\"https:\\\/\\\/plg-pllc.com\\\/wp-content\\\/uploads\\\/2025\\\/03\\\/what-to-do-after-a-motorcycle-accident-in-washington.jpg\",\"width\":1000,\"height\":667,\"caption\":\"A motorcycle lies on the sidewalk after a collision. A personal injury lawyer can tell you more about what to do after a motorcycle accident in Washington.\"},{\"@type\":\"BreadcrumbList\",\"@id\":\"https:\\\/\\\/plg-pllc.com\\\/faqs\\\/what-to-do-after-a-motorcycle-accident-in-washington\\\/#breadcrumb\",\"itemListElement\":[{\"@type\":\"ListItem\",\"position\":1,\"name\":\"Home\",\"item\":\"https:\\\/\\\/plg-pllc.com\\\/es\\\/\"},{\"@type\":\"ListItem\",\"position\":2,\"name\":\"FAQs\",\"item\":\"https:\\\/\\\/plg-pllc.com\\\/es\\\/faqs\\\/\"},{\"@type\":\"ListItem\",\"position\":3,\"name\":\"What to Do After a Motorcycle Accident in Washington\"}]},{\"@type\":\"WebSite\",\"@id\":\"https:\\\/\\\/plg-pllc.com\\\/#website\",\"url\":\"https:\\\/\\\/plg-pllc.com\\\/\",\"name\":\"Premier Law Group\",\"description\":\"Washington Wrongful Death and Serious Injury Lawyer\",\"publisher\":{\"@id\":\"https:\\\/\\\/plg-pllc.com\\\/#organization\"},\"inLanguage\":\"es\"},{\"@type\":\"Organization\",\"@id\":\"https:\\\/\\\/plg-pllc.com\\\/#organization\",\"name\":\"Premier Law Group\",\"url\":\"https:\\\/\\\/plg-pllc.com\\\/\",\"logo\":{\"@type\":\"ImageObject\",\"inLanguage\":\"es\",\"@id\":\"https:\\\/\\\/plg-pllc.com\\\/#\\\/schema\\\/logo\\\/image\\\/\",\"url\":\"https:\\\/\\\/plg-pllc.com\\\/wp-content\\\/uploads\\\/2020\\\/10\\\/plg-logo-v2.gif\",\"contentUrl\":\"https:\\\/\\\/plg-pllc.com\\\/wp-content\\\/uploads\\\/2020\\\/10\\\/plg-logo-v2.gif\",\"width\":592,\"height\":191,\"caption\":\"Premier Law Group\"},\"image\":{\"@id\":\"https:\\\/\\\/plg-pllc.com\\\/#\\\/schema\\\/logo\\\/image\\\/\"},\"sameAs\":[\"https:\\\/\\\/www.facebook.com\\\/premierlawgroup\",\"https:\\\/\\\/x.com\\\/premierlawgroup\"]}]}<\/script>\n<!-- \/ Yoast SEO plugin. -->","yoast_head_json":{"title":"Qu\u00e9 debe hacer despu\u00e9s de sufrir un accidente de motocicleta en Washington","description":"Descubra con abogados con experiencia en lesiones personales qu\u00e9 hacer despu\u00e9s de un accidente de motocicleta en Washington para proteger el valor de su reclamo.","robots":{"index":"index","follow":"follow","max-snippet":"max-snippet:-1","max-image-preview":"max-image-preview:large","max-video-preview":"max-video-preview:-1"},"canonical":"https:\/\/plg-pllc.com\/es\/faqs\/what-to-do-after-a-motorcycle-accident-in-washington\/","og_locale":"es_MX","og_type":"article","og_title":"What You Should Do After a Motorcycle Accident in Washington","og_description":"Find out from experienced personal injury lawyers what to do after a motorcycle accident in Washington to protect the value of your claim.","og_url":"https:\/\/plg-pllc.com\/es\/faqs\/what-to-do-after-a-motorcycle-accident-in-washington\/","og_site_name":"Premier Law Group","article_publisher":"https:\/\/www.facebook.com\/premierlawgroup","article_modified_time":"2025-03-06T16:37:25+00:00","og_image":[{"width":1000,"height":667,"url":"https:\/\/plg-pllc.com\/wp-content\/uploads\/2025\/03\/what-to-do-after-a-motorcycle-accident-in-washington.jpg","type":"image\/jpeg"}],"twitter_card":"summary_large_image","twitter_site":"@premierlawgroup","twitter_misc":{"Tiempo de lectura":"5 minutos"},"schema":{"@context":"https:\/\/schema.org","@graph":[{"@type":"WebPage","@id":"https:\/\/plg-pllc.com\/faqs\/what-to-do-after-a-motorcycle-accident-in-washington\/","url":"https:\/\/plg-pllc.com\/faqs\/what-to-do-after-a-motorcycle-accident-in-washington\/","name":"Qu\u00e9 debe hacer despu\u00e9s de sufrir un accidente de motocicleta en Washington","isPartOf":{"@id":"https:\/\/plg-pllc.com\/#website"},"primaryImageOfPage":{"@id":"https:\/\/plg-pllc.com\/faqs\/what-to-do-after-a-motorcycle-accident-in-washington\/#primaryimage"},"image":{"@id":"https:\/\/plg-pllc.com\/faqs\/what-to-do-after-a-motorcycle-accident-in-washington\/#primaryimage"},"thumbnailUrl":"https:\/\/plg-pllc.com\/wp-content\/uploads\/2025\/03\/what-to-do-after-a-motorcycle-accident-in-washington.jpg","datePublished":"2025-03-03T18:58:16+00:00","dateModified":"2025-03-06T16:37:25+00:00","description":"Descubra con abogados con experiencia en lesiones personales qu\u00e9 hacer despu\u00e9s de un accidente de motocicleta en Washington para proteger el valor de su reclamo.","breadcrumb":{"@id":"https:\/\/plg-pllc.com\/faqs\/what-to-do-after-a-motorcycle-accident-in-washington\/#breadcrumb"},"inLanguage":"es","potentialAction":[{"@type":"ReadAction","target":["https:\/\/plg-pllc.com\/faqs\/what-to-do-after-a-motorcycle-accident-in-washington\/"]}]},{"@type":"ImageObject","inLanguage":"es","@id":"https:\/\/plg-pllc.com\/faqs\/what-to-do-after-a-motorcycle-accident-in-washington\/#primaryimage","url":"https:\/\/plg-pllc.com\/wp-content\/uploads\/2025\/03\/what-to-do-after-a-motorcycle-accident-in-washington.jpg","contentUrl":"https:\/\/plg-pllc.com\/wp-content\/uploads\/2025\/03\/what-to-do-after-a-motorcycle-accident-in-washington.jpg","width":1000,"height":667,"caption":"A motorcycle lies on the sidewalk after a collision. A personal injury lawyer can tell you more about what to do after a motorcycle accident in Washington."},{"@type":"BreadcrumbList","@id":"https:\/\/plg-pllc.com\/faqs\/what-to-do-after-a-motorcycle-accident-in-washington\/#breadcrumb","itemListElement":[{"@type":"ListItem","position":1,"name":"Home","item":"https:\/\/plg-pllc.com\/es\/"},{"@type":"ListItem","position":2,"name":"FAQs","item":"https:\/\/plg-pllc.com\/es\/faqs\/"},{"@type":"ListItem","position":3,"name":"What to Do After a Motorcycle Accident in Washington"}]},{"@type":"WebSite","@id":"https:\/\/plg-pllc.com\/#website","url":"https:\/\/plg-pllc.com\/","name":"Grupo de abogados Premier","description":"Abogado de muerte por negligencia y lesiones graves en Washington","publisher":{"@id":"https:\/\/plg-pllc.com\/#organization"},"inLanguage":"es"},{"@type":"Organization","@id":"https:\/\/plg-pllc.com\/#organization","name":"Grupo de abogados Premier","url":"https:\/\/plg-pllc.com\/","logo":{"@type":"ImageObject","inLanguage":"es","@id":"https:\/\/plg-pllc.com\/#\/schema\/logo\/image\/","url":"https:\/\/plg-pllc.com\/wp-content\/uploads\/2020\/10\/plg-logo-v2.gif","contentUrl":"https:\/\/plg-pllc.com\/wp-content\/uploads\/2020\/10\/plg-logo-v2.gif","width":592,"height":191,"caption":"Premier Law Group"},"image":{"@id":"https:\/\/plg-pllc.com\/#\/schema\/logo\/image\/"},"sameAs":["https:\/\/www.facebook.com\/premierlawgroup","https:\/\/x.com\/premierlawgroup"]}]}},"_links":{"self":[{"href":"https:\/\/plg-pllc.com\/es\/wp-json\/wp\/v2\/pages\/21149","targetHints":{"allow":["GET"]}}],"collection":[{"href":"https:\/\/plg-pllc.com\/es\/wp-json\/wp\/v2\/pages"}],"about":[{"href":"https:\/\/plg-pllc.com\/es\/wp-json\/wp\/v2\/types\/page"}],"author":[{"embeddable":true,"href":"https:\/\/plg-pllc.com\/es\/wp-json\/wp\/v2\/users\/59"}],"replies":[{"embeddable":true,"href":"https:\/\/plg-pllc.com\/es\/wp-json\/wp\/v2\/comments?post=21149"}],"version-history":[{"count":0,"href":"https:\/\/plg-pllc.com\/es\/wp-json\/wp\/v2\/pages\/21149\/revisions"}],"up":[{"embeddable":true,"href":"https:\/\/plg-pllc.com\/es\/wp-json\/wp\/v2\/pages\/20714"}],"wp:featuredmedia":[{"embeddable":true,"href":"https:\/\/plg-pllc.com\/es\/wp-json\/wp\/v2\/media\/21150"}],"wp:attachment":[{"href":"https:\/\/plg-pllc.com\/es\/wp-json\/wp\/v2\/media?parent=21149"}],"wp:term":[{"taxonomy":"hc_faqs","embeddable":true,"href":"https:\/\/plg-pllc.com\/es\/wp-json\/wp\/v2\/hc_faqs?post=21149"}],"curies":[{"name":"gracias","href":"https:\/\/api.w.org\/{rel}","templated":true}]}}