{"id":21158,"date":"2025-03-09T00:33:18","date_gmt":"2025-03-09T08:33:18","guid":{"rendered":"https:\/\/plg-pllc.com\/?page_id=21158"},"modified":"2025-03-12T10:44:57","modified_gmt":"2025-03-12T17:44:57","slug":"seattle-dog-bite-lawyer","status":"publish","type":"page","link":"https:\/\/plg-pllc.com\/es\/seattle\/dog-bite-lawyer\/","title":{"rendered":"Abogado de mordeduras de perros en Seattle"},"content":{"rendered":"<p><span style=\"font-weight: 400;\">Los estatutos civiles de Washington establecen que los due\u00f1os de perros deben<\/span> <span style=\"font-weight: 400;\">Asumir la responsabilidad legal por el comportamiento de sus perros. Esto significa que si un perro lo ataca, tiene derecho a pedirle a un abogado especializado en mordeduras de perros de Seattle que lo ayude a reclamar da\u00f1os y perjuicios en funci\u00f3n de sus p\u00e9rdidas. Su reclamaci\u00f3n de da\u00f1os y perjuicios puede ayudarlo a pagar los tratamientos que necesita para recuperarse de sus lesiones.<\/span><\/p>\n<p><span style=\"font-weight: 400;\">Premier Law Group trae <\/span><b>M\u00e1s de 55 a\u00f1os de experiencia legal combinada<\/b><span style=\"font-weight: 400;\"> a su b\u00fasqueda de da\u00f1os y perjuicios despu\u00e9s de un accidente que involucr\u00f3 a un perro fuera de control.<\/span><\/p>\n<p><span style=\"font-weight: 400;\">Puedes contar con nosotros <\/span><a href=\"https:\/\/plg-pllc.com\/seattle\/personal-injury-lawyer\/\"><span style=\"font-weight: 400;\">Abogados de lesiones personales en Seattle<\/span><\/a><span style=\"font-weight: 400;\"> Tomar en serio sus p\u00e9rdidas. Podemos mediar con las compa\u00f1\u00edas de seguros en su nombre y, al mismo tiempo, prepararlo para llevar su lucha por la ayuda a los tribunales.<\/span><\/p>\n<p><span style=\"font-weight: 400;\">Premier Law Group: lo suficientemente grande para ganar, lo suficientemente peque\u00f1o para preocuparse.<\/span><\/p>\n<h2>\u00bfQu\u00e9 debes hacer despu\u00e9s de una mordedura de perro?<\/h2>\n<p><span style=\"font-weight: 400;\">Si un perro lo ataca, su salud debe ser su prioridad. Si no es seguro para usted permanecer en el lugar y necesita tratamiento m\u00e9dico inmediato, llame al 911. Si no se encuentra en el estado para hacerlo, pida a alguien que se encuentre en las cercan\u00edas que se ponga en contacto con los servicios de emergencia de inmediato.<\/span><\/p>\n<p><span style=\"font-weight: 400;\">Si es seguro para usted permanecer en el lugar y no est\u00e1 gravemente herido, no<\/span> <span style=\"font-weight: 400;\">Interact\u00fae con el perro peligroso. En lugar de eso, intente documentar el nombre y el n\u00famero de tel\u00e9fono del due\u00f1o del perro sin ponerse en peligro. Tambi\u00e9n puede hablar con los testigos y pedirles su informaci\u00f3n de contacto y una breve declaraci\u00f3n sobre su accidente.<\/span><\/p>\n<p><span style=\"font-weight: 400;\">Incluso si no sufre lesiones graves despu\u00e9s del ataque de un perro, es conveniente que examine la herida de la mordedura lo antes posible.<\/span><\/p>\n<p><b>No quieres que las bacterias se instalen y pongan en riesgo tu salud.<\/b>.<span style=\"font-weight: 400;\"> Aseg\u00farese de mantener un registro de toda la documentaci\u00f3n relevante a sus lesiones, ya que m\u00e1s adelante puede utilizarla para solicitar una compensaci\u00f3n basada en sus p\u00e9rdidas.<\/span><\/p>\n<h2>\u00bfQu\u00e9 informaci\u00f3n necesita un abogado especializado en mordeduras de perro de Seattle para buscar justicia en su nombre?<\/h2>\n<p><span style=\"font-weight: 400;\">Tiene derecho a ponerse en contacto con un abogado especializado en mordeduras de perros de Seattle inmediatamente despu\u00e9s de un incidente con un perro fuera de control. Si bien los abogados pueden realizar una investigaci\u00f3n independiente sobre sus p\u00e9rdidas, usted puede respaldar esa investigaci\u00f3n brind\u00e1ndole a su representante informaci\u00f3n como:<\/span><\/p>\n<ul>\n<li style=\"font-weight: 400;\" aria-level=\"1\"><span style=\"font-weight: 400;\">Cu\u00e1ndo y d\u00f3nde tuvo lugar el ataque<\/span><\/li>\n<li style=\"font-weight: 400;\" aria-level=\"1\"><span style=\"font-weight: 400;\">El nombre y la informaci\u00f3n de contacto del due\u00f1o del perro.<\/span><\/li>\n<li style=\"font-weight: 400;\" aria-level=\"1\"><span style=\"font-weight: 400;\">Fotograf\u00edas del perro, si est\u00e1n disponibles.<\/span><\/li>\n<li style=\"font-weight: 400;\" aria-level=\"1\"><span style=\"font-weight: 400;\">Un informe policial que describe el incidente.<\/span><\/li>\n<li style=\"font-weight: 400;\" aria-level=\"1\"><span style=\"font-weight: 400;\">Informes m\u00e9dicos que detallan sus lesiones.<\/span><\/li>\n<\/ul>\n<p><span style=\"font-weight: 400;\">Un abogado <\/span><b>debe <\/b><span style=\"font-weight: 400;\">Podr\u00e1s identificar al due\u00f1o de un perro para iniciar acciones legales en tu nombre. De lo contrario, no tendr\u00e1s a nadie a quien demandar por los da\u00f1os que te mereces.<\/span><\/p>\n<h3>\u00bfQu\u00e9 evidencia puede utilizar para solicitar una compensaci\u00f3n por mordedura de perro?<\/h3>\n<p><span style=\"font-weight: 400;\">Una vez que haya establecido los hechos de referencia que describen el ataque que sufri\u00f3, nuestro equipo puede trabajar con investigadores experimentados para presentar datos adicionales que puedan explicar su derecho a emprender acciones legales. Las pruebas que utilizamos para presentar su caso pueden incluir:<\/span><\/p>\n<ul>\n<li style=\"font-weight: 400;\" aria-level=\"1\"><span style=\"font-weight: 400;\">An\u00e1lisis forenses de la escena del accidente<\/span><\/li>\n<li style=\"font-weight: 400;\" aria-level=\"1\"><span style=\"font-weight: 400;\">An\u00e1lisis del comportamiento del ataque del perro<\/span><\/li>\n<li style=\"font-weight: 400;\" aria-level=\"1\"><span style=\"font-weight: 400;\">Im\u00e1genes de vigilancia de edificios cercanos y\/o c\u00e1maras de seguridad<\/span><\/li>\n<li style=\"font-weight: 400;\" aria-level=\"1\"><span style=\"font-weight: 400;\">An\u00e1lisis de escombros f\u00edsicos y cualquier da\u00f1o ambiental relevante<\/span><\/li>\n<li style=\"font-weight: 400;\" aria-level=\"1\"><span style=\"font-weight: 400;\">Declaraciones de testigos expertos y\/o otras v\u00edctimas de mordeduras de perros<\/span><\/li>\n<li style=\"font-weight: 400;\" aria-level=\"1\"><span style=\"font-weight: 400;\">Aportes de profesionales m\u00e9dicos sobre su necesidad de tratamientos a largo plazo<\/span><\/li>\n<\/ul>\n<p><span style=\"font-weight: 400;\">Estas pruebas tambi\u00e9n pueden desempe\u00f1ar un papel doble en su recuperaci\u00f3n. Podemos utilizarlas, junto con las facturas m\u00e9dicas, las facturas de tratamientos, los costos de medicamentos y los gastos de fisioterapia, para argumentar que usted merece una compensaci\u00f3n por el dolor que sufri\u00f3. Incluso podemos justificar el valor de sus p\u00e9rdidas no econ\u00f3micas, incluida su angustia emocional y estr\u00e9s postraum\u00e1tico.<\/span><\/p>\n<p><span style=\"font-weight: 400;\">Queremos hacer todo lo posible para maximizar los da\u00f1os que se obtengan en un caso de accidente por mordedura de perro. Nuestro equipo cree que <\/span><b>No deber\u00edas<\/b>&#039;<b>No tener que sufrir financieramente como resultado de otra persona<\/b>&#039;<b>negligencia<\/b><span style=\"font-weight: 400;\">.<\/span><\/p>\n<h2>\u00bfQu\u00e9 puede hacer si el due\u00f1o de un perro no reconoce su derecho a recibir da\u00f1os por accidente?<\/h2>\n<p><span style=\"font-weight: 400;\">Muchos due\u00f1os de perros reconocen que han perdido el control de su perro y han puesto en riesgo a la comunidad. Estos due\u00f1os pueden aceptar pagarle los da\u00f1os que usted merece de inmediato. Sin embargo, la mayor\u00eda de los due\u00f1os de perros quieren defender a sus mascotas y a ellos mismos de las consecuencias financieras de un accidente.<\/span><\/p>\n<p><span style=\"font-weight: 400;\">Por ello, el due\u00f1o de un perro puede intentar negarle el apoyo financiero que merece o incluso culparlo por su propio accidente. Sin embargo, estas contraacusaciones de culpa no tienen por qu\u00e9 impedirle recuperarse. Un abogado con experiencia en casos de mordeduras de perro en Seattle, WA, puede defenderse en su nombre y enfatizar que:<\/span><\/p>\n<ul>\n<li style=\"font-weight: 400;\" aria-level=\"1\"><span style=\"font-weight: 400;\">El due\u00f1o del perro ten\u00eda un deber de cuidado con usted.<\/span><\/li>\n<li style=\"font-weight: 400;\" aria-level=\"1\"><span style=\"font-weight: 400;\">El due\u00f1o del perro no cumpli\u00f3 con ese deber.<\/span><\/li>\n<li style=\"font-weight: 400;\" aria-level=\"1\"><span style=\"font-weight: 400;\">Usted sufri\u00f3 da\u00f1os innecesarios y p\u00e9rdidas econ\u00f3micas como resultado de esa negligencia.<\/span><\/li>\n<\/ul>\n<p><span style=\"font-weight: 400;\">Si bien podemos preservar su derecho a negociar un acuerdo por mordedura de perro en privado, tambi\u00e9n estamos preparados para llevar su lucha por apoyo a un tribunal civil.<\/span><\/p>\n\n        <div class=\"rs-content-cta long\">\n            <p>Para una consulta legal GRATUITA con un abogado especializado en mordeduras de perro que atiende en Seattle, llame al <a href=\"tel:+12062851743\">(206) 285-1743 <\/a><\/p>\n            <a href=\"https:\/\/plg-pllc.com\/es\/contact-us\/\" title=\"OBTENGA UNA EVALUACI\u00d3N DE CASO GRATUITA\" class=\"btn-global\">OBTENGA UNA EVALUACI\u00d3N DE CASO GRATUITA<\/a>\n                    <picture>\n                            <source srcset=\"https:\/\/plg-pllc.com\/wp-content\/themes\/plg-pllc-redesign\/assets\/app\/img\/cta-thumb.webp\" type=\"image\/webp\"\/>\n                            <img src=\"https:\/\/plg-pllc.com\/wp-content\/themes\/plg-pllc-redesign\/assets\/app\/img\/cta-thumb.png\" alt=\"Grupo de abogados Premier\" title=\"Grupo de abogados Premier\" width=\"245\" height=\"220\" loading=\"auto\" fetchpriority=\"auto\" decoding=\"async\"\/>\n        <\/picture>\n        \n        <\/div><h2>Conozca el plazo de prescripci\u00f3n de su caso<\/h2>\n<p><span style=\"font-weight: 400;\">Siempre que pueda cumplir con la carga de la prueba de Washington, puede llevar al due\u00f1o de un perro responsable a un tribunal civil. Sin embargo, debe presentar una demanda finalizada dentro del plazo de prescripci\u00f3n del estado de Washington.<\/span> <span style=\"font-weight: 400;\">Si desea que el tribunal considere su lucha por una compensaci\u00f3n por accidente.<\/span><\/p>\n<p><span style=\"font-weight: 400;\">Estatuto de limitaciones por lesiones personales del estado de Washington, <\/span><a href=\"https:\/\/app.leg.wa.gov\/rcw\/default.aspx?cite=4.16.080\" target=\"_blank\" rel=\"noopener\"><span style=\"font-weight: 400;\">C\u00f3digo Rev. de Washington \u00a7 4.16.080(2)<\/span><\/a><span style=\"font-weight: 400;\">, te da solo <\/span><b>tres a\u00f1os<\/b><span style=\"font-weight: 400;\"> Para armar un caso contra el due\u00f1o negligente de un perro. Si necesita ayuda para finalizar su reclamo dentro de ese plazo, le recomendamos que se comunique r\u00e1pidamente con un abogado especializado en mordeduras de perros de Seattle, WA.<\/span><\/p>\n<h2>Puede reservar una consulta gratuita sobre un caso de mordedura de perro hoy mismo<\/h2>\n<p><span style=\"font-weight: 400;\">Los due\u00f1os de perros tienen la obligaci\u00f3n legal de aceptar la responsabilidad por el comportamiento de sus perros, especialmente si ese comportamiento pone en peligro al p\u00fablico en general.<\/span><\/p>\n<p><span style=\"font-weight: 400;\">En otras palabras, tiene derecho a demandar al due\u00f1o negligente de un perro si este lo ataca inesperadamente. Puede contactar con un abogado especializado en mordeduras de perro en Seattle, WA, inmediatamente despu\u00e9s del accidente.<\/span><\/p>\n<p><span style=\"font-weight: 400;\">Premier Law Group comprende lo traum\u00e1ticos que pueden ser estos accidentes y el impacto que pueden tener en su estabilidad financiera. Queremos brindarle los medios para retomar el control de su vida despu\u00e9s de situaciones como estas.<\/span><\/p>\n<p><span style=\"font-weight: 400;\">Puedes reservar tu <\/span><b>Consulta gratuita de casos de lesiones personales<\/b><span style=\"font-weight: 400;\"> para conocer m\u00e1s sobre nuestros servicios disponibles.<\/span><\/p>\n\n        <div class=\"rs-content-cta\">\n            <p>Llamar o enviar mensaje de texto <a href=\"tel:+12062851743\">(206) 285-1743<\/a> o complete un formulario de evaluaci\u00f3n de caso gratuito<\/p>\n            <a href=\"https:\/\/plg-pllc.com\/es\/contact-us\/\" title=\"OBTENGA UNA EVALUACI\u00d3N DE CASO GRATUITA\" class=\"btn-global\">OBTENGA UNA EVALUACI\u00d3N DE CASO GRATUITA<\/a>\n                    <picture>\n                            <source srcset=\"https:\/\/plg-pllc.com\/wp-content\/themes\/plg-pllc-redesign\/assets\/app\/img\/cta-thumb.webp\" type=\"image\/webp\"\/>\n                            <img src=\"https:\/\/plg-pllc.com\/wp-content\/themes\/plg-pllc-redesign\/assets\/app\/img\/cta-thumb.png\" alt=\"Grupo de abogados Premier\" title=\"Grupo de abogados Premier\" width=\"245\" height=\"220\" loading=\"auto\" fetchpriority=\"auto\" decoding=\"async\"\/>\n        <\/picture>\n        \n        <\/div>","protected":false},"excerpt":{"rendered":"<p>Los estatutos civiles de Washington establecen que los due\u00f1os de perros deben asumir inmediatamente la responsabilidad legal por el comportamiento de sus perros. Esto significa que, si un perro lo ataca, tiene derecho a solicitar a un abogado especializado en mordeduras de perro de Seattle que le ayude a reclamar una indemnizaci\u00f3n por sus p\u00e9rdidas. Su reclamaci\u00f3n puede ayudarle a pagar los tratamientos...<\/p>","protected":false},"author":60,"featured_media":0,"parent":20122,"menu_order":0,"comment_status":"closed","ping_status":"closed","template":"","meta":{"_acf_changed":false,"_genesis_hide_title":false,"_genesis_hide_breadcrumbs":false,"_genesis_hide_singular_image":false,"_genesis_hide_footer_widgets":false,"_genesis_custom_body_class":"","_genesis_custom_post_class":"","_genesis_layout":"","footnotes":""},"hc_faqs":[],"class_list":{"0":"post-21158","1":"page","2":"type-page","3":"status-publish","5":"hc_city_location-seattle","6":"entry"},"acf":[],"yoast_head":"<!-- This site is optimized with the Yoast SEO plugin v27.4 - https:\/\/yoast.com\/product\/yoast-seo-wordpress\/ -->\n<title>Dog Bite Lawyers in Seattle, WA | Free Consultations<\/title>\n<meta name=\"description\" content=\"Our Seattle dog bite lawyers can break down Washington&#039;s animal attack laws so you can hold the right people responsible for an accident.\" \/>\n<meta name=\"robots\" content=\"index, follow, max-snippet:-1, max-image-preview:large, max-video-preview:-1\" \/>\n<link rel=\"canonical\" href=\"https:\/\/plg-pllc.com\/es\/seattle\/dog-bite-lawyer\/\" \/>\n<meta property=\"og:locale\" content=\"es_MX\" \/>\n<meta property=\"og:type\" content=\"article\" \/>\n<meta property=\"og:title\" content=\"Dog Bite Lawyers in Seattle, WA | Free Consultations\" \/>\n<meta property=\"og:description\" content=\"Our Seattle dog bite lawyers can break down Washington&#039;s animal attack laws so you can hold the right people responsible for an accident.\" \/>\n<meta property=\"og:url\" content=\"https:\/\/plg-pllc.com\/es\/seattle\/dog-bite-lawyer\/\" \/>\n<meta property=\"og:site_name\" content=\"Premier Law Group\" \/>\n<meta property=\"article:publisher\" content=\"https:\/\/www.facebook.com\/premierlawgroup\" \/>\n<meta property=\"article:modified_time\" content=\"2025-03-12T17:44:57+00:00\" \/>\n<meta name=\"twitter:card\" content=\"summary_large_image\" \/>\n<meta name=\"twitter:site\" content=\"@premierlawgroup\" \/>\n<meta name=\"twitter:label1\" content=\"Tiempo de lectura\" \/>\n\t<meta name=\"twitter:data1\" content=\"5 minutos\" \/>\n<script type=\"application\/ld+json\" class=\"yoast-schema-graph\">{\"@context\":\"https:\\\/\\\/schema.org\",\"@graph\":[{\"@type\":\"WebPage\",\"@id\":\"https:\\\/\\\/plg-pllc.com\\\/seattle\\\/dog-bite-lawyer\\\/\",\"url\":\"https:\\\/\\\/plg-pllc.com\\\/seattle\\\/dog-bite-lawyer\\\/\",\"name\":\"Dog Bite Lawyers in Seattle, WA | Free Consultations\",\"isPartOf\":{\"@id\":\"https:\\\/\\\/plg-pllc.com\\\/#website\"},\"datePublished\":\"2025-03-09T08:33:18+00:00\",\"dateModified\":\"2025-03-12T17:44:57+00:00\",\"description\":\"Our Seattle dog bite lawyers can break down Washington's animal attack laws so you can hold the right people responsible for an accident.\",\"breadcrumb\":{\"@id\":\"https:\\\/\\\/plg-pllc.com\\\/seattle\\\/dog-bite-lawyer\\\/#breadcrumb\"},\"inLanguage\":\"es\",\"potentialAction\":[{\"@type\":\"ReadAction\",\"target\":[\"https:\\\/\\\/plg-pllc.com\\\/seattle\\\/dog-bite-lawyer\\\/\"]}]},{\"@type\":\"BreadcrumbList\",\"@id\":\"https:\\\/\\\/plg-pllc.com\\\/seattle\\\/dog-bite-lawyer\\\/#breadcrumb\",\"itemListElement\":[{\"@type\":\"ListItem\",\"position\":1,\"name\":\"Home\",\"item\":\"https:\\\/\\\/plg-pllc.com\\\/es\\\/\"},{\"@type\":\"ListItem\",\"position\":2,\"name\":\"Seattle Personal Injury Lawyer\",\"item\":\"https:\\\/\\\/plg-pllc.com\\\/es\\\/seattle\\\/personal-injury-lawyer\\\/\"},{\"@type\":\"ListItem\",\"position\":3,\"name\":\"Seattle Dog Bite Lawyer\"}]},{\"@type\":\"WebSite\",\"@id\":\"https:\\\/\\\/plg-pllc.com\\\/#website\",\"url\":\"https:\\\/\\\/plg-pllc.com\\\/\",\"name\":\"Premier Law Group\",\"description\":\"Washington Wrongful Death and Serious Injury Lawyer\",\"publisher\":{\"@id\":\"https:\\\/\\\/plg-pllc.com\\\/#organization\"},\"inLanguage\":\"es\"},{\"@type\":\"Organization\",\"@id\":\"https:\\\/\\\/plg-pllc.com\\\/#organization\",\"name\":\"Premier Law Group\",\"url\":\"https:\\\/\\\/plg-pllc.com\\\/\",\"logo\":{\"@type\":\"ImageObject\",\"inLanguage\":\"es\",\"@id\":\"https:\\\/\\\/plg-pllc.com\\\/#\\\/schema\\\/logo\\\/image\\\/\",\"url\":\"https:\\\/\\\/plg-pllc.com\\\/wp-content\\\/uploads\\\/2020\\\/10\\\/plg-logo-v2.gif\",\"contentUrl\":\"https:\\\/\\\/plg-pllc.com\\\/wp-content\\\/uploads\\\/2020\\\/10\\\/plg-logo-v2.gif\",\"width\":592,\"height\":191,\"caption\":\"Premier Law Group\"},\"image\":{\"@id\":\"https:\\\/\\\/plg-pllc.com\\\/#\\\/schema\\\/logo\\\/image\\\/\"},\"sameAs\":[\"https:\\\/\\\/www.facebook.com\\\/premierlawgroup\",\"https:\\\/\\\/x.com\\\/premierlawgroup\"]}]}<\/script>\n<!-- \/ Yoast SEO plugin. -->","yoast_head_json":{"title":"Abogados especializados en mordeduras de perros en Seattle, WA | Consultas gratuitas","description":"Nuestros abogados especializados en mordeduras de perros de Seattle pueden explicar las leyes de ataques de animales de Washington para que pueda responsabilizar a las personas adecuadas por un accidente.","robots":{"index":"index","follow":"follow","max-snippet":"max-snippet:-1","max-image-preview":"max-image-preview:large","max-video-preview":"max-video-preview:-1"},"canonical":"https:\/\/plg-pllc.com\/es\/seattle\/dog-bite-lawyer\/","og_locale":"es_MX","og_type":"article","og_title":"Dog Bite Lawyers in Seattle, WA | Free Consultations","og_description":"Our Seattle dog bite lawyers can break down Washington's animal attack laws so you can hold the right people responsible for an accident.","og_url":"https:\/\/plg-pllc.com\/es\/seattle\/dog-bite-lawyer\/","og_site_name":"Premier Law Group","article_publisher":"https:\/\/www.facebook.com\/premierlawgroup","article_modified_time":"2025-03-12T17:44:57+00:00","twitter_card":"summary_large_image","twitter_site":"@premierlawgroup","twitter_misc":{"Tiempo de lectura":"5 minutos"},"schema":{"@context":"https:\/\/schema.org","@graph":[{"@type":"WebPage","@id":"https:\/\/plg-pllc.com\/seattle\/dog-bite-lawyer\/","url":"https:\/\/plg-pllc.com\/seattle\/dog-bite-lawyer\/","name":"Abogados especializados en mordeduras de perros en Seattle, WA | Consultas gratuitas","isPartOf":{"@id":"https:\/\/plg-pllc.com\/#website"},"datePublished":"2025-03-09T08:33:18+00:00","dateModified":"2025-03-12T17:44:57+00:00","description":"Nuestros abogados especializados en mordeduras de perros de Seattle pueden explicar las leyes de ataques de animales de Washington para que pueda responsabilizar a las personas adecuadas por un accidente.","breadcrumb":{"@id":"https:\/\/plg-pllc.com\/seattle\/dog-bite-lawyer\/#breadcrumb"},"inLanguage":"es","potentialAction":[{"@type":"ReadAction","target":["https:\/\/plg-pllc.com\/seattle\/dog-bite-lawyer\/"]}]},{"@type":"BreadcrumbList","@id":"https:\/\/plg-pllc.com\/seattle\/dog-bite-lawyer\/#breadcrumb","itemListElement":[{"@type":"ListItem","position":1,"name":"Home","item":"https:\/\/plg-pllc.com\/es\/"},{"@type":"ListItem","position":2,"name":"Seattle Personal Injury Lawyer","item":"https:\/\/plg-pllc.com\/es\/seattle\/personal-injury-lawyer\/"},{"@type":"ListItem","position":3,"name":"Seattle Dog Bite Lawyer"}]},{"@type":"WebSite","@id":"https:\/\/plg-pllc.com\/#website","url":"https:\/\/plg-pllc.com\/","name":"Grupo de abogados Premier","description":"Abogado de muerte por negligencia y lesiones graves en Washington","publisher":{"@id":"https:\/\/plg-pllc.com\/#organization"},"inLanguage":"es"},{"@type":"Organization","@id":"https:\/\/plg-pllc.com\/#organization","name":"Grupo de abogados Premier","url":"https:\/\/plg-pllc.com\/","logo":{"@type":"ImageObject","inLanguage":"es","@id":"https:\/\/plg-pllc.com\/#\/schema\/logo\/image\/","url":"https:\/\/plg-pllc.com\/wp-content\/uploads\/2020\/10\/plg-logo-v2.gif","contentUrl":"https:\/\/plg-pllc.com\/wp-content\/uploads\/2020\/10\/plg-logo-v2.gif","width":592,"height":191,"caption":"Premier Law Group"},"image":{"@id":"https:\/\/plg-pllc.com\/#\/schema\/logo\/image\/"},"sameAs":["https:\/\/www.facebook.com\/premierlawgroup","https:\/\/x.com\/premierlawgroup"]}]}},"_links":{"self":[{"href":"https:\/\/plg-pllc.com\/es\/wp-json\/wp\/v2\/pages\/21158","targetHints":{"allow":["GET"]}}],"collection":[{"href":"https:\/\/plg-pllc.com\/es\/wp-json\/wp\/v2\/pages"}],"about":[{"href":"https:\/\/plg-pllc.com\/es\/wp-json\/wp\/v2\/types\/page"}],"author":[{"embeddable":true,"href":"https:\/\/plg-pllc.com\/es\/wp-json\/wp\/v2\/users\/60"}],"replies":[{"embeddable":true,"href":"https:\/\/plg-pllc.com\/es\/wp-json\/wp\/v2\/comments?post=21158"}],"version-history":[{"count":0,"href":"https:\/\/plg-pllc.com\/es\/wp-json\/wp\/v2\/pages\/21158\/revisions"}],"up":[{"embeddable":true,"href":"https:\/\/plg-pllc.com\/es\/wp-json\/wp\/v2\/pages\/20122"}],"wp:attachment":[{"href":"https:\/\/plg-pllc.com\/es\/wp-json\/wp\/v2\/media?parent=21158"}],"wp:term":[{"taxonomy":"hc_faqs","embeddable":true,"href":"https:\/\/plg-pllc.com\/es\/wp-json\/wp\/v2\/hc_faqs?post=21158"}],"curies":[{"name":"gracias","href":"https:\/\/api.w.org\/{rel}","templated":true}]}}