{"id":21171,"date":"2025-03-13T23:27:34","date_gmt":"2025-03-14T06:27:34","guid":{"rendered":"https:\/\/plg-pllc.com\/?page_id=21171"},"modified":"2026-03-24T15:01:00","modified_gmt":"2026-03-24T22:01:00","slug":"is-it-worth-getting-a-lawyer-for-a-car-accident","status":"publish","type":"page","link":"https:\/\/plg-pllc.com\/es\/faqs\/is-it-worth-getting-an-lawyer-for-a-car-accident\/","title":{"rendered":"\u00bfVale la pena contratar un abogado por un accidente automovil\u00edstico?"},"content":{"rendered":"<p><b>Vale la pena contratar un abogado por un accidente de coche.<\/b><span style=\"font-weight: 400;\"> En muchas situaciones. Despu\u00e9s de un accidente, es posible que... <\/span><b>Lidiar con lesiones dolorosas<\/b>,<b> facturas m\u00e9dicas costosas<\/b>,<b> salario perdido<\/b>, <span style=\"font-weight: 400;\">y un<\/span><b> compa\u00f1\u00eda de seguros que no<\/b>&#039;<b>t de tu lado<\/b><span style=\"font-weight: 400;\">.\u00a0<\/span><\/p>\n<p><span style=\"font-weight: 400;\">Si bien algunos accidentes menores pueden no requerir ayuda legal, muchos casos se complican r\u00e1pidamente, por lo que contar con un abogado <\/span><a href=\"https:\/\/plg-pllc.com\/bellevue\/car-accident-lawyer\/\"><span style=\"font-weight: 400;\">Abogado de accidentes de tr\u00e1fico en Bellevue<\/span><\/a><span style=\"font-weight: 400;\"> Desde nuestra firma podemos gestionar su caso, lo que puede marcar la diferencia en su resultado.<\/span><\/p>\n<p><span style=\"font-weight: 400;\">Si no est\u00e1 seguro de si necesita un abogado, puede revisar su situaci\u00f3n durante una consulta telef\u00f3nica gratuita con nuestros abogados. Sin costos iniciales, no corre ning\u00fan riesgo al obtener asistencia legal y aprender m\u00e1s sobre c\u00f3mo protegerse despu\u00e9s de una colisi\u00f3n.<\/span><\/p>\n<h2><span style=\"font-weight: 400;\">\u00bfCu\u00e1ndo deber\u00eda contratar un abogado despu\u00e9s de un accidente automovil\u00edstico?<\/span><\/h2>\n<p><span style=\"font-weight: 400;\">Si usted o un ser querido ha estado en un accidente automovil\u00edstico, vale la pena hablar con un abogado cuando:<\/span><\/p>\n<ul>\n<li style=\"font-weight: 400;\" aria-level=\"1\"><b>Sufri\u00f3 lesiones graves<\/b><span style=\"font-weight: 400;\">:Si su accidente le caus\u00f3 fracturas de huesos, una lesi\u00f3n cerebral traum\u00e1tica o cualquier condici\u00f3n que requiera tratamiento continuo, un abogado puede informarle sobre sus opciones legales y su compensaci\u00f3n.<\/span><\/li>\n<li style=\"font-weight: 400;\" aria-level=\"1\"><b>La compa\u00f1\u00eda de seguros est\u00e1 retrasando o negando su reclamo<\/b><span style=\"font-weight: 400;\">Las aseguradoras suelen intentar reducir los pagos o rechazar reclamaciones v\u00e1lidas. Conocemos sus t\u00e1cticas y no permitiremos que se aprovechen de usted.<\/span><\/li>\n<li style=\"font-weight: 400;\" aria-level=\"1\"><b>No est\u00e1 seguro de cu\u00e1nto vale su reclamaci\u00f3n<\/b><span style=\"font-weight: 400;\">Los ajustadores de seguros podr\u00edan ofrecer una indemnizaci\u00f3n baja que no cubra las p\u00e9rdidas causadas por el accidente. Defenderemos sus intereses para que reciba lo que realmente merece.<\/span><\/li>\n<li style=\"font-weight: 400;\" aria-level=\"1\"><b>La responsabilidad est\u00e1 en disputa<\/b><span style=\"font-weight: 400;\">:Si el otro conductor o su compa\u00f1\u00eda de seguros intenta culparlo a usted, podemos reunir evidencia para demostrar la culpa y proteger su derecho a una compensaci\u00f3n.<\/span><\/li>\n<li style=\"font-weight: 400;\" aria-level=\"1\"><b>Perdiste a un ser querido en el accidente.<\/b><span style=\"font-weight: 400;\">:Si su familia est\u00e1 lidiando con la muerte por negligencia de un ser querido, podemos ayudarlo a buscar justicia y apoyo financiero.<\/span><\/li>\n<\/ul>\n<p><span style=\"font-weight: 400;\">Si alguna de estas situaciones aplica, puede revisar sus opciones legales con nuestro equipo.<\/span><\/p>\n<h2><span style=\"font-weight: 400;\">\u00bfC\u00f3mo pueden ayudarle nuestros abogados despu\u00e9s de una colisi\u00f3n automovil\u00edstica?<\/span><\/h2>\n<p><span style=\"font-weight: 400;\">Cuando trabaja con nuestro equipo en Premier Law Group, nos encargamos de todo mientras usted se concentra en su recuperaci\u00f3n. Esto es lo que hacemos por usted:<\/span><\/p>\n<ul>\n<li style=\"font-weight: 400;\" aria-level=\"1\"><b>Manejamos todos los aspectos legales de su reclamo<\/b><span style=\"font-weight: 400;\">Desde la presentaci\u00f3n de documentos hasta la negociaci\u00f3n con las compa\u00f1\u00edas de seguros, gestionamos todo el proceso.<\/span><\/li>\n<li style=\"font-weight: 400;\" aria-level=\"1\"><b>Re\u00fana evidencia que respalde su caso<\/b><span style=\"font-weight: 400;\">:Solicitamos informes policiales, recopilamos declaraciones de testigos y trabajamos con expertos m\u00e9dicos para probar sus lesiones y da\u00f1os.<\/span><\/li>\n<li style=\"font-weight: 400;\" aria-level=\"1\"><b>Tratar con las compa\u00f1\u00edas de seguros<\/b><span style=\"font-weight: 400;\">Nuestros abogados desafiar\u00e1n ofertas de conciliaci\u00f3n bajas y luchar\u00e1n por lo que usted merece.<\/span><\/li>\n<li style=\"font-weight: 400;\" aria-level=\"1\"><b>Ordene y revise sus registros m\u00e9dicos y facturas<\/b><span style=\"font-weight: 400;\">:Nos aseguramos de que su acuerdo cubra todos los costos de su tratamiento, incluidas las necesidades m\u00e9dicas futuras.<\/span><\/li>\n<li style=\"font-weight: 400;\" aria-level=\"1\"><b>Informarle durante todo su caso<\/b><span style=\"font-weight: 400;\">:Proporcionamos actualizaciones claras y peri\u00f3dicas para que siempre sepa en qu\u00e9 situaci\u00f3n se encuentra su caso.<\/span><\/li>\n<li style=\"font-weight: 400;\" aria-level=\"1\"><b>Lleva tu caso a juicio si es necesario<\/b><span style=\"font-weight: 400;\">Si la compa\u00f1\u00eda de seguros se niega a ofrecerle un acuerdo justo, estamos preparados para luchar por usted en los tribunales.<\/span><\/li>\n<\/ul>\n<h2><span style=\"font-weight: 400;\">\u00bfQu\u00e9 sucede si un abogado no maneja su caso de accidente?<\/span><\/h2>\n<p><span style=\"font-weight: 400;\">Si intenta gestionar su reclamo por accidente automovil\u00edstico solo, puede encontrarse con desaf\u00edos como:<\/span><\/p>\n<ul>\n<li style=\"font-weight: 400;\" aria-level=\"1\"><b>Ofertas de liquidaci\u00f3n bajas<\/b><span style=\"font-weight: 400;\">Las compa\u00f1\u00edas de seguros a menudo ofrecen mucho menos de lo que vale su reclamo, esperando que lo acepte.<\/span><\/li>\n<li style=\"font-weight: 400;\" aria-level=\"1\"><b>Negaciones o retrasos<\/b><span style=\"font-weight: 400;\">:Sin representaci\u00f3n legal, las aseguradoras pueden intentar rechazar su reclamo o retrasar el pago.<\/span><\/li>\n<li style=\"font-weight: 400;\" aria-level=\"1\"><b>Plazos legales<\/b><span style=\"font-weight: 400;\">:Washington tiene un plazo de prescripci\u00f3n estricto de tres a\u00f1os (<\/span><a href=\"https:\/\/app.leg.wa.gov\/RCW\/default.aspx?cite=4.16.080\/\" target=\"_blank\" rel=\"noopener\"><span style=\"font-weight: 400;\">Secci\u00f3n 4.16.080 del C\u00f3digo Civil<\/span><\/a><span style=\"font-weight: 400;\">) para reclamaciones por accidentes de tr\u00e1fico. Si no cumple con este plazo, podr\u00eda perder el derecho a reclamar una indemnizaci\u00f3n a quienes le causaron las lesiones.<\/span><\/li>\n<li style=\"font-weight: 400;\" aria-level=\"1\"><b>Estr\u00e9s y frustraci\u00f3n<\/b><span style=\"font-weight: 400;\">Gestionar el papeleo, las negociaciones y los detalles legales mientras se recupera de una lesi\u00f3n puede ser abrumador.<\/span><\/li>\n<\/ul>\n<p><span style=\"font-weight: 400;\">Contar con un equipo legal de su lado nivela el campo de juego y le ayuda a proteger sus derechos e intereses.<\/span><\/p>\n\n        <div class=\"rs-content-cta long\">\n            <p>Para una consulta legal GRATUITA, llame al <a href=\"tel:+12062851743\">(206) 285-1743 <\/a><\/p>\n            <a href=\"https:\/\/plg-pllc.com\/es\/contact-us\/\" title=\"OBTENGA UNA EVALUACI\u00d3N DE CASO GRATUITA\" class=\"btn-global\">OBTENGA UNA EVALUACI\u00d3N DE CASO GRATUITA<\/a>\n                    <picture>\n                            <source srcset=\"https:\/\/plg-pllc.com\/wp-content\/themes\/plg-pllc-redesign\/assets\/app\/img\/cta-thumb.webp\" type=\"image\/webp\"\/>\n                            <img src=\"https:\/\/plg-pllc.com\/wp-content\/themes\/plg-pllc-redesign\/assets\/app\/img\/cta-thumb.png\" alt=\"Grupo de abogados Premier\" title=\"Grupo de abogados Premier\" width=\"245\" height=\"220\" loading=\"auto\" fetchpriority=\"auto\" decoding=\"async\"\/>\n        <\/picture>\n        \n        <\/div><h2><span style=\"font-weight: 400;\">\u00bfEs caro contratar a un abogado de accidentes automovil\u00edsticos?<\/span><\/h2>\n<p><span style=\"font-weight: 400;\">La mayor\u00eda de los abogados de lesiones personales trabajan con honorarios de contingencia, lo que significa que su pago proviene del acuerdo o veredicto que obtengan para usted, nunca de su bolsillo. Esto le permite concentrarse en su recuperaci\u00f3n sin estr\u00e9s financiero.<\/span><\/p>\n<p><span style=\"font-weight: 400;\">Adem\u00e1s, muchas empresas ofrecen <\/span><b>consultas gratuitas<\/b><span style=\"font-weight: 400;\"> donde puede discutir su caso con un abogado, hacer preguntas y comprender sus opciones legales sin compromiso.<\/span><\/p>\n<h2><span style=\"font-weight: 400;\">\u00bfQu\u00e9 debe hacer despu\u00e9s de un accidente automovil\u00edstico?<\/span><\/h2>\n<p><span style=\"font-weight: 400;\">Si ha sufrido un accidente automovil\u00edstico, tomar las medidas adecuadas puede ayudarle a proteger su salud y su reclamo:<\/span><\/p>\n<ul>\n<li style=\"font-weight: 400;\" aria-level=\"1\"><b>Llama al 911<\/b><span style=\"font-weight: 400;\">Reporte el accidente y solicite atenci\u00f3n m\u00e9dica si es necesario. Tambi\u00e9n debe obtener una copia del informe policial.<\/span><\/li>\n<li style=\"font-weight: 400;\" aria-level=\"1\"><b>Intercambio de informaci\u00f3n<\/b><span style=\"font-weight: 400;\">: Obtenga los datos de contacto y del seguro del otro conductor y otra informaci\u00f3n que pueda ayudarle con un reclamo.<\/span><\/li>\n<li style=\"font-weight: 400;\" aria-level=\"1\"><b>Tomar fotograf\u00edas y v\u00eddeos<\/b><span style=\"font-weight: 400;\">:Puede capturar da\u00f1os al veh\u00edculo, lesiones y condiciones de la carretera con un tel\u00e9fono celular u otro dispositivo electr\u00f3nico.<\/span><\/li>\n<li style=\"font-weight: 400;\" aria-level=\"1\"><b>Obtenga atenci\u00f3n m\u00e9dica<\/b><span style=\"font-weight: 400;\">Aunque te sientas bien, consulta con un m\u00e9dico. Algunas lesiones tardan en aparecer, y puede ser \u00fatil demostrar que recibiste tratamiento inmediato inmediatamente despu\u00e9s del accidente.<\/span><\/li>\n<li style=\"font-weight: 400;\" aria-level=\"1\"><b>Evite hablar con un ajustador de seguros<\/b><span style=\"font-weight: 400;\">Todo lo que diga puede usarse en su contra. Perm\u00edtanos gestionar todas las comunicaciones.<\/span><\/li>\n<li style=\"font-weight: 400;\" aria-level=\"1\"><b>Busque ayuda legal<\/b><span style=\"font-weight: 400;\">:Un abogado puede revisar su caso y explicarle sus opciones de compensaci\u00f3n.<\/span><\/li>\n<\/ul>\n<h2><span style=\"font-weight: 400;\">Premier Law Group representa a v\u00edctimas de accidentes automovil\u00edsticos lesionadas<\/span><\/h2>\n<p><span style=\"font-weight: 400;\">Gestionar una reclamaci\u00f3n por accidente de tr\u00e1fico puede parecer una tarea abrumadora cuando se sufre dolor y se necesita tiempo para concentrarse en la recuperaci\u00f3n. Al contratar a nuestro equipo, nos encargamos de su caso, lo que le da el tiempo y el espacio que necesita para recuperarse.<\/span><\/p>\n<p><span style=\"font-weight: 400;\">Cuando las compa\u00f1\u00edas de seguros intentan minimizar su reclamaci\u00f3n o le dejan con facturas impagas por el accidente, puede valer la pena contratar a un abogado para su accidente de auto. Premier Law Group se encargar\u00e1 de todos los aspectos de su caso, incluyendo la comunicaci\u00f3n con la compa\u00f1\u00eda de seguros.\u00a0<\/span><\/p>\n<p><span style=\"font-weight: 400;\">Contamos con m\u00e1s de 55 a\u00f1os de experiencia combinada y hemos recuperado m\u00e1s de 100 millones de d\u00f3lares para clientes lesionados. Lucharemos para obtener la compensaci\u00f3n que merece.<\/span><\/p>\n<p><span style=\"font-weight: 400;\">Con <\/span><b>Consultas telef\u00f3nicas gratuitas y sin cargos por adelantado<\/b><span style=\"font-weight: 400;\">No hay riesgo en recibir orientaci\u00f3n que le ayude a avanzar. Llame hoy para saber c\u00f3mo podemos guiar su caso.<\/span><\/p>\n\n        <div class=\"rs-content-cta\">\n            <p>Llamar o enviar mensaje de texto <a href=\"tel:+12062851743\">(206) 285-1743<\/a> o complete un formulario de evaluaci\u00f3n de caso gratuito<\/p>\n            <a href=\"https:\/\/plg-pllc.com\/es\/contact-us\/\" title=\"OBTENGA UNA EVALUACI\u00d3N DE CASO GRATUITA\" class=\"btn-global\">OBTENGA UNA EVALUACI\u00d3N DE CASO GRATUITA<\/a>\n                    <picture>\n                            <source srcset=\"https:\/\/plg-pllc.com\/wp-content\/themes\/plg-pllc-redesign\/assets\/app\/img\/cta-thumb.webp\" type=\"image\/webp\"\/>\n                            <img src=\"https:\/\/plg-pllc.com\/wp-content\/themes\/plg-pllc-redesign\/assets\/app\/img\/cta-thumb.png\" alt=\"Grupo de abogados Premier\" title=\"Grupo de abogados Premier\" width=\"245\" height=\"220\" loading=\"auto\" fetchpriority=\"auto\" decoding=\"async\"\/>\n        <\/picture>\n        \n        <\/div>","protected":false},"excerpt":{"rendered":"<p>En muchas situaciones, vale la pena contratar un abogado para un accidente de auto. Despu\u00e9s de un accidente, podr\u00eda tener que lidiar con lesiones dolorosas, costosas facturas m\u00e9dicas, p\u00e9rdida de ingresos y una compa\u00f1\u00eda de seguros que no est\u00e1 de su lado. Si bien algunos accidentes menores pueden no requerir asistencia legal, muchos casos se complican r\u00e1pidamente, por lo que contar con un abogado en Bellevue...<\/p>","protected":false},"author":61,"featured_media":21172,"parent":20714,"menu_order":0,"comment_status":"closed","ping_status":"closed","template":"","meta":{"_acf_changed":false,"_genesis_hide_title":false,"_genesis_hide_breadcrumbs":false,"_genesis_hide_singular_image":false,"_genesis_hide_footer_widgets":false,"_genesis_custom_body_class":"","_genesis_custom_post_class":"","_genesis_layout":"","footnotes":""},"hc_faqs":[10344],"class_list":{"0":"post-21171","1":"page","2":"type-page","3":"status-publish","4":"has-post-thumbnail","6":"hc_faqs-car-accident","7":"entry"},"acf":[],"yoast_head":"<!-- This site is optimized with the Yoast SEO plugin v27.2 - https:\/\/yoast.com\/product\/yoast-seo-wordpress\/ -->\n<title>When is it Worth Hiring a Car Accident Lawyer?<\/title>\n<meta name=\"description\" content=\"Is it worth getting a lawyer for a car accident? Learn when legal help makes sense and how you can protect your rights after a crash.\" \/>\n<meta name=\"robots\" content=\"index, follow, max-snippet:-1, max-image-preview:large, max-video-preview:-1\" \/>\n<link rel=\"canonical\" href=\"https:\/\/plg-pllc.com\/es\/faqs\/is-it-worth-getting-an-lawyer-for-a-car-accident\/\" \/>\n<meta property=\"og:locale\" content=\"es_MX\" \/>\n<meta property=\"og:type\" content=\"article\" \/>\n<meta property=\"og:title\" content=\"When is it Worth Hiring a Car Accident Lawyer?\" \/>\n<meta property=\"og:description\" content=\"Is it worth getting a lawyer for a car accident? Learn when legal help makes sense and how you can protect your rights after a crash.\" \/>\n<meta property=\"og:url\" content=\"https:\/\/plg-pllc.com\/es\/faqs\/is-it-worth-getting-an-lawyer-for-a-car-accident\/\" \/>\n<meta property=\"og:site_name\" content=\"Premier Law Group\" \/>\n<meta property=\"article:publisher\" content=\"https:\/\/www.facebook.com\/premierlawgroup\" \/>\n<meta property=\"article:modified_time\" content=\"2026-03-24T22:01:00+00:00\" \/>\n<meta property=\"og:image\" content=\"https:\/\/plg-pllc.com\/wp-content\/uploads\/2025\/03\/is-it-worth-getting-a-lawyer-for-a-car-accident.jpg\" \/>\n\t<meta property=\"og:image:width\" content=\"1000\" \/>\n\t<meta property=\"og:image:height\" content=\"625\" \/>\n\t<meta property=\"og:image:type\" content=\"image\/jpeg\" \/>\n<meta name=\"twitter:card\" content=\"summary_large_image\" \/>\n<meta name=\"twitter:site\" content=\"@premierlawgroup\" \/>\n<meta name=\"twitter:label1\" content=\"Tiempo de lectura\" \/>\n\t<meta name=\"twitter:data1\" content=\"5 minutos\" \/>\n<script type=\"application\/ld+json\" class=\"yoast-schema-graph\">{\"@context\":\"https:\/\/schema.org\",\"@graph\":[{\"@type\":\"WebPage\",\"@id\":\"https:\/\/plg-pllc.com\/faqs\/is-it-worth-getting-an-lawyer-for-a-car-accident\/\",\"url\":\"https:\/\/plg-pllc.com\/faqs\/is-it-worth-getting-an-lawyer-for-a-car-accident\/\",\"name\":\"When is it Worth Hiring a Car Accident Lawyer?\",\"isPartOf\":{\"@id\":\"https:\/\/plg-pllc.com\/#website\"},\"primaryImageOfPage\":{\"@id\":\"https:\/\/plg-pllc.com\/faqs\/is-it-worth-getting-an-lawyer-for-a-car-accident\/#primaryimage\"},\"image\":{\"@id\":\"https:\/\/plg-pllc.com\/faqs\/is-it-worth-getting-an-lawyer-for-a-car-accident\/#primaryimage\"},\"thumbnailUrl\":\"https:\/\/plg-pllc.com\/wp-content\/uploads\/2025\/03\/is-it-worth-getting-a-lawyer-for-a-car-accident.jpg\",\"datePublished\":\"2025-03-14T06:27:34+00:00\",\"dateModified\":\"2026-03-24T22:01:00+00:00\",\"description\":\"Is it worth getting a lawyer for a car accident? Learn when legal help makes sense and how you can protect your rights after a crash.\",\"breadcrumb\":{\"@id\":\"https:\/\/plg-pllc.com\/faqs\/is-it-worth-getting-an-lawyer-for-a-car-accident\/#breadcrumb\"},\"inLanguage\":\"es\",\"potentialAction\":[{\"@type\":\"ReadAction\",\"target\":[\"https:\/\/plg-pllc.com\/faqs\/is-it-worth-getting-an-lawyer-for-a-car-accident\/\"]}]},{\"@type\":\"ImageObject\",\"inLanguage\":\"es\",\"@id\":\"https:\/\/plg-pllc.com\/faqs\/is-it-worth-getting-an-lawyer-for-a-car-accident\/#primaryimage\",\"url\":\"https:\/\/plg-pllc.com\/wp-content\/uploads\/2025\/03\/is-it-worth-getting-a-lawyer-for-a-car-accident.jpg\",\"contentUrl\":\"https:\/\/plg-pllc.com\/wp-content\/uploads\/2025\/03\/is-it-worth-getting-a-lawyer-for-a-car-accident.jpg\",\"width\":1000,\"height\":625,\"caption\":\"Two cars suffer damage after getting into a crash. Is it worth getting a lawyer for a car accident?\"},{\"@type\":\"BreadcrumbList\",\"@id\":\"https:\/\/plg-pllc.com\/faqs\/is-it-worth-getting-an-lawyer-for-a-car-accident\/#breadcrumb\",\"itemListElement\":[{\"@type\":\"ListItem\",\"position\":1,\"name\":\"Home\",\"item\":\"https:\/\/plg-pllc.com\/es\/\"},{\"@type\":\"ListItem\",\"position\":2,\"name\":\"FAQs\",\"item\":\"https:\/\/plg-pllc.com\/es\/faqs\/\"},{\"@type\":\"ListItem\",\"position\":3,\"name\":\"Is it Worth Getting a Lawyer for a Car Accident?\"}]},{\"@type\":\"WebSite\",\"@id\":\"https:\/\/plg-pllc.com\/#website\",\"url\":\"https:\/\/plg-pllc.com\/\",\"name\":\"Premier Law Group\",\"description\":\"Washington Wrongful Death and Serious Injury Lawyer\",\"publisher\":{\"@id\":\"https:\/\/plg-pllc.com\/#organization\"},\"inLanguage\":\"es\"},{\"@type\":\"Organization\",\"@id\":\"https:\/\/plg-pllc.com\/#organization\",\"name\":\"Premier Law Group\",\"url\":\"https:\/\/plg-pllc.com\/\",\"logo\":{\"@type\":\"ImageObject\",\"inLanguage\":\"es\",\"@id\":\"https:\/\/plg-pllc.com\/#\/schema\/logo\/image\/\",\"url\":\"https:\/\/plg-pllc.com\/wp-content\/uploads\/2020\/10\/plg-logo-v2.gif\",\"contentUrl\":\"https:\/\/plg-pllc.com\/wp-content\/uploads\/2020\/10\/plg-logo-v2.gif\",\"width\":592,\"height\":191,\"caption\":\"Premier Law Group\"},\"image\":{\"@id\":\"https:\/\/plg-pllc.com\/#\/schema\/logo\/image\/\"},\"sameAs\":[\"https:\/\/www.facebook.com\/premierlawgroup\",\"https:\/\/x.com\/premierlawgroup\"]}]}<\/script>\n<!-- \/ Yoast SEO plugin. -->","yoast_head_json":{"title":"\u00bfCu\u00e1ndo vale la pena contratar a un abogado de accidentes automovil\u00edsticos?","description":"\u00bfVale la pena contratar un abogado en caso de accidente de auto? Descubre cu\u00e1ndo conviene buscar ayuda legal y c\u00f3mo puedes proteger tus derechos despu\u00e9s de un accidente.","robots":{"index":"index","follow":"follow","max-snippet":"max-snippet:-1","max-image-preview":"max-image-preview:large","max-video-preview":"max-video-preview:-1"},"canonical":"https:\/\/plg-pllc.com\/es\/faqs\/is-it-worth-getting-an-lawyer-for-a-car-accident\/","og_locale":"es_MX","og_type":"article","og_title":"When is it Worth Hiring a Car Accident Lawyer?","og_description":"Is it worth getting a lawyer for a car accident? Learn when legal help makes sense and how you can protect your rights after a crash.","og_url":"https:\/\/plg-pllc.com\/es\/faqs\/is-it-worth-getting-an-lawyer-for-a-car-accident\/","og_site_name":"Premier Law Group","article_publisher":"https:\/\/www.facebook.com\/premierlawgroup","article_modified_time":"2026-03-24T22:01:00+00:00","og_image":[{"width":1000,"height":625,"url":"https:\/\/plg-pllc.com\/wp-content\/uploads\/2025\/03\/is-it-worth-getting-a-lawyer-for-a-car-accident.jpg","type":"image\/jpeg"}],"twitter_card":"summary_large_image","twitter_site":"@premierlawgroup","twitter_misc":{"Tiempo de lectura":"5 minutos"},"schema":{"@context":"https:\/\/schema.org","@graph":[{"@type":"WebPage","@id":"https:\/\/plg-pllc.com\/faqs\/is-it-worth-getting-an-lawyer-for-a-car-accident\/","url":"https:\/\/plg-pllc.com\/faqs\/is-it-worth-getting-an-lawyer-for-a-car-accident\/","name":"\u00bfCu\u00e1ndo vale la pena contratar a un abogado de accidentes automovil\u00edsticos?","isPartOf":{"@id":"https:\/\/plg-pllc.com\/#website"},"primaryImageOfPage":{"@id":"https:\/\/plg-pllc.com\/faqs\/is-it-worth-getting-an-lawyer-for-a-car-accident\/#primaryimage"},"image":{"@id":"https:\/\/plg-pllc.com\/faqs\/is-it-worth-getting-an-lawyer-for-a-car-accident\/#primaryimage"},"thumbnailUrl":"https:\/\/plg-pllc.com\/wp-content\/uploads\/2025\/03\/is-it-worth-getting-a-lawyer-for-a-car-accident.jpg","datePublished":"2025-03-14T06:27:34+00:00","dateModified":"2026-03-24T22:01:00+00:00","description":"\u00bfVale la pena contratar un abogado en caso de accidente de auto? Descubre cu\u00e1ndo conviene buscar ayuda legal y c\u00f3mo puedes proteger tus derechos despu\u00e9s de un accidente.","breadcrumb":{"@id":"https:\/\/plg-pllc.com\/faqs\/is-it-worth-getting-an-lawyer-for-a-car-accident\/#breadcrumb"},"inLanguage":"es","potentialAction":[{"@type":"ReadAction","target":["https:\/\/plg-pllc.com\/faqs\/is-it-worth-getting-an-lawyer-for-a-car-accident\/"]}]},{"@type":"ImageObject","inLanguage":"es","@id":"https:\/\/plg-pllc.com\/faqs\/is-it-worth-getting-an-lawyer-for-a-car-accident\/#primaryimage","url":"https:\/\/plg-pllc.com\/wp-content\/uploads\/2025\/03\/is-it-worth-getting-a-lawyer-for-a-car-accident.jpg","contentUrl":"https:\/\/plg-pllc.com\/wp-content\/uploads\/2025\/03\/is-it-worth-getting-a-lawyer-for-a-car-accident.jpg","width":1000,"height":625,"caption":"Two cars suffer damage after getting into a crash. Is it worth getting a lawyer for a car accident?"},{"@type":"BreadcrumbList","@id":"https:\/\/plg-pllc.com\/faqs\/is-it-worth-getting-an-lawyer-for-a-car-accident\/#breadcrumb","itemListElement":[{"@type":"ListItem","position":1,"name":"Home","item":"https:\/\/plg-pllc.com\/es\/"},{"@type":"ListItem","position":2,"name":"FAQs","item":"https:\/\/plg-pllc.com\/es\/faqs\/"},{"@type":"ListItem","position":3,"name":"Is it Worth Getting a Lawyer for a Car Accident?"}]},{"@type":"WebSite","@id":"https:\/\/plg-pllc.com\/#website","url":"https:\/\/plg-pllc.com\/","name":"Grupo de abogados Premier","description":"Abogado de muerte por negligencia y lesiones graves en Washington","publisher":{"@id":"https:\/\/plg-pllc.com\/#organization"},"inLanguage":"es"},{"@type":"Organization","@id":"https:\/\/plg-pllc.com\/#organization","name":"Grupo de abogados Premier","url":"https:\/\/plg-pllc.com\/","logo":{"@type":"ImageObject","inLanguage":"es","@id":"https:\/\/plg-pllc.com\/#\/schema\/logo\/image\/","url":"https:\/\/plg-pllc.com\/wp-content\/uploads\/2020\/10\/plg-logo-v2.gif","contentUrl":"https:\/\/plg-pllc.com\/wp-content\/uploads\/2020\/10\/plg-logo-v2.gif","width":592,"height":191,"caption":"Premier Law Group"},"image":{"@id":"https:\/\/plg-pllc.com\/#\/schema\/logo\/image\/"},"sameAs":["https:\/\/www.facebook.com\/premierlawgroup","https:\/\/x.com\/premierlawgroup"]}]}},"_links":{"self":[{"href":"https:\/\/plg-pllc.com\/es\/wp-json\/wp\/v2\/pages\/21171","targetHints":{"allow":["GET"]}}],"collection":[{"href":"https:\/\/plg-pllc.com\/es\/wp-json\/wp\/v2\/pages"}],"about":[{"href":"https:\/\/plg-pllc.com\/es\/wp-json\/wp\/v2\/types\/page"}],"author":[{"embeddable":true,"href":"https:\/\/plg-pllc.com\/es\/wp-json\/wp\/v2\/users\/61"}],"replies":[{"embeddable":true,"href":"https:\/\/plg-pllc.com\/es\/wp-json\/wp\/v2\/comments?post=21171"}],"version-history":[{"count":0,"href":"https:\/\/plg-pllc.com\/es\/wp-json\/wp\/v2\/pages\/21171\/revisions"}],"up":[{"embeddable":true,"href":"https:\/\/plg-pllc.com\/es\/wp-json\/wp\/v2\/pages\/20714"}],"wp:featuredmedia":[{"embeddable":true,"href":"https:\/\/plg-pllc.com\/es\/wp-json\/wp\/v2\/media\/21172"}],"wp:attachment":[{"href":"https:\/\/plg-pllc.com\/es\/wp-json\/wp\/v2\/media?parent=21171"}],"wp:term":[{"taxonomy":"hc_faqs","embeddable":true,"href":"https:\/\/plg-pllc.com\/es\/wp-json\/wp\/v2\/hc_faqs?post=21171"}],"curies":[{"name":"gracias","href":"https:\/\/api.w.org\/{rel}","templated":true}]}}