{"id":21173,"date":"2025-03-13T23:30:08","date_gmt":"2025-03-14T06:30:08","guid":{"rendered":"https:\/\/plg-pllc.com\/?page_id=21173"},"modified":"2026-03-24T15:00:57","modified_gmt":"2026-03-24T22:00:57","slug":"what-does-a-car-accident-lawyer-do","status":"publish","type":"page","link":"https:\/\/plg-pllc.com\/es\/faqs\/what-does-a-car-accident-lawyer-do\/","title":{"rendered":"\u00bfQu\u00e9 hace un abogado de accidentes automovil\u00edsticos?"},"content":{"rendered":"<p><span style=\"font-weight: 400;\">Un abogado de accidentes automovil\u00edsticos hace mucho m\u00e1s que gestionar el papeleo legal. <\/span><b>Investiga tu accidente<\/b>,<b> negociar con compa\u00f1\u00edas de seguros<\/b>,<b> y lucharemos para conseguirte la compensaci\u00f3n que mereces<\/b><span style=\"font-weight: 400;\">.\u00a0<\/span><\/p>\n<p><span style=\"font-weight: 400;\">Si ha sufrido un accidente, nuestro <\/span><a href=\"https:\/\/plg-pllc.com\/bellevue\/car-accident-lawyer\/\"><span style=\"font-weight: 400;\">Abogados de accidentes de tr\u00e1fico en Bellevue<\/span><\/a><span style=\"font-weight: 400;\"> Se encargar\u00e1 del proceso legal por usted, lo que incluye proteger sus derechos y asegurarse de que no acepte menos de lo que merece.<\/span><\/p>\n<p><span style=\"font-weight: 400;\">Las compa\u00f1\u00edas de seguros se centran en proteger sus ganancias, no su bienestar. Nuestros abogados con experiencia le brindar\u00e1n igualdad de oportunidades y le ayudar\u00e1n a comprender las leyes de accidentes de tr\u00e1nsito del estado de Washington para que pueda concentrarse en su recuperaci\u00f3n. Puede obtener m\u00e1s informaci\u00f3n durante una consulta gratuita.<\/span><\/p>\n<h2><span style=\"font-weight: 400;\">C\u00f3mo los abogados de accidentes automovil\u00edsticos de Premier Law Group ayudan a las v\u00edctimas despu\u00e9s de un accidente de tr\u00e1nsito<\/span><\/h2>\n<p><span style=\"font-weight: 400;\">No importa de qu\u00e9 tipo de accidente se trate, asumimos muchos roles a medida que manejamos el proceso de reclamo o demanda, incluidos:<\/span><\/p>\n<ul>\n<li style=\"font-weight: 400;\" aria-level=\"1\"><b>Investigando el accidente<\/b><span style=\"font-weight: 400;\">:Recopilaci\u00f3n de informes policiales, declaraciones de testigos, fotograf\u00edas y videos para construir un caso s\u00f3lido.<\/span><\/li>\n<li style=\"font-weight: 400;\" aria-level=\"1\"><b>Determinaci\u00f3n de la responsabilidad<\/b><span style=\"font-weight: 400;\">:Identificar qui\u00e9n tiene la culpa y demostrar su responsabilidad por sus lesiones<\/span><\/li>\n<li style=\"font-weight: 400;\" aria-level=\"1\"><b>Manejo de negociaciones de seguros<\/b><span style=\"font-weight: 400;\">:Liderar las conversaciones con las compa\u00f1\u00edas de seguros para que no lo presionen a aceptar un acuerdo bajo<\/span><\/li>\n<li style=\"font-weight: 400;\" aria-level=\"1\"><b>C\u00e1lculo de da\u00f1os<\/b><span style=\"font-weight: 400;\">:Asegurarse de que todas sus p\u00e9rdidas, incluidas las facturas m\u00e9dicas, la p\u00e9rdida de ingresos, el dolor y el sufrimiento, y los da\u00f1os a la propiedad, se contabilicen en su totalidad.<\/span><\/li>\n<li style=\"font-weight: 400;\" aria-level=\"1\"><b>Presentar una demanda si es necesario<\/b><span style=\"font-weight: 400;\">:Llevar su caso a los tribunales y luchar por sus derechos si las negociaciones no conducen a un acuerdo justo.<\/span><\/li>\n<\/ul>\n<h2><span style=\"font-weight: 400;\">Un abogado de Premier Law Group puede representar a las v\u00edctimas de accidentes de atropello y fuga.<\/span><\/h2>\n<p><span style=\"font-weight: 400;\">Si el conductor culpable huy\u00f3 del lugar, puede que sienta que no tiene opciones, pero las tiene. Nuestros abogados de accidentes pueden ayudarle:<\/span><\/p>\n<ul>\n<li style=\"font-weight: 400;\" aria-level=\"1\"><span style=\"font-weight: 400;\">Trabajar con la polic\u00eda para localizar al conductor que huy\u00f3 de la escena.<\/span><\/li>\n<li style=\"font-weight: 400;\" aria-level=\"1\"><span style=\"font-weight: 400;\">Explorar la cobertura para automovilistas sin seguro (UM) en su p\u00f3liza (si la tiene) para determinar si puede cubrir sus da\u00f1os<\/span><\/li>\n<li style=\"font-weight: 400;\" aria-level=\"1\"><span style=\"font-weight: 400;\">Presentar una reclamaci\u00f3n contra cualquier otra parte responsable, como un bar o restaurante que sirvi\u00f3 demasiado a un conductor ebrio.<\/span><\/li>\n<\/ul>\n<h2><span style=\"font-weight: 400;\">C\u00f3mo obtener ayuda legal en caso de accidentes con conductores sin seguro o con seguro insuficiente<\/span><\/h2>\n<p><span style=\"font-weight: 400;\">El estado de Washington exige que los conductores tengan seguro de auto, pero no todos cumplen la ley. Si un conductor sin seguro o con seguro insuficiente lo choca, haremos lo siguiente:<\/span><\/p>\n<ul>\n<li style=\"font-weight: 400;\" aria-level=\"1\"><span style=\"font-weight: 400;\">Revise su p\u00f3liza para ver si aplica la cobertura UM o de automovilista con seguro insuficiente (UIM)<\/span><\/li>\n<li style=\"font-weight: 400;\" aria-level=\"1\"><span style=\"font-weight: 400;\">Presentar una reclamaci\u00f3n a su compa\u00f1\u00eda de seguros y negociar un pago justo<\/span><\/li>\n<li style=\"font-weight: 400;\" aria-level=\"1\"><span style=\"font-weight: 400;\">Busque una compensaci\u00f3n de otras partes responsables, como un empleador negligente, si el conductor estaba trabajando en el momento del accidente.<\/span><\/li>\n<\/ul>\n\n        <div class=\"rs-content-cta long\">\n            <p>Para una consulta legal GRATUITA, llame al <a href=\"tel:+12062851743\">(206) 285-1743 <\/a><\/p>\n            <a href=\"https:\/\/plg-pllc.com\/es\/contact-us\/\" title=\"OBTENGA UNA EVALUACI\u00d3N DE CASO GRATUITA\" class=\"btn-global\">OBTENGA UNA EVALUACI\u00d3N DE CASO GRATUITA<\/a>\n                    <picture>\n                            <source srcset=\"https:\/\/plg-pllc.com\/wp-content\/themes\/plg-pllc-redesign\/assets\/app\/img\/cta-thumb.webp\" type=\"image\/webp\"\/>\n                            <img src=\"https:\/\/plg-pllc.com\/wp-content\/themes\/plg-pllc-redesign\/assets\/app\/img\/cta-thumb.png\" alt=\"Grupo de abogados Premier\" title=\"Grupo de abogados Premier\" width=\"245\" height=\"220\" loading=\"auto\" fetchpriority=\"auto\" decoding=\"async\"\/>\n        <\/picture>\n        \n        <\/div><h2><span style=\"font-weight: 400;\">\u00bfQu\u00e9 pasa si usted sufre lesiones en un accidente de viaje compartido?<\/span><\/h2>\n<p><span style=\"font-weight: 400;\">Los accidentes que involucran a Uber, Lyft y otras compa\u00f1\u00edas de viajes compartidos pueden ser legalmente complejos. Ya sea pasajero, conductor de la compa\u00f1\u00eda o automovilista, puede buscar representaci\u00f3n legal en estos accidentes, que no siempre son sencillos a la hora de determinar la culpa.<\/span><\/p>\n<p><span style=\"font-weight: 400;\">Los abogados de accidentes automovil\u00edsticos en Bellevue de nuestra firma:<\/span><\/p>\n<ul>\n<li style=\"font-weight: 400;\" aria-level=\"1\"><span style=\"font-weight: 400;\">Determine qu\u00e9 p\u00f3liza de seguro se aplica, ya sea la cobertura personal del conductor o la p\u00f3liza de la empresa de viajes compartidos.<\/span><\/li>\n<li style=\"font-weight: 400;\" aria-level=\"1\"><span style=\"font-weight: 400;\">Presentar una reclamaci\u00f3n contra el proveedor de seguros correspondiente<\/span><\/li>\n<li style=\"font-weight: 400;\" aria-level=\"1\"><span style=\"font-weight: 400;\">Negociar la m\u00e1xima compensaci\u00f3n seg\u00fan la gravedad de sus lesiones.<\/span><\/li>\n<\/ul>\n<h2><span style=\"font-weight: 400;\">\u00bfQu\u00e9 pasa si el otro conductor te culpa?<\/span><\/h2>\n<p><span style=\"font-weight: 400;\">Washington sigue <\/span><a href=\"https:\/\/plg-pllc.com\/faqs\/what-is-comparative-negligence\/\"><span style=\"font-weight: 400;\">negligencia comparativa<\/span><\/a><span style=\"font-weight: 400;\"> Seg\u00fan las leyes, la indemnizaci\u00f3n que se le otorga puede reducirse si se le declara parcialmente culpable del accidente. Por ejemplo, si se le declara culpable seg\u00fan la ley 30%, sus da\u00f1os totales se reducir\u00edan seg\u00fan la ley 30%.\u00a0<\/span><\/p>\n<p><span style=\"font-weight: 400;\">Las compa\u00f1\u00edas de seguros suelen intentar desviar la culpa para reducir sus indemnizaciones. Nuestros abogados impugnar\u00e1n la culpa injusta para ayudarle a obtener la mayor indemnizaci\u00f3n posible.<\/span><\/p>\n<p><span style=\"font-weight: 400;\">Lo haremos:<\/span><\/p>\n<ul>\n<li style=\"font-weight: 400;\" aria-level=\"1\"><span style=\"font-weight: 400;\">Cuestione las acusaciones falsas y proteja su derecho a una indemnizaci\u00f3n<\/span><\/li>\n<li style=\"font-weight: 400;\" aria-level=\"1\"><span style=\"font-weight: 400;\">Recopilar evidencia, como informes de reconstrucci\u00f3n de accidentes, para demostrar que el otro conductor tuvo la culpa.<\/span><\/li>\n<li style=\"font-weight: 400;\" aria-level=\"1\"><span style=\"font-weight: 400;\">Aseg\u00farese de que la culpa se asigne de manera justa en funci\u00f3n de los hechos del caso.<\/span><\/li>\n<\/ul>\n<h2><span style=\"font-weight: 400;\">\u00bfNecesita un abogado si la compa\u00f1\u00eda de seguros ofrece un acuerdo?<\/span><\/h2>\n<p><span style=\"font-weight: 400;\">Incluso si la compa\u00f1\u00eda de seguros ofrece una liquidaci\u00f3n r\u00e1pida, <\/span><b>Puede que no sea suficiente para cubrir todas sus p\u00e9rdidas<\/b><span style=\"font-weight: 400;\">Las compa\u00f1\u00edas de seguros se preocupan por sus resultados finales, lo que significa menos dinero para usted si reducen o rechazan su reclamo.<\/span><\/p>\n<p><span style=\"font-weight: 400;\">Defenderemos el pago de todos los da\u00f1os que sufri\u00f3 en un accidente. Si recibe una propuesta de acuerdo de una aseguradora,...<\/span><\/p>\n<ul>\n<li style=\"font-weight: 400;\" aria-level=\"1\"><span style=\"font-weight: 400;\">Revise la oferta y determine si es justa y satisface sus necesidades posteriores al accidente.<\/span><\/li>\n<li style=\"font-weight: 400;\" aria-level=\"1\"><span style=\"font-weight: 400;\">Negociar un mejor acuerdo que incluya los costos m\u00e9dicos futuros y la p\u00e9rdida de potencial de ingresos.<\/span><\/li>\n<li style=\"font-weight: 400;\" aria-level=\"1\"><span style=\"font-weight: 400;\">Presentar una demanda si la compa\u00f1\u00eda de seguros se niega a ofrecer una compensaci\u00f3n justa<\/span><\/li>\n<\/ul>\n<h2><span style=\"font-weight: 400;\">Presentar su caso a tiempo: comprender la fecha l\u00edmite en Washington<\/span><\/h2>\n<p><span style=\"font-weight: 400;\">Si las negociaciones con la compa\u00f1\u00eda de seguros no resultan en un acuerdo justo, nuestro equipo presentar\u00e1 su demanda a tiempo para proteger su derecho a una indemnizaci\u00f3n. La ley del estado de Washington establece un plazo de prescripci\u00f3n estricto para las demandas por accidentes de tr\u00e1fico.\u00a0<\/span><\/p>\n<p><span style=\"font-weight: 400;\">Bajo <\/span><a href=\"https:\/\/app.leg.wa.gov\/RCW\/default.aspx?cite=4.16.080\/\" target=\"_blank\" rel=\"noopener\"><span style=\"font-weight: 400;\">Secci\u00f3n 4.16.080 del C\u00f3digo Civil<\/span><\/a><span style=\"font-weight: 400;\">, generalmente tienes <\/span><b>tres a\u00f1os <\/b><span style=\"font-weight: 400;\">Desde la fecha del accidente para presentar una demanda por lesiones personales o da\u00f1os materiales. Debemos presentarla dentro de este plazo o corremos el riesgo de perder su derecho a reclamar da\u00f1os y perjuicios.\u00a0<\/span><\/p>\n<p><span style=\"font-weight: 400;\">Realizaremos un seguimiento de todos los plazos y presentaremos su caso a tiempo para que no pierda la oportunidad de recuperar lo que se merece.<\/span><\/p>\n<h2><span style=\"font-weight: 400;\">Qu\u00e9 hacer despu\u00e9s de un accidente automovil\u00edstico en el estado de Washington<\/span><\/h2>\n<p><span style=\"font-weight: 400;\">Despu\u00e9s de un accidente automovil\u00edstico en Washington, usted debe:<\/span><\/p>\n<ul>\n<li style=\"font-weight: 400;\" aria-level=\"1\"><b>Llama al 911<\/b><span style=\"font-weight: 400;\"> y busque atenci\u00f3n m\u00e9dica inmediata de profesionales de la salud.<\/span><\/li>\n<li style=\"font-weight: 400;\" aria-level=\"1\"><b>Documentar el accidente<\/b><span style=\"font-weight: 400;\"> (fotograf\u00edas, informaci\u00f3n de testigos, material de video, etc.) y obtener una copia del informe policial<\/span><\/li>\n<li style=\"font-weight: 400;\" aria-level=\"1\"><b>Notifique a su compa\u00f1\u00eda de seguros<\/b><span style=\"font-weight: 400;\">, pero evite admitir la culpa<\/span><\/li>\n<li style=\"font-weight: 400;\" aria-level=\"1\"><b>Consulte con un abogado<\/b><span style=\"font-weight: 400;\"> antes de aceptar cualquier oferta de acuerdo<\/span><\/li>\n<\/ul>\n<h2><span style=\"font-weight: 400;\">Nuestros abogados de accidentes automovil\u00edsticos le explicar\u00e1n lo que haremos para ayudarlo.<\/span><\/h2>\n<p><span style=\"font-weight: 400;\">Si result\u00f3 herido en un accidente, Premier Law Group est\u00e1 listo para defenderlo. Nos encargaremos de todo su caso y nos enfrentaremos a las compa\u00f1\u00edas de seguros para que usted pueda concentrarse en su recuperaci\u00f3n. Nos comprometemos a defender a nuestros clientes lesionados.\u00a0<\/span><\/p>\n<p><span style=\"font-weight: 400;\">Con m\u00e1s de $100 millones recuperados, m\u00e1s de 55 a\u00f1os de experiencia legal combinada y m\u00e1s de 20 a\u00f1os en el negocio, nuestro equipo ha ayudado a miles de personas a obtener la justicia que merecen.<\/span><\/p>\n<p><span style=\"font-weight: 400;\">Llama hoy para una <\/span><b>Revisi\u00f3n de caso GRATUITA <\/b><span style=\"font-weight: 400;\">con uno de nuestros abogados de lesiones personales de Bellevue para revisar sus opciones legales.<\/span><\/p>\n\n        <div class=\"rs-content-cta\">\n            <p>Llamar o enviar mensaje de texto <a href=\"tel:+12062851743\">(206) 285-1743<\/a> o complete un formulario de evaluaci\u00f3n de caso gratuito<\/p>\n            <a href=\"https:\/\/plg-pllc.com\/es\/contact-us\/\" title=\"OBTENGA UNA EVALUACI\u00d3N DE CASO GRATUITA\" class=\"btn-global\">OBTENGA UNA EVALUACI\u00d3N DE CASO GRATUITA<\/a>\n                    <picture>\n                            <source srcset=\"https:\/\/plg-pllc.com\/wp-content\/themes\/plg-pllc-redesign\/assets\/app\/img\/cta-thumb.webp\" type=\"image\/webp\"\/>\n                            <img src=\"https:\/\/plg-pllc.com\/wp-content\/themes\/plg-pllc-redesign\/assets\/app\/img\/cta-thumb.png\" alt=\"Grupo de abogados Premier\" title=\"Grupo de abogados Premier\" width=\"245\" height=\"220\" loading=\"auto\" fetchpriority=\"auto\" decoding=\"async\"\/>\n        <\/picture>\n        \n        <\/div>","protected":false},"excerpt":{"rendered":"<p>Un abogado especializado en accidentes de auto hace mucho m\u00e1s que gestionar el papeleo legal. Investiga su accidente, negocia con las aseguradoras y lucha para obtener la compensaci\u00f3n que merece. Si ha sufrido un accidente, nuestros abogados de accidentes de auto en Bellevue se encargar\u00e1n del proceso legal, lo que incluye proteger sus derechos y asegurarse de que...<\/p>","protected":false},"author":61,"featured_media":21174,"parent":20714,"menu_order":0,"comment_status":"closed","ping_status":"closed","template":"","meta":{"_acf_changed":false,"_genesis_hide_title":false,"_genesis_hide_breadcrumbs":false,"_genesis_hide_singular_image":false,"_genesis_hide_footer_widgets":false,"_genesis_custom_body_class":"","_genesis_custom_post_class":"","_genesis_layout":"","footnotes":""},"hc_faqs":[10344],"class_list":{"0":"post-21173","1":"page","2":"type-page","3":"status-publish","4":"has-post-thumbnail","6":"hc_faqs-car-accident","7":"entry"},"acf":[],"yoast_head":"<!-- This site is optimized with the Yoast SEO plugin v27.4 - https:\/\/yoast.com\/product\/yoast-seo-wordpress\/ -->\n<title>How a Car Accident Lawyer Helps After a Crash<\/title>\n<meta name=\"description\" content=\"Learn how a car accident lawyer handles the legal process while you heal. They will fight for you and hold the right party accountable.\" \/>\n<meta name=\"robots\" content=\"index, follow, max-snippet:-1, max-image-preview:large, max-video-preview:-1\" \/>\n<link rel=\"canonical\" href=\"https:\/\/plg-pllc.com\/es\/faqs\/what-does-a-car-accident-lawyer-do\/\" \/>\n<meta property=\"og:locale\" content=\"es_MX\" \/>\n<meta property=\"og:type\" content=\"article\" \/>\n<meta property=\"og:title\" content=\"How a Car Accident Lawyer Helps After a Crash\" \/>\n<meta property=\"og:description\" content=\"Learn how a car accident lawyer handles the legal process while you heal. They will fight for you and hold the right party accountable.\" \/>\n<meta property=\"og:url\" content=\"https:\/\/plg-pllc.com\/es\/faqs\/what-does-a-car-accident-lawyer-do\/\" \/>\n<meta property=\"og:site_name\" content=\"Premier Law Group\" \/>\n<meta property=\"article:publisher\" content=\"https:\/\/www.facebook.com\/premierlawgroup\" \/>\n<meta property=\"article:modified_time\" content=\"2026-03-24T22:00:57+00:00\" \/>\n<meta property=\"og:image\" content=\"https:\/\/plg-pllc.com\/wp-content\/uploads\/2025\/03\/what-does-a-car-accident-lawyer-do.jpg\" \/>\n\t<meta property=\"og:image:width\" content=\"1000\" \/>\n\t<meta property=\"og:image:height\" content=\"667\" \/>\n\t<meta property=\"og:image:type\" content=\"image\/jpeg\" \/>\n<meta name=\"twitter:card\" content=\"summary_large_image\" \/>\n<meta name=\"twitter:site\" content=\"@premierlawgroup\" \/>\n<meta name=\"twitter:label1\" content=\"Tiempo de lectura\" \/>\n\t<meta name=\"twitter:data1\" content=\"5 minutos\" \/>\n<script type=\"application\/ld+json\" class=\"yoast-schema-graph\">{\"@context\":\"https:\\\/\\\/schema.org\",\"@graph\":[{\"@type\":\"WebPage\",\"@id\":\"https:\\\/\\\/plg-pllc.com\\\/faqs\\\/what-does-a-car-accident-lawyer-do\\\/\",\"url\":\"https:\\\/\\\/plg-pllc.com\\\/faqs\\\/what-does-a-car-accident-lawyer-do\\\/\",\"name\":\"How a Car Accident Lawyer Helps After a Crash\",\"isPartOf\":{\"@id\":\"https:\\\/\\\/plg-pllc.com\\\/#website\"},\"primaryImageOfPage\":{\"@id\":\"https:\\\/\\\/plg-pllc.com\\\/faqs\\\/what-does-a-car-accident-lawyer-do\\\/#primaryimage\"},\"image\":{\"@id\":\"https:\\\/\\\/plg-pllc.com\\\/faqs\\\/what-does-a-car-accident-lawyer-do\\\/#primaryimage\"},\"thumbnailUrl\":\"https:\\\/\\\/plg-pllc.com\\\/wp-content\\\/uploads\\\/2025\\\/03\\\/what-does-a-car-accident-lawyer-do.jpg\",\"datePublished\":\"2025-03-14T06:30:08+00:00\",\"dateModified\":\"2026-03-24T22:00:57+00:00\",\"description\":\"Learn how a car accident lawyer handles the legal process while you heal. They will fight for you and hold the right party accountable.\",\"breadcrumb\":{\"@id\":\"https:\\\/\\\/plg-pllc.com\\\/faqs\\\/what-does-a-car-accident-lawyer-do\\\/#breadcrumb\"},\"inLanguage\":\"es\",\"potentialAction\":[{\"@type\":\"ReadAction\",\"target\":[\"https:\\\/\\\/plg-pllc.com\\\/faqs\\\/what-does-a-car-accident-lawyer-do\\\/\"]}]},{\"@type\":\"ImageObject\",\"inLanguage\":\"es\",\"@id\":\"https:\\\/\\\/plg-pllc.com\\\/faqs\\\/what-does-a-car-accident-lawyer-do\\\/#primaryimage\",\"url\":\"https:\\\/\\\/plg-pllc.com\\\/wp-content\\\/uploads\\\/2025\\\/03\\\/what-does-a-car-accident-lawyer-do.jpg\",\"contentUrl\":\"https:\\\/\\\/plg-pllc.com\\\/wp-content\\\/uploads\\\/2025\\\/03\\\/what-does-a-car-accident-lawyer-do.jpg\",\"width\":1000,\"height\":667,\"caption\":\"An attorney explains to a client what car accident lawyers do.\"},{\"@type\":\"BreadcrumbList\",\"@id\":\"https:\\\/\\\/plg-pllc.com\\\/faqs\\\/what-does-a-car-accident-lawyer-do\\\/#breadcrumb\",\"itemListElement\":[{\"@type\":\"ListItem\",\"position\":1,\"name\":\"Home\",\"item\":\"https:\\\/\\\/plg-pllc.com\\\/es\\\/\"},{\"@type\":\"ListItem\",\"position\":2,\"name\":\"FAQs\",\"item\":\"https:\\\/\\\/plg-pllc.com\\\/es\\\/faqs\\\/\"},{\"@type\":\"ListItem\",\"position\":3,\"name\":\"What Does a Car Accident Lawyer Do?\"}]},{\"@type\":\"WebSite\",\"@id\":\"https:\\\/\\\/plg-pllc.com\\\/#website\",\"url\":\"https:\\\/\\\/plg-pllc.com\\\/\",\"name\":\"Premier Law Group\",\"description\":\"Washington Wrongful Death and Serious Injury Lawyer\",\"publisher\":{\"@id\":\"https:\\\/\\\/plg-pllc.com\\\/#organization\"},\"inLanguage\":\"es\"},{\"@type\":\"Organization\",\"@id\":\"https:\\\/\\\/plg-pllc.com\\\/#organization\",\"name\":\"Premier Law Group\",\"url\":\"https:\\\/\\\/plg-pllc.com\\\/\",\"logo\":{\"@type\":\"ImageObject\",\"inLanguage\":\"es\",\"@id\":\"https:\\\/\\\/plg-pllc.com\\\/#\\\/schema\\\/logo\\\/image\\\/\",\"url\":\"https:\\\/\\\/plg-pllc.com\\\/wp-content\\\/uploads\\\/2020\\\/10\\\/plg-logo-v2.gif\",\"contentUrl\":\"https:\\\/\\\/plg-pllc.com\\\/wp-content\\\/uploads\\\/2020\\\/10\\\/plg-logo-v2.gif\",\"width\":592,\"height\":191,\"caption\":\"Premier Law Group\"},\"image\":{\"@id\":\"https:\\\/\\\/plg-pllc.com\\\/#\\\/schema\\\/logo\\\/image\\\/\"},\"sameAs\":[\"https:\\\/\\\/www.facebook.com\\\/premierlawgroup\",\"https:\\\/\\\/x.com\\\/premierlawgroup\"]}]}<\/script>\n<!-- \/ Yoast SEO plugin. -->","yoast_head_json":{"title":"C\u00f3mo ayuda un abogado de accidentes automovil\u00edsticos despu\u00e9s de un choque","description":"Aprenda c\u00f3mo un abogado especializado en accidentes de auto gestiona el proceso legal mientras usted se recupera. Luchar\u00e1 por usted y exigir\u00e1 responsabilidades a la parte responsable.","robots":{"index":"index","follow":"follow","max-snippet":"max-snippet:-1","max-image-preview":"max-image-preview:large","max-video-preview":"max-video-preview:-1"},"canonical":"https:\/\/plg-pllc.com\/es\/faqs\/what-does-a-car-accident-lawyer-do\/","og_locale":"es_MX","og_type":"article","og_title":"How a Car Accident Lawyer Helps After a Crash","og_description":"Learn how a car accident lawyer handles the legal process while you heal. They will fight for you and hold the right party accountable.","og_url":"https:\/\/plg-pllc.com\/es\/faqs\/what-does-a-car-accident-lawyer-do\/","og_site_name":"Premier Law Group","article_publisher":"https:\/\/www.facebook.com\/premierlawgroup","article_modified_time":"2026-03-24T22:00:57+00:00","og_image":[{"width":1000,"height":667,"url":"https:\/\/plg-pllc.com\/wp-content\/uploads\/2025\/03\/what-does-a-car-accident-lawyer-do.jpg","type":"image\/jpeg"}],"twitter_card":"summary_large_image","twitter_site":"@premierlawgroup","twitter_misc":{"Tiempo de lectura":"5 minutos"},"schema":{"@context":"https:\/\/schema.org","@graph":[{"@type":"WebPage","@id":"https:\/\/plg-pllc.com\/faqs\/what-does-a-car-accident-lawyer-do\/","url":"https:\/\/plg-pllc.com\/faqs\/what-does-a-car-accident-lawyer-do\/","name":"C\u00f3mo ayuda un abogado de accidentes automovil\u00edsticos despu\u00e9s de un choque","isPartOf":{"@id":"https:\/\/plg-pllc.com\/#website"},"primaryImageOfPage":{"@id":"https:\/\/plg-pllc.com\/faqs\/what-does-a-car-accident-lawyer-do\/#primaryimage"},"image":{"@id":"https:\/\/plg-pllc.com\/faqs\/what-does-a-car-accident-lawyer-do\/#primaryimage"},"thumbnailUrl":"https:\/\/plg-pllc.com\/wp-content\/uploads\/2025\/03\/what-does-a-car-accident-lawyer-do.jpg","datePublished":"2025-03-14T06:30:08+00:00","dateModified":"2026-03-24T22:00:57+00:00","description":"Aprenda c\u00f3mo un abogado especializado en accidentes de auto gestiona el proceso legal mientras usted se recupera. Luchar\u00e1 por usted y exigir\u00e1 responsabilidades a la parte responsable.","breadcrumb":{"@id":"https:\/\/plg-pllc.com\/faqs\/what-does-a-car-accident-lawyer-do\/#breadcrumb"},"inLanguage":"es","potentialAction":[{"@type":"ReadAction","target":["https:\/\/plg-pllc.com\/faqs\/what-does-a-car-accident-lawyer-do\/"]}]},{"@type":"ImageObject","inLanguage":"es","@id":"https:\/\/plg-pllc.com\/faqs\/what-does-a-car-accident-lawyer-do\/#primaryimage","url":"https:\/\/plg-pllc.com\/wp-content\/uploads\/2025\/03\/what-does-a-car-accident-lawyer-do.jpg","contentUrl":"https:\/\/plg-pllc.com\/wp-content\/uploads\/2025\/03\/what-does-a-car-accident-lawyer-do.jpg","width":1000,"height":667,"caption":"An attorney explains to a client what car accident lawyers do."},{"@type":"BreadcrumbList","@id":"https:\/\/plg-pllc.com\/faqs\/what-does-a-car-accident-lawyer-do\/#breadcrumb","itemListElement":[{"@type":"ListItem","position":1,"name":"Home","item":"https:\/\/plg-pllc.com\/es\/"},{"@type":"ListItem","position":2,"name":"FAQs","item":"https:\/\/plg-pllc.com\/es\/faqs\/"},{"@type":"ListItem","position":3,"name":"What Does a Car Accident Lawyer Do?"}]},{"@type":"WebSite","@id":"https:\/\/plg-pllc.com\/#website","url":"https:\/\/plg-pllc.com\/","name":"Grupo de abogados Premier","description":"Abogado de muerte por negligencia y lesiones graves en Washington","publisher":{"@id":"https:\/\/plg-pllc.com\/#organization"},"inLanguage":"es"},{"@type":"Organization","@id":"https:\/\/plg-pllc.com\/#organization","name":"Grupo de abogados Premier","url":"https:\/\/plg-pllc.com\/","logo":{"@type":"ImageObject","inLanguage":"es","@id":"https:\/\/plg-pllc.com\/#\/schema\/logo\/image\/","url":"https:\/\/plg-pllc.com\/wp-content\/uploads\/2020\/10\/plg-logo-v2.gif","contentUrl":"https:\/\/plg-pllc.com\/wp-content\/uploads\/2020\/10\/plg-logo-v2.gif","width":592,"height":191,"caption":"Premier Law Group"},"image":{"@id":"https:\/\/plg-pllc.com\/#\/schema\/logo\/image\/"},"sameAs":["https:\/\/www.facebook.com\/premierlawgroup","https:\/\/x.com\/premierlawgroup"]}]}},"_links":{"self":[{"href":"https:\/\/plg-pllc.com\/es\/wp-json\/wp\/v2\/pages\/21173","targetHints":{"allow":["GET"]}}],"collection":[{"href":"https:\/\/plg-pllc.com\/es\/wp-json\/wp\/v2\/pages"}],"about":[{"href":"https:\/\/plg-pllc.com\/es\/wp-json\/wp\/v2\/types\/page"}],"author":[{"embeddable":true,"href":"https:\/\/plg-pllc.com\/es\/wp-json\/wp\/v2\/users\/61"}],"replies":[{"embeddable":true,"href":"https:\/\/plg-pllc.com\/es\/wp-json\/wp\/v2\/comments?post=21173"}],"version-history":[{"count":0,"href":"https:\/\/plg-pllc.com\/es\/wp-json\/wp\/v2\/pages\/21173\/revisions"}],"up":[{"embeddable":true,"href":"https:\/\/plg-pllc.com\/es\/wp-json\/wp\/v2\/pages\/20714"}],"wp:featuredmedia":[{"embeddable":true,"href":"https:\/\/plg-pllc.com\/es\/wp-json\/wp\/v2\/media\/21174"}],"wp:attachment":[{"href":"https:\/\/plg-pllc.com\/es\/wp-json\/wp\/v2\/media?parent=21173"}],"wp:term":[{"taxonomy":"hc_faqs","embeddable":true,"href":"https:\/\/plg-pllc.com\/es\/wp-json\/wp\/v2\/hc_faqs?post=21173"}],"curies":[{"name":"gracias","href":"https:\/\/api.w.org\/{rel}","templated":true}]}}