{"id":21180,"date":"2025-03-14T15:42:04","date_gmt":"2025-03-14T22:42:04","guid":{"rendered":"https:\/\/plg-pllc.com\/?page_id=21180"},"modified":"2026-03-24T15:00:50","modified_gmt":"2026-03-24T22:00:50","slug":"faqs-what-does-a-truck-accident-lawyer-do","status":"publish","type":"page","link":"https:\/\/plg-pllc.com\/es\/faqs\/what-does-a-truck-accident-lawyer-do\/","title":{"rendered":"\u00bfQu\u00e9 hace un abogado de accidentes de camiones?"},"content":{"rendered":"<p><span style=\"font-weight: 400;\">Un abogado de accidentes de camiones <\/span><b>Realiza el trabajo legal necesario para ayudar a las v\u00edctimas a recuperar los da\u00f1os.<\/b><span style=\"font-weight: 400;\"> despu\u00e9s de un accidente grave con un cami\u00f3n comercial. Si result\u00f3 herido en un accidente con un cami\u00f3n de 18 ruedas, nuestro <\/span><a href=\"https:\/\/plg-pllc.com\/bellevue\/truck-accident-lawyer\/\"><span style=\"font-weight: 400;\">Abogados de accidentes de camiones en Bellevue<\/span><\/a><span style=\"font-weight: 400;\"> Puede ayudarle en este momento dif\u00edcil.\u00a0<\/span><\/p>\n<p><span style=\"font-weight: 400;\">Los accidentes de camiones comerciales son m\u00e1s complejos que los accidentes automovil\u00edsticos comunes. A menudo involucran a m\u00faltiples partes responsables, p\u00f3lizas de seguro complejas y regulaciones federales de transporte. Nuestro equipo se encargar\u00e1 de estos desaf\u00edos y luchar\u00e1 por su completa recuperaci\u00f3n.<\/span><\/p>\n<h2>Por qu\u00e9 los accidentes de camiones son m\u00e1s complicados que los accidentes de coche<\/h2>\n<p><span style=\"font-weight: 400;\">Los accidentes de cami\u00f3n no son iguales a las reclamaciones por accidentes de tr\u00e1fico. Varios factores los hacen m\u00e1s complejos, entre ellos:<\/span><\/p>\n<h3>M\u00faltiples partes responsables<\/h3>\n<p><span style=\"font-weight: 400;\">El conductor del cami\u00f3n, la empresa de transporte, el cargador o el fabricante del veh\u00edculo podr\u00edan tener culpa compartida. Determinar la responsabilidad puede ser dif\u00edcil, pero nuestros abogados investigar\u00e1n a cada posible responsable y construir\u00e1n un caso s\u00f3lido para exigirles responsabilidades.<\/span><\/p>\n<h3>Lesiones graves<\/h3>\n<p><span style=\"font-weight: 400;\">El tama\u00f1o y el peso de los camiones suelen causar lesiones que cambian la vida. Estas lesiones requieren tratamiento m\u00e9dico exhaustivo y cuidados a largo plazo. Nuestro equipo calcular\u00e1 el alcance total de sus da\u00f1os y luchar\u00e1 para obtener una compensaci\u00f3n por los gastos m\u00e9dicos, la p\u00e9rdida de ingresos y los costos de atenci\u00f3n m\u00e9dica futuros.<\/span><\/p>\n<h3>Regulaciones Federales<\/h3>\n<p><span style=\"font-weight: 400;\">Los conductores y las empresas de camiones deben cumplir con estrictas leyes federales, y las infracciones pueden afectar su caso. Revisaremos los registros de los conductores, los informes de inspecci\u00f3n y los datos de la caja negra para determinar si la empresa o el conductor del cami\u00f3n infringieron la ley, lo que fortalecer\u00e1 su reclamaci\u00f3n.<\/span><\/p>\n<h3>P\u00f3lizas de seguro grandes<\/h3>\n<p><span style=\"font-weight: 400;\">Las compa\u00f1\u00edas de transporte tienen p\u00f3lizas de seguro con l\u00edmites altos, pero sus aseguradoras se esfuerzan por pagar lo menos posible. Nuestros abogados saben c\u00f3mo manejar las t\u00e1cticas agresivas de las aseguradoras y negociar\u00e1n para obtener la mayor compensaci\u00f3n que usted merece.\u00a0<\/span><\/p>\n<p><span style=\"font-weight: 400;\">Si no podemos recuperar un acuerdo justo para usted, podemos llevar su caso a juicio y luchar por su recuperaci\u00f3n en la corte.<\/span><\/p>\n<p><span style=\"font-weight: 400;\">Nuestro equipo comprende estos desaf\u00edos y sabe c\u00f3mo afrontarlos para luchar por la compensaci\u00f3n que usted merece.<\/span><\/p>\n<h2>C\u00f3mo ayuda un abogado en diferentes tipos de accidentes de camiones<\/h2>\n<p><span style=\"font-weight: 400;\">No todos los accidentes de cami\u00f3n son iguales. Nuestros abogados atienden diversos tipos de casos, incluyendo:<\/span><\/p>\n<h3>Accidentes de camiones con fuga<\/h3>\n<p><span style=\"font-weight: 400;\">Aunque son menos comunes que los choques con fuga que involucran veh\u00edculos de pasajeros, ocurren. Algunos camioneros pueden huir del lugar por miedo a perder su trabajo, falta de documentaci\u00f3n o por no darse cuenta de que causaron el accidente.<\/span><\/p>\n<p><span style=\"font-weight: 400;\">Si un conductor de cami\u00f3n se da a la fuga tras atropellarlo, podemos ayudarle a localizarlo utilizando c\u00e1maras de tr\u00e1fico, declaraciones de testigos y otras pruebas. Si nunca se encuentra al conductor, podemos explorar opciones de cobertura para conductores sin seguro.<\/span><\/p>\n<h3>Accidentes de camiones sin seguro o con seguro insuficiente<\/h3>\n<p><span style=\"font-weight: 400;\">Si bien la mayor\u00eda de los camiones comerciales deben contar con una cobertura de seguro significativa, algunas compa\u00f1\u00edas de transporte m\u00e1s peque\u00f1as o camioneros independientes podr\u00edan no contar con un seguro suficiente para cubrir sus da\u00f1os. Podemos investigar todas las posibles fuentes de compensaci\u00f3n, incluyendo su p\u00f3liza de seguro.<\/span><\/p>\n<h3>Accidentes de camiones de reparto<\/h3>\n<p><span style=\"font-weight: 400;\">Los accidentes que involucran a Amazon, FedEx, UPS y otros camiones de reparto a menudo involucran cuestiones de seguro complicadas.\u00a0<\/span><\/p>\n<p><span style=\"font-weight: 400;\">Estas empresas emplean una combinaci\u00f3n de conductores a tiempo completo, contratistas independientes y proveedores de log\u00edstica externos, lo que complica la responsabilidad. Determinar qu\u00e9 p\u00f3liza de seguro es aplicable es una cuesti\u00f3n legal clave en estos casos.<\/span><\/p>\n<p><span style=\"font-weight: 400;\">Nuestro equipo puede determinar qu\u00e9 pol\u00edtica se aplica y luchar por la compensaci\u00f3n total que usted merece.<\/span><\/p>\n<h3>Accidentes de tijera, vuelco y embestida<\/h3>\n<p><span style=\"font-weight: 400;\">Este tipo de accidentes son comunes en la industria del transporte por carretera y a menudo se deben a errores del conductor, frenado inadecuado, fallas mec\u00e1nicas o carga no asegurada.<\/span><\/p>\n<p><span style=\"font-weight: 400;\">Un abogado especializado en accidentes de camiones investigar\u00e1 la causa, ya sea el conductor, la empresa de camiones o un defecto del fabricante, y construir\u00e1 un caso contra la parte responsable.<\/span><\/p>\n<h2>Da\u00f1os que puede recuperar en un caso de accidente de cami\u00f3n<\/h2>\n<p><span style=\"font-weight: 400;\">Un accidente de cami\u00f3n puede causarle lesiones graves, estr\u00e9s financiero y trauma emocional. Nuestro equipo luchar\u00e1 para obtener la compensaci\u00f3n completa que merece. Los da\u00f1os en un caso de accidente de cami\u00f3n pueden incluir:<\/span><\/p>\n<ul>\n<li style=\"font-weight: 400;\" aria-level=\"1\"><b>Gastos m\u00e9dicos<\/b>:<span style=\"font-weight: 400;\"> Cobertura para estad\u00edas hospitalarias, cirug\u00edas, medicamentos, fisioterapia y atenci\u00f3n m\u00e9dica futura.<\/span><\/li>\n<li style=\"font-weight: 400;\" aria-level=\"1\"><b>P\u00e9rdida de salario y reducci\u00f3n de la capacidad de generar ingresos<\/b>:<span style=\"font-weight: 400;\"> Compensaci\u00f3n por el tiempo perdido en el trabajo y la p\u00e9rdida de ingresos si sus lesiones le impiden regresar a su trabajo.<\/span><\/li>\n<li style=\"font-weight: 400;\" aria-level=\"1\"><b>Dolor y sufrimiento<\/b>:<span style=\"font-weight: 400;\"> Compensaci\u00f3n por el dolor f\u00edsico y la angustia emocional causada por el accidente.<\/span><\/li>\n<li style=\"font-weight: 400;\" aria-level=\"1\"><b>Da\u00f1os a la propiedad<\/b>:<span style=\"font-weight: 400;\"> El costo de reparar o reemplazar su veh\u00edculo y cualquier otra propiedad da\u00f1ada.<\/span><\/li>\n<li style=\"font-weight: 400;\" aria-level=\"1\"><b>Da\u00f1os por muerte por negligencia<\/b>:<span style=\"font-weight: 400;\"> Si un ser querido sufri\u00f3 lesiones fatales en un accidente de cami\u00f3n, ciertos familiares sobrevivientes pueden recuperar los da\u00f1os relacionados con su p\u00e9rdida. Nuestro <\/span><a href=\"https:\/\/plg-pllc.com\/bellevue\/wrongful-death-lawyer\/\"><span style=\"font-weight: 400;\">Abogados de muerte por negligencia en Bellevue<\/span><\/a><span style=\"font-weight: 400;\"> Puede explicarle c\u00f3mo funcionan estas demandas durante una consulta privada.<\/span><\/li>\n<\/ul>\n<p><span style=\"font-weight: 400;\">Las compa\u00f1\u00edas de seguros intentar\u00e1n limitar lo que pagan, pero nuestros abogados de accidentes de camiones saben c\u00f3mo calcular el alcance total de sus p\u00e9rdidas y luchar por la compensaci\u00f3n que se merece.<\/span><\/p>\n\n        <div class=\"rs-content-cta long\">\n            <p>Para una consulta legal GRATUITA, llame al <a href=\"tel:+12062851743\">(206) 285-1743 <\/a><\/p>\n            <a href=\"https:\/\/plg-pllc.com\/es\/contact-us\/\" title=\"OBTENGA UNA EVALUACI\u00d3N DE CASO GRATUITA\" class=\"btn-global\">OBTENGA UNA EVALUACI\u00d3N DE CASO GRATUITA<\/a>\n                    <picture>\n                            <source srcset=\"https:\/\/plg-pllc.com\/wp-content\/themes\/plg-pllc-redesign\/assets\/app\/img\/cta-thumb.webp\" type=\"image\/webp\"\/>\n                            <img src=\"https:\/\/plg-pllc.com\/wp-content\/themes\/plg-pllc-redesign\/assets\/app\/img\/cta-thumb.png\" alt=\"Grupo de abogados Premier\" title=\"Grupo de abogados Premier\" width=\"245\" height=\"220\" loading=\"auto\" fetchpriority=\"auto\" decoding=\"async\"\/>\n        <\/picture>\n        \n        <\/div><h2>Prescripci\u00f3n de casos de lesiones por camiones en el estado de Washington<\/h2>\n<p><span style=\"font-weight: 400;\">Tiene un plazo limitado para presentar una demanda si sufri\u00f3 lesiones y p\u00e9rdidas en un accidente de cami\u00f3n. En el estado de Washington, el plazo de prescripci\u00f3n para las reclamaciones por lesiones es generalmente... <\/span><b>tres a\u00f1os <\/b><span style=\"font-weight: 400;\">a partir de la fecha de la colisi\u00f3n, por <\/span><a href=\"https:\/\/app.leg.wa.gov\/RCW\/default.aspx?cite=4.16.080\/\" target=\"_blank\" rel=\"noopener\"><span style=\"font-weight: 400;\">Secci\u00f3n 4.16.080 del C\u00f3digo Civil<\/span><\/a><span style=\"font-weight: 400;\">Debe demandar a la parte responsable dentro de los tres a\u00f1os a partir de que ocurri\u00f3 el accidente, o puede perder su derecho a reclamarle una compensaci\u00f3n econ\u00f3mica.<\/span><\/p>\n<p><span style=\"font-weight: 400;\">Para los casos de muerte por negligencia, la fecha l\u00edmite tambi\u00e9n es <\/span><b>tres a\u00f1os<\/b><span style=\"font-weight: 400;\"> a partir de la fecha de la muerte de la v\u00edctima.<\/span><\/p>\n<p><span style=\"font-weight: 400;\">Algunas excepciones pueden acortar o ampliar este plazo. Por ejemplo:<\/span><\/p>\n<ul>\n<li style=\"font-weight: 400;\" aria-level=\"1\"><span style=\"font-weight: 400;\">Si la persona lesionada es menor de edad, el plazo de prescripci\u00f3n no comenzar\u00e1 a correr hasta que cumpla los 18 a\u00f1os.<\/span><\/li>\n<li style=\"font-weight: 400;\" aria-level=\"1\"><span style=\"font-weight: 400;\">Si el conductor culpable abandona el estado, el plazo l\u00edmite podr\u00eda extenderse.<\/span><\/li>\n<\/ul>\n<p><span style=\"font-weight: 400;\">Dado que no cumplir con la fecha l\u00edmite podr\u00eda significar perder su derecho a una indemnizaci\u00f3n, es importante hablar con nuestros abogados de accidentes de cami\u00f3n lo antes posible para proteger su caso. Gestionaremos todos los tr\u00e1mites a tiempo y no incumpliremos ninguna fecha l\u00edmite importante.<\/span><\/p>\n<h2>Descubra lo que nuestros abogados de accidentes de camiones pueden hacer por usted<\/h2>\n<p><span style=\"font-weight: 400;\">Si usted o un ser querido ha resultado lesionado en un accidente de cami\u00f3n, nuestro equipo est\u00e1 listo para defenderlo. En Premier Law Group, hemos recuperado m\u00e1s de 100 millones de d\u00f3lares para nuestros clientes y contamos con m\u00e1s de 55 a\u00f1os de experiencia legal combinada para ayudarles a obtener el resultado que merecen.<\/span><\/p>\n<p><span style=\"font-weight: 400;\">Ofrecemos <\/span><b>Consultas telef\u00f3nicas gratuitas directamente con un abogado <\/b><span style=\"font-weight: 400;\">Para hablar sobre su caso. Nuestros abogados especializados en accidentes de cami\u00f3n se encargar\u00e1n de todo.\u00a0<\/span><\/p>\n<p><span style=\"font-weight: 400;\">Nos encargaremos de las compa\u00f1\u00edas de seguros, recopilaremos su historial m\u00e9dico y guiaremos el proceso de recuperaci\u00f3n mientras usted se concentra en s\u00ed mismo y en su recuperaci\u00f3n. Ll\u00e1menos hoy mismo para comenzar.<\/span><\/p>\n\n        <div class=\"rs-content-cta\">\n            <p>Llamar o enviar mensaje de texto <a href=\"tel:+12062851743\">(206) 285-1743<\/a> o complete un formulario de evaluaci\u00f3n de caso gratuito<\/p>\n            <a href=\"https:\/\/plg-pllc.com\/es\/contact-us\/\" title=\"OBTENGA UNA EVALUACI\u00d3N DE CASO GRATUITA\" class=\"btn-global\">OBTENGA UNA EVALUACI\u00d3N DE CASO GRATUITA<\/a>\n                    <picture>\n                            <source srcset=\"https:\/\/plg-pllc.com\/wp-content\/themes\/plg-pllc-redesign\/assets\/app\/img\/cta-thumb.webp\" type=\"image\/webp\"\/>\n                            <img src=\"https:\/\/plg-pllc.com\/wp-content\/themes\/plg-pllc-redesign\/assets\/app\/img\/cta-thumb.png\" alt=\"Grupo de abogados Premier\" title=\"Grupo de abogados Premier\" width=\"245\" height=\"220\" loading=\"auto\" fetchpriority=\"auto\" decoding=\"async\"\/>\n        <\/picture>\n        \n        <\/div>","protected":false},"excerpt":{"rendered":"<p>Un abogado especializado en accidentes de cami\u00f3n se encarga del trabajo legal necesario para ayudar a las v\u00edctimas a recuperar los da\u00f1os tras un accidente grave con un cami\u00f3n comercial. Si result\u00f3 herido en un accidente de cami\u00f3n de 18 ruedas, nuestros abogados especializados en accidentes de cami\u00f3n en Bellevue pueden ayudarle en este momento dif\u00edcil. Los accidentes de camiones comerciales son m\u00e1s complejos que los accidentes de coche comunes. A menudo implican\u2026<\/p>","protected":false},"author":60,"featured_media":21181,"parent":20714,"menu_order":0,"comment_status":"closed","ping_status":"closed","template":"","meta":{"_acf_changed":false,"_genesis_hide_title":false,"_genesis_hide_breadcrumbs":false,"_genesis_hide_singular_image":false,"_genesis_hide_footer_widgets":false,"_genesis_custom_body_class":"","_genesis_custom_post_class":"","_genesis_layout":"","footnotes":""},"hc_faqs":[10407],"class_list":{"0":"post-21180","1":"page","2":"type-page","3":"status-publish","4":"has-post-thumbnail","6":"hc_faqs-truck-accident","7":"entry"},"acf":[],"yoast_head":"<!-- This site is optimized with the Yoast SEO plugin v27.5 - https:\/\/yoast.com\/product\/yoast-seo-wordpress\/ -->\n<title>What a Truck Accident Lawyer Does for Your Case<\/title>\n<meta name=\"description\" content=\"Learn how a truck accident lawyer fights for their client\u2019s rights and pursues financial recovery throughout the claims and legal process.\" \/>\n<meta name=\"robots\" content=\"index, follow, max-snippet:-1, max-image-preview:large, max-video-preview:-1\" \/>\n<link rel=\"canonical\" href=\"https:\/\/plg-pllc.com\/es\/faqs\/what-does-a-truck-accident-lawyer-do\/\" \/>\n<meta property=\"og:locale\" content=\"es_MX\" \/>\n<meta property=\"og:type\" content=\"article\" \/>\n<meta property=\"og:title\" content=\"What a Truck Accident Lawyer Does for Your Case\" \/>\n<meta property=\"og:description\" content=\"Learn how a truck accident lawyer fights for their client\u2019s rights and pursues financial recovery throughout the claims and legal process.\" \/>\n<meta property=\"og:url\" content=\"https:\/\/plg-pllc.com\/es\/faqs\/what-does-a-truck-accident-lawyer-do\/\" \/>\n<meta property=\"og:site_name\" content=\"Premier Law Group\" \/>\n<meta property=\"article:publisher\" content=\"https:\/\/www.facebook.com\/premierlawgroup\" \/>\n<meta property=\"article:modified_time\" content=\"2026-03-24T22:00:50+00:00\" \/>\n<meta property=\"og:image\" content=\"https:\/\/plg-pllc.com\/wp-content\/uploads\/2025\/03\/what-does-a-truck-accident-lawyer-do.jpg\" \/>\n\t<meta property=\"og:image:width\" content=\"1000\" \/>\n\t<meta property=\"og:image:height\" content=\"667\" \/>\n\t<meta property=\"og:image:type\" content=\"image\/jpeg\" \/>\n<meta name=\"twitter:card\" content=\"summary_large_image\" \/>\n<meta name=\"twitter:site\" content=\"@premierlawgroup\" \/>\n<meta name=\"twitter:label1\" content=\"Tiempo de lectura\" \/>\n\t<meta name=\"twitter:data1\" content=\"5 minutos\" \/>\n<script type=\"application\/ld+json\" class=\"yoast-schema-graph\">{\"@context\":\"https:\\\/\\\/schema.org\",\"@graph\":[{\"@type\":\"WebPage\",\"@id\":\"https:\\\/\\\/plg-pllc.com\\\/faqs\\\/what-does-a-truck-accident-lawyer-do\\\/\",\"url\":\"https:\\\/\\\/plg-pllc.com\\\/faqs\\\/what-does-a-truck-accident-lawyer-do\\\/\",\"name\":\"What a Truck Accident Lawyer Does for Your Case\",\"isPartOf\":{\"@id\":\"https:\\\/\\\/plg-pllc.com\\\/#website\"},\"primaryImageOfPage\":{\"@id\":\"https:\\\/\\\/plg-pllc.com\\\/faqs\\\/what-does-a-truck-accident-lawyer-do\\\/#primaryimage\"},\"image\":{\"@id\":\"https:\\\/\\\/plg-pllc.com\\\/faqs\\\/what-does-a-truck-accident-lawyer-do\\\/#primaryimage\"},\"thumbnailUrl\":\"https:\\\/\\\/plg-pllc.com\\\/wp-content\\\/uploads\\\/2025\\\/03\\\/what-does-a-truck-accident-lawyer-do.jpg\",\"datePublished\":\"2025-03-14T22:42:04+00:00\",\"dateModified\":\"2026-03-24T22:00:50+00:00\",\"description\":\"Learn how a truck accident lawyer fights for their client\u2019s rights and pursues financial recovery throughout the claims and legal process.\",\"breadcrumb\":{\"@id\":\"https:\\\/\\\/plg-pllc.com\\\/faqs\\\/what-does-a-truck-accident-lawyer-do\\\/#breadcrumb\"},\"inLanguage\":\"es\",\"potentialAction\":[{\"@type\":\"ReadAction\",\"target\":[\"https:\\\/\\\/plg-pllc.com\\\/faqs\\\/what-does-a-truck-accident-lawyer-do\\\/\"]}]},{\"@type\":\"ImageObject\",\"inLanguage\":\"es\",\"@id\":\"https:\\\/\\\/plg-pllc.com\\\/faqs\\\/what-does-a-truck-accident-lawyer-do\\\/#primaryimage\",\"url\":\"https:\\\/\\\/plg-pllc.com\\\/wp-content\\\/uploads\\\/2025\\\/03\\\/what-does-a-truck-accident-lawyer-do.jpg\",\"contentUrl\":\"https:\\\/\\\/plg-pllc.com\\\/wp-content\\\/uploads\\\/2025\\\/03\\\/what-does-a-truck-accident-lawyer-do.jpg\",\"width\":1000,\"height\":667,\"caption\":\"An injured man asks, \u201cWhat does a truck accident lawyer do?\u201d\"},{\"@type\":\"BreadcrumbList\",\"@id\":\"https:\\\/\\\/plg-pllc.com\\\/faqs\\\/what-does-a-truck-accident-lawyer-do\\\/#breadcrumb\",\"itemListElement\":[{\"@type\":\"ListItem\",\"position\":1,\"name\":\"Home\",\"item\":\"https:\\\/\\\/plg-pllc.com\\\/es\\\/\"},{\"@type\":\"ListItem\",\"position\":2,\"name\":\"FAQs\",\"item\":\"https:\\\/\\\/plg-pllc.com\\\/es\\\/faqs\\\/\"},{\"@type\":\"ListItem\",\"position\":3,\"name\":\"What Does a Truck Accident Lawyer Do?\"}]},{\"@type\":\"WebSite\",\"@id\":\"https:\\\/\\\/plg-pllc.com\\\/#website\",\"url\":\"https:\\\/\\\/plg-pllc.com\\\/\",\"name\":\"Premier Law Group\",\"description\":\"Washington Wrongful Death and Serious Injury Lawyer\",\"publisher\":{\"@id\":\"https:\\\/\\\/plg-pllc.com\\\/#organization\"},\"inLanguage\":\"es\"},{\"@type\":\"Organization\",\"@id\":\"https:\\\/\\\/plg-pllc.com\\\/#organization\",\"name\":\"Premier Law Group\",\"url\":\"https:\\\/\\\/plg-pllc.com\\\/\",\"logo\":{\"@type\":\"ImageObject\",\"inLanguage\":\"es\",\"@id\":\"https:\\\/\\\/plg-pllc.com\\\/#\\\/schema\\\/logo\\\/image\\\/\",\"url\":\"https:\\\/\\\/plg-pllc.com\\\/wp-content\\\/uploads\\\/2020\\\/10\\\/plg-logo-v2.gif\",\"contentUrl\":\"https:\\\/\\\/plg-pllc.com\\\/wp-content\\\/uploads\\\/2020\\\/10\\\/plg-logo-v2.gif\",\"width\":592,\"height\":191,\"caption\":\"Premier Law Group\"},\"image\":{\"@id\":\"https:\\\/\\\/plg-pllc.com\\\/#\\\/schema\\\/logo\\\/image\\\/\"},\"sameAs\":[\"https:\\\/\\\/www.facebook.com\\\/premierlawgroup\",\"https:\\\/\\\/x.com\\\/premierlawgroup\"]}]}<\/script>\n<!-- \/ Yoast SEO plugin. -->","yoast_head_json":{"title":"Lo que un abogado de accidentes de camiones hace por su caso","description":"Aprenda c\u00f3mo un abogado de accidentes de camiones lucha por los derechos de sus clientes y busca la recuperaci\u00f3n financiera a lo largo de los reclamos y el proceso legal.","robots":{"index":"index","follow":"follow","max-snippet":"max-snippet:-1","max-image-preview":"max-image-preview:large","max-video-preview":"max-video-preview:-1"},"canonical":"https:\/\/plg-pllc.com\/es\/faqs\/what-does-a-truck-accident-lawyer-do\/","og_locale":"es_MX","og_type":"article","og_title":"What a Truck Accident Lawyer Does for Your Case","og_description":"Learn how a truck accident lawyer fights for their client\u2019s rights and pursues financial recovery throughout the claims and legal process.","og_url":"https:\/\/plg-pllc.com\/es\/faqs\/what-does-a-truck-accident-lawyer-do\/","og_site_name":"Premier Law Group","article_publisher":"https:\/\/www.facebook.com\/premierlawgroup","article_modified_time":"2026-03-24T22:00:50+00:00","og_image":[{"width":1000,"height":667,"url":"https:\/\/plg-pllc.com\/wp-content\/uploads\/2025\/03\/what-does-a-truck-accident-lawyer-do.jpg","type":"image\/jpeg"}],"twitter_card":"summary_large_image","twitter_site":"@premierlawgroup","twitter_misc":{"Tiempo de lectura":"5 minutos"},"schema":{"@context":"https:\/\/schema.org","@graph":[{"@type":"WebPage","@id":"https:\/\/plg-pllc.com\/faqs\/what-does-a-truck-accident-lawyer-do\/","url":"https:\/\/plg-pllc.com\/faqs\/what-does-a-truck-accident-lawyer-do\/","name":"Lo que un abogado de accidentes de camiones hace por su caso","isPartOf":{"@id":"https:\/\/plg-pllc.com\/#website"},"primaryImageOfPage":{"@id":"https:\/\/plg-pllc.com\/faqs\/what-does-a-truck-accident-lawyer-do\/#primaryimage"},"image":{"@id":"https:\/\/plg-pllc.com\/faqs\/what-does-a-truck-accident-lawyer-do\/#primaryimage"},"thumbnailUrl":"https:\/\/plg-pllc.com\/wp-content\/uploads\/2025\/03\/what-does-a-truck-accident-lawyer-do.jpg","datePublished":"2025-03-14T22:42:04+00:00","dateModified":"2026-03-24T22:00:50+00:00","description":"Aprenda c\u00f3mo un abogado de accidentes de camiones lucha por los derechos de sus clientes y busca la recuperaci\u00f3n financiera a lo largo de los reclamos y el proceso legal.","breadcrumb":{"@id":"https:\/\/plg-pllc.com\/faqs\/what-does-a-truck-accident-lawyer-do\/#breadcrumb"},"inLanguage":"es","potentialAction":[{"@type":"ReadAction","target":["https:\/\/plg-pllc.com\/faqs\/what-does-a-truck-accident-lawyer-do\/"]}]},{"@type":"ImageObject","inLanguage":"es","@id":"https:\/\/plg-pllc.com\/faqs\/what-does-a-truck-accident-lawyer-do\/#primaryimage","url":"https:\/\/plg-pllc.com\/wp-content\/uploads\/2025\/03\/what-does-a-truck-accident-lawyer-do.jpg","contentUrl":"https:\/\/plg-pllc.com\/wp-content\/uploads\/2025\/03\/what-does-a-truck-accident-lawyer-do.jpg","width":1000,"height":667,"caption":"An injured man asks, \u201cWhat does a truck accident lawyer do?\u201d"},{"@type":"BreadcrumbList","@id":"https:\/\/plg-pllc.com\/faqs\/what-does-a-truck-accident-lawyer-do\/#breadcrumb","itemListElement":[{"@type":"ListItem","position":1,"name":"Home","item":"https:\/\/plg-pllc.com\/es\/"},{"@type":"ListItem","position":2,"name":"FAQs","item":"https:\/\/plg-pllc.com\/es\/faqs\/"},{"@type":"ListItem","position":3,"name":"What Does a Truck Accident Lawyer Do?"}]},{"@type":"WebSite","@id":"https:\/\/plg-pllc.com\/#website","url":"https:\/\/plg-pllc.com\/","name":"Grupo de abogados Premier","description":"Abogado de muerte por negligencia y lesiones graves en Washington","publisher":{"@id":"https:\/\/plg-pllc.com\/#organization"},"inLanguage":"es"},{"@type":"Organization","@id":"https:\/\/plg-pllc.com\/#organization","name":"Grupo de abogados Premier","url":"https:\/\/plg-pllc.com\/","logo":{"@type":"ImageObject","inLanguage":"es","@id":"https:\/\/plg-pllc.com\/#\/schema\/logo\/image\/","url":"https:\/\/plg-pllc.com\/wp-content\/uploads\/2020\/10\/plg-logo-v2.gif","contentUrl":"https:\/\/plg-pllc.com\/wp-content\/uploads\/2020\/10\/plg-logo-v2.gif","width":592,"height":191,"caption":"Premier Law Group"},"image":{"@id":"https:\/\/plg-pllc.com\/#\/schema\/logo\/image\/"},"sameAs":["https:\/\/www.facebook.com\/premierlawgroup","https:\/\/x.com\/premierlawgroup"]}]}},"_links":{"self":[{"href":"https:\/\/plg-pllc.com\/es\/wp-json\/wp\/v2\/pages\/21180","targetHints":{"allow":["GET"]}}],"collection":[{"href":"https:\/\/plg-pllc.com\/es\/wp-json\/wp\/v2\/pages"}],"about":[{"href":"https:\/\/plg-pllc.com\/es\/wp-json\/wp\/v2\/types\/page"}],"author":[{"embeddable":true,"href":"https:\/\/plg-pllc.com\/es\/wp-json\/wp\/v2\/users\/60"}],"replies":[{"embeddable":true,"href":"https:\/\/plg-pllc.com\/es\/wp-json\/wp\/v2\/comments?post=21180"}],"version-history":[{"count":0,"href":"https:\/\/plg-pllc.com\/es\/wp-json\/wp\/v2\/pages\/21180\/revisions"}],"up":[{"embeddable":true,"href":"https:\/\/plg-pllc.com\/es\/wp-json\/wp\/v2\/pages\/20714"}],"wp:featuredmedia":[{"embeddable":true,"href":"https:\/\/plg-pllc.com\/es\/wp-json\/wp\/v2\/media\/21181"}],"wp:attachment":[{"href":"https:\/\/plg-pllc.com\/es\/wp-json\/wp\/v2\/media?parent=21180"}],"wp:term":[{"taxonomy":"hc_faqs","embeddable":true,"href":"https:\/\/plg-pllc.com\/es\/wp-json\/wp\/v2\/hc_faqs?post=21180"}],"curies":[{"name":"gracias","href":"https:\/\/api.w.org\/{rel}","templated":true}]}}