{"id":21205,"date":"2025-04-08T03:34:50","date_gmt":"2025-04-08T10:34:50","guid":{"rendered":"https:\/\/plg-pllc.com\/?page_id=21205"},"modified":"2025-04-11T09:32:37","modified_gmt":"2025-04-11T16:32:37","slug":"kirkland-wrongful-death-lawyer","status":"publish","type":"page","link":"https:\/\/plg-pllc.com\/es\/kirkland\/wrongful-death-lawyer\/","title":{"rendered":"Abogado de muerte por negligencia en Kirkland"},"content":{"rendered":"<p><span style=\"font-weight: 400;\">Cuando un ser querido muere por la negligencia de otra persona, las consecuencias van mucho m\u00e1s all\u00e1 del dolor emocional. Las familias suelen tener que asumir gastos m\u00e9dicos inesperados, gastos funerarios y una profunda sensaci\u00f3n de injusticia. Estos momentos requieren claridad, apoyo y un camino hacia la rendici\u00f3n de cuentas.<\/span><\/p>\n<p><span style=\"font-weight: 400;\">Trabajar con abogados expertos en homicidio culposo en Kirkland puede marcar una gran diferencia. En Premier Law Group, nuestro equipo aporta... <\/span><b>M\u00e1s de 55 a\u00f1os de experiencia combinada<\/b><span style=\"font-weight: 400;\"> En cada caso que atendemos, sabemos c\u00f3mo guiar a las familias a trav\u00e9s del proceso legal, trat\u00e1ndolas con compasi\u00f3n y respeto.<\/span><\/p>\n<p><span style=\"font-weight: 400;\">Las demandas por homicidio culposo se enmarcan en el \u00e1mbito m\u00e1s amplio del derecho de lesiones personales. Por eso es importante trabajar con abogados de confianza. <\/span><a href=\"https:\/\/plg-pllc.com\/kirkland\/personal-injury-lawyer\/\"><span style=\"font-weight: 400;\">Abogados de lesiones personales en Kirkland<\/span><\/a><span style=\"font-weight: 400;\"> Que comprenden c\u00f3mo funcionan estos casos en Washington. Nuestro equipo se encarga de la carga legal para que usted pueda concentrarse en el duelo, la sanaci\u00f3n y honrar la memoria de su ser querido.<\/span><\/p>\n<h2><span style=\"font-weight: 400;\">\u00bfQui\u00e9n puede presentar una reclamaci\u00f3n por muerte por negligencia en Washington?<\/span><\/h2>\n<p><span style=\"font-weight: 400;\">La ley de Washington permite que ciertos familiares presenten una demanda por homicidio culposo en nombre de la persona fallecida. En la mayor\u00eda de los casos, esto incluye al c\u00f3nyuge sobreviviente o a la pareja de hecho registrada en el estado, a los hijos o hijastros.<\/span><\/p>\n<p><span style=\"font-weight: 400;\">Si no existen c\u00f3nyuge ni hijos, los padres o hermanos podr\u00edan tener derecho a presentar la reclamaci\u00f3n. Cada situaci\u00f3n es diferente y las normas pueden ser complejas. Por eso, nuestro equipo se toma el tiempo de explicarle sus derechos y ayudarle a comprender las opciones aplicables a su familia.<\/span><\/p>\n<h2><span style=\"font-weight: 400;\">Causas comunes de muerte por negligencia<\/span><\/h2>\n<p><span style=\"font-weight: 400;\">Las demandas por homicidio culposo pueden derivar de una amplia gama de accidentes o incidentes. Todos tienen en com\u00fan que alguien no actu\u00f3 con la debida diligencia, y esa omisi\u00f3n le cost\u00f3 la vida a otra persona.<\/span><\/p>\n<p><span style=\"font-weight: 400;\">Estas son algunas de las causas m\u00e1s comunes que manejan nuestros abogados de muerte por negligencia en Kirkland:<\/span><\/p>\n<ul>\n<li style=\"font-weight: 400;\" aria-level=\"1\"><b>Accidentes de tr\u00e1fico<\/b><span style=\"font-weight: 400;\">:Accidentes fatales que involucran autom\u00f3viles, motocicletas, camiones o peatones.<\/span><span style=\"font-weight: 400;\"><br \/>\n<\/span><\/li>\n<li style=\"font-weight: 400;\" aria-level=\"1\"><b>Mala praxis m\u00e9dica<\/b><span style=\"font-weight: 400;\">:Errores evitables durante el tratamiento, la cirug\u00eda o el diagn\u00f3stico<\/span><span style=\"font-weight: 400;\"><br \/>\n<\/span><\/li>\n<li style=\"font-weight: 400;\" aria-level=\"1\"><b>Condiciones de propiedad inseguras<\/b><span style=\"font-weight: 400;\">: Resbalones, ca\u00eddas u otros peligros fatales en instalaciones mal mantenidas.<\/span><span style=\"font-weight: 400;\"><br \/>\n<\/span><\/li>\n<li style=\"font-weight: 400;\" aria-level=\"1\"><b>Productos defectuosos<\/b><span style=\"font-weight: 400;\">:Equipos o elementos peligrosos que pueden provocar lesiones mortales.<\/span><span style=\"font-weight: 400;\"><br \/>\n<\/span><\/li>\n<li style=\"font-weight: 400;\" aria-level=\"1\"><b>Negligencia en el lugar de trabajo<\/b><span style=\"font-weight: 400;\">:Lugares de trabajo inseguros o mala conducta del empleador que causan da\u00f1os fatales<\/span><\/li>\n<\/ul>\n<p><span style=\"font-weight: 400;\">No importa la causa, nuestros abogados est\u00e1n preparados para investigar lo sucedido, identificar qui\u00e9n es responsable y construir un caso s\u00f3lido en su nombre.<\/span><\/p>\n<h2><span style=\"font-weight: 400;\">C\u00f3mo nuestros abogados de muerte por negligencia en Kirkland construyen un caso s\u00f3lido<\/span><\/h2>\n<p><span style=\"font-weight: 400;\">Los casos de homicidio culposo no se tratan solo de demostrar la culpabilidad de alguien, sino de construir una narrativa clara y basada en evidencia que demuestre c\u00f3mo sus acciones causaron da\u00f1os irreversibles. Esto requiere tiempo, recursos y un equipo experto en casos complejos.<\/span><\/p>\n<p><span style=\"font-weight: 400;\">En Premier Law Group, nuestros abogados:<\/span><\/p>\n<ul>\n<li style=\"font-weight: 400;\" aria-level=\"1\"><b>Realizar investigaciones detalladas<\/b><span style=\"font-weight: 400;\">Recopilamos informes policiales, declaraciones de testigos y opiniones de expertos para determinar exactamente qu\u00e9 sucedi\u00f3.<\/span><span style=\"font-weight: 400;\"><br \/>\n<\/span><\/li>\n<li style=\"font-weight: 400;\" aria-level=\"1\"><b>Trabaje con expertos m\u00e9dicos y financieros<\/b><span style=\"font-weight: 400;\">:Estos profesionales nos ayudan a calcular los da\u00f1os y comprender el impacto a largo plazo de la p\u00e9rdida.<\/span><span style=\"font-weight: 400;\"><br \/>\n<\/span><\/li>\n<li style=\"font-weight: 400;\" aria-level=\"1\"><b>Manejar la comunicaci\u00f3n con las aseguradoras y los demandados<\/b><span style=\"font-weight: 400;\">Rechazamos ofertas bajas y no dudaremos en ir a juicio cuando sea necesario.<\/span><span style=\"font-weight: 400;\"><br \/>\n<\/span><\/li>\n<li style=\"font-weight: 400;\" aria-level=\"1\"><b>Mantenga a las familias informadas en cada paso del camino.<\/b><span style=\"font-weight: 400;\">Sabemos que este proceso puede resultar abrumador, por eso hacemos de la comunicaci\u00f3n una m\u00e1xima prioridad.<\/span><\/li>\n<\/ul>\n<p><span style=\"font-weight: 400;\">Este tipo de apoyo legal brinda a las familias la confianza que necesitan para seguir adelante y la mejor posibilidad de \u00e9xito.<\/span><\/p>\n\n        <div class=\"rs-content-cta long\">\n            <p>Para una consulta legal GRATUITA con un abogado especializado en muerte por negligencia que atienda en Kirkland, llame al <a href=\"tel:+12062851743\">(206) 285-1743 <\/a><\/p>\n            <a href=\"https:\/\/plg-pllc.com\/es\/contact-us\/\" title=\"OBTENGA UNA EVALUACI\u00d3N DE CASO GRATUITA\" class=\"btn-global\">OBTENGA UNA EVALUACI\u00d3N DE CASO GRATUITA<\/a>\n                    <picture>\n                            <source srcset=\"https:\/\/plg-pllc.com\/wp-content\/themes\/plg-pllc-redesign\/assets\/app\/img\/cta-thumb.webp\" type=\"image\/webp\"\/>\n                            <img src=\"https:\/\/plg-pllc.com\/wp-content\/themes\/plg-pllc-redesign\/assets\/app\/img\/cta-thumb.png\" alt=\"Grupo de abogados Premier\" title=\"Grupo de abogados Premier\" width=\"245\" height=\"220\" loading=\"auto\" fetchpriority=\"auto\" decoding=\"async\"\/>\n        <\/picture>\n        \n        <\/div><h2><span style=\"font-weight: 400;\">Da\u00f1os disponibles en una demanda por muerte por negligencia<\/span><\/h2>\n<p><span style=\"font-weight: 400;\">Los casos de homicidio culposo suelen ser emocionalmente duros, pero tambi\u00e9n conllevan consecuencias financieras importantes. La ley de Washington permite a las familias reclamar una indemnizaci\u00f3n por las p\u00e9rdidas econ\u00f3micas y no econ\u00f3micas relacionadas con el fallecimiento.<\/span><\/p>\n<p><span style=\"font-weight: 400;\">Esto puede incluir:<\/span><\/p>\n<ul>\n<li style=\"font-weight: 400;\" aria-level=\"1\"><b>Gastos m\u00e9dicos<\/b><span style=\"font-weight: 400;\">:Cualquier tratamiento m\u00e9dico relacionado con la lesi\u00f3n antes de la muerte.<\/span><span style=\"font-weight: 400;\"><br \/>\n<\/span><\/li>\n<li style=\"font-weight: 400;\" aria-level=\"1\"><b>Gastos funerarios y de entierro<\/b><span style=\"font-weight: 400;\">:Gastos razonables para los arreglos finales<\/span><span style=\"font-weight: 400;\"><br \/>\n<\/span><\/li>\n<li style=\"font-weight: 400;\" aria-level=\"1\"><b>P\u00e9rdida de ingresos y apoyo<\/b><span style=\"font-weight: 400;\">: Las ganancias futuras que el fallecido habr\u00eda proporcionado<\/span><span style=\"font-weight: 400;\"><br \/>\n<\/span><\/li>\n<li style=\"font-weight: 400;\" aria-level=\"1\"><b>P\u00e9rdida de compa\u00f1\u00eda<\/b><span style=\"font-weight: 400;\">:El impacto emocional de perder a un c\u00f3nyuge, un padre o un hijo<\/span><span style=\"font-weight: 400;\"><br \/>\n<\/span><\/li>\n<li style=\"font-weight: 400;\" aria-level=\"1\"><a href=\"https:\/\/pmc.ncbi.nlm.nih.gov\/articles\/PMC7009317\/\" target=\"_blank\" rel=\"noopener\"><b>Dolor y sufrimiento<\/b><\/a><span style=\"font-weight: 400;\">:En ciertos casos, se pueden reclamar da\u00f1os y perjuicios por el sufrimiento del fallecido antes de fallecer.<\/span><\/li>\n<\/ul>\n<p><span style=\"font-weight: 400;\">Nuestro equipo en Premier Law Group sabe c\u00f3mo calcular estos da\u00f1os y presentar un reclamo claro y convincente que refleje el alcance total de su p\u00e9rdida.<\/span><\/p>\n<h2><span style=\"font-weight: 400;\">Por qu\u00e9 las familias eligen Premier Law Group<\/span><\/h2>\n<p><span style=\"font-weight: 400;\">No estamos aqu\u00ed para hacer falsas promesas ni endulzar la verdad. Las familias acuden a nosotros porque somos honestos, accesibles e incansables cuando se trata de hacer lo correcto. Nuestros abogados se toman el tiempo para escuchar, explicar sus opciones y luchar por un resultado justo, sin atajos ni juegos.<\/span><\/p>\n<p><span style=\"font-weight: 400;\">Premier Law Group tiene <\/span><b>recuperado m\u00e1s de $100 millones<\/b><span style=\"font-weight: 400;\"> Para nuestros clientes y nos hemos forjado una reputaci\u00f3n de tratar a las personas como personas, no como n\u00fameros. Nos enorgullece ser el equipo en el que las familias conf\u00edan cuando todo est\u00e1 en juego.<\/span><\/p>\n<h2><span style=\"font-weight: 400;\">Hable hoy con los abogados especializados en muerte por negligencia de Kirkland<\/span><\/h2>\n<p><span style=\"font-weight: 400;\">No tiene que pasar por esto solo. Nuestro bufete de abogados especializado en homicidio culposo en Kirkland ofrece... <\/span><b>Rese\u00f1as de casos gratuitas<\/b><span style=\"font-weight: 400;\"> Y estamos listos para responder sus preguntas, sin importar en qu\u00e9 etapa del proceso se encuentre. Nos encargaremos del trabajo legal para que usted pueda concentrarse en lo m\u00e1s importante: honrar a su ser querido y encontrar la paz.<\/span><\/p>\n<p><span style=\"font-weight: 400;\">Si est\u00e1 listo para hablar, estamos aqu\u00ed para escucharle. Ya sea que apenas est\u00e9 comenzando a explorar sus opciones o que ya sepa que desea presentar una reclamaci\u00f3n, nuestro equipo est\u00e1 listo para intervenir, apoyarlo y luchar por el resultado que su familia merece.<\/span><\/p>\n\n        <div class=\"rs-content-cta\">\n            <p>Llamar o enviar mensaje de texto <a href=\"tel:+12062851743\">(206) 285-1743<\/a> o complete un formulario de evaluaci\u00f3n de caso gratuito<\/p>\n            <a href=\"https:\/\/plg-pllc.com\/es\/contact-us\/\" title=\"OBTENGA UNA EVALUACI\u00d3N DE CASO GRATUITA\" class=\"btn-global\">OBTENGA UNA EVALUACI\u00d3N DE CASO GRATUITA<\/a>\n                    <picture>\n                            <source srcset=\"https:\/\/plg-pllc.com\/wp-content\/themes\/plg-pllc-redesign\/assets\/app\/img\/cta-thumb.webp\" type=\"image\/webp\"\/>\n                            <img src=\"https:\/\/plg-pllc.com\/wp-content\/themes\/plg-pllc-redesign\/assets\/app\/img\/cta-thumb.png\" alt=\"Grupo de abogados Premier\" title=\"Grupo de abogados Premier\" width=\"245\" height=\"220\" loading=\"auto\" fetchpriority=\"auto\" decoding=\"async\"\/>\n        <\/picture>\n        \n        <\/div>","protected":false},"excerpt":{"rendered":"<p>Cuando un ser querido muere por la negligencia de otra persona, las consecuencias van mucho m\u00e1s all\u00e1 del dolor emocional. Las familias a menudo se enfrentan a facturas m\u00e9dicas inesperadas, gastos funerarios y una profunda sensaci\u00f3n de injusticia. Estos momentos requieren claridad, apoyo y un camino hacia la rendici\u00f3n de cuentas. Trabajar con abogados expertos en homicidio culposo en Kirkland puede marcar la diferencia...<\/p>","protected":false},"author":59,"featured_media":0,"parent":20282,"menu_order":0,"comment_status":"closed","ping_status":"closed","template":"","meta":{"_acf_changed":false,"_genesis_hide_title":false,"_genesis_hide_breadcrumbs":false,"_genesis_hide_singular_image":false,"_genesis_hide_footer_widgets":false,"_genesis_custom_body_class":"","_genesis_custom_post_class":"","_genesis_layout":"","footnotes":""},"hc_faqs":[],"class_list":{"0":"post-21205","1":"page","2":"type-page","3":"status-publish","5":"hc_city_location-kirkland","6":"entry"},"acf":[],"yoast_head":"<!-- This site is optimized with the Yoast SEO plugin v27.5 - https:\/\/yoast.com\/product\/yoast-seo-wordpress\/ -->\n<title>Wrongful Death Lawyer in Kirkland | Free Case Reviews<\/title>\n<meta name=\"description\" content=\"If you&#039;ve lost a loved one due to someone else&#039;s negligence, don&#039;t hesitate to contact our Kirkland wrongful death lawyers.\" \/>\n<meta name=\"robots\" content=\"index, follow, max-snippet:-1, max-image-preview:large, max-video-preview:-1\" \/>\n<link rel=\"canonical\" href=\"https:\/\/plg-pllc.com\/es\/kirkland\/wrongful-death-lawyer\/\" \/>\n<meta property=\"og:locale\" content=\"es_MX\" \/>\n<meta property=\"og:type\" content=\"article\" \/>\n<meta property=\"og:title\" content=\"Wrongful Death Lawyer in Kirkland | Free Case Reviews\" \/>\n<meta property=\"og:description\" content=\"If you&#039;ve lost a loved one due to someone else&#039;s negligence, don&#039;t hesitate to contact our Kirkland wrongful death lawyers.\" \/>\n<meta property=\"og:url\" content=\"https:\/\/plg-pllc.com\/es\/kirkland\/wrongful-death-lawyer\/\" \/>\n<meta property=\"og:site_name\" content=\"Premier Law Group\" \/>\n<meta property=\"article:publisher\" content=\"https:\/\/www.facebook.com\/premierlawgroup\" \/>\n<meta property=\"article:modified_time\" content=\"2025-04-11T16:32:37+00:00\" \/>\n<meta name=\"twitter:card\" content=\"summary_large_image\" \/>\n<meta name=\"twitter:site\" content=\"@premierlawgroup\" \/>\n<meta name=\"twitter:label1\" content=\"Tiempo de lectura\" \/>\n\t<meta name=\"twitter:data1\" content=\"4 minutos\" \/>\n<script type=\"application\/ld+json\" class=\"yoast-schema-graph\">{\"@context\":\"https:\\\/\\\/schema.org\",\"@graph\":[{\"@type\":\"WebPage\",\"@id\":\"https:\\\/\\\/plg-pllc.com\\\/kirkland\\\/wrongful-death-lawyer\\\/\",\"url\":\"https:\\\/\\\/plg-pllc.com\\\/kirkland\\\/wrongful-death-lawyer\\\/\",\"name\":\"Wrongful Death Lawyer in Kirkland | Free Case Reviews\",\"isPartOf\":{\"@id\":\"https:\\\/\\\/plg-pllc.com\\\/#website\"},\"datePublished\":\"2025-04-08T10:34:50+00:00\",\"dateModified\":\"2025-04-11T16:32:37+00:00\",\"description\":\"If you've lost a loved one due to someone else's negligence, don't hesitate to contact our Kirkland wrongful death lawyers.\",\"breadcrumb\":{\"@id\":\"https:\\\/\\\/plg-pllc.com\\\/kirkland\\\/wrongful-death-lawyer\\\/#breadcrumb\"},\"inLanguage\":\"es\",\"potentialAction\":[{\"@type\":\"ReadAction\",\"target\":[\"https:\\\/\\\/plg-pllc.com\\\/kirkland\\\/wrongful-death-lawyer\\\/\"]}]},{\"@type\":\"BreadcrumbList\",\"@id\":\"https:\\\/\\\/plg-pllc.com\\\/kirkland\\\/wrongful-death-lawyer\\\/#breadcrumb\",\"itemListElement\":[{\"@type\":\"ListItem\",\"position\":1,\"name\":\"Home\",\"item\":\"https:\\\/\\\/plg-pllc.com\\\/es\\\/\"},{\"@type\":\"ListItem\",\"position\":2,\"name\":\"Kirkland Personal Injury Lawyer\",\"item\":\"https:\\\/\\\/plg-pllc.com\\\/es\\\/kirkland\\\/personal-injury-lawyer\\\/\"},{\"@type\":\"ListItem\",\"position\":3,\"name\":\"Kirkland Wrongful Death Lawyer\"}]},{\"@type\":\"WebSite\",\"@id\":\"https:\\\/\\\/plg-pllc.com\\\/#website\",\"url\":\"https:\\\/\\\/plg-pllc.com\\\/\",\"name\":\"Premier Law Group\",\"description\":\"Washington Wrongful Death and Serious Injury Lawyer\",\"publisher\":{\"@id\":\"https:\\\/\\\/plg-pllc.com\\\/#organization\"},\"inLanguage\":\"es\"},{\"@type\":\"Organization\",\"@id\":\"https:\\\/\\\/plg-pllc.com\\\/#organization\",\"name\":\"Premier Law Group\",\"url\":\"https:\\\/\\\/plg-pllc.com\\\/\",\"logo\":{\"@type\":\"ImageObject\",\"inLanguage\":\"es\",\"@id\":\"https:\\\/\\\/plg-pllc.com\\\/#\\\/schema\\\/logo\\\/image\\\/\",\"url\":\"https:\\\/\\\/plg-pllc.com\\\/wp-content\\\/uploads\\\/2020\\\/10\\\/plg-logo-v2.gif\",\"contentUrl\":\"https:\\\/\\\/plg-pllc.com\\\/wp-content\\\/uploads\\\/2020\\\/10\\\/plg-logo-v2.gif\",\"width\":592,\"height\":191,\"caption\":\"Premier Law Group\"},\"image\":{\"@id\":\"https:\\\/\\\/plg-pllc.com\\\/#\\\/schema\\\/logo\\\/image\\\/\"},\"sameAs\":[\"https:\\\/\\\/www.facebook.com\\\/premierlawgroup\",\"https:\\\/\\\/x.com\\\/premierlawgroup\"]}]}<\/script>\n<!-- \/ Yoast SEO plugin. -->","yoast_head_json":{"title":"Abogado de homicidio culposo en Kirkland | An\u00e1lisis de casos gratuitos","description":"Si ha perdido a un ser querido debido a la negligencia de otra persona, no dude en comunicarse con nuestros abogados de muerte por negligencia en Kirkland.","robots":{"index":"index","follow":"follow","max-snippet":"max-snippet:-1","max-image-preview":"max-image-preview:large","max-video-preview":"max-video-preview:-1"},"canonical":"https:\/\/plg-pllc.com\/es\/kirkland\/wrongful-death-lawyer\/","og_locale":"es_MX","og_type":"article","og_title":"Wrongful Death Lawyer in Kirkland | Free Case Reviews","og_description":"If you've lost a loved one due to someone else's negligence, don't hesitate to contact our Kirkland wrongful death lawyers.","og_url":"https:\/\/plg-pllc.com\/es\/kirkland\/wrongful-death-lawyer\/","og_site_name":"Premier Law Group","article_publisher":"https:\/\/www.facebook.com\/premierlawgroup","article_modified_time":"2025-04-11T16:32:37+00:00","twitter_card":"summary_large_image","twitter_site":"@premierlawgroup","twitter_misc":{"Tiempo de lectura":"4 minutos"},"schema":{"@context":"https:\/\/schema.org","@graph":[{"@type":"WebPage","@id":"https:\/\/plg-pllc.com\/kirkland\/wrongful-death-lawyer\/","url":"https:\/\/plg-pllc.com\/kirkland\/wrongful-death-lawyer\/","name":"Abogado de homicidio culposo en Kirkland | An\u00e1lisis de casos gratuitos","isPartOf":{"@id":"https:\/\/plg-pllc.com\/#website"},"datePublished":"2025-04-08T10:34:50+00:00","dateModified":"2025-04-11T16:32:37+00:00","description":"Si ha perdido a un ser querido debido a la negligencia de otra persona, no dude en comunicarse con nuestros abogados de muerte por negligencia en Kirkland.","breadcrumb":{"@id":"https:\/\/plg-pllc.com\/kirkland\/wrongful-death-lawyer\/#breadcrumb"},"inLanguage":"es","potentialAction":[{"@type":"ReadAction","target":["https:\/\/plg-pllc.com\/kirkland\/wrongful-death-lawyer\/"]}]},{"@type":"BreadcrumbList","@id":"https:\/\/plg-pllc.com\/kirkland\/wrongful-death-lawyer\/#breadcrumb","itemListElement":[{"@type":"ListItem","position":1,"name":"Home","item":"https:\/\/plg-pllc.com\/es\/"},{"@type":"ListItem","position":2,"name":"Kirkland Personal Injury Lawyer","item":"https:\/\/plg-pllc.com\/es\/kirkland\/personal-injury-lawyer\/"},{"@type":"ListItem","position":3,"name":"Kirkland Wrongful Death Lawyer"}]},{"@type":"WebSite","@id":"https:\/\/plg-pllc.com\/#website","url":"https:\/\/plg-pllc.com\/","name":"Grupo de abogados Premier","description":"Abogado de muerte por negligencia y lesiones graves en Washington","publisher":{"@id":"https:\/\/plg-pllc.com\/#organization"},"inLanguage":"es"},{"@type":"Organization","@id":"https:\/\/plg-pllc.com\/#organization","name":"Grupo de abogados Premier","url":"https:\/\/plg-pllc.com\/","logo":{"@type":"ImageObject","inLanguage":"es","@id":"https:\/\/plg-pllc.com\/#\/schema\/logo\/image\/","url":"https:\/\/plg-pllc.com\/wp-content\/uploads\/2020\/10\/plg-logo-v2.gif","contentUrl":"https:\/\/plg-pllc.com\/wp-content\/uploads\/2020\/10\/plg-logo-v2.gif","width":592,"height":191,"caption":"Premier Law Group"},"image":{"@id":"https:\/\/plg-pllc.com\/#\/schema\/logo\/image\/"},"sameAs":["https:\/\/www.facebook.com\/premierlawgroup","https:\/\/x.com\/premierlawgroup"]}]}},"_links":{"self":[{"href":"https:\/\/plg-pllc.com\/es\/wp-json\/wp\/v2\/pages\/21205","targetHints":{"allow":["GET"]}}],"collection":[{"href":"https:\/\/plg-pllc.com\/es\/wp-json\/wp\/v2\/pages"}],"about":[{"href":"https:\/\/plg-pllc.com\/es\/wp-json\/wp\/v2\/types\/page"}],"author":[{"embeddable":true,"href":"https:\/\/plg-pllc.com\/es\/wp-json\/wp\/v2\/users\/59"}],"replies":[{"embeddable":true,"href":"https:\/\/plg-pllc.com\/es\/wp-json\/wp\/v2\/comments?post=21205"}],"version-history":[{"count":0,"href":"https:\/\/plg-pllc.com\/es\/wp-json\/wp\/v2\/pages\/21205\/revisions"}],"up":[{"embeddable":true,"href":"https:\/\/plg-pllc.com\/es\/wp-json\/wp\/v2\/pages\/20282"}],"wp:attachment":[{"href":"https:\/\/plg-pllc.com\/es\/wp-json\/wp\/v2\/media?parent=21205"}],"wp:term":[{"taxonomy":"hc_faqs","embeddable":true,"href":"https:\/\/plg-pllc.com\/es\/wp-json\/wp\/v2\/hc_faqs?post=21205"}],"curies":[{"name":"gracias","href":"https:\/\/api.w.org\/{rel}","templated":true}]}}