{"id":21207,"date":"2025-04-08T03:38:57","date_gmt":"2025-04-08T10:38:57","guid":{"rendered":"https:\/\/plg-pllc.com\/?page_id=21207"},"modified":"2025-04-11T09:50:09","modified_gmt":"2025-04-11T16:50:09","slug":"how-long-do-you-have-to-report-a-car-accident-to-your-insurance-company","status":"publish","type":"page","link":"https:\/\/plg-pllc.com\/es\/faqs\/how-long-do-you-have-to-report-a-car-accident-to-your-insurance-company\/","title":{"rendered":"\u00bfCu\u00e1nto tiempo tienes para reportar un accidente automovil\u00edstico a tu compa\u00f1\u00eda de seguros?"},"content":{"rendered":"<p><span style=\"font-weight: 400;\">\u00bfCu\u00e1nto tiempo tienes para reportar un accidente de auto a tu compa\u00f1\u00eda de seguros? <\/span><b>Depende de su pol\u00edtica espec\u00edfica<\/b>,<b> pero en general<\/b>,<b> Deber\u00edas hacerlo lo antes posible<\/b><span style=\"font-weight: 400;\">.\u00a0<\/span><\/p>\n<p><span style=\"font-weight: 400;\">Si bien no existe ninguna ley en Washington que determine cu\u00e1nto tiempo tiene para informar un accidente a su proveedor de seguros, la mayor\u00eda de las p\u00f3lizas requieren que lo haga lo antes posible, generalmente dentro de las 24 a 48 horas posteriores al accidente.\u00a0<\/span><\/p>\n<p><span style=\"font-weight: 400;\">No informar a tiempo podr\u00eda ocasionar complicaciones con su reclamo o incluso la denegaci\u00f3n de la cobertura. Consultar a un equipo de <\/span><a href=\"https:\/\/plg-pllc.com\/bellevue\/car-accident-lawyer\/\"><span style=\"font-weight: 400;\">Abogados de accidentes de tr\u00e1fico en Bellevue<\/span><\/a><span style=\"font-weight: 400;\"> Puede ayudarle a comprender mejor sus opciones y evitar posibles problemas con su reclamo.<\/span><\/p>\n<h2><span style=\"font-weight: 400;\">Por qu\u00e9 es importante informar r\u00e1pidamente de un accidente de tr\u00e1fico<\/span><\/h2>\n<p><span style=\"font-weight: 400;\">Informar a su compa\u00f1\u00eda de seguros sobre un accidente automovil\u00edstico lo antes posible es importante por las siguientes razones:<\/span><\/p>\n<ul>\n<li style=\"font-weight: 400;\" aria-level=\"1\"><b>Requisitos de la pol\u00edtica<\/b><span style=\"font-weight: 400;\">La mayor\u00eda de las p\u00f3lizas de seguro exigen que se informe de un accidente &quot;con prontitud&quot; o &quot;dentro de un plazo razonable&quot;, generalmente de 24 a 48 horas. No informar dentro de este plazo podr\u00eda resultar en demoras o incluso la denegaci\u00f3n de su reclamaci\u00f3n.<\/span><\/li>\n<li style=\"font-weight: 400;\" aria-level=\"1\"><b>Preservaci\u00f3n de la evidencia<\/b><span style=\"font-weight: 400;\">La denuncia oportuna permite a su aseguradora iniciar la investigaci\u00f3n r\u00e1pidamente. Es m\u00e1s f\u00e1cil recopilar pruebas importantes, como fotos, declaraciones de testigos e informes policiales, inmediatamente despu\u00e9s del accidente. Estas pruebas son cruciales para determinar la responsabilidad y la indemnizaci\u00f3n que podr\u00eda recibir.<\/span><\/li>\n<li style=\"font-weight: 400;\" aria-level=\"1\"><b>Protegi\u00e9ndose legalmente<\/b><span style=\"font-weight: 400;\">Si el otro conductor presenta una reclamaci\u00f3n en su contra y lo acusa de culpa, haber informado del accidente a su compa\u00f1\u00eda de seguros refuerza su posici\u00f3n. Demuestra que actu\u00f3 con responsabilidad y buena fe.<\/span><\/li>\n<\/ul>\n<p><span style=\"font-weight: 400;\">Si no est\u00e1 seguro de c\u00f3mo manejar un informe de un accidente automovil\u00edstico o tiene problemas con su proveedor de seguros, comun\u00edquese con un equipo de <\/span><a href=\"https:\/\/plg-pllc.com\/\"><span style=\"font-weight: 400;\">Abogados de lesiones personales en Bellevue<\/span><\/a><span style=\"font-weight: 400;\"> Pueden marcar la diferencia. Pueden guiarlo a trav\u00e9s del proceso, proteger sus derechos y ayudarlo a obtener la compensaci\u00f3n que merece.<\/span><\/p>\n<h2><span style=\"font-weight: 400;\">\u00bfQu\u00e9 sucede si usted demora en reportar un accidente automovil\u00edstico a una compa\u00f1\u00eda de seguros?<\/span><\/h2>\n<p><span style=\"font-weight: 400;\">Retrasar la notificaci\u00f3n de un accidente de tr\u00e1fico a la aseguradora puede acarrear complicaciones importantes, como la denegaci\u00f3n de una reclamaci\u00f3n o disputas sobre la cobertura. En Washington, las aseguradoras suelen exigir a los asegurados que informen de los accidentes en un plazo razonable.\u00a0<\/span><\/p>\n<p><span style=\"font-weight: 400;\">Si bien este plazo no est\u00e1 definido expl\u00edcitamente en la ley estatal, la mayor\u00eda de las p\u00f3lizas de seguro interpretan que \u201cplazo razonable\u201d es informar el accidente dentro de las 24 a 48 horas.\u00a0<\/span><\/p>\n<p><span style=\"font-weight: 400;\">El no cumplir con este requisito puede permitir que su proveedor de seguros argumente que usted viol\u00f3 los t\u00e9rminos de su p\u00f3liza. <\/span><b>lo que podr\u00eda llevar a la denegaci\u00f3n de su reclamaci\u00f3n<\/b><span style=\"font-weight: 400;\">.<\/span><\/p>\n<h2><span style=\"font-weight: 400;\">C\u00f3mo el sistema de culpabilidad de Washington afecta el tiempo que tiene para reportar un accidente automovil\u00edstico a su compa\u00f1\u00eda de seguros<\/span><\/h2>\n<p><span style=\"font-weight: 400;\">De acuerdo a <\/span><a href=\"https:\/\/app.leg.wa.gov\/rcw\/default.aspx?cite=46.29.490\" target=\"_blank\" rel=\"noopener\"><span style=\"font-weight: 400;\">Ley RCW 46.29.490<\/span><\/a><span style=\"font-weight: 400;\">Washington es un <\/span><b>en<\/b>\u2013<b>estado de falla<\/b><span style=\"font-weight: 400;\">, lo que significa que el conductor responsable del accidente es responsable de los da\u00f1os, incluyendo gastos m\u00e9dicos, da\u00f1os materiales y otras p\u00e9rdidas. Informar oportunamente permite a su compa\u00f1\u00eda de seguros comenzar a investigar el accidente, recopilar pruebas y determinar la responsabilidad.\u00a0<\/span><\/p>\n<p><span style=\"font-weight: 400;\">Si demora la denuncia, corre el riesgo de debilitar su caso, ya que pruebas como fotograf\u00edas, declaraciones de testigos e informes policiales pueden volverse m\u00e1s dif\u00edciles de obtener o menos confiables con el tiempo.<\/span><\/p>\n\n        <div class=\"rs-content-cta long\">\n            <p>Para una consulta legal GRATUITA, llame al <a href=\"tel:+12062851743\">(206) 285-1743 <\/a><\/p>\n            <a href=\"https:\/\/plg-pllc.com\/es\/contact-us\/\" title=\"OBTENGA UNA EVALUACI\u00d3N DE CASO GRATUITA\" class=\"btn-global\">OBTENGA UNA EVALUACI\u00d3N DE CASO GRATUITA<\/a>\n                    <picture>\n                            <source srcset=\"https:\/\/plg-pllc.com\/wp-content\/themes\/plg-pllc-redesign\/assets\/app\/img\/cta-thumb.webp\" type=\"image\/webp\"\/>\n                            <img src=\"https:\/\/plg-pllc.com\/wp-content\/themes\/plg-pllc-redesign\/assets\/app\/img\/cta-thumb.png\" alt=\"Grupo de abogados Premier\" title=\"Grupo de abogados Premier\" width=\"245\" height=\"220\" loading=\"auto\" fetchpriority=\"auto\" decoding=\"async\"\/>\n        <\/picture>\n        \n        <\/div><h2><span style=\"font-weight: 400;\">C\u00f3mo la protecci\u00f3n contra lesiones personales influye en la notificaci\u00f3n de un accidente automovil\u00edstico<\/span><\/h2>\n<p><span style=\"font-weight: 400;\">Adem\u00e1s, si bien el sistema de culpabilidad de Washington coloca la responsabilidad sobre el conductor responsable, la ley estatal requiere que las compa\u00f1\u00edas de seguros ofrezcan <\/span><b>Protecci\u00f3n contra lesiones personales <\/b>(<b>PEPITA<\/b>)<span style=\"font-weight: 400;\"> cobertura a los asegurados, por <\/span><a href=\"https:\/\/app.leg.wa.gov\/rcw\/default.aspx?cite=48.22.085\" target=\"_blank\" rel=\"noopener\"><span style=\"font-weight: 400;\">Ley RCW 48.22.085<\/span><\/a><span style=\"font-weight: 400;\">.\u00a0<\/span><\/p>\n<p><span style=\"font-weight: 400;\">El PIP cubre gastos m\u00e9dicos, p\u00e9rdida de salario y otros da\u00f1os, independientemente de la culpa, lo que proporciona una red de seguridad inmediatamente despu\u00e9s de un accidente. Sin embargo, si no reporta su accidente con prontitud, su compa\u00f1\u00eda de seguros podr\u00eda retrasar o denegarle el acceso a esta cobertura, lo que dificultar\u00e1 la gesti\u00f3n de sus necesidades financieras inmediatas.<\/span><\/p>\n<p><span style=\"font-weight: 400;\">Al retrasar su denuncia, tambi\u00e9n se arriesga a permitir que el otro conductor presente su reclamaci\u00f3n primero, lo que podr\u00eda transferirle la responsabilidad. Esto puede dar lugar a largas disputas con su aseguradora, especialmente si no se le inform\u00f3 del accidente con prontitud.<\/span><\/p>\n<h2><span style=\"font-weight: 400;\">La diferencia entre informar un accidente automovil\u00edstico a su compa\u00f1\u00eda de seguros y presentar una reclamaci\u00f3n<\/span><\/h2>\n<p><span style=\"font-weight: 400;\">Es importante entender la distinci\u00f3n entre <\/span><b>reportar un accidente<\/b><span style=\"font-weight: 400;\"> a su compa\u00f1\u00eda de seguros y <\/span><b>Presentar una reclamaci\u00f3n<\/b><span style=\"font-weight: 400;\">Si bien estos t\u00e9rminos suelen usarse indistintamente, se refieren a diferentes pasos del proceso de seguro.<\/span><\/p>\n<h3><span style=\"font-weight: 400;\">Informar de un accidente<\/span><\/h3>\n<p><span style=\"font-weight: 400;\">Reportar un accidente simplemente significa notificar a su compa\u00f1\u00eda de seguros que ha ocurrido un incidente. Esto suele ser obligatorio seg\u00fan los t\u00e9rminos de su p\u00f3liza de seguro, incluso si no planea presentar una reclamaci\u00f3n.\u00a0<\/span><\/p>\n<p><span style=\"font-weight: 400;\">Informar es un paso informativo que le permite a su aseguradora documentar los detalles b\u00e1sicos del accidente, como:<\/span><\/p>\n<ul>\n<li style=\"font-weight: 400;\" aria-level=\"1\"><span style=\"font-weight: 400;\">Cu\u00e1ndo y d\u00f3nde ocurri\u00f3<\/span><\/li>\n<li style=\"font-weight: 400;\" aria-level=\"1\"><span style=\"font-weight: 400;\">\u00bfQui\u00e9n estuvo involucrado?<\/span><\/li>\n<li style=\"font-weight: 400;\" aria-level=\"1\"><span style=\"font-weight: 400;\">El alcance de cualquier da\u00f1o o lesi\u00f3n<\/span><\/li>\n<\/ul>\n<p><span style=\"font-weight: 400;\">Informar un accidente no significa necesariamente pedirle a su compa\u00f1\u00eda de seguros que pague por da\u00f1os o lesiones; es simplemente una manera de cumplir con su obligaci\u00f3n seg\u00fan la p\u00f3liza y asegurarse de que est\u00e9n al tanto del incidente.<\/span><\/p>\n<h3><span style=\"font-weight: 400;\">Presentar una reclamaci\u00f3n<\/span><\/h3>\n<p><span style=\"font-weight: 400;\">Presentar una reclamaci\u00f3n, por otro lado, es el proceso de solicitar formalmente una indemnizaci\u00f3n a su compa\u00f1\u00eda de seguros. Esto ocurre cuando busca un reembolso econ\u00f3mico por da\u00f1os, lesiones u otras p\u00e9rdidas derivadas del accidente. Por ejemplo:<\/span><\/p>\n<ul>\n<li style=\"font-weight: 400;\" aria-level=\"1\"><span style=\"font-weight: 400;\">Puede presentar un reclamo ante su propia compa\u00f1\u00eda de seguros bajo su cobertura contra colisi\u00f3n o cobertura integral.<\/span><\/li>\n<li style=\"font-weight: 400;\" aria-level=\"1\"><span style=\"font-weight: 400;\">Tambi\u00e9n puede presentar un reclamo contra el seguro del conductor culpable si es responsable del accidente.<\/span><\/li>\n<\/ul>\n<h2><span style=\"font-weight: 400;\">Podemos ayudarle con su reclamaci\u00f3n por accidente automovil\u00edstico<\/span><\/h2>\n<p><span style=\"font-weight: 400;\">Si se pregunta cu\u00e1nto tiempo tiene para reportar un accidente de auto a su compa\u00f1\u00eda de seguros, h\u00e1galo lo antes posible. Reportarlo a tiempo protege sus derechos, ayuda a preservar evidencia crucial y le garantiza el cumplimiento de su p\u00f3liza de seguro.\u00a0<\/span><\/p>\n<p><span style=\"font-weight: 400;\">En Premier Law Group, nos hemos recuperado <\/span><b>M\u00e1s de $100 millones<\/b><span style=\"font-weight: 400;\"> Para nuestros clientes. Ya sea que necesite ayuda para comprender sus derechos o presentar una reclamaci\u00f3n, estamos listos para apoyarlo y luchar por la compensaci\u00f3n que merece.<\/span><\/p>\n<p><span style=\"font-weight: 400;\">Comun\u00edquese con Premier Law Group hoy para una revisi\u00f3n gratuita de su caso.\u00a0<\/span><\/p>\n\n        <div class=\"rs-content-cta\">\n            <p>Llamar o enviar mensaje de texto <a href=\"tel:+12062851743\">(206) 285-1743<\/a> o complete un formulario de evaluaci\u00f3n de caso gratuito<\/p>\n            <a href=\"https:\/\/plg-pllc.com\/es\/contact-us\/\" title=\"OBTENGA UNA EVALUACI\u00d3N DE CASO GRATUITA\" class=\"btn-global\">OBTENGA UNA EVALUACI\u00d3N DE CASO GRATUITA<\/a>\n                    <picture>\n                            <source srcset=\"https:\/\/plg-pllc.com\/wp-content\/themes\/plg-pllc-redesign\/assets\/app\/img\/cta-thumb.webp\" type=\"image\/webp\"\/>\n                            <img src=\"https:\/\/plg-pllc.com\/wp-content\/themes\/plg-pllc-redesign\/assets\/app\/img\/cta-thumb.png\" alt=\"Grupo de abogados Premier\" title=\"Grupo de abogados Premier\" width=\"245\" height=\"220\" loading=\"auto\" fetchpriority=\"auto\" decoding=\"async\"\/>\n        <\/picture>\n        \n        <\/div>","protected":false},"excerpt":{"rendered":"<p>El plazo para reportar un accidente de auto a su compa\u00f1\u00eda de seguros depende de su p\u00f3liza espec\u00edfica, pero en general, debe hacerlo lo antes posible. Si bien no existe una ley en Washington que dicte cu\u00e1nto tiempo tiene para reportar un accidente a su aseguradora, la mayor\u00eda de las p\u00f3lizas exigen que lo haga...<\/p>","protected":false},"author":59,"featured_media":21208,"parent":20714,"menu_order":0,"comment_status":"closed","ping_status":"closed","template":"","meta":{"_acf_changed":false,"_genesis_hide_title":false,"_genesis_hide_breadcrumbs":false,"_genesis_hide_singular_image":false,"_genesis_hide_footer_widgets":false,"_genesis_custom_body_class":"","_genesis_custom_post_class":"","_genesis_layout":"","footnotes":""},"hc_faqs":[10344],"class_list":{"0":"post-21207","1":"page","2":"type-page","3":"status-publish","4":"has-post-thumbnail","6":"hc_faqs-car-accident","7":"entry"},"acf":[],"yoast_head":"<!-- This site is optimized with the Yoast SEO plugin v27.4 - https:\/\/yoast.com\/product\/yoast-seo-wordpress\/ -->\n<title>How Long You Have to Report a Car Accident to Your Insurance<\/title>\n<meta name=\"description\" content=\"A car accident lawyer can tell you how long you have to report a car accident to your insurance company.\" \/>\n<meta name=\"robots\" content=\"index, follow, max-snippet:-1, max-image-preview:large, max-video-preview:-1\" \/>\n<link rel=\"canonical\" href=\"https:\/\/plg-pllc.com\/es\/faqs\/how-long-do-you-have-to-report-a-car-accident-to-your-insurance-company\/\" \/>\n<meta property=\"og:locale\" content=\"es_MX\" \/>\n<meta property=\"og:type\" content=\"article\" \/>\n<meta property=\"og:title\" content=\"How Long You Have to Report a Car Accident to Your Insurance\" \/>\n<meta property=\"og:description\" content=\"A car accident lawyer can tell you how long you have to report a car accident to your insurance company.\" \/>\n<meta property=\"og:url\" content=\"https:\/\/plg-pllc.com\/es\/faqs\/how-long-do-you-have-to-report-a-car-accident-to-your-insurance-company\/\" \/>\n<meta property=\"og:site_name\" content=\"Premier Law Group\" \/>\n<meta property=\"article:publisher\" content=\"https:\/\/www.facebook.com\/premierlawgroup\" \/>\n<meta property=\"article:modified_time\" content=\"2025-04-11T16:50:09+00:00\" \/>\n<meta property=\"og:image\" content=\"https:\/\/plg-pllc.com\/wp-content\/uploads\/2025\/04\/How-long-do-you-have-to-report-a-car-accident-to-your-insurance-company.jpg\" \/>\n\t<meta property=\"og:image:width\" content=\"1000\" \/>\n\t<meta property=\"og:image:height\" content=\"658\" \/>\n\t<meta property=\"og:image:type\" content=\"image\/jpeg\" \/>\n<meta name=\"twitter:card\" content=\"summary_large_image\" \/>\n<meta name=\"twitter:site\" content=\"@premierlawgroup\" \/>\n<meta name=\"twitter:label1\" content=\"Tiempo de lectura\" \/>\n\t<meta name=\"twitter:data1\" content=\"5 minutos\" \/>\n<script type=\"application\/ld+json\" class=\"yoast-schema-graph\">{\"@context\":\"https:\\\/\\\/schema.org\",\"@graph\":[{\"@type\":\"WebPage\",\"@id\":\"https:\\\/\\\/plg-pllc.com\\\/faqs\\\/how-long-do-you-have-to-report-a-car-accident-to-your-insurance-company\\\/\",\"url\":\"https:\\\/\\\/plg-pllc.com\\\/faqs\\\/how-long-do-you-have-to-report-a-car-accident-to-your-insurance-company\\\/\",\"name\":\"How Long You Have to Report a Car Accident to Your Insurance\",\"isPartOf\":{\"@id\":\"https:\\\/\\\/plg-pllc.com\\\/#website\"},\"primaryImageOfPage\":{\"@id\":\"https:\\\/\\\/plg-pllc.com\\\/faqs\\\/how-long-do-you-have-to-report-a-car-accident-to-your-insurance-company\\\/#primaryimage\"},\"image\":{\"@id\":\"https:\\\/\\\/plg-pllc.com\\\/faqs\\\/how-long-do-you-have-to-report-a-car-accident-to-your-insurance-company\\\/#primaryimage\"},\"thumbnailUrl\":\"https:\\\/\\\/plg-pllc.com\\\/wp-content\\\/uploads\\\/2025\\\/04\\\/How-long-do-you-have-to-report-a-car-accident-to-your-insurance-company.jpg\",\"datePublished\":\"2025-04-08T10:38:57+00:00\",\"dateModified\":\"2025-04-11T16:50:09+00:00\",\"description\":\"A car accident lawyer can tell you how long you have to report a car accident to your insurance company.\",\"breadcrumb\":{\"@id\":\"https:\\\/\\\/plg-pllc.com\\\/faqs\\\/how-long-do-you-have-to-report-a-car-accident-to-your-insurance-company\\\/#breadcrumb\"},\"inLanguage\":\"es\",\"potentialAction\":[{\"@type\":\"ReadAction\",\"target\":[\"https:\\\/\\\/plg-pllc.com\\\/faqs\\\/how-long-do-you-have-to-report-a-car-accident-to-your-insurance-company\\\/\"]}]},{\"@type\":\"ImageObject\",\"inLanguage\":\"es\",\"@id\":\"https:\\\/\\\/plg-pllc.com\\\/faqs\\\/how-long-do-you-have-to-report-a-car-accident-to-your-insurance-company\\\/#primaryimage\",\"url\":\"https:\\\/\\\/plg-pllc.com\\\/wp-content\\\/uploads\\\/2025\\\/04\\\/How-long-do-you-have-to-report-a-car-accident-to-your-insurance-company.jpg\",\"contentUrl\":\"https:\\\/\\\/plg-pllc.com\\\/wp-content\\\/uploads\\\/2025\\\/04\\\/How-long-do-you-have-to-report-a-car-accident-to-your-insurance-company.jpg\",\"width\":1000,\"height\":658,\"caption\":\"A person sits at a desk with an open notebook and a calendar on their cellphone, ready to circle a date with a stylus pen. They wonder, \u201cHow long do you have to report a car accident to your insurance company?\u201d\"},{\"@type\":\"BreadcrumbList\",\"@id\":\"https:\\\/\\\/plg-pllc.com\\\/faqs\\\/how-long-do-you-have-to-report-a-car-accident-to-your-insurance-company\\\/#breadcrumb\",\"itemListElement\":[{\"@type\":\"ListItem\",\"position\":1,\"name\":\"Home\",\"item\":\"https:\\\/\\\/plg-pllc.com\\\/es\\\/\"},{\"@type\":\"ListItem\",\"position\":2,\"name\":\"FAQs\",\"item\":\"https:\\\/\\\/plg-pllc.com\\\/es\\\/faqs\\\/\"},{\"@type\":\"ListItem\",\"position\":3,\"name\":\"How Long Do You Have to Report a Car Accident to Your Insurance Company?\"}]},{\"@type\":\"WebSite\",\"@id\":\"https:\\\/\\\/plg-pllc.com\\\/#website\",\"url\":\"https:\\\/\\\/plg-pllc.com\\\/\",\"name\":\"Premier Law Group\",\"description\":\"Washington Wrongful Death and Serious Injury Lawyer\",\"publisher\":{\"@id\":\"https:\\\/\\\/plg-pllc.com\\\/#organization\"},\"inLanguage\":\"es\"},{\"@type\":\"Organization\",\"@id\":\"https:\\\/\\\/plg-pllc.com\\\/#organization\",\"name\":\"Premier Law Group\",\"url\":\"https:\\\/\\\/plg-pllc.com\\\/\",\"logo\":{\"@type\":\"ImageObject\",\"inLanguage\":\"es\",\"@id\":\"https:\\\/\\\/plg-pllc.com\\\/#\\\/schema\\\/logo\\\/image\\\/\",\"url\":\"https:\\\/\\\/plg-pllc.com\\\/wp-content\\\/uploads\\\/2020\\\/10\\\/plg-logo-v2.gif\",\"contentUrl\":\"https:\\\/\\\/plg-pllc.com\\\/wp-content\\\/uploads\\\/2020\\\/10\\\/plg-logo-v2.gif\",\"width\":592,\"height\":191,\"caption\":\"Premier Law Group\"},\"image\":{\"@id\":\"https:\\\/\\\/plg-pllc.com\\\/#\\\/schema\\\/logo\\\/image\\\/\"},\"sameAs\":[\"https:\\\/\\\/www.facebook.com\\\/premierlawgroup\",\"https:\\\/\\\/x.com\\\/premierlawgroup\"]}]}<\/script>\n<!-- \/ Yoast SEO plugin. -->","yoast_head_json":{"title":"\u00bfCu\u00e1nto tiempo tienes para reportar un accidente de auto a tu seguro?","description":"Un abogado especializado en accidentes automovil\u00edsticos puede decirle cu\u00e1nto tiempo tiene para informar un accidente automovil\u00edstico a su compa\u00f1\u00eda de seguros.","robots":{"index":"index","follow":"follow","max-snippet":"max-snippet:-1","max-image-preview":"max-image-preview:large","max-video-preview":"max-video-preview:-1"},"canonical":"https:\/\/plg-pllc.com\/es\/faqs\/how-long-do-you-have-to-report-a-car-accident-to-your-insurance-company\/","og_locale":"es_MX","og_type":"article","og_title":"How Long You Have to Report a Car Accident to Your Insurance","og_description":"A car accident lawyer can tell you how long you have to report a car accident to your insurance company.","og_url":"https:\/\/plg-pllc.com\/es\/faqs\/how-long-do-you-have-to-report-a-car-accident-to-your-insurance-company\/","og_site_name":"Premier Law Group","article_publisher":"https:\/\/www.facebook.com\/premierlawgroup","article_modified_time":"2025-04-11T16:50:09+00:00","og_image":[{"width":1000,"height":658,"url":"https:\/\/plg-pllc.com\/wp-content\/uploads\/2025\/04\/How-long-do-you-have-to-report-a-car-accident-to-your-insurance-company.jpg","type":"image\/jpeg"}],"twitter_card":"summary_large_image","twitter_site":"@premierlawgroup","twitter_misc":{"Tiempo de lectura":"5 minutos"},"schema":{"@context":"https:\/\/schema.org","@graph":[{"@type":"WebPage","@id":"https:\/\/plg-pllc.com\/faqs\/how-long-do-you-have-to-report-a-car-accident-to-your-insurance-company\/","url":"https:\/\/plg-pllc.com\/faqs\/how-long-do-you-have-to-report-a-car-accident-to-your-insurance-company\/","name":"\u00bfCu\u00e1nto tiempo tienes para reportar un accidente de auto a tu seguro?","isPartOf":{"@id":"https:\/\/plg-pllc.com\/#website"},"primaryImageOfPage":{"@id":"https:\/\/plg-pllc.com\/faqs\/how-long-do-you-have-to-report-a-car-accident-to-your-insurance-company\/#primaryimage"},"image":{"@id":"https:\/\/plg-pllc.com\/faqs\/how-long-do-you-have-to-report-a-car-accident-to-your-insurance-company\/#primaryimage"},"thumbnailUrl":"https:\/\/plg-pllc.com\/wp-content\/uploads\/2025\/04\/How-long-do-you-have-to-report-a-car-accident-to-your-insurance-company.jpg","datePublished":"2025-04-08T10:38:57+00:00","dateModified":"2025-04-11T16:50:09+00:00","description":"Un abogado especializado en accidentes automovil\u00edsticos puede decirle cu\u00e1nto tiempo tiene para informar un accidente automovil\u00edstico a su compa\u00f1\u00eda de seguros.","breadcrumb":{"@id":"https:\/\/plg-pllc.com\/faqs\/how-long-do-you-have-to-report-a-car-accident-to-your-insurance-company\/#breadcrumb"},"inLanguage":"es","potentialAction":[{"@type":"ReadAction","target":["https:\/\/plg-pllc.com\/faqs\/how-long-do-you-have-to-report-a-car-accident-to-your-insurance-company\/"]}]},{"@type":"ImageObject","inLanguage":"es","@id":"https:\/\/plg-pllc.com\/faqs\/how-long-do-you-have-to-report-a-car-accident-to-your-insurance-company\/#primaryimage","url":"https:\/\/plg-pllc.com\/wp-content\/uploads\/2025\/04\/How-long-do-you-have-to-report-a-car-accident-to-your-insurance-company.jpg","contentUrl":"https:\/\/plg-pllc.com\/wp-content\/uploads\/2025\/04\/How-long-do-you-have-to-report-a-car-accident-to-your-insurance-company.jpg","width":1000,"height":658,"caption":"A person sits at a desk with an open notebook and a calendar on their cellphone, ready to circle a date with a stylus pen. They wonder, \u201cHow long do you have to report a car accident to your insurance company?\u201d"},{"@type":"BreadcrumbList","@id":"https:\/\/plg-pllc.com\/faqs\/how-long-do-you-have-to-report-a-car-accident-to-your-insurance-company\/#breadcrumb","itemListElement":[{"@type":"ListItem","position":1,"name":"Home","item":"https:\/\/plg-pllc.com\/es\/"},{"@type":"ListItem","position":2,"name":"FAQs","item":"https:\/\/plg-pllc.com\/es\/faqs\/"},{"@type":"ListItem","position":3,"name":"How Long Do You Have to Report a Car Accident to Your Insurance Company?"}]},{"@type":"WebSite","@id":"https:\/\/plg-pllc.com\/#website","url":"https:\/\/plg-pllc.com\/","name":"Grupo de abogados Premier","description":"Abogado de muerte por negligencia y lesiones graves en Washington","publisher":{"@id":"https:\/\/plg-pllc.com\/#organization"},"inLanguage":"es"},{"@type":"Organization","@id":"https:\/\/plg-pllc.com\/#organization","name":"Grupo de abogados Premier","url":"https:\/\/plg-pllc.com\/","logo":{"@type":"ImageObject","inLanguage":"es","@id":"https:\/\/plg-pllc.com\/#\/schema\/logo\/image\/","url":"https:\/\/plg-pllc.com\/wp-content\/uploads\/2020\/10\/plg-logo-v2.gif","contentUrl":"https:\/\/plg-pllc.com\/wp-content\/uploads\/2020\/10\/plg-logo-v2.gif","width":592,"height":191,"caption":"Premier Law Group"},"image":{"@id":"https:\/\/plg-pllc.com\/#\/schema\/logo\/image\/"},"sameAs":["https:\/\/www.facebook.com\/premierlawgroup","https:\/\/x.com\/premierlawgroup"]}]}},"_links":{"self":[{"href":"https:\/\/plg-pllc.com\/es\/wp-json\/wp\/v2\/pages\/21207","targetHints":{"allow":["GET"]}}],"collection":[{"href":"https:\/\/plg-pllc.com\/es\/wp-json\/wp\/v2\/pages"}],"about":[{"href":"https:\/\/plg-pllc.com\/es\/wp-json\/wp\/v2\/types\/page"}],"author":[{"embeddable":true,"href":"https:\/\/plg-pllc.com\/es\/wp-json\/wp\/v2\/users\/59"}],"replies":[{"embeddable":true,"href":"https:\/\/plg-pllc.com\/es\/wp-json\/wp\/v2\/comments?post=21207"}],"version-history":[{"count":0,"href":"https:\/\/plg-pllc.com\/es\/wp-json\/wp\/v2\/pages\/21207\/revisions"}],"up":[{"embeddable":true,"href":"https:\/\/plg-pllc.com\/es\/wp-json\/wp\/v2\/pages\/20714"}],"wp:featuredmedia":[{"embeddable":true,"href":"https:\/\/plg-pllc.com\/es\/wp-json\/wp\/v2\/media\/21208"}],"wp:attachment":[{"href":"https:\/\/plg-pllc.com\/es\/wp-json\/wp\/v2\/media?parent=21207"}],"wp:term":[{"taxonomy":"hc_faqs","embeddable":true,"href":"https:\/\/plg-pllc.com\/es\/wp-json\/wp\/v2\/hc_faqs?post=21207"}],"curies":[{"name":"gracias","href":"https:\/\/api.w.org\/{rel}","templated":true}]}}