{"id":21210,"date":"2025-04-08T03:42:56","date_gmt":"2025-04-08T10:42:56","guid":{"rendered":"https:\/\/plg-pllc.com\/?page_id=21210"},"modified":"2025-04-11T09:54:08","modified_gmt":"2025-04-11T16:54:08","slug":"what-to-do-after-a-minor-car-accident","status":"publish","type":"page","link":"https:\/\/plg-pllc.com\/es\/faqs\/what-to-do-after-a-minor-car-accident\/","title":{"rendered":"Qu\u00e9 hacer despu\u00e9s de un accidente automovil\u00edstico menor"},"content":{"rendered":"<p><span style=\"font-weight: 400;\">Despu\u00e9s de un peque\u00f1o accidente automovil\u00edstico, <\/span><b>comprobar si hay lesiones<\/b>,<b> Mu\u00e9vete a un lugar seguro si es posible<\/b>,<b> Contactar a las autoridades para reportar el incidente<\/b>, <b>entonces consulte con un abogado<\/b><span style=\"font-weight: 400;\">.<\/span><\/p>\n<p><span style=\"font-weight: 400;\">Si no necesita servicios m\u00e9dicos de emergencia, aseg\u00farese de consultar a un m\u00e9dico de todos modos. Recopilar pruebas, como fotos e informaci\u00f3n de testigos, puede fortalecer su reclamaci\u00f3n. Consulte con un equipo de <\/span><a href=\"https:\/\/plg-pllc.com\/bellevue\/car-accident-lawyer\/\"><span style=\"font-weight: 400;\">Abogados de accidentes de tr\u00e1fico en Bellevue<\/span><\/a><span style=\"font-weight: 400;\"> que puede guiarle a trav\u00e9s del proceso legal y proteger sus derechos.\u00a0<\/span><\/p>\n<p><span style=\"font-weight: 400;\">Al actuar con rapidez y documentar todo, puede concentrarse en la recuperaci\u00f3n mientras construye un caso s\u00f3lido por da\u00f1os y perjuicios.\u00a0<\/span><\/p>\n<h2><span style=\"font-weight: 400;\">Llame a la polic\u00eda y busque atenci\u00f3n m\u00e9dica despu\u00e9s de un accidente automovil\u00edstico menor<\/span><\/h2>\n<p><span style=\"font-weight: 400;\">Despu\u00e9s de un accidente automovil\u00edstico menor, es importante llamar a la polic\u00eda, incluso si el da\u00f1o parece m\u00ednimo. <\/span><b>El informe policial proporciona un registro oficial del accidente.<\/b><span style=\"font-weight: 400;\">, lo cual puede ser valioso al presentar una reclamaci\u00f3n al seguro o solicitar una indemnizaci\u00f3n. Los oficiales documentar\u00e1n la escena, recopilar\u00e1n declaraciones y ayudar\u00e1n a determinar la culpa, lo que podr\u00eda fortalecer su caso posteriormente.<\/span><\/p>\n<p><span style=\"font-weight: 400;\">Adem\u00e1s de contactar a la polic\u00eda, buscar atenci\u00f3n m\u00e9dica siempre debe ser una prioridad. Incluso si las lesiones parecen leves o inexistentes, algunos s\u00edntomas podr\u00edan no manifestarse de inmediato.<\/span><\/p>\n<p><span style=\"font-weight: 400;\">Retrasar la atenci\u00f3n m\u00e9dica puede empeorar las lesiones con el tiempo y puede dar a las compa\u00f1\u00edas de seguros una raz\u00f3n para subestimar o incluso rechazar su reclamo, argumentando que las lesiones no estaban relacionadas con el accidente.\u00a0<\/span><\/p>\n<p><span style=\"font-weight: 400;\">Una evaluaci\u00f3n m\u00e9dica no solo protege su salud, sino que tambi\u00e9n proporciona documentaci\u00f3n crucial. Para obtener m\u00e1s orientaci\u00f3n, consulte con un equipo de <\/span><a href=\"https:\/\/plg-pllc.com\/\"><span style=\"font-weight: 400;\">Abogados de lesiones personales en Bellevue<\/span><\/a><span style=\"font-weight: 400;\"> Puede ayudarle a comprender sus derechos legales y los pr\u00f3ximos pasos.<\/span><\/p>\n<h2><span style=\"font-weight: 400;\">Recopilar evidencia despu\u00e9s de un accidente automovil\u00edstico menor<\/span><\/h2>\n<p><span style=\"font-weight: 400;\">Despu\u00e9s de asegurarse de que todos est\u00e9n a salvo, t\u00f3mese el tiempo para documentar la escena minuciosamente. <\/span><b>La evidencia recolectada en la escena puede respaldar su reclamo.<\/b>.<span style=\"font-weight: 400;\"> Empiece por tomar fotos y videos de los veh\u00edculos, incluyendo cualquier da\u00f1o visible, las matr\u00edculas y el \u00e1rea circundante. Aseg\u00farese de capturar las marcas de derrape, el estado de la carretera, el clima y cualquier se\u00f1al de tr\u00e1fico cercana.<\/span><\/p>\n<p><span style=\"font-weight: 400;\">Si hay testigos, solicite su informaci\u00f3n de contacto y, si es posible, una breve declaraci\u00f3n sobre lo que vieron. El testimonio de los testigos puede proporcionar una perspectiva imparcial, especialmente si se cuestiona la culpa. Adem\u00e1s, anote la hora, la fecha y el lugar del accidente.\u00a0<\/span><\/p>\n<p><span style=\"font-weight: 400;\">Un registro detallado de la escena puede ayudar a fortalecer su caso y contrarrestar cualquier desaf\u00edo del otro conductor o su compa\u00f1\u00eda de seguros.<\/span><\/p>\n<h2><span style=\"font-weight: 400;\">Intercambiar informaci\u00f3n con el otro conductor despu\u00e9s de una colisi\u00f3n automovil\u00edstica menor<\/span><\/h2>\n<p><span style=\"font-weight: 400;\">Intercambiar informaci\u00f3n con el otro conductor es fundamental tras un accidente de tr\u00e1fico leve. Sea cort\u00e9s, pero breve durante esta interacci\u00f3n. <\/span><b>Recoger al otro conductor<\/b>&#039;<b>nombre de s<\/b>,<b> DIRECCI\u00d3N<\/b>,<b> n\u00famero de tel\u00e9fono<\/b>,<b> y correo electr\u00f3nico<\/b>,<b> as\u00ed como su compa\u00f1\u00eda de seguros y n\u00famero de p\u00f3liza<\/b>.<span style=\"font-weight: 400;\"> Tambi\u00e9n es una buena idea anotar la marca, el modelo y el n\u00famero de matr\u00edcula del veh\u00edculo.<\/span><\/p>\n<p><span style=\"font-weight: 400;\">Al hablar con el otro conductor, evite hacer declaraciones que puedan malinterpretarse como una admisi\u00f3n de culpa, como disculparse o especular sobre lo sucedido. Simplemente intercambie los detalles necesarios y conc\u00e9ntrese en obtener informaci\u00f3n precisa.\u00a0<\/span><\/p>\n<p><span style=\"font-weight: 400;\">Si el otro conductor se niega a cooperar, inf\u00f3rmeselo a la polic\u00eda cuando llegue. Un intercambio adecuado de informaci\u00f3n facilitar\u00e1 la presentaci\u00f3n de reclamaciones al seguro o la solicitud de una indemnizaci\u00f3n posteriormente, si fuera necesario.<\/span><\/p>\n\n        <div class=\"rs-content-cta long\">\n            <p>Para una consulta legal GRATUITA, llame al <a href=\"tel:+12062851743\">(206) 285-1743 <\/a><\/p>\n            <a href=\"https:\/\/plg-pllc.com\/es\/contact-us\/\" title=\"OBTENGA UNA EVALUACI\u00d3N DE CASO GRATUITA\" class=\"btn-global\">OBTENGA UNA EVALUACI\u00d3N DE CASO GRATUITA<\/a>\n                    <picture>\n                            <source srcset=\"https:\/\/plg-pllc.com\/wp-content\/themes\/plg-pllc-redesign\/assets\/app\/img\/cta-thumb.webp\" type=\"image\/webp\"\/>\n                            <img src=\"https:\/\/plg-pllc.com\/wp-content\/themes\/plg-pllc-redesign\/assets\/app\/img\/cta-thumb.png\" alt=\"Grupo de abogados Premier\" title=\"Grupo de abogados Premier\" width=\"245\" height=\"220\" loading=\"auto\" fetchpriority=\"auto\" decoding=\"async\"\/>\n        <\/picture>\n        \n        <\/div><h2><span style=\"font-weight: 400;\">Notifique a su compa\u00f1\u00eda de seguros despu\u00e9s de un accidente automovil\u00edstico menor<\/span><\/h2>\n<p><span style=\"font-weight: 400;\">Notifique a su compa\u00f1\u00eda de seguros sobre el accidente lo antes posible. <\/span><b>La mayor\u00eda de las p\u00f3lizas de seguro requieren un informe inmediato<\/b><span style=\"font-weight: 400;\">Incluso en colisiones menores. Proporcione a su aseguradora todos los detalles del accidente, incluyendo la informaci\u00f3n del otro conductor, fotos y el informe policial, si est\u00e1 disponible.<\/span><\/p>\n<p><span style=\"font-weight: 400;\">Al hablar con su ajustador de seguros, c\u00e9ntrese en los datos b\u00e1sicos, como la fecha, la hora y el lugar, y evite especular sobre la culpa. Tenga en cuenta que la aseguradora puede revisar cualquier cosa que diga al determinar la responsabilidad.\u00a0<\/span><\/p>\n<p><span style=\"font-weight: 400;\">Involucrar r\u00e1pidamente a su compa\u00f1\u00eda de seguros garantiza que su reclamo se procese de manera eficiente y reduce el riesgo de complicaciones.<\/span><\/p>\n<h2><span style=\"font-weight: 400;\">Consulte con un equipo de abogados especializados en accidentes automovil\u00edsticos<\/span><\/h2>\n<p><span style=\"font-weight: 400;\">Despu\u00e9s de un accidente automovil\u00edstico, incluso uno menor, consultar a un equipo de abogados especializados en accidentes automovil\u00edsticos puede hacer una diferencia significativa a la hora de proteger sus derechos y asegurar una compensaci\u00f3n justa.<\/span><\/p>\n<p><span style=\"font-weight: 400;\">Las compa\u00f1\u00edas de seguros a menudo intentan minimizar los pagos y, sin la orientaci\u00f3n legal adecuada, es posible que reciba menos de lo que merece por facturas m\u00e9dicas, reparaciones de veh\u00edculos, salarios perdidos y otros da\u00f1os.<\/span><\/p>\n<p><span style=\"font-weight: 400;\">Un equipo legal experimentado puede revisar los detalles de su caso, ayudarle a comprender sus opciones legales y gestionar las negociaciones con las aseguradoras en su nombre. Tambi\u00e9n pueden recopilar pruebas, entrevistar a testigos y construir un caso s\u00f3lido para respaldar su reclamaci\u00f3n.\u00a0<\/span><\/p>\n<p><span style=\"font-weight: 400;\">Al consultar con abogados expertos, puede aprender m\u00e1s sobre qu\u00e9 hacer despu\u00e9s de un accidente automovil\u00edstico menor. Tambi\u00e9n pueden ayudarle a presentar una demanda dentro del plazo de prescripci\u00f3n. Seg\u00fan <\/span><a href=\"https:\/\/app.leg.wa.gov\/rcw\/default.aspx?cite=4.16.080\" target=\"_blank\" rel=\"noopener\"><span style=\"font-weight: 400;\">Ley de Armas Reconstructivas 4.16.080<\/span><\/a><span style=\"font-weight: 400;\">, generalmente tienes <\/span><b>tres a\u00f1os<\/b><span style=\"font-weight: 400;\"> emprender acciones legales contra una parte responsable.\u00a0<\/span><\/p>\n<h2><span style=\"font-weight: 400;\">Podemos explicarle m\u00e1s sobre qu\u00e9 hacer despu\u00e9s de un accidente automovil\u00edstico menor<\/span><\/h2>\n<p><span style=\"font-weight: 400;\">En Premier Law Group, entendemos lo abrumador que puede ser incluso un accidente automovil\u00edstico leve. Por eso, estamos aqu\u00ed para guiarle en cada paso del proceso, garantizando la protecci\u00f3n de sus derechos y la compensaci\u00f3n que merece.\u00a0<\/span><\/p>\n<p><span style=\"font-weight: 400;\">Con <\/span><b>M\u00e1s de $100 millones<\/b><span style=\"font-weight: 400;\"> Nuestro equipo cuenta con la experiencia y la dedicaci\u00f3n necesarias para gestionar su caso con cuidado y determinaci\u00f3n. Le explicaremos todo lo que necesita saber sobre qu\u00e9 hacer tras un accidente de auto leve.\u00a0<\/span><\/p>\n<p><span style=\"font-weight: 400;\">Cont\u00e1ctenos hoy para una revisi\u00f3n de caso gratuita.\u00a0<\/span><\/p>\n\n        <div class=\"rs-content-cta\">\n            <p>Llamar o enviar mensaje de texto <a href=\"tel:+12062851743\">(206) 285-1743<\/a> o complete un formulario de evaluaci\u00f3n de caso gratuito<\/p>\n            <a href=\"https:\/\/plg-pllc.com\/es\/contact-us\/\" title=\"OBTENGA UNA EVALUACI\u00d3N DE CASO GRATUITA\" class=\"btn-global\">OBTENGA UNA EVALUACI\u00d3N DE CASO GRATUITA<\/a>\n                    <picture>\n                            <source srcset=\"https:\/\/plg-pllc.com\/wp-content\/themes\/plg-pllc-redesign\/assets\/app\/img\/cta-thumb.webp\" type=\"image\/webp\"\/>\n                            <img src=\"https:\/\/plg-pllc.com\/wp-content\/themes\/plg-pllc-redesign\/assets\/app\/img\/cta-thumb.png\" alt=\"Grupo de abogados Premier\" title=\"Grupo de abogados Premier\" width=\"245\" height=\"220\" loading=\"auto\" fetchpriority=\"auto\" decoding=\"async\"\/>\n        <\/picture>\n        \n        <\/div>","protected":false},"excerpt":{"rendered":"<p>Tras un accidente automovil\u00edstico leve, revise si hay lesiones, p\u00f3ngase a salvo si es posible, contacte a las autoridades para reportar el incidente y luego consulte con un abogado. Si no necesita servicios m\u00e9dicos de emergencia, aseg\u00farese de consultar con un m\u00e9dico. Recopilar pruebas, como fotos e informaci\u00f3n de testigos, puede fortalecer su reclamaci\u00f3n. Consulte con un equipo\u2026<\/p>","protected":false},"author":59,"featured_media":21211,"parent":20714,"menu_order":0,"comment_status":"closed","ping_status":"closed","template":"","meta":{"_acf_changed":false,"_genesis_hide_title":false,"_genesis_hide_breadcrumbs":false,"_genesis_hide_singular_image":false,"_genesis_hide_footer_widgets":false,"_genesis_custom_body_class":"","_genesis_custom_post_class":"","_genesis_layout":"","footnotes":""},"hc_faqs":[10344],"class_list":{"0":"post-21210","1":"page","2":"type-page","3":"status-publish","4":"has-post-thumbnail","6":"hc_faqs-car-accident","7":"entry"},"acf":[],"yoast_head":"<!-- This site is optimized with the Yoast SEO plugin v27.4 - https:\/\/yoast.com\/product\/yoast-seo-wordpress\/ -->\n<title>What to Do After a Minor Car Accident | Premier Law Group<\/title>\n<meta name=\"description\" content=\"Understanding what to do after a minor car accident can help you seek damages. A lawyer can tell you what to do.\" \/>\n<meta name=\"robots\" content=\"index, follow, max-snippet:-1, max-image-preview:large, max-video-preview:-1\" \/>\n<link rel=\"canonical\" href=\"https:\/\/plg-pllc.com\/es\/faqs\/what-to-do-after-a-minor-car-accident\/\" \/>\n<meta property=\"og:locale\" content=\"es_MX\" \/>\n<meta property=\"og:type\" content=\"article\" \/>\n<meta property=\"og:title\" content=\"What to Do After a Minor Car Accident | Premier Law Group\" \/>\n<meta property=\"og:description\" content=\"Understanding what to do after a minor car accident can help you seek damages. A lawyer can tell you what to do.\" \/>\n<meta property=\"og:url\" content=\"https:\/\/plg-pllc.com\/es\/faqs\/what-to-do-after-a-minor-car-accident\/\" \/>\n<meta property=\"og:site_name\" content=\"Premier Law Group\" \/>\n<meta property=\"article:publisher\" content=\"https:\/\/www.facebook.com\/premierlawgroup\" \/>\n<meta property=\"article:modified_time\" content=\"2025-04-11T16:54:08+00:00\" \/>\n<meta property=\"og:image\" content=\"https:\/\/plg-pllc.com\/wp-content\/uploads\/2025\/04\/What-to-do-after-a-minor-car-accident.jpg\" \/>\n\t<meta property=\"og:image:width\" content=\"1000\" \/>\n\t<meta property=\"og:image:height\" content=\"667\" \/>\n\t<meta property=\"og:image:type\" content=\"image\/jpeg\" \/>\n<meta name=\"twitter:card\" content=\"summary_large_image\" \/>\n<meta name=\"twitter:site\" content=\"@premierlawgroup\" \/>\n<meta name=\"twitter:label1\" content=\"Tiempo de lectura\" \/>\n\t<meta name=\"twitter:data1\" content=\"5 minutos\" \/>\n<script type=\"application\/ld+json\" class=\"yoast-schema-graph\">{\"@context\":\"https:\\\/\\\/schema.org\",\"@graph\":[{\"@type\":\"WebPage\",\"@id\":\"https:\\\/\\\/plg-pllc.com\\\/faqs\\\/what-to-do-after-a-minor-car-accident\\\/\",\"url\":\"https:\\\/\\\/plg-pllc.com\\\/faqs\\\/what-to-do-after-a-minor-car-accident\\\/\",\"name\":\"What to Do After a Minor Car Accident | Premier Law Group\",\"isPartOf\":{\"@id\":\"https:\\\/\\\/plg-pllc.com\\\/#website\"},\"primaryImageOfPage\":{\"@id\":\"https:\\\/\\\/plg-pllc.com\\\/faqs\\\/what-to-do-after-a-minor-car-accident\\\/#primaryimage\"},\"image\":{\"@id\":\"https:\\\/\\\/plg-pllc.com\\\/faqs\\\/what-to-do-after-a-minor-car-accident\\\/#primaryimage\"},\"thumbnailUrl\":\"https:\\\/\\\/plg-pllc.com\\\/wp-content\\\/uploads\\\/2025\\\/04\\\/What-to-do-after-a-minor-car-accident.jpg\",\"datePublished\":\"2025-04-08T10:42:56+00:00\",\"dateModified\":\"2025-04-11T16:54:08+00:00\",\"description\":\"Understanding what to do after a minor car accident can help you seek damages. A lawyer can tell you what to do.\",\"breadcrumb\":{\"@id\":\"https:\\\/\\\/plg-pllc.com\\\/faqs\\\/what-to-do-after-a-minor-car-accident\\\/#breadcrumb\"},\"inLanguage\":\"es\",\"potentialAction\":[{\"@type\":\"ReadAction\",\"target\":[\"https:\\\/\\\/plg-pllc.com\\\/faqs\\\/what-to-do-after-a-minor-car-accident\\\/\"]}]},{\"@type\":\"ImageObject\",\"inLanguage\":\"es\",\"@id\":\"https:\\\/\\\/plg-pllc.com\\\/faqs\\\/what-to-do-after-a-minor-car-accident\\\/#primaryimage\",\"url\":\"https:\\\/\\\/plg-pllc.com\\\/wp-content\\\/uploads\\\/2025\\\/04\\\/What-to-do-after-a-minor-car-accident.jpg\",\"contentUrl\":\"https:\\\/\\\/plg-pllc.com\\\/wp-content\\\/uploads\\\/2025\\\/04\\\/What-to-do-after-a-minor-car-accident.jpg\",\"width\":1000,\"height\":667,\"caption\":\"A young man in a green jacket kneels by his maroon car that was rear-ended by a blue car. He holds his cell phone to his ear, asking his lawyer what to do after a minor car accident.\u00a0\"},{\"@type\":\"BreadcrumbList\",\"@id\":\"https:\\\/\\\/plg-pllc.com\\\/faqs\\\/what-to-do-after-a-minor-car-accident\\\/#breadcrumb\",\"itemListElement\":[{\"@type\":\"ListItem\",\"position\":1,\"name\":\"Home\",\"item\":\"https:\\\/\\\/plg-pllc.com\\\/es\\\/\"},{\"@type\":\"ListItem\",\"position\":2,\"name\":\"FAQs\",\"item\":\"https:\\\/\\\/plg-pllc.com\\\/es\\\/faqs\\\/\"},{\"@type\":\"ListItem\",\"position\":3,\"name\":\"What to Do After a Minor Car Accident\"}]},{\"@type\":\"WebSite\",\"@id\":\"https:\\\/\\\/plg-pllc.com\\\/#website\",\"url\":\"https:\\\/\\\/plg-pllc.com\\\/\",\"name\":\"Premier Law Group\",\"description\":\"Washington Wrongful Death and Serious Injury Lawyer\",\"publisher\":{\"@id\":\"https:\\\/\\\/plg-pllc.com\\\/#organization\"},\"inLanguage\":\"es\"},{\"@type\":\"Organization\",\"@id\":\"https:\\\/\\\/plg-pllc.com\\\/#organization\",\"name\":\"Premier Law Group\",\"url\":\"https:\\\/\\\/plg-pllc.com\\\/\",\"logo\":{\"@type\":\"ImageObject\",\"inLanguage\":\"es\",\"@id\":\"https:\\\/\\\/plg-pllc.com\\\/#\\\/schema\\\/logo\\\/image\\\/\",\"url\":\"https:\\\/\\\/plg-pllc.com\\\/wp-content\\\/uploads\\\/2020\\\/10\\\/plg-logo-v2.gif\",\"contentUrl\":\"https:\\\/\\\/plg-pllc.com\\\/wp-content\\\/uploads\\\/2020\\\/10\\\/plg-logo-v2.gif\",\"width\":592,\"height\":191,\"caption\":\"Premier Law Group\"},\"image\":{\"@id\":\"https:\\\/\\\/plg-pllc.com\\\/#\\\/schema\\\/logo\\\/image\\\/\"},\"sameAs\":[\"https:\\\/\\\/www.facebook.com\\\/premierlawgroup\",\"https:\\\/\\\/x.com\\\/premierlawgroup\"]}]}<\/script>\n<!-- \/ Yoast SEO plugin. -->","yoast_head_json":{"title":"Qu\u00e9 hacer tras un accidente de tr\u00e1fico leve | Premier Law Group","description":"Entender qu\u00e9 hacer despu\u00e9s de un accidente automovil\u00edstico leve puede ayudarle a reclamar una indemnizaci\u00f3n. Un abogado puede indicarle qu\u00e9 hacer.","robots":{"index":"index","follow":"follow","max-snippet":"max-snippet:-1","max-image-preview":"max-image-preview:large","max-video-preview":"max-video-preview:-1"},"canonical":"https:\/\/plg-pllc.com\/es\/faqs\/what-to-do-after-a-minor-car-accident\/","og_locale":"es_MX","og_type":"article","og_title":"What to Do After a Minor Car Accident | Premier Law Group","og_description":"Understanding what to do after a minor car accident can help you seek damages. A lawyer can tell you what to do.","og_url":"https:\/\/plg-pllc.com\/es\/faqs\/what-to-do-after-a-minor-car-accident\/","og_site_name":"Premier Law Group","article_publisher":"https:\/\/www.facebook.com\/premierlawgroup","article_modified_time":"2025-04-11T16:54:08+00:00","og_image":[{"width":1000,"height":667,"url":"https:\/\/plg-pllc.com\/wp-content\/uploads\/2025\/04\/What-to-do-after-a-minor-car-accident.jpg","type":"image\/jpeg"}],"twitter_card":"summary_large_image","twitter_site":"@premierlawgroup","twitter_misc":{"Tiempo de lectura":"5 minutos"},"schema":{"@context":"https:\/\/schema.org","@graph":[{"@type":"WebPage","@id":"https:\/\/plg-pllc.com\/faqs\/what-to-do-after-a-minor-car-accident\/","url":"https:\/\/plg-pllc.com\/faqs\/what-to-do-after-a-minor-car-accident\/","name":"Qu\u00e9 hacer tras un accidente de tr\u00e1fico leve | Premier Law Group","isPartOf":{"@id":"https:\/\/plg-pllc.com\/#website"},"primaryImageOfPage":{"@id":"https:\/\/plg-pllc.com\/faqs\/what-to-do-after-a-minor-car-accident\/#primaryimage"},"image":{"@id":"https:\/\/plg-pllc.com\/faqs\/what-to-do-after-a-minor-car-accident\/#primaryimage"},"thumbnailUrl":"https:\/\/plg-pllc.com\/wp-content\/uploads\/2025\/04\/What-to-do-after-a-minor-car-accident.jpg","datePublished":"2025-04-08T10:42:56+00:00","dateModified":"2025-04-11T16:54:08+00:00","description":"Entender qu\u00e9 hacer despu\u00e9s de un accidente automovil\u00edstico leve puede ayudarle a reclamar una indemnizaci\u00f3n. Un abogado puede indicarle qu\u00e9 hacer.","breadcrumb":{"@id":"https:\/\/plg-pllc.com\/faqs\/what-to-do-after-a-minor-car-accident\/#breadcrumb"},"inLanguage":"es","potentialAction":[{"@type":"ReadAction","target":["https:\/\/plg-pllc.com\/faqs\/what-to-do-after-a-minor-car-accident\/"]}]},{"@type":"ImageObject","inLanguage":"es","@id":"https:\/\/plg-pllc.com\/faqs\/what-to-do-after-a-minor-car-accident\/#primaryimage","url":"https:\/\/plg-pllc.com\/wp-content\/uploads\/2025\/04\/What-to-do-after-a-minor-car-accident.jpg","contentUrl":"https:\/\/plg-pllc.com\/wp-content\/uploads\/2025\/04\/What-to-do-after-a-minor-car-accident.jpg","width":1000,"height":667,"caption":"A young man in a green jacket kneels by his maroon car that was rear-ended by a blue car. He holds his cell phone to his ear, asking his lawyer what to do after a minor car accident.\u00a0"},{"@type":"BreadcrumbList","@id":"https:\/\/plg-pllc.com\/faqs\/what-to-do-after-a-minor-car-accident\/#breadcrumb","itemListElement":[{"@type":"ListItem","position":1,"name":"Home","item":"https:\/\/plg-pllc.com\/es\/"},{"@type":"ListItem","position":2,"name":"FAQs","item":"https:\/\/plg-pllc.com\/es\/faqs\/"},{"@type":"ListItem","position":3,"name":"What to Do After a Minor Car Accident"}]},{"@type":"WebSite","@id":"https:\/\/plg-pllc.com\/#website","url":"https:\/\/plg-pllc.com\/","name":"Grupo de abogados Premier","description":"Abogado de muerte por negligencia y lesiones graves en Washington","publisher":{"@id":"https:\/\/plg-pllc.com\/#organization"},"inLanguage":"es"},{"@type":"Organization","@id":"https:\/\/plg-pllc.com\/#organization","name":"Grupo de abogados Premier","url":"https:\/\/plg-pllc.com\/","logo":{"@type":"ImageObject","inLanguage":"es","@id":"https:\/\/plg-pllc.com\/#\/schema\/logo\/image\/","url":"https:\/\/plg-pllc.com\/wp-content\/uploads\/2020\/10\/plg-logo-v2.gif","contentUrl":"https:\/\/plg-pllc.com\/wp-content\/uploads\/2020\/10\/plg-logo-v2.gif","width":592,"height":191,"caption":"Premier Law Group"},"image":{"@id":"https:\/\/plg-pllc.com\/#\/schema\/logo\/image\/"},"sameAs":["https:\/\/www.facebook.com\/premierlawgroup","https:\/\/x.com\/premierlawgroup"]}]}},"_links":{"self":[{"href":"https:\/\/plg-pllc.com\/es\/wp-json\/wp\/v2\/pages\/21210","targetHints":{"allow":["GET"]}}],"collection":[{"href":"https:\/\/plg-pllc.com\/es\/wp-json\/wp\/v2\/pages"}],"about":[{"href":"https:\/\/plg-pllc.com\/es\/wp-json\/wp\/v2\/types\/page"}],"author":[{"embeddable":true,"href":"https:\/\/plg-pllc.com\/es\/wp-json\/wp\/v2\/users\/59"}],"replies":[{"embeddable":true,"href":"https:\/\/plg-pllc.com\/es\/wp-json\/wp\/v2\/comments?post=21210"}],"version-history":[{"count":0,"href":"https:\/\/plg-pllc.com\/es\/wp-json\/wp\/v2\/pages\/21210\/revisions"}],"up":[{"embeddable":true,"href":"https:\/\/plg-pllc.com\/es\/wp-json\/wp\/v2\/pages\/20714"}],"wp:featuredmedia":[{"embeddable":true,"href":"https:\/\/plg-pllc.com\/es\/wp-json\/wp\/v2\/media\/21211"}],"wp:attachment":[{"href":"https:\/\/plg-pllc.com\/es\/wp-json\/wp\/v2\/media?parent=21210"}],"wp:term":[{"taxonomy":"hc_faqs","embeddable":true,"href":"https:\/\/plg-pllc.com\/es\/wp-json\/wp\/v2\/hc_faqs?post=21210"}],"curies":[{"name":"gracias","href":"https:\/\/api.w.org\/{rel}","templated":true}]}}