{"id":21225,"date":"2025-04-14T11:29:03","date_gmt":"2025-04-14T18:29:03","guid":{"rendered":"https:\/\/plg-pllc.com\/?page_id=21225"},"modified":"2025-04-30T15:12:12","modified_gmt":"2025-04-30T22:12:12","slug":"what-is-the-average-car-accident-settlement","status":"publish","type":"page","link":"https:\/\/plg-pllc.com\/es\/faqs\/what-is-the-average-car-accident-settlement\/","title":{"rendered":"\u00bfCu\u00e1l es la indemnizaci\u00f3n media por accidente de tr\u00e1fico?"},"content":{"rendered":"<p><span style=\"font-weight: 400;\">El promedio de acuerdos por accidentes automovil\u00edsticos en el estado de Washington puede <\/span><b>var\u00edan considerablemente seg\u00fan el da\u00f1o causado por el accidente<\/b><span style=\"font-weight: 400;\">Muchas personas reciben alrededor de $20,000 por sus p\u00e9rdidas, pero algunos automovilistas reciben mucho menos y otros reciben considerablemente m\u00e1s.<\/span><\/p>\n<p><span style=\"font-weight: 400;\">A <\/span><a href=\"https:\/\/plg-pllc.com\/seattle\/car-accident-lawyer\/\"><span style=\"font-weight: 400;\">Abogado de accidentes de tr\u00e1fico en Seattle<\/span><\/a><span style=\"font-weight: 400;\"> Puede revisar las p\u00e9rdidas espec\u00edficas que sufri\u00f3 en un accidente y ayudarle a obtener una compensaci\u00f3n justa. Trabajar con un abogado puede garantizarle la cobertura de todos sus gastos.\u00a0<\/span><\/p>\n<h2><span style=\"font-weight: 400;\">\u00bfCu\u00e1nto dinero obtendr\u00e1 de un acuerdo por un accidente automovil\u00edstico?<\/span><\/h2>\n<p><a href=\"https:\/\/www.forbes.com\/advisor\/legal\/auto-accident\/typical-car-settlement-amounts\/\" target=\"_blank\" rel=\"noopener\"><span style=\"font-weight: 400;\">Montos t\u00edpicos de indemnizaci\u00f3n por accidentes automovil\u00edsticos<\/span><\/a><span style=\"font-weight: 400;\"> var\u00edan. Las encuestas han demostrado que el acuerdo promedio <\/span><b>Puede variar desde $20,000 hasta $25,000<\/b><span style=\"font-weight: 400;\">Sin embargo, la mayor\u00eda de las personas que respondieron a estas encuestas informaron que recibieron <\/span><b>menos de $10,000<\/b><span style=\"font-weight: 400;\"> por sus p\u00e9rdidas.\u00a0<\/span><\/p>\n<p><span style=\"font-weight: 400;\">Adem\u00e1s, algunos automovilistas reciben indemnizaciones mucho m\u00e1s altas.\u00a0<\/span><\/p>\n<p><span style=\"font-weight: 400;\">A <\/span><a href=\"https:\/\/plg-pllc.com\/seattle\/personal-injury-lawyer\/\"><span style=\"font-weight: 400;\">Abogado de lesiones personales en Seattle<\/span><\/a><span style=\"font-weight: 400;\"> Podemos evaluar sus p\u00e9rdidas espec\u00edficas y ayudarle a determinar la compensaci\u00f3n que deber\u00eda recibir despu\u00e9s de un accidente. Tambi\u00e9n podemos brindarle m\u00e1s informaci\u00f3n sobre <\/span><b>La indemnizaci\u00f3n media por accidente de coche<\/b><span style=\"font-weight: 400;\">. <\/span><span style=\"font-weight: 400;\">\u00a1Llame a Premier Law Group para una revisi\u00f3n de caso GRATIS!<\/span><\/p>\n<h2><span style=\"font-weight: 400;\">\u00bfQu\u00e9 tipos de compensaci\u00f3n obtiene a trav\u00e9s de un acuerdo?<\/span><\/h2>\n<p><span style=\"font-weight: 400;\">Usted puede recibir una compensaci\u00f3n por <\/span><b>Muchas de las p\u00e9rdidas que sufriste<\/b><span style=\"font-weight: 400;\"> En caso de accidente, si llega a un acuerdo con la compa\u00f1\u00eda de seguros que representa a la parte culpable. Dependiendo de sus circunstancias, un acuerdo puede proporcionarle fondos para:<\/span><\/p>\n<h3><span style=\"font-weight: 400;\">Gastos m\u00e9dicos<\/span><\/h3>\n<p><span style=\"font-weight: 400;\">Los accidentes automovil\u00edsticos suelen causar lesiones catastr\u00f3ficas, como conmociones cerebrales, lesiones de cuello y espalda, par\u00e1lisis, fracturas y amputaciones. Su indemnizaci\u00f3n podr\u00eda incluir dinero para cubrir:<\/span><\/p>\n<ul>\n<li style=\"font-weight: 400;\" aria-level=\"1\"><span style=\"font-weight: 400;\">Tratamiento m\u00e9dico de emergencia en el lugar del accidente<\/span><\/li>\n<li style=\"font-weight: 400;\" aria-level=\"1\"><span style=\"font-weight: 400;\">Pruebas de diagn\u00f3stico m\u00e9dico<\/span><\/li>\n<li style=\"font-weight: 400;\" aria-level=\"1\"><span style=\"font-weight: 400;\">Todos los procedimientos m\u00e9dicos y quir\u00fargicos<\/span><\/li>\n<li style=\"font-weight: 400;\" aria-level=\"1\"><span style=\"font-weight: 400;\">Medicamentos y fisioterapia\u00a0<\/span><\/li>\n<\/ul>\n<p><span style=\"font-weight: 400;\">Grupo de abogados Premier<\/span><span style=\"font-weight: 400;\"> Puede rastrear todos sus <\/span><b>costos actuales y futuros de la atenci\u00f3n m\u00e9dica<\/b><span style=\"font-weight: 400;\"> para incluirlos en su liquidaci\u00f3n.<\/span><\/p>\n<h3><span style=\"font-weight: 400;\">Costos de reparaci\u00f3n de la propiedad<\/span><\/h3>\n<p><span style=\"font-weight: 400;\">Su abogado tambi\u00e9n puede realizar un seguimiento de la <\/span><b>gastos asociados con la reparaci\u00f3n de su propiedad<\/b><span style=\"font-weight: 400;\"> Tras un accidente de coche. En algunos casos, recibir\u00e1s dinero para reemplazar un veh\u00edculo que la compa\u00f1\u00eda de seguros considera p\u00e9rdida total.\u00a0<\/span><\/p>\n<h2><span style=\"font-weight: 400;\">\u00bfPuede obtener otra compensaci\u00f3n despu\u00e9s de un accidente automovil\u00edstico?<\/span><\/h2>\n<p><span style=\"font-weight: 400;\">En algunos casos, usted <\/span><b>puede recibir una compensaci\u00f3n adicional<\/b><span style=\"font-weight: 400;\"> Tras un accidente automovil\u00edstico. Sin embargo, algunos de estos da\u00f1os solo est\u00e1n disponibles si presenta una demanda por lesiones personales en lugar de aceptar una indemnizaci\u00f3n por da\u00f1os y perjuicios.<\/span><\/p>\n<p><span style=\"font-weight: 400;\">Su abogado puede revisar los detalles de su situaci\u00f3n y analizar todas las posibles opciones disponibles para resolver su reclamaci\u00f3n. Un abogado puede centrarse en las p\u00e9rdidas asociadas con:<\/span><\/p>\n<h3><span style=\"font-weight: 400;\">Salarios perdidos<\/span><\/h3>\n<p><span style=\"font-weight: 400;\">Es posible que necesite tiempo libre del trabajo para recuperarse de un accidente automovil\u00edstico. Premier Law Group puede hacer un seguimiento de su...<\/span><b> salario perdido <\/b><span style=\"font-weight: 400;\">y solicitar una compensaci\u00f3n justa a la parte culpable. Tambi\u00e9n podemos solicitar fondos para cubrir su <\/span><b>p\u00e9rdida de potencial de ingresos<\/b><span style=\"font-weight: 400;\">.<\/span><\/p>\n<h3><span style=\"font-weight: 400;\">P\u00e9rdidas no econ\u00f3micas<\/span><\/h3>\n<p><span style=\"font-weight: 400;\">Podr\u00edamos solicitar una indemnizaci\u00f3n para cubrir las consecuencias no econ\u00f3micas de su accidente. Dependiendo de sus circunstancias, podr\u00eda obtener una indemnizaci\u00f3n por sus da\u00f1os. <\/span><b>dolor<\/b>,<b> sufrimiento emocional<\/b>,<b> y angustia mental<\/b><span style=\"font-weight: 400;\">.\u00a0<\/span><\/p>\n\n        <div class=\"rs-content-cta long\">\n            <p>Para una consulta legal GRATUITA, llame al <a href=\"tel:+12062851743\">(206) 285-1743 <\/a><\/p>\n            <a href=\"https:\/\/plg-pllc.com\/es\/contact-us\/\" title=\"OBTENGA UNA EVALUACI\u00d3N DE CASO GRATUITA\" class=\"btn-global\">OBTENGA UNA EVALUACI\u00d3N DE CASO GRATUITA<\/a>\n                    <picture>\n                            <source srcset=\"https:\/\/plg-pllc.com\/wp-content\/themes\/plg-pllc-redesign\/assets\/app\/img\/cta-thumb.webp\" type=\"image\/webp\"\/>\n                            <img src=\"https:\/\/plg-pllc.com\/wp-content\/themes\/plg-pllc-redesign\/assets\/app\/img\/cta-thumb.png\" alt=\"Grupo de abogados Premier\" title=\"Grupo de abogados Premier\" width=\"245\" height=\"220\" loading=\"auto\" fetchpriority=\"auto\" decoding=\"async\"\/>\n        <\/picture>\n        \n        <\/div><h2><span style=\"font-weight: 400;\">\u00bfQui\u00e9n decide cu\u00e1nta compensaci\u00f3n recibir\u00e1 a trav\u00e9s de un acuerdo?<\/span><\/h2>\n<p><span style=\"font-weight: 400;\">Los abogados participan en negociaciones <\/span><b>con la compa\u00f1\u00eda de seguros<\/b><span style=\"font-weight: 400;\"> Para decidir el monto del acuerdo. No podemos obligar a la compa\u00f1\u00eda de seguros a ofrecer una cantidad espec\u00edfica, pero rechazaremos ofertas de baja calidad y demostraremos todas sus p\u00e9rdidas.\u00a0<\/span><\/p>\n<p><span style=\"font-weight: 400;\">Si la compa\u00f1\u00eda de seguros se niega a ofrecer una oferta justa, su abogado puede ayudarle a presentar una demanda por lesiones personales para buscar una compensaci\u00f3n adicional. Entender <\/span><b>\u00bfCu\u00e1l es el acuerdo promedio por accidente automovil\u00edstico?<\/b><span style=\"font-weight: 400;\"> Antes de comenzar las negociaciones puede ayudarle a garantizar un trato justo.<\/span><\/p>\n<h2><span style=\"font-weight: 400;\">\u00bfPuede usted negociar un acuerdo por su cuenta?<\/span><\/h2>\n<p><span style=\"font-weight: 400;\">En general, los profesionales del derecho <\/span><b>Recomendar no negociar un acuerdo de seguro <\/b><span style=\"font-weight: 400;\">Sin ayuda. Las compa\u00f1\u00edas de seguros saben c\u00f3mo proteger sus ganancias y no dudar\u00e1n en hacer una oferta inferior.<\/span><\/p>\n<p><span style=\"font-weight: 400;\">Puede contratar a un abogado para nivelar las condiciones y proteger sus intereses. Un abogado puede revisar cada acuerdo cuidadosamente y asegurarse de que comprenda la cantidad de dinero que le proporcionar\u00e1.\u00a0<\/span><\/p>\n<p><span style=\"font-weight: 400;\">Le recomendamos que evite firmar nada para la compa\u00f1\u00eda de seguros hasta que un abogado lo haya revisado. Mientras <\/span><a href=\"https:\/\/plg-pllc.com\/faqs\/can-i-settle-without-attorney\/\"><span style=\"font-weight: 400;\">Puede llegar a un acuerdo sin un abogado<\/span><\/a><span style=\"font-weight: 400;\">, a menudo significa dejar dinero sobre la mesa. <\/span><span style=\"font-weight: 400;\">\u00a1Llame a Premier Law Group para una revisi\u00f3n de caso GRATIS!<\/span><\/p>\n<h2><span style=\"font-weight: 400;\">\u00bfCu\u00e1nto tiempo se tarda en obtener una indemnizaci\u00f3n por un accidente automovil\u00edstico?<\/span><\/h2>\n<p><span style=\"font-weight: 400;\">Mucha gente se pregunta <\/span><a href=\"https:\/\/plg-pllc.com\/faqs\/how-long-does-it-take-to-settle\/\"><span style=\"font-weight: 400;\">Cu\u00e1nto tiempo tarda en asentarse<\/span><\/a><span style=\"font-weight: 400;\"> despu\u00e9s de un accidente. El tiempo para completar este proceso var\u00eda, y muchas negociaciones requieren <\/span><b>unos meses<\/b><span style=\"font-weight: 400;\">Algunos pueden tardar m\u00e1s, especialmente si la compa\u00f1\u00eda de seguros intenta culparlo por un accidente.\u00a0<\/span><\/p>\n<p><span style=\"font-weight: 400;\">Contratar a un abogado puede acelerar el proceso de negociaci\u00f3n porque los abogados saben c\u00f3mo lidiar con las t\u00e1cticas dilatorias de la compa\u00f1\u00eda de seguros para mantener su caso avanzando.\u00a0<\/span><\/p>\n<p><span style=\"font-weight: 400;\">Tenga en cuenta que presentar una demanda generalmente aumentar\u00e1 el tiempo necesario para resolver su reclamo. Una demanda por lesiones personales podr\u00eda tardar <\/span><b>un a\u00f1o o m\u00e1s<\/b><span style=\"font-weight: 400;\"> Para resolver. Sin embargo, demandar a la parte culpable puede ser la mejor opci\u00f3n en algunas situaciones.\u00a0<\/span><\/p>\n<h2><span style=\"font-weight: 400;\">Hable con nosotros sobre su acuerdo por accidente automovil\u00edstico<\/span><\/h2>\n<p><b>\u00bfCu\u00e1l es la indemnizaci\u00f3n media por accidente de coche?<\/b><span style=\"font-weight: 400;\"> \u00bfEn el estado de Washington? Los montos de las indemnizaciones pueden variar, pero suelen oscilar entre 10.000 y 20.000 d\u00f3lares. Nuestro equipo de Premier Law Group puede hacer un seguimiento de todos los gastos que genere tras un accidente.<\/span><\/p>\n<p><span style=\"font-weight: 400;\">Contamos con m\u00e1s de 55 a\u00f1os de experiencia combinada en la gesti\u00f3n de reclamaciones por lesiones personales y estamos listos para atender sus necesidades espec\u00edficas. Para m\u00e1s informaci\u00f3n, ll\u00e1menos o complete nuestro formulario de contacto en l\u00ednea. <\/span><span style=\"font-weight: 400;\">\u00a1Llame a Premier Law Group para una revisi\u00f3n de caso GRATIS!<\/span><\/p>\n\n        <div class=\"rs-content-cta\">\n            <p>Llamar o enviar mensaje de texto <a href=\"tel:+12062851743\">(206) 285-1743<\/a> o complete un formulario de evaluaci\u00f3n de caso gratuito<\/p>\n            <a href=\"https:\/\/plg-pllc.com\/es\/contact-us\/\" title=\"OBTENGA UNA EVALUACI\u00d3N DE CASO GRATUITA\" class=\"btn-global\">OBTENGA UNA EVALUACI\u00d3N DE CASO GRATUITA<\/a>\n                    <picture>\n                            <source srcset=\"https:\/\/plg-pllc.com\/wp-content\/themes\/plg-pllc-redesign\/assets\/app\/img\/cta-thumb.webp\" type=\"image\/webp\"\/>\n                            <img src=\"https:\/\/plg-pllc.com\/wp-content\/themes\/plg-pllc-redesign\/assets\/app\/img\/cta-thumb.png\" alt=\"Grupo de abogados Premier\" title=\"Grupo de abogados Premier\" width=\"245\" height=\"220\" loading=\"auto\" fetchpriority=\"auto\" decoding=\"async\"\/>\n        <\/picture>\n        \n        <\/div>","protected":false},"excerpt":{"rendered":"<p>El promedio de las indemnizaciones por accidentes de tr\u00e1fico en el estado de Washington puede variar considerablemente seg\u00fan los da\u00f1os causados. Muchas personas reciben alrededor de $20,000 por sus p\u00e9rdidas, pero algunos conductores reciben mucho menos y otros reciben considerablemente m\u00e1s. Un abogado de accidentes de tr\u00e1fico en Seattle puede revisar las p\u00e9rdidas espec\u00edficas que sufri\u00f3 en un accidente y...<\/p>","protected":false},"author":42,"featured_media":21226,"parent":20714,"menu_order":0,"comment_status":"closed","ping_status":"closed","template":"","meta":{"_acf_changed":false,"_genesis_hide_title":false,"_genesis_hide_breadcrumbs":false,"_genesis_hide_singular_image":false,"_genesis_hide_footer_widgets":false,"_genesis_custom_body_class":"","_genesis_custom_post_class":"","_genesis_layout":"","footnotes":""},"hc_faqs":[10344],"class_list":{"0":"post-21225","1":"page","2":"type-page","3":"status-publish","4":"has-post-thumbnail","6":"hc_faqs-car-accident","7":"entry"},"acf":[],"yoast_head":"<!-- This site is optimized with the Yoast SEO plugin v27.2 - https:\/\/yoast.com\/product\/yoast-seo-wordpress\/ -->\n<title>Average Car Accident Settlement in Washington State<\/title>\n<meta name=\"description\" content=\"Learn about the average car accident settlement in Washington with a professional legal team that can help you get compensation.\" \/>\n<meta name=\"robots\" content=\"index, follow, max-snippet:-1, max-image-preview:large, max-video-preview:-1\" \/>\n<link rel=\"canonical\" href=\"https:\/\/plg-pllc.com\/es\/faqs\/what-is-the-average-car-accident-settlement\/\" \/>\n<meta property=\"og:locale\" content=\"es_MX\" \/>\n<meta property=\"og:type\" content=\"article\" \/>\n<meta property=\"og:title\" content=\"Average Car Accident Settlement in Washington State\" \/>\n<meta property=\"og:description\" content=\"Learn about the average car accident settlement in Washington with a professional legal team that can help you get compensation.\" \/>\n<meta property=\"og:url\" content=\"https:\/\/plg-pllc.com\/es\/faqs\/what-is-the-average-car-accident-settlement\/\" \/>\n<meta property=\"og:site_name\" content=\"Premier Law Group\" \/>\n<meta property=\"article:publisher\" content=\"https:\/\/www.facebook.com\/premierlawgroup\" \/>\n<meta property=\"article:modified_time\" content=\"2025-04-30T22:12:12+00:00\" \/>\n<meta property=\"og:image\" content=\"https:\/\/plg-pllc.com\/wp-content\/uploads\/2025\/04\/what-is-the-average-car-accident-settlement.jpg\" \/>\n\t<meta property=\"og:image:width\" content=\"1000\" \/>\n\t<meta property=\"og:image:height\" content=\"667\" \/>\n\t<meta property=\"og:image:type\" content=\"image\/jpeg\" \/>\n<meta name=\"twitter:card\" content=\"summary_large_image\" \/>\n<meta name=\"twitter:site\" content=\"@premierlawgroup\" \/>\n<meta name=\"twitter:label1\" content=\"Tiempo de lectura\" \/>\n\t<meta name=\"twitter:data1\" content=\"5 minutos\" \/>\n<script type=\"application\/ld+json\" class=\"yoast-schema-graph\">{\"@context\":\"https:\/\/schema.org\",\"@graph\":[{\"@type\":\"WebPage\",\"@id\":\"https:\/\/plg-pllc.com\/faqs\/what-is-the-average-car-accident-settlement\/\",\"url\":\"https:\/\/plg-pllc.com\/faqs\/what-is-the-average-car-accident-settlement\/\",\"name\":\"Average Car Accident Settlement in Washington State\",\"isPartOf\":{\"@id\":\"https:\/\/plg-pllc.com\/#website\"},\"primaryImageOfPage\":{\"@id\":\"https:\/\/plg-pllc.com\/faqs\/what-is-the-average-car-accident-settlement\/#primaryimage\"},\"image\":{\"@id\":\"https:\/\/plg-pllc.com\/faqs\/what-is-the-average-car-accident-settlement\/#primaryimage\"},\"thumbnailUrl\":\"https:\/\/plg-pllc.com\/wp-content\/uploads\/2025\/04\/what-is-the-average-car-accident-settlement.jpg\",\"datePublished\":\"2025-04-14T18:29:03+00:00\",\"dateModified\":\"2025-04-30T22:12:12+00:00\",\"description\":\"Learn about the average car accident settlement in Washington with a professional legal team that can help you get compensation.\",\"breadcrumb\":{\"@id\":\"https:\/\/plg-pllc.com\/faqs\/what-is-the-average-car-accident-settlement\/#breadcrumb\"},\"inLanguage\":\"es\",\"potentialAction\":[{\"@type\":\"ReadAction\",\"target\":[\"https:\/\/plg-pllc.com\/faqs\/what-is-the-average-car-accident-settlement\/\"]}]},{\"@type\":\"ImageObject\",\"inLanguage\":\"es\",\"@id\":\"https:\/\/plg-pllc.com\/faqs\/what-is-the-average-car-accident-settlement\/#primaryimage\",\"url\":\"https:\/\/plg-pllc.com\/wp-content\/uploads\/2025\/04\/what-is-the-average-car-accident-settlement.jpg\",\"contentUrl\":\"https:\/\/plg-pllc.com\/wp-content\/uploads\/2025\/04\/what-is-the-average-car-accident-settlement.jpg\",\"width\":1000,\"height\":667,\"caption\":\"A woman looking at her vehicle after a crash and wondering about the average car accident settlement.\"},{\"@type\":\"BreadcrumbList\",\"@id\":\"https:\/\/plg-pllc.com\/faqs\/what-is-the-average-car-accident-settlement\/#breadcrumb\",\"itemListElement\":[{\"@type\":\"ListItem\",\"position\":1,\"name\":\"Home\",\"item\":\"https:\/\/plg-pllc.com\/es\/\"},{\"@type\":\"ListItem\",\"position\":2,\"name\":\"FAQs\",\"item\":\"https:\/\/plg-pllc.com\/es\/faqs\/\"},{\"@type\":\"ListItem\",\"position\":3,\"name\":\"What Is the Average Car Accident Settlement?\"}]},{\"@type\":\"WebSite\",\"@id\":\"https:\/\/plg-pllc.com\/#website\",\"url\":\"https:\/\/plg-pllc.com\/\",\"name\":\"Premier Law Group\",\"description\":\"Washington Wrongful Death and Serious Injury Lawyer\",\"publisher\":{\"@id\":\"https:\/\/plg-pllc.com\/#organization\"},\"inLanguage\":\"es\"},{\"@type\":\"Organization\",\"@id\":\"https:\/\/plg-pllc.com\/#organization\",\"name\":\"Premier Law Group\",\"url\":\"https:\/\/plg-pllc.com\/\",\"logo\":{\"@type\":\"ImageObject\",\"inLanguage\":\"es\",\"@id\":\"https:\/\/plg-pllc.com\/#\/schema\/logo\/image\/\",\"url\":\"https:\/\/plg-pllc.com\/wp-content\/uploads\/2020\/10\/plg-logo-v2.gif\",\"contentUrl\":\"https:\/\/plg-pllc.com\/wp-content\/uploads\/2020\/10\/plg-logo-v2.gif\",\"width\":592,\"height\":191,\"caption\":\"Premier Law Group\"},\"image\":{\"@id\":\"https:\/\/plg-pllc.com\/#\/schema\/logo\/image\/\"},\"sameAs\":[\"https:\/\/www.facebook.com\/premierlawgroup\",\"https:\/\/x.com\/premierlawgroup\"]}]}<\/script>\n<!-- \/ Yoast SEO plugin. -->","yoast_head_json":{"title":"Liquidaci\u00f3n promedio por accidente automovil\u00edstico en el estado de Washington","description":"Obtenga informaci\u00f3n sobre el acuerdo promedio por accidente automovil\u00edstico en Washington con un equipo legal profesional que puede ayudarlo a obtener una compensaci\u00f3n.","robots":{"index":"index","follow":"follow","max-snippet":"max-snippet:-1","max-image-preview":"max-image-preview:large","max-video-preview":"max-video-preview:-1"},"canonical":"https:\/\/plg-pllc.com\/es\/faqs\/what-is-the-average-car-accident-settlement\/","og_locale":"es_MX","og_type":"article","og_title":"Average Car Accident Settlement in Washington State","og_description":"Learn about the average car accident settlement in Washington with a professional legal team that can help you get compensation.","og_url":"https:\/\/plg-pllc.com\/es\/faqs\/what-is-the-average-car-accident-settlement\/","og_site_name":"Premier Law Group","article_publisher":"https:\/\/www.facebook.com\/premierlawgroup","article_modified_time":"2025-04-30T22:12:12+00:00","og_image":[{"width":1000,"height":667,"url":"https:\/\/plg-pllc.com\/wp-content\/uploads\/2025\/04\/what-is-the-average-car-accident-settlement.jpg","type":"image\/jpeg"}],"twitter_card":"summary_large_image","twitter_site":"@premierlawgroup","twitter_misc":{"Tiempo de lectura":"5 minutos"},"schema":{"@context":"https:\/\/schema.org","@graph":[{"@type":"WebPage","@id":"https:\/\/plg-pllc.com\/faqs\/what-is-the-average-car-accident-settlement\/","url":"https:\/\/plg-pllc.com\/faqs\/what-is-the-average-car-accident-settlement\/","name":"Liquidaci\u00f3n promedio por accidente automovil\u00edstico en el estado de Washington","isPartOf":{"@id":"https:\/\/plg-pllc.com\/#website"},"primaryImageOfPage":{"@id":"https:\/\/plg-pllc.com\/faqs\/what-is-the-average-car-accident-settlement\/#primaryimage"},"image":{"@id":"https:\/\/plg-pllc.com\/faqs\/what-is-the-average-car-accident-settlement\/#primaryimage"},"thumbnailUrl":"https:\/\/plg-pllc.com\/wp-content\/uploads\/2025\/04\/what-is-the-average-car-accident-settlement.jpg","datePublished":"2025-04-14T18:29:03+00:00","dateModified":"2025-04-30T22:12:12+00:00","description":"Obtenga informaci\u00f3n sobre el acuerdo promedio por accidente automovil\u00edstico en Washington con un equipo legal profesional que puede ayudarlo a obtener una compensaci\u00f3n.","breadcrumb":{"@id":"https:\/\/plg-pllc.com\/faqs\/what-is-the-average-car-accident-settlement\/#breadcrumb"},"inLanguage":"es","potentialAction":[{"@type":"ReadAction","target":["https:\/\/plg-pllc.com\/faqs\/what-is-the-average-car-accident-settlement\/"]}]},{"@type":"ImageObject","inLanguage":"es","@id":"https:\/\/plg-pllc.com\/faqs\/what-is-the-average-car-accident-settlement\/#primaryimage","url":"https:\/\/plg-pllc.com\/wp-content\/uploads\/2025\/04\/what-is-the-average-car-accident-settlement.jpg","contentUrl":"https:\/\/plg-pllc.com\/wp-content\/uploads\/2025\/04\/what-is-the-average-car-accident-settlement.jpg","width":1000,"height":667,"caption":"A woman looking at her vehicle after a crash and wondering about the average car accident settlement."},{"@type":"BreadcrumbList","@id":"https:\/\/plg-pllc.com\/faqs\/what-is-the-average-car-accident-settlement\/#breadcrumb","itemListElement":[{"@type":"ListItem","position":1,"name":"Home","item":"https:\/\/plg-pllc.com\/es\/"},{"@type":"ListItem","position":2,"name":"FAQs","item":"https:\/\/plg-pllc.com\/es\/faqs\/"},{"@type":"ListItem","position":3,"name":"What Is the Average Car Accident Settlement?"}]},{"@type":"WebSite","@id":"https:\/\/plg-pllc.com\/#website","url":"https:\/\/plg-pllc.com\/","name":"Grupo de abogados Premier","description":"Abogado de muerte por negligencia y lesiones graves en Washington","publisher":{"@id":"https:\/\/plg-pllc.com\/#organization"},"inLanguage":"es"},{"@type":"Organization","@id":"https:\/\/plg-pllc.com\/#organization","name":"Grupo de abogados Premier","url":"https:\/\/plg-pllc.com\/","logo":{"@type":"ImageObject","inLanguage":"es","@id":"https:\/\/plg-pllc.com\/#\/schema\/logo\/image\/","url":"https:\/\/plg-pllc.com\/wp-content\/uploads\/2020\/10\/plg-logo-v2.gif","contentUrl":"https:\/\/plg-pllc.com\/wp-content\/uploads\/2020\/10\/plg-logo-v2.gif","width":592,"height":191,"caption":"Premier Law Group"},"image":{"@id":"https:\/\/plg-pllc.com\/#\/schema\/logo\/image\/"},"sameAs":["https:\/\/www.facebook.com\/premierlawgroup","https:\/\/x.com\/premierlawgroup"]}]}},"_links":{"self":[{"href":"https:\/\/plg-pllc.com\/es\/wp-json\/wp\/v2\/pages\/21225","targetHints":{"allow":["GET"]}}],"collection":[{"href":"https:\/\/plg-pllc.com\/es\/wp-json\/wp\/v2\/pages"}],"about":[{"href":"https:\/\/plg-pllc.com\/es\/wp-json\/wp\/v2\/types\/page"}],"author":[{"embeddable":true,"href":"https:\/\/plg-pllc.com\/es\/wp-json\/wp\/v2\/users\/42"}],"replies":[{"embeddable":true,"href":"https:\/\/plg-pllc.com\/es\/wp-json\/wp\/v2\/comments?post=21225"}],"version-history":[{"count":0,"href":"https:\/\/plg-pllc.com\/es\/wp-json\/wp\/v2\/pages\/21225\/revisions"}],"up":[{"embeddable":true,"href":"https:\/\/plg-pllc.com\/es\/wp-json\/wp\/v2\/pages\/20714"}],"wp:featuredmedia":[{"embeddable":true,"href":"https:\/\/plg-pllc.com\/es\/wp-json\/wp\/v2\/media\/21226"}],"wp:attachment":[{"href":"https:\/\/plg-pllc.com\/es\/wp-json\/wp\/v2\/media?parent=21225"}],"wp:term":[{"taxonomy":"hc_faqs","embeddable":true,"href":"https:\/\/plg-pllc.com\/es\/wp-json\/wp\/v2\/hc_faqs?post=21225"}],"curies":[{"name":"gracias","href":"https:\/\/api.w.org\/{rel}","templated":true}]}}