{"id":21227,"date":"2025-04-15T05:07:51","date_gmt":"2025-04-15T12:07:51","guid":{"rendered":"https:\/\/plg-pllc.com\/?page_id=21227"},"modified":"2025-04-17T05:55:15","modified_gmt":"2025-04-17T12:55:15","slug":"kirkland-pedestrian-accident-lawyer","status":"publish","type":"page","link":"https:\/\/plg-pllc.com\/es\/kirkland\/pedestrian-accident-lawyer\/","title":{"rendered":"Abogado de accidentes de peatones en Kirkland"},"content":{"rendered":"<p><span style=\"font-weight: 400;\">Caminar por la calle suele ser seguro, pero basta con un conductor imprudente o negligente para poner tu vida patas arriba. Si te atropella un coche, podr\u00edas sufrir lesiones catastr\u00f3ficas que requieren largos periodos de recuperaci\u00f3n y una intervenci\u00f3n m\u00e9dica exhaustiva.\u00a0<\/span><\/p>\n<p><span style=\"font-weight: 400;\">De repente, resulta herido, no puede trabajar ni cuidar de su familia, y sus facturas se acumulan. No parece justo que el accidente haya ocurrido sin su culpa. Un abogado especializado en accidentes peatonales de Kirkland puede ayudarle a exigir responsabilidades a la parte responsable.<\/span><\/p>\n<p><span style=\"font-weight: 400;\">Nuestro <\/span><a href=\"https:\/\/plg-pllc.com\/kirkland\/personal-injury-lawyer\/\"><span style=\"font-weight: 400;\">Abogados de lesiones personales en Kirkland<\/span><\/a><span style=\"font-weight: 400;\"> En Premier Law Group se han recuperado <\/span><b>m\u00e1s de $100 millones en premios y acuerdos<\/b><span style=\"font-weight: 400;\"> para las v\u00edctimas heridas.<\/span><\/p>\n<p><span style=\"font-weight: 400;\">Llame hoy para programar una evaluaci\u00f3n de caso gratuita y contarnos su historia.\u00a0<\/span><\/p>\n<h2><span style=\"font-weight: 400;\">\u00bfDeber\u00eda usted aceptar un acuerdo?<\/span><\/h2>\n<p><span style=\"font-weight: 400;\">Las lesiones y los gastos que usted sufra en un accidente peatonal pueden ser considerables. Cuando una compa\u00f1\u00eda de seguros se comunica con usted y le ofrece dinero, puede ser tentador aceptarlo. Sin embargo, las compa\u00f1\u00edas de seguros no siempre son tan generosas como parecen.\u00a0<\/span><\/p>\n<p><span style=\"font-weight: 400;\">A menudo, las aseguradoras ofrecen una indemnizaci\u00f3n mucho menor de la que necesita. Saben el valor real de su caso, pero esperan que usted no lo sepa. Si acepta su oferta, podr\u00eda perder su derecho a una indemnizaci\u00f3n futura y eximirlos de pagar una fracci\u00f3n de lo que le deben.\u00a0<\/span><\/p>\n<p><span style=\"font-weight: 400;\">Un abogado especializado en accidentes peatonales en Kirkland tambi\u00e9n sabr\u00e1 el valor real de su caso. Pero, a diferencia de las compa\u00f1\u00edas de seguros, <\/span><b>Estamos de tu lado<\/b><span style=\"font-weight: 400;\">Lucharemos para obtener la compensaci\u00f3n que necesita despu\u00e9s de su accidente y no permitiremos que las compa\u00f1\u00edas de seguros lo presionen.\u00a0<\/span><\/p>\n<h2><span style=\"font-weight: 400;\">C\u00f3mo pueden ayudarle nuestros abogados despu\u00e9s de un accidente peatonal<\/span><\/h2>\n<p><span style=\"font-weight: 400;\">Evitar que cometa errores comunes, como aceptar una oferta inicial baja de una aseguradora, es solo una de las maneras en que podemos ayudarle a obtener el dinero que necesita despu\u00e9s de sufrir una lesi\u00f3n en un accidente. Si bien cada caso es diferente, tambi\u00e9n podemos ayudarle:<\/span><\/p>\n<h3><span style=\"font-weight: 400;\">Ofreciendo asesoramiento legal<\/span><\/h3>\n<p><span style=\"font-weight: 400;\">Cuando tienes un abogado experto de tu lado, no tienes que adivinar qu\u00e9 hacer a continuaci\u00f3n. Tenemos la <\/span><b>conocimientos jur\u00eddicos y la experiencia<\/b><span style=\"font-weight: 400;\"> para ayudarle a elegir el mejor curso de acci\u00f3n en cada paso de su camino.<\/span><\/p>\n<h3><span style=\"font-weight: 400;\">Manejo de su reclamo<\/span><\/h3>\n<p><span style=\"font-weight: 400;\">Comprender y completar los pasos necesarios para presentar una reclamaci\u00f3n tras un accidente puede ser abrumador, especialmente si est\u00e1 lesionado y trata de recuperarse. La situaci\u00f3n empeora cuando la compa\u00f1\u00eda de seguros retrasa o rechaza su reclamaci\u00f3n.<\/span><\/p>\n<p><b>Nos ocuparemos de las compa\u00f1\u00edas de seguros.<\/b><span style=\"font-weight: 400;\"> Para que usted no tenga que hacerlo. Podemos presentar reclamaciones, gestionar el papeleo y la correspondencia, y asegurarnos de que cumpla con los plazos importantes. Cuando la aseguradora le llame y le haga preguntas, simplemente puede remitirla a nosotros.\u00a0<\/span><\/p>\n<h3><span style=\"font-weight: 400;\">Identificaci\u00f3n de las partes responsables<\/span><\/h3>\n<p><span style=\"font-weight: 400;\">Los accidentes peatonales ocurren por muchas razones y en una amplia gama de circunstancias. Para presentar un caso de lesiones personales, su abogado debe demostrar que la parte culpable incumpli\u00f3 su deber de cuidado y que dicha inacci\u00f3n le caus\u00f3 un da\u00f1o real.\u00a0<\/span><\/p>\n<p><span style=\"font-weight: 400;\">Alguno <\/span><b>ejemplos de negligencia<\/b><span style=\"font-weight: 400;\"> que podr\u00edan hacer responsable al conductor del autom\u00f3vil que lo choc\u00f3 incluyen:<\/span><\/p>\n<ul>\n<li style=\"font-weight: 400;\" aria-level=\"1\"><span style=\"font-weight: 400;\">Exceso de velocidad<\/span><\/li>\n<li style=\"font-weight: 400;\" aria-level=\"1\"><span style=\"font-weight: 400;\">Conducci\u00f3n distra\u00edda<\/span><\/li>\n<li style=\"font-weight: 400;\" aria-level=\"1\"><span style=\"font-weight: 400;\">Conducci\u00f3n imprudente<\/span><\/li>\n<li style=\"font-weight: 400;\" aria-level=\"1\"><span style=\"font-weight: 400;\">Incumplimiento de las leyes de tr\u00e1nsito<\/span><\/li>\n<li style=\"font-weight: 400;\" aria-level=\"1\"><span style=\"font-weight: 400;\">Conducir bajo la influencia del alcohol<\/span><\/li>\n<\/ul>\n<p><span style=\"font-weight: 400;\">Adem\u00e1s del conductor del veh\u00edculo, otras partes podr\u00edan ser responsables de sus lesiones, como el gobierno local si no marcaron correctamente los cruces peatonales. Nuestros abogados investigar\u00e1n su accidente para identificar a todos los responsables.\u00a0<\/span><\/p>\n<h3><span style=\"font-weight: 400;\">C\u00e1lculo de su compensaci\u00f3n m\u00e1xima<\/span><\/h3>\n<p><span style=\"font-weight: 400;\">Su indemnizaci\u00f3n en un accidente peatonal depender\u00e1 de la gravedad de sus lesiones. Su abogado calcular\u00e1 su indemnizaci\u00f3n m\u00e1xima bas\u00e1ndose en sus da\u00f1os econ\u00f3micos y gastos, como:<\/span><\/p>\n<ul>\n<li style=\"font-weight: 400;\" aria-level=\"1\"><span style=\"font-weight: 400;\">Servicios de ambulancia y sala de emergencias<\/span><\/li>\n<li style=\"font-weight: 400;\" aria-level=\"1\"><span style=\"font-weight: 400;\">Facturas de m\u00e9dicos y especialistas<\/span><\/li>\n<li style=\"font-weight: 400;\" aria-level=\"1\"><span style=\"font-weight: 400;\">Medicamentos<\/span><\/li>\n<li style=\"font-weight: 400;\" aria-level=\"1\"><span style=\"font-weight: 400;\">Cirug\u00eda y procedimientos<\/span><\/li>\n<li style=\"font-weight: 400;\" aria-level=\"1\"><span style=\"font-weight: 400;\">Fisioterapia y terapia ocupacional<\/span><\/li>\n<li style=\"font-weight: 400;\" aria-level=\"1\"><span style=\"font-weight: 400;\">Salarios perdidos cuando no puedes trabajar<\/span><\/li>\n<li style=\"font-weight: 400;\" aria-level=\"1\"><span style=\"font-weight: 400;\">Costos m\u00e9dicos futuros previstos<\/span><\/li>\n<li style=\"font-weight: 400;\" aria-level=\"1\"><span style=\"font-weight: 400;\">Da\u00f1os a la propiedad<\/span><\/li>\n<\/ul>\n<p><span style=\"font-weight: 400;\">En algunas situaciones, su abogado podr\u00eda a\u00f1adir una indemnizaci\u00f3n por da\u00f1os y perjuicios que aborde las dificultades mentales, emocionales y sociales que experiment\u00f3 a causa de su accidente. Esto puede incluir dolor y sufrimiento, angustia mental, sufrimiento emocional y p\u00e9rdida del disfrute de la vida.\u00a0<\/span><\/p>\n<h3><span style=\"font-weight: 400;\">Negociando su acuerdo<\/span><\/h3>\n<p><span style=\"font-weight: 400;\">Si la compa\u00f1\u00eda de seguros rechaza su reclamo, lo haremos <\/span><b>Negociar en su nombre para lograr un acuerdo justo.<\/b><span style=\"font-weight: 400;\">Resolver el problema en la etapa de negociaci\u00f3n suele ser lo mejor para todos, incluida la compa\u00f1\u00eda de seguros. Si todo sale bien, recibir\u00e1 la compensaci\u00f3n que necesita.<\/span><\/p>\n<p><span style=\"font-weight: 400;\">A veces, a las compa\u00f1\u00edas de seguros no les gusta hacer las cosas de la manera f\u00e1cil. En ese caso, estamos preparados para ayudarle a presentar una demanda civil y llevar el caso a los tribunales.\u00a0<\/span><\/p>\n<h2><span style=\"font-weight: 400;\">\u00bfCu\u00e1nto cuesta un abogado de accidentes de peatones?<\/span><\/h2>\n<p><span style=\"font-weight: 400;\">Nuestros abogados de accidentes peatonales en Kirkland trabajan en un <\/span><a href=\"https:\/\/legal-dictionary.thefreedictionary.com\/contingency+fee\" target=\"_blank\" rel=\"noopener\"><span style=\"font-weight: 400;\">honorarios de contingencia<\/span><\/a><span style=\"font-weight: 400;\"> Esto significa que deducimos nuestros honorarios de su indemnizaci\u00f3n o acuerdo final. No paga nada por adelantado y solo nos paga si ganamos.<\/span><\/p>\n<p><span style=\"font-weight: 400;\">Este acuerdo es justo por un par de razones. <\/span><span style=\"font-weight: 400;\">En primer lugar, no tiene que preocuparse de que su caso reciba la atenci\u00f3n que merece. Nos comprometemos con su \u00e9xito porque... <\/span><b>Nosotros no<\/b>&#039;<b>No nos pagar\u00e1n a menos que produzcamos resultados<\/b><span style=\"font-weight: 400;\">Tienes un socio que quiere ganar casi tanto como t\u00fa. Estamos juntos en esto.\u00a0\u00a0<\/span><\/p>\n<p><span style=\"font-weight: 400;\">Cobrar con un plan de honorarios de contingencia tambi\u00e9n significa que nuestros servicios est\u00e1n disponibles para todos los que los necesitan. No es justo enfrentarse solo a las compa\u00f1\u00edas de seguros y sus poderosos abogados. Merece una representaci\u00f3n legal de calidad, independientemente de su situaci\u00f3n financiera.\u00a0<\/span><\/p>\n\n        <div class=\"rs-content-cta long\">\n            <p>Para una consulta legal GRATUITA con un abogado especializado en accidentes peatonales que preste servicios en Kirkland, llame al <a href=\"tel:+12062851743\">(206) 285-1743 <\/a><\/p>\n            <a href=\"https:\/\/plg-pllc.com\/es\/contact-us\/\" title=\"OBTENGA UNA EVALUACI\u00d3N DE CASO GRATUITA\" class=\"btn-global\">OBTENGA UNA EVALUACI\u00d3N DE CASO GRATUITA<\/a>\n                    <picture>\n                            <source srcset=\"https:\/\/plg-pllc.com\/wp-content\/themes\/plg-pllc-redesign\/assets\/app\/img\/cta-thumb.webp\" type=\"image\/webp\"\/>\n                            <img src=\"https:\/\/plg-pllc.com\/wp-content\/themes\/plg-pllc-redesign\/assets\/app\/img\/cta-thumb.png\" alt=\"Grupo de abogados Premier\" title=\"Grupo de abogados Premier\" width=\"245\" height=\"220\" loading=\"auto\" fetchpriority=\"auto\" decoding=\"async\"\/>\n        <\/picture>\n        \n        <\/div><h2><span style=\"font-weight: 400;\">Obtenga ayuda de un abogado especializado en accidentes de peatones en Kirkland<\/span><\/h2>\n<p><span style=\"font-weight: 400;\">No debe esperar arriesgar su vida simplemente por caminar por la calle. Ser atropellado puede causar lesiones graves. Esto no deber\u00eda ocurrir, y la parte negligente debe hacerse responsable de sus da\u00f1os.\u00a0<\/span><\/p>\n<p><span style=\"font-weight: 400;\">Las compa\u00f1\u00edas de seguros no siempre ayudan. Deber\u00edan estar ah\u00ed para usted en momentos dif\u00edciles, pero a menudo tienen otros objetivos. Pero puede contar con nuestros abogados de accidentes peatonales de Kirkland para defenderlo cuando las compa\u00f1\u00edas de seguros lo decepcionen.\u00a0<\/span><\/p>\n<p><span style=\"font-weight: 400;\">En Premier Law Group, hemos protegido los derechos de las v\u00edctimas de accidentes por m\u00e1s de 20 a\u00f1os. Cont\u00e1ctenos hoy para programar una cita. <\/span><b>evaluaci\u00f3n de caso gratuita<\/b><span style=\"font-weight: 400;\">.<\/span><\/p>\n\n        <div class=\"rs-content-cta\">\n            <p>Llamar o enviar mensaje de texto <a href=\"tel:+12062851743\">(206) 285-1743<\/a> o complete un formulario de evaluaci\u00f3n de caso gratuito<\/p>\n            <a href=\"https:\/\/plg-pllc.com\/es\/contact-us\/\" title=\"OBTENGA UNA EVALUACI\u00d3N DE CASO GRATUITA\" class=\"btn-global\">OBTENGA UNA EVALUACI\u00d3N DE CASO GRATUITA<\/a>\n                    <picture>\n                            <source srcset=\"https:\/\/plg-pllc.com\/wp-content\/themes\/plg-pllc-redesign\/assets\/app\/img\/cta-thumb.webp\" type=\"image\/webp\"\/>\n                            <img src=\"https:\/\/plg-pllc.com\/wp-content\/themes\/plg-pllc-redesign\/assets\/app\/img\/cta-thumb.png\" alt=\"Grupo de abogados Premier\" title=\"Grupo de abogados Premier\" width=\"245\" height=\"220\" loading=\"auto\" fetchpriority=\"auto\" decoding=\"async\"\/>\n        <\/picture>\n        \n        <\/div>","protected":false},"excerpt":{"rendered":"<p>Caminar por la calle suele ser seguro, pero basta con un conductor imprudente o negligente para poner tu vida patas arriba. Si te atropella un coche, puedes sufrir lesiones catastr\u00f3ficas que requieren largos periodos de recuperaci\u00f3n y una intervenci\u00f3n m\u00e9dica exhaustiva. De repente, resultas herido, no puedes trabajar ni cuidar de tu familia\u2026<\/p>","protected":false},"author":59,"featured_media":0,"parent":20282,"menu_order":0,"comment_status":"closed","ping_status":"closed","template":"","meta":{"_acf_changed":false,"_genesis_hide_title":false,"_genesis_hide_breadcrumbs":false,"_genesis_hide_singular_image":false,"_genesis_hide_footer_widgets":false,"_genesis_custom_body_class":"","_genesis_custom_post_class":"","_genesis_layout":"","footnotes":""},"hc_faqs":[],"class_list":{"0":"post-21227","1":"page","2":"type-page","3":"status-publish","5":"hc_city_location-kirkland","6":"entry"},"acf":[],"yoast_head":"<!-- This site is optimized with the Yoast SEO plugin v27.4 - https:\/\/yoast.com\/product\/yoast-seo-wordpress\/ -->\n<title>Pedestrian Accident Lawyer in Kirkland | Free Consultations<\/title>\n<meta name=\"description\" content=\"Discover how a Kirkland pedestrian accident lawyer can help you stand up for your rights and get the compensation you deserve.\" \/>\n<meta name=\"robots\" content=\"index, follow, max-snippet:-1, max-image-preview:large, max-video-preview:-1\" \/>\n<link rel=\"canonical\" href=\"https:\/\/plg-pllc.com\/es\/kirkland\/pedestrian-accident-lawyer\/\" \/>\n<meta property=\"og:locale\" content=\"es_MX\" \/>\n<meta property=\"og:type\" content=\"article\" \/>\n<meta property=\"og:title\" content=\"Pedestrian Accident Lawyer in Kirkland | Free Consultations\" \/>\n<meta property=\"og:description\" content=\"Discover how a Kirkland pedestrian accident lawyer can help you stand up for your rights and get the compensation you deserve.\" \/>\n<meta property=\"og:url\" content=\"https:\/\/plg-pllc.com\/es\/kirkland\/pedestrian-accident-lawyer\/\" \/>\n<meta property=\"og:site_name\" content=\"Premier Law Group\" \/>\n<meta property=\"article:publisher\" content=\"https:\/\/www.facebook.com\/premierlawgroup\" \/>\n<meta property=\"article:modified_time\" content=\"2025-04-17T12:55:15+00:00\" \/>\n<meta name=\"twitter:card\" content=\"summary_large_image\" \/>\n<meta name=\"twitter:site\" content=\"@premierlawgroup\" \/>\n<meta name=\"twitter:label1\" content=\"Tiempo de lectura\" \/>\n\t<meta name=\"twitter:data1\" content=\"5 minutos\" \/>\n<script type=\"application\/ld+json\" class=\"yoast-schema-graph\">{\"@context\":\"https:\\\/\\\/schema.org\",\"@graph\":[{\"@type\":\"WebPage\",\"@id\":\"https:\\\/\\\/plg-pllc.com\\\/kirkland\\\/pedestrian-accident-lawyer\\\/\",\"url\":\"https:\\\/\\\/plg-pllc.com\\\/kirkland\\\/pedestrian-accident-lawyer\\\/\",\"name\":\"Pedestrian Accident Lawyer in Kirkland | Free Consultations\",\"isPartOf\":{\"@id\":\"https:\\\/\\\/plg-pllc.com\\\/#website\"},\"datePublished\":\"2025-04-15T12:07:51+00:00\",\"dateModified\":\"2025-04-17T12:55:15+00:00\",\"description\":\"Discover how a Kirkland pedestrian accident lawyer can help you stand up for your rights and get the compensation you deserve.\",\"breadcrumb\":{\"@id\":\"https:\\\/\\\/plg-pllc.com\\\/kirkland\\\/pedestrian-accident-lawyer\\\/#breadcrumb\"},\"inLanguage\":\"es\",\"potentialAction\":[{\"@type\":\"ReadAction\",\"target\":[\"https:\\\/\\\/plg-pllc.com\\\/kirkland\\\/pedestrian-accident-lawyer\\\/\"]}]},{\"@type\":\"BreadcrumbList\",\"@id\":\"https:\\\/\\\/plg-pllc.com\\\/kirkland\\\/pedestrian-accident-lawyer\\\/#breadcrumb\",\"itemListElement\":[{\"@type\":\"ListItem\",\"position\":1,\"name\":\"Home\",\"item\":\"https:\\\/\\\/plg-pllc.com\\\/es\\\/\"},{\"@type\":\"ListItem\",\"position\":2,\"name\":\"Kirkland Personal Injury Lawyer\",\"item\":\"https:\\\/\\\/plg-pllc.com\\\/es\\\/kirkland\\\/personal-injury-lawyer\\\/\"},{\"@type\":\"ListItem\",\"position\":3,\"name\":\"Kirkland Pedestrian Accident Lawyer\"}]},{\"@type\":\"WebSite\",\"@id\":\"https:\\\/\\\/plg-pllc.com\\\/#website\",\"url\":\"https:\\\/\\\/plg-pllc.com\\\/\",\"name\":\"Premier Law Group\",\"description\":\"Washington Wrongful Death and Serious Injury Lawyer\",\"publisher\":{\"@id\":\"https:\\\/\\\/plg-pllc.com\\\/#organization\"},\"inLanguage\":\"es\"},{\"@type\":\"Organization\",\"@id\":\"https:\\\/\\\/plg-pllc.com\\\/#organization\",\"name\":\"Premier Law Group\",\"url\":\"https:\\\/\\\/plg-pllc.com\\\/\",\"logo\":{\"@type\":\"ImageObject\",\"inLanguage\":\"es\",\"@id\":\"https:\\\/\\\/plg-pllc.com\\\/#\\\/schema\\\/logo\\\/image\\\/\",\"url\":\"https:\\\/\\\/plg-pllc.com\\\/wp-content\\\/uploads\\\/2020\\\/10\\\/plg-logo-v2.gif\",\"contentUrl\":\"https:\\\/\\\/plg-pllc.com\\\/wp-content\\\/uploads\\\/2020\\\/10\\\/plg-logo-v2.gif\",\"width\":592,\"height\":191,\"caption\":\"Premier Law Group\"},\"image\":{\"@id\":\"https:\\\/\\\/plg-pllc.com\\\/#\\\/schema\\\/logo\\\/image\\\/\"},\"sameAs\":[\"https:\\\/\\\/www.facebook.com\\\/premierlawgroup\",\"https:\\\/\\\/x.com\\\/premierlawgroup\"]}]}<\/script>\n<!-- \/ Yoast SEO plugin. -->","yoast_head_json":{"title":"Abogado de accidentes de peatones en Kirkland | Consultas gratuitas","description":"Descubra c\u00f3mo un abogado especializado en accidentes peatonales de Kirkland puede ayudarle a defender sus derechos y obtener la compensaci\u00f3n que se merece.","robots":{"index":"index","follow":"follow","max-snippet":"max-snippet:-1","max-image-preview":"max-image-preview:large","max-video-preview":"max-video-preview:-1"},"canonical":"https:\/\/plg-pllc.com\/es\/kirkland\/pedestrian-accident-lawyer\/","og_locale":"es_MX","og_type":"article","og_title":"Pedestrian Accident Lawyer in Kirkland | Free Consultations","og_description":"Discover how a Kirkland pedestrian accident lawyer can help you stand up for your rights and get the compensation you deserve.","og_url":"https:\/\/plg-pllc.com\/es\/kirkland\/pedestrian-accident-lawyer\/","og_site_name":"Premier Law Group","article_publisher":"https:\/\/www.facebook.com\/premierlawgroup","article_modified_time":"2025-04-17T12:55:15+00:00","twitter_card":"summary_large_image","twitter_site":"@premierlawgroup","twitter_misc":{"Tiempo de lectura":"5 minutos"},"schema":{"@context":"https:\/\/schema.org","@graph":[{"@type":"WebPage","@id":"https:\/\/plg-pllc.com\/kirkland\/pedestrian-accident-lawyer\/","url":"https:\/\/plg-pllc.com\/kirkland\/pedestrian-accident-lawyer\/","name":"Abogado de accidentes de peatones en Kirkland | Consultas gratuitas","isPartOf":{"@id":"https:\/\/plg-pllc.com\/#website"},"datePublished":"2025-04-15T12:07:51+00:00","dateModified":"2025-04-17T12:55:15+00:00","description":"Descubra c\u00f3mo un abogado especializado en accidentes peatonales de Kirkland puede ayudarle a defender sus derechos y obtener la compensaci\u00f3n que se merece.","breadcrumb":{"@id":"https:\/\/plg-pllc.com\/kirkland\/pedestrian-accident-lawyer\/#breadcrumb"},"inLanguage":"es","potentialAction":[{"@type":"ReadAction","target":["https:\/\/plg-pllc.com\/kirkland\/pedestrian-accident-lawyer\/"]}]},{"@type":"BreadcrumbList","@id":"https:\/\/plg-pllc.com\/kirkland\/pedestrian-accident-lawyer\/#breadcrumb","itemListElement":[{"@type":"ListItem","position":1,"name":"Home","item":"https:\/\/plg-pllc.com\/es\/"},{"@type":"ListItem","position":2,"name":"Kirkland Personal Injury Lawyer","item":"https:\/\/plg-pllc.com\/es\/kirkland\/personal-injury-lawyer\/"},{"@type":"ListItem","position":3,"name":"Kirkland Pedestrian Accident Lawyer"}]},{"@type":"WebSite","@id":"https:\/\/plg-pllc.com\/#website","url":"https:\/\/plg-pllc.com\/","name":"Grupo de abogados Premier","description":"Abogado de muerte por negligencia y lesiones graves en Washington","publisher":{"@id":"https:\/\/plg-pllc.com\/#organization"},"inLanguage":"es"},{"@type":"Organization","@id":"https:\/\/plg-pllc.com\/#organization","name":"Grupo de abogados Premier","url":"https:\/\/plg-pllc.com\/","logo":{"@type":"ImageObject","inLanguage":"es","@id":"https:\/\/plg-pllc.com\/#\/schema\/logo\/image\/","url":"https:\/\/plg-pllc.com\/wp-content\/uploads\/2020\/10\/plg-logo-v2.gif","contentUrl":"https:\/\/plg-pllc.com\/wp-content\/uploads\/2020\/10\/plg-logo-v2.gif","width":592,"height":191,"caption":"Premier Law Group"},"image":{"@id":"https:\/\/plg-pllc.com\/#\/schema\/logo\/image\/"},"sameAs":["https:\/\/www.facebook.com\/premierlawgroup","https:\/\/x.com\/premierlawgroup"]}]}},"_links":{"self":[{"href":"https:\/\/plg-pllc.com\/es\/wp-json\/wp\/v2\/pages\/21227","targetHints":{"allow":["GET"]}}],"collection":[{"href":"https:\/\/plg-pllc.com\/es\/wp-json\/wp\/v2\/pages"}],"about":[{"href":"https:\/\/plg-pllc.com\/es\/wp-json\/wp\/v2\/types\/page"}],"author":[{"embeddable":true,"href":"https:\/\/plg-pllc.com\/es\/wp-json\/wp\/v2\/users\/59"}],"replies":[{"embeddable":true,"href":"https:\/\/plg-pllc.com\/es\/wp-json\/wp\/v2\/comments?post=21227"}],"version-history":[{"count":0,"href":"https:\/\/plg-pllc.com\/es\/wp-json\/wp\/v2\/pages\/21227\/revisions"}],"up":[{"embeddable":true,"href":"https:\/\/plg-pllc.com\/es\/wp-json\/wp\/v2\/pages\/20282"}],"wp:attachment":[{"href":"https:\/\/plg-pllc.com\/es\/wp-json\/wp\/v2\/media?parent=21227"}],"wp:term":[{"taxonomy":"hc_faqs","embeddable":true,"href":"https:\/\/plg-pllc.com\/es\/wp-json\/wp\/v2\/hc_faqs?post=21227"}],"curies":[{"name":"gracias","href":"https:\/\/api.w.org\/{rel}","templated":true}]}}