{"id":21228,"date":"2025-04-15T05:46:13","date_gmt":"2025-04-15T12:46:13","guid":{"rendered":"https:\/\/plg-pllc.com\/?page_id=21228"},"modified":"2026-03-05T03:47:41","modified_gmt":"2026-03-05T11:47:41","slug":"kent-car-accident-lawyer","status":"publish","type":"page","link":"https:\/\/plg-pllc.com\/es\/kent\/car-accident-lawyer\/","title":{"rendered":"Abogado de accidentes automovil\u00edsticos en Kent"},"content":{"rendered":"<p><span style=\"font-weight: 400;\">Un solo accidente de auto es suficiente para cambiar tu vida. Los accidentes graves pueden causar lesiones catastr\u00f3ficas que requieren meses de recuperaci\u00f3n. Incluso peque\u00f1os choques pueden ocasionar gastos m\u00e9dicos y da\u00f1os materiales que no puedes costear.\u00a0<\/span><\/p>\n<p><span style=\"font-weight: 400;\">Nuestro <\/span><b>Abogado de accidentes automovil\u00edsticos en Kent<\/b><span style=\"font-weight: 400;\"> Podemos ayudarle a obtener la compensaci\u00f3n que necesita para cubrir sus da\u00f1os. En Premier Law Group, hemos recuperado m\u00e1s de 100 millones de d\u00f3lares en indemnizaciones y acuerdos para v\u00edctimas lesionadas. Cuando usted sufre un da\u00f1o, nosotros contraatacamos con m\u00e1s fuerza. Cont\u00e1ctenos hoy mismo para programar una revisi\u00f3n gratuita de su caso y compartir su historia con nuestros abogados. <\/span><a href=\"https:\/\/plg-pllc.com\/kent\/personal-injury-lawyer\/\"><span style=\"font-weight: 400;\">Abogados de lesiones personales en Kent<\/span><\/a><span style=\"font-weight: 400;\">.\u00a0<\/span><\/p>\n<h2>C\u00f3mo puede ayudar un abogado especializado en accidentes automovil\u00edsticos<\/h2>\n<p><span style=\"font-weight: 400;\">Si sufre lesiones en un accidente de coche, tendr\u00e1 que lidiar con compa\u00f1\u00edas de seguros que no siempre est\u00e1n dispuestas a ofrecerle la indemnizaci\u00f3n que necesita para cubrir sus gastos. Podr\u00edan ofrecerle un acuerdo inicial bajo, con la esperanza de que lo acepte, y luego cerrar su caso a un precio muy accesible.<\/span><\/p>\n<p><span style=\"font-weight: 400;\">Las compa\u00f1\u00edas de seguros pueden contactarte y parecer preocupadas por tu salud, cuando en realidad buscan argumentos en tu contra para denegar tu reclamaci\u00f3n. Es mucho lo que hay que afrontar cuando te lesionas y solo quieres empezar a rehacer tu vida.\u00a0<\/span><\/p>\n<p><span style=\"font-weight: 400;\">Al contratar a nuestros abogados de accidentes de auto en Kent, contar\u00e1 con un aliado que velar\u00e1 por sus intereses y que sabe c\u00f3mo tratar con las compa\u00f1\u00edas de seguros. Creemos en brindarle apoyo y orientaci\u00f3n legal excepcionales. Nos tomamos el tiempo necesario para construir su caso despu\u00e9s de escuchar atentamente sus p\u00e9rdidas.\u00a0<\/span><\/p>\n<h2>\u00bfPor qu\u00e9 elegir a nuestro abogado de accidentes automovil\u00edsticos en Kent despu\u00e9s de su accidente?<\/h2>\n<p><span style=\"font-weight: 400;\">Necesita un abogado de accidentes de tr\u00e1fico en Kent en el que pueda confiar cuando gran parte de su futuro est\u00e1 en juego. Cuente con nosotros como el recurso confiable que necesita. Trabajar con Premier Law Group le ofrece muchas ventajas. Si bien cada caso es \u00fanico, algunas de las maneras en que podemos ayudarle incluyen:<\/span><\/p>\n<ul>\n<li style=\"font-weight: 400;\" aria-level=\"1\"><b>Gesti\u00f3n integral de casos<\/b>: <span style=\"font-weight: 400;\">La tranquilidad es uno de los mayores beneficios de contratar a nuestros abogados. Nos encargaremos de los asuntos legales para que usted pueda concentrarse en su recuperaci\u00f3n. Nos encargamos de las compa\u00f1\u00edas de seguros, garantizamos que su reclamaci\u00f3n se presente correctamente y que cumpla con los plazos importantes.\u00a0<\/span><\/li>\n<li style=\"font-weight: 400;\" aria-level=\"1\"><b>Servicios legales asequibles<\/b>:<span style=\"font-weight: 400;\"> Nuestros abogados de lesiones personales trabajan con honorarios de contingencia, lo que significa que no cobramos hasta que ganamos su caso. Posteriormente, deducimos nuestros honorarios y gastos de su indemnizaci\u00f3n final. Esto permite que los servicios legales de calidad est\u00e9n disponibles para casi cualquier persona.\u00a0\u00a0\u00a0<\/span><\/li>\n<li style=\"font-weight: 400;\" aria-level=\"1\"><b>Investigaci\u00f3n de accidentes<\/b>: <span style=\"font-weight: 400;\">Nuestros abogados analizar\u00e1n su accidente para determinar qu\u00e9 ocurri\u00f3. Entrevistaremos a testigos, revisaremos pruebas y, si es posible, accederemos a videos de seguridad. El objetivo es determinar qui\u00e9n es responsable y formular una estrategia para su reclamaci\u00f3n.\u00a0<\/span><\/li>\n<li style=\"font-weight: 400;\" aria-level=\"1\"><b>Evaluaci\u00f3n de compensaci\u00f3n<\/b>: <span style=\"font-weight: 400;\">No permitiremos que una compa\u00f1\u00eda de seguros nos diga el valor de sus lesiones. Calcularemos sus p\u00e9rdidas y determinaremos la indemnizaci\u00f3n m\u00e1xima que las cubra. Utilizaremos esta cifra para su reclamaci\u00f3n y para negociar un acuerdo justo.<\/span><\/li>\n<li style=\"font-weight: 400;\" aria-level=\"1\"><b>Negociaciones de conciliaci\u00f3n<\/b>:<span style=\"font-weight: 400;\"> Interactuamos con las compa\u00f1\u00edas de seguros en su nombre y negociamos un acuerdo que puede marcar la diferencia en su vida. Idealmente, esto ser\u00e1 suficiente para cerrar su caso y obtener el dinero que necesita para recuperarse.\u00a0<\/span><\/li>\n<li style=\"font-weight: 400;\" aria-level=\"1\"><b>Representaci\u00f3n Civil<\/b>:<span style=\"font-weight: 400;\"> Resolver su caso mediante negociaci\u00f3n suele ser la soluci\u00f3n m\u00e1s sencilla para todas las partes. Pero si la compa\u00f1\u00eda de seguros insiste en tomar las cosas a la fuerza, no cederemos en la lucha. Podemos presentar una demanda civil en su nombre y representarlo ante el tribunal.\u00a0<\/span><\/li>\n<li style=\"font-weight: 400;\" aria-level=\"1\"><b>Tranquilidad de esp\u00edritu<\/b>:<span style=\"font-weight: 400;\"> La tranquilidad es quiz\u00e1s el mayor beneficio de contratar a un abogado de lesiones personales despu\u00e9s de un accidente de auto. No tiene que enfrentarse solo a las compa\u00f1\u00edas de seguros. Si se lesiona, tendr\u00e1 un socio que se encargar\u00e1 de los asuntos dif\u00edciles.\u00a0<\/span><\/li>\n<\/ul>\n<p><span style=\"font-weight: 400;\">Nuestro abogado de accidentes de auto en Kent es el recurso confiable que necesita. Aportamos a\u00f1os de experiencia y dedicaci\u00f3n a nuestros clientes, brind\u00e1ndoles constantemente un apoyo legal excepcional. Programe una consulta gratuita con nuestro equipo legal para obtener respuestas a sus preguntas. Permita que Premier Law Group exija a quienes le causaron da\u00f1os con todo el rigor legal permitido. Nuestro cliente <\/span><a href=\"https:\/\/plg-pllc.com\/client-reviews\/\"><span style=\"font-weight: 400;\">Rese\u00f1as<\/span><\/a><span style=\"font-weight: 400;\"> Cuente la historia de nuestro \u00e9xito.<\/span><\/p>\n<h2>\u00bfPor qu\u00e9 ocurren accidentes automovil\u00edsticos en Kent?<\/h2>\n<p><span style=\"font-weight: 400;\">Las v\u00edctimas de accidentes de tr\u00e1fico en Kent y sus alrededores suelen sufrir lesiones graves por descuidos. Existen numerosas razones por las que ocurren accidentes de tr\u00e1fico en esta ciudad, ya sea en las zonas m\u00e1s comerciales o cerca de los parques. Algunas de las causas m\u00e1s comunes de accidentes de tr\u00e1fico incluyen:<\/span><\/p>\n<ul>\n<li style=\"font-weight: 400;\" aria-level=\"1\"><span style=\"font-weight: 400;\">Conducci\u00f3n imprudente, incluyendo exceso de velocidad, seguir de cerca a otro veh\u00edculo o furia al volante<\/span><\/li>\n<li style=\"font-weight: 400;\" aria-level=\"1\"><span style=\"font-weight: 400;\">Conducir bajo los efectos de drogas o alcohol<\/span><\/li>\n<li style=\"font-weight: 400;\" aria-level=\"1\"><span style=\"font-weight: 400;\">Conducci\u00f3n fatigada<\/span><\/li>\n<li style=\"font-weight: 400;\" aria-level=\"1\"><span style=\"font-weight: 400;\">No ceder el derecho de paso en las intersecciones<\/span><\/li>\n<li style=\"font-weight: 400;\" aria-level=\"1\"><span style=\"font-weight: 400;\">Fallas mec\u00e1nicas<\/span><\/li>\n<li style=\"font-weight: 400;\" aria-level=\"1\"><span style=\"font-weight: 400;\">Malas condiciones de la carretera<\/span><\/li>\n<li style=\"font-weight: 400;\" aria-level=\"1\"><a href=\"https:\/\/www.nhtsa.gov\/risky-driving\/distracted-driving\" target=\"_blank\" rel=\"noopener\"><span style=\"font-weight: 400;\">Conducci\u00f3n distra\u00edda<\/span><\/a><\/li>\n<\/ul>\n<p><span style=\"font-weight: 400;\">Nuestro objetivo es comprender a todas las partes responsables de sus lesiones. Para ello, necesitamos un conocimiento completo de la causa. Programe una consulta gratuita con nuestros abogados de accidentes de auto en Kent ahora mismo para conocer sus derechos despu\u00e9s de un accidente grave.<\/span><\/p>\n\n        <div class=\"rs-content-cta long\">\n            <p>Para una consulta legal GRATUITA con un abogado de accidentes automovil\u00edsticos que atienda a Kent, llame al <a href=\"tel:+12062851743\">(206) 285-1743 <\/a><\/p>\n            <a href=\"https:\/\/plg-pllc.com\/es\/contact-us\/\" title=\"OBTENGA UNA EVALUACI\u00d3N DE CASO GRATUITA\" class=\"btn-global\">OBTENGA UNA EVALUACI\u00d3N DE CASO GRATUITA<\/a>\n                    <picture>\n                            <source srcset=\"https:\/\/plg-pllc.com\/wp-content\/themes\/plg-pllc-redesign\/assets\/app\/img\/cta-thumb.webp\" type=\"image\/webp\"\/>\n                            <img src=\"https:\/\/plg-pllc.com\/wp-content\/themes\/plg-pllc-redesign\/assets\/app\/img\/cta-thumb.png\" alt=\"Grupo de abogados Premier\" title=\"Grupo de abogados Premier\" width=\"245\" height=\"220\" loading=\"auto\" fetchpriority=\"auto\" decoding=\"async\"\/>\n        <\/picture>\n        \n        <\/div><h2>Da\u00f1os en un accidente de coche<\/h2>\n<p><span style=\"font-weight: 400;\">Su reclamaci\u00f3n por accidente de auto podr\u00eda valer miles, cientos de miles de d\u00f3lares o incluso m\u00e1s. Depende de la magnitud de sus da\u00f1os. Para calcular su indemnizaci\u00f3n, nuestros abogados de accidentes de auto en Kent considerar\u00e1n da\u00f1os econ\u00f3micos como:<\/span><\/p>\n<ul>\n<li style=\"font-weight: 400;\" aria-level=\"1\"><span style=\"font-weight: 400;\">Transporte en ambulancia y atenci\u00f3n en sala de emergencias despu\u00e9s del accidente.<\/span><\/li>\n<li style=\"font-weight: 400;\" aria-level=\"1\"><span style=\"font-weight: 400;\">Sus gastos m\u00e9dicos debido al accidente, como visitas al m\u00e9dico, medicamentos y procedimientos.<\/span><\/li>\n<li style=\"font-weight: 400;\" aria-level=\"1\"><span style=\"font-weight: 400;\">Costos m\u00e9dicos futuros, como cirug\u00edas y fisioterapia continua.<\/span><\/li>\n<li style=\"font-weight: 400;\" aria-level=\"1\"><span style=\"font-weight: 400;\">Salarios perdidos por el tiempo que usted no puede ir a trabajar<\/span><\/li>\n<li style=\"font-weight: 400;\" aria-level=\"1\"><span style=\"font-weight: 400;\">Da\u00f1os a la propiedad, como el costo de reparaci\u00f3n de su autom\u00f3vil da\u00f1ado<\/span><\/li>\n<\/ul>\n<p><span style=\"font-weight: 400;\">En algunos casos, podemos incluir da\u00f1os no econ\u00f3micos, como dolor y sufrimiento, angustia mental y sufrimiento emocional. Nuestros abogados de accidentes de auto en Kent evaluar\u00e1n c\u00f3mo este accidente est\u00e1 afectando su salud, bienestar financiero y bienestar mental para elaborar una reclamaci\u00f3n integral.\u00a0<\/span><\/p>\n<p><span style=\"font-weight: 400;\">Abordamos todas las p\u00e9rdidas que tiene ahora y las que tendr\u00e1 en el futuro, luchando por una recuperaci\u00f3n justa de los da\u00f1os en su caso.<\/span><\/p>\n<h2>Partes responsables en un accidente de coche en Kent<\/h2>\n<p><span style=\"font-weight: 400;\">Nuestros abogados de accidentes de auto en Kent investigar\u00e1n su accidente y determinar\u00e1n qui\u00e9n es responsable de sus lesiones. Nuestros abogados tendr\u00e1n mucho que desentra\u00f1ar para determinar qui\u00e9n caus\u00f3 su accidente y sus lesiones. Si la conducta imprudente, negligente o ilegal de otro conductor caus\u00f3 el accidente, es muy probable que se le considere responsable.\u00a0<\/span><\/p>\n<p><span style=\"font-weight: 400;\">Sin embargo, la investigaci\u00f3n de nuestros abogados puede revelar otras partes adicionales responsables de sus lesiones, como:<\/span><\/p>\n<ul>\n<li style=\"font-weight: 400;\" aria-level=\"1\"><b>El propietario del veh\u00edculo<\/b>, <span style=\"font-weight: 400;\">Si permitieron a sabiendas que un conductor sin licencia o no calificado operara su veh\u00edculo.<\/span><\/li>\n<li style=\"font-weight: 400;\" aria-level=\"1\"><b>Un empleador<\/b>,<span style=\"font-weight: 400;\"> Si usted estuvo en un accidente con un veh\u00edculo de la empresa utilizado en el curso de tareas relacionadas con el trabajo<\/span><\/li>\n<li style=\"font-weight: 400;\" aria-level=\"1\"><b>El gobierno local<\/b>, <span style=\"font-weight: 400;\">Si el accidente ocurri\u00f3 debido a carreteras en mal estado<\/span><\/li>\n<li style=\"font-weight: 400;\" aria-level=\"1\"><b>El fabricante del veh\u00edculo<\/b>,<span style=\"font-weight: 400;\"> Si un problema con el veh\u00edculo, como una falla de un componente o un dise\u00f1o deficiente, caus\u00f3 el accidente<\/span><\/li>\n<li style=\"font-weight: 400;\" aria-level=\"1\"><b>Un tercer conductor<\/b>,<span style=\"font-weight: 400;\"> Si contribuyeron al accidente, incluso si no te golpearon.<\/span><\/li>\n<li style=\"font-weight: 400;\" aria-level=\"1\"><b>Peatones<\/b>,<span style=\"font-weight: 400;\"> Si estaban cruzando la calle de forma imprudente o ten\u00edan un comportamiento que caus\u00f3 la colisi\u00f3n.<\/span><\/li>\n<\/ul>\n<p><span style=\"font-weight: 400;\">Para reunir evidencia que demuestre la culpa, buscamos declaraciones de testigos oculares, reconstrucciones de accidentes de terceros, im\u00e1genes de c\u00e1maras de tablero o de tr\u00e1fico y cualquier evidencia adicional disponible.\u00a0<\/span><\/p>\n<p><span style=\"font-weight: 400;\">Reconstruiremos lo sucedido, determinaremos la causa subyacente y, a partir de esa evidencia, elaboraremos una reclamaci\u00f3n integral. Al abordar a todas las partes responsables, podr\u00edamos ampliar la cobertura de responsabilidad civil disponible en su caso.<\/span><\/p>\n<h2>Trabaje hoy con nuestro abogado de accidentes automovil\u00edsticos en Kent<\/h2>\n<p><span style=\"font-weight: 400;\">Incluso los conductores m\u00e1s experimentados y cuidadosos sufren accidentes de tr\u00e1fico. Cuando un conductor imprudente o negligente causa problemas en tu vida, no es tu culpa. Sin embargo, eres t\u00fa quien resulta herido y acumula deudas. Es frustrante y puede resultar desesperanzado. Es a\u00fan peor cuando las compa\u00f1\u00edas de seguros que supuestamente deber\u00edan ayudarte rechazan tu reclamaci\u00f3n o intentan manipularte.<\/span><\/p>\n<p><span style=\"font-weight: 400;\">Nuestro abogado especializado en accidentes de auto en Kent luchar\u00e1 para ayudarle a obtener la compensaci\u00f3n que necesita para comenzar su recuperaci\u00f3n. Nuestro equipo en Premier Law Group cuenta con d\u00e9cadas de experiencia combinada defendiendo los derechos de las v\u00edctimas lesionadas. Cont\u00e1ctenos hoy mismo para programar una cita. <\/span><b>Revisi\u00f3n de caso GRATUITA <\/b><span style=\"font-weight: 400;\">y discuta su accidente con uno de nuestros abogados.<\/span><\/p>\n\n        <div class=\"rs-content-cta\">\n            <p>Llamar o enviar mensaje de texto <a href=\"tel:+12062851743\">(206) 285-1743<\/a> o complete un formulario de evaluaci\u00f3n de caso gratuito<\/p>\n            <a href=\"https:\/\/plg-pllc.com\/es\/contact-us\/\" title=\"OBTENGA UNA EVALUACI\u00d3N DE CASO GRATUITA\" class=\"btn-global\">OBTENGA UNA EVALUACI\u00d3N DE CASO GRATUITA<\/a>\n                    <picture>\n                            <source srcset=\"https:\/\/plg-pllc.com\/wp-content\/themes\/plg-pllc-redesign\/assets\/app\/img\/cta-thumb.webp\" type=\"image\/webp\"\/>\n                            <img src=\"https:\/\/plg-pllc.com\/wp-content\/themes\/plg-pllc-redesign\/assets\/app\/img\/cta-thumb.png\" alt=\"Grupo de abogados Premier\" title=\"Grupo de abogados Premier\" width=\"245\" height=\"220\" loading=\"auto\" fetchpriority=\"auto\" decoding=\"async\"\/>\n        <\/picture>\n        \n        <\/div>","protected":false},"excerpt":{"rendered":"<p>Un solo accidente de coche puede cambiarte la vida. Los accidentes graves pueden provocar lesiones catastr\u00f3ficas que requieren meses de recuperaci\u00f3n. Incluso peque\u00f1os choques pueden ocasionar gastos m\u00e9dicos y da\u00f1os materiales que no puedes afrontar. Nuestro abogado de accidentes de coche en Kent puede ayudarte a obtener la indemnizaci\u00f3n que necesitas para cubrir tus da\u00f1os. En\u2026<\/p>","protected":false},"author":59,"featured_media":0,"parent":20285,"menu_order":0,"comment_status":"closed","ping_status":"closed","template":"","meta":{"_acf_changed":false,"_genesis_hide_title":false,"_genesis_hide_breadcrumbs":false,"_genesis_hide_singular_image":false,"_genesis_hide_footer_widgets":false,"_genesis_custom_body_class":"","_genesis_custom_post_class":"","_genesis_layout":"","footnotes":""},"hc_faqs":[],"class_list":{"0":"post-21228","1":"page","2":"type-page","3":"status-publish","5":"hc_city_location-kent","6":"entry"},"acf":[],"yoast_head":"<!-- This site is optimized with the Yoast SEO plugin v27.2 - https:\/\/yoast.com\/product\/yoast-seo-wordpress\/ -->\n<title>Car Accident Lawyer in Kent | Free Consultation<\/title>\n<meta name=\"description\" content=\"You need a Kent car accident lawyer to help you fight for maximum compensation for costs related to your accident. 24\/7 help.\" \/>\n<meta name=\"robots\" content=\"index, follow, max-snippet:-1, max-image-preview:large, max-video-preview:-1\" \/>\n<link rel=\"canonical\" href=\"https:\/\/plg-pllc.com\/es\/kent\/car-accident-lawyer\/\" \/>\n<meta property=\"og:locale\" content=\"es_MX\" \/>\n<meta property=\"og:type\" content=\"article\" \/>\n<meta property=\"og:title\" content=\"Car Accident Lawyer in Kent | Free Consultation\" \/>\n<meta property=\"og:description\" content=\"You need a Kent car accident lawyer to help you fight for maximum compensation for costs related to your accident. 24\/7 help.\" \/>\n<meta property=\"og:url\" content=\"https:\/\/plg-pllc.com\/es\/kent\/car-accident-lawyer\/\" \/>\n<meta property=\"og:site_name\" content=\"Premier Law Group\" \/>\n<meta property=\"article:publisher\" content=\"https:\/\/www.facebook.com\/premierlawgroup\" \/>\n<meta property=\"article:modified_time\" content=\"2026-03-05T11:47:41+00:00\" \/>\n<meta name=\"twitter:card\" content=\"summary_large_image\" \/>\n<meta name=\"twitter:site\" content=\"@premierlawgroup\" \/>\n<meta name=\"twitter:label1\" content=\"Tiempo de lectura\" \/>\n\t<meta name=\"twitter:data1\" content=\"7 minutos\" \/>\n<script type=\"application\/ld+json\" class=\"yoast-schema-graph\">{\"@context\":\"https:\/\/schema.org\",\"@graph\":[{\"@type\":\"WebPage\",\"@id\":\"https:\/\/plg-pllc.com\/kent\/car-accident-lawyer\/\",\"url\":\"https:\/\/plg-pllc.com\/kent\/car-accident-lawyer\/\",\"name\":\"Car Accident Lawyer in Kent | Free Consultation\",\"isPartOf\":{\"@id\":\"https:\/\/plg-pllc.com\/#website\"},\"datePublished\":\"2025-04-15T12:46:13+00:00\",\"dateModified\":\"2026-03-05T11:47:41+00:00\",\"description\":\"You need a Kent car accident lawyer to help you fight for maximum compensation for costs related to your accident. 24\/7 help.\",\"breadcrumb\":{\"@id\":\"https:\/\/plg-pllc.com\/kent\/car-accident-lawyer\/#breadcrumb\"},\"inLanguage\":\"es\",\"potentialAction\":[{\"@type\":\"ReadAction\",\"target\":[\"https:\/\/plg-pllc.com\/kent\/car-accident-lawyer\/\"]}]},{\"@type\":\"BreadcrumbList\",\"@id\":\"https:\/\/plg-pllc.com\/kent\/car-accident-lawyer\/#breadcrumb\",\"itemListElement\":[{\"@type\":\"ListItem\",\"position\":1,\"name\":\"Home\",\"item\":\"https:\/\/plg-pllc.com\/es\/\"},{\"@type\":\"ListItem\",\"position\":2,\"name\":\"Kent Personal Injury Lawyer\",\"item\":\"https:\/\/plg-pllc.com\/es\/kent\/personal-injury-lawyer\/\"},{\"@type\":\"ListItem\",\"position\":3,\"name\":\"Kent Car Accident Lawyer\"}]},{\"@type\":\"WebSite\",\"@id\":\"https:\/\/plg-pllc.com\/#website\",\"url\":\"https:\/\/plg-pllc.com\/\",\"name\":\"Premier Law Group\",\"description\":\"Washington Wrongful Death and Serious Injury Lawyer\",\"publisher\":{\"@id\":\"https:\/\/plg-pllc.com\/#organization\"},\"inLanguage\":\"es\"},{\"@type\":\"Organization\",\"@id\":\"https:\/\/plg-pllc.com\/#organization\",\"name\":\"Premier Law Group\",\"url\":\"https:\/\/plg-pllc.com\/\",\"logo\":{\"@type\":\"ImageObject\",\"inLanguage\":\"es\",\"@id\":\"https:\/\/plg-pllc.com\/#\/schema\/logo\/image\/\",\"url\":\"https:\/\/plg-pllc.com\/wp-content\/uploads\/2020\/10\/plg-logo-v2.gif\",\"contentUrl\":\"https:\/\/plg-pllc.com\/wp-content\/uploads\/2020\/10\/plg-logo-v2.gif\",\"width\":592,\"height\":191,\"caption\":\"Premier Law Group\"},\"image\":{\"@id\":\"https:\/\/plg-pllc.com\/#\/schema\/logo\/image\/\"},\"sameAs\":[\"https:\/\/www.facebook.com\/premierlawgroup\",\"https:\/\/x.com\/premierlawgroup\"]}]}<\/script>\n<!-- \/ Yoast SEO plugin. -->","yoast_head_json":{"title":"Abogado de accidentes de tr\u00e1fico en Kent | Consulta gratuita","description":"Necesita un abogado de accidentes automovil\u00edsticos de Kent para ayudarlo a luchar por la m\u00e1xima compensaci\u00f3n por los costos relacionados con su accidente. Ayuda 24 horas al d\u00eda, 7 d\u00edas a la semana.","robots":{"index":"index","follow":"follow","max-snippet":"max-snippet:-1","max-image-preview":"max-image-preview:large","max-video-preview":"max-video-preview:-1"},"canonical":"https:\/\/plg-pllc.com\/es\/kent\/car-accident-lawyer\/","og_locale":"es_MX","og_type":"article","og_title":"Car Accident Lawyer in Kent | Free Consultation","og_description":"You need a Kent car accident lawyer to help you fight for maximum compensation for costs related to your accident. 24\/7 help.","og_url":"https:\/\/plg-pllc.com\/es\/kent\/car-accident-lawyer\/","og_site_name":"Premier Law Group","article_publisher":"https:\/\/www.facebook.com\/premierlawgroup","article_modified_time":"2026-03-05T11:47:41+00:00","twitter_card":"summary_large_image","twitter_site":"@premierlawgroup","twitter_misc":{"Tiempo de lectura":"7 minutos"},"schema":{"@context":"https:\/\/schema.org","@graph":[{"@type":"WebPage","@id":"https:\/\/plg-pllc.com\/kent\/car-accident-lawyer\/","url":"https:\/\/plg-pllc.com\/kent\/car-accident-lawyer\/","name":"Abogado de accidentes de tr\u00e1fico en Kent | Consulta gratuita","isPartOf":{"@id":"https:\/\/plg-pllc.com\/#website"},"datePublished":"2025-04-15T12:46:13+00:00","dateModified":"2026-03-05T11:47:41+00:00","description":"Necesita un abogado de accidentes automovil\u00edsticos de Kent para ayudarlo a luchar por la m\u00e1xima compensaci\u00f3n por los costos relacionados con su accidente. Ayuda 24 horas al d\u00eda, 7 d\u00edas a la semana.","breadcrumb":{"@id":"https:\/\/plg-pllc.com\/kent\/car-accident-lawyer\/#breadcrumb"},"inLanguage":"es","potentialAction":[{"@type":"ReadAction","target":["https:\/\/plg-pllc.com\/kent\/car-accident-lawyer\/"]}]},{"@type":"BreadcrumbList","@id":"https:\/\/plg-pllc.com\/kent\/car-accident-lawyer\/#breadcrumb","itemListElement":[{"@type":"ListItem","position":1,"name":"Home","item":"https:\/\/plg-pllc.com\/es\/"},{"@type":"ListItem","position":2,"name":"Kent Personal Injury Lawyer","item":"https:\/\/plg-pllc.com\/es\/kent\/personal-injury-lawyer\/"},{"@type":"ListItem","position":3,"name":"Kent Car Accident Lawyer"}]},{"@type":"WebSite","@id":"https:\/\/plg-pllc.com\/#website","url":"https:\/\/plg-pllc.com\/","name":"Grupo de abogados Premier","description":"Abogado de muerte por negligencia y lesiones graves en Washington","publisher":{"@id":"https:\/\/plg-pllc.com\/#organization"},"inLanguage":"es"},{"@type":"Organization","@id":"https:\/\/plg-pllc.com\/#organization","name":"Grupo de abogados Premier","url":"https:\/\/plg-pllc.com\/","logo":{"@type":"ImageObject","inLanguage":"es","@id":"https:\/\/plg-pllc.com\/#\/schema\/logo\/image\/","url":"https:\/\/plg-pllc.com\/wp-content\/uploads\/2020\/10\/plg-logo-v2.gif","contentUrl":"https:\/\/plg-pllc.com\/wp-content\/uploads\/2020\/10\/plg-logo-v2.gif","width":592,"height":191,"caption":"Premier Law Group"},"image":{"@id":"https:\/\/plg-pllc.com\/#\/schema\/logo\/image\/"},"sameAs":["https:\/\/www.facebook.com\/premierlawgroup","https:\/\/x.com\/premierlawgroup"]}]}},"_links":{"self":[{"href":"https:\/\/plg-pllc.com\/es\/wp-json\/wp\/v2\/pages\/21228","targetHints":{"allow":["GET"]}}],"collection":[{"href":"https:\/\/plg-pllc.com\/es\/wp-json\/wp\/v2\/pages"}],"about":[{"href":"https:\/\/plg-pllc.com\/es\/wp-json\/wp\/v2\/types\/page"}],"author":[{"embeddable":true,"href":"https:\/\/plg-pllc.com\/es\/wp-json\/wp\/v2\/users\/59"}],"replies":[{"embeddable":true,"href":"https:\/\/plg-pllc.com\/es\/wp-json\/wp\/v2\/comments?post=21228"}],"version-history":[{"count":0,"href":"https:\/\/plg-pllc.com\/es\/wp-json\/wp\/v2\/pages\/21228\/revisions"}],"up":[{"embeddable":true,"href":"https:\/\/plg-pllc.com\/es\/wp-json\/wp\/v2\/pages\/20285"}],"wp:attachment":[{"href":"https:\/\/plg-pllc.com\/es\/wp-json\/wp\/v2\/media?parent=21228"}],"wp:term":[{"taxonomy":"hc_faqs","embeddable":true,"href":"https:\/\/plg-pllc.com\/es\/wp-json\/wp\/v2\/hc_faqs?post=21228"}],"curies":[{"name":"gracias","href":"https:\/\/api.w.org\/{rel}","templated":true}]}}