{"id":21262,"date":"2025-05-06T02:52:23","date_gmt":"2025-05-06T09:52:23","guid":{"rendered":"https:\/\/plg-pllc.com\/?page_id=21262"},"modified":"2025-05-12T08:09:27","modified_gmt":"2025-05-12T15:09:27","slug":"faqs-when-is-it-too-late-to-go-to-the-doctor-after-a-car-accident","status":"publish","type":"page","link":"https:\/\/plg-pllc.com\/es\/faqs\/when-is-it-too-late-to-go-to-the-doctor-after-a-car-accident\/","title":{"rendered":"\u00bfCu\u00e1ndo es demasiado tarde para ir al m\u00e9dico despu\u00e9s de un accidente automovil\u00edstico?"},"content":{"rendered":"<p><span style=\"font-weight: 400;\">Es <\/span><b>Nunca es tarde para ir al m\u00e9dico despu\u00e9s de un accidente automovil\u00edstico.<\/b><span style=\"font-weight: 400;\">; sin embargo, es inteligente <\/span><b>Busque tratamiento m\u00e9dico lo antes posible<\/b><span style=\"font-weight: 400;\">Incluso si se siente bien, evitar ir al m\u00e9dico puede agravar sus problemas m\u00e9dicos y complicar cualquier reclamaci\u00f3n legal que pueda tener.\u00a0<\/span><\/p>\n<p><span style=\"font-weight: 400;\">Algunas lesiones presentan s\u00edntomas retardados que no aparecen hasta d\u00edas o semanas despu\u00e9s del accidente de auto. A veces, lo que crees que es un simple dolor despu\u00e9s de un choque podr\u00eda ser un indicador de algo grave. Incluso cuando te sientes bien, vale la pena ir al m\u00e9dico.\u00a0<\/span><\/p>\n<p><span style=\"font-weight: 400;\">Si ha estado en un accidente automovil\u00edstico, un <\/span><a href=\"https:\/\/plg-pllc.com\/seattle\/car-accident-lawyer\/\"><span style=\"font-weight: 400;\">Abogado de accidentes de tr\u00e1fico en Seattle<\/span><\/a><span style=\"font-weight: 400;\"> Podemos ayudarle a comprender sus derechos y obtener la compensaci\u00f3n que merece. Hemos recuperado m\u00e1s de 100 millones de d\u00f3lares para v\u00edctimas de accidentes lesionadas. Cont\u00e1ctenos hoy mismo para programar una revisi\u00f3n gratuita de su caso y hablar sobre \u00e9l.\u00a0<\/span><\/p>\n<h2><span style=\"font-weight: 400;\">Por qu\u00e9 es importante consultar a un m\u00e9dico despu\u00e9s de un accidente automovil\u00edstico<\/span><\/h2>\n<p><span style=\"font-weight: 400;\">Tras un accidente de tr\u00e1fico, debe buscar atenci\u00f3n m\u00e9dica lo antes posible. Esto es importante por varias razones, la primera y m\u00e1s importante es su salud.\u00a0<\/span><\/p>\n<p><span style=\"font-weight: 400;\">El hecho de que te sientas bien despu\u00e9s de un accidente no significa que lo est\u00e9s. La adrenalina puede enmascarar el dolor, y podr\u00edas confundir los s\u00edntomas de una lesi\u00f3n en los d\u00edas posteriores al accidente con dolor muscular. Algunas lesiones tienen <\/span><b>s\u00edntomas retardados <\/b><span style=\"font-weight: 400;\">que no aparecer\u00e1n hasta d\u00edas o semanas despu\u00e9s del accidente.\u00a0<\/span><\/p>\n<p><span style=\"font-weight: 400;\">Preservar su situaci\u00f3n legal es otra raz\u00f3n para consultar a un m\u00e9dico. Si sufri\u00f3 un accidente que no fue su culpa, tiene derecho a solicitar una indemnizaci\u00f3n. Su historial m\u00e9dico y la atenci\u00f3n que prest\u00f3 a sus necesidades de salud sirven como prueba en su reclamaci\u00f3n de indemnizaci\u00f3n.\u00a0<\/span><\/p>\n<h2><span style=\"font-weight: 400;\">Acuerdos de compa\u00f1\u00edas de seguros<\/span><\/h2>\n<p><span style=\"font-weight: 400;\">Si sufre un accidente de auto, un representante de la compa\u00f1\u00eda de seguros de la parte culpable podr\u00eda contactarlo con una oferta de indemnizaci\u00f3n. A menudo, la cantidad que ofrecen es mucho menor que el valor de su reclamaci\u00f3n, pero incluso si es justa, no deber\u00eda aceptarla sin consultar con un abogado.<\/span><\/p>\n<p><span style=\"font-weight: 400;\">Los s\u00edntomas tard\u00edos despu\u00e9s del accidente son una de las principales razones. Por lo general, aceptar una oferta de acuerdo significa... <\/span><b>renunciando a sus derechos<\/b><span style=\"font-weight: 400;\"> A futuras reclamaciones por el mismo accidente. Por lo tanto, si un mes despu\u00e9s descubre que tiene una lesi\u00f3n grave, podr\u00eda no tener suerte.<\/span><span style=\"font-weight: 400;\"><br \/>\n<\/span><\/p>\n<p><span style=\"font-weight: 400;\">Siempre consulte con un abogado antes de tomar cualquier decisi\u00f3n importante con respecto a las compa\u00f1\u00edas de seguros para asegurarse de recibir la compensaci\u00f3n completa a la que tiene derecho.<\/span><\/p>\n<h2><span style=\"font-weight: 400;\">S\u00edntomas tard\u00edos despu\u00e9s de un accidente automovil\u00edstico<\/span><\/h2>\n<p><span style=\"font-weight: 400;\">Los s\u00edntomas tard\u00edos son aquellos que aparecen horas, d\u00edas o incluso semanas despu\u00e9s del accidente de auto. Indican lesiones que usted desconoce y que podr\u00edan no presentarse de inmediato debido a una respuesta inflamatoria tard\u00eda, hemorragia interna, s\u00edndrome posconmocional u otros problemas.\u00a0\u00a0<\/span><\/p>\n<p><span style=\"font-weight: 400;\">Los s\u00edntomas retardados m\u00e1s comunes incluyen:<\/span><\/p>\n<ul>\n<li style=\"font-weight: 400;\" aria-level=\"1\"><span style=\"font-weight: 400;\">Dolores de cabeza<\/span><\/li>\n<li style=\"font-weight: 400;\" aria-level=\"1\"><span style=\"font-weight: 400;\">Dolor de cuello\/espalda<\/span><\/li>\n<li style=\"font-weight: 400;\" aria-level=\"1\"><span style=\"font-weight: 400;\">Dolor abdominal\u00a0<\/span><\/li>\n<li style=\"font-weight: 400;\" aria-level=\"1\"><span style=\"font-weight: 400;\">Entumecimiento<\/span><\/li>\n<li style=\"font-weight: 400;\" aria-level=\"1\"><span style=\"font-weight: 400;\">Cambios de humor\u00a0<\/span><\/li>\n<\/ul>\n<p><span style=\"font-weight: 400;\">Estos s\u00edntomas pueden ser sutiles al principio, pero pueden empeorar con el tiempo. Si experimenta alguno de estos s\u00edntomas despu\u00e9s de un accidente automovil\u00edstico o cualquier otro cambio en su estado f\u00edsico o mental, es importante buscar atenci\u00f3n m\u00e9dica.\u00a0<\/span><\/p>\n\n        <div class=\"rs-content-cta long\">\n            <p>Para una consulta legal GRATUITA, llame al <a href=\"tel:+12062851743\">(206) 285-1743 <\/a><\/p>\n            <a href=\"https:\/\/plg-pllc.com\/es\/contact-us\/\" title=\"OBTENGA UNA EVALUACI\u00d3N DE CASO GRATUITA\" class=\"btn-global\">OBTENGA UNA EVALUACI\u00d3N DE CASO GRATUITA<\/a>\n                    <picture>\n                            <source srcset=\"https:\/\/plg-pllc.com\/wp-content\/themes\/plg-pllc-redesign\/assets\/app\/img\/cta-thumb.webp\" type=\"image\/webp\"\/>\n                            <img src=\"https:\/\/plg-pllc.com\/wp-content\/themes\/plg-pllc-redesign\/assets\/app\/img\/cta-thumb.png\" alt=\"Grupo de abogados Premier\" title=\"Grupo de abogados Premier\" width=\"245\" height=\"220\" loading=\"auto\" fetchpriority=\"auto\" decoding=\"async\"\/>\n        <\/picture>\n        \n        <\/div><h2><span style=\"font-weight: 400;\">Tipos de lesiones por accidentes automovil\u00edsticos que pueden presentar s\u00edntomas retardados<\/span><\/h2>\n<p><span style=\"font-weight: 400;\">Muchas lesiones que pueden presentar s\u00edntomas retardados mucho despu\u00e9s de un accidente de tr\u00e1fico pueden ser muy graves. Algunas de las lesiones retardadas m\u00e1s comunes y sus s\u00edntomas incluyen:<\/span><\/p>\n<ul>\n<li style=\"font-weight: 400;\" aria-level=\"1\"><b>Latigazo<\/b>: <span style=\"font-weight: 400;\">Puede estar indicado por rigidez del cuello, dolores de cabeza o dolor de hombro.<\/span><\/li>\n<li style=\"font-weight: 400;\" aria-level=\"1\"><b>Lesiones de la columna vertebral<\/b>:<span style=\"font-weight: 400;\"> Con el tiempo, pueden aparecer dolor de espalda, entumecimiento u hormigueo en las extremidades.<\/span><\/li>\n<li style=\"font-weight: 400;\" aria-level=\"1\"><b>Conmoci\u00f3n cerebral y lesi\u00f3n cerebral traum\u00e1tica<\/b>:<span style=\"font-weight: 400;\"> Los s\u00edntomas retardados pueden incluir confusi\u00f3n, mareos, p\u00e9rdida de memoria y n\u00e1useas.<\/span><\/li>\n<li style=\"font-weight: 400;\" aria-level=\"1\"><b>Lesiones de tejidos blandos<\/b>:<span style=\"font-weight: 400;\"> Est\u00e9 atento a signos de hinchaz\u00f3n, rigidez y reducci\u00f3n del rango de movimiento.<\/span><\/li>\n<li style=\"font-weight: 400;\" aria-level=\"1\"><b>Hemorragia interna<\/b>:<span style=\"font-weight: 400;\"> Los s\u00edntomas retardados pueden incluir dolor abdominal, hematomas y mareos.<\/span><\/li>\n<li style=\"font-weight: 400;\" aria-level=\"1\"><b>Discos herniados<\/b>:<span style=\"font-weight: 400;\"> Los s\u00edntomas pueden incluir dolor, debilidad o entumecimiento en la espalda o las piernas.<\/span><\/li>\n<li style=\"font-weight: 400;\" aria-level=\"1\"><b>Trauma psicol\u00f3gico<\/b><span style=\"font-weight: 400;\">:La ansiedad y la depresi\u00f3n despu\u00e9s de un accidente podr\u00edan ser signos de trastorno de estr\u00e9s postraum\u00e1tico.<\/span><\/li>\n<\/ul>\n<p><span style=\"font-weight: 400;\">Es importante estar atento a estas y otras lesiones tard\u00edas despu\u00e9s de un accidente de auto y consultar a un m\u00e9dico si su condici\u00f3n cambia. Si siente que algo no anda bien, no es demasiado tarde para acudir al m\u00e9dico despu\u00e9s de un accidente de auto.<\/span><\/p>\n<h2><span style=\"font-weight: 400;\">Plazo de prescripci\u00f3n para reclamaciones por accidentes de tr\u00e1fico<\/span><\/h2>\n<p><span style=\"font-weight: 400;\">En el estado de Washington, el plazo de prescripci\u00f3n para reclamos por accidentes automovil\u00edsticos es <\/span><b>tres a\u00f1os<\/b><span style=\"font-weight: 400;\"> Desde el momento del accidente. Esto significa que tiene tres a\u00f1os para presentar una reclamaci\u00f3n o emprender acciones legales, o perder\u00e1 su derecho a hacerlo.<\/span><\/p>\n<p><span style=\"font-weight: 400;\">Sin embargo, el <\/span><a href=\"https:\/\/medical-dictionary.thefreedictionary.com\/discovery+rule\" target=\"_blank\" rel=\"noopener\"><span style=\"font-weight: 400;\">regla de descubrimiento<\/span><\/a><span style=\"font-weight: 400;\"> Puede ser \u00fatil en casos donde la lesi\u00f3n no se manifiesta hasta mucho despu\u00e9s del accidente. Seg\u00fan las reglas de descubrimiento, el plazo de prescripci\u00f3n de tres a\u00f1os no comienza hasta que usted tenga conocimiento, o debiera haberlo tenido, de la lesi\u00f3n.\u00a0<\/span><\/p>\n<h2><span style=\"font-weight: 400;\">No es demasiado tarde para ir al m\u00e9dico despu\u00e9s de un accidente automovil\u00edstico<\/span><\/h2>\n<p><span style=\"font-weight: 400;\">Nunca es tarde para ir al m\u00e9dico despu\u00e9s de un accidente de auto, pero es recomendable buscar atenci\u00f3n m\u00e9dica lo antes posible, incluso si cree estar sano. Si no fue a urgencias despu\u00e9s del accidente, acuda al m\u00e9dico lo antes posible.\u00a0<\/span><\/p>\n<p><span style=\"font-weight: 400;\">Luego, siga las recomendaciones de su m\u00e9dico. Esto garantiza el cuidado de su salud y el diagn\u00f3stico de cualquier lesi\u00f3n con s\u00edntomas tard\u00edos. Adem\u00e1s, mantiene su reclamaci\u00f3n legal al d\u00eda, para que las compa\u00f1\u00edas de seguros no puedan argumentar que no est\u00e1 tan lesionado como dice.<\/span><\/p>\n<p><span style=\"font-weight: 400;\">En Premier Law Group, nuestro equipo cuenta con <\/span><b>M\u00e1s de 55 a\u00f1os de experiencia combinada <\/b><span style=\"font-weight: 400;\">Defendiendo a las v\u00edctimas lesionadas. Si ha sufrido un accidente automovil\u00edstico y necesita ayuda, cont\u00e1ctenos hoy mismo para programar una consulta gratuita.\u00a0<\/span><\/p>\n\n        <div class=\"rs-content-cta\">\n            <p>Llamar o enviar mensaje de texto <a href=\"tel:+12062851743\">(206) 285-1743<\/a> o complete un formulario de evaluaci\u00f3n de caso gratuito<\/p>\n            <a href=\"https:\/\/plg-pllc.com\/es\/contact-us\/\" title=\"OBTENGA UNA EVALUACI\u00d3N DE CASO GRATUITA\" class=\"btn-global\">OBTENGA UNA EVALUACI\u00d3N DE CASO GRATUITA<\/a>\n                    <picture>\n                            <source srcset=\"https:\/\/plg-pllc.com\/wp-content\/themes\/plg-pllc-redesign\/assets\/app\/img\/cta-thumb.webp\" type=\"image\/webp\"\/>\n                            <img src=\"https:\/\/plg-pllc.com\/wp-content\/themes\/plg-pllc-redesign\/assets\/app\/img\/cta-thumb.png\" alt=\"Grupo de abogados Premier\" title=\"Grupo de abogados Premier\" width=\"245\" height=\"220\" loading=\"auto\" fetchpriority=\"auto\" decoding=\"async\"\/>\n        <\/picture>\n        \n        <\/div>","protected":false},"excerpt":{"rendered":"<p>Nunca es tarde para ir al m\u00e9dico despu\u00e9s de un accidente de auto; sin embargo, es recomendable buscar atenci\u00f3n m\u00e9dica lo antes posible, incluso si se siente bien. Evitar una visita al m\u00e9dico puede agravar los problemas m\u00e9dicos y complicar cualquier reclamaci\u00f3n legal que pueda tener. Algunas lesiones presentan s\u00edntomas tard\u00edos que\u2026<\/p>","protected":false},"author":59,"featured_media":21263,"parent":20714,"menu_order":0,"comment_status":"closed","ping_status":"closed","template":"","meta":{"_acf_changed":false,"_genesis_hide_title":false,"_genesis_hide_breadcrumbs":false,"_genesis_hide_singular_image":false,"_genesis_hide_footer_widgets":false,"_genesis_custom_body_class":"","_genesis_custom_post_class":"","_genesis_layout":"","footnotes":""},"hc_faqs":[10344],"class_list":{"0":"post-21262","1":"page","2":"type-page","3":"status-publish","4":"has-post-thumbnail","6":"hc_faqs-car-accident","7":"entry"},"acf":[],"yoast_head":"<!-- This site is optimized with the Yoast SEO plugin v27.4 - https:\/\/yoast.com\/product\/yoast-seo-wordpress\/ -->\n<title>When Is It Too Late to Go to the Doctor After a Car Crash?<\/title>\n<meta name=\"description\" content=\"Find out when it is too late to go to the doctor after a car accident, and why getting medical attention after a car crash is important.\" \/>\n<meta name=\"robots\" content=\"index, follow, max-snippet:-1, max-image-preview:large, max-video-preview:-1\" \/>\n<link rel=\"canonical\" href=\"https:\/\/plg-pllc.com\/es\/faqs\/when-is-it-too-late-to-go-to-the-doctor-after-a-car-accident\/\" \/>\n<meta property=\"og:locale\" content=\"es_MX\" \/>\n<meta property=\"og:type\" content=\"article\" \/>\n<meta property=\"og:title\" content=\"When Is It Too Late to Go to the Doctor After a Car Crash?\" \/>\n<meta property=\"og:description\" content=\"Find out when it is too late to go to the doctor after a car accident, and why getting medical attention after a car crash is important.\" \/>\n<meta property=\"og:url\" content=\"https:\/\/plg-pllc.com\/es\/faqs\/when-is-it-too-late-to-go-to-the-doctor-after-a-car-accident\/\" \/>\n<meta property=\"og:site_name\" content=\"Premier Law Group\" \/>\n<meta property=\"article:publisher\" content=\"https:\/\/www.facebook.com\/premierlawgroup\" \/>\n<meta property=\"article:modified_time\" content=\"2025-05-12T15:09:27+00:00\" \/>\n<meta property=\"og:image\" content=\"https:\/\/plg-pllc.com\/wp-content\/uploads\/2025\/05\/when-is-it-too-late-to-go-to-the-doctor-after-a-car-accident.jpg\" \/>\n\t<meta property=\"og:image:width\" content=\"1000\" \/>\n\t<meta property=\"og:image:height\" content=\"667\" \/>\n\t<meta property=\"og:image:type\" content=\"image\/jpeg\" \/>\n<meta name=\"twitter:card\" content=\"summary_large_image\" \/>\n<meta name=\"twitter:site\" content=\"@premierlawgroup\" \/>\n<meta name=\"twitter:label1\" content=\"Tiempo de lectura\" \/>\n\t<meta name=\"twitter:data1\" content=\"5 minutos\" \/>\n<script type=\"application\/ld+json\" class=\"yoast-schema-graph\">{\"@context\":\"https:\\\/\\\/schema.org\",\"@graph\":[{\"@type\":\"WebPage\",\"@id\":\"https:\\\/\\\/plg-pllc.com\\\/faqs\\\/when-is-it-too-late-to-go-to-the-doctor-after-a-car-accident\\\/\",\"url\":\"https:\\\/\\\/plg-pllc.com\\\/faqs\\\/when-is-it-too-late-to-go-to-the-doctor-after-a-car-accident\\\/\",\"name\":\"When Is It Too Late to Go to the Doctor After a Car Crash?\",\"isPartOf\":{\"@id\":\"https:\\\/\\\/plg-pllc.com\\\/#website\"},\"primaryImageOfPage\":{\"@id\":\"https:\\\/\\\/plg-pllc.com\\\/faqs\\\/when-is-it-too-late-to-go-to-the-doctor-after-a-car-accident\\\/#primaryimage\"},\"image\":{\"@id\":\"https:\\\/\\\/plg-pllc.com\\\/faqs\\\/when-is-it-too-late-to-go-to-the-doctor-after-a-car-accident\\\/#primaryimage\"},\"thumbnailUrl\":\"https:\\\/\\\/plg-pllc.com\\\/wp-content\\\/uploads\\\/2025\\\/05\\\/when-is-it-too-late-to-go-to-the-doctor-after-a-car-accident.jpg\",\"datePublished\":\"2025-05-06T09:52:23+00:00\",\"dateModified\":\"2025-05-12T15:09:27+00:00\",\"description\":\"Find out when it is too late to go to the doctor after a car accident, and why getting medical attention after a car crash is important.\",\"breadcrumb\":{\"@id\":\"https:\\\/\\\/plg-pllc.com\\\/faqs\\\/when-is-it-too-late-to-go-to-the-doctor-after-a-car-accident\\\/#breadcrumb\"},\"inLanguage\":\"es\",\"potentialAction\":[{\"@type\":\"ReadAction\",\"target\":[\"https:\\\/\\\/plg-pllc.com\\\/faqs\\\/when-is-it-too-late-to-go-to-the-doctor-after-a-car-accident\\\/\"]}]},{\"@type\":\"ImageObject\",\"inLanguage\":\"es\",\"@id\":\"https:\\\/\\\/plg-pllc.com\\\/faqs\\\/when-is-it-too-late-to-go-to-the-doctor-after-a-car-accident\\\/#primaryimage\",\"url\":\"https:\\\/\\\/plg-pllc.com\\\/wp-content\\\/uploads\\\/2025\\\/05\\\/when-is-it-too-late-to-go-to-the-doctor-after-a-car-accident.jpg\",\"contentUrl\":\"https:\\\/\\\/plg-pllc.com\\\/wp-content\\\/uploads\\\/2025\\\/05\\\/when-is-it-too-late-to-go-to-the-doctor-after-a-car-accident.jpg\",\"width\":1000,\"height\":667,\"caption\":\"A woman rubs her neck and wonders when it is too late to go to the doctor after a car accident.\u00a0\"},{\"@type\":\"BreadcrumbList\",\"@id\":\"https:\\\/\\\/plg-pllc.com\\\/faqs\\\/when-is-it-too-late-to-go-to-the-doctor-after-a-car-accident\\\/#breadcrumb\",\"itemListElement\":[{\"@type\":\"ListItem\",\"position\":1,\"name\":\"Home\",\"item\":\"https:\\\/\\\/plg-pllc.com\\\/es\\\/\"},{\"@type\":\"ListItem\",\"position\":2,\"name\":\"FAQs\",\"item\":\"https:\\\/\\\/plg-pllc.com\\\/es\\\/faqs\\\/\"},{\"@type\":\"ListItem\",\"position\":3,\"name\":\"When Is It Too Late to Go to the Doctor After a Car Accident?\"}]},{\"@type\":\"WebSite\",\"@id\":\"https:\\\/\\\/plg-pllc.com\\\/#website\",\"url\":\"https:\\\/\\\/plg-pllc.com\\\/\",\"name\":\"Premier Law Group\",\"description\":\"Washington Wrongful Death and Serious Injury Lawyer\",\"publisher\":{\"@id\":\"https:\\\/\\\/plg-pllc.com\\\/#organization\"},\"inLanguage\":\"es\"},{\"@type\":\"Organization\",\"@id\":\"https:\\\/\\\/plg-pllc.com\\\/#organization\",\"name\":\"Premier Law Group\",\"url\":\"https:\\\/\\\/plg-pllc.com\\\/\",\"logo\":{\"@type\":\"ImageObject\",\"inLanguage\":\"es\",\"@id\":\"https:\\\/\\\/plg-pllc.com\\\/#\\\/schema\\\/logo\\\/image\\\/\",\"url\":\"https:\\\/\\\/plg-pllc.com\\\/wp-content\\\/uploads\\\/2020\\\/10\\\/plg-logo-v2.gif\",\"contentUrl\":\"https:\\\/\\\/plg-pllc.com\\\/wp-content\\\/uploads\\\/2020\\\/10\\\/plg-logo-v2.gif\",\"width\":592,\"height\":191,\"caption\":\"Premier Law Group\"},\"image\":{\"@id\":\"https:\\\/\\\/plg-pllc.com\\\/#\\\/schema\\\/logo\\\/image\\\/\"},\"sameAs\":[\"https:\\\/\\\/www.facebook.com\\\/premierlawgroup\",\"https:\\\/\\\/x.com\\\/premierlawgroup\"]}]}<\/script>\n<!-- \/ Yoast SEO plugin. -->","yoast_head_json":{"title":"\u00bfCu\u00e1ndo es demasiado tarde para ir al m\u00e9dico despu\u00e9s de un accidente automovil\u00edstico?","description":"Descubra cu\u00e1ndo es demasiado tarde para acudir al m\u00e9dico despu\u00e9s de un accidente automovil\u00edstico y por qu\u00e9 es importante recibir atenci\u00f3n m\u00e9dica despu\u00e9s de un accidente automovil\u00edstico.","robots":{"index":"index","follow":"follow","max-snippet":"max-snippet:-1","max-image-preview":"max-image-preview:large","max-video-preview":"max-video-preview:-1"},"canonical":"https:\/\/plg-pllc.com\/es\/faqs\/when-is-it-too-late-to-go-to-the-doctor-after-a-car-accident\/","og_locale":"es_MX","og_type":"article","og_title":"When Is It Too Late to Go to the Doctor After a Car Crash?","og_description":"Find out when it is too late to go to the doctor after a car accident, and why getting medical attention after a car crash is important.","og_url":"https:\/\/plg-pllc.com\/es\/faqs\/when-is-it-too-late-to-go-to-the-doctor-after-a-car-accident\/","og_site_name":"Premier Law Group","article_publisher":"https:\/\/www.facebook.com\/premierlawgroup","article_modified_time":"2025-05-12T15:09:27+00:00","og_image":[{"width":1000,"height":667,"url":"https:\/\/plg-pllc.com\/wp-content\/uploads\/2025\/05\/when-is-it-too-late-to-go-to-the-doctor-after-a-car-accident.jpg","type":"image\/jpeg"}],"twitter_card":"summary_large_image","twitter_site":"@premierlawgroup","twitter_misc":{"Tiempo de lectura":"5 minutos"},"schema":{"@context":"https:\/\/schema.org","@graph":[{"@type":"WebPage","@id":"https:\/\/plg-pllc.com\/faqs\/when-is-it-too-late-to-go-to-the-doctor-after-a-car-accident\/","url":"https:\/\/plg-pllc.com\/faqs\/when-is-it-too-late-to-go-to-the-doctor-after-a-car-accident\/","name":"\u00bfCu\u00e1ndo es demasiado tarde para ir al m\u00e9dico despu\u00e9s de un accidente automovil\u00edstico?","isPartOf":{"@id":"https:\/\/plg-pllc.com\/#website"},"primaryImageOfPage":{"@id":"https:\/\/plg-pllc.com\/faqs\/when-is-it-too-late-to-go-to-the-doctor-after-a-car-accident\/#primaryimage"},"image":{"@id":"https:\/\/plg-pllc.com\/faqs\/when-is-it-too-late-to-go-to-the-doctor-after-a-car-accident\/#primaryimage"},"thumbnailUrl":"https:\/\/plg-pllc.com\/wp-content\/uploads\/2025\/05\/when-is-it-too-late-to-go-to-the-doctor-after-a-car-accident.jpg","datePublished":"2025-05-06T09:52:23+00:00","dateModified":"2025-05-12T15:09:27+00:00","description":"Descubra cu\u00e1ndo es demasiado tarde para acudir al m\u00e9dico despu\u00e9s de un accidente automovil\u00edstico y por qu\u00e9 es importante recibir atenci\u00f3n m\u00e9dica despu\u00e9s de un accidente automovil\u00edstico.","breadcrumb":{"@id":"https:\/\/plg-pllc.com\/faqs\/when-is-it-too-late-to-go-to-the-doctor-after-a-car-accident\/#breadcrumb"},"inLanguage":"es","potentialAction":[{"@type":"ReadAction","target":["https:\/\/plg-pllc.com\/faqs\/when-is-it-too-late-to-go-to-the-doctor-after-a-car-accident\/"]}]},{"@type":"ImageObject","inLanguage":"es","@id":"https:\/\/plg-pllc.com\/faqs\/when-is-it-too-late-to-go-to-the-doctor-after-a-car-accident\/#primaryimage","url":"https:\/\/plg-pllc.com\/wp-content\/uploads\/2025\/05\/when-is-it-too-late-to-go-to-the-doctor-after-a-car-accident.jpg","contentUrl":"https:\/\/plg-pllc.com\/wp-content\/uploads\/2025\/05\/when-is-it-too-late-to-go-to-the-doctor-after-a-car-accident.jpg","width":1000,"height":667,"caption":"A woman rubs her neck and wonders when it is too late to go to the doctor after a car accident.\u00a0"},{"@type":"BreadcrumbList","@id":"https:\/\/plg-pllc.com\/faqs\/when-is-it-too-late-to-go-to-the-doctor-after-a-car-accident\/#breadcrumb","itemListElement":[{"@type":"ListItem","position":1,"name":"Home","item":"https:\/\/plg-pllc.com\/es\/"},{"@type":"ListItem","position":2,"name":"FAQs","item":"https:\/\/plg-pllc.com\/es\/faqs\/"},{"@type":"ListItem","position":3,"name":"When Is It Too Late to Go to the Doctor After a Car Accident?"}]},{"@type":"WebSite","@id":"https:\/\/plg-pllc.com\/#website","url":"https:\/\/plg-pllc.com\/","name":"Grupo de abogados Premier","description":"Abogado de muerte por negligencia y lesiones graves en Washington","publisher":{"@id":"https:\/\/plg-pllc.com\/#organization"},"inLanguage":"es"},{"@type":"Organization","@id":"https:\/\/plg-pllc.com\/#organization","name":"Grupo de abogados Premier","url":"https:\/\/plg-pllc.com\/","logo":{"@type":"ImageObject","inLanguage":"es","@id":"https:\/\/plg-pllc.com\/#\/schema\/logo\/image\/","url":"https:\/\/plg-pllc.com\/wp-content\/uploads\/2020\/10\/plg-logo-v2.gif","contentUrl":"https:\/\/plg-pllc.com\/wp-content\/uploads\/2020\/10\/plg-logo-v2.gif","width":592,"height":191,"caption":"Premier Law Group"},"image":{"@id":"https:\/\/plg-pllc.com\/#\/schema\/logo\/image\/"},"sameAs":["https:\/\/www.facebook.com\/premierlawgroup","https:\/\/x.com\/premierlawgroup"]}]}},"_links":{"self":[{"href":"https:\/\/plg-pllc.com\/es\/wp-json\/wp\/v2\/pages\/21262","targetHints":{"allow":["GET"]}}],"collection":[{"href":"https:\/\/plg-pllc.com\/es\/wp-json\/wp\/v2\/pages"}],"about":[{"href":"https:\/\/plg-pllc.com\/es\/wp-json\/wp\/v2\/types\/page"}],"author":[{"embeddable":true,"href":"https:\/\/plg-pllc.com\/es\/wp-json\/wp\/v2\/users\/59"}],"replies":[{"embeddable":true,"href":"https:\/\/plg-pllc.com\/es\/wp-json\/wp\/v2\/comments?post=21262"}],"version-history":[{"count":0,"href":"https:\/\/plg-pllc.com\/es\/wp-json\/wp\/v2\/pages\/21262\/revisions"}],"up":[{"embeddable":true,"href":"https:\/\/plg-pllc.com\/es\/wp-json\/wp\/v2\/pages\/20714"}],"wp:featuredmedia":[{"embeddable":true,"href":"https:\/\/plg-pllc.com\/es\/wp-json\/wp\/v2\/media\/21263"}],"wp:attachment":[{"href":"https:\/\/plg-pllc.com\/es\/wp-json\/wp\/v2\/media?parent=21262"}],"wp:term":[{"taxonomy":"hc_faqs","embeddable":true,"href":"https:\/\/plg-pllc.com\/es\/wp-json\/wp\/v2\/hc_faqs?post=21262"}],"curies":[{"name":"gracias","href":"https:\/\/api.w.org\/{rel}","templated":true}]}}