{"id":21264,"date":"2025-05-06T02:58:02","date_gmt":"2025-05-06T09:58:02","guid":{"rendered":"https:\/\/plg-pllc.com\/?page_id=21264"},"modified":"2025-05-12T08:11:28","modified_gmt":"2025-05-12T15:11:28","slug":"faqs-how-long-after-an-accident-do-you-have-to-file-a-claim","status":"publish","type":"page","link":"https:\/\/plg-pllc.com\/es\/faqs\/how-long-after-an-accident-do-you-have-to-file-a-claim\/","title":{"rendered":"\u00bfCu\u00e1nto tiempo despu\u00e9s de un accidente hay que presentar una reclamaci\u00f3n?"},"content":{"rendered":"<p><span style=\"font-weight: 400;\">Normalmente tienes<\/span><b> Un l\u00edmite de uno a tres a\u00f1os para presentar una reclamaci\u00f3n despu\u00e9s de un accidente<\/b><span style=\"font-weight: 400;\">Aunque el plazo puede variar, esto se conoce como plazo de prescripci\u00f3n. Cada estado tiene sus propios plazos de prescripci\u00f3n incorporados a su ordenamiento jur\u00eddico. Se aplican regulaciones independientes a los asuntos federales.\u00a0<\/span><\/p>\n<p><span style=\"font-weight: 400;\">A menudo hay excepciones a estos plazos en circunstancias espec\u00edficas, como cuando la v\u00edctima del accidente es menor de edad. Independientemente del plazo de prescripci\u00f3n, si sufre lesiones en un accidente, es recomendable consultar con un abogado especializado en lesiones personales y analizar sus opciones.\u00a0<\/span><\/p>\n<p><span style=\"font-weight: 400;\">Un abogado puede asegurarse de que usted cumpla con plazos importantes despu\u00e9s de un accidente. Nuestro <\/span><a href=\"https:\/\/plg-pllc.com\/\"><span style=\"font-weight: 400;\">Abogados de lesiones personales en Bellevue<\/span><\/a><span style=\"font-weight: 400;\"> Hemos recuperado m\u00e1s de 100 millones de d\u00f3lares para v\u00edctimas de accidentes. Cont\u00e1ctenos hoy mismo para programar una consulta gratuita y descubrir c\u00f3mo podemos ayudarle.\u00a0<\/span><\/p>\n<h2><span style=\"font-weight: 400;\">\u00bfQu\u00e9 es un plazo de prescripci\u00f3n?<\/span><\/h2>\n<p><span style=\"font-weight: 400;\">Un estatuto de limitaciones es una ley que establece el <\/span><b>tiempo m\u00e1ximo<\/b><span style=\"font-weight: 400;\"> Tras un evento, durante el cual puede iniciar un proceso legal. Var\u00eda seg\u00fan la jurisdicci\u00f3n y el tipo de reclamaci\u00f3n, y una vez vencido, pierde el derecho a iniciar acciones legales ante los tribunales.\u00a0<\/span><\/p>\n<p><span style=\"font-weight: 400;\">El plazo comienza a correr desde el momento del incidente o, en algunos casos, desde el momento en que se descubren los da\u00f1os causados por este. En algunos casos, el plazo tambi\u00e9n puede pausarse o suspenderse.<\/span><\/p>\n<p><span style=\"font-weight: 400;\">El prop\u00f3sito de la prescripci\u00f3n es garantizar que los casos y las demandas legales se tramiten mientras las pruebas est\u00e9n frescas y los hechos a\u00fan est\u00e9n claros en la mente de las partes involucradas. Tambi\u00e9n ayuda a prevenir retrasos en el sistema legal al garantizar que los casos se presenten oportunamente.<\/span><\/p>\n<h2><span style=\"font-weight: 400;\">Plazo de prescripci\u00f3n vs. plazos de la compa\u00f1\u00eda de seguros<\/span><\/h2>\n<p><span style=\"font-weight: 400;\">Es importante entender la distinci\u00f3n entre <\/span><b>plazos de reclamaci\u00f3n de las compa\u00f1\u00edas de seguros<\/b><span style=\"font-weight: 400;\"> y el plazo de prescripci\u00f3n. Algunas aseguradoras pueden incluir cl\u00e1usulas en sus p\u00f3lizas que determinen cu\u00e1ndo se debe informar un accidente y cu\u00e1ndo se debe presentar una reclamaci\u00f3n.\u00a0<\/span><\/p>\n<p><span style=\"font-weight: 400;\">No cumplir con la fecha l\u00edmite de la compa\u00f1\u00eda de seguros puede resultar en una denegaci\u00f3n o una complicaci\u00f3n. Por eso es importante consultar con un abogado y presentar su reclamo lo antes posible, independientemente del plazo de prescripci\u00f3n en su estado.\u00a0<\/span><\/p>\n<p><span style=\"font-weight: 400;\">Sin embargo, no cumplir con el plazo de la compa\u00f1\u00eda de seguros no afecta su derecho a presentar su reclamo en un tribunal civil, siempre que cumpla con el plazo de prescripci\u00f3n.\u00a0<\/span><\/p>\n<h2><span style=\"font-weight: 400;\">\u00bfCu\u00e1les son las excepciones comunes al plazo de prescripci\u00f3n?<\/span><\/h2>\n<p><span style=\"font-weight: 400;\">Cada jurisdicci\u00f3n tendr\u00e1 su lista de excepciones que pausan o retrasan el plazo de prescripci\u00f3n. Este proceso se conoce como <\/span><b>peaje<\/b><span style=\"font-weight: 400;\">Si bien var\u00eda seg\u00fan el estado, existen varias excepciones comunes, entre ellas:<\/span><\/p>\n<h3><span style=\"font-weight: 400;\">La regla del descubrimiento<\/span><\/h3>\n<p><span style=\"font-weight: 400;\">El <\/span><a href=\"https:\/\/medical-dictionary.thefreedictionary.com\/discovery+rule\" target=\"_blank\" rel=\"noopener\"><span style=\"font-weight: 400;\">regla de descubrimiento<\/span><\/a><span style=\"font-weight: 400;\"> dicta que el reloj no comienza a correr en el plazo de prescripci\u00f3n hasta que usted se d\u00e9 cuenta, o razonablemente deber\u00eda haber tomado conciencia, de los da\u00f1os que ha sufrido.\u00a0<\/span><\/p>\n<p><span style=\"font-weight: 400;\">Por ejemplo, es posible que usted no se d\u00e9 cuenta de la gravedad de una lesi\u00f3n sufrida en un accidente hasta semanas o meses despu\u00e9s.\u00a0<\/span><\/p>\n<h3><span style=\"font-weight: 400;\">Menores<\/span><\/h3>\n<p><span style=\"font-weight: 400;\">El plazo de prescripci\u00f3n se suspende hasta que la v\u00edctima menor de edad lesionada cumpla 18 a\u00f1os. Esto es com\u00fan en casos de abuso, y algunos estados tienen leyes espec\u00edficas que dictan el plazo de prescripci\u00f3n para menores en tales circunstancias.\u00a0<\/span><\/p>\n<h3><span style=\"font-weight: 400;\">Incapacidad mental<\/span><\/h3>\n<p><span style=\"font-weight: 400;\">En el caso de una v\u00edctima de accidente que est\u00e9 mentalmente incapacitada, el plazo de prescripci\u00f3n puede no comenzar a correr hasta que recupere su capacidad mental.<\/span><\/p>\n<p><span style=\"font-weight: 400;\">Por ejemplo, si una v\u00edctima de un accidente automovil\u00edstico se encuentra temporalmente bajo atenci\u00f3n de emergencia y no puede tomar decisiones mientras se recupera, el reloj no comenzar\u00e1 a correr hasta que haya recuperado sus facultades.<\/span><\/p>\n<h3><span style=\"font-weight: 400;\">Se desconoce el paradero de la parte culpable<\/span><\/h3>\n<p><span style=\"font-weight: 400;\">Si la persona responsable del accidente no est\u00e1 disponible, ya sea porque huy\u00f3 o a\u00fan no ha sido identificada, el plazo de prescripci\u00f3n podr\u00eda suspenderse hasta que sea encontrada o detenida. Por ejemplo, si resulta lesionado en un accidente de tr\u00e1fico con fuga, podr\u00eda llevar tiempo encontrar al otro conductor.<\/span><\/p>\n\n        <div class=\"rs-content-cta long\">\n            <p>Para una consulta legal GRATUITA, llame al <a href=\"tel:+12062851743\">(206) 285-1743 <\/a><\/p>\n            <a href=\"https:\/\/plg-pllc.com\/es\/contact-us\/\" title=\"OBTENGA UNA EVALUACI\u00d3N DE CASO GRATUITA\" class=\"btn-global\">OBTENGA UNA EVALUACI\u00d3N DE CASO GRATUITA<\/a>\n                    <picture>\n                            <source srcset=\"https:\/\/plg-pllc.com\/wp-content\/themes\/plg-pllc-redesign\/assets\/app\/img\/cta-thumb.webp\" type=\"image\/webp\"\/>\n                            <img src=\"https:\/\/plg-pllc.com\/wp-content\/themes\/plg-pllc-redesign\/assets\/app\/img\/cta-thumb.png\" alt=\"Grupo de abogados Premier\" title=\"Grupo de abogados Premier\" width=\"245\" height=\"220\" loading=\"auto\" fetchpriority=\"auto\" decoding=\"async\"\/>\n        <\/picture>\n        \n        <\/div><h2><span style=\"font-weight: 400;\">\u00bfCu\u00e1l es el mejor momento para presentar una reclamaci\u00f3n por lesiones personales?<\/span><\/h2>\n<p><span style=\"font-weight: 400;\">El tiempo que tiene despu\u00e9s de un accidente para presentar una reclamaci\u00f3n depende del plazo de prescripci\u00f3n de lesiones personales en su lugar de residencia, pero eso no significa que deba esperar tanto. En la mayor\u00eda de los casos, <\/span><b>Cuanto antes presente su reclamaci\u00f3n<\/b>,<b> Cuanto mejores sean sus posibilidades de recuperar una indemnizaci\u00f3n<\/b><span style=\"font-weight: 400;\">.\u00a0<\/span><\/p>\n<p><span style=\"font-weight: 400;\">Esperar semanas o meses despu\u00e9s de su accidente, excepto en los casos en que se aplique la regla de descubrimiento, puede dar a las compa\u00f1\u00edas de seguros motivos para cuestionar la gravedad de sus lesiones. Adem\u00e1s, podr\u00eda retrasar la compensaci\u00f3n que podr\u00eda ayudarle a pagar sus facturas.\u00a0<\/span><\/p>\n<p><span style=\"font-weight: 400;\">Es una buena idea <\/span><b>consultar con un abogado <\/b><span style=\"font-weight: 400;\">Lo antes posible despu\u00e9s de su accidente. De lo contrario, llame cuando est\u00e9 considerando presentar su reclamo. Nuestra firma ofrece consultas gratuitas, as\u00ed que no pierde nada si llama para hablar sobre su caso.\u00a0<\/span><\/p>\n<h2><span style=\"font-weight: 400;\">\u00bfNecesita ayuda con un reclamo despu\u00e9s de un accidente?<\/span><\/h2>\n<p><span style=\"font-weight: 400;\">El plazo para presentar una reclamaci\u00f3n tras un accidente depende del plazo de prescripci\u00f3n de su estado. Normalmente, este periodo dura entre uno y tres a\u00f1os, aunque en ocasiones puede ser considerablemente mayor o menor. Tambi\u00e9n existen excepciones al plazo de prescripci\u00f3n en algunas situaciones.\u00a0<\/span><\/p>\n<p><span style=\"font-weight: 400;\">Si sufre lesiones en un accidente, lo m\u00e1s importante es recibir la atenci\u00f3n m\u00e9dica necesaria. Despu\u00e9s, es recomendable hablar con un abogado especializado en lesiones personales. Este podr\u00e1 explicarle el plazo para presentar una reclamaci\u00f3n y ayudarle a obtener la compensaci\u00f3n que necesita.\u00a0<\/span><\/p>\n<p><span style=\"font-weight: 400;\">En Premier Law Group, contamos con m\u00e1s de 55 a\u00f1os de experiencia combinada defendiendo los derechos de las v\u00edctimas lesionadas. Cont\u00e1ctenos hoy mismo para programar una consulta. <\/span><b>consulta gratis<\/b><span style=\"font-weight: 400;\">.<\/span><\/p>\n\n        <div class=\"rs-content-cta\">\n            <p>Llamar o enviar mensaje de texto <a href=\"tel:+12062851743\">(206) 285-1743<\/a> o complete un formulario de evaluaci\u00f3n de caso gratuito<\/p>\n            <a href=\"https:\/\/plg-pllc.com\/es\/contact-us\/\" title=\"OBTENGA UNA EVALUACI\u00d3N DE CASO GRATUITA\" class=\"btn-global\">OBTENGA UNA EVALUACI\u00d3N DE CASO GRATUITA<\/a>\n                    <picture>\n                            <source srcset=\"https:\/\/plg-pllc.com\/wp-content\/themes\/plg-pllc-redesign\/assets\/app\/img\/cta-thumb.webp\" type=\"image\/webp\"\/>\n                            <img src=\"https:\/\/plg-pllc.com\/wp-content\/themes\/plg-pllc-redesign\/assets\/app\/img\/cta-thumb.png\" alt=\"Grupo de abogados Premier\" title=\"Grupo de abogados Premier\" width=\"245\" height=\"220\" loading=\"auto\" fetchpriority=\"auto\" decoding=\"async\"\/>\n        <\/picture>\n        \n        <\/div>","protected":false},"excerpt":{"rendered":"<p>Normalmente, tiene un l\u00edmite de uno a tres a\u00f1os para presentar una reclamaci\u00f3n despu\u00e9s de un accidente, aunque el plazo puede variar. Esto se conoce como plazo de prescripci\u00f3n. Cada estado tiene sus propios plazos de prescripci\u00f3n integrados en su sistema legal. Se aplican regulaciones independientes a asuntos federales. A menudo hay excepciones a estos plazos...<\/p>","protected":false},"author":59,"featured_media":21265,"parent":20714,"menu_order":0,"comment_status":"closed","ping_status":"closed","template":"","meta":{"_acf_changed":false,"_genesis_hide_title":false,"_genesis_hide_breadcrumbs":false,"_genesis_hide_singular_image":false,"_genesis_hide_footer_widgets":false,"_genesis_custom_body_class":"","_genesis_custom_post_class":"","_genesis_layout":"","footnotes":""},"hc_faqs":[10354],"class_list":{"0":"post-21264","1":"page","2":"type-page","3":"status-publish","4":"has-post-thumbnail","6":"hc_faqs-personal-injury","7":"entry"},"acf":[],"yoast_head":"<!-- This site is optimized with the Yoast SEO plugin v27.2 - https:\/\/yoast.com\/product\/yoast-seo-wordpress\/ -->\n<title>How Long After an Accident Do You Have to File a Claim?<\/title>\n<meta name=\"description\" content=\"Find out how long after an accident you have to file a claim and learn more about insurance company deadlines and statutes of limitations.\" \/>\n<meta name=\"robots\" content=\"index, follow, max-snippet:-1, max-image-preview:large, max-video-preview:-1\" \/>\n<link rel=\"canonical\" href=\"https:\/\/plg-pllc.com\/es\/faqs\/how-long-after-an-accident-do-you-have-to-file-a-claim\/\" \/>\n<meta property=\"og:locale\" content=\"es_MX\" \/>\n<meta property=\"og:type\" content=\"article\" \/>\n<meta property=\"og:title\" content=\"How Long After an Accident Do You Have to File a Claim?\" \/>\n<meta property=\"og:description\" content=\"Find out how long after an accident you have to file a claim and learn more about insurance company deadlines and statutes of limitations.\" \/>\n<meta property=\"og:url\" content=\"https:\/\/plg-pllc.com\/es\/faqs\/how-long-after-an-accident-do-you-have-to-file-a-claim\/\" \/>\n<meta property=\"og:site_name\" content=\"Premier Law Group\" \/>\n<meta property=\"article:publisher\" content=\"https:\/\/www.facebook.com\/premierlawgroup\" \/>\n<meta property=\"article:modified_time\" content=\"2025-05-12T15:11:28+00:00\" \/>\n<meta property=\"og:image\" content=\"https:\/\/plg-pllc.com\/wp-content\/uploads\/2025\/05\/how-long-after-an-accident-do-you-have-to-file-a-claim.jpg\" \/>\n\t<meta property=\"og:image:width\" content=\"1000\" \/>\n\t<meta property=\"og:image:height\" content=\"658\" \/>\n\t<meta property=\"og:image:type\" content=\"image\/jpeg\" \/>\n<meta name=\"twitter:card\" content=\"summary_large_image\" \/>\n<meta name=\"twitter:site\" content=\"@premierlawgroup\" \/>\n<meta name=\"twitter:label1\" content=\"Tiempo de lectura\" \/>\n\t<meta name=\"twitter:data1\" content=\"5 minutos\" \/>\n<script type=\"application\/ld+json\" class=\"yoast-schema-graph\">{\"@context\":\"https:\/\/schema.org\",\"@graph\":[{\"@type\":\"WebPage\",\"@id\":\"https:\/\/plg-pllc.com\/faqs\/how-long-after-an-accident-do-you-have-to-file-a-claim\/\",\"url\":\"https:\/\/plg-pllc.com\/faqs\/how-long-after-an-accident-do-you-have-to-file-a-claim\/\",\"name\":\"How Long After an Accident Do You Have to File a Claim?\",\"isPartOf\":{\"@id\":\"https:\/\/plg-pllc.com\/#website\"},\"primaryImageOfPage\":{\"@id\":\"https:\/\/plg-pllc.com\/faqs\/how-long-after-an-accident-do-you-have-to-file-a-claim\/#primaryimage\"},\"image\":{\"@id\":\"https:\/\/plg-pllc.com\/faqs\/how-long-after-an-accident-do-you-have-to-file-a-claim\/#primaryimage\"},\"thumbnailUrl\":\"https:\/\/plg-pllc.com\/wp-content\/uploads\/2025\/05\/how-long-after-an-accident-do-you-have-to-file-a-claim.jpg\",\"datePublished\":\"2025-05-06T09:58:02+00:00\",\"dateModified\":\"2025-05-12T15:11:28+00:00\",\"description\":\"Find out how long after an accident you have to file a claim and learn more about insurance company deadlines and statutes of limitations.\",\"breadcrumb\":{\"@id\":\"https:\/\/plg-pllc.com\/faqs\/how-long-after-an-accident-do-you-have-to-file-a-claim\/#breadcrumb\"},\"inLanguage\":\"es\",\"potentialAction\":[{\"@type\":\"ReadAction\",\"target\":[\"https:\/\/plg-pllc.com\/faqs\/how-long-after-an-accident-do-you-have-to-file-a-claim\/\"]}]},{\"@type\":\"ImageObject\",\"inLanguage\":\"es\",\"@id\":\"https:\/\/plg-pllc.com\/faqs\/how-long-after-an-accident-do-you-have-to-file-a-claim\/#primaryimage\",\"url\":\"https:\/\/plg-pllc.com\/wp-content\/uploads\/2025\/05\/how-long-after-an-accident-do-you-have-to-file-a-claim.jpg\",\"contentUrl\":\"https:\/\/plg-pllc.com\/wp-content\/uploads\/2025\/05\/how-long-after-an-accident-do-you-have-to-file-a-claim.jpg\",\"width\":1000,\"height\":658,\"caption\":\"A woman sitting on a bed grimaces in pain and rubs her back while wondering how long after an accident she has to file a claim.\u00a0\"},{\"@type\":\"BreadcrumbList\",\"@id\":\"https:\/\/plg-pllc.com\/faqs\/how-long-after-an-accident-do-you-have-to-file-a-claim\/#breadcrumb\",\"itemListElement\":[{\"@type\":\"ListItem\",\"position\":1,\"name\":\"Home\",\"item\":\"https:\/\/plg-pllc.com\/es\/\"},{\"@type\":\"ListItem\",\"position\":2,\"name\":\"FAQs\",\"item\":\"https:\/\/plg-pllc.com\/es\/faqs\/\"},{\"@type\":\"ListItem\",\"position\":3,\"name\":\"How Long After an Accident Do You Have to File a Claim?\"}]},{\"@type\":\"WebSite\",\"@id\":\"https:\/\/plg-pllc.com\/#website\",\"url\":\"https:\/\/plg-pllc.com\/\",\"name\":\"Premier Law Group\",\"description\":\"Washington Wrongful Death and Serious Injury Lawyer\",\"publisher\":{\"@id\":\"https:\/\/plg-pllc.com\/#organization\"},\"inLanguage\":\"es\"},{\"@type\":\"Organization\",\"@id\":\"https:\/\/plg-pllc.com\/#organization\",\"name\":\"Premier Law Group\",\"url\":\"https:\/\/plg-pllc.com\/\",\"logo\":{\"@type\":\"ImageObject\",\"inLanguage\":\"es\",\"@id\":\"https:\/\/plg-pllc.com\/#\/schema\/logo\/image\/\",\"url\":\"https:\/\/plg-pllc.com\/wp-content\/uploads\/2020\/10\/plg-logo-v2.gif\",\"contentUrl\":\"https:\/\/plg-pllc.com\/wp-content\/uploads\/2020\/10\/plg-logo-v2.gif\",\"width\":592,\"height\":191,\"caption\":\"Premier Law Group\"},\"image\":{\"@id\":\"https:\/\/plg-pllc.com\/#\/schema\/logo\/image\/\"},\"sameAs\":[\"https:\/\/www.facebook.com\/premierlawgroup\",\"https:\/\/x.com\/premierlawgroup\"]}]}<\/script>\n<!-- \/ Yoast SEO plugin. -->","yoast_head_json":{"title":"\u00bfCu\u00e1nto tiempo despu\u00e9s de un accidente hay que presentar una reclamaci\u00f3n?","description":"Descubra cu\u00e1nto tiempo despu\u00e9s de un accidente debe presentar una reclamaci\u00f3n y obtenga m\u00e1s informaci\u00f3n sobre los plazos de las compa\u00f1\u00edas de seguros y los estatutos de limitaciones.","robots":{"index":"index","follow":"follow","max-snippet":"max-snippet:-1","max-image-preview":"max-image-preview:large","max-video-preview":"max-video-preview:-1"},"canonical":"https:\/\/plg-pllc.com\/es\/faqs\/how-long-after-an-accident-do-you-have-to-file-a-claim\/","og_locale":"es_MX","og_type":"article","og_title":"How Long After an Accident Do You Have to File a Claim?","og_description":"Find out how long after an accident you have to file a claim and learn more about insurance company deadlines and statutes of limitations.","og_url":"https:\/\/plg-pllc.com\/es\/faqs\/how-long-after-an-accident-do-you-have-to-file-a-claim\/","og_site_name":"Premier Law Group","article_publisher":"https:\/\/www.facebook.com\/premierlawgroup","article_modified_time":"2025-05-12T15:11:28+00:00","og_image":[{"width":1000,"height":658,"url":"https:\/\/plg-pllc.com\/wp-content\/uploads\/2025\/05\/how-long-after-an-accident-do-you-have-to-file-a-claim.jpg","type":"image\/jpeg"}],"twitter_card":"summary_large_image","twitter_site":"@premierlawgroup","twitter_misc":{"Tiempo de lectura":"5 minutos"},"schema":{"@context":"https:\/\/schema.org","@graph":[{"@type":"WebPage","@id":"https:\/\/plg-pllc.com\/faqs\/how-long-after-an-accident-do-you-have-to-file-a-claim\/","url":"https:\/\/plg-pllc.com\/faqs\/how-long-after-an-accident-do-you-have-to-file-a-claim\/","name":"\u00bfCu\u00e1nto tiempo despu\u00e9s de un accidente hay que presentar una reclamaci\u00f3n?","isPartOf":{"@id":"https:\/\/plg-pllc.com\/#website"},"primaryImageOfPage":{"@id":"https:\/\/plg-pllc.com\/faqs\/how-long-after-an-accident-do-you-have-to-file-a-claim\/#primaryimage"},"image":{"@id":"https:\/\/plg-pllc.com\/faqs\/how-long-after-an-accident-do-you-have-to-file-a-claim\/#primaryimage"},"thumbnailUrl":"https:\/\/plg-pllc.com\/wp-content\/uploads\/2025\/05\/how-long-after-an-accident-do-you-have-to-file-a-claim.jpg","datePublished":"2025-05-06T09:58:02+00:00","dateModified":"2025-05-12T15:11:28+00:00","description":"Descubra cu\u00e1nto tiempo despu\u00e9s de un accidente debe presentar una reclamaci\u00f3n y obtenga m\u00e1s informaci\u00f3n sobre los plazos de las compa\u00f1\u00edas de seguros y los estatutos de limitaciones.","breadcrumb":{"@id":"https:\/\/plg-pllc.com\/faqs\/how-long-after-an-accident-do-you-have-to-file-a-claim\/#breadcrumb"},"inLanguage":"es","potentialAction":[{"@type":"ReadAction","target":["https:\/\/plg-pllc.com\/faqs\/how-long-after-an-accident-do-you-have-to-file-a-claim\/"]}]},{"@type":"ImageObject","inLanguage":"es","@id":"https:\/\/plg-pllc.com\/faqs\/how-long-after-an-accident-do-you-have-to-file-a-claim\/#primaryimage","url":"https:\/\/plg-pllc.com\/wp-content\/uploads\/2025\/05\/how-long-after-an-accident-do-you-have-to-file-a-claim.jpg","contentUrl":"https:\/\/plg-pllc.com\/wp-content\/uploads\/2025\/05\/how-long-after-an-accident-do-you-have-to-file-a-claim.jpg","width":1000,"height":658,"caption":"A woman sitting on a bed grimaces in pain and rubs her back while wondering how long after an accident she has to file a claim.\u00a0"},{"@type":"BreadcrumbList","@id":"https:\/\/plg-pllc.com\/faqs\/how-long-after-an-accident-do-you-have-to-file-a-claim\/#breadcrumb","itemListElement":[{"@type":"ListItem","position":1,"name":"Home","item":"https:\/\/plg-pllc.com\/es\/"},{"@type":"ListItem","position":2,"name":"FAQs","item":"https:\/\/plg-pllc.com\/es\/faqs\/"},{"@type":"ListItem","position":3,"name":"How Long After an Accident Do You Have to File a Claim?"}]},{"@type":"WebSite","@id":"https:\/\/plg-pllc.com\/#website","url":"https:\/\/plg-pllc.com\/","name":"Grupo de abogados Premier","description":"Abogado de muerte por negligencia y lesiones graves en Washington","publisher":{"@id":"https:\/\/plg-pllc.com\/#organization"},"inLanguage":"es"},{"@type":"Organization","@id":"https:\/\/plg-pllc.com\/#organization","name":"Grupo de abogados Premier","url":"https:\/\/plg-pllc.com\/","logo":{"@type":"ImageObject","inLanguage":"es","@id":"https:\/\/plg-pllc.com\/#\/schema\/logo\/image\/","url":"https:\/\/plg-pllc.com\/wp-content\/uploads\/2020\/10\/plg-logo-v2.gif","contentUrl":"https:\/\/plg-pllc.com\/wp-content\/uploads\/2020\/10\/plg-logo-v2.gif","width":592,"height":191,"caption":"Premier Law Group"},"image":{"@id":"https:\/\/plg-pllc.com\/#\/schema\/logo\/image\/"},"sameAs":["https:\/\/www.facebook.com\/premierlawgroup","https:\/\/x.com\/premierlawgroup"]}]}},"_links":{"self":[{"href":"https:\/\/plg-pllc.com\/es\/wp-json\/wp\/v2\/pages\/21264","targetHints":{"allow":["GET"]}}],"collection":[{"href":"https:\/\/plg-pllc.com\/es\/wp-json\/wp\/v2\/pages"}],"about":[{"href":"https:\/\/plg-pllc.com\/es\/wp-json\/wp\/v2\/types\/page"}],"author":[{"embeddable":true,"href":"https:\/\/plg-pllc.com\/es\/wp-json\/wp\/v2\/users\/59"}],"replies":[{"embeddable":true,"href":"https:\/\/plg-pllc.com\/es\/wp-json\/wp\/v2\/comments?post=21264"}],"version-history":[{"count":0,"href":"https:\/\/plg-pllc.com\/es\/wp-json\/wp\/v2\/pages\/21264\/revisions"}],"up":[{"embeddable":true,"href":"https:\/\/plg-pllc.com\/es\/wp-json\/wp\/v2\/pages\/20714"}],"wp:featuredmedia":[{"embeddable":true,"href":"https:\/\/plg-pllc.com\/es\/wp-json\/wp\/v2\/media\/21265"}],"wp:attachment":[{"href":"https:\/\/plg-pllc.com\/es\/wp-json\/wp\/v2\/media?parent=21264"}],"wp:term":[{"taxonomy":"hc_faqs","embeddable":true,"href":"https:\/\/plg-pllc.com\/es\/wp-json\/wp\/v2\/hc_faqs?post=21264"}],"curies":[{"name":"gracias","href":"https:\/\/api.w.org\/{rel}","templated":true}]}}