{"id":21267,"date":"2025-05-06T03:06:06","date_gmt":"2025-05-06T10:06:06","guid":{"rendered":"https:\/\/plg-pllc.com\/?page_id=21267"},"modified":"2025-05-12T08:16:49","modified_gmt":"2025-05-12T15:16:49","slug":"faqs-can-you-claim-car-accident-without-police-report","status":"publish","type":"page","link":"https:\/\/plg-pllc.com\/es\/faqs\/can-you-claim-car-accident-without-police-report\/","title":{"rendered":"\u00bfPuede usted reclamar un accidente automovil\u00edstico sin un informe policial?"},"content":{"rendered":"<p><b>Puede<\/b><span style=\"font-weight: 400;\"> reclamar un accidente automovil\u00edstico sin un informe policial en el estado de Washington, pero puede ser <\/span><b>Es m\u00e1s dif\u00edcil probar lo que pas\u00f3<\/b><span style=\"font-weight: 400;\">Las compa\u00f1\u00edas de seguros a menudo se basan en los informes policiales para ayudar a decidir qui\u00e9n tiene la culpa.\u00a0<\/span><\/p>\n<p><span style=\"font-weight: 400;\">Sin uno, se vuelve a\u00fan m\u00e1s importante tener pruebas s\u00f3lidas y ayuda legal.<\/span><\/p>\n<p><span style=\"font-weight: 400;\">Nuestro <\/span><a href=\"https:\/\/plg-pllc.com\/bellevue\/car-accident-lawyer\/\"><span style=\"font-weight: 400;\">Abogados de accidentes de tr\u00e1fico en Bellevue<\/span><\/a><span style=\"font-weight: 400;\"> Sabemos lo complicadas que pueden ser estas situaciones. Protegeremos sus derechos y trabajaremos para que obtenga la indemnizaci\u00f3n que merece, incluso si no hay denuncia policial.\u00a0<\/span><\/p>\n<p><span style=\"font-weight: 400;\">Los accidentes automovil\u00edsticos pueden involucrar muchos problemas complejos y estamos aqu\u00ed para ayudarlo en cada paso del camino.<\/span><\/p>\n<h2><span style=\"font-weight: 400;\">Por qu\u00e9 un informe policial sobre un accidente automovil\u00edstico es \u00fatil pero no siempre es obligatorio<\/span><\/h2>\n<p><span style=\"font-weight: 400;\">Un informe policial constituye un registro oficial del accidente. Suele incluir:<\/span><\/p>\n<ul>\n<li style=\"font-weight: 400;\" aria-level=\"1\"><span style=\"font-weight: 400;\">Los nombres y declaraciones de las personas implicadas en el accidente.<\/span><\/li>\n<li style=\"font-weight: 400;\" aria-level=\"1\"><span style=\"font-weight: 400;\">Informaci\u00f3n de personas que vieron el accidente (testigos)<\/span><\/li>\n<li style=\"font-weight: 400;\" aria-level=\"1\"><span style=\"font-weight: 400;\">Observaciones y opiniones de los oficiales sobre qui\u00e9n caus\u00f3 el accidente.<\/span><\/li>\n<li style=\"font-weight: 400;\" aria-level=\"1\"><span style=\"font-weight: 400;\">Diagramas o im\u00e1genes de la escena del accidente.<\/span><\/li>\n<\/ul>\n<p><span style=\"font-weight: 400;\">Si bien un informe policial puede ser muy \u00fatil, es <\/span><b>no siempre es necesario<\/b><span style=\"font-weight: 400;\"> Para presentar una reclamaci\u00f3n al seguro o una demanda. En Washington, a\u00fan puede reportar el accidente usted mismo y usar otras pruebas para respaldar su reclamaci\u00f3n.<\/span><\/p>\n<h2><span style=\"font-weight: 400;\">Cu\u00e1ndo debe presentar su propio informe despu\u00e9s de un accidente de tr\u00e1fico<\/span><\/h2>\n<p><span style=\"font-weight: 400;\">En el estado de Washington, si no hay un informe policial, debe completar usted mismo un Informe de colisi\u00f3n de veh\u00edculo motorizado si:<\/span><\/p>\n<ul>\n<li style=\"font-weight: 400;\" aria-level=\"1\"><span style=\"font-weight: 400;\">\u00bfAlguien result\u00f3 herido o muri\u00f3 en el accidente?<\/span><\/li>\n<li style=\"font-weight: 400;\" aria-level=\"1\"><span style=\"font-weight: 400;\">Los da\u00f1os materiales ascendieron a $1.000 o m\u00e1s<\/span><\/li>\n<\/ul>\n<p><span style=\"font-weight: 400;\">Debe presentar este informe dentro de <\/span><b>cuatro d\u00edas<\/b><span style=\"font-weight: 400;\"> del accidente. Puede presentarlo en l\u00ednea a trav\u00e9s de <\/span><a href=\"https:\/\/wsp.wa.gov\/\" target=\"_blank\" rel=\"noopener\"><span style=\"font-weight: 400;\">Patrulla del Estado de Washington<\/span><\/a><span style=\"font-weight: 400;\"> sitio web o enviarlo por correo.<\/span><\/p>\n<p><span style=\"font-weight: 400;\">Presentar este informe es importante porque:<\/span><\/p>\n<ul>\n<li style=\"font-weight: 400;\" aria-level=\"1\"><span style=\"font-weight: 400;\">Crea un registro oficial<\/span><\/li>\n<li style=\"font-weight: 400;\" aria-level=\"1\"><span style=\"font-weight: 400;\">Ayuda a proteger su derecho a reclamar da\u00f1os y perjuicios.<\/span><\/li>\n<li style=\"font-weight: 400;\" aria-level=\"1\"><span style=\"font-weight: 400;\">Muestra a la compa\u00f1\u00eda de seguros que usted actu\u00f3 responsablemente<\/span><\/li>\n<\/ul>\n<h2><span style=\"font-weight: 400;\">\u00bfQu\u00e9 evidencia debe reunir sin un informe policial?<\/span><\/h2>\n<p><span style=\"font-weight: 400;\">Si no tiene un informe policial, reunir pruebas s\u00f3lidas es a\u00fan m\u00e1s importante. Esto es lo que debe recopilar:<\/span><\/p>\n<ul>\n<li style=\"font-weight: 400;\" aria-level=\"1\"><span style=\"font-weight: 400;\">Fotograf\u00edas de los veh\u00edculos, la carretera y cualquier lesi\u00f3n.<\/span><\/li>\n<li style=\"font-weight: 400;\" aria-level=\"1\"><span style=\"font-weight: 400;\">Informaci\u00f3n de contacto de cualquier testigo<\/span><\/li>\n<li style=\"font-weight: 400;\" aria-level=\"1\"><span style=\"font-weight: 400;\">Notas escritas sobre lo que sucedi\u00f3 mientras a\u00fan est\u00e1 fresco en tu mente.<\/span><\/li>\n<li style=\"font-weight: 400;\" aria-level=\"1\"><span style=\"font-weight: 400;\">Informaci\u00f3n de seguros y registro de todos los conductores involucrados<\/span><\/li>\n<li style=\"font-weight: 400;\" aria-level=\"1\"><span style=\"font-weight: 400;\">Registros m\u00e9dicos que muestren sus lesiones<\/span><\/li>\n<\/ul>\n<p><span style=\"font-weight: 400;\">Mientras m\u00e1s pruebas tenga, m\u00e1s s\u00f3lida ser\u00e1 su afirmaci\u00f3n.<\/span><\/p>\n\n        <div class=\"rs-content-cta long\">\n            <p>Para una consulta legal GRATUITA, llame al <a href=\"tel:+12062851743\">(206) 285-1743 <\/a><\/p>\n            <a href=\"https:\/\/plg-pllc.com\/es\/contact-us\/\" title=\"OBTENGA UNA EVALUACI\u00d3N DE CASO GRATUITA\" class=\"btn-global\">OBTENGA UNA EVALUACI\u00d3N DE CASO GRATUITA<\/a>\n                    <picture>\n                            <source srcset=\"https:\/\/plg-pllc.com\/wp-content\/themes\/plg-pllc-redesign\/assets\/app\/img\/cta-thumb.webp\" type=\"image\/webp\"\/>\n                            <img src=\"https:\/\/plg-pllc.com\/wp-content\/themes\/plg-pllc-redesign\/assets\/app\/img\/cta-thumb.png\" alt=\"Grupo de abogados Premier\" title=\"Grupo de abogados Premier\" width=\"245\" height=\"220\" loading=\"auto\" fetchpriority=\"auto\" decoding=\"async\"\/>\n        <\/picture>\n        \n        <\/div><h2><span style=\"font-weight: 400;\">Desaf\u00edos que puede enfrentar si no tiene un informe de las autoridades<\/span><\/h2>\n<p><span style=\"font-weight: 400;\">Sin un informe policial, podr\u00eda enfrentar problemas como:<\/span><\/p>\n<ul>\n<li style=\"font-weight: 400;\" aria-level=\"1\"><span style=\"font-weight: 400;\">El otro conductor niega la culpa del accidente.<\/span><\/li>\n<li style=\"font-weight: 400;\" aria-level=\"1\"><span style=\"font-weight: 400;\">Las compa\u00f1\u00edas de seguros argumentan que sus lesiones o da\u00f1os fueron menores<\/span><\/li>\n<li style=\"font-weight: 400;\" aria-level=\"1\"><span style=\"font-weight: 400;\">Retrasos en el proceso de reclamaciones<\/span><\/li>\n<\/ul>\n<p><span style=\"font-weight: 400;\">Contar con un abogado de su lado puede marcar una gran diferencia. Sabemos c\u00f3mo recopilar pruebas s\u00f3lidas, trabajar con expertos en reconstrucci\u00f3n de accidentes si es necesario y construir un caso que cuente su historia completa.<\/span><\/p>\n<h2><span style=\"font-weight: 400;\">C\u00f3mo podemos ayudarle despu\u00e9s de un accidente sin informe policial<\/span><\/h2>\n<p><span style=\"font-weight: 400;\">Cuando no hay denuncia policial, obtener ayuda de profesionales legales con experiencia se vuelve a\u00fan m\u00e1s importante. Nuestro equipo de <\/span><a href=\"https:\/\/plg-pllc.com\/\"><span style=\"font-weight: 400;\">Abogados de lesiones personales en Bellevue<\/span><\/a><span style=\"font-weight: 400;\"> voluntad:<\/span><\/p>\n<ul>\n<li style=\"font-weight: 400;\" aria-level=\"1\"><span style=\"font-weight: 400;\">Investigar el accidente y reunir pruebas.<\/span><\/li>\n<li style=\"font-weight: 400;\" aria-level=\"1\"><span style=\"font-weight: 400;\">Hable con personas que vieron el accidente y recopile declaraciones de testigos.<\/span><\/li>\n<li style=\"font-weight: 400;\" aria-level=\"1\"><span style=\"font-weight: 400;\">Trabajar con expertos para reconstruir lo sucedido<\/span><\/li>\n<li style=\"font-weight: 400;\" aria-level=\"1\"><span style=\"font-weight: 400;\">Manejar todas las comunicaciones con las compa\u00f1\u00edas de seguros para proteger su caso.<\/span><\/li>\n<li style=\"font-weight: 400;\" aria-level=\"1\"><span style=\"font-weight: 400;\">Lucha por da\u00f1os completos por tus lesiones, da\u00f1os al veh\u00edculo, salarios perdidos y dolor y sufrimiento.<\/span><\/li>\n<\/ul>\n<p><span style=\"font-weight: 400;\">Mantendremos su caso encaminado y nos aseguraremos de que no se pase nada por alto y que las compa\u00f1\u00edas de seguros no se aprovechen de usted tratando de restarle importancia a su caso.<\/span><\/p>\n<h2><span style=\"font-weight: 400;\">\u00bfQu\u00e9 pasa si el accidente involucr\u00f3 un choque y fuga, un conductor sin seguro o un veh\u00edculo de viaje compartido?<\/span><\/h2>\n<p><span style=\"font-weight: 400;\">A veces, los accidentes de tr\u00e1fico implican situaciones especiales. As\u00ed es como ayudamos en ellas:<\/span><\/p>\n<ul>\n<li style=\"font-weight: 400;\" aria-level=\"1\"><b>Accidentes de atropello y fuga<\/b><span style=\"font-weight: 400;\">Podemos ayudarle a presentar un reclamo bajo su cobertura de automovilista no asegurado y trabajar para encontrar al conductor, si es posible.<\/span><\/li>\n<li style=\"font-weight: 400;\" aria-level=\"1\"><b>Conductores sin seguro o con seguro insuficiente<\/b><span style=\"font-weight: 400;\">Nuestro equipo revisar\u00e1 sus p\u00f3lizas de seguro y encontrar\u00e1 todas las formas posibles de recuperar los da\u00f1os.<\/span><\/li>\n<li style=\"font-weight: 400;\" aria-level=\"1\"><b>Accidentes de viajes compartidos <\/b>(<b>como Uber o Lyft<\/b>)<span style=\"font-weight: 400;\">Sabemos c\u00f3mo manejar reglas de seguros complejas que involucran a conductores, compa\u00f1\u00edas de viajes compartidos y terceros.<\/span><\/li>\n<li style=\"font-weight: 400;\" aria-level=\"1\"><b>veh\u00edculos comerciales<\/b><span style=\"font-weight: 400;\">:Si fue golpeado por un veh\u00edculo de la empresa, se aplican diferentes reglas de seguro y tambi\u00e9n sabemos c\u00f3mo manejar esos casos.<\/span><\/li>\n<\/ul>\n<p><span style=\"font-weight: 400;\">Cada situaci\u00f3n es \u00fanica, pero nuestros abogados est\u00e1n listos para intervenir y ayudarlo.<\/span><\/p>\n<h2><span style=\"font-weight: 400;\">Qu\u00e9 hacer despu\u00e9s de un accidente si no se presenta un informe policial<\/span><\/h2>\n<p><span style=\"font-weight: 400;\">Aqu\u00ed hay una lista simple de lo que debe hacer si no existe un informe policial archivado despu\u00e9s de su accidente:<\/span><\/p>\n<ul>\n<li style=\"font-weight: 400;\" aria-level=\"1\"><b>Obtenga atenci\u00f3n m\u00e9dica<\/b><span style=\"font-weight: 400;\"> Inmediatamente. Incluso las lesiones peque\u00f1as pueden empeorar m\u00e1s adelante.<\/span><\/li>\n<li style=\"font-weight: 400;\" aria-level=\"1\"><b>Recopilar evidencia<\/b><span style=\"font-weight: 400;\"> en la escena.<\/span><\/li>\n<li style=\"font-weight: 400;\" aria-level=\"1\"><b>Intercambio de informaci\u00f3n<\/b><span style=\"font-weight: 400;\"> con otros conductores.<\/span><\/li>\n<li style=\"font-weight: 400;\" aria-level=\"1\"><b>Presentar un informe de colisi\u00f3n de veh\u00edculo motorizado<\/b><span style=\"font-weight: 400;\"> Si es necesario.<\/span><\/li>\n<li style=\"font-weight: 400;\" aria-level=\"1\"><b>Contacte con un abogado<\/b><span style=\"font-weight: 400;\"> de nuestra firma lo antes posible para recibir asesoramiento.<\/span><\/li>\n<\/ul>\n<p><span style=\"font-weight: 400;\">Tomar medidas r\u00e1pidas puede proteger su salud y sus derechos legales.<\/span><\/p>\n<h2><span style=\"font-weight: 400;\">Podemos ayudarle a reclamar un accidente automovil\u00edstico sin un informe policial<\/span><\/h2>\n<p><span style=\"font-weight: 400;\">Si se pregunta c\u00f3mo reclamar un accidente de auto sin denuncia policial, no se preocupe. No tiene que hacerlo solo. Nuestro equipo de Premier Law Group est\u00e1 listo para ayudarle.<\/span><\/p>\n<p><span style=\"font-weight: 400;\">Con m\u00e1s de 50 a\u00f1os de experiencia legal combinada y m\u00e1s de 100 millones de d\u00f3lares recuperados para nuestros clientes, sabemos c\u00f3mo construir casos s\u00f3lidos. Hemos atendido a miles de clientes lesionados y nos enorgullece ofrecer... <\/span><b>revisi\u00f3n de caso gratuita con un abogado <\/b><span style=\"font-weight: 400;\">por problemas de lesiones.<\/span><\/p>\n<p><span style=\"font-weight: 400;\">Nos encargaremos de todos los detalles legales y hablaremos con las compa\u00f1\u00edas de seguros por usted. Ll\u00e1menos hoy para revisar su caso. Estamos listos para comenzar su camino hacia la recuperaci\u00f3n y luchar por cada d\u00f3lar que merece.<\/span><\/p>\n\n        <div class=\"rs-content-cta\">\n            <p>Llamar o enviar mensaje de texto <a href=\"tel:+12062851743\">(206) 285-1743<\/a> o complete un formulario de evaluaci\u00f3n de caso gratuito<\/p>\n            <a href=\"https:\/\/plg-pllc.com\/es\/contact-us\/\" title=\"OBTENGA UNA EVALUACI\u00d3N DE CASO GRATUITA\" class=\"btn-global\">OBTENGA UNA EVALUACI\u00d3N DE CASO GRATUITA<\/a>\n                    <picture>\n                            <source srcset=\"https:\/\/plg-pllc.com\/wp-content\/themes\/plg-pllc-redesign\/assets\/app\/img\/cta-thumb.webp\" type=\"image\/webp\"\/>\n                            <img src=\"https:\/\/plg-pllc.com\/wp-content\/themes\/plg-pllc-redesign\/assets\/app\/img\/cta-thumb.png\" alt=\"Grupo de abogados Premier\" title=\"Grupo de abogados Premier\" width=\"245\" height=\"220\" loading=\"auto\" fetchpriority=\"auto\" decoding=\"async\"\/>\n        <\/picture>\n        \n        <\/div>","protected":false},"excerpt":{"rendered":"<p>En el estado de Washington, puede reclamar un accidente de auto sin un informe policial, pero puede ser m\u00e1s dif\u00edcil demostrar lo sucedido. Las compa\u00f1\u00edas de seguros suelen basarse en los informes policiales para determinar qui\u00e9n tiene la culpa. Sin uno, es a\u00fan m\u00e1s importante contar con pruebas s\u00f3lidas y asistencia legal. Nuestro accidente de auto en Bellevue\u2026<\/p>","protected":false},"author":59,"featured_media":21268,"parent":20714,"menu_order":0,"comment_status":"closed","ping_status":"closed","template":"","meta":{"_acf_changed":false,"_genesis_hide_title":false,"_genesis_hide_breadcrumbs":false,"_genesis_hide_singular_image":false,"_genesis_hide_footer_widgets":false,"_genesis_custom_body_class":"","_genesis_custom_post_class":"","_genesis_layout":"","footnotes":""},"hc_faqs":[10344],"class_list":{"0":"post-21267","1":"page","2":"type-page","3":"status-publish","4":"has-post-thumbnail","6":"hc_faqs-car-accident","7":"entry"},"acf":[],"yoast_head":"<!-- This site is optimized with the Yoast SEO plugin v27.4 - https:\/\/yoast.com\/product\/yoast-seo-wordpress\/ -->\n<title>Should You File a Car Crash Claim Without a Police Report?<\/title>\n<meta name=\"description\" content=\"Wondering if you can file a car accident claim without a police report? Learn what to do and how our car accident lawyer can help you.\" \/>\n<meta name=\"robots\" content=\"index, follow, max-snippet:-1, max-image-preview:large, max-video-preview:-1\" \/>\n<link rel=\"canonical\" href=\"https:\/\/plg-pllc.com\/es\/faqs\/can-you-claim-car-accident-without-police-report\/\" \/>\n<meta property=\"og:locale\" content=\"es_MX\" \/>\n<meta property=\"og:type\" content=\"article\" \/>\n<meta property=\"og:title\" content=\"Should You File a Car Crash Claim Without a Police Report?\" \/>\n<meta property=\"og:description\" content=\"Wondering if you can file a car accident claim without a police report? Learn what to do and how our car accident lawyer can help you.\" \/>\n<meta property=\"og:url\" content=\"https:\/\/plg-pllc.com\/es\/faqs\/can-you-claim-car-accident-without-police-report\/\" \/>\n<meta property=\"og:site_name\" content=\"Premier Law Group\" \/>\n<meta property=\"article:publisher\" content=\"https:\/\/www.facebook.com\/premierlawgroup\" \/>\n<meta property=\"article:modified_time\" content=\"2025-05-12T15:16:49+00:00\" \/>\n<meta property=\"og:image\" content=\"https:\/\/plg-pllc.com\/wp-content\/uploads\/2025\/05\/can-you-claim-a-car-accident-without-a-police-report.jpg\" \/>\n\t<meta property=\"og:image:width\" content=\"1000\" \/>\n\t<meta property=\"og:image:height\" content=\"667\" \/>\n\t<meta property=\"og:image:type\" content=\"image\/jpeg\" \/>\n<meta name=\"twitter:card\" content=\"summary_large_image\" \/>\n<meta name=\"twitter:site\" content=\"@premierlawgroup\" \/>\n<meta name=\"twitter:label1\" content=\"Tiempo de lectura\" \/>\n\t<meta name=\"twitter:data1\" content=\"5 minutos\" \/>\n<script type=\"application\/ld+json\" class=\"yoast-schema-graph\">{\"@context\":\"https:\\\/\\\/schema.org\",\"@graph\":[{\"@type\":\"WebPage\",\"@id\":\"https:\\\/\\\/plg-pllc.com\\\/faqs\\\/can-you-claim-car-accident-without-police-report\\\/\",\"url\":\"https:\\\/\\\/plg-pllc.com\\\/faqs\\\/can-you-claim-car-accident-without-police-report\\\/\",\"name\":\"Should You File a Car Crash Claim Without a Police Report?\",\"isPartOf\":{\"@id\":\"https:\\\/\\\/plg-pllc.com\\\/#website\"},\"primaryImageOfPage\":{\"@id\":\"https:\\\/\\\/plg-pllc.com\\\/faqs\\\/can-you-claim-car-accident-without-police-report\\\/#primaryimage\"},\"image\":{\"@id\":\"https:\\\/\\\/plg-pllc.com\\\/faqs\\\/can-you-claim-car-accident-without-police-report\\\/#primaryimage\"},\"thumbnailUrl\":\"https:\\\/\\\/plg-pllc.com\\\/wp-content\\\/uploads\\\/2025\\\/05\\\/can-you-claim-a-car-accident-without-a-police-report.jpg\",\"datePublished\":\"2025-05-06T10:06:06+00:00\",\"dateModified\":\"2025-05-12T15:16:49+00:00\",\"description\":\"Wondering if you can file a car accident claim without a police report? Learn what to do and how our car accident lawyer can help you.\",\"breadcrumb\":{\"@id\":\"https:\\\/\\\/plg-pllc.com\\\/faqs\\\/can-you-claim-car-accident-without-police-report\\\/#breadcrumb\"},\"inLanguage\":\"es\",\"potentialAction\":[{\"@type\":\"ReadAction\",\"target\":[\"https:\\\/\\\/plg-pllc.com\\\/faqs\\\/can-you-claim-car-accident-without-police-report\\\/\"]}]},{\"@type\":\"ImageObject\",\"inLanguage\":\"es\",\"@id\":\"https:\\\/\\\/plg-pllc.com\\\/faqs\\\/can-you-claim-car-accident-without-police-report\\\/#primaryimage\",\"url\":\"https:\\\/\\\/plg-pllc.com\\\/wp-content\\\/uploads\\\/2025\\\/05\\\/can-you-claim-a-car-accident-without-a-police-report.jpg\",\"contentUrl\":\"https:\\\/\\\/plg-pllc.com\\\/wp-content\\\/uploads\\\/2025\\\/05\\\/can-you-claim-a-car-accident-without-a-police-report.jpg\",\"width\":1000,\"height\":667,\"caption\":\"A police officer uses a radio to call in details about a car wreck at the accident scene while a driver wonders if you can claim a car accident without a police report.\"},{\"@type\":\"BreadcrumbList\",\"@id\":\"https:\\\/\\\/plg-pllc.com\\\/faqs\\\/can-you-claim-car-accident-without-police-report\\\/#breadcrumb\",\"itemListElement\":[{\"@type\":\"ListItem\",\"position\":1,\"name\":\"Home\",\"item\":\"https:\\\/\\\/plg-pllc.com\\\/es\\\/\"},{\"@type\":\"ListItem\",\"position\":2,\"name\":\"FAQs\",\"item\":\"https:\\\/\\\/plg-pllc.com\\\/es\\\/faqs\\\/\"},{\"@type\":\"ListItem\",\"position\":3,\"name\":\"Can You Claim a Car Accident Without a Police Report?\"}]},{\"@type\":\"WebSite\",\"@id\":\"https:\\\/\\\/plg-pllc.com\\\/#website\",\"url\":\"https:\\\/\\\/plg-pllc.com\\\/\",\"name\":\"Premier Law Group\",\"description\":\"Washington Wrongful Death and Serious Injury Lawyer\",\"publisher\":{\"@id\":\"https:\\\/\\\/plg-pllc.com\\\/#organization\"},\"inLanguage\":\"es\"},{\"@type\":\"Organization\",\"@id\":\"https:\\\/\\\/plg-pllc.com\\\/#organization\",\"name\":\"Premier Law Group\",\"url\":\"https:\\\/\\\/plg-pllc.com\\\/\",\"logo\":{\"@type\":\"ImageObject\",\"inLanguage\":\"es\",\"@id\":\"https:\\\/\\\/plg-pllc.com\\\/#\\\/schema\\\/logo\\\/image\\\/\",\"url\":\"https:\\\/\\\/plg-pllc.com\\\/wp-content\\\/uploads\\\/2020\\\/10\\\/plg-logo-v2.gif\",\"contentUrl\":\"https:\\\/\\\/plg-pllc.com\\\/wp-content\\\/uploads\\\/2020\\\/10\\\/plg-logo-v2.gif\",\"width\":592,\"height\":191,\"caption\":\"Premier Law Group\"},\"image\":{\"@id\":\"https:\\\/\\\/plg-pllc.com\\\/#\\\/schema\\\/logo\\\/image\\\/\"},\"sameAs\":[\"https:\\\/\\\/www.facebook.com\\\/premierlawgroup\",\"https:\\\/\\\/x.com\\\/premierlawgroup\"]}]}<\/script>\n<!-- \/ Yoast SEO plugin. -->","yoast_head_json":{"title":"\u00bfDebo presentar una reclamaci\u00f3n por accidente automovil\u00edstico sin un informe policial?","description":"\u00bfSe pregunta si puede presentar una reclamaci\u00f3n por accidente de tr\u00e1fico sin denuncia policial? Aprenda qu\u00e9 hacer y c\u00f3mo nuestro abogado especializado en accidentes de tr\u00e1fico puede ayudarle.","robots":{"index":"index","follow":"follow","max-snippet":"max-snippet:-1","max-image-preview":"max-image-preview:large","max-video-preview":"max-video-preview:-1"},"canonical":"https:\/\/plg-pllc.com\/es\/faqs\/can-you-claim-car-accident-without-police-report\/","og_locale":"es_MX","og_type":"article","og_title":"Should You File a Car Crash Claim Without a Police Report?","og_description":"Wondering if you can file a car accident claim without a police report? Learn what to do and how our car accident lawyer can help you.","og_url":"https:\/\/plg-pllc.com\/es\/faqs\/can-you-claim-car-accident-without-police-report\/","og_site_name":"Premier Law Group","article_publisher":"https:\/\/www.facebook.com\/premierlawgroup","article_modified_time":"2025-05-12T15:16:49+00:00","og_image":[{"width":1000,"height":667,"url":"https:\/\/plg-pllc.com\/wp-content\/uploads\/2025\/05\/can-you-claim-a-car-accident-without-a-police-report.jpg","type":"image\/jpeg"}],"twitter_card":"summary_large_image","twitter_site":"@premierlawgroup","twitter_misc":{"Tiempo de lectura":"5 minutos"},"schema":{"@context":"https:\/\/schema.org","@graph":[{"@type":"WebPage","@id":"https:\/\/plg-pllc.com\/faqs\/can-you-claim-car-accident-without-police-report\/","url":"https:\/\/plg-pllc.com\/faqs\/can-you-claim-car-accident-without-police-report\/","name":"\u00bfDebo presentar una reclamaci\u00f3n por accidente automovil\u00edstico sin un informe policial?","isPartOf":{"@id":"https:\/\/plg-pllc.com\/#website"},"primaryImageOfPage":{"@id":"https:\/\/plg-pllc.com\/faqs\/can-you-claim-car-accident-without-police-report\/#primaryimage"},"image":{"@id":"https:\/\/plg-pllc.com\/faqs\/can-you-claim-car-accident-without-police-report\/#primaryimage"},"thumbnailUrl":"https:\/\/plg-pllc.com\/wp-content\/uploads\/2025\/05\/can-you-claim-a-car-accident-without-a-police-report.jpg","datePublished":"2025-05-06T10:06:06+00:00","dateModified":"2025-05-12T15:16:49+00:00","description":"\u00bfSe pregunta si puede presentar una reclamaci\u00f3n por accidente de tr\u00e1fico sin denuncia policial? Aprenda qu\u00e9 hacer y c\u00f3mo nuestro abogado especializado en accidentes de tr\u00e1fico puede ayudarle.","breadcrumb":{"@id":"https:\/\/plg-pllc.com\/faqs\/can-you-claim-car-accident-without-police-report\/#breadcrumb"},"inLanguage":"es","potentialAction":[{"@type":"ReadAction","target":["https:\/\/plg-pllc.com\/faqs\/can-you-claim-car-accident-without-police-report\/"]}]},{"@type":"ImageObject","inLanguage":"es","@id":"https:\/\/plg-pllc.com\/faqs\/can-you-claim-car-accident-without-police-report\/#primaryimage","url":"https:\/\/plg-pllc.com\/wp-content\/uploads\/2025\/05\/can-you-claim-a-car-accident-without-a-police-report.jpg","contentUrl":"https:\/\/plg-pllc.com\/wp-content\/uploads\/2025\/05\/can-you-claim-a-car-accident-without-a-police-report.jpg","width":1000,"height":667,"caption":"A police officer uses a radio to call in details about a car wreck at the accident scene while a driver wonders if you can claim a car accident without a police report."},{"@type":"BreadcrumbList","@id":"https:\/\/plg-pllc.com\/faqs\/can-you-claim-car-accident-without-police-report\/#breadcrumb","itemListElement":[{"@type":"ListItem","position":1,"name":"Home","item":"https:\/\/plg-pllc.com\/es\/"},{"@type":"ListItem","position":2,"name":"FAQs","item":"https:\/\/plg-pllc.com\/es\/faqs\/"},{"@type":"ListItem","position":3,"name":"Can You Claim a Car Accident Without a Police Report?"}]},{"@type":"WebSite","@id":"https:\/\/plg-pllc.com\/#website","url":"https:\/\/plg-pllc.com\/","name":"Grupo de abogados Premier","description":"Abogado de muerte por negligencia y lesiones graves en Washington","publisher":{"@id":"https:\/\/plg-pllc.com\/#organization"},"inLanguage":"es"},{"@type":"Organization","@id":"https:\/\/plg-pllc.com\/#organization","name":"Grupo de abogados Premier","url":"https:\/\/plg-pllc.com\/","logo":{"@type":"ImageObject","inLanguage":"es","@id":"https:\/\/plg-pllc.com\/#\/schema\/logo\/image\/","url":"https:\/\/plg-pllc.com\/wp-content\/uploads\/2020\/10\/plg-logo-v2.gif","contentUrl":"https:\/\/plg-pllc.com\/wp-content\/uploads\/2020\/10\/plg-logo-v2.gif","width":592,"height":191,"caption":"Premier Law Group"},"image":{"@id":"https:\/\/plg-pllc.com\/#\/schema\/logo\/image\/"},"sameAs":["https:\/\/www.facebook.com\/premierlawgroup","https:\/\/x.com\/premierlawgroup"]}]}},"_links":{"self":[{"href":"https:\/\/plg-pllc.com\/es\/wp-json\/wp\/v2\/pages\/21267","targetHints":{"allow":["GET"]}}],"collection":[{"href":"https:\/\/plg-pllc.com\/es\/wp-json\/wp\/v2\/pages"}],"about":[{"href":"https:\/\/plg-pllc.com\/es\/wp-json\/wp\/v2\/types\/page"}],"author":[{"embeddable":true,"href":"https:\/\/plg-pllc.com\/es\/wp-json\/wp\/v2\/users\/59"}],"replies":[{"embeddable":true,"href":"https:\/\/plg-pllc.com\/es\/wp-json\/wp\/v2\/comments?post=21267"}],"version-history":[{"count":0,"href":"https:\/\/plg-pllc.com\/es\/wp-json\/wp\/v2\/pages\/21267\/revisions"}],"up":[{"embeddable":true,"href":"https:\/\/plg-pllc.com\/es\/wp-json\/wp\/v2\/pages\/20714"}],"wp:featuredmedia":[{"embeddable":true,"href":"https:\/\/plg-pllc.com\/es\/wp-json\/wp\/v2\/media\/21268"}],"wp:attachment":[{"href":"https:\/\/plg-pllc.com\/es\/wp-json\/wp\/v2\/media?parent=21267"}],"wp:term":[{"taxonomy":"hc_faqs","embeddable":true,"href":"https:\/\/plg-pllc.com\/es\/wp-json\/wp\/v2\/hc_faqs?post=21267"}],"curies":[{"name":"gracias","href":"https:\/\/api.w.org\/{rel}","templated":true}]}}