{"id":21269,"date":"2025-05-06T03:11:58","date_gmt":"2025-05-06T10:11:58","guid":{"rendered":"https:\/\/plg-pllc.com\/?page_id=21269"},"modified":"2025-05-12T08:19:31","modified_gmt":"2025-05-12T15:19:31","slug":"faqs-how-long-does-a-car-accident-stay-on-your-record","status":"publish","type":"page","link":"https:\/\/plg-pllc.com\/es\/faqs\/how-long-does-a-car-accident-stay-on-your-record\/","title":{"rendered":"\u00bfCu\u00e1nto tiempo permanece un accidente automovil\u00edstico en su registro en WA?"},"content":{"rendered":"<p><span style=\"font-weight: 400;\">Un accidente automovil\u00edstico puede permanecer en su registro de conducir en el estado de Washington por <\/span><b>varios a\u00f1os<\/b><span style=\"font-weight: 400;\">Dependiendo del tipo de accidente y de las multas o infracciones relacionadas, es importante saber cu\u00e1nto tiempo permanece un accidente de auto en su historial en WA, ya que puede afectar sus tarifas de seguro e incluso su capacidad para conducir.<\/span><\/p>\n<p><span style=\"font-weight: 400;\">Si le preocupa que aparezca un accidente en su registro, nuestro equipo de <\/span><a href=\"https:\/\/plg-pllc.com\/bellevue\/car-accident-lawyer\/\"><span style=\"font-weight: 400;\">Abogados de accidentes de tr\u00e1fico en Bellevue<\/span><\/a><span style=\"font-weight: 400;\"> Le explicar\u00e1 sus opciones de recuperaci\u00f3n. Los accidentes automovil\u00edsticos pueden ser complicados, especialmente cuando involucran a compa\u00f1\u00edas de seguros o lesiones graves.\u00a0<\/span><\/p>\n<p><span style=\"font-weight: 400;\">Sabemos c\u00f3mo abordar estas complejidades, defender sus derechos y ayudarle a avanzar. Puede revisar sus opciones legales hoy mismo durante una consulta gratuita de su caso.<\/span><\/p>\n<h2><span style=\"font-weight: 400;\">\u00bfCu\u00e1nto tiempo permanece un accidente automovil\u00edstico en su historial de manejo en el estado de Washington?<\/span><\/h2>\n<p><span style=\"font-weight: 400;\">En Washington, un accidente automovil\u00edstico puede permanecer en su registro de conducir oficial por <\/span><b>cinco a\u00f1os<\/b><span style=\"font-weight: 400;\"> Si se trata de un informe de colisi\u00f3n. Si el accidente ocasion\u00f3 una multa de tr\u00e1fico o un cargo penal, partes del mismo podr\u00edan quedar en su expediente. <\/span><b>arriba<\/b> <b>hasta 10 a\u00f1os<\/b><span style=\"font-weight: 400;\"> o m\u00e1s largo.<\/span><\/p>\n<p><span style=\"font-weight: 400;\">El <\/span><a href=\"https:\/\/dol.wa.gov\/\" target=\"_blank\" rel=\"noopener\"><span style=\"font-weight: 400;\">Departamento de Licencias del Estado de Washington (DOL)<\/span><\/a><span style=\"font-weight: 400;\"> Mantiene su historial de conducci\u00f3n. Las compa\u00f1\u00edas de seguros a veces revisan su historial de conducci\u00f3n al establecer sus tarifas, pero tambi\u00e9n mantienen sus registros de reclamaciones por separado.<\/span><\/p>\n<p><span style=\"font-weight: 400;\">He aqu\u00ed un desglose simple:<\/span><\/p>\n<ul>\n<li style=\"font-weight: 400;\" aria-level=\"1\"><b>Solo accidentes <\/b>(<b>Sin multa ni cargos criminales<\/b>):<span style=\"font-weight: 400;\"> Cinco a\u00f1os<\/span><\/li>\n<li style=\"font-weight: 400;\" aria-level=\"1\"><b>Accidente con multa de tr\u00e1fico<\/b>:<span style=\"font-weight: 400;\"> Cinco a\u00f1os por el accidente; cinco a\u00f1os por la multa.<\/span><\/li>\n<li style=\"font-weight: 400;\" aria-level=\"1\"><b>Accidente que involucra un DUI <\/b>(<b>conducir bajo la influencia del alcohol<\/b>),<b> conducci\u00f3n imprudente<\/b>,<b> o cargo grave<\/b>:<span style=\"font-weight: 400;\"> Hasta 10 a\u00f1os o m\u00e1s<\/span><\/li>\n<\/ul>\n<h2><span style=\"font-weight: 400;\">C\u00f3mo le afecta un accidente automovil\u00edstico en su historial<\/span><\/h2>\n<p><span style=\"font-weight: 400;\">Cuando un accidente automovil\u00edstico permanece en su registro, puede afectar su vida de varias maneras:<\/span><\/p>\n<ul>\n<li style=\"font-weight: 400;\" aria-level=\"1\"><b>Primas de seguro m\u00e1s altas<\/b>:<span style=\"font-weight: 400;\"> Las compa\u00f1\u00edas de seguros generalmente cobran m\u00e1s si ven un accidente en su registro.<\/span><\/li>\n<li style=\"font-weight: 400;\" aria-level=\"1\"><b>Problemas de licencia<\/b>:<span style=\"font-weight: 400;\"> Demasiados accidentes o infracciones pueden dar lugar a la suspensi\u00f3n de la licencia.<\/span><\/li>\n<li style=\"font-weight: 400;\" aria-level=\"1\"><b>Solicitudes de empleo<\/b>:<span style=\"font-weight: 400;\"> Algunos trabajos que requieren conducir pueden revisar su historial de conducci\u00f3n.<\/span><\/li>\n<li style=\"font-weight: 400;\" aria-level=\"1\"><b>Estr\u00e9s y confusi\u00f3n<\/b>:<span style=\"font-weight: 400;\"> Tratar con compa\u00f1\u00edas de seguros e informes de accidentes puede ser abrumador.<\/span><\/li>\n<\/ul>\n<p><span style=\"font-weight: 400;\">Nuestro <\/span><a href=\"https:\/\/plg-pllc.com\/\"><span style=\"font-weight: 400;\">Abogados de lesiones personales en Bellevue<\/span><\/a><span style=\"font-weight: 400;\"> Puede explicar c\u00f3mo su historial afecta su vida y qu\u00e9 puede hacer al respecto.<\/span><\/p>\n<h2><span style=\"font-weight: 400;\">Cu\u00e1ndo y c\u00f3mo se denuncian los accidentes automovil\u00edsticos en Washington<\/span><\/h2>\n<p><span style=\"font-weight: 400;\">En Washington, los conductores deben presentar un informe de accidente dentro de <\/span><b>cuatro d\u00edas<\/b><span style=\"font-weight: 400;\"> si:<\/span><\/p>\n<ul>\n<li style=\"font-weight: 400;\" aria-level=\"1\"><span style=\"font-weight: 400;\">Hab\u00eda <\/span><b>$1<\/b>,<b>000 o m\u00e1s<\/b><span style=\"font-weight: 400;\"> en da\u00f1os a la propiedad, o<\/span><\/li>\n<li style=\"font-weight: 400;\" aria-level=\"1\"><span style=\"font-weight: 400;\">Alguien estaba <\/span><b>herido o muerto<\/b><\/li>\n<\/ul>\n<p><span style=\"font-weight: 400;\">Si un agente del orden p\u00fablico acude al accidente, generalmente presentar\u00e1 un informe en su nombre. De lo contrario, es su responsabilidad. Este informe es lo que registra oficialmente el accidente en su historial de conducci\u00f3n.<\/span><\/p>\n<p><span style=\"font-weight: 400;\">Aunque un accidente parezca leve, es buena idea reportarlo. Si no lo hace y surgen problemas m\u00e1s adelante (como da\u00f1os ocultos en el veh\u00edculo o lesiones), puede ser m\u00e1s dif\u00edcil probar lo sucedido.<\/span><\/p>\n\n        <div class=\"rs-content-cta long\">\n            <p>Para una consulta legal GRATUITA, llame al <a href=\"tel:+12062851743\">(206) 285-1743 <\/a><\/p>\n            <a href=\"https:\/\/plg-pllc.com\/es\/contact-us\/\" title=\"OBTENGA UNA EVALUACI\u00d3N DE CASO GRATUITA\" class=\"btn-global\">OBTENGA UNA EVALUACI\u00d3N DE CASO GRATUITA<\/a>\n                    <picture>\n                            <source srcset=\"https:\/\/plg-pllc.com\/wp-content\/themes\/plg-pllc-redesign\/assets\/app\/img\/cta-thumb.webp\" type=\"image\/webp\"\/>\n                            <img src=\"https:\/\/plg-pllc.com\/wp-content\/themes\/plg-pllc-redesign\/assets\/app\/img\/cta-thumb.png\" alt=\"Grupo de abogados Premier\" title=\"Grupo de abogados Premier\" width=\"245\" height=\"220\" loading=\"auto\" fetchpriority=\"auto\" decoding=\"async\"\/>\n        <\/picture>\n        \n        <\/div><h2><span style=\"font-weight: 400;\">\u00bfPuede eliminar un accidente automovil\u00edstico de su registro de conducir en Washington?<\/span><\/h2>\n<p><span style=\"font-weight: 400;\">En la mayor\u00eda de los casos, una vez que un accidente automovil\u00edstico aparece en su registro de conducir en Washington, <\/span><b>Permanece all\u00ed durante todo el per\u00edodo del informe.<\/b><span style=\"font-weight: 400;\">Generalmente no puedes borrarlo ni ocultarlo.<\/span><\/p>\n<p><span style=\"font-weight: 400;\">Sin embargo, puedes:<\/span><\/p>\n<ul>\n<li style=\"font-weight: 400;\" aria-level=\"1\"><b>Desafiar los errores<\/b>:<span style=\"font-weight: 400;\"> Si su registro tiene errores, puede solicitar una correcci\u00f3n a trav\u00e9s del DOL.<\/span><span style=\"font-weight: 400;\"><br \/>\n<\/span><\/li>\n<li style=\"font-weight: 400;\" aria-level=\"1\"><b>Mejora tu r\u00e9cord con el tiempo<\/b>:<span style=\"font-weight: 400;\"> Mantener un historial de conducci\u00f3n limpio despu\u00e9s de un accidente puede ayudar a reducir los costos del seguro.<\/span><span style=\"font-weight: 400;\"><br \/>\n<\/span><\/li>\n<li style=\"font-weight: 400;\" aria-level=\"1\"><b>Trabajar con un abogado<\/b>:<span style=\"font-weight: 400;\"> Si usted fue culpado injustamente por un accidente, un abogado a veces puede ayudarle a impugnar la multa o citaci\u00f3n.<\/span><\/li>\n<\/ul>\n<p><span style=\"font-weight: 400;\">Si bien por lo general no es posible borrar de manera anticipada un accidente automovil\u00edstico de su registro de conducir de Washington, a\u00fan puede protegerse en el futuro.\u00a0<\/span><\/p>\n<p><span style=\"font-weight: 400;\">Mantener un historial limpio despu\u00e9s de un accidente, cumplir con las leyes de tr\u00e1nsito y consultar con un abogado si hay alg\u00fan error en su historial puede ayudarle a superarlo. Si tiene preguntas sobre su historial o su accidente, nuestro equipo est\u00e1 aqu\u00ed para ayudarle.<\/span><\/p>\n<h2><span style=\"font-weight: 400;\">\u00bfQu\u00e9 pasa con su seguro despu\u00e9s de un accidente automovil\u00edstico?<\/span><\/h2>\n<p><span style=\"font-weight: 400;\">La mayor\u00eda de las compa\u00f1\u00edas de seguros en Washington verificar\u00e1n su historial de conducci\u00f3n al renovar su p\u00f3liza. Si detectan un accidente, podr\u00edan:<\/span><\/p>\n<ul>\n<li style=\"font-weight: 400;\" aria-level=\"1\"><span style=\"font-weight: 400;\">Aumente sus tarifas (a veces durante varios a\u00f1os)<\/span><\/li>\n<li style=\"font-weight: 400;\" aria-level=\"1\"><span style=\"font-weight: 400;\">Cancele su p\u00f3liza si consideran que usted representa un riesgo demasiado alto<\/span><\/li>\n<li style=\"font-weight: 400;\" aria-level=\"1\"><span style=\"font-weight: 400;\">Ofrecer opciones de cobertura limitadas<\/span><\/li>\n<\/ul>\n<p><span style=\"font-weight: 400;\">Buenas noticias: si no tiene accidentes durante algunos a\u00f1os despu\u00e9s del accidente, sus tarifas suelen empezar a bajar.<\/span><\/p>\n<h2><span style=\"font-weight: 400;\">Por qu\u00e9 es importante tener representaci\u00f3n legal despu\u00e9s de un accidente\u00a0<\/span><\/h2>\n<p><span style=\"font-weight: 400;\">Cuando ocurre un accidente, lidiar con la compa\u00f1\u00eda de seguros, su historial de conducci\u00f3n y posibles problemas legales puede ser estresante. Nuestros abogados de accidentes de auto pueden:<\/span><\/p>\n<ul>\n<li style=\"font-weight: 400;\" aria-level=\"1\"><span style=\"font-weight: 400;\">Investigar lo sucedido<\/span><\/li>\n<li style=\"font-weight: 400;\" aria-level=\"1\"><span style=\"font-weight: 400;\">Recopilar y proteger evidencia importante<\/span><\/li>\n<li style=\"font-weight: 400;\" aria-level=\"1\"><span style=\"font-weight: 400;\">Comunicarse con las compa\u00f1\u00edas de seguros<\/span><\/li>\n<li style=\"font-weight: 400;\" aria-level=\"1\"><span style=\"font-weight: 400;\">Ayude a combatir culpas o multas injustas<\/span><\/li>\n<li style=\"font-weight: 400;\" aria-level=\"1\"><span style=\"font-weight: 400;\">Aseg\u00farate de no quedarte estancado con gastos que no causaste<\/span><\/li>\n<\/ul>\n<p><span style=\"font-weight: 400;\">Si su caso involucra un choque y fuga, un conductor sin seguro, un accidente de transporte compartido o lesiones graves, es a\u00fan m\u00e1s importante contar con asistencia legal. Merece a alguien que lo cuide.<\/span><\/p>\n<h2><span style=\"font-weight: 400;\">\u00bfTe preguntas cu\u00e1nto tiempo permanece un accidente de auto en tu historial en WA? Ll\u00e1manos.<\/span><\/h2>\n<p><span style=\"font-weight: 400;\">Si est\u00e1s preocupado por<\/span> <span style=\"font-weight: 400;\">Nuestro equipo le asesorar\u00e1 sobre cu\u00e1nto tiempo permanece un accidente de auto en su historial en Washington o c\u00f3mo podr\u00eda afectar su futuro. En Premier Law Group, puede hablar directamente con un abogado sobre su situaci\u00f3n.<\/span><\/p>\n<p><span style=\"font-weight: 400;\">Nuestros abogados tienen m\u00e1s de 55 a\u00f1os de experiencia legal combinada, han atendido a miles de clientes y han <\/span><b>recuperado m\u00e1s de $100 millones <\/b><span style=\"font-weight: 400;\">Para personas lesionadas en accidentes. Llevamos m\u00e1s de 20 a\u00f1os ayudando con orgullo a los residentes de Washington.<\/span><\/p>\n<p><span style=\"font-weight: 400;\">Cuando trabaja con nosotros, nos encargamos de todo para que usted pueda concentrarse en su recuperaci\u00f3n. Hablamos con la compa\u00f1\u00eda de seguros por usted y luchamos para proteger sus derechos. Trabajaremos para conseguirle el mejor resultado posible.<\/span><\/p>\n<p><span style=\"font-weight: 400;\">Llama hoy para tu <\/span><b>revisi\u00f3n de caso gratuita<\/b><span style=\"font-weight: 400;\">.\u00a0<\/span><\/p>\n\n        <div class=\"rs-content-cta\">\n            <p>Llamar o enviar mensaje de texto <a href=\"tel:+12062851743\">(206) 285-1743<\/a> o complete un formulario de evaluaci\u00f3n de caso gratuito<\/p>\n            <a href=\"https:\/\/plg-pllc.com\/es\/contact-us\/\" title=\"OBTENGA UNA EVALUACI\u00d3N DE CASO GRATUITA\" class=\"btn-global\">OBTENGA UNA EVALUACI\u00d3N DE CASO GRATUITA<\/a>\n                    <picture>\n                            <source srcset=\"https:\/\/plg-pllc.com\/wp-content\/themes\/plg-pllc-redesign\/assets\/app\/img\/cta-thumb.webp\" type=\"image\/webp\"\/>\n                            <img src=\"https:\/\/plg-pllc.com\/wp-content\/themes\/plg-pllc-redesign\/assets\/app\/img\/cta-thumb.png\" alt=\"Grupo de abogados Premier\" title=\"Grupo de abogados Premier\" width=\"245\" height=\"220\" loading=\"auto\" fetchpriority=\"auto\" decoding=\"async\"\/>\n        <\/picture>\n        \n        <\/div>","protected":false},"excerpt":{"rendered":"<p>Un accidente de auto puede aparecer en su historial de manejo en el estado de Washington durante varios a\u00f1os, dependiendo del tipo de accidente y de las multas o infracciones. Es importante saber cu\u00e1nto tiempo permanece un accidente de auto en su historial en Washington, ya que puede afectar sus primas de seguro e incluso su capacidad para conducir. Si\u2026<\/p>","protected":false},"author":59,"featured_media":21270,"parent":20714,"menu_order":0,"comment_status":"closed","ping_status":"closed","template":"","meta":{"_acf_changed":false,"_genesis_hide_title":false,"_genesis_hide_breadcrumbs":false,"_genesis_hide_singular_image":false,"_genesis_hide_footer_widgets":false,"_genesis_custom_body_class":"","_genesis_custom_post_class":"","_genesis_layout":"","footnotes":""},"hc_faqs":[10344],"class_list":{"0":"post-21269","1":"page","2":"type-page","3":"status-publish","4":"has-post-thumbnail","6":"hc_faqs-car-accident","7":"entry"},"acf":[],"yoast_head":"<!-- This site is optimized with the Yoast SEO plugin v27.4 - https:\/\/yoast.com\/product\/yoast-seo-wordpress\/ -->\n<title>How Long Does a Car Accident Stay on Your Record in WA?<\/title>\n<meta name=\"description\" content=\"Find out how long a car accident stays on your record in Washington state and how our car accident lawyer can help protect your future.\" \/>\n<meta name=\"robots\" content=\"index, follow, max-snippet:-1, max-image-preview:large, max-video-preview:-1\" \/>\n<link rel=\"canonical\" href=\"https:\/\/plg-pllc.com\/es\/faqs\/how-long-does-a-car-accident-stay-on-your-record\/\" \/>\n<meta property=\"og:locale\" content=\"es_MX\" \/>\n<meta property=\"og:type\" content=\"article\" \/>\n<meta property=\"og:title\" content=\"How Long Does a Car Accident Stay on Your Record in WA?\" \/>\n<meta property=\"og:description\" content=\"Find out how long a car accident stays on your record in Washington state and how our car accident lawyer can help protect your future.\" \/>\n<meta property=\"og:url\" content=\"https:\/\/plg-pllc.com\/es\/faqs\/how-long-does-a-car-accident-stay-on-your-record\/\" \/>\n<meta property=\"og:site_name\" content=\"Premier Law Group\" \/>\n<meta property=\"article:publisher\" content=\"https:\/\/www.facebook.com\/premierlawgroup\" \/>\n<meta property=\"article:modified_time\" content=\"2025-05-12T15:19:31+00:00\" \/>\n<meta property=\"og:image\" content=\"https:\/\/plg-pllc.com\/wp-content\/uploads\/2025\/05\/how-long-does-a-car-accident-stay-on-your-record-in-wa.jpg\" \/>\n\t<meta property=\"og:image:width\" content=\"1000\" \/>\n\t<meta property=\"og:image:height\" content=\"586\" \/>\n\t<meta property=\"og:image:type\" content=\"image\/jpeg\" \/>\n<meta name=\"twitter:card\" content=\"summary_large_image\" \/>\n<meta name=\"twitter:site\" content=\"@premierlawgroup\" \/>\n<meta name=\"twitter:label1\" content=\"Tiempo de lectura\" \/>\n\t<meta name=\"twitter:data1\" content=\"5 minutos\" \/>\n<script type=\"application\/ld+json\" class=\"yoast-schema-graph\">{\"@context\":\"https:\\\/\\\/schema.org\",\"@graph\":[{\"@type\":\"WebPage\",\"@id\":\"https:\\\/\\\/plg-pllc.com\\\/faqs\\\/how-long-does-a-car-accident-stay-on-your-record\\\/\",\"url\":\"https:\\\/\\\/plg-pllc.com\\\/faqs\\\/how-long-does-a-car-accident-stay-on-your-record\\\/\",\"name\":\"How Long Does a Car Accident Stay on Your Record in WA?\",\"isPartOf\":{\"@id\":\"https:\\\/\\\/plg-pllc.com\\\/#website\"},\"primaryImageOfPage\":{\"@id\":\"https:\\\/\\\/plg-pllc.com\\\/faqs\\\/how-long-does-a-car-accident-stay-on-your-record\\\/#primaryimage\"},\"image\":{\"@id\":\"https:\\\/\\\/plg-pllc.com\\\/faqs\\\/how-long-does-a-car-accident-stay-on-your-record\\\/#primaryimage\"},\"thumbnailUrl\":\"https:\\\/\\\/plg-pllc.com\\\/wp-content\\\/uploads\\\/2025\\\/05\\\/how-long-does-a-car-accident-stay-on-your-record-in-wa.jpg\",\"datePublished\":\"2025-05-06T10:11:58+00:00\",\"dateModified\":\"2025-05-12T15:19:31+00:00\",\"description\":\"Find out how long a car accident stays on your record in Washington state and how our car accident lawyer can help protect your future.\",\"breadcrumb\":{\"@id\":\"https:\\\/\\\/plg-pllc.com\\\/faqs\\\/how-long-does-a-car-accident-stay-on-your-record\\\/#breadcrumb\"},\"inLanguage\":\"es\",\"potentialAction\":[{\"@type\":\"ReadAction\",\"target\":[\"https:\\\/\\\/plg-pllc.com\\\/faqs\\\/how-long-does-a-car-accident-stay-on-your-record\\\/\"]}]},{\"@type\":\"ImageObject\",\"inLanguage\":\"es\",\"@id\":\"https:\\\/\\\/plg-pllc.com\\\/faqs\\\/how-long-does-a-car-accident-stay-on-your-record\\\/#primaryimage\",\"url\":\"https:\\\/\\\/plg-pllc.com\\\/wp-content\\\/uploads\\\/2025\\\/05\\\/how-long-does-a-car-accident-stay-on-your-record-in-wa.jpg\",\"contentUrl\":\"https:\\\/\\\/plg-pllc.com\\\/wp-content\\\/uploads\\\/2025\\\/05\\\/how-long-does-a-car-accident-stay-on-your-record-in-wa.jpg\",\"width\":1000,\"height\":586,\"caption\":\"A motorist steers a car in traffic while wondering how long a car accident can stay on your driving record in Washington State.\u00a0\"},{\"@type\":\"BreadcrumbList\",\"@id\":\"https:\\\/\\\/plg-pllc.com\\\/faqs\\\/how-long-does-a-car-accident-stay-on-your-record\\\/#breadcrumb\",\"itemListElement\":[{\"@type\":\"ListItem\",\"position\":1,\"name\":\"Home\",\"item\":\"https:\\\/\\\/plg-pllc.com\\\/es\\\/\"},{\"@type\":\"ListItem\",\"position\":2,\"name\":\"FAQs\",\"item\":\"https:\\\/\\\/plg-pllc.com\\\/es\\\/faqs\\\/\"},{\"@type\":\"ListItem\",\"position\":3,\"name\":\"How Long Does a Car Accident Stay on Your Record in WA?\"}]},{\"@type\":\"WebSite\",\"@id\":\"https:\\\/\\\/plg-pllc.com\\\/#website\",\"url\":\"https:\\\/\\\/plg-pllc.com\\\/\",\"name\":\"Premier Law Group\",\"description\":\"Washington Wrongful Death and Serious Injury Lawyer\",\"publisher\":{\"@id\":\"https:\\\/\\\/plg-pllc.com\\\/#organization\"},\"inLanguage\":\"es\"},{\"@type\":\"Organization\",\"@id\":\"https:\\\/\\\/plg-pllc.com\\\/#organization\",\"name\":\"Premier Law Group\",\"url\":\"https:\\\/\\\/plg-pllc.com\\\/\",\"logo\":{\"@type\":\"ImageObject\",\"inLanguage\":\"es\",\"@id\":\"https:\\\/\\\/plg-pllc.com\\\/#\\\/schema\\\/logo\\\/image\\\/\",\"url\":\"https:\\\/\\\/plg-pllc.com\\\/wp-content\\\/uploads\\\/2020\\\/10\\\/plg-logo-v2.gif\",\"contentUrl\":\"https:\\\/\\\/plg-pllc.com\\\/wp-content\\\/uploads\\\/2020\\\/10\\\/plg-logo-v2.gif\",\"width\":592,\"height\":191,\"caption\":\"Premier Law Group\"},\"image\":{\"@id\":\"https:\\\/\\\/plg-pllc.com\\\/#\\\/schema\\\/logo\\\/image\\\/\"},\"sameAs\":[\"https:\\\/\\\/www.facebook.com\\\/premierlawgroup\",\"https:\\\/\\\/x.com\\\/premierlawgroup\"]}]}<\/script>\n<!-- \/ Yoast SEO plugin. -->","yoast_head_json":{"title":"\u00bfCu\u00e1nto tiempo permanece un accidente automovil\u00edstico en su registro en WA?","description":"Descubra cu\u00e1nto tiempo permanece un accidente automovil\u00edstico en su registro en el estado de Washington y c\u00f3mo nuestro abogado de accidentes automovil\u00edsticos puede ayudarlo a proteger su futuro.","robots":{"index":"index","follow":"follow","max-snippet":"max-snippet:-1","max-image-preview":"max-image-preview:large","max-video-preview":"max-video-preview:-1"},"canonical":"https:\/\/plg-pllc.com\/es\/faqs\/how-long-does-a-car-accident-stay-on-your-record\/","og_locale":"es_MX","og_type":"article","og_title":"How Long Does a Car Accident Stay on Your Record in WA?","og_description":"Find out how long a car accident stays on your record in Washington state and how our car accident lawyer can help protect your future.","og_url":"https:\/\/plg-pllc.com\/es\/faqs\/how-long-does-a-car-accident-stay-on-your-record\/","og_site_name":"Premier Law Group","article_publisher":"https:\/\/www.facebook.com\/premierlawgroup","article_modified_time":"2025-05-12T15:19:31+00:00","og_image":[{"width":1000,"height":586,"url":"https:\/\/plg-pllc.com\/wp-content\/uploads\/2025\/05\/how-long-does-a-car-accident-stay-on-your-record-in-wa.jpg","type":"image\/jpeg"}],"twitter_card":"summary_large_image","twitter_site":"@premierlawgroup","twitter_misc":{"Tiempo de lectura":"5 minutos"},"schema":{"@context":"https:\/\/schema.org","@graph":[{"@type":"WebPage","@id":"https:\/\/plg-pllc.com\/faqs\/how-long-does-a-car-accident-stay-on-your-record\/","url":"https:\/\/plg-pllc.com\/faqs\/how-long-does-a-car-accident-stay-on-your-record\/","name":"\u00bfCu\u00e1nto tiempo permanece un accidente automovil\u00edstico en su registro en WA?","isPartOf":{"@id":"https:\/\/plg-pllc.com\/#website"},"primaryImageOfPage":{"@id":"https:\/\/plg-pllc.com\/faqs\/how-long-does-a-car-accident-stay-on-your-record\/#primaryimage"},"image":{"@id":"https:\/\/plg-pllc.com\/faqs\/how-long-does-a-car-accident-stay-on-your-record\/#primaryimage"},"thumbnailUrl":"https:\/\/plg-pllc.com\/wp-content\/uploads\/2025\/05\/how-long-does-a-car-accident-stay-on-your-record-in-wa.jpg","datePublished":"2025-05-06T10:11:58+00:00","dateModified":"2025-05-12T15:19:31+00:00","description":"Descubra cu\u00e1nto tiempo permanece un accidente automovil\u00edstico en su registro en el estado de Washington y c\u00f3mo nuestro abogado de accidentes automovil\u00edsticos puede ayudarlo a proteger su futuro.","breadcrumb":{"@id":"https:\/\/plg-pllc.com\/faqs\/how-long-does-a-car-accident-stay-on-your-record\/#breadcrumb"},"inLanguage":"es","potentialAction":[{"@type":"ReadAction","target":["https:\/\/plg-pllc.com\/faqs\/how-long-does-a-car-accident-stay-on-your-record\/"]}]},{"@type":"ImageObject","inLanguage":"es","@id":"https:\/\/plg-pllc.com\/faqs\/how-long-does-a-car-accident-stay-on-your-record\/#primaryimage","url":"https:\/\/plg-pllc.com\/wp-content\/uploads\/2025\/05\/how-long-does-a-car-accident-stay-on-your-record-in-wa.jpg","contentUrl":"https:\/\/plg-pllc.com\/wp-content\/uploads\/2025\/05\/how-long-does-a-car-accident-stay-on-your-record-in-wa.jpg","width":1000,"height":586,"caption":"A motorist steers a car in traffic while wondering how long a car accident can stay on your driving record in Washington State.\u00a0"},{"@type":"BreadcrumbList","@id":"https:\/\/plg-pllc.com\/faqs\/how-long-does-a-car-accident-stay-on-your-record\/#breadcrumb","itemListElement":[{"@type":"ListItem","position":1,"name":"Home","item":"https:\/\/plg-pllc.com\/es\/"},{"@type":"ListItem","position":2,"name":"FAQs","item":"https:\/\/plg-pllc.com\/es\/faqs\/"},{"@type":"ListItem","position":3,"name":"How Long Does a Car Accident Stay on Your Record in WA?"}]},{"@type":"WebSite","@id":"https:\/\/plg-pllc.com\/#website","url":"https:\/\/plg-pllc.com\/","name":"Grupo de abogados Premier","description":"Abogado de muerte por negligencia y lesiones graves en Washington","publisher":{"@id":"https:\/\/plg-pllc.com\/#organization"},"inLanguage":"es"},{"@type":"Organization","@id":"https:\/\/plg-pllc.com\/#organization","name":"Grupo de abogados Premier","url":"https:\/\/plg-pllc.com\/","logo":{"@type":"ImageObject","inLanguage":"es","@id":"https:\/\/plg-pllc.com\/#\/schema\/logo\/image\/","url":"https:\/\/plg-pllc.com\/wp-content\/uploads\/2020\/10\/plg-logo-v2.gif","contentUrl":"https:\/\/plg-pllc.com\/wp-content\/uploads\/2020\/10\/plg-logo-v2.gif","width":592,"height":191,"caption":"Premier Law Group"},"image":{"@id":"https:\/\/plg-pllc.com\/#\/schema\/logo\/image\/"},"sameAs":["https:\/\/www.facebook.com\/premierlawgroup","https:\/\/x.com\/premierlawgroup"]}]}},"_links":{"self":[{"href":"https:\/\/plg-pllc.com\/es\/wp-json\/wp\/v2\/pages\/21269","targetHints":{"allow":["GET"]}}],"collection":[{"href":"https:\/\/plg-pllc.com\/es\/wp-json\/wp\/v2\/pages"}],"about":[{"href":"https:\/\/plg-pllc.com\/es\/wp-json\/wp\/v2\/types\/page"}],"author":[{"embeddable":true,"href":"https:\/\/plg-pllc.com\/es\/wp-json\/wp\/v2\/users\/59"}],"replies":[{"embeddable":true,"href":"https:\/\/plg-pllc.com\/es\/wp-json\/wp\/v2\/comments?post=21269"}],"version-history":[{"count":0,"href":"https:\/\/plg-pllc.com\/es\/wp-json\/wp\/v2\/pages\/21269\/revisions"}],"up":[{"embeddable":true,"href":"https:\/\/plg-pllc.com\/es\/wp-json\/wp\/v2\/pages\/20714"}],"wp:featuredmedia":[{"embeddable":true,"href":"https:\/\/plg-pllc.com\/es\/wp-json\/wp\/v2\/media\/21270"}],"wp:attachment":[{"href":"https:\/\/plg-pllc.com\/es\/wp-json\/wp\/v2\/media?parent=21269"}],"wp:term":[{"taxonomy":"hc_faqs","embeddable":true,"href":"https:\/\/plg-pllc.com\/es\/wp-json\/wp\/v2\/hc_faqs?post=21269"}],"curies":[{"name":"gracias","href":"https:\/\/api.w.org\/{rel}","templated":true}]}}