{"id":21287,"date":"2025-05-13T22:44:33","date_gmt":"2025-05-14T05:44:33","guid":{"rendered":"https:\/\/plg-pllc.com\/?page_id=21287"},"modified":"2025-05-19T06:40:21","modified_gmt":"2025-05-19T13:40:21","slug":"kent-bus-accident-lawyer","status":"publish","type":"page","link":"https:\/\/plg-pllc.com\/es\/kent\/bus-accident-lawyer\/","title":{"rendered":"Abogado de accidentes de autob\u00fas en Kent"},"content":{"rendered":"<p><span style=\"font-weight: 400;\">Ser atropellado por un autob\u00fas puede ser devastador f\u00edsica, emocional y financieramente. Si result\u00f3 herido en un accidente de autob\u00fas, nuestro <\/span><a href=\"https:\/\/plg-pllc.com\/kent\/personal-injury-lawyer\/\"><span style=\"font-weight: 400;\">Abogados de lesiones personales en Kent<\/span><\/a><span style=\"font-weight: 400;\"> Estamos aqu\u00ed para guiarle a trav\u00e9s del caos y recuperar la compensaci\u00f3n que necesita para seguir adelante.<\/span><\/p>\n<p><span style=\"font-weight: 400;\">En Premier Law Group, somos <\/span><b>Lo suficientemente grande para ganar y lo suficientemente peque\u00f1o para que te importe.<\/b><span style=\"font-weight: 400;\">Esto significa que recibir\u00e1 atenci\u00f3n personalizada, amplia experiencia y los recursos necesarios para lograr una recuperaci\u00f3n financiera significativa. Con un abogado especializado en accidentes de autob\u00fas en Kent de su lado, tendr\u00e1 una excelente oportunidad de obtener un acuerdo o un veredicto judicial que se ajuste a sus necesidades.<\/span><\/p>\n<h2><span style=\"font-weight: 400;\">C\u00f3mo puede ayudar un abogado especializado en accidentes de autob\u00fas en Kent<\/span><\/h2>\n<p><span style=\"font-weight: 400;\">Los accidentes de autob\u00fas suelen involucrar a varias partes y a compa\u00f1\u00edas de seguros obstinadas. Afortunadamente, nuestro equipo puede intervenir desde el principio y construir su caso desde cero. Nos encargaremos de todo con determinaci\u00f3n y cuidado para que usted pueda concentrarse en su recuperaci\u00f3n.<\/span><\/p>\n<p><span style=\"font-weight: 400;\">Esto es lo que nuestros abogados de accidentes de autob\u00fas de Kent pueden hacer por usted:<\/span><\/p>\n<ul>\n<li style=\"font-weight: 400;\" aria-level=\"1\"><span style=\"font-weight: 400;\">Investigar el accidente y recopilar pruebas como v\u00eddeos, declaraciones de testigos e informes policiales.<\/span><\/li>\n<li style=\"font-weight: 400;\" aria-level=\"1\"><span style=\"font-weight: 400;\">Comun\u00edquese con la compa\u00f1\u00eda de autobuses y las compa\u00f1\u00edas de seguros para no tener que preocuparse.<\/span><\/li>\n<li style=\"font-weight: 400;\" aria-level=\"1\"><span style=\"font-weight: 400;\">Obtenga sus registros m\u00e9dicos y cree un reclamo que refleje el impacto total de sus lesiones y p\u00e9rdidas.<\/span><\/li>\n<li style=\"font-weight: 400;\" aria-level=\"1\"><span style=\"font-weight: 400;\">Calcular p\u00e9rdidas actuales y futuras<\/span><\/li>\n<li style=\"font-weight: 400;\" aria-level=\"1\"><span style=\"font-weight: 400;\">Negociar un acuerdo justo<\/span><\/li>\n<li style=\"font-weight: 400;\" aria-level=\"1\"><span style=\"font-weight: 400;\">Presentar una demanda y llevar su caso a juicio si es necesario<\/span><\/li>\n<li style=\"font-weight: 400;\" aria-level=\"1\"><span style=\"font-weight: 400;\">Mantenlo actualizado a trav\u00e9s de nuestra aplicaci\u00f3n para clientes en cada paso del proceso.<\/span><\/li>\n<\/ul>\n<h2><span style=\"font-weight: 400;\">Compensaci\u00f3n que podemos obtener por usted<\/span><\/h2>\n<p><span style=\"font-weight: 400;\">Sufrir una lesi\u00f3n en un accidente de autob\u00fas puede cambiarte la vida en un instante. Desde las facturas de urgencias y la p\u00e9rdida de ingresos hasta el dolor cr\u00f3nico y la reducci\u00f3n de la calidad de vida, los costos de un accidente pueden acumularse r\u00e1pidamente.<\/span><\/p>\n<p><span style=\"font-weight: 400;\">La buena noticia es que nuestros abogados de accidentes de autob\u00fas de Kent est\u00e1n aqu\u00ed para luchar por la compensaci\u00f3n financiera que necesita para mantenerse mientras se recupera.<\/span><\/p>\n<p><span style=\"font-weight: 400;\">Dependiendo de su situaci\u00f3n, podemos buscar una compensaci\u00f3n por cualquiera de las siguientes p\u00e9rdidas relacionadas con accidentes:<\/span><\/p>\n<ul>\n<li style=\"font-weight: 400;\" aria-level=\"1\"><span style=\"font-weight: 400;\">Gastos m\u00e9dicos\u00a0<\/span><\/li>\n<li style=\"font-weight: 400;\" aria-level=\"1\"><span style=\"font-weight: 400;\">Costos futuros del tratamiento m\u00e9dico<\/span><\/li>\n<li style=\"font-weight: 400;\" aria-level=\"1\"><span style=\"font-weight: 400;\">Gastos de fisioterapia y rehabilitaci\u00f3n<\/span><\/li>\n<li style=\"font-weight: 400;\" aria-level=\"1\"><span style=\"font-weight: 400;\">P\u00e9rdida de ingresos\u00a0<\/span><\/li>\n<li style=\"font-weight: 400;\" aria-level=\"1\"><span style=\"font-weight: 400;\">Disminuci\u00f3n de la capacidad de ingresos<\/span><\/li>\n<li style=\"font-weight: 400;\" aria-level=\"1\"><span style=\"font-weight: 400;\">Dolor y sufrimiento<\/span><\/li>\n<li style=\"font-weight: 400;\" aria-level=\"1\"><span style=\"font-weight: 400;\">Angustia emocional<\/span><\/li>\n<li style=\"font-weight: 400;\" aria-level=\"1\"><span style=\"font-weight: 400;\">P\u00e9rdida del disfrute de la vida<\/span><\/li>\n<\/ul>\n<p><span style=\"font-weight: 400;\">Nuestro equipo conoce el verdadero valor de su reclamaci\u00f3n y no se conformar\u00e1 con un acuerdo r\u00e1pido. Seguiremos luchando hasta obtener hasta el \u00faltimo d\u00f3lar que usted merece.<\/span><\/p>\n<p><span style=\"font-weight: 400;\">Nosotros tenemos <\/span><b>recuperado m\u00e1s de $100 millones <\/b><span style=\"font-weight: 400;\">para clientes lesionados como usted, por lo que estamos seguros de que tenemos lo necesario para obtener los da\u00f1os que se le deben.<\/span><\/p>\n<h2><span style=\"font-weight: 400;\">Tipos de accidentes de autob\u00fas por los que podemos presentar una reclamaci\u00f3n<\/span><\/h2>\n<p><span style=\"font-weight: 400;\">Nuestros abogados de accidentes de autob\u00fas en Kent tienen <\/span><b>M\u00e1s de 55 a\u00f1os de experiencia combinada<\/b><span style=\"font-weight: 400;\"> Manejamos casos como el suyo. Realizaremos una investigaci\u00f3n exhaustiva de su accidente, reuniremos las pruebas necesarias y demostraremos que la parte culpable debe ser considerada responsable de sus lesiones y p\u00e9rdidas.<\/span><\/p>\n<p><span style=\"font-weight: 400;\">Puede contar con nuestro equipo dedicado para presentar un reclamo s\u00f3lido y bien respaldado por un accidente de autob\u00fas causado por cualquiera de las siguientes formas de negligencia:<\/span><\/p>\n<ul>\n<li style=\"font-weight: 400;\" aria-level=\"1\"><span style=\"font-weight: 400;\">Exceso de velocidad<\/span><\/li>\n<li style=\"font-weight: 400;\" aria-level=\"1\"><span style=\"font-weight: 400;\">Conducci\u00f3n distra\u00edda<\/span><\/li>\n<li style=\"font-weight: 400;\" aria-level=\"1\"><span style=\"font-weight: 400;\">Conducci\u00f3n fatigada<\/span><\/li>\n<li style=\"font-weight: 400;\" aria-level=\"1\"><span style=\"font-weight: 400;\">Conducir ebrio<\/span><\/li>\n<li style=\"font-weight: 400;\" aria-level=\"1\"><span style=\"font-weight: 400;\">Formaci\u00f3n inadecuada o falta de experiencia<\/span><\/li>\n<li style=\"font-weight: 400;\" aria-level=\"1\"><span style=\"font-weight: 400;\">Equipo de autob\u00fas defectuoso<\/span><\/li>\n<li style=\"font-weight: 400;\" aria-level=\"1\"><span style=\"font-weight: 400;\">Falta de mantenimiento<\/span><\/li>\n<\/ul>\n\n        <div class=\"rs-content-cta long\">\n            <p>Para una consulta legal GRATUITA con un abogado especializado en accidentes de autob\u00fas que atienda a Kent, llame al <a href=\"tel:+12062851743\">(206) 285-1743 <\/a><\/p>\n            <a href=\"https:\/\/plg-pllc.com\/es\/contact-us\/\" title=\"OBTENGA UNA EVALUACI\u00d3N DE CASO GRATUITA\" class=\"btn-global\">OBTENGA UNA EVALUACI\u00d3N DE CASO GRATUITA<\/a>\n                    <picture>\n                            <source srcset=\"https:\/\/plg-pllc.com\/wp-content\/themes\/plg-pllc-redesign\/assets\/app\/img\/cta-thumb.webp\" type=\"image\/webp\"\/>\n                            <img src=\"https:\/\/plg-pllc.com\/wp-content\/themes\/plg-pllc-redesign\/assets\/app\/img\/cta-thumb.png\" alt=\"Grupo de abogados Premier\" title=\"Grupo de abogados Premier\" width=\"245\" height=\"220\" loading=\"auto\" fetchpriority=\"auto\" decoding=\"async\"\/>\n        <\/picture>\n        \n        <\/div><h2><span style=\"font-weight: 400;\">No hable solo con los ajustadores de seguros<\/span><\/h2>\n<p><span style=\"font-weight: 400;\">Tras un accidente de autob\u00fas, es habitual que las compa\u00f1\u00edas de seguros, especialmente las que representan a grandes proveedores de transporte, se pongan en contacto con usted r\u00e1pidamente. Puede que la compa\u00f1\u00eda de seguros incluso se muestre amistosa, pero su objetivo es que diga algo que debilite su caso.<\/span><\/p>\n<p><span style=\"font-weight: 400;\">No presente una declaraci\u00f3n grabada ni firme nada hasta haber consultado a un abogado experto en accidentes de autob\u00fas de Kent. Nuestro equipo puede comunicarse con la aseguradora en su nombre, negociar una oferta m\u00e1s alta y proteger su derecho a una indemnizaci\u00f3n justa.\u00a0<\/span><\/p>\n<h2><span style=\"font-weight: 400;\">Fecha l\u00edmite para presentar demandas por accidentes de autob\u00fas en Kent<\/span><\/h2>\n<p><span style=\"font-weight: 400;\">Despu\u00e9s de un accidente de autob\u00fas, es importante familiarizarse con el plazo de prescripci\u00f3n de las demandas por accidentes de autob\u00fas. Seg\u00fan el plazo de prescripci\u00f3n, que se puede encontrar en <\/span><a href=\"https:\/\/app.leg.wa.gov\/rcw\/default.aspx?cite=4.16.080\" target=\"_blank\" rel=\"noopener\"><span style=\"font-weight: 400;\">Ley de Armas Reconstructivas 4.16.080<\/span><\/a><span style=\"font-weight: 400;\">, tienes <\/span><b>tres a\u00f1os<\/b><span style=\"font-weight: 400;\"> Desde la fecha del accidente para presentar una demanda civil. Si no emprende acciones legales dentro del plazo de tres a\u00f1os, no podr\u00e1 reclamar la indemnizaci\u00f3n que necesita para recuperarse.\u00a0<\/span><\/p>\n<p><span style=\"font-weight: 400;\">En lugar de arriesgar su recuperaci\u00f3n financiera, contacte con nuestros abogados de accidentes de autob\u00fas en Kent lo antes posible. Si contrata pronto a un abogado de nuestra firma, podremos comenzar la investigaci\u00f3n de su accidente de inmediato, asegur\u00e1ndonos de que se cumplan todos los plazos y requisitos de presentaci\u00f3n.<\/span><\/p>\n<h2><span style=\"font-weight: 400;\">Programe una revisi\u00f3n gratuita de su caso con un abogado de confianza especializado en accidentes de autob\u00fas<\/span><\/h2>\n<p><span style=\"font-weight: 400;\">Retomar su vida despu\u00e9s de un accidente de autob\u00fas puede parecer imposible, especialmente cuando sufre dolor y no puede trabajar. Premier Law Group puede brindarle el apoyo y la defensa firme que necesita para obtener una compensaci\u00f3n por sus gastos m\u00e9dicos, p\u00e9rdida de ingresos, dolor y m\u00e1s.<\/span><\/p>\n<p><b>Cuando te golpean<\/b>,<b> Nosotros contraatacamos m\u00e1s fuerte <\/b><span style=\"font-weight: 400;\">Enfrent\u00e1ndose a las aseguradoras y luchando por usted en los tribunales.<\/span><\/p>\n<p><span style=\"font-weight: 400;\">Cont\u00e1ctenos hoy mismo para programar una revisi\u00f3n GRATUITA de su caso con un abogado especializado en accidentes de autob\u00fas en Kent. Nos reuniremos con usted para hablar sobre su accidente y la mejor manera de proceder legalmente. Esperamos tener noticias suyas pronto y proteger sus intereses durante todo el proceso legal.\u00a0<\/span><\/p>\n\n        <div class=\"rs-content-cta\">\n            <p>Llamar o enviar mensaje de texto <a href=\"tel:+12062851743\">(206) 285-1743<\/a> o complete un formulario de evaluaci\u00f3n de caso gratuito<\/p>\n            <a href=\"https:\/\/plg-pllc.com\/es\/contact-us\/\" title=\"OBTENGA UNA EVALUACI\u00d3N DE CASO GRATUITA\" class=\"btn-global\">OBTENGA UNA EVALUACI\u00d3N DE CASO GRATUITA<\/a>\n                    <picture>\n                            <source srcset=\"https:\/\/plg-pllc.com\/wp-content\/themes\/plg-pllc-redesign\/assets\/app\/img\/cta-thumb.webp\" type=\"image\/webp\"\/>\n                            <img src=\"https:\/\/plg-pllc.com\/wp-content\/themes\/plg-pllc-redesign\/assets\/app\/img\/cta-thumb.png\" alt=\"Grupo de abogados Premier\" title=\"Grupo de abogados Premier\" width=\"245\" height=\"220\" loading=\"auto\" fetchpriority=\"auto\" decoding=\"async\"\/>\n        <\/picture>\n        \n        <\/div>","protected":false},"excerpt":{"rendered":"<p>Ser atropellado por un autob\u00fas puede ser devastador f\u00edsica, emocional y financieramente. Si sufri\u00f3 lesiones en un accidente de autob\u00fas, nuestros abogados de lesiones personales de Kent est\u00e1n aqu\u00ed para guiarlo a trav\u00e9s del caos y obtener la compensaci\u00f3n que necesita para seguir adelante. En Premier Law Group, somos lo suficientemente grandes para ganar y lo suficientemente peque\u00f1os para\u2026<\/p>","protected":false},"author":61,"featured_media":0,"parent":20285,"menu_order":0,"comment_status":"closed","ping_status":"closed","template":"","meta":{"_acf_changed":false,"_genesis_hide_title":false,"_genesis_hide_breadcrumbs":false,"_genesis_hide_singular_image":false,"_genesis_hide_footer_widgets":false,"_genesis_custom_body_class":"","_genesis_custom_post_class":"","_genesis_layout":"","footnotes":""},"hc_faqs":[],"class_list":{"0":"post-21287","1":"page","2":"type-page","3":"status-publish","5":"hc_city_location-kent","6":"entry"},"acf":[],"yoast_head":"<!-- This site is optimized with the Yoast SEO plugin v27.5 - https:\/\/yoast.com\/product\/yoast-seo-wordpress\/ -->\n<title>Bus Accident Lawyer in Kent | Free Consult<\/title>\n<meta name=\"description\" content=\"A Kent bus accident lawyer can pursue full and fair compensation for your medical bills, lost wages, and pain and suffering, and more.\" \/>\n<meta name=\"robots\" content=\"index, follow, max-snippet:-1, max-image-preview:large, max-video-preview:-1\" \/>\n<link rel=\"canonical\" href=\"https:\/\/plg-pllc.com\/es\/kent\/bus-accident-lawyer\/\" \/>\n<meta property=\"og:locale\" content=\"es_MX\" \/>\n<meta property=\"og:type\" content=\"article\" \/>\n<meta property=\"og:title\" content=\"Bus Accident Lawyer in Kent | Free Consult\" \/>\n<meta property=\"og:description\" content=\"A Kent bus accident lawyer can pursue full and fair compensation for your medical bills, lost wages, and pain and suffering, and more.\" \/>\n<meta property=\"og:url\" content=\"https:\/\/plg-pllc.com\/es\/kent\/bus-accident-lawyer\/\" \/>\n<meta property=\"og:site_name\" content=\"Premier Law Group\" \/>\n<meta property=\"article:publisher\" content=\"https:\/\/www.facebook.com\/premierlawgroup\" \/>\n<meta property=\"article:modified_time\" content=\"2025-05-19T13:40:21+00:00\" \/>\n<meta name=\"twitter:card\" content=\"summary_large_image\" \/>\n<meta name=\"twitter:site\" content=\"@premierlawgroup\" \/>\n<meta name=\"twitter:label1\" content=\"Tiempo de lectura\" \/>\n\t<meta name=\"twitter:data1\" content=\"4 minutos\" \/>\n<script type=\"application\/ld+json\" class=\"yoast-schema-graph\">{\"@context\":\"https:\\\/\\\/schema.org\",\"@graph\":[{\"@type\":\"WebPage\",\"@id\":\"https:\\\/\\\/plg-pllc.com\\\/kent\\\/bus-accident-lawyer\\\/\",\"url\":\"https:\\\/\\\/plg-pllc.com\\\/kent\\\/bus-accident-lawyer\\\/\",\"name\":\"Bus Accident Lawyer in Kent | Free Consult\",\"isPartOf\":{\"@id\":\"https:\\\/\\\/plg-pllc.com\\\/#website\"},\"datePublished\":\"2025-05-14T05:44:33+00:00\",\"dateModified\":\"2025-05-19T13:40:21+00:00\",\"description\":\"A Kent bus accident lawyer can pursue full and fair compensation for your medical bills, lost wages, and pain and suffering, and more.\",\"breadcrumb\":{\"@id\":\"https:\\\/\\\/plg-pllc.com\\\/kent\\\/bus-accident-lawyer\\\/#breadcrumb\"},\"inLanguage\":\"es\",\"potentialAction\":[{\"@type\":\"ReadAction\",\"target\":[\"https:\\\/\\\/plg-pllc.com\\\/kent\\\/bus-accident-lawyer\\\/\"]}]},{\"@type\":\"BreadcrumbList\",\"@id\":\"https:\\\/\\\/plg-pllc.com\\\/kent\\\/bus-accident-lawyer\\\/#breadcrumb\",\"itemListElement\":[{\"@type\":\"ListItem\",\"position\":1,\"name\":\"Home\",\"item\":\"https:\\\/\\\/plg-pllc.com\\\/es\\\/\"},{\"@type\":\"ListItem\",\"position\":2,\"name\":\"Kent Personal Injury Lawyer\",\"item\":\"https:\\\/\\\/plg-pllc.com\\\/es\\\/kent\\\/personal-injury-lawyer\\\/\"},{\"@type\":\"ListItem\",\"position\":3,\"name\":\"Kent Bus Accident Lawyer\"}]},{\"@type\":\"WebSite\",\"@id\":\"https:\\\/\\\/plg-pllc.com\\\/#website\",\"url\":\"https:\\\/\\\/plg-pllc.com\\\/\",\"name\":\"Premier Law Group\",\"description\":\"Washington Wrongful Death and Serious Injury Lawyer\",\"publisher\":{\"@id\":\"https:\\\/\\\/plg-pllc.com\\\/#organization\"},\"inLanguage\":\"es\"},{\"@type\":\"Organization\",\"@id\":\"https:\\\/\\\/plg-pllc.com\\\/#organization\",\"name\":\"Premier Law Group\",\"url\":\"https:\\\/\\\/plg-pllc.com\\\/\",\"logo\":{\"@type\":\"ImageObject\",\"inLanguage\":\"es\",\"@id\":\"https:\\\/\\\/plg-pllc.com\\\/#\\\/schema\\\/logo\\\/image\\\/\",\"url\":\"https:\\\/\\\/plg-pllc.com\\\/wp-content\\\/uploads\\\/2020\\\/10\\\/plg-logo-v2.gif\",\"contentUrl\":\"https:\\\/\\\/plg-pllc.com\\\/wp-content\\\/uploads\\\/2020\\\/10\\\/plg-logo-v2.gif\",\"width\":592,\"height\":191,\"caption\":\"Premier Law Group\"},\"image\":{\"@id\":\"https:\\\/\\\/plg-pllc.com\\\/#\\\/schema\\\/logo\\\/image\\\/\"},\"sameAs\":[\"https:\\\/\\\/www.facebook.com\\\/premierlawgroup\",\"https:\\\/\\\/x.com\\\/premierlawgroup\"]}]}<\/script>\n<!-- \/ Yoast SEO plugin. -->","yoast_head_json":{"title":"Abogado de accidentes de autob\u00fas en Kent | Consulta gratuita","description":"Un abogado de accidentes de autob\u00fas de Kent puede buscar una compensaci\u00f3n completa y justa por sus facturas m\u00e9dicas, salarios perdidos, dolor y sufrimiento, y m\u00e1s.","robots":{"index":"index","follow":"follow","max-snippet":"max-snippet:-1","max-image-preview":"max-image-preview:large","max-video-preview":"max-video-preview:-1"},"canonical":"https:\/\/plg-pllc.com\/es\/kent\/bus-accident-lawyer\/","og_locale":"es_MX","og_type":"article","og_title":"Bus Accident Lawyer in Kent | Free Consult","og_description":"A Kent bus accident lawyer can pursue full and fair compensation for your medical bills, lost wages, and pain and suffering, and more.","og_url":"https:\/\/plg-pllc.com\/es\/kent\/bus-accident-lawyer\/","og_site_name":"Premier Law Group","article_publisher":"https:\/\/www.facebook.com\/premierlawgroup","article_modified_time":"2025-05-19T13:40:21+00:00","twitter_card":"summary_large_image","twitter_site":"@premierlawgroup","twitter_misc":{"Tiempo de lectura":"4 minutos"},"schema":{"@context":"https:\/\/schema.org","@graph":[{"@type":"WebPage","@id":"https:\/\/plg-pllc.com\/kent\/bus-accident-lawyer\/","url":"https:\/\/plg-pllc.com\/kent\/bus-accident-lawyer\/","name":"Abogado de accidentes de autob\u00fas en Kent | Consulta gratuita","isPartOf":{"@id":"https:\/\/plg-pllc.com\/#website"},"datePublished":"2025-05-14T05:44:33+00:00","dateModified":"2025-05-19T13:40:21+00:00","description":"Un abogado de accidentes de autob\u00fas de Kent puede buscar una compensaci\u00f3n completa y justa por sus facturas m\u00e9dicas, salarios perdidos, dolor y sufrimiento, y m\u00e1s.","breadcrumb":{"@id":"https:\/\/plg-pllc.com\/kent\/bus-accident-lawyer\/#breadcrumb"},"inLanguage":"es","potentialAction":[{"@type":"ReadAction","target":["https:\/\/plg-pllc.com\/kent\/bus-accident-lawyer\/"]}]},{"@type":"BreadcrumbList","@id":"https:\/\/plg-pllc.com\/kent\/bus-accident-lawyer\/#breadcrumb","itemListElement":[{"@type":"ListItem","position":1,"name":"Home","item":"https:\/\/plg-pllc.com\/es\/"},{"@type":"ListItem","position":2,"name":"Kent Personal Injury Lawyer","item":"https:\/\/plg-pllc.com\/es\/kent\/personal-injury-lawyer\/"},{"@type":"ListItem","position":3,"name":"Kent Bus Accident Lawyer"}]},{"@type":"WebSite","@id":"https:\/\/plg-pllc.com\/#website","url":"https:\/\/plg-pllc.com\/","name":"Grupo de abogados Premier","description":"Abogado de muerte por negligencia y lesiones graves en Washington","publisher":{"@id":"https:\/\/plg-pllc.com\/#organization"},"inLanguage":"es"},{"@type":"Organization","@id":"https:\/\/plg-pllc.com\/#organization","name":"Grupo de abogados Premier","url":"https:\/\/plg-pllc.com\/","logo":{"@type":"ImageObject","inLanguage":"es","@id":"https:\/\/plg-pllc.com\/#\/schema\/logo\/image\/","url":"https:\/\/plg-pllc.com\/wp-content\/uploads\/2020\/10\/plg-logo-v2.gif","contentUrl":"https:\/\/plg-pllc.com\/wp-content\/uploads\/2020\/10\/plg-logo-v2.gif","width":592,"height":191,"caption":"Premier Law Group"},"image":{"@id":"https:\/\/plg-pllc.com\/#\/schema\/logo\/image\/"},"sameAs":["https:\/\/www.facebook.com\/premierlawgroup","https:\/\/x.com\/premierlawgroup"]}]}},"_links":{"self":[{"href":"https:\/\/plg-pllc.com\/es\/wp-json\/wp\/v2\/pages\/21287","targetHints":{"allow":["GET"]}}],"collection":[{"href":"https:\/\/plg-pllc.com\/es\/wp-json\/wp\/v2\/pages"}],"about":[{"href":"https:\/\/plg-pllc.com\/es\/wp-json\/wp\/v2\/types\/page"}],"author":[{"embeddable":true,"href":"https:\/\/plg-pllc.com\/es\/wp-json\/wp\/v2\/users\/61"}],"replies":[{"embeddable":true,"href":"https:\/\/plg-pllc.com\/es\/wp-json\/wp\/v2\/comments?post=21287"}],"version-history":[{"count":0,"href":"https:\/\/plg-pllc.com\/es\/wp-json\/wp\/v2\/pages\/21287\/revisions"}],"up":[{"embeddable":true,"href":"https:\/\/plg-pllc.com\/es\/wp-json\/wp\/v2\/pages\/20285"}],"wp:attachment":[{"href":"https:\/\/plg-pllc.com\/es\/wp-json\/wp\/v2\/media?parent=21287"}],"wp:term":[{"taxonomy":"hc_faqs","embeddable":true,"href":"https:\/\/plg-pllc.com\/es\/wp-json\/wp\/v2\/hc_faqs?post=21287"}],"curies":[{"name":"gracias","href":"https:\/\/api.w.org\/{rel}","templated":true}]}}